{"id":91332,"date":"2023-10-29T21:10:52","date_gmt":"2023-10-29T20:10:52","guid":{"rendered":"https:\/\/swissraft.xyanzkdne.eu\/product\/heliskiing-vom-heliport-gstaad-grund-tsanfleuron-3000-m-ab-chf-660-00\/"},"modified":"2024-12-14T03:53:50","modified_gmt":"2024-12-14T02:53:50","slug":"heliskiing-heliport-gstaad-grund-zanfleuron","status":"publish","type":"product","link":"https:\/\/www.swissraft.ch\/de\/produkt\/heliskiing-heliport-gstaad-grund-zanfleuron\/","title":{"rendered":"Heliskiing ab Heliport GSTAAD-GRUND &#8211; ZANFLEURON 3000 m &#8211; Ab CHF 660.00"},"content":{"rendered":"\t\t<div data-elementor-type=\"wp-post\" data-elementor-id=\"91332\" class=\"elementor elementor-91332 elementor-49763\">\n\t\t\t\t\t\t\t\t\t<section class=\"elementor-section elementor-top-section elementor-element elementor-element-3303a7e3 elementor-section-boxed elementor-section-height-default elementor-section-height-default\" data-id=\"3303a7e3\" data-element_type=\"section\">\n\t\t\t\t\t\t<div class=\"elementor-container elementor-column-gap-default\">\n\t\t\t\t\t<div class=\"elementor-column elementor-col-100 elementor-top-column elementor-element elementor-element-16d72dbf\" data-id=\"16d72dbf\" data-element_type=\"column\">\n\t\t\t<div class=\"elementor-widget-wrap elementor-element-populated\">\n\t\t\t\t\t\t\t\t<div class=\"elementor-element elementor-element-d743c03 elementor-widget elementor-widget-text-editor\" data-id=\"d743c03\" data-element_type=\"widget\" data-widget_type=\"text-editor.default\">\n\t\t\t\t<div class=\"elementor-widget-container\">\n\t\t\t\t\t\t\t<h2>W\u00c4HLEN SIE UNTEN IHRE AKTIVIT\u00c4T AUS, UM GESCHENKGUTSCHEINE \/ TICKETS ZU VERSCHENKEN ODER ZU BUCHEN.<\/h2><table border=\"0\" width=\"580\" cellspacing=\"10\" cellpadding=\"10\"><tbody><tr><td width=\"50%\"><strong>ZANFLEURON MIT HELISKIING 3000 m &#8211; PRIVATFLUG (1-5 Pers.)<\/strong><\/td><td><strong>Ab CHF 660.<span class=\"productPrice\">00 pro Privatflug<br \/><\/span><\/strong><\/td><\/tr><tr><td>Weitere Informationen<\/td><td>&#8211; Sie haben das Flugzeug ausschlie\u00dflich f\u00fcr sich<br \/>&#8211; Sie bestimmen das Abflugdatum<br \/>&#8211; Maximal 5 Pers.<\/td><\/tr><tr><td>Heliport<\/td><td><a href=\"https:\/\/www.google.com\/maps\/place\/46%C2%B025'43.7%22N+7%C2%B016'15.8%22E\/@46.4289103,7.2665099,778m\/data=!3m1!1e3!4m4!3m3!8m2!3d46.4288056!4d7.2710556?entry=ttu\" target=\"_blank\" rel=\"noopener\">Gstaad-Grund<\/a><\/td><\/tr><tr><td>Hinweis<\/td><td>Begleitung nicht obligatorisch<\/td><\/tr><tr><td>Terminvereinbarung<\/td><td>Per Telefon<\/td><\/tr><tr><td><a href=\"https:\/\/swissraft.outdoorbooking.ch\/fo\/products\/618?base_id=123&amp;category_id=6&amp;order_type=gift_voucher&amp;lang=de\" target=\"_blank\" rel=\"noopener\"><button class=\"elementor-button\" type=\"button\">GUTSCHEIN KAUFEN<\/button><\/a><\/td><td><strong>CHF 660.00 &#8211; (1-3 Pers.)<\/strong><\/td><\/tr><tr><td><a href=\"https:\/\/swissraft.outdoorbooking.ch\/fo\/products\/614?base_id=144&amp;category_id=6&amp;order_type=gift_voucher&amp;lang=de\" target=\"_blank\" rel=\"noopener\"><button class=\"elementor-button\" type=\"button\">GUTSCHEIN KAUFEN<\/button><\/a><\/td><td><strong>CHF 880.00 &#8211; (4 Pers.)<\/strong><\/td><\/tr><tr><td><button class=\"elementor-button\" type=\"button\"><a href=\"https:\/\/swissraft.outdoorbooking.ch\/fo\/products\/615?base_id=144&amp;category_id=6&amp;order_type=gift_voucher&amp;lang=de\" target=\"_blank\" rel=\"noopener\">GUTSCHEIN KAUFEN<\/a><\/button><\/td><td><strong>CHF 1&#8217;100.00 &#8211; (5 Pers.)<\/strong><\/td><\/tr><tr><td>\u00a0<\/td><td>Um zu buchen : <span class=\"patt\" style=\"font-family: inherit; font-size: inherit;\"><span class=\"plbl\"><span class=\"patt\"><a href=\"https:\/\/www.swissraft.ch\/de\/kontakt\/\">Kontaktieren Sie uns<\/a><\/span><\/span><\/span><\/td><\/tr><\/tbody><\/table>\t\t\t\t\t\t<\/div>\n\t\t\t\t<\/div>\n\t\t\t\t\t<\/div>\n\t\t<\/div>\n\t\t\t\t\t\t\t<\/div>\n\t\t<\/section>\n\t\t\t\t\t\t\t<\/div>\n\t\t","protected":false},"excerpt":{"rendered":"<div align=\"justify\">\n<h2 align=\"justify\">Sie haben schon lange davon getr\u00e4umt, den 3000 m hohen Zanfleuron hinunterzufliegen. Machen Sie sich die Freude und fliegen Sie mit unserem Hubschrauber. Er bringt Sie mit Ihrer gesamten Ausr\u00fcstung im Nu auf den Gipfel des Zanfleuron.<\/h2>\n<h3>Unser Hubschrauber Ecureuil B3 transportiert bis zu 5 Passagiere f\u00fcr dieses Abenteuer auf dem Gipfel des Zanfleuron.<\/h3>\n<\/div>\n<p>Sie fahren in Gstaad-Grund ab, nachdem Sie Ihre gesamte Ausr\u00fcstung f\u00fcr diesen Skitag geladen haben. Wir steigen schnell auf 3000 m H\u00f6he, um dann unseren Helikopterlandeplatz auf dem Gipfel des Zanfleuron zu erreichen. Sie laden Ihre Skier und Ihre Ausr\u00fcstung aus. Sie schnallen sich die Skier an und beginnen Ihre Abfahrt auf dem ewigen Schnee.<\/p>\n<h3>Auf dieser Seite stellen wir Ihnen 12 Gipfel vor, auf denen Sie sicher und erlaubt Heliskiing betreiben k\u00f6nnen.<\/h3>\n<p id=\"textarea\" style=\"display: none;\">\nIm Wallis bieten wir Ihnen mehrere Gipfel an, die vom Flughafen Sitten im Wallis aus starten. Auch in Liechtenstein bieten wir mehrere Ziele f\u00fcr Heliskiing vom Heliport Balzers aus an.\n<\/p>\n<p><a id=\"seeMore\" onclick=\"toggleSeeMore()\" href=\"javascript:void(0);\">Lesen Sie mehr<\/a><\/p>\n","protected":false},"featured_media":87688,"comment_status":"open","ping_status":"closed","template":"","meta":{"inline_featured_image":false,"_mi_skip_tracking":false},"product_cat":[289,290],"product_tag":[],"class_list":["post-91332","product","type-product","status-publish","has-post-thumbnail","hentry","product_cat-heliskiing-in-der-schweiz","product_cat-heliskiing-gstaad-grund"],"yoast_head":"<!-- This site is optimized with the Yoast SEO plugin v23.6 - https:\/\/yoast.com\/wordpress\/plugins\/seo\/ -->\n<title>Zanfleuron mit Heliskiing-heliport-gstaad-grund-zanfleuron<\/title>\n<meta name=\"description\" content=\"Zanfleuron mit Heliskiing ab Gstaad-Grund erreichen Sie den Zanfleuron in weniger Zeit. Sie fahren in v\u00f6lliger Freiheit abseits der Pisten.\" \/>\n<meta name=\"robots\" content=\"index, follow, max-snippet:-1, max-image-preview:large, max-video-preview:-1\" \/>\n<link rel=\"canonical\" href=\"https:\/\/www.swissraft.ch\/de\/produkt\/heliskiing-heliport-gstaad-grund-zanfleuron\/\" \/>\n<meta property=\"og:locale\" content=\"de_DE\" \/>\n<meta property=\"og:type\" content=\"article\" \/>\n<meta property=\"og:title\" content=\"Zanfleuron mit Heliskiing-heliport-gstaad-grund-zanfleuron\" \/>\n<meta property=\"og:description\" content=\"Zanfleuron mit Heliskiing ab Gstaad-Grund erreichen Sie den Zanfleuron in weniger Zeit. Sie fahren in v\u00f6lliger Freiheit abseits der Pisten.\" \/>\n<meta property=\"og:url\" content=\"https:\/\/www.swissraft.ch\/de\/produkt\/heliskiing-heliport-gstaad-grund-zanfleuron\/\" \/>\n<meta property=\"og:site_name\" content=\"Swissraft\" \/>\n<meta property=\"article:modified_time\" content=\"2024-12-14T02:53:50+00:00\" \/>\n<meta property=\"og:image\" content=\"https:\/\/www.swissraft.ch\/wp-content\/uploads\/2023\/10\/5-Zanfleuron-776x776-1.jpg\" \/>\n\t<meta property=\"og:image:width\" content=\"776\" \/>\n\t<meta property=\"og:image:height\" content=\"776\" \/>\n\t<meta property=\"og:image:type\" content=\"image\/jpeg\" \/>\n<meta name=\"twitter:card\" content=\"summary_large_image\" \/>\n<meta name=\"twitter:label1\" content=\"Gesch\u00e4tzte Lesezeit\" \/>\n\t<meta name=\"twitter:data1\" content=\"1\u00a0Minute\" \/>\n<script type=\"application\/ld+json\" class=\"yoast-schema-graph\">{\"@context\":\"https:\/\/schema.org\",\"@graph\":[{\"@type\":\"WebPage\",\"@id\":\"https:\/\/www.swissraft.ch\/de\/produkt\/heliskiing-heliport-gstaad-grund-zanfleuron\/\",\"url\":\"https:\/\/www.swissraft.ch\/de\/produkt\/heliskiing-heliport-gstaad-grund-zanfleuron\/\",\"name\":\"Zanfleuron mit Heliskiing-heliport-gstaad-grund-zanfleuron\",\"isPartOf\":{\"@id\":\"https:\/\/www.swissraft.ch\/de\/#website\"},\"primaryImageOfPage\":{\"@id\":\"https:\/\/www.swissraft.ch\/de\/produkt\/heliskiing-heliport-gstaad-grund-zanfleuron\/#primaryimage\"},\"image\":{\"@id\":\"https:\/\/www.swissraft.ch\/de\/produkt\/heliskiing-heliport-gstaad-grund-zanfleuron\/#primaryimage\"},\"thumbnailUrl\":\"https:\/\/www.swissraft.ch\/wp-content\/uploads\/2023\/10\/5-Zanfleuron-776x776-1.jpg\",\"datePublished\":\"2023-10-29T20:10:52+00:00\",\"dateModified\":\"2024-12-14T02:53:50+00:00\",\"description\":\"Zanfleuron mit Heliskiing ab Gstaad-Grund erreichen Sie den Zanfleuron in weniger Zeit. Sie fahren in v\u00f6lliger Freiheit abseits der Pisten.\",\"breadcrumb\":{\"@id\":\"https:\/\/www.swissraft.ch\/de\/produkt\/heliskiing-heliport-gstaad-grund-zanfleuron\/#breadcrumb\"},\"inLanguage\":\"de\",\"potentialAction\":[{\"@type\":\"ReadAction\",\"target\":[\"https:\/\/www.swissraft.ch\/de\/produkt\/heliskiing-heliport-gstaad-grund-zanfleuron\/\"]}]},{\"@type\":\"ImageObject\",\"inLanguage\":\"de\",\"@id\":\"https:\/\/www.swissraft.ch\/de\/produkt\/heliskiing-heliport-gstaad-grund-zanfleuron\/#primaryimage\",\"url\":\"https:\/\/www.swissraft.ch\/wp-content\/uploads\/2023\/10\/5-Zanfleuron-776x776-1.jpg\",\"contentUrl\":\"https:\/\/www.swissraft.ch\/wp-content\/uploads\/2023\/10\/5-Zanfleuron-776x776-1.jpg\",\"width\":776,\"height\":776,\"caption\":\"Von Gstaad-Grund mit dem Heliski nach Zanfleuron\"},{\"@type\":\"BreadcrumbList\",\"@id\":\"https:\/\/www.swissraft.ch\/de\/produkt\/heliskiing-heliport-gstaad-grund-zanfleuron\/#breadcrumb\",\"itemListElement\":[{\"@type\":\"ListItem\",\"position\":1,\"name\":\"Accueil\",\"item\":\"https:\/\/www.swissraft.ch\/de\/\"},{\"@type\":\"ListItem\",\"position\":2,\"name\":\"Shop\",\"item\":\"https:\/\/www.swissraft.ch\/de\/shop\/\"},{\"@type\":\"ListItem\",\"position\":3,\"name\":\"Heliskiing ab Heliport GSTAAD-GRUND &#8211; ZANFLEURON 3000 m &#8211; Ab CHF 660.00\"}]},{\"@type\":\"WebSite\",\"@id\":\"https:\/\/www.swissraft.ch\/de\/#website\",\"url\":\"https:\/\/www.swissraft.ch\/de\/\",\"name\":\"Swissraft\",\"description\":\"To enjoy nature as it is\",\"publisher\":{\"@id\":\"https:\/\/www.swissraft.ch\/de\/#organization\"},\"potentialAction\":[{\"@type\":\"SearchAction\",\"target\":{\"@type\":\"EntryPoint\",\"urlTemplate\":\"https:\/\/www.swissraft.ch\/de\/?s={search_term_string}\"},\"query-input\":{\"@type\":\"PropertyValueSpecification\",\"valueRequired\":true,\"valueName\":\"search_term_string\"}}],\"inLanguage\":\"de\"},{\"@type\":\"Organization\",\"@id\":\"https:\/\/www.swissraft.ch\/de\/#organization\",\"name\":\"Swissraft\",\"url\":\"https:\/\/www.swissraft.ch\/de\/\",\"logo\":{\"@type\":\"ImageObject\",\"inLanguage\":\"de\",\"@id\":\"https:\/\/www.swissraft.ch\/de\/#\/schema\/logo\/image\/\",\"url\":\"https:\/\/www.swissraft.ch\/wp-content\/uploads\/2025\/09\/Capture.jpg\",\"contentUrl\":\"https:\/\/www.swissraft.ch\/wp-content\/uploads\/2025\/09\/Capture.jpg\",\"width\":293,\"height\":108,\"caption\":\"Swissraft\"},\"image\":{\"@id\":\"https:\/\/www.swissraft.ch\/de\/#\/schema\/logo\/image\/\"}}]}<\/script>\n<!-- \/ Yoast SEO plugin. -->","yoast_head_json":{"title":"Zanfleuron mit Heliskiing-heliport-gstaad-grund-zanfleuron","description":"Zanfleuron mit Heliskiing ab Gstaad-Grund erreichen Sie den Zanfleuron in weniger Zeit. Sie fahren in v\u00f6lliger Freiheit abseits der Pisten.","robots":{"index":"index","follow":"follow","max-snippet":"max-snippet:-1","max-image-preview":"max-image-preview:large","max-video-preview":"max-video-preview:-1"},"canonical":"https:\/\/www.swissraft.ch\/de\/produkt\/heliskiing-heliport-gstaad-grund-zanfleuron\/","og_locale":"de_DE","og_type":"article","og_title":"Zanfleuron mit Heliskiing-heliport-gstaad-grund-zanfleuron","og_description":"Zanfleuron mit Heliskiing ab Gstaad-Grund erreichen Sie den Zanfleuron in weniger Zeit. Sie fahren in v\u00f6lliger Freiheit abseits der Pisten.","og_url":"https:\/\/www.swissraft.ch\/de\/produkt\/heliskiing-heliport-gstaad-grund-zanfleuron\/","og_site_name":"Swissraft","article_modified_time":"2024-12-14T02:53:50+00:00","og_image":[{"width":776,"height":776,"url":"https:\/\/www.swissraft.ch\/wp-content\/uploads\/2023\/10\/5-Zanfleuron-776x776-1.jpg","type":"image\/jpeg"}],"twitter_card":"summary_large_image","twitter_misc":{"Gesch\u00e4tzte Lesezeit":"1\u00a0Minute"},"schema":{"@context":"https:\/\/schema.org","@graph":[{"@type":"WebPage","@id":"https:\/\/www.swissraft.ch\/de\/produkt\/heliskiing-heliport-gstaad-grund-zanfleuron\/","url":"https:\/\/www.swissraft.ch\/de\/produkt\/heliskiing-heliport-gstaad-grund-zanfleuron\/","name":"Zanfleuron mit Heliskiing-heliport-gstaad-grund-zanfleuron","isPartOf":{"@id":"https:\/\/www.swissraft.ch\/de\/#website"},"primaryImageOfPage":{"@id":"https:\/\/www.swissraft.ch\/de\/produkt\/heliskiing-heliport-gstaad-grund-zanfleuron\/#primaryimage"},"image":{"@id":"https:\/\/www.swissraft.ch\/de\/produkt\/heliskiing-heliport-gstaad-grund-zanfleuron\/#primaryimage"},"thumbnailUrl":"https:\/\/www.swissraft.ch\/wp-content\/uploads\/2023\/10\/5-Zanfleuron-776x776-1.jpg","datePublished":"2023-10-29T20:10:52+00:00","dateModified":"2024-12-14T02:53:50+00:00","description":"Zanfleuron mit Heliskiing ab Gstaad-Grund erreichen Sie den Zanfleuron in weniger Zeit. Sie fahren in v\u00f6lliger Freiheit abseits der Pisten.","breadcrumb":{"@id":"https:\/\/www.swissraft.ch\/de\/produkt\/heliskiing-heliport-gstaad-grund-zanfleuron\/#breadcrumb"},"inLanguage":"de","potentialAction":[{"@type":"ReadAction","target":["https:\/\/www.swissraft.ch\/de\/produkt\/heliskiing-heliport-gstaad-grund-zanfleuron\/"]}]},{"@type":"ImageObject","inLanguage":"de","@id":"https:\/\/www.swissraft.ch\/de\/produkt\/heliskiing-heliport-gstaad-grund-zanfleuron\/#primaryimage","url":"https:\/\/www.swissraft.ch\/wp-content\/uploads\/2023\/10\/5-Zanfleuron-776x776-1.jpg","contentUrl":"https:\/\/www.swissraft.ch\/wp-content\/uploads\/2023\/10\/5-Zanfleuron-776x776-1.jpg","width":776,"height":776,"caption":"Von Gstaad-Grund mit dem Heliski nach Zanfleuron"},{"@type":"BreadcrumbList","@id":"https:\/\/www.swissraft.ch\/de\/produkt\/heliskiing-heliport-gstaad-grund-zanfleuron\/#breadcrumb","itemListElement":[{"@type":"ListItem","position":1,"name":"Accueil","item":"https:\/\/www.swissraft.ch\/de\/"},{"@type":"ListItem","position":2,"name":"Shop","item":"https:\/\/www.swissraft.ch\/de\/shop\/"},{"@type":"ListItem","position":3,"name":"Heliskiing ab Heliport GSTAAD-GRUND &#8211; ZANFLEURON 3000 m &#8211; Ab CHF 660.00"}]},{"@type":"WebSite","@id":"https:\/\/www.swissraft.ch\/de\/#website","url":"https:\/\/www.swissraft.ch\/de\/","name":"Swissraft","description":"To enjoy nature as it is","publisher":{"@id":"https:\/\/www.swissraft.ch\/de\/#organization"},"potentialAction":[{"@type":"SearchAction","target":{"@type":"EntryPoint","urlTemplate":"https:\/\/www.swissraft.ch\/de\/?s={search_term_string}"},"query-input":{"@type":"PropertyValueSpecification","valueRequired":true,"valueName":"search_term_string"}}],"inLanguage":"de"},{"@type":"Organization","@id":"https:\/\/www.swissraft.ch\/de\/#organization","name":"Swissraft","url":"https:\/\/www.swissraft.ch\/de\/","logo":{"@type":"ImageObject","inLanguage":"de","@id":"https:\/\/www.swissraft.ch\/de\/#\/schema\/logo\/image\/","url":"https:\/\/www.swissraft.ch\/wp-content\/uploads\/2025\/09\/Capture.jpg","contentUrl":"https:\/\/www.swissraft.ch\/wp-content\/uploads\/2025\/09\/Capture.jpg","width":293,"height":108,"caption":"Swissraft"},"image":{"@id":"https:\/\/www.swissraft.ch\/de\/#\/schema\/logo\/image\/"}}]}},"_links":{"self":[{"href":"https:\/\/www.swissraft.ch\/de\/wp-json\/wp\/v2\/product\/91332","targetHints":{"allow":["GET"]}}],"collection":[{"href":"https:\/\/www.swissraft.ch\/de\/wp-json\/wp\/v2\/product"}],"about":[{"href":"https:\/\/www.swissraft.ch\/de\/wp-json\/wp\/v2\/types\/product"}],"replies":[{"embeddable":true,"href":"https:\/\/www.swissraft.ch\/de\/wp-json\/wp\/v2\/comments?post=91332"}],"version-history":[{"count":0,"href":"https:\/\/www.swissraft.ch\/de\/wp-json\/wp\/v2\/product\/91332\/revisions"}],"wp:featuredmedia":[{"embeddable":true,"href":"https:\/\/www.swissraft.ch\/de\/wp-json\/wp\/v2\/media\/87688"}],"wp:attachment":[{"href":"https:\/\/www.swissraft.ch\/de\/wp-json\/wp\/v2\/media?parent=91332"}],"wp:term":[{"taxonomy":"product_cat","embeddable":true,"href":"https:\/\/www.swissraft.ch\/de\/wp-json\/wp\/v2\/product_cat?post=91332"},{"taxonomy":"product_tag","embeddable":true,"href":"https:\/\/www.swissraft.ch\/de\/wp-json\/wp\/v2\/product_tag?post=91332"}],"curies":[{"name":"wp","href":"https:\/\/api.w.org\/{rel}","templated":true}]}}