{"id":91329,"date":"2023-10-29T01:51:02","date_gmt":"2023-10-28T23:51:02","guid":{"rendered":"https:\/\/swissraft.xyanzkdne.eu\/product\/heliskiing-ab-dem-heliport-gstaad-grund-wildhorn-3000-m-ab-chf-660-00\/"},"modified":"2024-12-14T03:35:56","modified_gmt":"2024-12-14T02:35:56","slug":"heliskiing-heliport-gstaad-grund-wildhorn","status":"publish","type":"product","link":"https:\/\/www.swissraft.ch\/de\/produkt\/heliskiing-heliport-gstaad-grund-wildhorn\/","title":{"rendered":"Heliskiing ab dem Heliport GSTAAD-GRUND &#8211; WILDHORN 3000 m &#8211; Ab CHF 660.00"},"content":{"rendered":"\t\t<div data-elementor-type=\"wp-post\" data-elementor-id=\"91329\" class=\"elementor elementor-91329 elementor-49751\">\n\t\t\t\t\t\t\t\t\t<section class=\"elementor-section elementor-top-section elementor-element elementor-element-3303a7e3 elementor-section-boxed elementor-section-height-default elementor-section-height-default\" data-id=\"3303a7e3\" data-element_type=\"section\">\n\t\t\t\t\t\t<div class=\"elementor-container elementor-column-gap-default\">\n\t\t\t\t\t<div class=\"elementor-column elementor-col-100 elementor-top-column elementor-element elementor-element-16d72dbf\" data-id=\"16d72dbf\" data-element_type=\"column\">\n\t\t\t<div class=\"elementor-widget-wrap elementor-element-populated\">\n\t\t\t\t\t\t\t\t<div class=\"elementor-element elementor-element-d743c03 elementor-widget elementor-widget-text-editor\" data-id=\"d743c03\" data-element_type=\"widget\" data-widget_type=\"text-editor.default\">\n\t\t\t\t<div class=\"elementor-widget-container\">\n\t\t\t\t\t\t\t<h2>W\u00c4HLEN SIE UNTEN IHRE AKTIVIT\u00c4T AUS, UM GESCHENKGUTSCHEINE \/ TICKETS ZU VERSCHENKEN ODER ZU BUCHEN.<\/h2><table border=\"0\" width=\"580\" cellspacing=\"10\" cellpadding=\"10\"><tbody><tr><td width=\"50%\"><strong>WILDHORN MIT HELISKIING 3000 m &#8211; PRIVATFLUG (1-4 Pers. + 1 Bergf\u00fchrer)<\/strong><\/td><td><strong>Ab CHF <span class=\"productPrice\">660.00 pro Privatflug<\/span><\/strong><\/td><\/tr><tr><td>Weitere Informationen<\/td><td>&#8211; Sie haben das Flugzeug ausschlie\u00dflich f\u00fcr sich<br \/>&#8211; Sie bestimmen das Datum und die Uhrzeit des Abflugs<br \/>&#8211; Maximal 4 Pers.<br \/><span class=\"patt\">&#8211; Der Bergf\u00fchrer ist nicht im Preis inbegriffen<\/span>.<\/td><\/tr><tr><td>Heliport<\/td><td><a href=\"https:\/\/www.google.com\/maps\/place\/46%C2%B025'43.7%22N+7%C2%B016'15.8%22E\/@46.4289103,7.2665099,778m\/data=!3m1!1e3!4m4!3m3!8m2!3d46.4288056!4d7.2710556?entry=ttu\" target=\"_blank\" rel=\"noopener\">Gstaad-Grund<\/a><\/td><\/tr><tr><td>Hinweis<\/td><td>Bergf\u00fchrer erforderlich<\/td><\/tr><tr><td>Terminvereinbarung<\/td><td>Per Telefon<\/td><\/tr><tr><td><button class=\"elementor-button\" type=\"button\"><a href=\"https:\/\/swissraft.outdoorbooking.ch\/fo\/products\/gift_vouchers?base_id=123&amp;category_id=36&amp;id=617&amp;lang=de\" target=\"_blank\" rel=\"noopener\">GUTSCHEIN KAUFEN<\/a><\/button><\/td><td><strong>CHF 660.00 (1-2 Pers. + 1)<\/strong><\/td><\/tr><tr><td><button class=\"elementor-button\" type=\"button\"><a href=\"https:\/\/swissraft.outdoorbooking.ch\/fo\/products\/gift_vouchers?base_id=144&amp;category_id=6&amp;id=2108&amp;lang=de\" target=\"_blank\" rel=\"noopener\">GUTSCHEIN KAUFEN<\/a><\/button><\/td><td><strong>CHF 880.00 (3 Pers. + 1)<\/strong><\/td><\/tr><tr><td><button class=\"elementor-button\" type=\"button\"><a href=\"https:\/\/swissraft.outdoorbooking.ch\/fo\/products\/613?base_id=144&amp;category_id=6&amp;order_type=gift_voucher&amp;lang=de\" target=\"_blank\" rel=\"noopener\">GUTSCHEIN KAUFEN<\/a><\/button><\/td><td><strong>CHF 1&#8217;100.00 (4 Pers. + 1)<\/strong><\/td><\/tr><tr><td>\u00a0<\/td><td>Um zu buchen : <span class=\"patt\" style=\"font-family: inherit; font-size: inherit;\"><span class=\"plbl\"><span class=\"patt\"><a href=\"https:\/\/www.swissraft.ch\/de\/kontakt\/\">Kontaktieren Sie uns<\/a><\/span><\/span><\/span><\/td><\/tr><\/tbody><\/table>\t\t\t\t\t\t<\/div>\n\t\t\t\t<\/div>\n\t\t\t\t\t<\/div>\n\t\t<\/div>\n\t\t\t\t\t\t\t<\/div>\n\t\t<\/section>\n\t\t\t\t<section class=\"elementor-section elementor-top-section elementor-element elementor-element-18ee5f3 elementor-section-boxed elementor-section-height-default elementor-section-height-default\" data-id=\"18ee5f3\" data-element_type=\"section\">\n\t\t\t\t\t\t<div class=\"elementor-container elementor-column-gap-default\">\n\t\t\t\t\t<div class=\"elementor-column elementor-col-100 elementor-top-column elementor-element elementor-element-9a8508b\" data-id=\"9a8508b\" data-element_type=\"column\">\n\t\t\t<div class=\"elementor-widget-wrap elementor-element-populated\">\n\t\t\t\t\t\t\t\t<div class=\"elementor-element elementor-element-95d6ec7 elementor-widget elementor-widget-text-editor\" data-id=\"95d6ec7\" data-element_type=\"widget\" data-widget_type=\"text-editor.default\">\n\t\t\t\t<div class=\"elementor-widget-container\">\n\t\t\t\t\t\t\t<h2>W\u00c4HLEN SIE UNTEN IHRE AKTIVIT\u00c4T AUS, UM GESCHENKGUTSCHEINE \/ TICKETS ZU VERSCHENKEN ODER ZU BUCHEN.<\/h2>\n\t\t\t\t\t\t<\/div>\n\t\t\t\t<\/div>\n\t\t\t\t\t<\/div>\n\t\t<\/div>\n\t\t\t\t\t\t\t<\/div>\n\t\t<\/section>\n\t\t\t\t\t\t\t<\/div>\n\t\t","protected":false},"excerpt":{"rendered":"<div align=\"justify\">\n<h2 align=\"justify\">Sie fahren mit Skiern und abseits der Piste vom Gipfel des Wildhorns ab dem Heliport Gstaad-Grund ab<\/h2>\n<h3>Schnell und sicher sind Sie in weniger als 20 Minuten auf dem Gipfel des Wildhorns.<\/h3>\n<\/div>\n<p>Vom Heliport Gstaad-Grund aus fliegen Sie \u00fcber die umliegenden Gipfel, bevor Sie Ihr Ziel, das Wildhorn auf 3000 m H\u00f6he, erreichen. Sie sind frisch und ausgeruht, um den Abstieg \u00fcber die makellosen H\u00e4nge des Wildhorns in Angriff zu nehmen. Genie\u00dfen Sie Ihren Skitag abseits der Pisten inmitten des gro\u00dfen alpinen Zirkus des Berner Oberlandes. Kein Zwang mehr mit endlosen Wartezeiten an den Abfahrten der Skilifte.<\/p>\n<h3>Obwohl das Heliskiing begrenzt ist, bieten wir Ihnen nicht weniger als 12 Gipfel f\u00fcr Heliskiing abseits der Pisten.<\/h3>\n<p id=\"textarea\" style=\"display: none;\">Im Wallis bieten wir Ihnen mehrere Gipfel an, die vom Flughafen Sion aus starten. Auch in Liechtenstein bieten wir mehrere Ziele f\u00fcr Heliskiing vom Heliport Balzers aus an.<\/p>\n<p><a id=\"seeMore\"><\/a>Lesen Sie mehr<\/p>\n","protected":false},"featured_media":87739,"comment_status":"open","ping_status":"closed","template":"","meta":{"inline_featured_image":false,"_mi_skip_tracking":false},"product_cat":[289,290],"product_tag":[],"class_list":["post-91329","product","type-product","status-publish","has-post-thumbnail","hentry","product_cat-heliskiing-in-der-schweiz","product_cat-heliskiing-gstaad-grund"],"yoast_head":"<!-- This site is optimized with the Yoast SEO plugin v23.6 - https:\/\/yoast.com\/wordpress\/plugins\/seo\/ -->\n<title>Wildhorn mit Heliskiing ab Gstaad-Grund mit unserem Helikopter<\/title>\n<meta name=\"description\" content=\"Wildhorn mit Heliskiing von Gstaad-Grund mit unserem Helikopter erreichen Sie die h\u00f6chsten Gipfel in wenigen Minuten, um im Pulverschnee Ski zu fahren.\" \/>\n<meta name=\"robots\" content=\"index, follow, max-snippet:-1, max-image-preview:large, max-video-preview:-1\" \/>\n<link rel=\"canonical\" href=\"https:\/\/www.swissraft.ch\/de\/produkt\/heliskiing-heliport-gstaad-grund-wildhorn\/\" \/>\n<meta property=\"og:locale\" content=\"de_DE\" \/>\n<meta property=\"og:type\" content=\"article\" \/>\n<meta property=\"og:title\" content=\"Wildhorn mit Heliskiing ab Gstaad-Grund mit unserem Helikopter\" \/>\n<meta property=\"og:description\" content=\"Wildhorn mit Heliskiing von Gstaad-Grund mit unserem Helikopter erreichen Sie die h\u00f6chsten Gipfel in wenigen Minuten, um im Pulverschnee Ski zu fahren.\" \/>\n<meta property=\"og:url\" content=\"https:\/\/www.swissraft.ch\/de\/produkt\/heliskiing-heliport-gstaad-grund-wildhorn\/\" \/>\n<meta property=\"og:site_name\" content=\"Swissraft\" \/>\n<meta property=\"article:modified_time\" content=\"2024-12-14T02:35:56+00:00\" \/>\n<meta property=\"og:image\" content=\"https:\/\/www.swissraft.ch\/wp-content\/uploads\/2023\/10\/4-Wildhorn-776x776-1.jpg\" \/>\n\t<meta property=\"og:image:width\" content=\"776\" \/>\n\t<meta property=\"og:image:height\" content=\"776\" \/>\n\t<meta property=\"og:image:type\" content=\"image\/jpeg\" \/>\n<meta name=\"twitter:card\" content=\"summary_large_image\" \/>\n<meta name=\"twitter:label1\" content=\"Gesch\u00e4tzte Lesezeit\" \/>\n\t<meta name=\"twitter:data1\" content=\"1\u00a0Minute\" \/>\n<script type=\"application\/ld+json\" class=\"yoast-schema-graph\">{\"@context\":\"https:\/\/schema.org\",\"@graph\":[{\"@type\":\"WebPage\",\"@id\":\"https:\/\/www.swissraft.ch\/de\/produkt\/heliskiing-heliport-gstaad-grund-wildhorn\/\",\"url\":\"https:\/\/www.swissraft.ch\/de\/produkt\/heliskiing-heliport-gstaad-grund-wildhorn\/\",\"name\":\"Wildhorn mit Heliskiing ab Gstaad-Grund mit unserem Helikopter\",\"isPartOf\":{\"@id\":\"https:\/\/www.swissraft.ch\/de\/#website\"},\"primaryImageOfPage\":{\"@id\":\"https:\/\/www.swissraft.ch\/de\/produkt\/heliskiing-heliport-gstaad-grund-wildhorn\/#primaryimage\"},\"image\":{\"@id\":\"https:\/\/www.swissraft.ch\/de\/produkt\/heliskiing-heliport-gstaad-grund-wildhorn\/#primaryimage\"},\"thumbnailUrl\":\"https:\/\/www.swissraft.ch\/wp-content\/uploads\/2023\/10\/4-Wildhorn-776x776-1.jpg\",\"datePublished\":\"2023-10-28T23:51:02+00:00\",\"dateModified\":\"2024-12-14T02:35:56+00:00\",\"description\":\"Wildhorn mit Heliskiing von Gstaad-Grund mit unserem Helikopter erreichen Sie die h\u00f6chsten Gipfel in wenigen Minuten, um im Pulverschnee Ski zu fahren.\",\"breadcrumb\":{\"@id\":\"https:\/\/www.swissraft.ch\/de\/produkt\/heliskiing-heliport-gstaad-grund-wildhorn\/#breadcrumb\"},\"inLanguage\":\"de\",\"potentialAction\":[{\"@type\":\"ReadAction\",\"target\":[\"https:\/\/www.swissraft.ch\/de\/produkt\/heliskiing-heliport-gstaad-grund-wildhorn\/\"]}]},{\"@type\":\"ImageObject\",\"inLanguage\":\"de\",\"@id\":\"https:\/\/www.swissraft.ch\/de\/produkt\/heliskiing-heliport-gstaad-grund-wildhorn\/#primaryimage\",\"url\":\"https:\/\/www.swissraft.ch\/wp-content\/uploads\/2023\/10\/4-Wildhorn-776x776-1.jpg\",\"contentUrl\":\"https:\/\/www.swissraft.ch\/wp-content\/uploads\/2023\/10\/4-Wildhorn-776x776-1.jpg\",\"width\":776,\"height\":776,\"caption\":\"Heliskiing zum Wildhorn von Gstaad-Grund aus\"},{\"@type\":\"BreadcrumbList\",\"@id\":\"https:\/\/www.swissraft.ch\/de\/produkt\/heliskiing-heliport-gstaad-grund-wildhorn\/#breadcrumb\",\"itemListElement\":[{\"@type\":\"ListItem\",\"position\":1,\"name\":\"Accueil\",\"item\":\"https:\/\/www.swissraft.ch\/de\/\"},{\"@type\":\"ListItem\",\"position\":2,\"name\":\"Shop\",\"item\":\"https:\/\/www.swissraft.ch\/de\/shop\/\"},{\"@type\":\"ListItem\",\"position\":3,\"name\":\"Heliskiing ab dem Heliport GSTAAD-GRUND &#8211; WILDHORN 3000 m &#8211; Ab CHF 660.00\"}]},{\"@type\":\"WebSite\",\"@id\":\"https:\/\/www.swissraft.ch\/de\/#website\",\"url\":\"https:\/\/www.swissraft.ch\/de\/\",\"name\":\"Swissraft\",\"description\":\"To enjoy nature as it is\",\"publisher\":{\"@id\":\"https:\/\/www.swissraft.ch\/de\/#organization\"},\"potentialAction\":[{\"@type\":\"SearchAction\",\"target\":{\"@type\":\"EntryPoint\",\"urlTemplate\":\"https:\/\/www.swissraft.ch\/de\/?s={search_term_string}\"},\"query-input\":{\"@type\":\"PropertyValueSpecification\",\"valueRequired\":true,\"valueName\":\"search_term_string\"}}],\"inLanguage\":\"de\"},{\"@type\":\"Organization\",\"@id\":\"https:\/\/www.swissraft.ch\/de\/#organization\",\"name\":\"Swissraft\",\"url\":\"https:\/\/www.swissraft.ch\/de\/\",\"logo\":{\"@type\":\"ImageObject\",\"inLanguage\":\"de\",\"@id\":\"https:\/\/www.swissraft.ch\/de\/#\/schema\/logo\/image\/\",\"url\":\"https:\/\/www.swissraft.ch\/wp-content\/uploads\/2025\/09\/Capture.jpg\",\"contentUrl\":\"https:\/\/www.swissraft.ch\/wp-content\/uploads\/2025\/09\/Capture.jpg\",\"width\":293,\"height\":108,\"caption\":\"Swissraft\"},\"image\":{\"@id\":\"https:\/\/www.swissraft.ch\/de\/#\/schema\/logo\/image\/\"}}]}<\/script>\n<!-- \/ Yoast SEO plugin. -->","yoast_head_json":{"title":"Wildhorn mit Heliskiing ab Gstaad-Grund mit unserem Helikopter","description":"Wildhorn mit Heliskiing von Gstaad-Grund mit unserem Helikopter erreichen Sie die h\u00f6chsten Gipfel in wenigen Minuten, um im Pulverschnee Ski zu fahren.","robots":{"index":"index","follow":"follow","max-snippet":"max-snippet:-1","max-image-preview":"max-image-preview:large","max-video-preview":"max-video-preview:-1"},"canonical":"https:\/\/www.swissraft.ch\/de\/produkt\/heliskiing-heliport-gstaad-grund-wildhorn\/","og_locale":"de_DE","og_type":"article","og_title":"Wildhorn mit Heliskiing ab Gstaad-Grund mit unserem Helikopter","og_description":"Wildhorn mit Heliskiing von Gstaad-Grund mit unserem Helikopter erreichen Sie die h\u00f6chsten Gipfel in wenigen Minuten, um im Pulverschnee Ski zu fahren.","og_url":"https:\/\/www.swissraft.ch\/de\/produkt\/heliskiing-heliport-gstaad-grund-wildhorn\/","og_site_name":"Swissraft","article_modified_time":"2024-12-14T02:35:56+00:00","og_image":[{"width":776,"height":776,"url":"https:\/\/www.swissraft.ch\/wp-content\/uploads\/2023\/10\/4-Wildhorn-776x776-1.jpg","type":"image\/jpeg"}],"twitter_card":"summary_large_image","twitter_misc":{"Gesch\u00e4tzte Lesezeit":"1\u00a0Minute"},"schema":{"@context":"https:\/\/schema.org","@graph":[{"@type":"WebPage","@id":"https:\/\/www.swissraft.ch\/de\/produkt\/heliskiing-heliport-gstaad-grund-wildhorn\/","url":"https:\/\/www.swissraft.ch\/de\/produkt\/heliskiing-heliport-gstaad-grund-wildhorn\/","name":"Wildhorn mit Heliskiing ab Gstaad-Grund mit unserem Helikopter","isPartOf":{"@id":"https:\/\/www.swissraft.ch\/de\/#website"},"primaryImageOfPage":{"@id":"https:\/\/www.swissraft.ch\/de\/produkt\/heliskiing-heliport-gstaad-grund-wildhorn\/#primaryimage"},"image":{"@id":"https:\/\/www.swissraft.ch\/de\/produkt\/heliskiing-heliport-gstaad-grund-wildhorn\/#primaryimage"},"thumbnailUrl":"https:\/\/www.swissraft.ch\/wp-content\/uploads\/2023\/10\/4-Wildhorn-776x776-1.jpg","datePublished":"2023-10-28T23:51:02+00:00","dateModified":"2024-12-14T02:35:56+00:00","description":"Wildhorn mit Heliskiing von Gstaad-Grund mit unserem Helikopter erreichen Sie die h\u00f6chsten Gipfel in wenigen Minuten, um im Pulverschnee Ski zu fahren.","breadcrumb":{"@id":"https:\/\/www.swissraft.ch\/de\/produkt\/heliskiing-heliport-gstaad-grund-wildhorn\/#breadcrumb"},"inLanguage":"de","potentialAction":[{"@type":"ReadAction","target":["https:\/\/www.swissraft.ch\/de\/produkt\/heliskiing-heliport-gstaad-grund-wildhorn\/"]}]},{"@type":"ImageObject","inLanguage":"de","@id":"https:\/\/www.swissraft.ch\/de\/produkt\/heliskiing-heliport-gstaad-grund-wildhorn\/#primaryimage","url":"https:\/\/www.swissraft.ch\/wp-content\/uploads\/2023\/10\/4-Wildhorn-776x776-1.jpg","contentUrl":"https:\/\/www.swissraft.ch\/wp-content\/uploads\/2023\/10\/4-Wildhorn-776x776-1.jpg","width":776,"height":776,"caption":"Heliskiing zum Wildhorn von Gstaad-Grund aus"},{"@type":"BreadcrumbList","@id":"https:\/\/www.swissraft.ch\/de\/produkt\/heliskiing-heliport-gstaad-grund-wildhorn\/#breadcrumb","itemListElement":[{"@type":"ListItem","position":1,"name":"Accueil","item":"https:\/\/www.swissraft.ch\/de\/"},{"@type":"ListItem","position":2,"name":"Shop","item":"https:\/\/www.swissraft.ch\/de\/shop\/"},{"@type":"ListItem","position":3,"name":"Heliskiing ab dem Heliport GSTAAD-GRUND &#8211; WILDHORN 3000 m &#8211; Ab CHF 660.00"}]},{"@type":"WebSite","@id":"https:\/\/www.swissraft.ch\/de\/#website","url":"https:\/\/www.swissraft.ch\/de\/","name":"Swissraft","description":"To enjoy nature as it is","publisher":{"@id":"https:\/\/www.swissraft.ch\/de\/#organization"},"potentialAction":[{"@type":"SearchAction","target":{"@type":"EntryPoint","urlTemplate":"https:\/\/www.swissraft.ch\/de\/?s={search_term_string}"},"query-input":{"@type":"PropertyValueSpecification","valueRequired":true,"valueName":"search_term_string"}}],"inLanguage":"de"},{"@type":"Organization","@id":"https:\/\/www.swissraft.ch\/de\/#organization","name":"Swissraft","url":"https:\/\/www.swissraft.ch\/de\/","logo":{"@type":"ImageObject","inLanguage":"de","@id":"https:\/\/www.swissraft.ch\/de\/#\/schema\/logo\/image\/","url":"https:\/\/www.swissraft.ch\/wp-content\/uploads\/2025\/09\/Capture.jpg","contentUrl":"https:\/\/www.swissraft.ch\/wp-content\/uploads\/2025\/09\/Capture.jpg","width":293,"height":108,"caption":"Swissraft"},"image":{"@id":"https:\/\/www.swissraft.ch\/de\/#\/schema\/logo\/image\/"}}]}},"_links":{"self":[{"href":"https:\/\/www.swissraft.ch\/de\/wp-json\/wp\/v2\/product\/91329","targetHints":{"allow":["GET"]}}],"collection":[{"href":"https:\/\/www.swissraft.ch\/de\/wp-json\/wp\/v2\/product"}],"about":[{"href":"https:\/\/www.swissraft.ch\/de\/wp-json\/wp\/v2\/types\/product"}],"replies":[{"embeddable":true,"href":"https:\/\/www.swissraft.ch\/de\/wp-json\/wp\/v2\/comments?post=91329"}],"version-history":[{"count":0,"href":"https:\/\/www.swissraft.ch\/de\/wp-json\/wp\/v2\/product\/91329\/revisions"}],"wp:featuredmedia":[{"embeddable":true,"href":"https:\/\/www.swissraft.ch\/de\/wp-json\/wp\/v2\/media\/87739"}],"wp:attachment":[{"href":"https:\/\/www.swissraft.ch\/de\/wp-json\/wp\/v2\/media?parent=91329"}],"wp:term":[{"taxonomy":"product_cat","embeddable":true,"href":"https:\/\/www.swissraft.ch\/de\/wp-json\/wp\/v2\/product_cat?post=91329"},{"taxonomy":"product_tag","embeddable":true,"href":"https:\/\/www.swissraft.ch\/de\/wp-json\/wp\/v2\/product_tag?post=91329"}],"curies":[{"name":"wp","href":"https:\/\/api.w.org\/{rel}","templated":true}]}}