{"id":91322,"date":"2023-11-05T16:14:25","date_gmt":"2023-11-05T15:14:25","guid":{"rendered":"https:\/\/swissraft.xyanzkdne.eu\/product\/fallschirmspringen-in-locarno-tandem-springen-aus-einem-flugzeug-ab-chf-445-00\/"},"modified":"2026-04-26T18:49:05","modified_gmt":"2026-04-26T16:49:05","slug":"locarno-tandemfallschirmsprung","status":"publish","type":"product","link":"https:\/\/www.swissraft.ch\/de\/produkt\/locarno-tandemfallschirmsprung\/","title":{"rendered":"Fallschirmspringen &#8211; Locarno &#8211; Tandemsprung aus einem Flugzeug &#8211; Ab CHF 445.00"},"content":{"rendered":"\t\t<div data-elementor-type=\"wp-post\" data-elementor-id=\"91322\" class=\"elementor elementor-91322 elementor-50945\">\n\t\t\t\t\t\t\t\t\t<section class=\"elementor-section elementor-top-section elementor-element elementor-element-3303a7e3 elementor-section-boxed elementor-section-height-default elementor-section-height-default\" data-id=\"3303a7e3\" data-element_type=\"section\">\n\t\t\t\t\t\t<div class=\"elementor-container elementor-column-gap-default\">\n\t\t\t\t\t<div class=\"elementor-column elementor-col-100 elementor-top-column elementor-element elementor-element-16d72dbf\" data-id=\"16d72dbf\" data-element_type=\"column\">\n\t\t\t<div class=\"elementor-widget-wrap elementor-element-populated\">\n\t\t\t\t\t\t\t\t<div class=\"elementor-element elementor-element-d743c03 elementor-widget elementor-widget-text-editor\" data-id=\"d743c03\" data-element_type=\"widget\" data-widget_type=\"text-editor.default\">\n\t\t\t\t<div class=\"elementor-widget-container\">\n\t\t\t\t\t\t\t<h2>W\u00c4HLEN SIE UNTEN IHRE AKTIVIT\u00c4T AUS, UM GESCHENKGUTSCHEINE \/ TICKETS ZU VERSCHENKEN ODER ZU BUCHEN<\/h2><table border=\"0\" width=\"580\" cellspacing=\"10\" cellpadding=\"10\"><tbody><tr><td width=\"50%\"><strong>TANDEMFALLSCHIRMSPRUNG &#8211; LOCARNO<\/strong><\/td><td><strong>CHF 445.00 pro Person<span class=\"productPrice\"><br \/><\/span><\/strong><\/td><\/tr><tr><td>Zus\u00e4tzliche Informationen<\/td><td><span class=\"plbl\"><span class=\"patt\">&#8211; Sportschuhe ohne Haken<br \/>&#8211; Sie d\u00fcrfen nicht n\u00fcchtern sein<br \/>&#8211; Sie d\u00fcrfen nicht unter dem Einfluss von Alkohol oder anderen Substanzen stehen<br \/>&#8211; Einverst\u00e4ndniserkl\u00e4rung der Eltern f\u00fcr Minderj\u00e4hrige<\/span><\/span><\/td><\/tr><tr><td>Zeiten<\/td><td>09:00 Uhr \/ 13:15 Uhr \/ 16:00 Uhr<\/td><\/tr><tr><td>Dauer des freien Falls<\/td><td>ca. 45 Sekunden<\/td><\/tr><tr><td>Gesamtdauer<\/td><td>ca. 4 Std.<\/td><\/tr><tr><td>Flugplatz<\/td><td><a href=\"https:\/\/www.google.com\/maps\/place\/46%C2%B009'51.3%22N+8%C2%B053'07.8%22E\/@46.164341,8.880816,782m\/data=!3m1!1e3!4m4!3m3!8m2!3d46.16425!4d8.8855?entry=ttu\" target=\"_blank\" rel=\"noopener\">Locarno<\/a><\/td><\/tr><tr><td><a href=\"https:\/\/swissraft.outdoorbooking.ch\/fo\/products\/gift_vouchers?base_id=39&amp;category_id=5&amp;id=86&amp;lang=de\" target=\"_blank\" rel=\"noopener\"><button class=\"elementor-button\" type=\"button\">GUTSCHEIN \/ TICKET KAUFEN<\/button><\/a><\/td><td><strong>CHF 445.00<\/strong>\/Pers.<\/td><\/tr><tr><td><a href=\"https:\/\/swissraft.outdoorbooking.ch\/fo\/products\/gift_vouchers?base_id=39&amp;category_id=5&amp;id=247&amp;lang=de\" target=\"_blank\" rel=\"noopener\"><button class=\"elementor-button\" type=\"button\">GUTSCHEIN \/ TICKET KAUFEN<\/button><\/a><\/td><td><strong>CHF 670.00<\/strong>\/Pers.<\/td><\/tr><tr><td><a href=\"https:\/\/swissraft.outdoorbooking.ch\/fo\/products\/gift_vouchers?base_id=39&amp;category_id=5&amp;id=248&amp;lang=de\" target=\"_blank\" rel=\"noopener\"><button class=\"elementor-button\" type=\"button\">GUTSCHEIN \/ TICKET KAUFEN<\/button><\/a><\/td><td><strong>CHF 690.00<\/strong>\/Pers. mit Video &amp; Fotos<\/td><\/tr><tr><td>\u00a0<\/td><td><strong><em>WICHTIG !<\/em><\/strong><br \/><em>Um zu reservieren, rufen Sie die Nummer an, die sich oben links auf dem Gutschein \/ Ticket befindet.<\/em><\/td><\/tr><\/tbody><\/table>\t\t\t\t\t\t<\/div>\n\t\t\t\t<\/div>\n\t\t\t\t\t<\/div>\n\t\t<\/div>\n\t\t\t\t\t\t\t<\/div>\n\t\t<\/section>\n\t\t\t\t\t\t\t<\/div>\n\t\t","protected":false},"excerpt":{"rendered":"<div align=\"justify\">\n<h2 align=\"justify\">Tandem-Fallschirmsprung in Locarno im Kanton Tessin<\/h2>\n<h3>Fallschirmspringen aus einem Flugzeug in Locarno. Sie springen aus einer H\u00f6he von 4000 m \u00fcber dem Lago Maggiore ab; Nervenkitzel garantiert.<\/h3>\n<\/div>\n<div align=\"justify\">\n<p>Unser Lehrer begr\u00fc\u00dft Sie auf der Dropzone in Locarno. Er f\u00fchrt Sie durch das Abenteuer. Zun\u00e4chst \u00fcben Sie einige Bewegungen mit ihm. Dann r\u00fcstet er Sie mit einem Gurtzeug, einem Helm und einer Brille aus. Immer noch mit ihm steigen Sie mit anderen Tandems in das Flugzeug. Man entspannt sich, scherzt und der Stress ist wie weggeblasen. Sie haben volles Vertrauen in Ihren erfahrenen Piloten. Das Flugzeug hebt ab in Richtung Abenteuer. Genie\u00dfen Sie w\u00e4hrend des Fluges die Aussicht auf den Lago Maggiore. Nach etwa 20 Minuten erreichte das Flugzeug eine H\u00f6he von 4000 m und war bereit f\u00fcr den Sprung. Ihr Pilot f\u00fchrt den letzten Check durch. Sie springen beide ab und der freie Fall beginnt. Alles ist in Ordnung! Sie st\u00fcrzen mit einer Geschwindigkeit von fast 200 km\/h, ein Hochgef\u00fchl \u00fcberkommt Sie. In 1500 m H\u00f6he \u00f6ffnet sich der Fallschirm ohne Ersch\u00fctterung. Der Abstieg erfolgt ruhig unter dem ge\u00f6ffneten Fallschirm. Ihr Pilot f\u00fchrt Sie zur Dropzone von Colombier. Sie landen sanft in einer sitzenden Position. Halten Sie Ihre Erfahrung in Erinnerung, indem Sie Ihr Video auf unserer Website bestellen. F\u00fcr diejenigen, die sich nicht trauen, bietet der Freifallsimulator ein \u00e4hnliches Gef\u00fchl. Wir haben einen Simulator in Sitte im Wallis und einen weiteren in der N\u00e4he von Z\u00fcrich in Winterthur.<\/p>\n<p id=\"textarea\" style=\"display: none;\">\nWir springen von verschiedenen Flugpl\u00e4tzen in der Schweiz mit dem Fallschirm ab. In Berom\u00fcnster, Interlaken und Reichenbach im Berner Oberland. Ebenso von Grenchen, \u00c9cuvillens, \u00c9pagny und Colombier. Im Kanton Waadt springen wir von Bex aus. Im Wallis sind Tandemspr\u00fcnge von Sitten und Raron aus m\u00f6glich. Au\u00dferdem im Kanton Obwalden vom Flugplatz K\u00e4giswil aus. Schlie\u00dflich, in der N\u00e4he von Basel, auf dem Flugplatz Rottweil in Deutschland.\n<\/p>\n<p><a id=\"seeMore\" onclick=\"toggleSeeMore()\" href=\"javascript:void(0);\">Lesen Sie mehr<\/a><\/p>\n","protected":false},"featured_media":89869,"comment_status":"open","ping_status":"closed","template":"","meta":{"inline_featured_image":false,"_mi_skip_tracking":false},"product_cat":[292],"product_tag":[],"class_list":["post-91322","product","type-product","status-publish","has-post-thumbnail","hentry","product_cat-tandem-fallschirmsprung-tandemsprung"],"yoast_head":"<!-- This site is optimized with the Yoast SEO plugin v23.6 - https:\/\/yoast.com\/wordpress\/plugins\/seo\/ -->\n<title>Locarno-Tandemfallschirmsprung aus einem Flugzeug<\/title>\n<meta name=\"description\" content=\"Locarno-Tandemfallschirmsprung aus einem Flugzeug aus 4000m H\u00f6he. Tandemsprung mit herrlicher Aussicht auf den Lago Maggiore und das Tessin im Allgemeinen\" \/>\n<meta name=\"robots\" content=\"index, follow, max-snippet:-1, max-image-preview:large, max-video-preview:-1\" \/>\n<link rel=\"canonical\" href=\"https:\/\/www.swissraft.ch\/de\/produkt\/locarno-tandemfallschirmsprung\/\" \/>\n<meta property=\"og:locale\" content=\"de_DE\" \/>\n<meta property=\"og:type\" content=\"article\" \/>\n<meta property=\"og:title\" content=\"Locarno-Tandemfallschirmsprung aus einem Flugzeug\" \/>\n<meta property=\"og:description\" content=\"Locarno-Tandemfallschirmsprung aus einem Flugzeug aus 4000m H\u00f6he. Tandemsprung mit herrlicher Aussicht auf den Lago Maggiore und das Tessin im Allgemeinen\" \/>\n<meta property=\"og:url\" content=\"https:\/\/www.swissraft.ch\/de\/produkt\/locarno-tandemfallschirmsprung\/\" \/>\n<meta property=\"og:site_name\" content=\"Swissraft\" \/>\n<meta property=\"article:modified_time\" content=\"2026-04-26T16:49:05+00:00\" \/>\n<meta property=\"og:image\" content=\"https:\/\/www.swissraft.ch\/wp-content\/uploads\/2023\/11\/1-Locarno-saut-en-tandem-en-parachute-776x776-1.jpg\" \/>\n\t<meta property=\"og:image:width\" content=\"776\" \/>\n\t<meta property=\"og:image:height\" content=\"776\" \/>\n\t<meta property=\"og:image:type\" content=\"image\/jpeg\" \/>\n<meta name=\"twitter:card\" content=\"summary_large_image\" \/>\n<meta name=\"twitter:label1\" content=\"Gesch\u00e4tzte Lesezeit\" \/>\n\t<meta name=\"twitter:data1\" content=\"1\u00a0Minute\" \/>\n<script type=\"application\/ld+json\" class=\"yoast-schema-graph\">{\"@context\":\"https:\/\/schema.org\",\"@graph\":[{\"@type\":\"WebPage\",\"@id\":\"https:\/\/www.swissraft.ch\/de\/produkt\/locarno-tandemfallschirmsprung\/\",\"url\":\"https:\/\/www.swissraft.ch\/de\/produkt\/locarno-tandemfallschirmsprung\/\",\"name\":\"Locarno-Tandemfallschirmsprung aus einem Flugzeug\",\"isPartOf\":{\"@id\":\"https:\/\/www.swissraft.ch\/de\/#website\"},\"primaryImageOfPage\":{\"@id\":\"https:\/\/www.swissraft.ch\/de\/produkt\/locarno-tandemfallschirmsprung\/#primaryimage\"},\"image\":{\"@id\":\"https:\/\/www.swissraft.ch\/de\/produkt\/locarno-tandemfallschirmsprung\/#primaryimage\"},\"thumbnailUrl\":\"https:\/\/www.swissraft.ch\/wp-content\/uploads\/2023\/11\/1-Locarno-saut-en-tandem-en-parachute-776x776-1.jpg\",\"datePublished\":\"2023-11-05T15:14:25+00:00\",\"dateModified\":\"2026-04-26T16:49:05+00:00\",\"description\":\"Locarno-Tandemfallschirmsprung aus einem Flugzeug aus 4000m H\u00f6he. Tandemsprung mit herrlicher Aussicht auf den Lago Maggiore und das Tessin im Allgemeinen\",\"breadcrumb\":{\"@id\":\"https:\/\/www.swissraft.ch\/de\/produkt\/locarno-tandemfallschirmsprung\/#breadcrumb\"},\"inLanguage\":\"de\",\"potentialAction\":[{\"@type\":\"ReadAction\",\"target\":[\"https:\/\/www.swissraft.ch\/de\/produkt\/locarno-tandemfallschirmsprung\/\"]}]},{\"@type\":\"ImageObject\",\"inLanguage\":\"de\",\"@id\":\"https:\/\/www.swissraft.ch\/de\/produkt\/locarno-tandemfallschirmsprung\/#primaryimage\",\"url\":\"https:\/\/www.swissraft.ch\/wp-content\/uploads\/2023\/11\/1-Locarno-saut-en-tandem-en-parachute-776x776-1.jpg\",\"contentUrl\":\"https:\/\/www.swissraft.ch\/wp-content\/uploads\/2023\/11\/1-Locarno-saut-en-tandem-en-parachute-776x776-1.jpg\",\"width\":776,\"height\":776,\"caption\":\"Locarno Tandemsprung mit dem Fallschirm\"},{\"@type\":\"BreadcrumbList\",\"@id\":\"https:\/\/www.swissraft.ch\/de\/produkt\/locarno-tandemfallschirmsprung\/#breadcrumb\",\"itemListElement\":[{\"@type\":\"ListItem\",\"position\":1,\"name\":\"Accueil\",\"item\":\"https:\/\/www.swissraft.ch\/de\/\"},{\"@type\":\"ListItem\",\"position\":2,\"name\":\"Shop\",\"item\":\"https:\/\/www.swissraft.ch\/de\/shop\/\"},{\"@type\":\"ListItem\",\"position\":3,\"name\":\"Fallschirmspringen &#8211; Locarno &#8211; Tandemsprung aus einem Flugzeug &#8211; Ab CHF 445.00\"}]},{\"@type\":\"WebSite\",\"@id\":\"https:\/\/www.swissraft.ch\/de\/#website\",\"url\":\"https:\/\/www.swissraft.ch\/de\/\",\"name\":\"Swissraft\",\"description\":\"To enjoy nature as it is\",\"publisher\":{\"@id\":\"https:\/\/www.swissraft.ch\/de\/#organization\"},\"potentialAction\":[{\"@type\":\"SearchAction\",\"target\":{\"@type\":\"EntryPoint\",\"urlTemplate\":\"https:\/\/www.swissraft.ch\/de\/?s={search_term_string}\"},\"query-input\":{\"@type\":\"PropertyValueSpecification\",\"valueRequired\":true,\"valueName\":\"search_term_string\"}}],\"inLanguage\":\"de\"},{\"@type\":\"Organization\",\"@id\":\"https:\/\/www.swissraft.ch\/de\/#organization\",\"name\":\"Swissraft\",\"url\":\"https:\/\/www.swissraft.ch\/de\/\",\"logo\":{\"@type\":\"ImageObject\",\"inLanguage\":\"de\",\"@id\":\"https:\/\/www.swissraft.ch\/de\/#\/schema\/logo\/image\/\",\"url\":\"https:\/\/www.swissraft.ch\/wp-content\/uploads\/2025\/09\/Capture.jpg\",\"contentUrl\":\"https:\/\/www.swissraft.ch\/wp-content\/uploads\/2025\/09\/Capture.jpg\",\"width\":293,\"height\":108,\"caption\":\"Swissraft\"},\"image\":{\"@id\":\"https:\/\/www.swissraft.ch\/de\/#\/schema\/logo\/image\/\"}}]}<\/script>\n<!-- \/ Yoast SEO plugin. -->","yoast_head_json":{"title":"Locarno-Tandemfallschirmsprung aus einem Flugzeug","description":"Locarno-Tandemfallschirmsprung aus einem Flugzeug aus 4000m H\u00f6he. Tandemsprung mit herrlicher Aussicht auf den Lago Maggiore und das Tessin im Allgemeinen","robots":{"index":"index","follow":"follow","max-snippet":"max-snippet:-1","max-image-preview":"max-image-preview:large","max-video-preview":"max-video-preview:-1"},"canonical":"https:\/\/www.swissraft.ch\/de\/produkt\/locarno-tandemfallschirmsprung\/","og_locale":"de_DE","og_type":"article","og_title":"Locarno-Tandemfallschirmsprung aus einem Flugzeug","og_description":"Locarno-Tandemfallschirmsprung aus einem Flugzeug aus 4000m H\u00f6he. Tandemsprung mit herrlicher Aussicht auf den Lago Maggiore und das Tessin im Allgemeinen","og_url":"https:\/\/www.swissraft.ch\/de\/produkt\/locarno-tandemfallschirmsprung\/","og_site_name":"Swissraft","article_modified_time":"2026-04-26T16:49:05+00:00","og_image":[{"width":776,"height":776,"url":"https:\/\/www.swissraft.ch\/wp-content\/uploads\/2023\/11\/1-Locarno-saut-en-tandem-en-parachute-776x776-1.jpg","type":"image\/jpeg"}],"twitter_card":"summary_large_image","twitter_misc":{"Gesch\u00e4tzte Lesezeit":"1\u00a0Minute"},"schema":{"@context":"https:\/\/schema.org","@graph":[{"@type":"WebPage","@id":"https:\/\/www.swissraft.ch\/de\/produkt\/locarno-tandemfallschirmsprung\/","url":"https:\/\/www.swissraft.ch\/de\/produkt\/locarno-tandemfallschirmsprung\/","name":"Locarno-Tandemfallschirmsprung aus einem Flugzeug","isPartOf":{"@id":"https:\/\/www.swissraft.ch\/de\/#website"},"primaryImageOfPage":{"@id":"https:\/\/www.swissraft.ch\/de\/produkt\/locarno-tandemfallschirmsprung\/#primaryimage"},"image":{"@id":"https:\/\/www.swissraft.ch\/de\/produkt\/locarno-tandemfallschirmsprung\/#primaryimage"},"thumbnailUrl":"https:\/\/www.swissraft.ch\/wp-content\/uploads\/2023\/11\/1-Locarno-saut-en-tandem-en-parachute-776x776-1.jpg","datePublished":"2023-11-05T15:14:25+00:00","dateModified":"2026-04-26T16:49:05+00:00","description":"Locarno-Tandemfallschirmsprung aus einem Flugzeug aus 4000m H\u00f6he. Tandemsprung mit herrlicher Aussicht auf den Lago Maggiore und das Tessin im Allgemeinen","breadcrumb":{"@id":"https:\/\/www.swissraft.ch\/de\/produkt\/locarno-tandemfallschirmsprung\/#breadcrumb"},"inLanguage":"de","potentialAction":[{"@type":"ReadAction","target":["https:\/\/www.swissraft.ch\/de\/produkt\/locarno-tandemfallschirmsprung\/"]}]},{"@type":"ImageObject","inLanguage":"de","@id":"https:\/\/www.swissraft.ch\/de\/produkt\/locarno-tandemfallschirmsprung\/#primaryimage","url":"https:\/\/www.swissraft.ch\/wp-content\/uploads\/2023\/11\/1-Locarno-saut-en-tandem-en-parachute-776x776-1.jpg","contentUrl":"https:\/\/www.swissraft.ch\/wp-content\/uploads\/2023\/11\/1-Locarno-saut-en-tandem-en-parachute-776x776-1.jpg","width":776,"height":776,"caption":"Locarno Tandemsprung mit dem Fallschirm"},{"@type":"BreadcrumbList","@id":"https:\/\/www.swissraft.ch\/de\/produkt\/locarno-tandemfallschirmsprung\/#breadcrumb","itemListElement":[{"@type":"ListItem","position":1,"name":"Accueil","item":"https:\/\/www.swissraft.ch\/de\/"},{"@type":"ListItem","position":2,"name":"Shop","item":"https:\/\/www.swissraft.ch\/de\/shop\/"},{"@type":"ListItem","position":3,"name":"Fallschirmspringen &#8211; Locarno &#8211; Tandemsprung aus einem Flugzeug &#8211; Ab CHF 445.00"}]},{"@type":"WebSite","@id":"https:\/\/www.swissraft.ch\/de\/#website","url":"https:\/\/www.swissraft.ch\/de\/","name":"Swissraft","description":"To enjoy nature as it is","publisher":{"@id":"https:\/\/www.swissraft.ch\/de\/#organization"},"potentialAction":[{"@type":"SearchAction","target":{"@type":"EntryPoint","urlTemplate":"https:\/\/www.swissraft.ch\/de\/?s={search_term_string}"},"query-input":{"@type":"PropertyValueSpecification","valueRequired":true,"valueName":"search_term_string"}}],"inLanguage":"de"},{"@type":"Organization","@id":"https:\/\/www.swissraft.ch\/de\/#organization","name":"Swissraft","url":"https:\/\/www.swissraft.ch\/de\/","logo":{"@type":"ImageObject","inLanguage":"de","@id":"https:\/\/www.swissraft.ch\/de\/#\/schema\/logo\/image\/","url":"https:\/\/www.swissraft.ch\/wp-content\/uploads\/2025\/09\/Capture.jpg","contentUrl":"https:\/\/www.swissraft.ch\/wp-content\/uploads\/2025\/09\/Capture.jpg","width":293,"height":108,"caption":"Swissraft"},"image":{"@id":"https:\/\/www.swissraft.ch\/de\/#\/schema\/logo\/image\/"}}]}},"_links":{"self":[{"href":"https:\/\/www.swissraft.ch\/de\/wp-json\/wp\/v2\/product\/91322","targetHints":{"allow":["GET"]}}],"collection":[{"href":"https:\/\/www.swissraft.ch\/de\/wp-json\/wp\/v2\/product"}],"about":[{"href":"https:\/\/www.swissraft.ch\/de\/wp-json\/wp\/v2\/types\/product"}],"replies":[{"embeddable":true,"href":"https:\/\/www.swissraft.ch\/de\/wp-json\/wp\/v2\/comments?post=91322"}],"version-history":[{"count":30,"href":"https:\/\/www.swissraft.ch\/de\/wp-json\/wp\/v2\/product\/91322\/revisions"}],"predecessor-version":[{"id":142127,"href":"https:\/\/www.swissraft.ch\/de\/wp-json\/wp\/v2\/product\/91322\/revisions\/142127"}],"wp:featuredmedia":[{"embeddable":true,"href":"https:\/\/www.swissraft.ch\/de\/wp-json\/wp\/v2\/media\/89869"}],"wp:attachment":[{"href":"https:\/\/www.swissraft.ch\/de\/wp-json\/wp\/v2\/media?parent=91322"}],"wp:term":[{"taxonomy":"product_cat","embeddable":true,"href":"https:\/\/www.swissraft.ch\/de\/wp-json\/wp\/v2\/product_cat?post=91322"},{"taxonomy":"product_tag","embeddable":true,"href":"https:\/\/www.swissraft.ch\/de\/wp-json\/wp\/v2\/product_tag?post=91322"}],"curies":[{"name":"wp","href":"https:\/\/api.w.org\/{rel}","templated":true}]}}