{"id":91318,"date":"2023-10-25T01:46:12","date_gmt":"2023-10-24T23:46:12","guid":{"rendered":"https:\/\/swissraft.xyanzkdne.eu\/product\/helikopterflug-von-berne-belp-grosser-flug-ueber-die-alpen-60-min-chf-505-00\/"},"modified":"2026-04-17T00:03:05","modified_gmt":"2026-04-16T22:03:05","slug":"helicopterflug-bern-belp-rundflug-grosser-alpenflug","status":"publish","type":"product","link":"https:\/\/www.swissraft.ch\/de\/produkt\/helicopterflug-bern-belp-rundflug-grosser-alpenflug\/","title":{"rendered":"Helikopterflug &#8211; Bern-Belp &#8211; Grosser Flug \u00fcber die Alpen &#8211; 60 Min. &#8211; CHF 540.00"},"content":{"rendered":"\t\t<div data-elementor-type=\"wp-post\" data-elementor-id=\"91318\" class=\"elementor elementor-91318 elementor-48468\">\n\t\t\t\t\t\t\t\t\t<section class=\"elementor-section elementor-top-section elementor-element elementor-element-3303a7e3 elementor-section-boxed elementor-section-height-default elementor-section-height-default\" data-id=\"3303a7e3\" data-element_type=\"section\">\n\t\t\t\t\t\t<div class=\"elementor-container elementor-column-gap-default\">\n\t\t\t\t\t<div class=\"elementor-column elementor-col-100 elementor-top-column elementor-element elementor-element-16d72dbf\" data-id=\"16d72dbf\" data-element_type=\"column\">\n\t\t\t<div class=\"elementor-widget-wrap elementor-element-populated\">\n\t\t\t\t\t\t\t\t<div class=\"elementor-element elementor-element-d743c03 elementor-widget elementor-widget-text-editor\" data-id=\"d743c03\" data-element_type=\"widget\" data-widget_type=\"text-editor.default\">\n\t\t\t\t<div class=\"elementor-widget-container\">\n\t\t\t\t\t\t\t<h2>W\u00c4HLEN SIE UNTEN IHRE AKTIVIT\u00c4T AUS, UM GESCHENKGUTSCHEINE \/ TICKETS ZU VERSCHENKEN ODER ZU BUCHEN<\/h2><table style=\"height: 290px;\" border=\"0\" width=\"580\" cellspacing=\"10\" cellpadding=\"10\"><tbody><tr><td width=\"50%\"><strong>RUNDFLUG &#8211; GROSSER ALPENFLUG &#8211; 60 Min.<\/strong><\/td><td><strong>CHF 540.00 pro Person<\/strong><\/td><\/tr><tr><td>Zus\u00e4tzliche Informationen<\/td><td>&#8211; Sie werden mit anderen Passagieren zusammen sein<br \/>&#8211; Maximum 4 Pers.<\/td><\/tr><tr><td>Flughafen<\/td><td><a href=\"https:\/\/www.google.ch\/maps\/place\/Muristrasse+114,+3123+Belp\/@46.9054073,7.4971459,192m\/data=!3m1!1e3!4m6!3m5!1s0x478e37cc7fe34b07:0xd2876f33b4e5b28c!8m2!3d46.905372!4d7.4984699!16s%2Fg%2F11c279q9ks?hl=fr&amp;entry=ttu\" target=\"_blank\" rel=\"noopener\">Bern-Belp<\/a><\/td><\/tr><tr><td>Flugzeit<\/td><td>60 Min.<\/td><\/tr><tr><td>Gesamtdauer<\/td><td>ca. 1:45 Std.<\/td><\/tr><tr><td>Termin<\/td><td>Per Telefon<\/td><\/tr><tr><td><button class=\"elementor-button\" type=\"button\"><a href=\"https:\/\/swissraft.outdoorbooking.ch\/fo\/products\/1822?base_id=9&amp;category_id=6&amp;order_type=gift_voucher&amp;lang=de\" target=\"_blank\" rel=\"noopener\">GUTSCHEIN \/ TICKET KAUFEN<\/a><\/button><\/td><td><strong><em>WICHTIG !<\/em><\/strong><br \/><em>Um zu reservieren, rufen Sie die Nummer an, die sich oben links auf dem Gutschein \/ Ticket befindet.<\/em><\/td><\/tr><\/tbody><\/table>\t\t\t\t\t\t<\/div>\n\t\t\t\t<\/div>\n\t\t\t\t\t<\/div>\n\t\t<\/div>\n\t\t\t\t\t\t\t<\/div>\n\t\t<\/section>\n\t\t\t\t\t\t\t<\/div>\n\t\t","protected":false},"excerpt":{"rendered":"<div align=\"justify\">\n<h2 align=\"justify\">Bei diesem 60-min\u00fctigen Flug fliegen Sie \u00fcber die Berner Alpen.<\/h2>\n<h3>Dieser Flug vom Flughafen Bern-Belp ist mit einer Zwischenlandung auf dem Petersgratgletscher verbunden.<\/h3>\n<\/div>\n<div align=\"justify\">\n<p>Von Bern-Belp aus fahren Sie in das Berner Oberland. Sie fliegen \u00fcber die Stadt Thun und den See. Anschlie\u00dfend fliegen Sie weiter zur Eiger Nordwand. Der Flug \u00fcber den Aletschgletscher ist atemberaubend. Sie landen auf dem Petersgratgletscher in 3000m H\u00f6he. Nach einer Pause von einigen Minuten setzen Sie den Flug fort und fliegen durch das Gasterntal nach Kandersteg. Dieser sch\u00f6ne Helikopterflug endet mit einem Flug \u00fcber Adelboden und Lenk, bevor Sie wieder in Bern-Belp landen.<\/p>\n<h3>Auf dieser Website finden Sie bestimmt die richtige Tour f\u00fcr Sie. Rufen Sie uns an, wenn Sie Ratschl\u00e4ge oder weitere Informationen ben\u00f6tigen.<\/h3>\n<p id=\"textarea\" style=\"display: none;\">\nWir bieten Fl\u00fcge ins Wallis von den Heliports Gampel und Collombey sowie vom Flughafen Sitten an. Wir bieten auch Fl\u00fcge vom Heliport Interlaken-Gsteigwiler im Berner Oberland an. Dar\u00fcber hinaus bieten wir auch Rundfl\u00fcge vom Heliport Gstaad-Grund und vom Flugplatz Saanen im Saanenland an. Au\u00dferdem fliegen wir immer ins Berner Oberland von den Heliports Lauterbrunnen, Lenk-Simmental und Schattenhalb-Meiringen. Au\u00dferdem starten wir vom internationalen Flughafen Z\u00fcrich-Kloten zu Helikopterrundfl\u00fcgen. Gleichzeitig fliegen wir von Buttwil aus in den Aargau und von Grenchen aus in den Kanton Solothurn. \u00dcbrigens bieten wir auch Fl\u00fcge vom Heliport Pfaffnau im Kanton Luzern an. Au\u00dferdem gibt es Fl\u00fcge von Erstfeld im Kanton Uri und von K\u00fcssnacht im Kanton Schwyz. Zum einen starten wir vom Flugplatz \u00c9pagny im Greyerzerland im Kanton Freiburg. Au\u00dferdem starten wir von den Flugpl\u00e4tzen Locarno-Magadino und Lodrino im Tessin. In Graub\u00fcnden bieten wir Fl\u00fcge von den Heliports in Flims, Tavanasa und Untervaz an. Auch im Engadin bieten wir Rundfl\u00fcge ab dem Flugplatz Samedan an. Dar\u00fcber hinaus starten wir in Liechtenstein vom Heliport Balzers und in Thurgau vom Flugplatz Sitterdorf.\n<\/p>\n<p><a id=\"seeMore\" onclick=\"toggleSeeMore()\" href=\"javascript:void(0);\">Lesen Sie mehr<\/a><\/p>\n","protected":false},"featured_media":87376,"comment_status":"open","ping_status":"closed","template":"","meta":{"inline_featured_image":false,"_mi_skip_tracking":false},"product_cat":[263,307],"product_tag":[],"class_list":["post-91318","product","type-product","status-publish","has-post-thumbnail","hentry","product_cat-helikopterflug-in-der-schweiz","product_cat-helikopterflug-rundflug-berne-belp"],"yoast_head":"<!-- This site is optimized with the Yoast SEO plugin v23.6 - https:\/\/yoast.com\/wordpress\/plugins\/seo\/ -->\n<title>Runflug Grosser Alpenflug ab Bern mit Helicopter<\/title>\n<meta name=\"description\" content=\"Runflug Grosser Alpenflug ab Bern mit Helicopter f\u00fcr einen 60-min\u00fctigen gro\u00dfen Flug mit Zwischenlandung auf dem Petersgratgletscher\" \/>\n<meta name=\"robots\" content=\"index, follow, max-snippet:-1, max-image-preview:large, max-video-preview:-1\" \/>\n<link rel=\"canonical\" href=\"https:\/\/www.swissraft.ch\/de\/produkt\/helicopterflug-bern-belp-rundflug-grosser-alpenflug\/\" \/>\n<meta property=\"og:locale\" content=\"de_DE\" \/>\n<meta property=\"og:type\" content=\"article\" \/>\n<meta property=\"og:title\" content=\"Runflug Grosser Alpenflug ab Bern mit Helicopter\" \/>\n<meta property=\"og:description\" content=\"Runflug Grosser Alpenflug ab Bern mit Helicopter f\u00fcr einen 60-min\u00fctigen gro\u00dfen Flug mit Zwischenlandung auf dem Petersgratgletscher\" \/>\n<meta property=\"og:url\" content=\"https:\/\/www.swissraft.ch\/de\/produkt\/helicopterflug-bern-belp-rundflug-grosser-alpenflug\/\" \/>\n<meta property=\"og:site_name\" content=\"Swissraft\" \/>\n<meta property=\"article:modified_time\" content=\"2026-04-16T22:03:05+00:00\" \/>\n<meta property=\"og:image\" content=\"https:\/\/www.swissraft.ch\/wp-content\/uploads\/2023\/10\/15-BERN-BELP-Gletscherlandung-776x776-1.jpg\" \/>\n\t<meta property=\"og:image:width\" content=\"776\" \/>\n\t<meta property=\"og:image:height\" content=\"776\" \/>\n\t<meta property=\"og:image:type\" content=\"image\/jpeg\" \/>\n<meta name=\"twitter:card\" content=\"summary_large_image\" \/>\n<meta name=\"twitter:label1\" content=\"Gesch\u00e4tzte Lesezeit\" \/>\n\t<meta name=\"twitter:data1\" content=\"1\u00a0Minute\" \/>\n<script type=\"application\/ld+json\" class=\"yoast-schema-graph\">{\"@context\":\"https:\/\/schema.org\",\"@graph\":[{\"@type\":\"WebPage\",\"@id\":\"https:\/\/www.swissraft.ch\/de\/produkt\/helicopterflug-bern-belp-rundflug-grosser-alpenflug\/\",\"url\":\"https:\/\/www.swissraft.ch\/de\/produkt\/helicopterflug-bern-belp-rundflug-grosser-alpenflug\/\",\"name\":\"Runflug Grosser Alpenflug ab Bern mit Helicopter\",\"isPartOf\":{\"@id\":\"https:\/\/www.swissraft.ch\/de\/#website\"},\"primaryImageOfPage\":{\"@id\":\"https:\/\/www.swissraft.ch\/de\/produkt\/helicopterflug-bern-belp-rundflug-grosser-alpenflug\/#primaryimage\"},\"image\":{\"@id\":\"https:\/\/www.swissraft.ch\/de\/produkt\/helicopterflug-bern-belp-rundflug-grosser-alpenflug\/#primaryimage\"},\"thumbnailUrl\":\"https:\/\/www.swissraft.ch\/wp-content\/uploads\/2023\/10\/15-BERN-BELP-Gletscherlandung-776x776-1.jpg\",\"datePublished\":\"2023-10-24T23:46:12+00:00\",\"dateModified\":\"2026-04-16T22:03:05+00:00\",\"description\":\"Runflug Grosser Alpenflug ab Bern mit Helicopter f\u00fcr einen 60-min\u00fctigen gro\u00dfen Flug mit Zwischenlandung auf dem Petersgratgletscher\",\"breadcrumb\":{\"@id\":\"https:\/\/www.swissraft.ch\/de\/produkt\/helicopterflug-bern-belp-rundflug-grosser-alpenflug\/#breadcrumb\"},\"inLanguage\":\"de\",\"potentialAction\":[{\"@type\":\"ReadAction\",\"target\":[\"https:\/\/www.swissraft.ch\/de\/produkt\/helicopterflug-bern-belp-rundflug-grosser-alpenflug\/\"]}]},{\"@type\":\"ImageObject\",\"inLanguage\":\"de\",\"@id\":\"https:\/\/www.swissraft.ch\/de\/produkt\/helicopterflug-bern-belp-rundflug-grosser-alpenflug\/#primaryimage\",\"url\":\"https:\/\/www.swissraft.ch\/wp-content\/uploads\/2023\/10\/15-BERN-BELP-Gletscherlandung-776x776-1.jpg\",\"contentUrl\":\"https:\/\/www.swissraft.ch\/wp-content\/uploads\/2023\/10\/15-BERN-BELP-Gletscherlandung-776x776-1.jpg\",\"width\":776,\"height\":776,\"caption\":\"Runflug Grosser Alpenflug mit Helikopter\"},{\"@type\":\"BreadcrumbList\",\"@id\":\"https:\/\/www.swissraft.ch\/de\/produkt\/helicopterflug-bern-belp-rundflug-grosser-alpenflug\/#breadcrumb\",\"itemListElement\":[{\"@type\":\"ListItem\",\"position\":1,\"name\":\"Accueil\",\"item\":\"https:\/\/www.swissraft.ch\/de\/\"},{\"@type\":\"ListItem\",\"position\":2,\"name\":\"Shop\",\"item\":\"https:\/\/www.swissraft.ch\/de\/shop\/\"},{\"@type\":\"ListItem\",\"position\":3,\"name\":\"Helikopterflug &#8211; Bern-Belp &#8211; Grosser Flug \u00fcber die Alpen &#8211; 60 Min. &#8211; CHF 540.00\"}]},{\"@type\":\"WebSite\",\"@id\":\"https:\/\/www.swissraft.ch\/de\/#website\",\"url\":\"https:\/\/www.swissraft.ch\/de\/\",\"name\":\"Swissraft\",\"description\":\"To enjoy nature as it is\",\"publisher\":{\"@id\":\"https:\/\/www.swissraft.ch\/de\/#organization\"},\"potentialAction\":[{\"@type\":\"SearchAction\",\"target\":{\"@type\":\"EntryPoint\",\"urlTemplate\":\"https:\/\/www.swissraft.ch\/de\/?s={search_term_string}\"},\"query-input\":{\"@type\":\"PropertyValueSpecification\",\"valueRequired\":true,\"valueName\":\"search_term_string\"}}],\"inLanguage\":\"de\"},{\"@type\":\"Organization\",\"@id\":\"https:\/\/www.swissraft.ch\/de\/#organization\",\"name\":\"Swissraft\",\"url\":\"https:\/\/www.swissraft.ch\/de\/\",\"logo\":{\"@type\":\"ImageObject\",\"inLanguage\":\"de\",\"@id\":\"https:\/\/www.swissraft.ch\/de\/#\/schema\/logo\/image\/\",\"url\":\"https:\/\/www.swissraft.ch\/wp-content\/uploads\/2025\/09\/Capture.jpg\",\"contentUrl\":\"https:\/\/www.swissraft.ch\/wp-content\/uploads\/2025\/09\/Capture.jpg\",\"width\":293,\"height\":108,\"caption\":\"Swissraft\"},\"image\":{\"@id\":\"https:\/\/www.swissraft.ch\/de\/#\/schema\/logo\/image\/\"}}]}<\/script>\n<!-- \/ Yoast SEO plugin. -->","yoast_head_json":{"title":"Runflug Grosser Alpenflug ab Bern mit Helicopter","description":"Runflug Grosser Alpenflug ab Bern mit Helicopter f\u00fcr einen 60-min\u00fctigen gro\u00dfen Flug mit Zwischenlandung auf dem Petersgratgletscher","robots":{"index":"index","follow":"follow","max-snippet":"max-snippet:-1","max-image-preview":"max-image-preview:large","max-video-preview":"max-video-preview:-1"},"canonical":"https:\/\/www.swissraft.ch\/de\/produkt\/helicopterflug-bern-belp-rundflug-grosser-alpenflug\/","og_locale":"de_DE","og_type":"article","og_title":"Runflug Grosser Alpenflug ab Bern mit Helicopter","og_description":"Runflug Grosser Alpenflug ab Bern mit Helicopter f\u00fcr einen 60-min\u00fctigen gro\u00dfen Flug mit Zwischenlandung auf dem Petersgratgletscher","og_url":"https:\/\/www.swissraft.ch\/de\/produkt\/helicopterflug-bern-belp-rundflug-grosser-alpenflug\/","og_site_name":"Swissraft","article_modified_time":"2026-04-16T22:03:05+00:00","og_image":[{"width":776,"height":776,"url":"https:\/\/www.swissraft.ch\/wp-content\/uploads\/2023\/10\/15-BERN-BELP-Gletscherlandung-776x776-1.jpg","type":"image\/jpeg"}],"twitter_card":"summary_large_image","twitter_misc":{"Gesch\u00e4tzte Lesezeit":"1\u00a0Minute"},"schema":{"@context":"https:\/\/schema.org","@graph":[{"@type":"WebPage","@id":"https:\/\/www.swissraft.ch\/de\/produkt\/helicopterflug-bern-belp-rundflug-grosser-alpenflug\/","url":"https:\/\/www.swissraft.ch\/de\/produkt\/helicopterflug-bern-belp-rundflug-grosser-alpenflug\/","name":"Runflug Grosser Alpenflug ab Bern mit Helicopter","isPartOf":{"@id":"https:\/\/www.swissraft.ch\/de\/#website"},"primaryImageOfPage":{"@id":"https:\/\/www.swissraft.ch\/de\/produkt\/helicopterflug-bern-belp-rundflug-grosser-alpenflug\/#primaryimage"},"image":{"@id":"https:\/\/www.swissraft.ch\/de\/produkt\/helicopterflug-bern-belp-rundflug-grosser-alpenflug\/#primaryimage"},"thumbnailUrl":"https:\/\/www.swissraft.ch\/wp-content\/uploads\/2023\/10\/15-BERN-BELP-Gletscherlandung-776x776-1.jpg","datePublished":"2023-10-24T23:46:12+00:00","dateModified":"2026-04-16T22:03:05+00:00","description":"Runflug Grosser Alpenflug ab Bern mit Helicopter f\u00fcr einen 60-min\u00fctigen gro\u00dfen Flug mit Zwischenlandung auf dem Petersgratgletscher","breadcrumb":{"@id":"https:\/\/www.swissraft.ch\/de\/produkt\/helicopterflug-bern-belp-rundflug-grosser-alpenflug\/#breadcrumb"},"inLanguage":"de","potentialAction":[{"@type":"ReadAction","target":["https:\/\/www.swissraft.ch\/de\/produkt\/helicopterflug-bern-belp-rundflug-grosser-alpenflug\/"]}]},{"@type":"ImageObject","inLanguage":"de","@id":"https:\/\/www.swissraft.ch\/de\/produkt\/helicopterflug-bern-belp-rundflug-grosser-alpenflug\/#primaryimage","url":"https:\/\/www.swissraft.ch\/wp-content\/uploads\/2023\/10\/15-BERN-BELP-Gletscherlandung-776x776-1.jpg","contentUrl":"https:\/\/www.swissraft.ch\/wp-content\/uploads\/2023\/10\/15-BERN-BELP-Gletscherlandung-776x776-1.jpg","width":776,"height":776,"caption":"Runflug Grosser Alpenflug mit Helikopter"},{"@type":"BreadcrumbList","@id":"https:\/\/www.swissraft.ch\/de\/produkt\/helicopterflug-bern-belp-rundflug-grosser-alpenflug\/#breadcrumb","itemListElement":[{"@type":"ListItem","position":1,"name":"Accueil","item":"https:\/\/www.swissraft.ch\/de\/"},{"@type":"ListItem","position":2,"name":"Shop","item":"https:\/\/www.swissraft.ch\/de\/shop\/"},{"@type":"ListItem","position":3,"name":"Helikopterflug &#8211; Bern-Belp &#8211; Grosser Flug \u00fcber die Alpen &#8211; 60 Min. &#8211; CHF 540.00"}]},{"@type":"WebSite","@id":"https:\/\/www.swissraft.ch\/de\/#website","url":"https:\/\/www.swissraft.ch\/de\/","name":"Swissraft","description":"To enjoy nature as it is","publisher":{"@id":"https:\/\/www.swissraft.ch\/de\/#organization"},"potentialAction":[{"@type":"SearchAction","target":{"@type":"EntryPoint","urlTemplate":"https:\/\/www.swissraft.ch\/de\/?s={search_term_string}"},"query-input":{"@type":"PropertyValueSpecification","valueRequired":true,"valueName":"search_term_string"}}],"inLanguage":"de"},{"@type":"Organization","@id":"https:\/\/www.swissraft.ch\/de\/#organization","name":"Swissraft","url":"https:\/\/www.swissraft.ch\/de\/","logo":{"@type":"ImageObject","inLanguage":"de","@id":"https:\/\/www.swissraft.ch\/de\/#\/schema\/logo\/image\/","url":"https:\/\/www.swissraft.ch\/wp-content\/uploads\/2025\/09\/Capture.jpg","contentUrl":"https:\/\/www.swissraft.ch\/wp-content\/uploads\/2025\/09\/Capture.jpg","width":293,"height":108,"caption":"Swissraft"},"image":{"@id":"https:\/\/www.swissraft.ch\/de\/#\/schema\/logo\/image\/"}}]}},"_links":{"self":[{"href":"https:\/\/www.swissraft.ch\/de\/wp-json\/wp\/v2\/product\/91318","targetHints":{"allow":["GET"]}}],"collection":[{"href":"https:\/\/www.swissraft.ch\/de\/wp-json\/wp\/v2\/product"}],"about":[{"href":"https:\/\/www.swissraft.ch\/de\/wp-json\/wp\/v2\/types\/product"}],"replies":[{"embeddable":true,"href":"https:\/\/www.swissraft.ch\/de\/wp-json\/wp\/v2\/comments?post=91318"}],"version-history":[{"count":49,"href":"https:\/\/www.swissraft.ch\/de\/wp-json\/wp\/v2\/product\/91318\/revisions"}],"predecessor-version":[{"id":140386,"href":"https:\/\/www.swissraft.ch\/de\/wp-json\/wp\/v2\/product\/91318\/revisions\/140386"}],"wp:featuredmedia":[{"embeddable":true,"href":"https:\/\/www.swissraft.ch\/de\/wp-json\/wp\/v2\/media\/87376"}],"wp:attachment":[{"href":"https:\/\/www.swissraft.ch\/de\/wp-json\/wp\/v2\/media?parent=91318"}],"wp:term":[{"taxonomy":"product_cat","embeddable":true,"href":"https:\/\/www.swissraft.ch\/de\/wp-json\/wp\/v2\/product_cat?post=91318"},{"taxonomy":"product_tag","embeddable":true,"href":"https:\/\/www.swissraft.ch\/de\/wp-json\/wp\/v2\/product_tag?post=91318"}],"curies":[{"name":"wp","href":"https:\/\/api.w.org\/{rel}","templated":true}]}}