{"id":91317,"date":"2023-10-31T05:42:22","date_gmt":"2023-10-31T04:42:22","guid":{"rendered":"https:\/\/swissraft.xyanzkdne.eu\/product\/heliskiing-im-valais-le-glacier-du-trient-3251-m-ab-chf-225-00\/"},"modified":"2026-02-16T16:32:10","modified_gmt":"2026-02-16T15:32:10","slug":"heliskiing-wallis-der-trient-gletscher","status":"publish","type":"product","link":"https:\/\/www.swissraft.ch\/de\/produkt\/heliskiing-wallis-der-trient-gletscher\/","title":{"rendered":"Heliskiing im VALAIS &#8211; LE GLACIER DU TRIENT 3251 m &#8211; Ab CHF 240.00"},"content":{"rendered":"\t\t<div data-elementor-type=\"wp-post\" data-elementor-id=\"91317\" class=\"elementor elementor-91317 elementor-50084\">\n\t\t\t\t\t\t\t\t\t<section class=\"elementor-section elementor-top-section elementor-element elementor-element-3303a7e3 elementor-section-boxed elementor-section-height-default elementor-section-height-default\" data-id=\"3303a7e3\" data-element_type=\"section\">\n\t\t\t\t\t\t<div class=\"elementor-container elementor-column-gap-default\">\n\t\t\t\t\t<div class=\"elementor-column elementor-col-100 elementor-top-column elementor-element elementor-element-16d72dbf\" data-id=\"16d72dbf\" data-element_type=\"column\">\n\t\t\t<div class=\"elementor-widget-wrap elementor-element-populated\">\n\t\t\t\t\t\t\t\t<div class=\"elementor-element elementor-element-d743c03 elementor-widget elementor-widget-text-editor\" data-id=\"d743c03\" data-element_type=\"widget\" data-widget_type=\"text-editor.default\">\n\t\t\t\t<div class=\"elementor-widget-container\">\n\t\t\t\t\t\t\t<h2>W\u00c4HLEN SIE UNTEN IHRE AKTIVIT\u00c4T AUS, UM GESCHENKGUTSCHEINE \/ TICKETS ZU VERSCHENKEN ODER ZU BUCHEN.<\/h2><table border=\"0\" width=\"580\" cellspacing=\"10\" cellpadding=\"10\"><tbody><tr><td width=\"50%\"><strong>1) DER TRIENT-GLETSCHER 3251 m &#8211; (4 Pers. + 1 Bergf\u00fchrer) &#8211; AB ORSI\u00c8RES<\/strong><\/td><td><strong>CHF 240.00 pro Person<span class=\"productPrice\"><br \/><\/span><\/strong><\/td><\/tr><tr><td>Weitere Informationen<\/td><td><span class=\"patt\">&#8211; Basic-Sicherheitstasche (Baryvox, Schaufel, Sonde, Gurt) ca. <strong>CHF 30.00<\/strong>\/Pers.<br \/>&#8211; Komplette Sicherheitstasche mit ABS (Absacker, Barryvox, Schaufel, Sonde, Klettergurt) ca. <strong>CHF 60.00<\/strong>\/Pers.<br \/>&#8211; Die Leistung des Reiseleiters ist nicht inbegriffen<br \/>&#8211; Minimum 3 Pers. + 1 Bergf\u00fchrer<br \/><\/span><\/td><\/tr><tr><td>Heliport<\/td><td>Orsi\u00e8res<\/td><\/tr><tr><td>Hinweis<\/td><td>Bergf\u00fchrer erforderlich<\/td><\/tr><tr><td>Termin<\/td><td>Per Telefon<\/td><\/tr><tr><td><button class=\"elementor-button\" type=\"button\"><a href=\"https:\/\/swissraft.outdoorbooking.ch\/fo\/products\/gift_vouchers?base_id=137&amp;category_id=36&amp;id=2129&amp;lang=de\" target=\"_blank\" rel=\"noopener\">GUTSCHEIN \/ TICKET KAUFEN<\/a><\/button><\/td><td><strong><em>WICHTIG !<\/em><\/strong><br \/><em>Um zu reservieren, rufen Sie die Nummer an, die sich oben links auf dem Gutschein \/ Ticket befindet.<\/em><\/td><\/tr><\/tbody><\/table><table border=\"0\" width=\"580\" cellspacing=\"10\" cellpadding=\"10\"><tbody><tr><td width=\"50%\"><strong>2) DER TRIENT-GLETSCHER 3251 m &#8211; (4 Pers. + 1 Bergf\u00fchrer) &#8211; AB FINHAUT<\/strong><\/td><td><strong>CHF 240.00 pro Person<span class=\"productPrice\"><br \/><\/span><\/strong><\/td><\/tr><tr><td>Weitere Informationen<\/td><td><span class=\"patt\">&#8211; Basic-Sicherheitstasche (Baryvox, Schaufel, Sonde, Gurt) ca. <strong>CHF 30.00<\/strong>\/Pers.<br \/>&#8211; Komplette Sicherheitstasche mit ABS (Absacker, Barryvox, Schaufel, Sonde, Klettergurt) ca. <strong>CHF 60.00<\/strong>\/Pers.<br \/>&#8211; Die Geb\u00fchren des Reiseleiters sind nicht inbegriffen<br \/>&#8211; Minimum 3 Pers. + 1 Bergf\u00fchrer<br \/><\/span><\/td><\/tr><tr><td>Heliport<\/td><td>Finhaut<\/td><\/tr><tr><td>Hinweis<\/td><td>Bergf\u00fchrer erforderlich<\/td><\/tr><tr><td>Termin<\/td><td>Per Telefon<\/td><\/tr><tr><td><button class=\"elementor-button\" type=\"button\"><a href=\"https:\/\/swissraft.outdoorbooking.ch\/fo\/products\/gift_vouchers?base_id=137&amp;category_id=36&amp;id=2130&amp;lang=de\" target=\"_blank\" rel=\"noopener\">GUTSCHEIN \/ TICKET KAUFEN<\/a><\/button><\/td><td><strong><em>WICHTIG !<\/em><\/strong><br \/><em>Um zu reservieren, rufen Sie die Nummer an, die sich oben links auf dem Gutschein \/ Ticket befindet.<\/em><\/td><\/tr><\/tbody><\/table><table border=\"0\" width=\"580\" cellspacing=\"10\" cellpadding=\"10\"><tbody><tr><td width=\"50%\"><strong>3) DER TRIENT-GLETSCHER 3251 m &#8211; (4 Pers. + 1 F\u00fchrer) &#8211; AB CH\u00c2BLE<\/strong><\/td><td><strong>CHF 240.00 pro Person<span class=\"productPrice\"><br \/><\/span><\/strong><\/td><\/tr><tr><td>Weitere Informationen<\/td><td><span class=\"patt\">&#8211; Basic-Sicherheitstasche (Baryvox, Schaufel, Sonde, Gurt) ca. <strong>CHF 30.00<\/strong>\/Pers.<br \/>&#8211; Komplette Sicherheitstasche mit ABS (Absacker, Barryvox, Schaufel, Sonde, Klettergurt) ca. <strong>CHF 60.00<\/strong>\/Pers.<br \/>&#8211; Die Geb\u00fchren des Reiseleiters sind nicht inbegriffen<br \/>&#8211; Minimum 3 Pers. + 1 Bergf\u00fchrer<br \/><\/span><\/td><\/tr><tr><td>Heliport<\/td><td>Le Ch\u00e2ble<\/td><\/tr><tr><td>Hinweis<\/td><td>Bergf\u00fchrer erforderlich<\/td><\/tr><tr><td>Termin<\/td><td>Per Telefon<\/td><\/tr><tr><td><button class=\"elementor-button\" type=\"button\"><a href=\"https:\/\/swissraft.outdoorbooking.ch\/fo\/products\/gift_vouchers?base_id=137&amp;category_id=36&amp;id=2131&amp;lang=de\" target=\"_blank\" rel=\"noopener\">GUTSCHEIN\/ TICKET KAUFEN<\/a><\/button><\/td><td><strong><em>WICHTIG !<\/em><\/strong><br \/><em>Um zu reservieren, rufen Sie die Nummer an, die sich oben links auf dem Gutschein \/ Ticket befindet.<\/em><\/td><\/tr><\/tbody><\/table><table border=\"0\" width=\"580\" cellspacing=\"10\" cellpadding=\"10\"><tbody><tr><td width=\"50%\"><strong>4) DER TRIENT-GLETSCHER 3251 m &#8211; (4 Pers. + 1 F\u00fchrer) &#8211; AB SITTEN<\/strong><\/td><td><strong>CHF 240.00 pro Person<span class=\"productPrice\"><br \/><\/span><\/strong><\/td><\/tr><tr><td>Weitere Informationen<\/td><td><span class=\"patt\">&#8211; Basic-Sicherheitstasche (Baryvox, Schaufel, Sonde, Gurt) ca. <strong>CHF 30.00<\/strong>\/Pers.<br \/>&#8211; Komplette Sicherheitstasche mit ABS (Absacker, Barryvox, Schaufel, Sonde, Klettergurt) ca. <strong>CHF 60.00<\/strong>\/Pers.<br \/>&#8211; Die Geb\u00fchren des Reiseleiters sind nicht inbegriffen<br \/>&#8211; Minimum 3 Pers. + 1 Bergf\u00fchrer<br \/><\/span><\/td><\/tr><tr><td>Flughafen<\/td><td>Sitten<\/td><\/tr><tr><td>Hinweis<\/td><td>Bergf\u00fchrer erforderlich<\/td><\/tr><tr><td>Termin<\/td><td>Per Telefon<\/td><\/tr><tr><td><button class=\"elementor-button\" type=\"button\"><a href=\"https:\/\/swissraft.outdoorbooking.ch\/fo\/products\/gift_vouchers?base_id=137&amp;category_id=36&amp;id=2132&amp;lang=de\" target=\"_blank\" rel=\"noopener\">GUTSCHEIN \/ TICKET KAUFEN<\/a><\/button><\/td><td><strong><em>WICHTIG !<\/em><\/strong><br \/><em>Um zu reservieren, rufen Sie die Nummer an, die sich oben links auf dem Gutschein \/ Ticket befindet.<\/em><\/td><\/tr><\/tbody><\/table><table border=\"0\" width=\"580\" cellspacing=\"10\" cellpadding=\"10\"><tbody><tr><td width=\"50%\"><strong>5) DER TRIENT-GLETSCHER 3251 m &#8211; (4 Pers. + 1 Bergf\u00fchrer) &#8211; AB LEYSIN<\/strong><\/td><td><strong>CHF 345.00 pro Person<span class=\"productPrice\"><br \/><\/span><\/strong><\/td><\/tr><tr><td>Weitere Informationen<\/td><td><span class=\"patt\">&#8211; Basic-Sicherheitstasche (Baryvox, Schaufel, Sonde, Gurt) ca. <strong>CHF 30.00<\/strong>\/Pers.<br \/>&#8211; Komplette Sicherheitstasche mit ABS (Absacker, Barryvox, Schaufel, Sonde, Klettergurt) ca. <strong>CHF 60.00<\/strong>\/Pers.<br \/>&#8211; Die Geb\u00fchren des Reiseleiters sind nicht inbegriffen<br \/>&#8211; Minimum 3 Pers. + 1 Bergf\u00fchrer<br \/><\/span><\/td><\/tr><tr><td>Heliport<\/td><td>Leysin<\/td><\/tr><tr><td>Hinweis<\/td><td>Bergf\u00fchrer erforderlich<\/td><\/tr><tr><td>Termin<\/td><td>Per Telefon<\/td><\/tr><tr><td><button class=\"elementor-button\" type=\"button\"><a href=\"https:\/\/swissraft.outdoorbooking.ch\/fo\/products\/gift_vouchers?base_id=137&amp;category_id=36&amp;id=2133&amp;lang=de\" target=\"_blank\" rel=\"noopener\">GUTSCHEIN \/ TICKET KAUFEN<\/a><\/button><\/td><td><strong><em>WICHTIG !<\/em><\/strong><br \/><em>Um zu reservieren, rufen Sie die Nummer an, die sich oben links auf dem Gutschein \/ Ticket befindet.<\/em><\/td><\/tr><\/tbody><\/table><table border=\"0\" width=\"580\" cellspacing=\"10\" cellpadding=\"10\"><tbody><tr><td width=\"50%\"><strong>6) DER TRIENT-GLETSCHER 3251 m &#8211; (4 Pers. + 1 Bergf\u00fchrer) &#8211; AB GRIMENTZ<\/strong><\/td><td><strong>CHF 375.00 pro Person<span class=\"productPrice\"><br \/><\/span><\/strong><\/td><\/tr><tr><td>Weitere Informationen<\/td><td><span class=\"patt\">&#8211; Basic-Sicherheitstasche (Baryvox, Schaufel, Sonde, Gurt) ca. <strong>CHF 30.00<\/strong>\/Pers.<br \/>&#8211; Komplette Sicherheitstasche mit ABS (Absacker, Barryvox, Schaufel, Sonde, Klettergurt) ca. <strong>CHF 60.00<\/strong>\/Pers.<br \/>&#8211; Die Geb\u00fchren des Reiseleiters sind nicht inbegriffen<br \/>&#8211; Minimum 3 Pers. + 1 Bergf\u00fchrer<br \/><\/span><\/td><\/tr><tr><td>Heliport<\/td><td>Grimentz<\/td><\/tr><tr><td>Hinweis<\/td><td>Bergf\u00fchrer erforderlich<\/td><\/tr><tr><td>Termin<\/td><td>Per Telefon<\/td><\/tr><tr><td><button class=\"elementor-button\" type=\"button\"><a href=\"https:\/\/swissraft.outdoorbooking.ch\/fo\/products\/gift_vouchers?base_id=137&amp;category_id=36&amp;id=2134&amp;lang=de\" target=\"_blank\" rel=\"noopener\">GUTSCHEIN \/ TICKET KAUFEN<\/a><\/button><\/td><td><strong><em>WICHTIG !<\/em><\/strong><br \/><em>Um zu reservieren, rufen Sie die Nummer an, die sich oben links auf dem Gutschein \/ Ticket befindet.<\/em><\/td><\/tr><\/tbody><\/table>\t\t\t\t\t\t<\/div>\n\t\t\t\t<\/div>\n\t\t\t\t\t<\/div>\n\t\t<\/div>\n\t\t\t\t\t\t\t<\/div>\n\t\t<\/section>\n\t\t\t\t\t\t\t<\/div>\n\t\t","protected":false},"excerpt":{"rendered":"<div align=\"justify\">\n<h2 align=\"justify\">Heliskiing auf dem Trientgletscher ist spektakul\u00e4r. Sie sind ein guter Skifahrer oder eine gute Skifahrerin und f\u00fchlen sich im Pulverschnee wohl? <\/h2>\n<h3>Sie befinden sich am Fu\u00dfe der Aiguilles Dor\u00e9es; die unendlichen H\u00e4nge des Trientgletschers liegen vor Ihnen.<\/h3>\n<\/div>\n<p>Zun\u00e4chst starten Sie von einem Ort, den Sie gem\u00e4\u00df unseren Vorschl\u00e4gen w\u00e4hlen. Sie haben Ihre gesamte Ausr\u00fcstung dabei und laden Ihre Skier in einen daf\u00fcr vorgesehenen Korb. Zweitens landen Sie auf dem Landeplatz des Glacier du Trient, der sich auf dem oberen Teil des Gletschers befindet. Hier gibt es keine Vegetation in dieser eisigen Umgebung. Sie k\u00f6nnen die Cabane du Trient auf 3170 m H\u00f6he sehen. Danach schnallen Sie Ihre Skier an und beginnen Ihre Abfahrt im Pulverschnee. Sie beschlie\u00dfen, eine Kaffeepause in der Trient-H\u00fctte zu machen. Der H\u00fcttenwart empf\u00e4ngt Sie gerne und die Atmosph\u00e4re in der Bergh\u00fctte ist freundlich.<\/p>\n<h3>Wir bieten zahlreiche Gipfel mit Heliskiing an, insbesondere im Wallis und im Berner Oberland.<\/h3>\n<p id=\"textarea\" style=\"display: none;\">\nVom Heliport in Gstaad-Grund aus bieten wir auch Heliskiing im Berner Oberland an. Ebenso vom Heliport Balzers in Liechtenstein, von wo aus wir zu mehreren Gipfeln in Graub\u00fcnden starten.\n<\/p>\n<p><a id=\"seeMore\" onclick=\"toggleSeeMore()\" href=\"javascript:void(0);\">Lesen Sie mehr<\/a><\/p>\n","protected":false},"featured_media":87751,"comment_status":"open","ping_status":"closed","template":"","meta":{"inline_featured_image":false,"_mi_skip_tracking":false},"product_cat":[289,308],"product_tag":[],"class_list":["post-91317","product","type-product","status-publish","has-post-thumbnail","hentry","product_cat-heliskiing-in-der-schweiz","product_cat-heliski-wallis"],"yoast_head":"<!-- This site is optimized with the Yoast SEO plugin v23.6 - https:\/\/yoast.com\/wordpress\/plugins\/seo\/ -->\n<title>Der Trientgletscher im Wallis mit Heliskiing von einem Hubschrauberlandeplatz aus<\/title>\n<meta name=\"description\" content=\"Der Trientgletscher im Wallis mit Heliskiing von einem Heliport oder Flughafen Ihrer Wahl. W\u00e4hlen Sie aus unseren 6 Startpl\u00e4tzen f\u00fcr den Trient.\" \/>\n<meta name=\"robots\" content=\"index, follow, max-snippet:-1, max-image-preview:large, max-video-preview:-1\" \/>\n<link rel=\"canonical\" href=\"https:\/\/www.swissraft.ch\/de\/produkt\/heliskiing-wallis-der-trient-gletscher\/\" \/>\n<meta property=\"og:locale\" content=\"de_DE\" \/>\n<meta property=\"og:type\" content=\"article\" \/>\n<meta property=\"og:title\" content=\"Der Trientgletscher im Wallis mit Heliskiing von einem Hubschrauberlandeplatz aus\" \/>\n<meta property=\"og:description\" content=\"Der Trientgletscher im Wallis mit Heliskiing von einem Heliport oder Flughafen Ihrer Wahl. W\u00e4hlen Sie aus unseren 6 Startpl\u00e4tzen f\u00fcr den Trient.\" \/>\n<meta property=\"og:url\" content=\"https:\/\/www.swissraft.ch\/de\/produkt\/heliskiing-wallis-der-trient-gletscher\/\" \/>\n<meta property=\"og:site_name\" content=\"Swissraft\" \/>\n<meta property=\"article:modified_time\" content=\"2026-02-16T15:32:10+00:00\" \/>\n<meta property=\"og:image\" content=\"https:\/\/www.swissraft.ch\/wp-content\/uploads\/2023\/10\/Trient-776x776-1.jpg\" \/>\n\t<meta property=\"og:image:width\" content=\"776\" \/>\n\t<meta property=\"og:image:height\" content=\"776\" \/>\n\t<meta property=\"og:image:type\" content=\"image\/jpeg\" \/>\n<meta name=\"twitter:card\" content=\"summary_large_image\" \/>\n<meta name=\"twitter:label1\" content=\"Gesch\u00e4tzte Lesezeit\" \/>\n\t<meta name=\"twitter:data1\" content=\"3\u00a0Minuten\" \/>\n<script type=\"application\/ld+json\" class=\"yoast-schema-graph\">{\"@context\":\"https:\/\/schema.org\",\"@graph\":[{\"@type\":\"WebPage\",\"@id\":\"https:\/\/www.swissraft.ch\/de\/produkt\/heliskiing-wallis-der-trient-gletscher\/\",\"url\":\"https:\/\/www.swissraft.ch\/de\/produkt\/heliskiing-wallis-der-trient-gletscher\/\",\"name\":\"Der Trientgletscher im Wallis mit Heliskiing von einem Hubschrauberlandeplatz aus\",\"isPartOf\":{\"@id\":\"https:\/\/www.swissraft.ch\/de\/#website\"},\"primaryImageOfPage\":{\"@id\":\"https:\/\/www.swissraft.ch\/de\/produkt\/heliskiing-wallis-der-trient-gletscher\/#primaryimage\"},\"image\":{\"@id\":\"https:\/\/www.swissraft.ch\/de\/produkt\/heliskiing-wallis-der-trient-gletscher\/#primaryimage\"},\"thumbnailUrl\":\"https:\/\/www.swissraft.ch\/wp-content\/uploads\/2023\/10\/Trient-776x776-1.jpg\",\"datePublished\":\"2023-10-31T04:42:22+00:00\",\"dateModified\":\"2026-02-16T15:32:10+00:00\",\"description\":\"Der Trientgletscher im Wallis mit Heliskiing von einem Heliport oder Flughafen Ihrer Wahl. W\u00e4hlen Sie aus unseren 6 Startpl\u00e4tzen f\u00fcr den Trient.\",\"breadcrumb\":{\"@id\":\"https:\/\/www.swissraft.ch\/de\/produkt\/heliskiing-wallis-der-trient-gletscher\/#breadcrumb\"},\"inLanguage\":\"de\",\"potentialAction\":[{\"@type\":\"ReadAction\",\"target\":[\"https:\/\/www.swissraft.ch\/de\/produkt\/heliskiing-wallis-der-trient-gletscher\/\"]}]},{\"@type\":\"ImageObject\",\"inLanguage\":\"de\",\"@id\":\"https:\/\/www.swissraft.ch\/de\/produkt\/heliskiing-wallis-der-trient-gletscher\/#primaryimage\",\"url\":\"https:\/\/www.swissraft.ch\/wp-content\/uploads\/2023\/10\/Trient-776x776-1.jpg\",\"contentUrl\":\"https:\/\/www.swissraft.ch\/wp-content\/uploads\/2023\/10\/Trient-776x776-1.jpg\",\"width\":776,\"height\":776,\"caption\":\"Trient Heliskiing im Wallis\"},{\"@type\":\"BreadcrumbList\",\"@id\":\"https:\/\/www.swissraft.ch\/de\/produkt\/heliskiing-wallis-der-trient-gletscher\/#breadcrumb\",\"itemListElement\":[{\"@type\":\"ListItem\",\"position\":1,\"name\":\"Accueil\",\"item\":\"https:\/\/www.swissraft.ch\/de\/\"},{\"@type\":\"ListItem\",\"position\":2,\"name\":\"Shop\",\"item\":\"https:\/\/www.swissraft.ch\/de\/shop\/\"},{\"@type\":\"ListItem\",\"position\":3,\"name\":\"Heliskiing im VALAIS &#8211; LE GLACIER DU TRIENT 3251 m &#8211; Ab CHF 240.00\"}]},{\"@type\":\"WebSite\",\"@id\":\"https:\/\/www.swissraft.ch\/de\/#website\",\"url\":\"https:\/\/www.swissraft.ch\/de\/\",\"name\":\"Swissraft\",\"description\":\"To enjoy nature as it is\",\"publisher\":{\"@id\":\"https:\/\/www.swissraft.ch\/de\/#organization\"},\"potentialAction\":[{\"@type\":\"SearchAction\",\"target\":{\"@type\":\"EntryPoint\",\"urlTemplate\":\"https:\/\/www.swissraft.ch\/de\/?s={search_term_string}\"},\"query-input\":{\"@type\":\"PropertyValueSpecification\",\"valueRequired\":true,\"valueName\":\"search_term_string\"}}],\"inLanguage\":\"de\"},{\"@type\":\"Organization\",\"@id\":\"https:\/\/www.swissraft.ch\/de\/#organization\",\"name\":\"Swissraft\",\"url\":\"https:\/\/www.swissraft.ch\/de\/\",\"logo\":{\"@type\":\"ImageObject\",\"inLanguage\":\"de\",\"@id\":\"https:\/\/www.swissraft.ch\/de\/#\/schema\/logo\/image\/\",\"url\":\"https:\/\/www.swissraft.ch\/wp-content\/uploads\/2025\/09\/Capture.jpg\",\"contentUrl\":\"https:\/\/www.swissraft.ch\/wp-content\/uploads\/2025\/09\/Capture.jpg\",\"width\":293,\"height\":108,\"caption\":\"Swissraft\"},\"image\":{\"@id\":\"https:\/\/www.swissraft.ch\/de\/#\/schema\/logo\/image\/\"}}]}<\/script>\n<!-- \/ Yoast SEO plugin. -->","yoast_head_json":{"title":"Der Trientgletscher im Wallis mit Heliskiing von einem Hubschrauberlandeplatz aus","description":"Der Trientgletscher im Wallis mit Heliskiing von einem Heliport oder Flughafen Ihrer Wahl. W\u00e4hlen Sie aus unseren 6 Startpl\u00e4tzen f\u00fcr den Trient.","robots":{"index":"index","follow":"follow","max-snippet":"max-snippet:-1","max-image-preview":"max-image-preview:large","max-video-preview":"max-video-preview:-1"},"canonical":"https:\/\/www.swissraft.ch\/de\/produkt\/heliskiing-wallis-der-trient-gletscher\/","og_locale":"de_DE","og_type":"article","og_title":"Der Trientgletscher im Wallis mit Heliskiing von einem Hubschrauberlandeplatz aus","og_description":"Der Trientgletscher im Wallis mit Heliskiing von einem Heliport oder Flughafen Ihrer Wahl. W\u00e4hlen Sie aus unseren 6 Startpl\u00e4tzen f\u00fcr den Trient.","og_url":"https:\/\/www.swissraft.ch\/de\/produkt\/heliskiing-wallis-der-trient-gletscher\/","og_site_name":"Swissraft","article_modified_time":"2026-02-16T15:32:10+00:00","og_image":[{"width":776,"height":776,"url":"https:\/\/www.swissraft.ch\/wp-content\/uploads\/2023\/10\/Trient-776x776-1.jpg","type":"image\/jpeg"}],"twitter_card":"summary_large_image","twitter_misc":{"Gesch\u00e4tzte Lesezeit":"3\u00a0Minuten"},"schema":{"@context":"https:\/\/schema.org","@graph":[{"@type":"WebPage","@id":"https:\/\/www.swissraft.ch\/de\/produkt\/heliskiing-wallis-der-trient-gletscher\/","url":"https:\/\/www.swissraft.ch\/de\/produkt\/heliskiing-wallis-der-trient-gletscher\/","name":"Der Trientgletscher im Wallis mit Heliskiing von einem Hubschrauberlandeplatz aus","isPartOf":{"@id":"https:\/\/www.swissraft.ch\/de\/#website"},"primaryImageOfPage":{"@id":"https:\/\/www.swissraft.ch\/de\/produkt\/heliskiing-wallis-der-trient-gletscher\/#primaryimage"},"image":{"@id":"https:\/\/www.swissraft.ch\/de\/produkt\/heliskiing-wallis-der-trient-gletscher\/#primaryimage"},"thumbnailUrl":"https:\/\/www.swissraft.ch\/wp-content\/uploads\/2023\/10\/Trient-776x776-1.jpg","datePublished":"2023-10-31T04:42:22+00:00","dateModified":"2026-02-16T15:32:10+00:00","description":"Der Trientgletscher im Wallis mit Heliskiing von einem Heliport oder Flughafen Ihrer Wahl. W\u00e4hlen Sie aus unseren 6 Startpl\u00e4tzen f\u00fcr den Trient.","breadcrumb":{"@id":"https:\/\/www.swissraft.ch\/de\/produkt\/heliskiing-wallis-der-trient-gletscher\/#breadcrumb"},"inLanguage":"de","potentialAction":[{"@type":"ReadAction","target":["https:\/\/www.swissraft.ch\/de\/produkt\/heliskiing-wallis-der-trient-gletscher\/"]}]},{"@type":"ImageObject","inLanguage":"de","@id":"https:\/\/www.swissraft.ch\/de\/produkt\/heliskiing-wallis-der-trient-gletscher\/#primaryimage","url":"https:\/\/www.swissraft.ch\/wp-content\/uploads\/2023\/10\/Trient-776x776-1.jpg","contentUrl":"https:\/\/www.swissraft.ch\/wp-content\/uploads\/2023\/10\/Trient-776x776-1.jpg","width":776,"height":776,"caption":"Trient Heliskiing im Wallis"},{"@type":"BreadcrumbList","@id":"https:\/\/www.swissraft.ch\/de\/produkt\/heliskiing-wallis-der-trient-gletscher\/#breadcrumb","itemListElement":[{"@type":"ListItem","position":1,"name":"Accueil","item":"https:\/\/www.swissraft.ch\/de\/"},{"@type":"ListItem","position":2,"name":"Shop","item":"https:\/\/www.swissraft.ch\/de\/shop\/"},{"@type":"ListItem","position":3,"name":"Heliskiing im VALAIS &#8211; LE GLACIER DU TRIENT 3251 m &#8211; Ab CHF 240.00"}]},{"@type":"WebSite","@id":"https:\/\/www.swissraft.ch\/de\/#website","url":"https:\/\/www.swissraft.ch\/de\/","name":"Swissraft","description":"To enjoy nature as it is","publisher":{"@id":"https:\/\/www.swissraft.ch\/de\/#organization"},"potentialAction":[{"@type":"SearchAction","target":{"@type":"EntryPoint","urlTemplate":"https:\/\/www.swissraft.ch\/de\/?s={search_term_string}"},"query-input":{"@type":"PropertyValueSpecification","valueRequired":true,"valueName":"search_term_string"}}],"inLanguage":"de"},{"@type":"Organization","@id":"https:\/\/www.swissraft.ch\/de\/#organization","name":"Swissraft","url":"https:\/\/www.swissraft.ch\/de\/","logo":{"@type":"ImageObject","inLanguage":"de","@id":"https:\/\/www.swissraft.ch\/de\/#\/schema\/logo\/image\/","url":"https:\/\/www.swissraft.ch\/wp-content\/uploads\/2025\/09\/Capture.jpg","contentUrl":"https:\/\/www.swissraft.ch\/wp-content\/uploads\/2025\/09\/Capture.jpg","width":293,"height":108,"caption":"Swissraft"},"image":{"@id":"https:\/\/www.swissraft.ch\/de\/#\/schema\/logo\/image\/"}}]}},"_links":{"self":[{"href":"https:\/\/www.swissraft.ch\/de\/wp-json\/wp\/v2\/product\/91317","targetHints":{"allow":["GET"]}}],"collection":[{"href":"https:\/\/www.swissraft.ch\/de\/wp-json\/wp\/v2\/product"}],"about":[{"href":"https:\/\/www.swissraft.ch\/de\/wp-json\/wp\/v2\/types\/product"}],"replies":[{"embeddable":true,"href":"https:\/\/www.swissraft.ch\/de\/wp-json\/wp\/v2\/comments?post=91317"}],"version-history":[{"count":9,"href":"https:\/\/www.swissraft.ch\/de\/wp-json\/wp\/v2\/product\/91317\/revisions"}],"predecessor-version":[{"id":130000,"href":"https:\/\/www.swissraft.ch\/de\/wp-json\/wp\/v2\/product\/91317\/revisions\/130000"}],"wp:featuredmedia":[{"embeddable":true,"href":"https:\/\/www.swissraft.ch\/de\/wp-json\/wp\/v2\/media\/87751"}],"wp:attachment":[{"href":"https:\/\/www.swissraft.ch\/de\/wp-json\/wp\/v2\/media?parent=91317"}],"wp:term":[{"taxonomy":"product_cat","embeddable":true,"href":"https:\/\/www.swissraft.ch\/de\/wp-json\/wp\/v2\/product_cat?post=91317"},{"taxonomy":"product_tag","embeddable":true,"href":"https:\/\/www.swissraft.ch\/de\/wp-json\/wp\/v2\/product_tag?post=91317"}],"curies":[{"name":"wp","href":"https:\/\/api.w.org\/{rel}","templated":true}]}}