{"id":91313,"date":"2024-01-03T23:54:15","date_gmt":"2024-01-03T22:54:15","guid":{"rendered":"https:\/\/swissraft.xyanzkdne.eu\/product\/einfuehrung-in-einen-hubschrauber-ab-granges-robinson-r22-ab-chf-475-00\/"},"modified":"2026-05-02T23:34:45","modified_gmt":"2026-05-02T21:34:45","slug":"schnupperflug-helikopter-grenchen-robinson-r22","status":"publish","type":"product","link":"https:\/\/www.swissraft.ch\/de\/produkt\/schnupperflug-helikopter-grenchen-robinson-r22\/","title":{"rendered":"Schnupperflug &#8211; Helikopter &#8211; Grenchen &#8211; Robinson R22 &#8211; Ab CHF 513.00"},"content":{"rendered":"\t\t<div data-elementor-type=\"wp-post\" data-elementor-id=\"91313\" class=\"elementor elementor-91313 elementor-56176\">\n\t\t\t\t\t\t\t\t\t<section class=\"elementor-section elementor-top-section elementor-element elementor-element-3303a7e3 elementor-section-boxed elementor-section-height-default elementor-section-height-default\" data-id=\"3303a7e3\" data-element_type=\"section\">\n\t\t\t\t\t\t<div class=\"elementor-container elementor-column-gap-default\">\n\t\t\t\t\t<div class=\"elementor-column elementor-col-100 elementor-top-column elementor-element elementor-element-16d72dbf\" data-id=\"16d72dbf\" data-element_type=\"column\">\n\t\t\t<div class=\"elementor-widget-wrap elementor-element-populated\">\n\t\t\t\t\t\t\t\t<div class=\"elementor-element elementor-element-d743c03 elementor-widget elementor-widget-text-editor\" data-id=\"d743c03\" data-element_type=\"widget\" data-widget_type=\"text-editor.default\">\n\t\t\t\t<div class=\"elementor-widget-container\">\n\t\t\t\t\t\t\t<h2>W\u00c4HLEN SIE UNTEN IHRE AKTIVIT\u00c4T AUS, UM GESCHENKGUTSCHEINE \/ TICKETS ZU VERSCHENKEN ODER ZU BUCHEN<\/h2><table border=\"0\" width=\"580\" cellspacing=\"10\" cellpadding=\"10\"><tbody><tr><td width=\"50%\"><strong>SCHNUPPERFLUG &#8211; ROBINSON R22 &#8211; 1 SCH\u00dcLER &#8211; ab 30 Min.<\/strong><\/td><td><strong>Ab CHF 513.00 pro Flug<span class=\"productPrice\"><br \/><\/span><\/strong><\/td><\/tr><tr><td>Zus\u00e4tzliche Informationen<\/td><td>&#8211; Sie haben den Helikopter exklusiv f\u00fcr sich<br \/>&#8211; Sie bestimmen das Datum und die Uhrzeit des Abflugs<br \/>&#8211; H\u00f6chstgewicht : 95 kg<br \/>&#8211; Maximum 1 Pers.<\/td><\/tr><tr><td>Flugplatz<\/td><td><a href=\"https:\/\/www.google.com\/maps\/place\/47%C2%B010'58.8%22N+7%C2%B024'45.2%22E\/@47.1842958,7.3756682,6136m\/data=!3m1!1e3!4m4!3m3!8m2!3d47.183!4d7.4125556?entry=ttu\" target=\"_blank\" rel=\"noopener\">Grenchen<\/a><\/td><\/tr><tr><td>Flugzeit nach Wahl<\/td><td>30 \/ 40 \/ 45 \/ 50 \/ 60 \/ 90 Min.<\/td><\/tr><tr><td>Gesamtdauer<\/td><td>ca. 1:15 bis 2:15 Std. abh\u00e4ngig von der Anzahl der Minuten<\/td><\/tr><tr><td>Termin<\/td><td>Per Telefon<\/td><\/tr><tr><td><button class=\"elementor-button\" type=\"button\"><a href=\"https:\/\/swissraft.outdoorbooking.ch\/fo\/products\/1448?base_id=99&amp;category_id=4&amp;order_type=gift_voucher&amp;lang=de\" target=\"_blank\" rel=\"noopener\">GUTSCHEIN \/ TICKET KAUFEN<\/a><\/button><\/td><td><strong>CHF 513.00 &#8211; 30 Min. Flugzeit <\/strong><\/td><\/tr><tr><td><button class=\"elementor-button\" type=\"button\"><a href=\"https:\/\/swissraft.outdoorbooking.ch\/fo\/products\/1018?base_id=99&amp;category_id=4&amp;order_type=gift_voucher&amp;lang=der\" target=\"_blank\" rel=\"noopener\">GUTSCHEIN \/ TICKET KAUFEN<\/a><\/button><\/td><td><strong>CHF 600.00 &#8211; 40 Min. Flugzeit <\/strong><\/td><\/tr><tr><td><button class=\"elementor-button\" type=\"button\"><a href=\"https:\/\/swissraft.outdoorbooking.ch\/fo\/products\/1019?base_id=99&amp;category_id=4&amp;order_type=gift_voucher&amp;lang=de\" target=\"_blank\" rel=\"noopener\">GUTSCHEIN \/ TICKET KAUFEN<\/a><\/button><\/td><td><strong>CHF 754.00 &#8211; 50 Min. Flugzeit <\/strong><\/td><\/tr><tr><td><button class=\"elementor-button\" type=\"button\"><a href=\"https:\/\/swissraft.outdoorbooking.ch\/fo\/products\/1020?base_id=99&amp;category_id=4&amp;order_type=gift_voucher&amp;lang=de\" target=\"_blank\" rel=\"noopener\">GUTSCHEIN \/ TICKET KAUFEN<\/a><\/button><\/td><td><strong>CHF 910.00 &#8211; 60 Min. Flugzeit <\/strong><\/td><\/tr><tr><td><button class=\"elementor-button\" type=\"button\"><a href=\"https:\/\/swissraft.outdoorbooking.ch\/fo\/products\/1865?base_id=29&amp;category_id=4&amp;order_type=gift_voucher&amp;lang=de\" target=\"_blank\" rel=\"noopener\">GUTSCHEIN \/ TICKET KAUFEN<\/a><\/button><\/td><td><strong>CHF 1&#8217;250.00 &#8211; 90 Min. Flugzeit <\/strong><\/td><\/tr><tr><td>\u00a0<\/td><td><strong><em>WICHTIG !<\/em><\/strong><br \/><em>Um zu reservieren, rufen Sie die Nummer an, die sich oben links auf dem Gutschein \/ Ticket befindet.<\/em><\/td><\/tr><\/tbody><\/table>\t\t\t\t\t\t<\/div>\n\t\t\t\t<\/div>\n\t\t\t\t\t<\/div>\n\t\t<\/div>\n\t\t\t\t\t\t\t<\/div>\n\t\t<\/section>\n\t\t\t\t\t\t\t<\/div>\n\t\t","protected":false},"excerpt":{"rendered":"<div align=\"justify\">\n<h2 align=\"justify\">Vom Flugplatz Grenchen im Kanton Solothurn aus haben Sie sich f\u00fcr eine Einf\u00fchrung in die Fliegerei auf dem ROBINSON R22 entschieden.<\/h2>\n<h3>Der ROBINSON R22 kann zwei Personen bef\u00f6rdern. Mit seinem Kolbenmotor ist er \u00e4u\u00dferst zuverl\u00e4ssig und wahrscheinlich eines der meistverkauften Modelle f\u00fcr Privatpersonen.<\/h3>\n<\/div>\n<div align=\"justify\">\n<p>Sie werden von unserem Fluglehrer auf dem Flugplatz von Grenchen abgeholt. Zun\u00e4chst gibt Ihnen Ihr Fluglehrer eine kurze Einf\u00fchrung in den Helikoper.<br \/>\nDann gehen Sie zu Ihrem Helikopter auf dem Rollfeld. Er zeigt Ihnen, welche mechanischen Teile des Helikopters Sie kontrollieren m\u00fcssen, um sicher fliegen zu k\u00f6nnen.<br \/>\nDann gehen Sie an Bord und nehmen den rechten Sitz ein, da Sie der Pilot sind. Ihr Fluglehrer sitzt zu Ihrer Linken und erkl\u00e4rt Ihnen die Funktion der einzelnen Anzeigen auf dem Armaturenbrett. Kontakt! Sie erhalten die Startfreigabe und der Rotor erreicht 520 U\/min. Sie bet\u00e4tigen mit Ihrer linken Hand den allgemeinen Pitch und heben sanft in den Schwebeflug ab. Sie werden nun mehrere Man\u00f6ver durchf\u00fchren, w\u00e4hrend Ihr Fluglehrer die Doppelsteuerung \u00fcbernimmt.<\/p>\n<h3>Auf dem Flugplatz von Grenchen haben wir 3 verschiedene Hubschraubertypen, mit denen Sie eine Einf\u00fchrung in die Fliegerei erhalten k\u00f6nnen. Bitte rufen Sie uns an, wenn Sie Fragen haben.<\/h3>\n<p id=\"textarea\" style=\"display: none;\">\nWir bieten Einf\u00fchrungsfl\u00fcge mit dem Hubschrauber vom internationalen Flughafen Bern-Belp aus an. Ebenso bieten wir Hubschrauberschulungen vom Flugplatz Speck-Fehraltorf an. Au\u00dferdem f\u00fchren wir vom Flugplatz \u00c9pagny im Kanton Freiburg aus auch Einf\u00fchrungsfl\u00fcge durch. Einerseits f\u00fchren wir Einf\u00fchrungsfl\u00fcge mit dem Hubschrauber von Buttwil im Kanton Aargau aus durch. Au\u00dferdem f\u00fchren wir in der N\u00e4he von Luzern vom Heliport Pfaffnau aus Einf\u00fchrungsfl\u00fcge mit dem Helikopter durch. Aber auch in Liechtenstein fliegen wir vom Heliport Balzers aus. Au\u00dferdem bieten wir in der Ostschweiz Einf\u00fchrungsfl\u00fcge mit dem Helikopter vom Flugplatz Sitterdorf aus an. Sie k\u00f6nnen auch Hubschrauberrundfl\u00fcge von den Heliports in St. Moritz und Untervaz und der Flugplatz von Samedan. Dar\u00fcber hinaus haben wir im Tessin Einf\u00fchrungsfl\u00fcge mit dem Hubschrauber von Locarno-Magadino und Lodrino aus.\n<\/p>\n<p><a id=\"seeMore\" onclick=\"toggleSeeMore()\" href=\"javascript:void(0);\">Lesen Sie mehr<\/a><\/p>\n","protected":false},"featured_media":89281,"comment_status":"open","ping_status":"closed","template":"","meta":{"inline_featured_image":false,"_mi_skip_tracking":false},"product_cat":[277,282,266],"product_tag":[],"class_list":["post-91313","product","type-product","status-publish","has-post-thumbnail","hentry","product_cat-schnupperflug-helikopter","product_cat-helikopter-grenchen","product_cat-schnupperflug-in-der-schweiz-selbst-fliegen"],"yoast_head":"<!-- This site is optimized with the Yoast SEO plugin v23.6 - https:\/\/yoast.com\/wordpress\/plugins\/seo\/ -->\n<title>Schnupperflug mit R22 Robinson in Grenchen<\/title>\n<meta name=\"description\" content=\"Schnupperflug mit R22 Robinson ab Grenchen. Sie \u00fcbernehmen die Steuerung Ihres Hubschraubers mit einem Einweiser an Ihrer Seite ohne weitere Formalit\u00e4ten.\" \/>\n<meta name=\"robots\" content=\"index, follow, max-snippet:-1, max-image-preview:large, max-video-preview:-1\" \/>\n<link rel=\"canonical\" href=\"https:\/\/www.swissraft.ch\/de\/produkt\/schnupperflug-helikopter-grenchen-robinson-r22\/\" \/>\n<meta property=\"og:locale\" content=\"de_DE\" \/>\n<meta property=\"og:type\" content=\"article\" \/>\n<meta property=\"og:title\" content=\"Schnupperflug mit R22 Robinson in Grenchen\" \/>\n<meta property=\"og:description\" content=\"Schnupperflug mit R22 Robinson ab Grenchen. Sie \u00fcbernehmen die Steuerung Ihres Hubschraubers mit einem Einweiser an Ihrer Seite ohne weitere Formalit\u00e4ten.\" \/>\n<meta property=\"og:url\" content=\"https:\/\/www.swissraft.ch\/de\/produkt\/schnupperflug-helikopter-grenchen-robinson-r22\/\" \/>\n<meta property=\"og:site_name\" content=\"Swissraft\" \/>\n<meta property=\"article:modified_time\" content=\"2026-05-02T21:34:45+00:00\" \/>\n<meta property=\"og:image\" content=\"https:\/\/www.swissraft.ch\/wp-content\/uploads\/2024\/01\/1-Robinson-rh22-776x776-1-1.jpg\" \/>\n\t<meta property=\"og:image:width\" content=\"776\" \/>\n\t<meta property=\"og:image:height\" content=\"776\" \/>\n\t<meta property=\"og:image:type\" content=\"image\/jpeg\" \/>\n<meta name=\"twitter:card\" content=\"summary_large_image\" \/>\n<meta name=\"twitter:label1\" content=\"Gesch\u00e4tzte Lesezeit\" \/>\n\t<meta name=\"twitter:data1\" content=\"1\u00a0Minute\" \/>\n<script type=\"application\/ld+json\" class=\"yoast-schema-graph\">{\"@context\":\"https:\/\/schema.org\",\"@graph\":[{\"@type\":\"WebPage\",\"@id\":\"https:\/\/www.swissraft.ch\/de\/produkt\/schnupperflug-helikopter-grenchen-robinson-r22\/\",\"url\":\"https:\/\/www.swissraft.ch\/de\/produkt\/schnupperflug-helikopter-grenchen-robinson-r22\/\",\"name\":\"Schnupperflug mit R22 Robinson in Grenchen\",\"isPartOf\":{\"@id\":\"https:\/\/www.swissraft.ch\/de\/#website\"},\"primaryImageOfPage\":{\"@id\":\"https:\/\/www.swissraft.ch\/de\/produkt\/schnupperflug-helikopter-grenchen-robinson-r22\/#primaryimage\"},\"image\":{\"@id\":\"https:\/\/www.swissraft.ch\/de\/produkt\/schnupperflug-helikopter-grenchen-robinson-r22\/#primaryimage\"},\"thumbnailUrl\":\"https:\/\/www.swissraft.ch\/wp-content\/uploads\/2024\/01\/1-Robinson-rh22-776x776-1-1.jpg\",\"datePublished\":\"2024-01-03T22:54:15+00:00\",\"dateModified\":\"2026-05-02T21:34:45+00:00\",\"description\":\"Schnupperflug mit R22 Robinson ab Grenchen. Sie \u00fcbernehmen die Steuerung Ihres Hubschraubers mit einem Einweiser an Ihrer Seite ohne weitere Formalit\u00e4ten.\",\"breadcrumb\":{\"@id\":\"https:\/\/www.swissraft.ch\/de\/produkt\/schnupperflug-helikopter-grenchen-robinson-r22\/#breadcrumb\"},\"inLanguage\":\"de\",\"potentialAction\":[{\"@type\":\"ReadAction\",\"target\":[\"https:\/\/www.swissraft.ch\/de\/produkt\/schnupperflug-helikopter-grenchen-robinson-r22\/\"]}]},{\"@type\":\"ImageObject\",\"inLanguage\":\"de\",\"@id\":\"https:\/\/www.swissraft.ch\/de\/produkt\/schnupperflug-helikopter-grenchen-robinson-r22\/#primaryimage\",\"url\":\"https:\/\/www.swissraft.ch\/wp-content\/uploads\/2024\/01\/1-Robinson-rh22-776x776-1-1.jpg\",\"contentUrl\":\"https:\/\/www.swissraft.ch\/wp-content\/uploads\/2024\/01\/1-Robinson-rh22-776x776-1-1.jpg\",\"width\":776,\"height\":776,\"caption\":\"Schnupperflug mit R22 Robinson von Granges aus\"},{\"@type\":\"BreadcrumbList\",\"@id\":\"https:\/\/www.swissraft.ch\/de\/produkt\/schnupperflug-helikopter-grenchen-robinson-r22\/#breadcrumb\",\"itemListElement\":[{\"@type\":\"ListItem\",\"position\":1,\"name\":\"Accueil\",\"item\":\"https:\/\/www.swissraft.ch\/de\/\"},{\"@type\":\"ListItem\",\"position\":2,\"name\":\"Shop\",\"item\":\"https:\/\/www.swissraft.ch\/de\/shop\/\"},{\"@type\":\"ListItem\",\"position\":3,\"name\":\"Schnupperflug &#8211; Helikopter &#8211; Grenchen &#8211; Robinson R22 &#8211; Ab CHF 513.00\"}]},{\"@type\":\"WebSite\",\"@id\":\"https:\/\/www.swissraft.ch\/de\/#website\",\"url\":\"https:\/\/www.swissraft.ch\/de\/\",\"name\":\"Swissraft\",\"description\":\"To enjoy nature as it is\",\"publisher\":{\"@id\":\"https:\/\/www.swissraft.ch\/de\/#organization\"},\"potentialAction\":[{\"@type\":\"SearchAction\",\"target\":{\"@type\":\"EntryPoint\",\"urlTemplate\":\"https:\/\/www.swissraft.ch\/de\/?s={search_term_string}\"},\"query-input\":{\"@type\":\"PropertyValueSpecification\",\"valueRequired\":true,\"valueName\":\"search_term_string\"}}],\"inLanguage\":\"de\"},{\"@type\":\"Organization\",\"@id\":\"https:\/\/www.swissraft.ch\/de\/#organization\",\"name\":\"Swissraft\",\"url\":\"https:\/\/www.swissraft.ch\/de\/\",\"logo\":{\"@type\":\"ImageObject\",\"inLanguage\":\"de\",\"@id\":\"https:\/\/www.swissraft.ch\/de\/#\/schema\/logo\/image\/\",\"url\":\"https:\/\/www.swissraft.ch\/wp-content\/uploads\/2025\/09\/Capture.jpg\",\"contentUrl\":\"https:\/\/www.swissraft.ch\/wp-content\/uploads\/2025\/09\/Capture.jpg\",\"width\":293,\"height\":108,\"caption\":\"Swissraft\"},\"image\":{\"@id\":\"https:\/\/www.swissraft.ch\/de\/#\/schema\/logo\/image\/\"}}]}<\/script>\n<!-- \/ Yoast SEO plugin. -->","yoast_head_json":{"title":"Schnupperflug mit R22 Robinson in Grenchen","description":"Schnupperflug mit R22 Robinson ab Grenchen. Sie \u00fcbernehmen die Steuerung Ihres Hubschraubers mit einem Einweiser an Ihrer Seite ohne weitere Formalit\u00e4ten.","robots":{"index":"index","follow":"follow","max-snippet":"max-snippet:-1","max-image-preview":"max-image-preview:large","max-video-preview":"max-video-preview:-1"},"canonical":"https:\/\/www.swissraft.ch\/de\/produkt\/schnupperflug-helikopter-grenchen-robinson-r22\/","og_locale":"de_DE","og_type":"article","og_title":"Schnupperflug mit R22 Robinson in Grenchen","og_description":"Schnupperflug mit R22 Robinson ab Grenchen. Sie \u00fcbernehmen die Steuerung Ihres Hubschraubers mit einem Einweiser an Ihrer Seite ohne weitere Formalit\u00e4ten.","og_url":"https:\/\/www.swissraft.ch\/de\/produkt\/schnupperflug-helikopter-grenchen-robinson-r22\/","og_site_name":"Swissraft","article_modified_time":"2026-05-02T21:34:45+00:00","og_image":[{"width":776,"height":776,"url":"https:\/\/www.swissraft.ch\/wp-content\/uploads\/2024\/01\/1-Robinson-rh22-776x776-1-1.jpg","type":"image\/jpeg"}],"twitter_card":"summary_large_image","twitter_misc":{"Gesch\u00e4tzte Lesezeit":"1\u00a0Minute"},"schema":{"@context":"https:\/\/schema.org","@graph":[{"@type":"WebPage","@id":"https:\/\/www.swissraft.ch\/de\/produkt\/schnupperflug-helikopter-grenchen-robinson-r22\/","url":"https:\/\/www.swissraft.ch\/de\/produkt\/schnupperflug-helikopter-grenchen-robinson-r22\/","name":"Schnupperflug mit R22 Robinson in Grenchen","isPartOf":{"@id":"https:\/\/www.swissraft.ch\/de\/#website"},"primaryImageOfPage":{"@id":"https:\/\/www.swissraft.ch\/de\/produkt\/schnupperflug-helikopter-grenchen-robinson-r22\/#primaryimage"},"image":{"@id":"https:\/\/www.swissraft.ch\/de\/produkt\/schnupperflug-helikopter-grenchen-robinson-r22\/#primaryimage"},"thumbnailUrl":"https:\/\/www.swissraft.ch\/wp-content\/uploads\/2024\/01\/1-Robinson-rh22-776x776-1-1.jpg","datePublished":"2024-01-03T22:54:15+00:00","dateModified":"2026-05-02T21:34:45+00:00","description":"Schnupperflug mit R22 Robinson ab Grenchen. Sie \u00fcbernehmen die Steuerung Ihres Hubschraubers mit einem Einweiser an Ihrer Seite ohne weitere Formalit\u00e4ten.","breadcrumb":{"@id":"https:\/\/www.swissraft.ch\/de\/produkt\/schnupperflug-helikopter-grenchen-robinson-r22\/#breadcrumb"},"inLanguage":"de","potentialAction":[{"@type":"ReadAction","target":["https:\/\/www.swissraft.ch\/de\/produkt\/schnupperflug-helikopter-grenchen-robinson-r22\/"]}]},{"@type":"ImageObject","inLanguage":"de","@id":"https:\/\/www.swissraft.ch\/de\/produkt\/schnupperflug-helikopter-grenchen-robinson-r22\/#primaryimage","url":"https:\/\/www.swissraft.ch\/wp-content\/uploads\/2024\/01\/1-Robinson-rh22-776x776-1-1.jpg","contentUrl":"https:\/\/www.swissraft.ch\/wp-content\/uploads\/2024\/01\/1-Robinson-rh22-776x776-1-1.jpg","width":776,"height":776,"caption":"Schnupperflug mit R22 Robinson von Granges aus"},{"@type":"BreadcrumbList","@id":"https:\/\/www.swissraft.ch\/de\/produkt\/schnupperflug-helikopter-grenchen-robinson-r22\/#breadcrumb","itemListElement":[{"@type":"ListItem","position":1,"name":"Accueil","item":"https:\/\/www.swissraft.ch\/de\/"},{"@type":"ListItem","position":2,"name":"Shop","item":"https:\/\/www.swissraft.ch\/de\/shop\/"},{"@type":"ListItem","position":3,"name":"Schnupperflug &#8211; Helikopter &#8211; Grenchen &#8211; Robinson R22 &#8211; Ab CHF 513.00"}]},{"@type":"WebSite","@id":"https:\/\/www.swissraft.ch\/de\/#website","url":"https:\/\/www.swissraft.ch\/de\/","name":"Swissraft","description":"To enjoy nature as it is","publisher":{"@id":"https:\/\/www.swissraft.ch\/de\/#organization"},"potentialAction":[{"@type":"SearchAction","target":{"@type":"EntryPoint","urlTemplate":"https:\/\/www.swissraft.ch\/de\/?s={search_term_string}"},"query-input":{"@type":"PropertyValueSpecification","valueRequired":true,"valueName":"search_term_string"}}],"inLanguage":"de"},{"@type":"Organization","@id":"https:\/\/www.swissraft.ch\/de\/#organization","name":"Swissraft","url":"https:\/\/www.swissraft.ch\/de\/","logo":{"@type":"ImageObject","inLanguage":"de","@id":"https:\/\/www.swissraft.ch\/de\/#\/schema\/logo\/image\/","url":"https:\/\/www.swissraft.ch\/wp-content\/uploads\/2025\/09\/Capture.jpg","contentUrl":"https:\/\/www.swissraft.ch\/wp-content\/uploads\/2025\/09\/Capture.jpg","width":293,"height":108,"caption":"Swissraft"},"image":{"@id":"https:\/\/www.swissraft.ch\/de\/#\/schema\/logo\/image\/"}}]}},"_links":{"self":[{"href":"https:\/\/www.swissraft.ch\/de\/wp-json\/wp\/v2\/product\/91313","targetHints":{"allow":["GET"]}}],"collection":[{"href":"https:\/\/www.swissraft.ch\/de\/wp-json\/wp\/v2\/product"}],"about":[{"href":"https:\/\/www.swissraft.ch\/de\/wp-json\/wp\/v2\/types\/product"}],"replies":[{"embeddable":true,"href":"https:\/\/www.swissraft.ch\/de\/wp-json\/wp\/v2\/comments?post=91313"}],"version-history":[{"count":20,"href":"https:\/\/www.swissraft.ch\/de\/wp-json\/wp\/v2\/product\/91313\/revisions"}],"predecessor-version":[{"id":143249,"href":"https:\/\/www.swissraft.ch\/de\/wp-json\/wp\/v2\/product\/91313\/revisions\/143249"}],"wp:featuredmedia":[{"embeddable":true,"href":"https:\/\/www.swissraft.ch\/de\/wp-json\/wp\/v2\/media\/89281"}],"wp:attachment":[{"href":"https:\/\/www.swissraft.ch\/de\/wp-json\/wp\/v2\/media?parent=91313"}],"wp:term":[{"taxonomy":"product_cat","embeddable":true,"href":"https:\/\/www.swissraft.ch\/de\/wp-json\/wp\/v2\/product_cat?post=91313"},{"taxonomy":"product_tag","embeddable":true,"href":"https:\/\/www.swissraft.ch\/de\/wp-json\/wp\/v2\/product_tag?post=91313"}],"curies":[{"name":"wp","href":"https:\/\/api.w.org\/{rel}","templated":true}]}}