{"id":91310,"date":"2024-01-02T22:38:48","date_gmt":"2024-01-02T21:38:48","guid":{"rendered":"https:\/\/swissraft.xyanzkdne.eu\/product\/einweisung-in-einen-hubschrauber-von-balzers-cabri-g2-chf-550-00\/"},"modified":"2026-05-02T22:45:16","modified_gmt":"2026-05-02T20:45:16","slug":"schnupperflug-helikopter-cabri-g2-balzers","status":"publish","type":"product","link":"https:\/\/www.swissraft.ch\/de\/produkt\/schnupperflug-helikopter-cabri-g2-balzers\/","title":{"rendered":"Schnupperflug &#8211; Helikopter &#8211; Balzers &#8211; Cabri G2 &#8211; CHF 550.00"},"content":{"rendered":"\t\t<div data-elementor-type=\"wp-post\" data-elementor-id=\"91310\" class=\"elementor elementor-91310 elementor-55949\">\n\t\t\t\t\t\t\t\t\t<section class=\"elementor-section elementor-top-section elementor-element elementor-element-3303a7e3 elementor-section-boxed elementor-section-height-default elementor-section-height-default\" data-id=\"3303a7e3\" data-element_type=\"section\">\n\t\t\t\t\t\t<div class=\"elementor-container elementor-column-gap-default\">\n\t\t\t\t\t<div class=\"elementor-column elementor-col-100 elementor-top-column elementor-element elementor-element-16d72dbf\" data-id=\"16d72dbf\" data-element_type=\"column\">\n\t\t\t<div class=\"elementor-widget-wrap elementor-element-populated\">\n\t\t\t\t\t\t\t\t<div class=\"elementor-element elementor-element-d743c03 elementor-widget elementor-widget-text-editor\" data-id=\"d743c03\" data-element_type=\"widget\" data-widget_type=\"text-editor.default\">\n\t\t\t\t<div class=\"elementor-widget-container\">\n\t\t\t\t\t\t\t<h2>W\u00c4HLEN SIE UNTEN IHRE AKTIVIT\u00c4T AUS, UM GESCHENKGUTSCHEINE \/ TICKETS ZU VERSCHENKEN ODER ZU BUCHEN<\/h2><table border=\"0\" width=\"580\" cellspacing=\"10\" cellpadding=\"10\"><tbody><tr><td width=\"50%\"><strong>SCHNUPPERFLUG &#8211; CABRI G2 &#8211; 1 SCH\u00dcLER &#8211; 40 Min.<\/strong><\/td><td><strong>CHF 550.00 pro Flug<span class=\"productPrice\"><br \/><\/span><\/strong><\/td><\/tr><tr><td>Zus\u00e4tzliche Informationen<\/td><td>&#8211; Sie haben den helikopter exklusiv f\u00fcr sich<br \/>&#8211; Sie bestimmen das Datum und die Uhrzeit des Abflugs<br \/>&#8211; H\u00f6chstgewicht : 100 kg<br \/>&#8211; Maximum 1 Pers.<\/td><\/tr><tr><td>Heliport<\/td><td><a href=\"https:\/\/www.google.com\/maps\/place\/47%C2%B004'05.9%22N+9%C2%B028'54.3%22E\/@47.0684676,9.4773295,769m\/data=!3m1!1e3!4m4!3m3!8m2!3d47.0683056!4d9.48175?entry=ttu\" target=\"_blank\" rel=\"noopener\">Balzers<\/a><\/td><\/tr><tr><td>Flugzeit<\/td><td>40 Min.<\/td><\/tr><tr><td>Gesamtdauer<\/td><td>ca. 1,5 Std.<\/td><\/tr><tr><td>Termin<\/td><td>Per Telefon<\/td><\/tr><tr><td><button class=\"elementor-button\" type=\"button\"><a href=\"https:\/\/swissraft.outdoorbooking.ch\/fo\/products\/1664?base_id=162&amp;category_id=4&amp;order_type=gift_voucher&amp;lang=de\" target=\"_blank\" rel=\"noopener\">GUTSCHEIN \/ TICKET KAUFEN<\/a><\/button><\/td><td><strong><em>WICHTIG !<\/em><\/strong><br \/><em>Um zu reservieren, rufen Sie die Nummer an, die sich oben links auf dem Gutschein \/ Ticket befindet.<\/em><\/td><\/tr><\/tbody><\/table>\t\t\t\t\t\t<\/div>\n\t\t\t\t<\/div>\n\t\t\t\t\t<\/div>\n\t\t<\/div>\n\t\t\t\t\t\t\t<\/div>\n\t\t<\/section>\n\t\t\t\t\t\t\t<\/div>\n\t\t","protected":false},"excerpt":{"rendered":"<p>&nbsp;<\/p>\n<div align=\"justify\">\n<h2 align=\"justify\">F\u00fcr eine erste Erfahrung mit einem Helikopter ist der CABRI G2 vom Balzers Heliport aus eine ausgezeichnete Wahl.<\/h2>\n<h3>Der CABRI G2 ist ein kleiner zweisitziger Hubschrauber mit bemerkenswerten Leistungen. Er hat einen Aktionsradius von 900 km. Er ist ideal f\u00fcr eine Einf\u00fchrung in das Fliegen eines Helikopters.<\/h3>\n<\/div>\n<div align=\"justify\">\n<p>Zun\u00e4chst ein kleiner Theoriekurs, der von Ihrem Fluglehrer erteilt wird. Dann fahren Sie zum Rollfeld, wo Ihr Helikopter auf Sie wartet. Zweitens f\u00fchren Sie eine technische Besichtigung des Helikopters durch, bei der Sie einige wichtige mechanische Teile des Helikopters \u00fcberpr\u00fcfen. Nach dieser Kontrolle setzen Sie sich auf den Pilotensitz auf der rechten Seite. Ihr Lehrer setzt sich auf den linken Sitz. Der Tower erteilt Ihnen die Starterlaubnis. Der Rotor dreht sich mit bis zu 530 U\/min. Sie bet\u00e4tigen den Generalschritt zu Ihrer Linken, um zu starten. Sie befinden sich nun im Schwebeflug. Dann schieben Sie den Steuerkn\u00fcppel leicht nach links und treten das Pedal des linken Seitenruders sanft durch. Sie machen eine 90-Grad-Kurve nach links um Ihre vertikale Achse. Dann schieben Sie den Steuerkn\u00fcppel leicht nach vorne, um an Geschwindigkeit zu gewinnen. Sie sind auf dem Weg zu einem Einf\u00fchrungsflug mit einem Cabri G2.<\/p>\n<h3>Rufen Sie uns an, wenn Sie Fragen haben oder einen Einf\u00fchrungsflug von mehr als 40 Minuten Dauer machen m\u00f6chten.<\/h3>\n<p id=\"textarea\" style=\"display: none;\">\nWir bieten Einf\u00fchrungsfl\u00fcge mit dem Hubschrauber vom Flughafen Bern-Belp aus an. Aber auch vom Flugplatz Fehraltorf im Kanton Z\u00fcrich. Ebenso bieten wir Schulunterricht im Kanton Freiburg im Greyerzerland in \u00c9pagny an. Au\u00dferdem bieten wir im Kanton Aargau vom Flugplatz Buttwil aus Helikopter-Schnupperfl\u00fcge an. Au\u00dferdem bieten wir im Kanton Solothurn Schnupperfl\u00fcge von Grenchen aus an. Einerseits f\u00fchren wir von Balzers aus Helikopterfl\u00fcge in Liechtenstein durch. Andererseits in die Ostschweiz vom Flugplatz Sitterdorf aus. Aber auch die Einf\u00fchrung in die Abfl\u00fcge von den Heliports in Untervaz, St. Moritz und dem Flugplatz Samedan in Graub\u00fcnden. Im Tessin bieten wir Einf\u00fchrungsfl\u00fcge mit dem Helikopter von Lodrino und Locarno aus an.<br \/>\nWICHTIG !<br \/>\nUm zu reservieren, rufen Sie die Nummer an, die sich oben links auf dem Gutschein \/ Ticket befindet.<\/p>\n","protected":false},"featured_media":89239,"comment_status":"open","ping_status":"closed","template":"","meta":{"inline_featured_image":false,"_mi_skip_tracking":false},"product_cat":[277,285,266],"product_tag":[],"class_list":["post-91310","product","type-product","status-publish","has-post-thumbnail","hentry","product_cat-schnupperflug-helikopter","product_cat-helikopter-balzers","product_cat-schnupperflug-in-der-schweiz-selbst-fliegen"],"yoast_head":"<!-- This site is optimized with the Yoast SEO plugin v23.6 - https:\/\/yoast.com\/wordpress\/plugins\/seo\/ -->\n<title>Schnupperflug Cabri G2 Balzers. Ein toller Helikopter<\/title>\n<meta name=\"description\" content=\"Schnupperflug Cabri G2 Balzers. Sie \u00fcbernehmen die Kontrolle \u00fcber Ihren Helikopter mit einem Fluglehrer an Ihrer Seite, der Sie bei Bedarf korrigiert.\" \/>\n<meta name=\"robots\" content=\"index, follow, max-snippet:-1, max-image-preview:large, max-video-preview:-1\" \/>\n<link rel=\"canonical\" href=\"https:\/\/www.swissraft.ch\/de\/produkt\/schnupperflug-helikopter-cabri-g2-balzers\/\" \/>\n<meta property=\"og:locale\" content=\"de_DE\" \/>\n<meta property=\"og:type\" content=\"article\" \/>\n<meta property=\"og:title\" content=\"Schnupperflug Cabri G2 Balzers. Ein toller Helikopter\" \/>\n<meta property=\"og:description\" content=\"Schnupperflug Cabri G2 Balzers. Sie \u00fcbernehmen die Kontrolle \u00fcber Ihren Helikopter mit einem Fluglehrer an Ihrer Seite, der Sie bei Bedarf korrigiert.\" \/>\n<meta property=\"og:url\" content=\"https:\/\/www.swissraft.ch\/de\/produkt\/schnupperflug-helikopter-cabri-g2-balzers\/\" \/>\n<meta property=\"og:site_name\" content=\"Swissraft\" \/>\n<meta property=\"article:modified_time\" content=\"2026-05-02T20:45:16+00:00\" \/>\n<meta property=\"og:image\" content=\"https:\/\/www.swissraft.ch\/wp-content\/uploads\/2024\/01\/1-Cabri-G2-776x776-1.jpg\" \/>\n\t<meta property=\"og:image:width\" content=\"776\" \/>\n\t<meta property=\"og:image:height\" content=\"776\" \/>\n\t<meta property=\"og:image:type\" content=\"image\/jpeg\" \/>\n<meta name=\"twitter:card\" content=\"summary_large_image\" \/>\n<meta name=\"twitter:label1\" content=\"Gesch\u00e4tzte Lesezeit\" \/>\n\t<meta name=\"twitter:data1\" content=\"1\u00a0Minute\" \/>\n<script type=\"application\/ld+json\" class=\"yoast-schema-graph\">{\"@context\":\"https:\/\/schema.org\",\"@graph\":[{\"@type\":\"WebPage\",\"@id\":\"https:\/\/www.swissraft.ch\/de\/produkt\/schnupperflug-helikopter-cabri-g2-balzers\/\",\"url\":\"https:\/\/www.swissraft.ch\/de\/produkt\/schnupperflug-helikopter-cabri-g2-balzers\/\",\"name\":\"Schnupperflug Cabri G2 Balzers. Ein toller Helikopter\",\"isPartOf\":{\"@id\":\"https:\/\/www.swissraft.ch\/de\/#website\"},\"primaryImageOfPage\":{\"@id\":\"https:\/\/www.swissraft.ch\/de\/produkt\/schnupperflug-helikopter-cabri-g2-balzers\/#primaryimage\"},\"image\":{\"@id\":\"https:\/\/www.swissraft.ch\/de\/produkt\/schnupperflug-helikopter-cabri-g2-balzers\/#primaryimage\"},\"thumbnailUrl\":\"https:\/\/www.swissraft.ch\/wp-content\/uploads\/2024\/01\/1-Cabri-G2-776x776-1.jpg\",\"datePublished\":\"2024-01-02T21:38:48+00:00\",\"dateModified\":\"2026-05-02T20:45:16+00:00\",\"description\":\"Schnupperflug Cabri G2 Balzers. Sie \u00fcbernehmen die Kontrolle \u00fcber Ihren Helikopter mit einem Fluglehrer an Ihrer Seite, der Sie bei Bedarf korrigiert.\",\"breadcrumb\":{\"@id\":\"https:\/\/www.swissraft.ch\/de\/produkt\/schnupperflug-helikopter-cabri-g2-balzers\/#breadcrumb\"},\"inLanguage\":\"de\",\"potentialAction\":[{\"@type\":\"ReadAction\",\"target\":[\"https:\/\/www.swissraft.ch\/de\/produkt\/schnupperflug-helikopter-cabri-g2-balzers\/\"]}]},{\"@type\":\"ImageObject\",\"inLanguage\":\"de\",\"@id\":\"https:\/\/www.swissraft.ch\/de\/produkt\/schnupperflug-helikopter-cabri-g2-balzers\/#primaryimage\",\"url\":\"https:\/\/www.swissraft.ch\/wp-content\/uploads\/2024\/01\/1-Cabri-G2-776x776-1.jpg\",\"contentUrl\":\"https:\/\/www.swissraft.ch\/wp-content\/uploads\/2024\/01\/1-Cabri-G2-776x776-1.jpg\",\"width\":776,\"height\":776,\"caption\":\"Einf\u00fchrung in das Fliegen eines Cabri G2 Hubschraubers von Balzers aus\"},{\"@type\":\"BreadcrumbList\",\"@id\":\"https:\/\/www.swissraft.ch\/de\/produkt\/schnupperflug-helikopter-cabri-g2-balzers\/#breadcrumb\",\"itemListElement\":[{\"@type\":\"ListItem\",\"position\":1,\"name\":\"Accueil\",\"item\":\"https:\/\/www.swissraft.ch\/de\/\"},{\"@type\":\"ListItem\",\"position\":2,\"name\":\"Shop\",\"item\":\"https:\/\/www.swissraft.ch\/de\/shop\/\"},{\"@type\":\"ListItem\",\"position\":3,\"name\":\"Schnupperflug &#8211; Helikopter &#8211; Balzers &#8211; Cabri G2 &#8211; CHF 550.00\"}]},{\"@type\":\"WebSite\",\"@id\":\"https:\/\/www.swissraft.ch\/de\/#website\",\"url\":\"https:\/\/www.swissraft.ch\/de\/\",\"name\":\"Swissraft\",\"description\":\"To enjoy nature as it is\",\"publisher\":{\"@id\":\"https:\/\/www.swissraft.ch\/de\/#organization\"},\"potentialAction\":[{\"@type\":\"SearchAction\",\"target\":{\"@type\":\"EntryPoint\",\"urlTemplate\":\"https:\/\/www.swissraft.ch\/de\/?s={search_term_string}\"},\"query-input\":{\"@type\":\"PropertyValueSpecification\",\"valueRequired\":true,\"valueName\":\"search_term_string\"}}],\"inLanguage\":\"de\"},{\"@type\":\"Organization\",\"@id\":\"https:\/\/www.swissraft.ch\/de\/#organization\",\"name\":\"Swissraft\",\"url\":\"https:\/\/www.swissraft.ch\/de\/\",\"logo\":{\"@type\":\"ImageObject\",\"inLanguage\":\"de\",\"@id\":\"https:\/\/www.swissraft.ch\/de\/#\/schema\/logo\/image\/\",\"url\":\"https:\/\/www.swissraft.ch\/wp-content\/uploads\/2025\/09\/Capture.jpg\",\"contentUrl\":\"https:\/\/www.swissraft.ch\/wp-content\/uploads\/2025\/09\/Capture.jpg\",\"width\":293,\"height\":108,\"caption\":\"Swissraft\"},\"image\":{\"@id\":\"https:\/\/www.swissraft.ch\/de\/#\/schema\/logo\/image\/\"}}]}<\/script>\n<!-- \/ Yoast SEO plugin. -->","yoast_head_json":{"title":"Schnupperflug Cabri G2 Balzers. Ein toller Helikopter","description":"Schnupperflug Cabri G2 Balzers. Sie \u00fcbernehmen die Kontrolle \u00fcber Ihren Helikopter mit einem Fluglehrer an Ihrer Seite, der Sie bei Bedarf korrigiert.","robots":{"index":"index","follow":"follow","max-snippet":"max-snippet:-1","max-image-preview":"max-image-preview:large","max-video-preview":"max-video-preview:-1"},"canonical":"https:\/\/www.swissraft.ch\/de\/produkt\/schnupperflug-helikopter-cabri-g2-balzers\/","og_locale":"de_DE","og_type":"article","og_title":"Schnupperflug Cabri G2 Balzers. Ein toller Helikopter","og_description":"Schnupperflug Cabri G2 Balzers. Sie \u00fcbernehmen die Kontrolle \u00fcber Ihren Helikopter mit einem Fluglehrer an Ihrer Seite, der Sie bei Bedarf korrigiert.","og_url":"https:\/\/www.swissraft.ch\/de\/produkt\/schnupperflug-helikopter-cabri-g2-balzers\/","og_site_name":"Swissraft","article_modified_time":"2026-05-02T20:45:16+00:00","og_image":[{"width":776,"height":776,"url":"https:\/\/www.swissraft.ch\/wp-content\/uploads\/2024\/01\/1-Cabri-G2-776x776-1.jpg","type":"image\/jpeg"}],"twitter_card":"summary_large_image","twitter_misc":{"Gesch\u00e4tzte Lesezeit":"1\u00a0Minute"},"schema":{"@context":"https:\/\/schema.org","@graph":[{"@type":"WebPage","@id":"https:\/\/www.swissraft.ch\/de\/produkt\/schnupperflug-helikopter-cabri-g2-balzers\/","url":"https:\/\/www.swissraft.ch\/de\/produkt\/schnupperflug-helikopter-cabri-g2-balzers\/","name":"Schnupperflug Cabri G2 Balzers. Ein toller Helikopter","isPartOf":{"@id":"https:\/\/www.swissraft.ch\/de\/#website"},"primaryImageOfPage":{"@id":"https:\/\/www.swissraft.ch\/de\/produkt\/schnupperflug-helikopter-cabri-g2-balzers\/#primaryimage"},"image":{"@id":"https:\/\/www.swissraft.ch\/de\/produkt\/schnupperflug-helikopter-cabri-g2-balzers\/#primaryimage"},"thumbnailUrl":"https:\/\/www.swissraft.ch\/wp-content\/uploads\/2024\/01\/1-Cabri-G2-776x776-1.jpg","datePublished":"2024-01-02T21:38:48+00:00","dateModified":"2026-05-02T20:45:16+00:00","description":"Schnupperflug Cabri G2 Balzers. Sie \u00fcbernehmen die Kontrolle \u00fcber Ihren Helikopter mit einem Fluglehrer an Ihrer Seite, der Sie bei Bedarf korrigiert.","breadcrumb":{"@id":"https:\/\/www.swissraft.ch\/de\/produkt\/schnupperflug-helikopter-cabri-g2-balzers\/#breadcrumb"},"inLanguage":"de","potentialAction":[{"@type":"ReadAction","target":["https:\/\/www.swissraft.ch\/de\/produkt\/schnupperflug-helikopter-cabri-g2-balzers\/"]}]},{"@type":"ImageObject","inLanguage":"de","@id":"https:\/\/www.swissraft.ch\/de\/produkt\/schnupperflug-helikopter-cabri-g2-balzers\/#primaryimage","url":"https:\/\/www.swissraft.ch\/wp-content\/uploads\/2024\/01\/1-Cabri-G2-776x776-1.jpg","contentUrl":"https:\/\/www.swissraft.ch\/wp-content\/uploads\/2024\/01\/1-Cabri-G2-776x776-1.jpg","width":776,"height":776,"caption":"Einf\u00fchrung in das Fliegen eines Cabri G2 Hubschraubers von Balzers aus"},{"@type":"BreadcrumbList","@id":"https:\/\/www.swissraft.ch\/de\/produkt\/schnupperflug-helikopter-cabri-g2-balzers\/#breadcrumb","itemListElement":[{"@type":"ListItem","position":1,"name":"Accueil","item":"https:\/\/www.swissraft.ch\/de\/"},{"@type":"ListItem","position":2,"name":"Shop","item":"https:\/\/www.swissraft.ch\/de\/shop\/"},{"@type":"ListItem","position":3,"name":"Schnupperflug &#8211; Helikopter &#8211; Balzers &#8211; Cabri G2 &#8211; CHF 550.00"}]},{"@type":"WebSite","@id":"https:\/\/www.swissraft.ch\/de\/#website","url":"https:\/\/www.swissraft.ch\/de\/","name":"Swissraft","description":"To enjoy nature as it is","publisher":{"@id":"https:\/\/www.swissraft.ch\/de\/#organization"},"potentialAction":[{"@type":"SearchAction","target":{"@type":"EntryPoint","urlTemplate":"https:\/\/www.swissraft.ch\/de\/?s={search_term_string}"},"query-input":{"@type":"PropertyValueSpecification","valueRequired":true,"valueName":"search_term_string"}}],"inLanguage":"de"},{"@type":"Organization","@id":"https:\/\/www.swissraft.ch\/de\/#organization","name":"Swissraft","url":"https:\/\/www.swissraft.ch\/de\/","logo":{"@type":"ImageObject","inLanguage":"de","@id":"https:\/\/www.swissraft.ch\/de\/#\/schema\/logo\/image\/","url":"https:\/\/www.swissraft.ch\/wp-content\/uploads\/2025\/09\/Capture.jpg","contentUrl":"https:\/\/www.swissraft.ch\/wp-content\/uploads\/2025\/09\/Capture.jpg","width":293,"height":108,"caption":"Swissraft"},"image":{"@id":"https:\/\/www.swissraft.ch\/de\/#\/schema\/logo\/image\/"}}]}},"_links":{"self":[{"href":"https:\/\/www.swissraft.ch\/de\/wp-json\/wp\/v2\/product\/91310","targetHints":{"allow":["GET"]}}],"collection":[{"href":"https:\/\/www.swissraft.ch\/de\/wp-json\/wp\/v2\/product"}],"about":[{"href":"https:\/\/www.swissraft.ch\/de\/wp-json\/wp\/v2\/types\/product"}],"replies":[{"embeddable":true,"href":"https:\/\/www.swissraft.ch\/de\/wp-json\/wp\/v2\/comments?post=91310"}],"version-history":[{"count":7,"href":"https:\/\/www.swissraft.ch\/de\/wp-json\/wp\/v2\/product\/91310\/revisions"}],"predecessor-version":[{"id":143176,"href":"https:\/\/www.swissraft.ch\/de\/wp-json\/wp\/v2\/product\/91310\/revisions\/143176"}],"wp:featuredmedia":[{"embeddable":true,"href":"https:\/\/www.swissraft.ch\/de\/wp-json\/wp\/v2\/media\/89239"}],"wp:attachment":[{"href":"https:\/\/www.swissraft.ch\/de\/wp-json\/wp\/v2\/media?parent=91310"}],"wp:term":[{"taxonomy":"product_cat","embeddable":true,"href":"https:\/\/www.swissraft.ch\/de\/wp-json\/wp\/v2\/product_cat?post=91310"},{"taxonomy":"product_tag","embeddable":true,"href":"https:\/\/www.swissraft.ch\/de\/wp-json\/wp\/v2\/product_tag?post=91310"}],"curies":[{"name":"wp","href":"https:\/\/api.w.org\/{rel}","templated":true}]}}