{"id":91309,"date":"2023-12-29T17:24:20","date_gmt":"2023-12-29T16:24:20","guid":{"rendered":"https:\/\/swissraft.xyanzkdne.eu\/product\/einfuehrung-in-einen-hubschrauber-ab-pfaffnau-colibri-h120-ab-chf-830-00\/"},"modified":"2024-12-19T06:06:45","modified_gmt":"2024-12-19T05:06:45","slug":"schnupperflug-helikopter-pfaffnau-colibri-h120","status":"publish","type":"product","link":"https:\/\/www.swissraft.ch\/de\/produkt\/schnupperflug-helikopter-pfaffnau-colibri-h120\/","title":{"rendered":"Schnupperflug mit einem Helikopter ab PFAFFNAU &#8211; COLIBRI H120 &#8211; Ab CHF 830.00"},"content":{"rendered":"\t\t<div data-elementor-type=\"wp-post\" data-elementor-id=\"91309\" class=\"elementor elementor-91309 elementor-55775\">\n\t\t\t\t\t\t\t\t\t<section class=\"elementor-section elementor-top-section elementor-element elementor-element-3303a7e3 elementor-section-boxed elementor-section-height-default elementor-section-height-default\" data-id=\"3303a7e3\" data-element_type=\"section\">\n\t\t\t\t\t\t<div class=\"elementor-container elementor-column-gap-default\">\n\t\t\t\t\t<div class=\"elementor-column elementor-col-100 elementor-top-column elementor-element elementor-element-16d72dbf\" data-id=\"16d72dbf\" data-element_type=\"column\">\n\t\t\t<div class=\"elementor-widget-wrap elementor-element-populated\">\n\t\t\t\t\t\t\t\t<div class=\"elementor-element elementor-element-d743c03 elementor-widget elementor-widget-text-editor\" data-id=\"d743c03\" data-element_type=\"widget\" data-widget_type=\"text-editor.default\">\n\t\t\t\t<div class=\"elementor-widget-container\">\n\t\t\t\t\t\t\t<h2>W\u00c4HLEN SIE UNTEN IHRE AKTIVIT\u00c4T AUS, UM GESCHENKGUTSCHEINE \/ TICKETS ZU VERSCHENKEN ODER ZU BUCHEN.<\/h2><table border=\"0\" width=\"580\" cellspacing=\"10\" cellpadding=\"10\"><tbody><tr><td width=\"50%\"><strong>SCHNUPPERFLUG MIT DER COLIBRI H120 &#8211; 1 SCH\u00dcLER &#8211; Ab 30 Min.<\/strong><\/td><td><strong>CHF 830.00 pro Flug<span class=\"productPrice\"><br \/><\/span><\/strong><\/td><\/tr><tr><td>Weitere Informationen<\/td><td>&#8211; Sie haben den Helikopter exklusiv f\u00fcr sich<br \/>&#8211; Sie bestimmen das Datum und die Uhrzeit des Abflugs<br \/>&#8211; Maximal 1 Pers.<\/td><\/tr><tr><td>Heliport<\/td><td><a href=\"https:\/\/www.google.com\/maps\/place\/47%C2%B014'05.9%22N+7%C2%B054'34.3%22E\/@47.2351812,7.9050044,758m\/data=!3m1!1e3!4m4!3m3!8m2!3d47.2349722!4d7.9095278?entry=ttu\" target=\"_blank\" rel=\"noopener\">Pfaffnau<\/a><\/td><\/tr><tr><td>Flugzeit nach Wahl<\/td><td>30 \/ 40 Min.<\/td><\/tr><tr><td>Gesamtdauer<\/td><td>ca. 1:15 bis 1:30 Std. abh\u00e4ngig von der Anzahl der Minuten<\/td><\/tr><tr><td>Terminvereinbarung<\/td><td>Per Telefon<\/td><\/tr><tr><td><button class=\"elementor-button\" type=\"button\"><a href=\"https:\/\/swissraft.outdoorbooking.ch\/fo\/products\/1354?base_id=11&amp;category_id=4&amp;order_type=gift_voucher&amp;lang=de\" target=\"_blank\" rel=\"noopener\">GUTSCHEIN KAUFEN<\/a><\/button><\/td><td><strong>CHF 830.00 &#8211; 30 Min. Flugzeit <\/strong><\/td><\/tr><tr><td><button class=\"elementor-button\" type=\"button\"><a href=\"https:\/\/swissraft.outdoorbooking.ch\/fo\/products\/1355?base_id=11&amp;category_id=4&amp;order_type=gift_voucher&amp;lang=de\" target=\"_blank\" rel=\"noopener\">GUTSCHEIN KAUFEN<\/a><\/button><\/td><td><strong>CHF 1&#8217;100.00 &#8211; 40 Min. Flugzeit <\/strong><\/td><\/tr><tr><td>\u00a0<\/td><td>Um zu buchen : <span class=\"patt\" style=\"font-family: inherit; font-size: inherit;\"><span class=\"plbl\"><span class=\"patt\"><a href=\"https:\/\/www.swissraft.ch\/de\/kontakt\/\">Kontaktieren Sie uns<\/a><\/span><\/span><\/span><\/td><\/tr><\/tbody><\/table>\t\t\t\t\t\t<\/div>\n\t\t\t\t<\/div>\n\t\t\t\t\t<\/div>\n\t\t<\/div>\n\t\t\t\t\t\t\t<\/div>\n\t\t<\/section>\n\t\t\t\t\t\t\t<\/div>\n\t\t","protected":false},"excerpt":{"rendered":"<div align=\"justify\">\n<h2 align=\"justify\">Vom Heliport Pfaffnau bei Luzern aus erhalten Sie eine Einweisung in den COLIBRI H120.<\/h2>\n<h3>Der COLIBRI H120 verf\u00fcgt \u00fcber 5 Sitze, einschlie\u00dflich des Pilotensitzes. Es handelt sich um einen hochleistungsf\u00e4higen und sehr leisen Hubschrauber, dank der Verkleidung des Heckrotors.<\/h3>\n<\/div>\n<div align=\"justify\">\n<p>Die Colibri H120 kann in einer H\u00f6he von bis zu 6000 m \u00fcber dem Meeresspiegel operieren. Er hat eine Reichweite von 730 km. Ihr Fluglehrer gibt Ihnen eine kurze theoretische Einf\u00fchrung in den Helikopter, bevor Sie auf das Rollfeld zu Ihrem Hubschrauber gehen. Gemeinsam machen Sie eine Inspektion des Flugzeugs und der Fluglehrer zeigt Ihnen die entscheidenden Stellen, die Sie kontrollieren m\u00fcssen, um einen sicheren Flug zu gew\u00e4hrleisten. Sie gehen nun an Bord und nehmen auf dem rechten Sitz als Pilot des Hubschraubers Platz. Ihr Lehrer nimmt den linken Sitz ein. Sie schalten die pfeifende Turbine ein und der Rotor beginnt sich zu drehen, bis er 412 U\/min erreicht. Dann erhalten Sie die Startfreigabe von der Flugverkehrskontrolle und bet\u00e4tigen den Kollektivhebel (den \u201ePas g\u00e9n\u00e9ral\u201c), um langsam vom Rollfeld zu starten.<\/p>\n<h3>Swissraft bietet Ihnen verschiedene Typen von Hubschraubern f\u00fcr eine Einf\u00fchrung in das Fliegen an. Bitte rufen Sie uns an.<\/h3>\n<p id=\"textarea\" style=\"display: none;\">\nWir bieten Einf\u00fchrungsfl\u00fcge mit dem Helikopter vom Flughafen Bern-Belp aus an. Aber auch vom Flugplatz Fehraltorf im Kanton Z\u00fcrich. Ebenso bieten wir Schulunterricht im Kanton Freiburg im Greyerzerland in \u00c9pagny an. Au\u00dferdem bieten wir im Kanton Aargau vom Flugplatz Buttwil aus Helikopter-Schnupperfl\u00fcge an. Au\u00dferdem bieten wir im Kanton Solothurn Schnupperfl\u00fcge von Grenchen aus an. Einerseits f\u00fchren wir von Balzers aus Helikopterfl\u00fcge im Liechtenstein durch. Andererseits in die Ostschweiz vom Flugplatz Sitterdorf aus. Aber auch die Einf\u00fchrung in die Abfl\u00fcge von den Heliports in Untervaz, St. Moritz und dem Flugplatz Samedan in Graub\u00fcnden. Au\u00dferdem f\u00fchren wir von Locarno und Lodrino aus Einf\u00fchrungsfl\u00fcge mit Hubschraubern im Tessin durch.\n<\/p>\n<p><a id=\"seeMore\" onclick=\"toggleSeeMore()\" href=\"javascript:void(0);\">Lesen Sie mehr<\/a><\/p>\n","protected":false},"featured_media":89158,"comment_status":"open","ping_status":"closed","template":"","meta":{"inline_featured_image":false,"_mi_skip_tracking":false},"product_cat":[277,306,266],"product_tag":[],"class_list":["post-91309","product","type-product","status-publish","has-post-thumbnail","hentry","product_cat-schnupperflug-helikopter","product_cat-helikopter-pfaffnau","product_cat-schnupperflug-in-der-schweiz-selbst-fliegen"],"yoast_head":"<!-- This site is optimized with the Yoast SEO plugin v23.6 - https:\/\/yoast.com\/wordpress\/plugins\/seo\/ -->\n<title>Schnupperflug mit Colibri H120 ab Pfaffnau<\/title>\n<meta name=\"description\" content=\"Schnupperflug mit Colibri H120 ab Pfaffnau. Sie \u00fcbernehmen die Steuerung Ihres Hubschraubers Colibri H120 und sitzen dabei rechts von Ihrem Instruktor\" \/>\n<meta name=\"robots\" content=\"index, follow, max-snippet:-1, max-image-preview:large, max-video-preview:-1\" \/>\n<link rel=\"canonical\" href=\"https:\/\/www.swissraft.ch\/de\/produkt\/schnupperflug-helikopter-pfaffnau-colibri-h120\/\" \/>\n<meta property=\"og:locale\" content=\"de_DE\" \/>\n<meta property=\"og:type\" content=\"article\" \/>\n<meta property=\"og:title\" content=\"Schnupperflug mit Colibri H120 ab Pfaffnau\" \/>\n<meta property=\"og:description\" content=\"Schnupperflug mit Colibri H120 ab Pfaffnau. Sie \u00fcbernehmen die Steuerung Ihres Hubschraubers Colibri H120 und sitzen dabei rechts von Ihrem Instruktor\" \/>\n<meta property=\"og:url\" content=\"https:\/\/www.swissraft.ch\/de\/produkt\/schnupperflug-helikopter-pfaffnau-colibri-h120\/\" \/>\n<meta property=\"og:site_name\" content=\"Swissraft\" \/>\n<meta property=\"article:modified_time\" content=\"2024-12-19T05:06:45+00:00\" \/>\n<meta property=\"og:image\" content=\"https:\/\/www.swissraft.ch\/wp-content\/uploads\/2023\/12\/1-COLIBRI-H120-776x776-1.jpg\" \/>\n\t<meta property=\"og:image:width\" content=\"776\" \/>\n\t<meta property=\"og:image:height\" content=\"776\" \/>\n\t<meta property=\"og:image:type\" content=\"image\/jpeg\" \/>\n<meta name=\"twitter:card\" content=\"summary_large_image\" \/>\n<meta name=\"twitter:label1\" content=\"Gesch\u00e4tzte Lesezeit\" \/>\n\t<meta name=\"twitter:data1\" content=\"1\u00a0Minute\" \/>\n<script type=\"application\/ld+json\" class=\"yoast-schema-graph\">{\"@context\":\"https:\/\/schema.org\",\"@graph\":[{\"@type\":\"WebPage\",\"@id\":\"https:\/\/www.swissraft.ch\/de\/produkt\/schnupperflug-helikopter-pfaffnau-colibri-h120\/\",\"url\":\"https:\/\/www.swissraft.ch\/de\/produkt\/schnupperflug-helikopter-pfaffnau-colibri-h120\/\",\"name\":\"Schnupperflug mit Colibri H120 ab Pfaffnau\",\"isPartOf\":{\"@id\":\"https:\/\/www.swissraft.ch\/de\/#website\"},\"primaryImageOfPage\":{\"@id\":\"https:\/\/www.swissraft.ch\/de\/produkt\/schnupperflug-helikopter-pfaffnau-colibri-h120\/#primaryimage\"},\"image\":{\"@id\":\"https:\/\/www.swissraft.ch\/de\/produkt\/schnupperflug-helikopter-pfaffnau-colibri-h120\/#primaryimage\"},\"thumbnailUrl\":\"https:\/\/www.swissraft.ch\/wp-content\/uploads\/2023\/12\/1-COLIBRI-H120-776x776-1.jpg\",\"datePublished\":\"2023-12-29T16:24:20+00:00\",\"dateModified\":\"2024-12-19T05:06:45+00:00\",\"description\":\"Schnupperflug mit Colibri H120 ab Pfaffnau. Sie \u00fcbernehmen die Steuerung Ihres Hubschraubers Colibri H120 und sitzen dabei rechts von Ihrem Instruktor\",\"breadcrumb\":{\"@id\":\"https:\/\/www.swissraft.ch\/de\/produkt\/schnupperflug-helikopter-pfaffnau-colibri-h120\/#breadcrumb\"},\"inLanguage\":\"de\",\"potentialAction\":[{\"@type\":\"ReadAction\",\"target\":[\"https:\/\/www.swissraft.ch\/de\/produkt\/schnupperflug-helikopter-pfaffnau-colibri-h120\/\"]}]},{\"@type\":\"ImageObject\",\"inLanguage\":\"de\",\"@id\":\"https:\/\/www.swissraft.ch\/de\/produkt\/schnupperflug-helikopter-pfaffnau-colibri-h120\/#primaryimage\",\"url\":\"https:\/\/www.swissraft.ch\/wp-content\/uploads\/2023\/12\/1-COLIBRI-H120-776x776-1.jpg\",\"contentUrl\":\"https:\/\/www.swissraft.ch\/wp-content\/uploads\/2023\/12\/1-COLIBRI-H120-776x776-1.jpg\",\"width\":776,\"height\":776,\"caption\":\"Schnupperflug mit Colibri H120 ab Pfaffnau\"},{\"@type\":\"BreadcrumbList\",\"@id\":\"https:\/\/www.swissraft.ch\/de\/produkt\/schnupperflug-helikopter-pfaffnau-colibri-h120\/#breadcrumb\",\"itemListElement\":[{\"@type\":\"ListItem\",\"position\":1,\"name\":\"Accueil\",\"item\":\"https:\/\/www.swissraft.ch\/de\/\"},{\"@type\":\"ListItem\",\"position\":2,\"name\":\"Shop\",\"item\":\"https:\/\/www.swissraft.ch\/de\/shop\/\"},{\"@type\":\"ListItem\",\"position\":3,\"name\":\"Schnupperflug mit einem Helikopter ab PFAFFNAU &#8211; COLIBRI H120 &#8211; Ab CHF 830.00\"}]},{\"@type\":\"WebSite\",\"@id\":\"https:\/\/www.swissraft.ch\/de\/#website\",\"url\":\"https:\/\/www.swissraft.ch\/de\/\",\"name\":\"Swissraft\",\"description\":\"To enjoy nature as it is\",\"publisher\":{\"@id\":\"https:\/\/www.swissraft.ch\/de\/#organization\"},\"potentialAction\":[{\"@type\":\"SearchAction\",\"target\":{\"@type\":\"EntryPoint\",\"urlTemplate\":\"https:\/\/www.swissraft.ch\/de\/?s={search_term_string}\"},\"query-input\":{\"@type\":\"PropertyValueSpecification\",\"valueRequired\":true,\"valueName\":\"search_term_string\"}}],\"inLanguage\":\"de\"},{\"@type\":\"Organization\",\"@id\":\"https:\/\/www.swissraft.ch\/de\/#organization\",\"name\":\"Swissraft\",\"url\":\"https:\/\/www.swissraft.ch\/de\/\",\"logo\":{\"@type\":\"ImageObject\",\"inLanguage\":\"de\",\"@id\":\"https:\/\/www.swissraft.ch\/de\/#\/schema\/logo\/image\/\",\"url\":\"https:\/\/www.swissraft.ch\/wp-content\/uploads\/2025\/09\/Capture.jpg\",\"contentUrl\":\"https:\/\/www.swissraft.ch\/wp-content\/uploads\/2025\/09\/Capture.jpg\",\"width\":293,\"height\":108,\"caption\":\"Swissraft\"},\"image\":{\"@id\":\"https:\/\/www.swissraft.ch\/de\/#\/schema\/logo\/image\/\"}}]}<\/script>\n<!-- \/ Yoast SEO plugin. -->","yoast_head_json":{"title":"Schnupperflug mit Colibri H120 ab Pfaffnau","description":"Schnupperflug mit Colibri H120 ab Pfaffnau. Sie \u00fcbernehmen die Steuerung Ihres Hubschraubers Colibri H120 und sitzen dabei rechts von Ihrem Instruktor","robots":{"index":"index","follow":"follow","max-snippet":"max-snippet:-1","max-image-preview":"max-image-preview:large","max-video-preview":"max-video-preview:-1"},"canonical":"https:\/\/www.swissraft.ch\/de\/produkt\/schnupperflug-helikopter-pfaffnau-colibri-h120\/","og_locale":"de_DE","og_type":"article","og_title":"Schnupperflug mit Colibri H120 ab Pfaffnau","og_description":"Schnupperflug mit Colibri H120 ab Pfaffnau. Sie \u00fcbernehmen die Steuerung Ihres Hubschraubers Colibri H120 und sitzen dabei rechts von Ihrem Instruktor","og_url":"https:\/\/www.swissraft.ch\/de\/produkt\/schnupperflug-helikopter-pfaffnau-colibri-h120\/","og_site_name":"Swissraft","article_modified_time":"2024-12-19T05:06:45+00:00","og_image":[{"width":776,"height":776,"url":"https:\/\/www.swissraft.ch\/wp-content\/uploads\/2023\/12\/1-COLIBRI-H120-776x776-1.jpg","type":"image\/jpeg"}],"twitter_card":"summary_large_image","twitter_misc":{"Gesch\u00e4tzte Lesezeit":"1\u00a0Minute"},"schema":{"@context":"https:\/\/schema.org","@graph":[{"@type":"WebPage","@id":"https:\/\/www.swissraft.ch\/de\/produkt\/schnupperflug-helikopter-pfaffnau-colibri-h120\/","url":"https:\/\/www.swissraft.ch\/de\/produkt\/schnupperflug-helikopter-pfaffnau-colibri-h120\/","name":"Schnupperflug mit Colibri H120 ab Pfaffnau","isPartOf":{"@id":"https:\/\/www.swissraft.ch\/de\/#website"},"primaryImageOfPage":{"@id":"https:\/\/www.swissraft.ch\/de\/produkt\/schnupperflug-helikopter-pfaffnau-colibri-h120\/#primaryimage"},"image":{"@id":"https:\/\/www.swissraft.ch\/de\/produkt\/schnupperflug-helikopter-pfaffnau-colibri-h120\/#primaryimage"},"thumbnailUrl":"https:\/\/www.swissraft.ch\/wp-content\/uploads\/2023\/12\/1-COLIBRI-H120-776x776-1.jpg","datePublished":"2023-12-29T16:24:20+00:00","dateModified":"2024-12-19T05:06:45+00:00","description":"Schnupperflug mit Colibri H120 ab Pfaffnau. Sie \u00fcbernehmen die Steuerung Ihres Hubschraubers Colibri H120 und sitzen dabei rechts von Ihrem Instruktor","breadcrumb":{"@id":"https:\/\/www.swissraft.ch\/de\/produkt\/schnupperflug-helikopter-pfaffnau-colibri-h120\/#breadcrumb"},"inLanguage":"de","potentialAction":[{"@type":"ReadAction","target":["https:\/\/www.swissraft.ch\/de\/produkt\/schnupperflug-helikopter-pfaffnau-colibri-h120\/"]}]},{"@type":"ImageObject","inLanguage":"de","@id":"https:\/\/www.swissraft.ch\/de\/produkt\/schnupperflug-helikopter-pfaffnau-colibri-h120\/#primaryimage","url":"https:\/\/www.swissraft.ch\/wp-content\/uploads\/2023\/12\/1-COLIBRI-H120-776x776-1.jpg","contentUrl":"https:\/\/www.swissraft.ch\/wp-content\/uploads\/2023\/12\/1-COLIBRI-H120-776x776-1.jpg","width":776,"height":776,"caption":"Schnupperflug mit Colibri H120 ab Pfaffnau"},{"@type":"BreadcrumbList","@id":"https:\/\/www.swissraft.ch\/de\/produkt\/schnupperflug-helikopter-pfaffnau-colibri-h120\/#breadcrumb","itemListElement":[{"@type":"ListItem","position":1,"name":"Accueil","item":"https:\/\/www.swissraft.ch\/de\/"},{"@type":"ListItem","position":2,"name":"Shop","item":"https:\/\/www.swissraft.ch\/de\/shop\/"},{"@type":"ListItem","position":3,"name":"Schnupperflug mit einem Helikopter ab PFAFFNAU &#8211; COLIBRI H120 &#8211; Ab CHF 830.00"}]},{"@type":"WebSite","@id":"https:\/\/www.swissraft.ch\/de\/#website","url":"https:\/\/www.swissraft.ch\/de\/","name":"Swissraft","description":"To enjoy nature as it is","publisher":{"@id":"https:\/\/www.swissraft.ch\/de\/#organization"},"potentialAction":[{"@type":"SearchAction","target":{"@type":"EntryPoint","urlTemplate":"https:\/\/www.swissraft.ch\/de\/?s={search_term_string}"},"query-input":{"@type":"PropertyValueSpecification","valueRequired":true,"valueName":"search_term_string"}}],"inLanguage":"de"},{"@type":"Organization","@id":"https:\/\/www.swissraft.ch\/de\/#organization","name":"Swissraft","url":"https:\/\/www.swissraft.ch\/de\/","logo":{"@type":"ImageObject","inLanguage":"de","@id":"https:\/\/www.swissraft.ch\/de\/#\/schema\/logo\/image\/","url":"https:\/\/www.swissraft.ch\/wp-content\/uploads\/2025\/09\/Capture.jpg","contentUrl":"https:\/\/www.swissraft.ch\/wp-content\/uploads\/2025\/09\/Capture.jpg","width":293,"height":108,"caption":"Swissraft"},"image":{"@id":"https:\/\/www.swissraft.ch\/de\/#\/schema\/logo\/image\/"}}]}},"_links":{"self":[{"href":"https:\/\/www.swissraft.ch\/de\/wp-json\/wp\/v2\/product\/91309","targetHints":{"allow":["GET"]}}],"collection":[{"href":"https:\/\/www.swissraft.ch\/de\/wp-json\/wp\/v2\/product"}],"about":[{"href":"https:\/\/www.swissraft.ch\/de\/wp-json\/wp\/v2\/types\/product"}],"replies":[{"embeddable":true,"href":"https:\/\/www.swissraft.ch\/de\/wp-json\/wp\/v2\/comments?post=91309"}],"version-history":[{"count":0,"href":"https:\/\/www.swissraft.ch\/de\/wp-json\/wp\/v2\/product\/91309\/revisions"}],"wp:featuredmedia":[{"embeddable":true,"href":"https:\/\/www.swissraft.ch\/de\/wp-json\/wp\/v2\/media\/89158"}],"wp:attachment":[{"href":"https:\/\/www.swissraft.ch\/de\/wp-json\/wp\/v2\/media?parent=91309"}],"wp:term":[{"taxonomy":"product_cat","embeddable":true,"href":"https:\/\/www.swissraft.ch\/de\/wp-json\/wp\/v2\/product_cat?post=91309"},{"taxonomy":"product_tag","embeddable":true,"href":"https:\/\/www.swissraft.ch\/de\/wp-json\/wp\/v2\/product_tag?post=91309"}],"curies":[{"name":"wp","href":"https:\/\/api.w.org\/{rel}","templated":true}]}}