{"id":91306,"date":"2024-01-02T19:12:39","date_gmt":"2024-01-02T18:12:39","guid":{"rendered":"https:\/\/swissraft.xyanzkdne.eu\/product\/einweisung-in-einen-hubschrauber-ab-speck-fehraltorf-robinson-r44-ab-chf-1220-00\/"},"modified":"2026-05-04T05:54:10","modified_gmt":"2026-05-04T03:54:10","slug":"schnupperflug-helikopter-speck-fehraltorf-robinson-r44","status":"publish","type":"product","link":"https:\/\/www.swissraft.ch\/de\/produkt\/schnupperflug-helikopter-speck-fehraltorf-robinson-r44\/","title":{"rendered":"Schnupperflug &#8211; Helikopter &#8211; Speck-Fehraltorf &#8211; Robinson R44 &#8211; Ab CHF 1&#8217;280.00"},"content":{"rendered":"\t\t<div data-elementor-type=\"wp-post\" data-elementor-id=\"91306\" class=\"elementor elementor-91306 elementor-55924\">\n\t\t\t\t\t\t\t\t\t<section class=\"elementor-section elementor-top-section elementor-element elementor-element-3303a7e3 elementor-section-boxed elementor-section-height-default elementor-section-height-default\" data-id=\"3303a7e3\" data-element_type=\"section\">\n\t\t\t\t\t\t<div class=\"elementor-container elementor-column-gap-default\">\n\t\t\t\t\t<div class=\"elementor-column elementor-col-100 elementor-top-column elementor-element elementor-element-16d72dbf\" data-id=\"16d72dbf\" data-element_type=\"column\">\n\t\t\t<div class=\"elementor-widget-wrap elementor-element-populated\">\n\t\t\t\t\t\t\t\t<div class=\"elementor-element elementor-element-d743c03 elementor-widget elementor-widget-text-editor\" data-id=\"d743c03\" data-element_type=\"widget\" data-widget_type=\"text-editor.default\">\n\t\t\t\t<div class=\"elementor-widget-container\">\n\t\t\t\t\t\t\t<h2>W\u00c4HLEN SIE UNTEN IHRE AKTIVIT\u00c4T AUS, UM GESCHENKGUTSCHEINE \/ TICKETS ZU VERSCHENKEN ODER ZU BUCHEN<\/h2><table border=\"0\" width=\"580\" cellspacing=\"10\" cellpadding=\"10\"><tbody><tr><td width=\"50%\"><strong>1) SCHNUPPERFLUG &#8211; ROBINSON R44 &#8211; 1 SCH\u00dcLER &#8211; Ab 60 Min.<\/strong><\/td><td><strong>Ab CHF 1&#8217;280.00 pro Flug<span class=\"productPrice\"><br \/><\/span><\/strong><\/td><\/tr><tr><td>Zus\u00e4tzliche Informationen<\/td><td>&#8211; Sie haben den Helikopter exklusiv f\u00fcr sich<br \/>&#8211; Sie bestimmen das Datum und die Uhrzeit des Abflugs<br \/>&#8211; Maximum 1 Pers.<\/td><\/tr><tr><td>Flugplatz<\/td><td><a href=\"https:\/\/www.google.com\/maps\/place\/47%C2%B022'31.8%22N+8%C2%B045'44.7%22E\/@47.3755603,8.757891,764m\/data=!3m1!1e3!4m4!3m3!8m2!3d47.3755!4d8.7624167?entry=ttu\">Speck-Fehraltorf<\/a><\/td><\/tr><tr><td>Flugzeit nach Wahl<\/td><td>60 \/ 90 Min.<\/td><\/tr><tr><td>Gesamtdauer<\/td><td>ca. 1:45 bis 2:15 Std. abh\u00e4ngig von der Anzahl der Minuten<\/td><\/tr><tr><td>Termin<\/td><td>Per Telefon<\/td><\/tr><tr><td><button class=\"elementor-button\" type=\"button\"><a href=\"https:\/\/swissraft.outdoorbooking.ch\/fo\/products\/817?base_id=170&amp;category_id=4&amp;order_type=gift_voucher&amp;lang=de\" target=\"_blank\" rel=\"noopener\">GUTSCHEIN \/ TICKET KAUFEN<\/a><\/button><\/td><td><strong>CHF 1&#8217;280.00 &#8211; 60 Min. Flugzeit <\/strong><\/td><\/tr><tr><td><button class=\"elementor-button\" type=\"button\"><a href=\"https:\/\/swissraft.outdoorbooking.ch\/fo\/products\/819?base_id=170&amp;category_id=4&amp;order_type=gift_voucher&amp;lang=de\" target=\"_blank\" rel=\"noopener\">GUTSCHEIN \/ TICKET KAUFEN<\/a><\/button><\/td><td><strong>CHF 1&#8217;820.00 &#8211; 90 Min. Flugzeit <\/strong><\/td><\/tr><tr><td>\u00a0<\/td><td><strong><em>WICHTIG !<\/em><\/strong><br \/><em>Um zu reservieren, rufen Sie die Nummer an, die sich oben links auf dem Gutschein \/ Ticket befindet.<\/em><\/td><\/tr><\/tbody><\/table><table border=\"0\" width=\"580\" cellspacing=\"10\" cellpadding=\"10\"><tbody><tr><td width=\"50%\"><strong>2) SCHNUPPERFLUG &#8211; ROBINSON R44 &#8211; 1 SCH\u00dcLER + 2 Pers. &#8211; Ab 60 Min. <\/strong><\/td><td><strong>Ab CHF 1&#8217;370.00 pro Flug<span class=\"productPrice\"><br \/><\/span><\/strong><\/td><\/tr><tr><td>Zus\u00e4tzliche Informationen<\/td><td>&#8211; Sie haben den helikopter exklusiv f\u00fcr sich<br \/>&#8211; Sie bestimmen das Datum und die Uhrzeit des Abflugs<br \/>&#8211; Maximum 3 Pers.<\/td><\/tr><tr><td>Flugplatz<\/td><td><a href=\"https:\/\/www.google.com\/maps\/place\/47%C2%B022'31.8%22N+8%C2%B045'44.7%22E\/@47.3755603,8.757891,764m\/data=!3m1!1e3!4m4!3m3!8m2!3d47.3755!4d8.7624167?entry=ttu\">Speck-Fehraltorf<\/a><\/td><\/tr><tr><td>Flugzeit nach Wahl<\/td><td>60 \/ 90 Min.<\/td><\/tr><tr><td>Gesamtdauer<\/td><td>ca. 1:45 bis 2:15 Std. abh\u00e4ngig von der Anzahl der Minuten<\/td><\/tr><tr><td>Terminvereinbarung<\/td><td>Per Telefon<\/td><\/tr><tr><td><button class=\"elementor-button\" type=\"button\"><a href=\"https:\/\/swissraft.outdoorbooking.ch\/fo\/products\/816?base_id=174&amp;category_id=4&amp;order_type=gift_voucher&amp;lang=de\" target=\"_blank\" rel=\"noopener\">GUTSCHEINt TICKET KAUFEN<\/a><\/button><\/td><td><strong>CHF 1&#8217;370.00 &#8211; 60 Min. Flugzeit <\/strong><\/td><\/tr><tr><td><button class=\"elementor-button\" type=\"button\"><a href=\"https:\/\/swissraft.outdoorbooking.ch\/fo\/products\/820?base_id=170&amp;category_id=4&amp;order_type=gift_voucher&amp;lang=de\" target=\"_blank\" rel=\"noopener\">GUTSCHEIN \/ TICKET KAUFEN<\/a><\/button><\/td><td><strong>CHF 1&#8217;940.00 &#8211; 90 Min. Flugzeit <\/strong><\/td><\/tr><tr><td>\u00a0<\/td><td><strong><em>WICHTIG !<\/em><\/strong><br \/><em>Um zu reservieren, rufen Sie die Nummer an, die sich oben links auf dem Gutschein \/ Ticket befindet.<\/em><\/td><\/tr><\/tbody><\/table>\t\t\t\t\t\t<\/div>\n\t\t\t\t<\/div>\n\t\t\t\t\t<\/div>\n\t\t<\/div>\n\t\t\t\t\t\t\t<\/div>\n\t\t<\/section>\n\t\t\t\t\t\t\t<\/div>\n\t\t","protected":false},"excerpt":{"rendered":"<div align=\"justify\">\n<h2 align=\"justify\">Von Speck-Fehraltdorf aus haben Sie sich entschieden, einen Hubschrauber zu fliegen, um eine Einf\u00fchrung in den ROBINSON R44 zu erhalten.<\/h2>\n<h3>Der ROBINSON R44 ist ein Hubschrauber mit 3 Passagierpl\u00e4tzen. Er ist einer der meistverkauften Hubschrauber, insbesondere in den USA.<\/h3>\n<\/div>\n<div align=\"justify\">\n<p>Sie k\u00f6nnen es kaum erwarten, an Bord des Hubschraubers zu gehen. Ihr Fluglehrer weist Ihnen Ihren Sitzplatz auf der rechten Seite zu, der in der Regel der Sitz des Piloten in einem Helikopter ist. Er erkl\u00e4rt Ihnen das Armaturenbrett, so dass Sie sich mit den verschiedenen Anzeigen vertraut machen k\u00f6nnen. Dann erteilt Ihnen der Towerlotse die Starterlaubnis. Sie bet\u00e4tigen sanft den allgemeinen Aufw\u00e4rtsschritt, der sich links von Ihnen befindet, um abzuheben. Der Rotor dreht sich bis zu einer Drehzahl von 395 U\/min. Ihr Flug beginnt mit einem Schwebeflug. Sie folgen aufmerksam den Ratschl\u00e4gen Ihres Lehrers, der an Ihrer Seite ist. Er kann jederzeit mit einem Doppelbefehl eingreifen.<\/p>\n<h3>Auf dem Flugplatz Speck-Fehraltorf haben Sie die Wahl zwischen einem Robinson R44 und einem Robinson RH22.<\/h3>\n<p id=\"textarea\" style=\"display: none;\">\nWir bieten Einf\u00fchrungsfl\u00fcge mit dem Hubschrauber vom Flughafen Bern-Belp aus an. Zudem bieten wir Schnupperfl\u00fcge mit dem Hubschrauber ab \u00c9pagny in der Region Greyerz an. Au\u00dferdem bieten wir Einf\u00fchrungsfl\u00fcge mit dem Hubschrauber ab Buttwil im Aargau und ab Grenchen im Kanton Solothurn an. Au\u00dferdem bieten wir Einf\u00fchrungsfl\u00fcge mit dem Hubschrauber vom Hubschrauberlandeplatz Pfaffnau in der N\u00e4he der Stadt Luzern aus an. Einerseits haben wir in Liechtenstein Einf\u00fchrungsfl\u00fcge von Balzers mit dem Hubschrauber. In der Ostschweiz f\u00fchren wir von Sitterdorf aus Einf\u00fchrungsfl\u00fcge mit dem Helikopter durch. Aber wir haben auch Einf\u00fchrungsfl\u00fcge mit dem Helikopter von Samedan, St. Moritz und Untervaz in Graub\u00fcnden aus. Auch im Tessin bieten wir von Lodrino und Locarno aus Einf\u00fchrungsfl\u00fcge in das Hubschrauberfliegen an.\n<\/p>\n<p><a id=\"seeMore\" onclick=\"toggleSeeMore()\" href=\"javascript:void(0);\">Lesen Sie mehr<\/a><\/p>\n","protected":false},"featured_media":89224,"comment_status":"open","ping_status":"closed","template":"","meta":{"inline_featured_image":false,"_mi_skip_tracking":false},"product_cat":[277,304,266],"product_tag":[],"class_list":["post-91306","product","type-product","status-publish","has-post-thumbnail","hentry","product_cat-schnupperflug-helikopter","product_cat-helikopter-speck-fehraltorf","product_cat-schnupperflug-in-der-schweiz-selbst-fliegen"],"yoast_head":"<!-- This site is optimized with the Yoast SEO plugin v23.6 - https:\/\/yoast.com\/wordpress\/plugins\/seo\/ -->\n<title>Schnupperflug mit R44 ab Speck-Fehraltorf<\/title>\n<meta name=\"description\" content=\"Schnupperflug mit R44 in Speck-Fehraltorf. Sie \u00fcbernehmen die Kontrolle \u00fcber Ihren Robinson R44 Helikopter mit Ihrem Einweiser, der Sie beaufsichtigt.\" \/>\n<meta name=\"robots\" content=\"index, follow, max-snippet:-1, max-image-preview:large, max-video-preview:-1\" \/>\n<link rel=\"canonical\" href=\"https:\/\/www.swissraft.ch\/de\/produkt\/schnupperflug-helikopter-speck-fehraltorf-robinson-r44\/\" \/>\n<meta property=\"og:locale\" content=\"de_DE\" \/>\n<meta property=\"og:type\" content=\"article\" \/>\n<meta property=\"og:title\" content=\"Schnupperflug mit R44 ab Speck-Fehraltorf\" \/>\n<meta property=\"og:description\" content=\"Schnupperflug mit R44 in Speck-Fehraltorf. Sie \u00fcbernehmen die Kontrolle \u00fcber Ihren Robinson R44 Helikopter mit Ihrem Einweiser, der Sie beaufsichtigt.\" \/>\n<meta property=\"og:url\" content=\"https:\/\/www.swissraft.ch\/de\/produkt\/schnupperflug-helikopter-speck-fehraltorf-robinson-r44\/\" \/>\n<meta property=\"og:site_name\" content=\"Swissraft\" \/>\n<meta property=\"article:modified_time\" content=\"2026-05-04T03:54:10+00:00\" \/>\n<meta property=\"og:image\" content=\"https:\/\/www.swissraft.ch\/wp-content\/uploads\/2024\/01\/2-ROBINSON-R44-776x776-1.jpg\" \/>\n\t<meta property=\"og:image:width\" content=\"776\" \/>\n\t<meta property=\"og:image:height\" content=\"776\" \/>\n\t<meta property=\"og:image:type\" content=\"image\/jpeg\" \/>\n<meta name=\"twitter:card\" content=\"summary_large_image\" \/>\n<meta name=\"twitter:label1\" content=\"Gesch\u00e4tzte Lesezeit\" \/>\n\t<meta name=\"twitter:data1\" content=\"2\u00a0Minuten\" \/>\n<script type=\"application\/ld+json\" class=\"yoast-schema-graph\">{\"@context\":\"https:\/\/schema.org\",\"@graph\":[{\"@type\":\"WebPage\",\"@id\":\"https:\/\/www.swissraft.ch\/de\/produkt\/schnupperflug-helikopter-speck-fehraltorf-robinson-r44\/\",\"url\":\"https:\/\/www.swissraft.ch\/de\/produkt\/schnupperflug-helikopter-speck-fehraltorf-robinson-r44\/\",\"name\":\"Schnupperflug mit R44 ab Speck-Fehraltorf\",\"isPartOf\":{\"@id\":\"https:\/\/www.swissraft.ch\/de\/#website\"},\"primaryImageOfPage\":{\"@id\":\"https:\/\/www.swissraft.ch\/de\/produkt\/schnupperflug-helikopter-speck-fehraltorf-robinson-r44\/#primaryimage\"},\"image\":{\"@id\":\"https:\/\/www.swissraft.ch\/de\/produkt\/schnupperflug-helikopter-speck-fehraltorf-robinson-r44\/#primaryimage\"},\"thumbnailUrl\":\"https:\/\/www.swissraft.ch\/wp-content\/uploads\/2024\/01\/2-ROBINSON-R44-776x776-1.jpg\",\"datePublished\":\"2024-01-02T18:12:39+00:00\",\"dateModified\":\"2026-05-04T03:54:10+00:00\",\"description\":\"Schnupperflug mit R44 in Speck-Fehraltorf. Sie \u00fcbernehmen die Kontrolle \u00fcber Ihren Robinson R44 Helikopter mit Ihrem Einweiser, der Sie beaufsichtigt.\",\"breadcrumb\":{\"@id\":\"https:\/\/www.swissraft.ch\/de\/produkt\/schnupperflug-helikopter-speck-fehraltorf-robinson-r44\/#breadcrumb\"},\"inLanguage\":\"de\",\"potentialAction\":[{\"@type\":\"ReadAction\",\"target\":[\"https:\/\/www.swissraft.ch\/de\/produkt\/schnupperflug-helikopter-speck-fehraltorf-robinson-r44\/\"]}]},{\"@type\":\"ImageObject\",\"inLanguage\":\"de\",\"@id\":\"https:\/\/www.swissraft.ch\/de\/produkt\/schnupperflug-helikopter-speck-fehraltorf-robinson-r44\/#primaryimage\",\"url\":\"https:\/\/www.swissraft.ch\/wp-content\/uploads\/2024\/01\/2-ROBINSON-R44-776x776-1.jpg\",\"contentUrl\":\"https:\/\/www.swissraft.ch\/wp-content\/uploads\/2024\/01\/2-ROBINSON-R44-776x776-1.jpg\",\"width\":776,\"height\":776,\"caption\":\"Einf\u00fchrungsflug mit Robinson R44 ab Speck-Fehraltorf\"},{\"@type\":\"BreadcrumbList\",\"@id\":\"https:\/\/www.swissraft.ch\/de\/produkt\/schnupperflug-helikopter-speck-fehraltorf-robinson-r44\/#breadcrumb\",\"itemListElement\":[{\"@type\":\"ListItem\",\"position\":1,\"name\":\"Accueil\",\"item\":\"https:\/\/www.swissraft.ch\/de\/\"},{\"@type\":\"ListItem\",\"position\":2,\"name\":\"Shop\",\"item\":\"https:\/\/www.swissraft.ch\/de\/shop\/\"},{\"@type\":\"ListItem\",\"position\":3,\"name\":\"Schnupperflug &#8211; Helikopter &#8211; Speck-Fehraltorf &#8211; Robinson R44 &#8211; Ab CHF 1&rsquo;280.00\"}]},{\"@type\":\"WebSite\",\"@id\":\"https:\/\/www.swissraft.ch\/de\/#website\",\"url\":\"https:\/\/www.swissraft.ch\/de\/\",\"name\":\"Swissraft\",\"description\":\"To enjoy nature as it is\",\"publisher\":{\"@id\":\"https:\/\/www.swissraft.ch\/de\/#organization\"},\"potentialAction\":[{\"@type\":\"SearchAction\",\"target\":{\"@type\":\"EntryPoint\",\"urlTemplate\":\"https:\/\/www.swissraft.ch\/de\/?s={search_term_string}\"},\"query-input\":{\"@type\":\"PropertyValueSpecification\",\"valueRequired\":true,\"valueName\":\"search_term_string\"}}],\"inLanguage\":\"de\"},{\"@type\":\"Organization\",\"@id\":\"https:\/\/www.swissraft.ch\/de\/#organization\",\"name\":\"Swissraft\",\"url\":\"https:\/\/www.swissraft.ch\/de\/\",\"logo\":{\"@type\":\"ImageObject\",\"inLanguage\":\"de\",\"@id\":\"https:\/\/www.swissraft.ch\/de\/#\/schema\/logo\/image\/\",\"url\":\"https:\/\/www.swissraft.ch\/wp-content\/uploads\/2025\/09\/Capture.jpg\",\"contentUrl\":\"https:\/\/www.swissraft.ch\/wp-content\/uploads\/2025\/09\/Capture.jpg\",\"width\":293,\"height\":108,\"caption\":\"Swissraft\"},\"image\":{\"@id\":\"https:\/\/www.swissraft.ch\/de\/#\/schema\/logo\/image\/\"}}]}<\/script>\n<!-- \/ Yoast SEO plugin. -->","yoast_head_json":{"title":"Schnupperflug mit R44 ab Speck-Fehraltorf","description":"Schnupperflug mit R44 in Speck-Fehraltorf. Sie \u00fcbernehmen die Kontrolle \u00fcber Ihren Robinson R44 Helikopter mit Ihrem Einweiser, der Sie beaufsichtigt.","robots":{"index":"index","follow":"follow","max-snippet":"max-snippet:-1","max-image-preview":"max-image-preview:large","max-video-preview":"max-video-preview:-1"},"canonical":"https:\/\/www.swissraft.ch\/de\/produkt\/schnupperflug-helikopter-speck-fehraltorf-robinson-r44\/","og_locale":"de_DE","og_type":"article","og_title":"Schnupperflug mit R44 ab Speck-Fehraltorf","og_description":"Schnupperflug mit R44 in Speck-Fehraltorf. Sie \u00fcbernehmen die Kontrolle \u00fcber Ihren Robinson R44 Helikopter mit Ihrem Einweiser, der Sie beaufsichtigt.","og_url":"https:\/\/www.swissraft.ch\/de\/produkt\/schnupperflug-helikopter-speck-fehraltorf-robinson-r44\/","og_site_name":"Swissraft","article_modified_time":"2026-05-04T03:54:10+00:00","og_image":[{"width":776,"height":776,"url":"https:\/\/www.swissraft.ch\/wp-content\/uploads\/2024\/01\/2-ROBINSON-R44-776x776-1.jpg","type":"image\/jpeg"}],"twitter_card":"summary_large_image","twitter_misc":{"Gesch\u00e4tzte Lesezeit":"2\u00a0Minuten"},"schema":{"@context":"https:\/\/schema.org","@graph":[{"@type":"WebPage","@id":"https:\/\/www.swissraft.ch\/de\/produkt\/schnupperflug-helikopter-speck-fehraltorf-robinson-r44\/","url":"https:\/\/www.swissraft.ch\/de\/produkt\/schnupperflug-helikopter-speck-fehraltorf-robinson-r44\/","name":"Schnupperflug mit R44 ab Speck-Fehraltorf","isPartOf":{"@id":"https:\/\/www.swissraft.ch\/de\/#website"},"primaryImageOfPage":{"@id":"https:\/\/www.swissraft.ch\/de\/produkt\/schnupperflug-helikopter-speck-fehraltorf-robinson-r44\/#primaryimage"},"image":{"@id":"https:\/\/www.swissraft.ch\/de\/produkt\/schnupperflug-helikopter-speck-fehraltorf-robinson-r44\/#primaryimage"},"thumbnailUrl":"https:\/\/www.swissraft.ch\/wp-content\/uploads\/2024\/01\/2-ROBINSON-R44-776x776-1.jpg","datePublished":"2024-01-02T18:12:39+00:00","dateModified":"2026-05-04T03:54:10+00:00","description":"Schnupperflug mit R44 in Speck-Fehraltorf. Sie \u00fcbernehmen die Kontrolle \u00fcber Ihren Robinson R44 Helikopter mit Ihrem Einweiser, der Sie beaufsichtigt.","breadcrumb":{"@id":"https:\/\/www.swissraft.ch\/de\/produkt\/schnupperflug-helikopter-speck-fehraltorf-robinson-r44\/#breadcrumb"},"inLanguage":"de","potentialAction":[{"@type":"ReadAction","target":["https:\/\/www.swissraft.ch\/de\/produkt\/schnupperflug-helikopter-speck-fehraltorf-robinson-r44\/"]}]},{"@type":"ImageObject","inLanguage":"de","@id":"https:\/\/www.swissraft.ch\/de\/produkt\/schnupperflug-helikopter-speck-fehraltorf-robinson-r44\/#primaryimage","url":"https:\/\/www.swissraft.ch\/wp-content\/uploads\/2024\/01\/2-ROBINSON-R44-776x776-1.jpg","contentUrl":"https:\/\/www.swissraft.ch\/wp-content\/uploads\/2024\/01\/2-ROBINSON-R44-776x776-1.jpg","width":776,"height":776,"caption":"Einf\u00fchrungsflug mit Robinson R44 ab Speck-Fehraltorf"},{"@type":"BreadcrumbList","@id":"https:\/\/www.swissraft.ch\/de\/produkt\/schnupperflug-helikopter-speck-fehraltorf-robinson-r44\/#breadcrumb","itemListElement":[{"@type":"ListItem","position":1,"name":"Accueil","item":"https:\/\/www.swissraft.ch\/de\/"},{"@type":"ListItem","position":2,"name":"Shop","item":"https:\/\/www.swissraft.ch\/de\/shop\/"},{"@type":"ListItem","position":3,"name":"Schnupperflug &#8211; Helikopter &#8211; Speck-Fehraltorf &#8211; Robinson R44 &#8211; Ab CHF 1&rsquo;280.00"}]},{"@type":"WebSite","@id":"https:\/\/www.swissraft.ch\/de\/#website","url":"https:\/\/www.swissraft.ch\/de\/","name":"Swissraft","description":"To enjoy nature as it is","publisher":{"@id":"https:\/\/www.swissraft.ch\/de\/#organization"},"potentialAction":[{"@type":"SearchAction","target":{"@type":"EntryPoint","urlTemplate":"https:\/\/www.swissraft.ch\/de\/?s={search_term_string}"},"query-input":{"@type":"PropertyValueSpecification","valueRequired":true,"valueName":"search_term_string"}}],"inLanguage":"de"},{"@type":"Organization","@id":"https:\/\/www.swissraft.ch\/de\/#organization","name":"Swissraft","url":"https:\/\/www.swissraft.ch\/de\/","logo":{"@type":"ImageObject","inLanguage":"de","@id":"https:\/\/www.swissraft.ch\/de\/#\/schema\/logo\/image\/","url":"https:\/\/www.swissraft.ch\/wp-content\/uploads\/2025\/09\/Capture.jpg","contentUrl":"https:\/\/www.swissraft.ch\/wp-content\/uploads\/2025\/09\/Capture.jpg","width":293,"height":108,"caption":"Swissraft"},"image":{"@id":"https:\/\/www.swissraft.ch\/de\/#\/schema\/logo\/image\/"}}]}},"_links":{"self":[{"href":"https:\/\/www.swissraft.ch\/de\/wp-json\/wp\/v2\/product\/91306","targetHints":{"allow":["GET"]}}],"collection":[{"href":"https:\/\/www.swissraft.ch\/de\/wp-json\/wp\/v2\/product"}],"about":[{"href":"https:\/\/www.swissraft.ch\/de\/wp-json\/wp\/v2\/types\/product"}],"replies":[{"embeddable":true,"href":"https:\/\/www.swissraft.ch\/de\/wp-json\/wp\/v2\/comments?post=91306"}],"version-history":[{"count":10,"href":"https:\/\/www.swissraft.ch\/de\/wp-json\/wp\/v2\/product\/91306\/revisions"}],"predecessor-version":[{"id":143363,"href":"https:\/\/www.swissraft.ch\/de\/wp-json\/wp\/v2\/product\/91306\/revisions\/143363"}],"wp:featuredmedia":[{"embeddable":true,"href":"https:\/\/www.swissraft.ch\/de\/wp-json\/wp\/v2\/media\/89224"}],"wp:attachment":[{"href":"https:\/\/www.swissraft.ch\/de\/wp-json\/wp\/v2\/media?parent=91306"}],"wp:term":[{"taxonomy":"product_cat","embeddable":true,"href":"https:\/\/www.swissraft.ch\/de\/wp-json\/wp\/v2\/product_cat?post=91306"},{"taxonomy":"product_tag","embeddable":true,"href":"https:\/\/www.swissraft.ch\/de\/wp-json\/wp\/v2\/product_tag?post=91306"}],"curies":[{"name":"wp","href":"https:\/\/api.w.org\/{rel}","templated":true}]}}