{"id":91305,"date":"2023-12-28T22:09:12","date_gmt":"2023-12-28T21:09:12","guid":{"rendered":"https:\/\/swissraft.xyanzkdne.eu\/product\/einfuehrung-in-einen-hubschrauber-von-samedan-ecureuil-h125-ab-chf-1480-00\/"},"modified":"2026-05-03T22:38:16","modified_gmt":"2026-05-03T20:38:16","slug":"schnupperflug-helikopter-samedan-ecureuil-h125","status":"publish","type":"product","link":"https:\/\/www.swissraft.ch\/de\/produkt\/schnupperflug-helikopter-samedan-ecureuil-h125\/","title":{"rendered":"Schnupperflug &#8211; Helikopter &#8211; Samedan-St. Moritz &#8211; Ecureui H125 &#8211; Ab CHF 1&#8217;480.00"},"content":{"rendered":"\t\t<div data-elementor-type=\"wp-post\" data-elementor-id=\"91305\" class=\"elementor elementor-91305 elementor-55729\">\n\t\t\t\t\t\t\t\t\t<section class=\"elementor-section elementor-top-section elementor-element elementor-element-3303a7e3 elementor-section-boxed elementor-section-height-default elementor-section-height-default\" data-id=\"3303a7e3\" data-element_type=\"section\">\n\t\t\t\t\t\t<div class=\"elementor-container elementor-column-gap-default\">\n\t\t\t\t\t<div class=\"elementor-column elementor-col-100 elementor-top-column elementor-element elementor-element-16d72dbf\" data-id=\"16d72dbf\" data-element_type=\"column\">\n\t\t\t<div class=\"elementor-widget-wrap elementor-element-populated\">\n\t\t\t\t\t\t\t\t<div class=\"elementor-element elementor-element-d743c03 elementor-widget elementor-widget-text-editor\" data-id=\"d743c03\" data-element_type=\"widget\" data-widget_type=\"text-editor.default\">\n\t\t\t\t<div class=\"elementor-widget-container\">\n\t\t\t\t\t\t\t<h2>W\u00c4HLEN SIE UNTEN IHRE AKTIVIT\u00c4T AUS, UM GESCHENKGUTSCHEINE \/ TICKETS ZU VERSCHENKEN ODER ZU BUCHEN.<\/h2><table border=\"0\" width=\"580\" cellspacing=\"10\" cellpadding=\"10\"><tbody><tr><td width=\"50%\"><strong>SCHNUPPERFLUG &#8211; ECUREUIL H125 &#8211; 1 SCH\u00dcLER &#8211; Ab 30 Min.<\/strong><\/td><td><strong>Ab CHF 1&#8217;480.00 pro Flug<span class=\"productPrice\"><br \/><\/span><\/strong><\/td><\/tr><tr><td>Zus\u00e4tzliche Informationen<\/td><td>&#8211; Sie haben den Helikopter exklusiv f\u00fcr sich<br \/>&#8211; Sie bestimmen das Datum und die Uhrzeit des Abflugs<br \/>&#8211; Maximum 1 Pers.<\/td><\/tr><tr><td>Flugplatz<\/td><td><a href=\"https:\/\/www.google.com\/maps\/place\/46%C2%B031'49.3%22N+9%C2%B052'43.3%22E\/@46.5309513,9.8600862,3106m\/data=!3m1!1e3!4m4!3m3!8m2!3d46.5303611!4d9.8786944?entry=ttu\" target=\"_blank\" rel=\"noopener\">Samedan<\/a><\/td><\/tr><tr><td>Heliport im Winter<\/td><td><a href=\"https:\/\/www.google.com\/maps\/place\/46%C2%B028'44.9%22N+9%C2%B049'29.1%22E\/@46.479184,9.820295,777m\/data=!3m1!1e3!4m4!3m3!8m2!3d46.4791361!4d9.8247389?entry=ttu&amp;g_ep=EgoyMDI0MTAwOC4wIKXMDSoASAFQAw%3D%3D\" target=\"_blank\" rel=\"noopener\">St. Moritz <\/a><\/td><\/tr><tr><td>Flugzeit nach Wahl<\/td><td>30 \/ 40 Min.<\/td><\/tr><tr><td>Gesamtdauer<\/td><td>ca. 1:15 bis 1:30 Std. abh\u00e4ngig von der Anzahl der Minuten<\/td><\/tr><tr><td>Termin<\/td><td>Per Telefon<\/td><\/tr><tr><td><button class=\"elementor-button\" type=\"button\"><a href=\"https:\/\/swissraft.outdoorbooking.ch\/fo\/products\/712?base_id=159&amp;category_id=4&amp;order_type=gift_voucher&amp;lang=de\" target=\"_blank\" rel=\"noopener\">GUTSCHEIN \/ TICKET KAUFEN<\/a><\/button><\/td><td><strong>CHF 1&#8217;480.00 &#8211; 30 Min. Flugzeit <\/strong><\/td><\/tr><tr><td><button class=\"elementor-button\" type=\"button\"><a href=\"https:\/\/swissraft.outdoorbooking.ch\/fo\/products\/713?base_id=159&amp;category_id=4&amp;order_type=gift_voucher&amp;lang=de\" target=\"_blank\" rel=\"noopener\">GUTSCHEIN \/ TICKET KAUFEN<\/a><\/button><\/td><td><strong>CHF 1&#8217;930.00 &#8211; 40 Min. Flugzeit <\/strong><\/td><\/tr><tr><td>\u00a0<\/td><td><strong><em>WICHTIG !<\/em><\/strong><br \/><em>Um zu reservieren, rufen Sie die Nummer an, die sich oben links auf dem Gutschein \/ Ticket befindet.<\/em><\/td><\/tr><\/tbody><\/table>\t\t\t\t\t\t<\/div>\n\t\t\t\t<\/div>\n\t\t\t\t\t<\/div>\n\t\t<\/div>\n\t\t\t\t\t\t\t<\/div>\n\t\t<\/section>\n\t\t\t\t\t\t\t<\/div>\n\t\t","protected":false},"excerpt":{"rendered":"<div align=\"justify\">\n<h2 align=\"justify\">Vom Flugplatz Samedan in der Engadin aus nehmen Sie an einer Schnpperflug mit der ECUREUIL H125 teil<\/h2>\n<h3>Der ECUREUIL H125 verf\u00fcgt \u00fcber 5 Passagiersitze und einen einmotorigen Turbinenmotor. Dieser \u00e4u\u00dferst leistungsstarke Hubschrauber wird in der Schweiz h\u00e4ufig im Hochgebirge eingesetzt.<\/h3>\n<\/div>\n<div align=\"justify\">\n<p>Nach einer kurzen theoretischen Einweisung in den Helikopter gehen Sie mit Ihrem Fluglehrer zum Hubschrauber auf dem Rollfeld. Sie f\u00fchren eine technische Inspektion des Flugzeugs durch und gehen dann an Bord. Sie nehmen den rechten Sitz ein, der der Sitz des Piloten ist. Ihr Lehrer setzt sich auf den linken Sitz. Sie schalten die Z\u00fcndung ein und starten die Turbine; der Rotor beginnt sich zu drehen und erreicht eine Drehzahl von 393 U\/min. Nachdem Sie die Startfreigabe erhalten haben, bedienen Sie den Kollektivhebel (den \u201ePas g\u00e9n\u00e9ral\u201c), um den Abflug zu erm\u00f6glichen.<\/p>\n<h3>Um eine Einf\u00fchrung in das Fliegen eines Hubschraubers zu erhalten, ben\u00f6tigen Sie keine besonderen Dokumente oder Zertifikate. Rufen Sie uns einfach an und buchen Sie per Telefon.<\/h3>\n<p id=\"textarea\" style=\"display: none;\">\nWir bieten auch Helikopterfl\u00fcge vom Heliport in Untervaz in Graub\u00fcnden an. Au\u00dferdem k\u00f6nnen Sie vom internationalen Flughafen Bern-Belp aus einen Helikopterflug buchen. Sowie vom Flugplatz Speck-Fehraltorf im Kanton Z\u00fcrich. Ebenso bieten wir Schulunterricht im Kanton Freiburg im Greyerzerland in \u00c9pagny an. Zum einen f\u00fchren wir in Buttwil Einf\u00fchrungsfl\u00fcge mit dem Hubschrauber durch. Im Kanton Solothurn haben wir Einf\u00fchrungsfl\u00fcge vom Flugplatz Grenchen aus. Ebenso bieten wir Hubschrauberflugschulen am Heliport Pfaffnau an. Au\u00dferdem f\u00fchren wir Einweisungen im Liechtenstein vom Heliport Balzers und in der Ostschweiz vom Flugplatz Sitterdorf aus durch. Dar\u00fcber hinaus bieten wir Schulunterricht von Locarno und Lodrino im Tessin an.<br \/>\nHelikopter Ecureuil H125 Samedan<\/p>\n<p><a id=\"seeMore\" onclick=\"toggleSeeMore()\" href=\"javascript:void(0);\">Lesen Sie mehr<\/a><\/p>\n","protected":false},"featured_media":89128,"comment_status":"open","ping_status":"closed","template":"","meta":{"inline_featured_image":false,"_mi_skip_tracking":false},"product_cat":[277,305,266],"product_tag":[],"class_list":["post-91305","product","type-product","status-publish","has-post-thumbnail","hentry","product_cat-schnupperflug-helikopter","product_cat-helikopter-samedan","product_cat-schnupperflug-in-der-schweiz-selbst-fliegen"],"yoast_head":"<!-- This site is optimized with the Yoast SEO plugin v23.6 - https:\/\/yoast.com\/wordpress\/plugins\/seo\/ -->\n<title>Helikopter Ecureuil H125 Samedan oder St. Moritz<\/title>\n<meta name=\"description\" content=\"Helikopter Ecureuil H125 Samedan oder St. Moritz im Engadin. Sie \u00fcbernehmen das Steuer Ihres Helikopters Ecureuil H125, Sie sind der Pilot\" \/>\n<meta name=\"robots\" content=\"index, follow, max-snippet:-1, max-image-preview:large, max-video-preview:-1\" \/>\n<link rel=\"canonical\" href=\"https:\/\/www.swissraft.ch\/de\/produkt\/schnupperflug-helikopter-samedan-ecureuil-h125\/\" \/>\n<meta property=\"og:locale\" content=\"de_DE\" \/>\n<meta property=\"og:type\" content=\"article\" \/>\n<meta property=\"og:title\" content=\"Helikopter Ecureuil H125 Samedan oder St. Moritz\" \/>\n<meta property=\"og:description\" content=\"Helikopter Ecureuil H125 Samedan oder St. Moritz im Engadin. Sie \u00fcbernehmen das Steuer Ihres Helikopters Ecureuil H125, Sie sind der Pilot\" \/>\n<meta property=\"og:url\" content=\"https:\/\/www.swissraft.ch\/de\/produkt\/schnupperflug-helikopter-samedan-ecureuil-h125\/\" \/>\n<meta property=\"og:site_name\" content=\"Swissraft\" \/>\n<meta property=\"article:modified_time\" content=\"2026-05-03T20:38:16+00:00\" \/>\n<meta property=\"og:image\" content=\"https:\/\/www.swissraft.ch\/wp-content\/uploads\/2023\/12\/1-ECUREUIL-H125-776x776-1.jpg\" \/>\n\t<meta property=\"og:image:width\" content=\"776\" \/>\n\t<meta property=\"og:image:height\" content=\"776\" \/>\n\t<meta property=\"og:image:type\" content=\"image\/jpeg\" \/>\n<meta name=\"twitter:card\" content=\"summary_large_image\" \/>\n<meta name=\"twitter:label1\" content=\"Gesch\u00e4tzte Lesezeit\" \/>\n\t<meta name=\"twitter:data1\" content=\"1\u00a0Minute\" \/>\n<script type=\"application\/ld+json\" class=\"yoast-schema-graph\">{\"@context\":\"https:\/\/schema.org\",\"@graph\":[{\"@type\":\"WebPage\",\"@id\":\"https:\/\/www.swissraft.ch\/de\/produkt\/schnupperflug-helikopter-samedan-ecureuil-h125\/\",\"url\":\"https:\/\/www.swissraft.ch\/de\/produkt\/schnupperflug-helikopter-samedan-ecureuil-h125\/\",\"name\":\"Helikopter Ecureuil H125 Samedan oder St. Moritz\",\"isPartOf\":{\"@id\":\"https:\/\/www.swissraft.ch\/de\/#website\"},\"primaryImageOfPage\":{\"@id\":\"https:\/\/www.swissraft.ch\/de\/produkt\/schnupperflug-helikopter-samedan-ecureuil-h125\/#primaryimage\"},\"image\":{\"@id\":\"https:\/\/www.swissraft.ch\/de\/produkt\/schnupperflug-helikopter-samedan-ecureuil-h125\/#primaryimage\"},\"thumbnailUrl\":\"https:\/\/www.swissraft.ch\/wp-content\/uploads\/2023\/12\/1-ECUREUIL-H125-776x776-1.jpg\",\"datePublished\":\"2023-12-28T21:09:12+00:00\",\"dateModified\":\"2026-05-03T20:38:16+00:00\",\"description\":\"Helikopter Ecureuil H125 Samedan oder St. Moritz im Engadin. Sie \u00fcbernehmen das Steuer Ihres Helikopters Ecureuil H125, Sie sind der Pilot\",\"breadcrumb\":{\"@id\":\"https:\/\/www.swissraft.ch\/de\/produkt\/schnupperflug-helikopter-samedan-ecureuil-h125\/#breadcrumb\"},\"inLanguage\":\"de\",\"potentialAction\":[{\"@type\":\"ReadAction\",\"target\":[\"https:\/\/www.swissraft.ch\/de\/produkt\/schnupperflug-helikopter-samedan-ecureuil-h125\/\"]}]},{\"@type\":\"ImageObject\",\"inLanguage\":\"de\",\"@id\":\"https:\/\/www.swissraft.ch\/de\/produkt\/schnupperflug-helikopter-samedan-ecureuil-h125\/#primaryimage\",\"url\":\"https:\/\/www.swissraft.ch\/wp-content\/uploads\/2023\/12\/1-ECUREUIL-H125-776x776-1.jpg\",\"contentUrl\":\"https:\/\/www.swissraft.ch\/wp-content\/uploads\/2023\/12\/1-ECUREUIL-H125-776x776-1.jpg\",\"width\":776,\"height\":776,\"caption\":\"Einf\u00fchrung in die Fliegerei auf Ecureuil H125 von Samedan aus\"},{\"@type\":\"BreadcrumbList\",\"@id\":\"https:\/\/www.swissraft.ch\/de\/produkt\/schnupperflug-helikopter-samedan-ecureuil-h125\/#breadcrumb\",\"itemListElement\":[{\"@type\":\"ListItem\",\"position\":1,\"name\":\"Accueil\",\"item\":\"https:\/\/www.swissraft.ch\/de\/\"},{\"@type\":\"ListItem\",\"position\":2,\"name\":\"Shop\",\"item\":\"https:\/\/www.swissraft.ch\/de\/shop\/\"},{\"@type\":\"ListItem\",\"position\":3,\"name\":\"Schnupperflug &#8211; Helikopter &#8211; Samedan-St. Moritz &#8211; Ecureui H125 &#8211; Ab CHF 1&rsquo;480.00\"}]},{\"@type\":\"WebSite\",\"@id\":\"https:\/\/www.swissraft.ch\/de\/#website\",\"url\":\"https:\/\/www.swissraft.ch\/de\/\",\"name\":\"Swissraft\",\"description\":\"To enjoy nature as it is\",\"publisher\":{\"@id\":\"https:\/\/www.swissraft.ch\/de\/#organization\"},\"potentialAction\":[{\"@type\":\"SearchAction\",\"target\":{\"@type\":\"EntryPoint\",\"urlTemplate\":\"https:\/\/www.swissraft.ch\/de\/?s={search_term_string}\"},\"query-input\":{\"@type\":\"PropertyValueSpecification\",\"valueRequired\":true,\"valueName\":\"search_term_string\"}}],\"inLanguage\":\"de\"},{\"@type\":\"Organization\",\"@id\":\"https:\/\/www.swissraft.ch\/de\/#organization\",\"name\":\"Swissraft\",\"url\":\"https:\/\/www.swissraft.ch\/de\/\",\"logo\":{\"@type\":\"ImageObject\",\"inLanguage\":\"de\",\"@id\":\"https:\/\/www.swissraft.ch\/de\/#\/schema\/logo\/image\/\",\"url\":\"https:\/\/www.swissraft.ch\/wp-content\/uploads\/2025\/09\/Capture.jpg\",\"contentUrl\":\"https:\/\/www.swissraft.ch\/wp-content\/uploads\/2025\/09\/Capture.jpg\",\"width\":293,\"height\":108,\"caption\":\"Swissraft\"},\"image\":{\"@id\":\"https:\/\/www.swissraft.ch\/de\/#\/schema\/logo\/image\/\"}}]}<\/script>\n<!-- \/ Yoast SEO plugin. -->","yoast_head_json":{"title":"Helikopter Ecureuil H125 Samedan oder St. Moritz","description":"Helikopter Ecureuil H125 Samedan oder St. Moritz im Engadin. Sie \u00fcbernehmen das Steuer Ihres Helikopters Ecureuil H125, Sie sind der Pilot","robots":{"index":"index","follow":"follow","max-snippet":"max-snippet:-1","max-image-preview":"max-image-preview:large","max-video-preview":"max-video-preview:-1"},"canonical":"https:\/\/www.swissraft.ch\/de\/produkt\/schnupperflug-helikopter-samedan-ecureuil-h125\/","og_locale":"de_DE","og_type":"article","og_title":"Helikopter Ecureuil H125 Samedan oder St. Moritz","og_description":"Helikopter Ecureuil H125 Samedan oder St. Moritz im Engadin. Sie \u00fcbernehmen das Steuer Ihres Helikopters Ecureuil H125, Sie sind der Pilot","og_url":"https:\/\/www.swissraft.ch\/de\/produkt\/schnupperflug-helikopter-samedan-ecureuil-h125\/","og_site_name":"Swissraft","article_modified_time":"2026-05-03T20:38:16+00:00","og_image":[{"width":776,"height":776,"url":"https:\/\/www.swissraft.ch\/wp-content\/uploads\/2023\/12\/1-ECUREUIL-H125-776x776-1.jpg","type":"image\/jpeg"}],"twitter_card":"summary_large_image","twitter_misc":{"Gesch\u00e4tzte Lesezeit":"1\u00a0Minute"},"schema":{"@context":"https:\/\/schema.org","@graph":[{"@type":"WebPage","@id":"https:\/\/www.swissraft.ch\/de\/produkt\/schnupperflug-helikopter-samedan-ecureuil-h125\/","url":"https:\/\/www.swissraft.ch\/de\/produkt\/schnupperflug-helikopter-samedan-ecureuil-h125\/","name":"Helikopter Ecureuil H125 Samedan oder St. Moritz","isPartOf":{"@id":"https:\/\/www.swissraft.ch\/de\/#website"},"primaryImageOfPage":{"@id":"https:\/\/www.swissraft.ch\/de\/produkt\/schnupperflug-helikopter-samedan-ecureuil-h125\/#primaryimage"},"image":{"@id":"https:\/\/www.swissraft.ch\/de\/produkt\/schnupperflug-helikopter-samedan-ecureuil-h125\/#primaryimage"},"thumbnailUrl":"https:\/\/www.swissraft.ch\/wp-content\/uploads\/2023\/12\/1-ECUREUIL-H125-776x776-1.jpg","datePublished":"2023-12-28T21:09:12+00:00","dateModified":"2026-05-03T20:38:16+00:00","description":"Helikopter Ecureuil H125 Samedan oder St. Moritz im Engadin. Sie \u00fcbernehmen das Steuer Ihres Helikopters Ecureuil H125, Sie sind der Pilot","breadcrumb":{"@id":"https:\/\/www.swissraft.ch\/de\/produkt\/schnupperflug-helikopter-samedan-ecureuil-h125\/#breadcrumb"},"inLanguage":"de","potentialAction":[{"@type":"ReadAction","target":["https:\/\/www.swissraft.ch\/de\/produkt\/schnupperflug-helikopter-samedan-ecureuil-h125\/"]}]},{"@type":"ImageObject","inLanguage":"de","@id":"https:\/\/www.swissraft.ch\/de\/produkt\/schnupperflug-helikopter-samedan-ecureuil-h125\/#primaryimage","url":"https:\/\/www.swissraft.ch\/wp-content\/uploads\/2023\/12\/1-ECUREUIL-H125-776x776-1.jpg","contentUrl":"https:\/\/www.swissraft.ch\/wp-content\/uploads\/2023\/12\/1-ECUREUIL-H125-776x776-1.jpg","width":776,"height":776,"caption":"Einf\u00fchrung in die Fliegerei auf Ecureuil H125 von Samedan aus"},{"@type":"BreadcrumbList","@id":"https:\/\/www.swissraft.ch\/de\/produkt\/schnupperflug-helikopter-samedan-ecureuil-h125\/#breadcrumb","itemListElement":[{"@type":"ListItem","position":1,"name":"Accueil","item":"https:\/\/www.swissraft.ch\/de\/"},{"@type":"ListItem","position":2,"name":"Shop","item":"https:\/\/www.swissraft.ch\/de\/shop\/"},{"@type":"ListItem","position":3,"name":"Schnupperflug &#8211; Helikopter &#8211; Samedan-St. Moritz &#8211; Ecureui H125 &#8211; Ab CHF 1&rsquo;480.00"}]},{"@type":"WebSite","@id":"https:\/\/www.swissraft.ch\/de\/#website","url":"https:\/\/www.swissraft.ch\/de\/","name":"Swissraft","description":"To enjoy nature as it is","publisher":{"@id":"https:\/\/www.swissraft.ch\/de\/#organization"},"potentialAction":[{"@type":"SearchAction","target":{"@type":"EntryPoint","urlTemplate":"https:\/\/www.swissraft.ch\/de\/?s={search_term_string}"},"query-input":{"@type":"PropertyValueSpecification","valueRequired":true,"valueName":"search_term_string"}}],"inLanguage":"de"},{"@type":"Organization","@id":"https:\/\/www.swissraft.ch\/de\/#organization","name":"Swissraft","url":"https:\/\/www.swissraft.ch\/de\/","logo":{"@type":"ImageObject","inLanguage":"de","@id":"https:\/\/www.swissraft.ch\/de\/#\/schema\/logo\/image\/","url":"https:\/\/www.swissraft.ch\/wp-content\/uploads\/2025\/09\/Capture.jpg","contentUrl":"https:\/\/www.swissraft.ch\/wp-content\/uploads\/2025\/09\/Capture.jpg","width":293,"height":108,"caption":"Swissraft"},"image":{"@id":"https:\/\/www.swissraft.ch\/de\/#\/schema\/logo\/image\/"}}]}},"_links":{"self":[{"href":"https:\/\/www.swissraft.ch\/de\/wp-json\/wp\/v2\/product\/91305","targetHints":{"allow":["GET"]}}],"collection":[{"href":"https:\/\/www.swissraft.ch\/de\/wp-json\/wp\/v2\/product"}],"about":[{"href":"https:\/\/www.swissraft.ch\/de\/wp-json\/wp\/v2\/types\/product"}],"replies":[{"embeddable":true,"href":"https:\/\/www.swissraft.ch\/de\/wp-json\/wp\/v2\/comments?post=91305"}],"version-history":[{"count":11,"href":"https:\/\/www.swissraft.ch\/de\/wp-json\/wp\/v2\/product\/91305\/revisions"}],"predecessor-version":[{"id":143305,"href":"https:\/\/www.swissraft.ch\/de\/wp-json\/wp\/v2\/product\/91305\/revisions\/143305"}],"wp:featuredmedia":[{"embeddable":true,"href":"https:\/\/www.swissraft.ch\/de\/wp-json\/wp\/v2\/media\/89128"}],"wp:attachment":[{"href":"https:\/\/www.swissraft.ch\/de\/wp-json\/wp\/v2\/media?parent=91305"}],"wp:term":[{"taxonomy":"product_cat","embeddable":true,"href":"https:\/\/www.swissraft.ch\/de\/wp-json\/wp\/v2\/product_cat?post=91305"},{"taxonomy":"product_tag","embeddable":true,"href":"https:\/\/www.swissraft.ch\/de\/wp-json\/wp\/v2\/product_tag?post=91305"}],"curies":[{"name":"wp","href":"https:\/\/api.w.org\/{rel}","templated":true}]}}