{"id":91301,"date":"2024-01-01T21:55:29","date_gmt":"2024-01-01T20:55:29","guid":{"rendered":"https:\/\/swissraft.xyanzkdne.eu\/product\/hubschraubereinweisung-ab-speck-fehraltorf-robinson-r22-ab-chf-820-00\/"},"modified":"2024-12-19T21:15:06","modified_gmt":"2024-12-19T20:15:06","slug":"schnupperflug-helikopter-speck-fehraltorf-robinson-r22","status":"publish","type":"product","link":"https:\/\/www.swissraft.ch\/de\/produkt\/schnupperflug-helikopter-speck-fehraltorf-robinson-r22\/","title":{"rendered":"Schnupperflug mit einem Helikopter ab SPECK-FEHRALTORF &#8211; ROBINSON R22 &#8211; Ab CHF 820.00"},"content":{"rendered":"\t\t<div data-elementor-type=\"wp-post\" data-elementor-id=\"91301\" class=\"elementor elementor-91301 elementor-55898\">\n\t\t\t\t\t\t\t\t\t<section class=\"elementor-section elementor-top-section elementor-element elementor-element-3303a7e3 elementor-section-boxed elementor-section-height-default elementor-section-height-default\" data-id=\"3303a7e3\" data-element_type=\"section\">\n\t\t\t\t\t\t<div class=\"elementor-container elementor-column-gap-default\">\n\t\t\t\t\t<div class=\"elementor-column elementor-col-100 elementor-top-column elementor-element elementor-element-16d72dbf\" data-id=\"16d72dbf\" data-element_type=\"column\">\n\t\t\t<div class=\"elementor-widget-wrap elementor-element-populated\">\n\t\t\t\t\t\t\t\t<div class=\"elementor-element elementor-element-d743c03 elementor-widget elementor-widget-text-editor\" data-id=\"d743c03\" data-element_type=\"widget\" data-widget_type=\"text-editor.default\">\n\t\t\t\t<div class=\"elementor-widget-container\">\n\t\t\t\t\t\t\t<h2>W\u00c4HLEN SIE UNTEN IHRE AKTIVIT\u00c4T AUS, UM GESCHENKGUTSCHEINE \/ TICKETS ZU VERSCHENKEN ODER ZU BUCHEN.<\/h2><table border=\"0\" width=\"580\" cellspacing=\"10\" cellpadding=\"10\"><tbody><tr><td width=\"50%\"><strong>SCHNUPPERFLUG MIT DER ROBINSON R22 &#8211; 1 SCH\u00dcLER &#8211; Ab 60 Min.<\/strong><\/td><td><strong>Ab CHF 820.00 pro Flug<span class=\"productPrice\"><br \/><\/span><\/strong><\/td><\/tr><tr><td>Weitere Informationen<\/td><td>&#8211; Sie haben den Helikopter exklusiv f\u00fcr sich<br \/>&#8211; Sie bestimmen das Datum und die Uhrzeit des Abflugs<br \/>&#8211; H\u00f6chstgewicht : 95 kg<br \/>&#8211; Maximal 1 Pers.<\/td><\/tr><tr><td>Flugplatz<\/td><td><a href=\"https:\/\/www.google.com\/maps\/place\/47%C2%B022'31.8%22N+8%C2%B045'44.7%22E\/@47.3755603,8.757891,764m\/data=!3m1!1e3!4m4!3m3!8m2!3d47.3755!4d8.7624167?entry=ttu\" target=\"_blank\" rel=\"noopener\">Speck-Fehraltorf<\/a><\/td><\/tr><tr><td>Flugzeit nach Wahl<\/td><td>60 \/ 90 Min.<\/td><\/tr><tr><td>Gesamtdauer<\/td><td>ca. 1:45 bis 2:15 Std. abh\u00e4ngig von der Anzahl der Minuten<\/td><\/tr><tr><td>Terminvereinbarung<\/td><td>Per Telefon<\/td><\/tr><tr><td><button class=\"elementor-button\" type=\"button\"><a href=\"https:\/\/swissraft.outdoorbooking.ch\/fo\/products\/808?base_id=170&amp;category_id=4&amp;order_type=gift_voucher&amp;lang=de\" target=\"_blank\" rel=\"noopener\">GUTSCHEIN KAUFEN<\/a><\/button><\/td><td><strong>CHF 820.00 &#8211; 60 Min. Flugzeit <\/strong><\/td><\/tr><tr><td><button class=\"elementor-button\" type=\"button\"><a href=\"https:\/\/swissraft.outdoorbooking.ch\/fo\/products\/809?base_id=170&amp;category_id=4&amp;order_type=gift_voucher&amp;lang=de\" target=\"_blank\" rel=\"noopener\">GUTSCHEIN KAUFEN<\/a><\/button><\/td><td><strong>CHF 1&#8217;170.00 &#8211; 90 Min. Flugzeit <\/strong><\/td><\/tr><tr><td>\u00a0<\/td><td>Um zu buchen : <span class=\"patt\" style=\"font-family: inherit; font-size: inherit;\"><span class=\"plbl\"><span class=\"patt\"><a href=\"https:\/\/www.swissraft.ch\/de\/kontakt\/\">Kontaktieren Sie uns<\/a><\/span><\/span><\/span><\/td><\/tr><\/tbody><\/table>\t\t\t\t\t\t<\/div>\n\t\t\t\t<\/div>\n\t\t\t\t\t<\/div>\n\t\t<\/div>\n\t\t\t\t\t\t\t<\/div>\n\t\t<\/section>\n\t\t\t\t\t\t\t<\/div>\n\t\t","protected":false},"excerpt":{"rendered":"<div align=\"justify\">\n<h2 align=\"justify\">Vom Flugplatz Speck-Fehraltorf aus m\u00f6chten Sie eine Einf\u00fchrung mit einem ROBINSON R22 machen.<\/h2>\n<h3>Der ROBINSON R22 Helikpter ist der kleinste Hubschrauber seiner Robinson R-Serie und kann zwei Personen transportieren. Mit seinem Kolbenmotor ist er \u00e4u\u00dferst zuverl\u00e4ssig.<\/h3>\n<\/div>\n<div align=\"justify\">\n<p>Auf dem Flugplatz Speck-Fehraltorf werden Sie von unserem Fluglehrer begr\u00fc\u00dft. Zun\u00e4chst gibt er Ihnen eine kurze Einf\u00fchrung in den Hubschrauberflug.<br \/>\nDanach gehen Sie gemeinsam zu Ihrem Helikopter, der sich auf dem Rollfeld befindet. Sie f\u00fchren eine technische Besichtigung des Flugzeugs durch und \u00fcberpr\u00fcfen einige mechanische Teile des Helikopters. Dann gehen Sie an Bord und nehmen den rechten Sitz als Pilot ein. Der Tower gibt Ihnen die Startfreigabe und der Rotor erreicht die f\u00fcr den Schwebeflug erforderlichen 520 U\/min. Mit Ihrer linken Hand bet\u00e4tigen Sie den allgemeinen Pitch nach oben, um abzuheben. Dann schieben Sie den Steuerkn\u00fcppel langsam nach vorne, um horizontal an Geschwindigkeit zu gewinnen und vorw\u00e4rts zu fliegen.<\/p>\n<h3>Am Flughafen Speck-Fehraltorf bieten wir Ihnen zwei Arten von Robinson-Helikoptern an. Rufen Sie uns an, wir beraten Sie gerne.<\/h3>\n<p id=\"textarea\" style=\"display: none;\">\nWir bieten Einf\u00fchrungsfl\u00fcge mit dem Hubschrauber vom Flughafen Bern-Belp aus an. Au\u00dferdem bieten wir vom Flugplatz \u00c9pagny im Greyerzerland aus auch Einf\u00fchrungsfl\u00fcge an. Au\u00dferdem bieten wir Einf\u00fchrungsfl\u00fcge mit dem Hubschrauber von Buttwil und Grenchen aus an. Einerseits f\u00fchren wir Einf\u00fchrungsfl\u00fcge mit dem Hubschrauber vom Heliport Pfaffnau im Kanton Luzern aus durch. In Liechtenstein haben wir Einf\u00fchrungsfl\u00fcge vom Heliport Balzers aus. Au\u00dferdem bieten wir in der Ostschweiz Schulfl\u00fcge vom Flugplatz Sitterdorf aus an. Wir bieten auch Schnupperflug mit mit Hubschraubern vom Flugplatz Samedan und den Heliports St. Moritz und Untervaz aus. Aber auch Einf\u00fchrungsfl\u00fcge mit dem Helikopter in das Tessin von Locarno und Lodrino aus.\n<\/p>\n<p><a id=\"seeMore\" onclick=\"toggleSeeMore()\" href=\"javascript:void(0);\">Lesen Sie mehr<\/a><\/p>\n","protected":false},"featured_media":89209,"comment_status":"open","ping_status":"closed","template":"","meta":{"inline_featured_image":false,"_mi_skip_tracking":false},"product_cat":[277,304,266],"product_tag":[],"class_list":["post-91301","product","type-product","status-publish","has-post-thumbnail","hentry","product_cat-schnupperflug-helikopter","product_cat-helikopter-speck-fehraltorf","product_cat-schnupperflug-in-der-schweiz-selbst-fliegen"],"yoast_head":"<!-- This site is optimized with the Yoast SEO plugin v23.6 - https:\/\/yoast.com\/wordpress\/plugins\/seo\/ -->\n<title>Schnupperflug mit R22 auf dem Flugplatz Speck-Fehraltorf<\/title>\n<meta name=\"description\" content=\"Schnupperflug mit R22 in Speck-Fehraltorf. Sie \u00fcbernehmen die Steuerung Ihres Robinson R22 Helikopters mit Ihrem Einweiser, der Sie beaufsichtigt\" \/>\n<meta name=\"robots\" content=\"index, follow, max-snippet:-1, max-image-preview:large, max-video-preview:-1\" \/>\n<link rel=\"canonical\" href=\"https:\/\/www.swissraft.ch\/de\/produkt\/schnupperflug-helikopter-speck-fehraltorf-robinson-r22\/\" \/>\n<meta property=\"og:locale\" content=\"de_DE\" \/>\n<meta property=\"og:type\" content=\"article\" \/>\n<meta property=\"og:title\" content=\"Schnupperflug mit R22 auf dem Flugplatz Speck-Fehraltorf\" \/>\n<meta property=\"og:description\" content=\"Schnupperflug mit R22 in Speck-Fehraltorf. Sie \u00fcbernehmen die Steuerung Ihres Robinson R22 Helikopters mit Ihrem Einweiser, der Sie beaufsichtigt\" \/>\n<meta property=\"og:url\" content=\"https:\/\/www.swissraft.ch\/de\/produkt\/schnupperflug-helikopter-speck-fehraltorf-robinson-r22\/\" \/>\n<meta property=\"og:site_name\" content=\"Swissraft\" \/>\n<meta property=\"article:modified_time\" content=\"2024-12-19T20:15:06+00:00\" \/>\n<meta property=\"og:image\" content=\"https:\/\/www.swissraft.ch\/wp-content\/uploads\/2024\/01\/1-Robinson-RH22-776x776-1.jpg\" \/>\n\t<meta property=\"og:image:width\" content=\"776\" \/>\n\t<meta property=\"og:image:height\" content=\"776\" \/>\n\t<meta property=\"og:image:type\" content=\"image\/jpeg\" \/>\n<meta name=\"twitter:card\" content=\"summary_large_image\" \/>\n<meta name=\"twitter:label1\" content=\"Gesch\u00e4tzte Lesezeit\" \/>\n\t<meta name=\"twitter:data1\" content=\"1\u00a0Minute\" \/>\n<script type=\"application\/ld+json\" class=\"yoast-schema-graph\">{\"@context\":\"https:\/\/schema.org\",\"@graph\":[{\"@type\":\"WebPage\",\"@id\":\"https:\/\/www.swissraft.ch\/de\/produkt\/schnupperflug-helikopter-speck-fehraltorf-robinson-r22\/\",\"url\":\"https:\/\/www.swissraft.ch\/de\/produkt\/schnupperflug-helikopter-speck-fehraltorf-robinson-r22\/\",\"name\":\"Schnupperflug mit R22 auf dem Flugplatz Speck-Fehraltorf\",\"isPartOf\":{\"@id\":\"https:\/\/www.swissraft.ch\/de\/#website\"},\"primaryImageOfPage\":{\"@id\":\"https:\/\/www.swissraft.ch\/de\/produkt\/schnupperflug-helikopter-speck-fehraltorf-robinson-r22\/#primaryimage\"},\"image\":{\"@id\":\"https:\/\/www.swissraft.ch\/de\/produkt\/schnupperflug-helikopter-speck-fehraltorf-robinson-r22\/#primaryimage\"},\"thumbnailUrl\":\"https:\/\/www.swissraft.ch\/wp-content\/uploads\/2024\/01\/1-Robinson-RH22-776x776-1.jpg\",\"datePublished\":\"2024-01-01T20:55:29+00:00\",\"dateModified\":\"2024-12-19T20:15:06+00:00\",\"description\":\"Schnupperflug mit R22 in Speck-Fehraltorf. Sie \u00fcbernehmen die Steuerung Ihres Robinson R22 Helikopters mit Ihrem Einweiser, der Sie beaufsichtigt\",\"breadcrumb\":{\"@id\":\"https:\/\/www.swissraft.ch\/de\/produkt\/schnupperflug-helikopter-speck-fehraltorf-robinson-r22\/#breadcrumb\"},\"inLanguage\":\"de\",\"potentialAction\":[{\"@type\":\"ReadAction\",\"target\":[\"https:\/\/www.swissraft.ch\/de\/produkt\/schnupperflug-helikopter-speck-fehraltorf-robinson-r22\/\"]}]},{\"@type\":\"ImageObject\",\"inLanguage\":\"de\",\"@id\":\"https:\/\/www.swissraft.ch\/de\/produkt\/schnupperflug-helikopter-speck-fehraltorf-robinson-r22\/#primaryimage\",\"url\":\"https:\/\/www.swissraft.ch\/wp-content\/uploads\/2024\/01\/1-Robinson-RH22-776x776-1.jpg\",\"contentUrl\":\"https:\/\/www.swissraft.ch\/wp-content\/uploads\/2024\/01\/1-Robinson-RH22-776x776-1.jpg\",\"width\":776,\"height\":776,\"caption\":\"Einf\u00fchrung in das Fliegen eines Robinson R22 von Speck-Fehraltorf aus\"},{\"@type\":\"BreadcrumbList\",\"@id\":\"https:\/\/www.swissraft.ch\/de\/produkt\/schnupperflug-helikopter-speck-fehraltorf-robinson-r22\/#breadcrumb\",\"itemListElement\":[{\"@type\":\"ListItem\",\"position\":1,\"name\":\"Accueil\",\"item\":\"https:\/\/www.swissraft.ch\/de\/\"},{\"@type\":\"ListItem\",\"position\":2,\"name\":\"Shop\",\"item\":\"https:\/\/www.swissraft.ch\/de\/shop\/\"},{\"@type\":\"ListItem\",\"position\":3,\"name\":\"Schnupperflug mit einem Helikopter ab SPECK-FEHRALTORF &#8211; ROBINSON R22 &#8211; Ab CHF 820.00\"}]},{\"@type\":\"WebSite\",\"@id\":\"https:\/\/www.swissraft.ch\/de\/#website\",\"url\":\"https:\/\/www.swissraft.ch\/de\/\",\"name\":\"Swissraft\",\"description\":\"To enjoy nature as it is\",\"publisher\":{\"@id\":\"https:\/\/www.swissraft.ch\/de\/#organization\"},\"potentialAction\":[{\"@type\":\"SearchAction\",\"target\":{\"@type\":\"EntryPoint\",\"urlTemplate\":\"https:\/\/www.swissraft.ch\/de\/?s={search_term_string}\"},\"query-input\":{\"@type\":\"PropertyValueSpecification\",\"valueRequired\":true,\"valueName\":\"search_term_string\"}}],\"inLanguage\":\"de\"},{\"@type\":\"Organization\",\"@id\":\"https:\/\/www.swissraft.ch\/de\/#organization\",\"name\":\"Swissraft\",\"url\":\"https:\/\/www.swissraft.ch\/de\/\",\"logo\":{\"@type\":\"ImageObject\",\"inLanguage\":\"de\",\"@id\":\"https:\/\/www.swissraft.ch\/de\/#\/schema\/logo\/image\/\",\"url\":\"https:\/\/www.swissraft.ch\/wp-content\/uploads\/2025\/09\/Capture.jpg\",\"contentUrl\":\"https:\/\/www.swissraft.ch\/wp-content\/uploads\/2025\/09\/Capture.jpg\",\"width\":293,\"height\":108,\"caption\":\"Swissraft\"},\"image\":{\"@id\":\"https:\/\/www.swissraft.ch\/de\/#\/schema\/logo\/image\/\"}}]}<\/script>\n<!-- \/ Yoast SEO plugin. -->","yoast_head_json":{"title":"Schnupperflug mit R22 auf dem Flugplatz Speck-Fehraltorf","description":"Schnupperflug mit R22 in Speck-Fehraltorf. Sie \u00fcbernehmen die Steuerung Ihres Robinson R22 Helikopters mit Ihrem Einweiser, der Sie beaufsichtigt","robots":{"index":"index","follow":"follow","max-snippet":"max-snippet:-1","max-image-preview":"max-image-preview:large","max-video-preview":"max-video-preview:-1"},"canonical":"https:\/\/www.swissraft.ch\/de\/produkt\/schnupperflug-helikopter-speck-fehraltorf-robinson-r22\/","og_locale":"de_DE","og_type":"article","og_title":"Schnupperflug mit R22 auf dem Flugplatz Speck-Fehraltorf","og_description":"Schnupperflug mit R22 in Speck-Fehraltorf. Sie \u00fcbernehmen die Steuerung Ihres Robinson R22 Helikopters mit Ihrem Einweiser, der Sie beaufsichtigt","og_url":"https:\/\/www.swissraft.ch\/de\/produkt\/schnupperflug-helikopter-speck-fehraltorf-robinson-r22\/","og_site_name":"Swissraft","article_modified_time":"2024-12-19T20:15:06+00:00","og_image":[{"width":776,"height":776,"url":"https:\/\/www.swissraft.ch\/wp-content\/uploads\/2024\/01\/1-Robinson-RH22-776x776-1.jpg","type":"image\/jpeg"}],"twitter_card":"summary_large_image","twitter_misc":{"Gesch\u00e4tzte Lesezeit":"1\u00a0Minute"},"schema":{"@context":"https:\/\/schema.org","@graph":[{"@type":"WebPage","@id":"https:\/\/www.swissraft.ch\/de\/produkt\/schnupperflug-helikopter-speck-fehraltorf-robinson-r22\/","url":"https:\/\/www.swissraft.ch\/de\/produkt\/schnupperflug-helikopter-speck-fehraltorf-robinson-r22\/","name":"Schnupperflug mit R22 auf dem Flugplatz Speck-Fehraltorf","isPartOf":{"@id":"https:\/\/www.swissraft.ch\/de\/#website"},"primaryImageOfPage":{"@id":"https:\/\/www.swissraft.ch\/de\/produkt\/schnupperflug-helikopter-speck-fehraltorf-robinson-r22\/#primaryimage"},"image":{"@id":"https:\/\/www.swissraft.ch\/de\/produkt\/schnupperflug-helikopter-speck-fehraltorf-robinson-r22\/#primaryimage"},"thumbnailUrl":"https:\/\/www.swissraft.ch\/wp-content\/uploads\/2024\/01\/1-Robinson-RH22-776x776-1.jpg","datePublished":"2024-01-01T20:55:29+00:00","dateModified":"2024-12-19T20:15:06+00:00","description":"Schnupperflug mit R22 in Speck-Fehraltorf. Sie \u00fcbernehmen die Steuerung Ihres Robinson R22 Helikopters mit Ihrem Einweiser, der Sie beaufsichtigt","breadcrumb":{"@id":"https:\/\/www.swissraft.ch\/de\/produkt\/schnupperflug-helikopter-speck-fehraltorf-robinson-r22\/#breadcrumb"},"inLanguage":"de","potentialAction":[{"@type":"ReadAction","target":["https:\/\/www.swissraft.ch\/de\/produkt\/schnupperflug-helikopter-speck-fehraltorf-robinson-r22\/"]}]},{"@type":"ImageObject","inLanguage":"de","@id":"https:\/\/www.swissraft.ch\/de\/produkt\/schnupperflug-helikopter-speck-fehraltorf-robinson-r22\/#primaryimage","url":"https:\/\/www.swissraft.ch\/wp-content\/uploads\/2024\/01\/1-Robinson-RH22-776x776-1.jpg","contentUrl":"https:\/\/www.swissraft.ch\/wp-content\/uploads\/2024\/01\/1-Robinson-RH22-776x776-1.jpg","width":776,"height":776,"caption":"Einf\u00fchrung in das Fliegen eines Robinson R22 von Speck-Fehraltorf aus"},{"@type":"BreadcrumbList","@id":"https:\/\/www.swissraft.ch\/de\/produkt\/schnupperflug-helikopter-speck-fehraltorf-robinson-r22\/#breadcrumb","itemListElement":[{"@type":"ListItem","position":1,"name":"Accueil","item":"https:\/\/www.swissraft.ch\/de\/"},{"@type":"ListItem","position":2,"name":"Shop","item":"https:\/\/www.swissraft.ch\/de\/shop\/"},{"@type":"ListItem","position":3,"name":"Schnupperflug mit einem Helikopter ab SPECK-FEHRALTORF &#8211; ROBINSON R22 &#8211; Ab CHF 820.00"}]},{"@type":"WebSite","@id":"https:\/\/www.swissraft.ch\/de\/#website","url":"https:\/\/www.swissraft.ch\/de\/","name":"Swissraft","description":"To enjoy nature as it is","publisher":{"@id":"https:\/\/www.swissraft.ch\/de\/#organization"},"potentialAction":[{"@type":"SearchAction","target":{"@type":"EntryPoint","urlTemplate":"https:\/\/www.swissraft.ch\/de\/?s={search_term_string}"},"query-input":{"@type":"PropertyValueSpecification","valueRequired":true,"valueName":"search_term_string"}}],"inLanguage":"de"},{"@type":"Organization","@id":"https:\/\/www.swissraft.ch\/de\/#organization","name":"Swissraft","url":"https:\/\/www.swissraft.ch\/de\/","logo":{"@type":"ImageObject","inLanguage":"de","@id":"https:\/\/www.swissraft.ch\/de\/#\/schema\/logo\/image\/","url":"https:\/\/www.swissraft.ch\/wp-content\/uploads\/2025\/09\/Capture.jpg","contentUrl":"https:\/\/www.swissraft.ch\/wp-content\/uploads\/2025\/09\/Capture.jpg","width":293,"height":108,"caption":"Swissraft"},"image":{"@id":"https:\/\/www.swissraft.ch\/de\/#\/schema\/logo\/image\/"}}]}},"_links":{"self":[{"href":"https:\/\/www.swissraft.ch\/de\/wp-json\/wp\/v2\/product\/91301","targetHints":{"allow":["GET"]}}],"collection":[{"href":"https:\/\/www.swissraft.ch\/de\/wp-json\/wp\/v2\/product"}],"about":[{"href":"https:\/\/www.swissraft.ch\/de\/wp-json\/wp\/v2\/types\/product"}],"replies":[{"embeddable":true,"href":"https:\/\/www.swissraft.ch\/de\/wp-json\/wp\/v2\/comments?post=91301"}],"version-history":[{"count":0,"href":"https:\/\/www.swissraft.ch\/de\/wp-json\/wp\/v2\/product\/91301\/revisions"}],"wp:featuredmedia":[{"embeddable":true,"href":"https:\/\/www.swissraft.ch\/de\/wp-json\/wp\/v2\/media\/89209"}],"wp:attachment":[{"href":"https:\/\/www.swissraft.ch\/de\/wp-json\/wp\/v2\/media?parent=91301"}],"wp:term":[{"taxonomy":"product_cat","embeddable":true,"href":"https:\/\/www.swissraft.ch\/de\/wp-json\/wp\/v2\/product_cat?post=91301"},{"taxonomy":"product_tag","embeddable":true,"href":"https:\/\/www.swissraft.ch\/de\/wp-json\/wp\/v2\/product_tag?post=91301"}],"curies":[{"name":"wp","href":"https:\/\/api.w.org\/{rel}","templated":true}]}}