{"id":91297,"date":"2023-12-30T21:57:51","date_gmt":"2023-12-30T20:57:51","guid":{"rendered":"https:\/\/swissraft.xyanzkdne.eu\/product\/einfuehrung-in-einen-hubschrauber-von-untervaz-colibri-h120-ab-chf-830-00\/"},"modified":"2024-12-19T22:04:57","modified_gmt":"2024-12-19T21:04:57","slug":"schnupperflug-helikopter-untervaz-colibri-h120","status":"publish","type":"product","link":"https:\/\/www.swissraft.ch\/de\/produkt\/schnupperflug-helikopter-untervaz-colibri-h120\/","title":{"rendered":"Schnupperflug mit einem Helikopter ab UNTERVAZ &#8211; COLIBRI H120 &#8211; Ab CHF 830.00"},"content":{"rendered":"\t\t<div data-elementor-type=\"wp-post\" data-elementor-id=\"91297\" class=\"elementor elementor-91297 elementor-55880\">\n\t\t\t\t\t\t\t\t\t<section class=\"elementor-section elementor-top-section elementor-element elementor-element-3303a7e3 elementor-section-boxed elementor-section-height-default elementor-section-height-default\" data-id=\"3303a7e3\" data-element_type=\"section\">\n\t\t\t\t\t\t<div class=\"elementor-container elementor-column-gap-default\">\n\t\t\t\t\t<div class=\"elementor-column elementor-col-100 elementor-top-column elementor-element elementor-element-16d72dbf\" data-id=\"16d72dbf\" data-element_type=\"column\">\n\t\t\t<div class=\"elementor-widget-wrap elementor-element-populated\">\n\t\t\t\t\t\t\t\t<div class=\"elementor-element elementor-element-d743c03 elementor-widget elementor-widget-text-editor\" data-id=\"d743c03\" data-element_type=\"widget\" data-widget_type=\"text-editor.default\">\n\t\t\t\t<div class=\"elementor-widget-container\">\n\t\t\t\t\t\t\t<h2>W\u00c4HLEN SIE UNTEN IHRE AKTIVIT\u00c4T AUS, UM GESCHENKGUTSCHEINE \/ TICKETS ZU VERSCHENKEN ODER ZU BUCHEN.<\/h2><table border=\"0\" width=\"580\" cellspacing=\"10\" cellpadding=\"10\"><tbody><tr><td width=\"50%\"><strong>SCHNUPPERFLUG MIT DER COLIBRI H120 &#8211; 1 SCH\u00dcLER &#8211; Ab 30 Min.<\/strong><\/td><td><strong>Ab CHF 830.00 pro Flug<span class=\"productPrice\"><br \/><\/span><\/strong><\/td><\/tr><tr><td>Weitere Informationen<\/td><td>&#8211; Sie haben den Helikopter exklusiv f\u00fcr sich<br \/>&#8211; Sie bestimmen das Datum und die Uhrzeit des Abflugs<br \/>&#8211; Maximal 1 Pers.<\/td><\/tr><tr><td>Heliport<\/td><td><a href=\"https:\/\/www.google.com\/maps\/place\/46%C2%B054'46.7%22N+9%C2%B033'04.4%22E\/@46.9130263,9.5490439,385m\/data=!3m1!1e3!4m4!3m3!8m2!3d46.912975!4d9.5512111?entry=ttu\" target=\"_blank\" rel=\"noopener\">Untervaz<\/a><\/td><\/tr><tr><td>Flugzeit nach Wahl<\/td><td>30 \/ 40 Min.<\/td><\/tr><tr><td>Gesamtdauer<\/td><td>ca. 1:15 bis 1:30 Std. abh\u00e4ngig von der Anzahl der Minuten<\/td><\/tr><tr><td>Terminvereinbarung<\/td><td>Per Telefon<\/td><\/tr><tr><td><button class=\"elementor-button\" type=\"button\"><a href=\"https:\/\/swissraft.outdoorbooking.ch\/fo\/products\/1354?base_id=11&amp;category_id=4&amp;order_type=gift_voucher&amp;lang=de\" target=\"_blank\" rel=\"noopener\">GUTSCHEIN KAUFEN<\/a><\/button><\/td><td><strong>CHF 830.00 &#8211; 30 Min. Flugzeit <\/strong><\/td><\/tr><tr><td><button class=\"elementor-button\" type=\"button\"><a href=\"https:\/\/swissraft.outdoorbooking.ch\/fo\/products\/1361?base_id=17&amp;category_id=4&amp;order_type=gift_voucher&amp;lang=de\" target=\"_blank\" rel=\"noopener\">GUTSCHEIN KAUFEN<\/a><\/button><\/td><td><strong>CHF 1&#8217;100.00 &#8211; 40 Min. Flugzeit <\/strong><\/td><\/tr><tr><td>\u00a0<\/td><td>Um zu buchen : <span class=\"patt\" style=\"font-family: inherit; font-size: inherit;\"><span class=\"plbl\"><span class=\"patt\"><a href=\"https:\/\/www.swissraft.ch\/de\/kontakt\/\">Kontaktieren Sie uns<\/a><\/span><\/span><\/span><\/td><\/tr><\/tbody><\/table>\t\t\t\t\t\t<\/div>\n\t\t\t\t<\/div>\n\t\t\t\t\t<\/div>\n\t\t<\/div>\n\t\t\t\t\t\t\t<\/div>\n\t\t<\/section>\n\t\t\t\t\t\t\t<\/div>\n\t\t","protected":false},"excerpt":{"rendered":"<div align=\"justify\">\n<h2 align=\"justify\">Vom Heliport Untervaz in Graub\u00fcnden aus erhalten Sie eine Einweisung in den COLIBRI H120.<\/h2>\n<h3>Der COLIBRI H120 hat 4 Passagiersitze. Ideal f\u00fcr VIP-Reisende, die Wert auf hohen Komfort legen. Dank der Verkleidung des Heckrotors ist der Hubschrauber sehr leise.<\/h3>\n<\/div>\n<div align=\"justify\">\n<p>Die Colibri H120 hat eine maximale Flugdauer von 3:45 Std. und kann in einer H\u00f6he von bis zu 6000 m operieren. Es handelt sich um einen Ein-Turbinen-Motor mit einer Reisegeschwindigkeit von 228 km\/h. Der Motor ist mit einer einzigen Turbine ausgestattet. Sie gehen an Bord und nehmen auf dem rechten Sitz als Pilot des Hubschraubers Platz. Ihr Lehrer nimmt den linken Sitz ein. Sie starten die Turbine und der Rotor beginnt sich mit einer Geschwindigkeit von 412 U\/min zu drehen. Dann bitten Sie den Tower des Flugplatzes um die Startfreigabe. Sie d\u00fcrfen abheben und den allgemeinen Schritt zum Verlassen des Rollfeldes sanft nach oben bet\u00e4tigen.<\/p>\n<h3>Sie haben die Wahl zwischen verschiedenen Helikoptertypen f\u00fcr Ihre Einf\u00fchrung. Rufen Sie uns unter 081 911 52 50 an und wir beraten Sie gerne.<\/h3>\n<p id=\"textarea\" style=\"display: none;\">\nWir bieten auch Einf\u00fchrungsfl\u00fcge in Graub\u00fcnden an, die vom Flugplatz Samedan aus starten. Wir bieten auch Einf\u00fchrungsfl\u00fcge mit dem Hubschrauber vom Flughafen Bern-Belp an. Sowie vom Flugplatz Speck-Fehraltorf im Kanton Z\u00fcrich. Dar\u00fcber hinaus f\u00fchren wir vom Flugplatz \u00c9pagny aus Einweisungen in den Kanton Freiburg durch. Sowie im Kanton Aargau ab dem Flugplatz Buttwil. Wir bieten auch Einf\u00fchrungsfl\u00fcge vom Flugplatz Grenchen aus an. Sowie in Liechtenstein vom Heliport Balzers aus. Auch in der Ostschweiz f\u00fchren wir vom Flugplatz Sitterdorf aus Einf\u00fchrungsfl\u00fcge mit dem Hubschrauber durch. Au\u00dferdem werden Einf\u00fchrungsfl\u00fcge mit dem Hubschrauber von den Flugpl\u00e4tzen Locarno und Lodrino im Tessin angeboten.<\/p>\n<p><a id=\"seeMore\" onclick=\"toggleSeeMore()\" href=\"javascript:void(0);\">Lesen Sie mehr<\/a><\/p>\n","protected":false},"featured_media":91150,"comment_status":"open","ping_status":"closed","template":"","meta":{"inline_featured_image":false,"_mi_skip_tracking":false},"product_cat":[277,303,266],"product_tag":[],"class_list":["post-91297","product","type-product","status-publish","has-post-thumbnail","hentry","product_cat-schnupperflug-helikopter","product_cat-helikopter-untervaz","product_cat-schnupperflug-in-der-schweiz-selbst-fliegen"],"yoast_head":"<!-- This site is optimized with the Yoast SEO plugin v23.6 - https:\/\/yoast.com\/wordpress\/plugins\/seo\/ -->\n<title>Colibri H120 Schnupperflug in Untervaz. Leiser Hubschrauber<\/title>\n<meta name=\"description\" content=\"Colibri H120 Schnupperflug in Untervaz. Sie \u00fcbernehmen das Steuer Ihres Colibri H120 Hubschraubers an der Seite Ihres Fluglehrers, der Sie beraten wird\" \/>\n<meta name=\"robots\" content=\"index, follow, max-snippet:-1, max-image-preview:large, max-video-preview:-1\" \/>\n<link rel=\"canonical\" href=\"https:\/\/www.swissraft.ch\/de\/produkt\/schnupperflug-helikopter-untervaz-colibri-h120\/\" \/>\n<meta property=\"og:locale\" content=\"de_DE\" \/>\n<meta property=\"og:type\" content=\"article\" \/>\n<meta property=\"og:title\" content=\"Colibri H120 Schnupperflug in Untervaz. Leiser Hubschrauber\" \/>\n<meta property=\"og:description\" content=\"Colibri H120 Schnupperflug in Untervaz. Sie \u00fcbernehmen das Steuer Ihres Colibri H120 Hubschraubers an der Seite Ihres Fluglehrers, der Sie beraten wird\" \/>\n<meta property=\"og:url\" content=\"https:\/\/www.swissraft.ch\/de\/produkt\/schnupperflug-helikopter-untervaz-colibri-h120\/\" \/>\n<meta property=\"og:site_name\" content=\"Swissraft\" \/>\n<meta property=\"article:modified_time\" content=\"2024-12-19T21:04:57+00:00\" \/>\n<meta property=\"og:image\" content=\"https:\/\/www.swissraft.ch\/wp-content\/uploads\/2023\/12\/Colibri-EC120-776x776-1-2-460x460-1.jpg\" \/>\n\t<meta property=\"og:image:width\" content=\"460\" \/>\n\t<meta property=\"og:image:height\" content=\"460\" \/>\n\t<meta property=\"og:image:type\" content=\"image\/jpeg\" \/>\n<meta name=\"twitter:card\" content=\"summary_large_image\" \/>\n<meta name=\"twitter:label1\" content=\"Gesch\u00e4tzte Lesezeit\" \/>\n\t<meta name=\"twitter:data1\" content=\"1\u00a0Minute\" \/>\n<script type=\"application\/ld+json\" class=\"yoast-schema-graph\">{\"@context\":\"https:\/\/schema.org\",\"@graph\":[{\"@type\":\"WebPage\",\"@id\":\"https:\/\/www.swissraft.ch\/de\/produkt\/schnupperflug-helikopter-untervaz-colibri-h120\/\",\"url\":\"https:\/\/www.swissraft.ch\/de\/produkt\/schnupperflug-helikopter-untervaz-colibri-h120\/\",\"name\":\"Colibri H120 Schnupperflug in Untervaz. Leiser Hubschrauber\",\"isPartOf\":{\"@id\":\"https:\/\/www.swissraft.ch\/de\/#website\"},\"primaryImageOfPage\":{\"@id\":\"https:\/\/www.swissraft.ch\/de\/produkt\/schnupperflug-helikopter-untervaz-colibri-h120\/#primaryimage\"},\"image\":{\"@id\":\"https:\/\/www.swissraft.ch\/de\/produkt\/schnupperflug-helikopter-untervaz-colibri-h120\/#primaryimage\"},\"thumbnailUrl\":\"https:\/\/www.swissraft.ch\/wp-content\/uploads\/2023\/12\/Colibri-EC120-776x776-1-2-460x460-1.jpg\",\"datePublished\":\"2023-12-30T20:57:51+00:00\",\"dateModified\":\"2024-12-19T21:04:57+00:00\",\"description\":\"Colibri H120 Schnupperflug in Untervaz. Sie \u00fcbernehmen das Steuer Ihres Colibri H120 Hubschraubers an der Seite Ihres Fluglehrers, der Sie beraten wird\",\"breadcrumb\":{\"@id\":\"https:\/\/www.swissraft.ch\/de\/produkt\/schnupperflug-helikopter-untervaz-colibri-h120\/#breadcrumb\"},\"inLanguage\":\"de\",\"potentialAction\":[{\"@type\":\"ReadAction\",\"target\":[\"https:\/\/www.swissraft.ch\/de\/produkt\/schnupperflug-helikopter-untervaz-colibri-h120\/\"]}]},{\"@type\":\"ImageObject\",\"inLanguage\":\"de\",\"@id\":\"https:\/\/www.swissraft.ch\/de\/produkt\/schnupperflug-helikopter-untervaz-colibri-h120\/#primaryimage\",\"url\":\"https:\/\/www.swissraft.ch\/wp-content\/uploads\/2023\/12\/Colibri-EC120-776x776-1-2-460x460-1.jpg\",\"contentUrl\":\"https:\/\/www.swissraft.ch\/wp-content\/uploads\/2023\/12\/Colibri-EC120-776x776-1-2-460x460-1.jpg\",\"width\":460,\"height\":460,\"caption\":\"Einf\u00fchrung in das Fliegen einer Colibri H120 vom Hubschrauberlandeplatz Untervaz aus\"},{\"@type\":\"BreadcrumbList\",\"@id\":\"https:\/\/www.swissraft.ch\/de\/produkt\/schnupperflug-helikopter-untervaz-colibri-h120\/#breadcrumb\",\"itemListElement\":[{\"@type\":\"ListItem\",\"position\":1,\"name\":\"Accueil\",\"item\":\"https:\/\/www.swissraft.ch\/de\/\"},{\"@type\":\"ListItem\",\"position\":2,\"name\":\"Shop\",\"item\":\"https:\/\/www.swissraft.ch\/de\/shop\/\"},{\"@type\":\"ListItem\",\"position\":3,\"name\":\"Schnupperflug mit einem Helikopter ab UNTERVAZ &#8211; COLIBRI H120 &#8211; Ab CHF 830.00\"}]},{\"@type\":\"WebSite\",\"@id\":\"https:\/\/www.swissraft.ch\/de\/#website\",\"url\":\"https:\/\/www.swissraft.ch\/de\/\",\"name\":\"Swissraft\",\"description\":\"To enjoy nature as it is\",\"publisher\":{\"@id\":\"https:\/\/www.swissraft.ch\/de\/#organization\"},\"potentialAction\":[{\"@type\":\"SearchAction\",\"target\":{\"@type\":\"EntryPoint\",\"urlTemplate\":\"https:\/\/www.swissraft.ch\/de\/?s={search_term_string}\"},\"query-input\":{\"@type\":\"PropertyValueSpecification\",\"valueRequired\":true,\"valueName\":\"search_term_string\"}}],\"inLanguage\":\"de\"},{\"@type\":\"Organization\",\"@id\":\"https:\/\/www.swissraft.ch\/de\/#organization\",\"name\":\"Swissraft\",\"url\":\"https:\/\/www.swissraft.ch\/de\/\",\"logo\":{\"@type\":\"ImageObject\",\"inLanguage\":\"de\",\"@id\":\"https:\/\/www.swissraft.ch\/de\/#\/schema\/logo\/image\/\",\"url\":\"https:\/\/www.swissraft.ch\/wp-content\/uploads\/2025\/09\/Capture.jpg\",\"contentUrl\":\"https:\/\/www.swissraft.ch\/wp-content\/uploads\/2025\/09\/Capture.jpg\",\"width\":293,\"height\":108,\"caption\":\"Swissraft\"},\"image\":{\"@id\":\"https:\/\/www.swissraft.ch\/de\/#\/schema\/logo\/image\/\"}}]}<\/script>\n<!-- \/ Yoast SEO plugin. -->","yoast_head_json":{"title":"Colibri H120 Schnupperflug in Untervaz. Leiser Hubschrauber","description":"Colibri H120 Schnupperflug in Untervaz. Sie \u00fcbernehmen das Steuer Ihres Colibri H120 Hubschraubers an der Seite Ihres Fluglehrers, der Sie beraten wird","robots":{"index":"index","follow":"follow","max-snippet":"max-snippet:-1","max-image-preview":"max-image-preview:large","max-video-preview":"max-video-preview:-1"},"canonical":"https:\/\/www.swissraft.ch\/de\/produkt\/schnupperflug-helikopter-untervaz-colibri-h120\/","og_locale":"de_DE","og_type":"article","og_title":"Colibri H120 Schnupperflug in Untervaz. Leiser Hubschrauber","og_description":"Colibri H120 Schnupperflug in Untervaz. Sie \u00fcbernehmen das Steuer Ihres Colibri H120 Hubschraubers an der Seite Ihres Fluglehrers, der Sie beraten wird","og_url":"https:\/\/www.swissraft.ch\/de\/produkt\/schnupperflug-helikopter-untervaz-colibri-h120\/","og_site_name":"Swissraft","article_modified_time":"2024-12-19T21:04:57+00:00","og_image":[{"width":460,"height":460,"url":"https:\/\/www.swissraft.ch\/wp-content\/uploads\/2023\/12\/Colibri-EC120-776x776-1-2-460x460-1.jpg","type":"image\/jpeg"}],"twitter_card":"summary_large_image","twitter_misc":{"Gesch\u00e4tzte Lesezeit":"1\u00a0Minute"},"schema":{"@context":"https:\/\/schema.org","@graph":[{"@type":"WebPage","@id":"https:\/\/www.swissraft.ch\/de\/produkt\/schnupperflug-helikopter-untervaz-colibri-h120\/","url":"https:\/\/www.swissraft.ch\/de\/produkt\/schnupperflug-helikopter-untervaz-colibri-h120\/","name":"Colibri H120 Schnupperflug in Untervaz. Leiser Hubschrauber","isPartOf":{"@id":"https:\/\/www.swissraft.ch\/de\/#website"},"primaryImageOfPage":{"@id":"https:\/\/www.swissraft.ch\/de\/produkt\/schnupperflug-helikopter-untervaz-colibri-h120\/#primaryimage"},"image":{"@id":"https:\/\/www.swissraft.ch\/de\/produkt\/schnupperflug-helikopter-untervaz-colibri-h120\/#primaryimage"},"thumbnailUrl":"https:\/\/www.swissraft.ch\/wp-content\/uploads\/2023\/12\/Colibri-EC120-776x776-1-2-460x460-1.jpg","datePublished":"2023-12-30T20:57:51+00:00","dateModified":"2024-12-19T21:04:57+00:00","description":"Colibri H120 Schnupperflug in Untervaz. Sie \u00fcbernehmen das Steuer Ihres Colibri H120 Hubschraubers an der Seite Ihres Fluglehrers, der Sie beraten wird","breadcrumb":{"@id":"https:\/\/www.swissraft.ch\/de\/produkt\/schnupperflug-helikopter-untervaz-colibri-h120\/#breadcrumb"},"inLanguage":"de","potentialAction":[{"@type":"ReadAction","target":["https:\/\/www.swissraft.ch\/de\/produkt\/schnupperflug-helikopter-untervaz-colibri-h120\/"]}]},{"@type":"ImageObject","inLanguage":"de","@id":"https:\/\/www.swissraft.ch\/de\/produkt\/schnupperflug-helikopter-untervaz-colibri-h120\/#primaryimage","url":"https:\/\/www.swissraft.ch\/wp-content\/uploads\/2023\/12\/Colibri-EC120-776x776-1-2-460x460-1.jpg","contentUrl":"https:\/\/www.swissraft.ch\/wp-content\/uploads\/2023\/12\/Colibri-EC120-776x776-1-2-460x460-1.jpg","width":460,"height":460,"caption":"Einf\u00fchrung in das Fliegen einer Colibri H120 vom Hubschrauberlandeplatz Untervaz aus"},{"@type":"BreadcrumbList","@id":"https:\/\/www.swissraft.ch\/de\/produkt\/schnupperflug-helikopter-untervaz-colibri-h120\/#breadcrumb","itemListElement":[{"@type":"ListItem","position":1,"name":"Accueil","item":"https:\/\/www.swissraft.ch\/de\/"},{"@type":"ListItem","position":2,"name":"Shop","item":"https:\/\/www.swissraft.ch\/de\/shop\/"},{"@type":"ListItem","position":3,"name":"Schnupperflug mit einem Helikopter ab UNTERVAZ &#8211; COLIBRI H120 &#8211; Ab CHF 830.00"}]},{"@type":"WebSite","@id":"https:\/\/www.swissraft.ch\/de\/#website","url":"https:\/\/www.swissraft.ch\/de\/","name":"Swissraft","description":"To enjoy nature as it is","publisher":{"@id":"https:\/\/www.swissraft.ch\/de\/#organization"},"potentialAction":[{"@type":"SearchAction","target":{"@type":"EntryPoint","urlTemplate":"https:\/\/www.swissraft.ch\/de\/?s={search_term_string}"},"query-input":{"@type":"PropertyValueSpecification","valueRequired":true,"valueName":"search_term_string"}}],"inLanguage":"de"},{"@type":"Organization","@id":"https:\/\/www.swissraft.ch\/de\/#organization","name":"Swissraft","url":"https:\/\/www.swissraft.ch\/de\/","logo":{"@type":"ImageObject","inLanguage":"de","@id":"https:\/\/www.swissraft.ch\/de\/#\/schema\/logo\/image\/","url":"https:\/\/www.swissraft.ch\/wp-content\/uploads\/2025\/09\/Capture.jpg","contentUrl":"https:\/\/www.swissraft.ch\/wp-content\/uploads\/2025\/09\/Capture.jpg","width":293,"height":108,"caption":"Swissraft"},"image":{"@id":"https:\/\/www.swissraft.ch\/de\/#\/schema\/logo\/image\/"}}]}},"_links":{"self":[{"href":"https:\/\/www.swissraft.ch\/de\/wp-json\/wp\/v2\/product\/91297","targetHints":{"allow":["GET"]}}],"collection":[{"href":"https:\/\/www.swissraft.ch\/de\/wp-json\/wp\/v2\/product"}],"about":[{"href":"https:\/\/www.swissraft.ch\/de\/wp-json\/wp\/v2\/types\/product"}],"replies":[{"embeddable":true,"href":"https:\/\/www.swissraft.ch\/de\/wp-json\/wp\/v2\/comments?post=91297"}],"version-history":[{"count":0,"href":"https:\/\/www.swissraft.ch\/de\/wp-json\/wp\/v2\/product\/91297\/revisions"}],"wp:featuredmedia":[{"embeddable":true,"href":"https:\/\/www.swissraft.ch\/de\/wp-json\/wp\/v2\/media\/91150"}],"wp:attachment":[{"href":"https:\/\/www.swissraft.ch\/de\/wp-json\/wp\/v2\/media?parent=91297"}],"wp:term":[{"taxonomy":"product_cat","embeddable":true,"href":"https:\/\/www.swissraft.ch\/de\/wp-json\/wp\/v2\/product_cat?post=91297"},{"taxonomy":"product_tag","embeddable":true,"href":"https:\/\/www.swissraft.ch\/de\/wp-json\/wp\/v2\/product_tag?post=91297"}],"curies":[{"name":"wp","href":"https:\/\/api.w.org\/{rel}","templated":true}]}}