{"id":91294,"date":"2023-12-23T01:23:09","date_gmt":"2023-12-23T00:23:09","guid":{"rendered":"https:\/\/swissraft.xyanzkdne.eu\/product\/einfuehrung-in-einen-hubschrauber-ab-lodrino-cabri-g2-chf-510-00\/"},"modified":"2026-02-03T16:08:33","modified_gmt":"2026-02-03T15:08:33","slug":"schnupperflug-helikopter-lodrino-cabri-g2","status":"publish","type":"product","link":"https:\/\/www.swissraft.ch\/de\/produkt\/schnupperflug-helikopter-lodrino-cabri-g2\/","title":{"rendered":"Schnupperflug mit einem Helikopter ab LODRINO &#8211; CABRI G2 &#8211; CHF 520.00"},"content":{"rendered":"\t\t<div data-elementor-type=\"wp-post\" data-elementor-id=\"91294\" class=\"elementor elementor-91294 elementor-55261\">\n\t\t\t\t\t\t\t\t\t<section class=\"elementor-section elementor-top-section elementor-element elementor-element-3303a7e3 elementor-section-boxed elementor-section-height-default elementor-section-height-default\" data-id=\"3303a7e3\" data-element_type=\"section\">\n\t\t\t\t\t\t<div class=\"elementor-container elementor-column-gap-default\">\n\t\t\t\t\t<div class=\"elementor-column elementor-col-100 elementor-top-column elementor-element elementor-element-16d72dbf\" data-id=\"16d72dbf\" data-element_type=\"column\">\n\t\t\t<div class=\"elementor-widget-wrap elementor-element-populated\">\n\t\t\t\t\t\t\t\t<div class=\"elementor-element elementor-element-d743c03 elementor-widget elementor-widget-text-editor\" data-id=\"d743c03\" data-element_type=\"widget\" data-widget_type=\"text-editor.default\">\n\t\t\t\t<div class=\"elementor-widget-container\">\n\t\t\t\t\t\t\t<h2>W\u00c4HLEN SIE UNTEN IHRE AKTIVIT\u00c4T AUS, UM GESCHENKGUTSCHEINE \/ TICKETS ZU VERSCHENKEN ODER ZU BUCHEN.<\/h2><table border=\"0\" width=\"580\" cellspacing=\"10\" cellpadding=\"10\"><tbody><tr><td width=\"50%\"><strong>SCHNUPPERFLUG MIT DER CABRI G2 &#8211; 1 SCH\u00dcLER &#8211; 40 Min.<\/strong><\/td><td><strong>CHF 520.00 pro Flug<span class=\"productPrice\"><br \/><\/span><\/strong><\/td><\/tr><tr><td>Weitere Informationen<\/td><td>&#8211; Sie haben den Helikopter exklusiv f\u00fcr sich<br \/>&#8211; Sie bestimmen das Datum und die Uhrzeit des Abflugs<br \/>&#8211; H\u00f6chstgewicht : 100 kg<br \/>&#8211; Maximal 1 Pers.<\/td><\/tr><tr><td>Flugplatz<\/td><td><a href=\"https:\/\/www.google.com\/maps\/place\/46%C2%B017'23.0%22N+8%C2%B059'34.0%22E\/@46.2902007,8.974501,3119m\/data=!3m1!1e3!4m4!3m3!8m2!3d46.2897222!4d8.9927778?entry=ttu\" target=\"_blank\" rel=\"noopener\">Lodrino<\/a><\/td><\/tr><tr><td>Flugzeit<\/td><td>40 Min.<\/td><\/tr><tr><td>Gesamtdauer<\/td><td>ca. 1,5 Std.<\/td><\/tr><tr><td>Terminvereinbarung<\/td><td>Per Telefon<\/td><\/tr><tr><td><button class=\"elementor-button\" type=\"button\"><a href=\"https:\/\/swissraft.outdoorbooking.ch\/fo\/products\/1405?base_id=218&amp;category_id=4&amp;order_type=gift_voucher&amp;lang=de\" target=\"_blank\" rel=\"noopener\">GUTSCHEIN KAUFEN<\/a><\/button><\/td><td>Um zu buchen : <span class=\"patt\" style=\"font-family: inherit; font-size: inherit;\"><span class=\"plbl\"><span class=\"patt\"><a href=\"https:\/\/www.swissraft.ch\/de\/kontakt\/\">Kontaktieren Sie uns<\/a><\/span><\/span><\/span><\/td><\/tr><\/tbody><\/table>\t\t\t\t\t\t<\/div>\n\t\t\t\t<\/div>\n\t\t\t\t\t<\/div>\n\t\t<\/div>\n\t\t\t\t\t\t\t<\/div>\n\t\t<\/section>\n\t\t\t\t\t\t\t<\/div>\n\t\t","protected":false},"excerpt":{"rendered":"<div align=\"justify\">\n<h2 align=\"justify\">Vom Flugplatz Lodrino im Tessin aus w\u00e4hlen Sie einen CABRI G2 f\u00fcr einen Helikopter-Testflug.<\/h2>\n<h3>Der CABRI G2 ist ein Helikopter mit einem Passagierplatz an der Seite des Piloten. Er eignet sich hervorragend f\u00fcr Schulfl\u00fcge.<\/h3>\n<\/div>\n<div align=\"justify\">\n<p>Zun\u00e4chst erhalten Sie von Ihrem Fluglehrer eine kurze theoretische Einf\u00fchrung in das Fliegen mit einem Hubschrauber. Danach gehen Sie auf das Rollfeld und machen mit Ihrem Fluglehrer eine technische Besichtigung Ihres Hubschraubers. Dann gehen Sie an Bord und \u00fcbernehmen die Steuerung, um sich mit dem Flug vertraut zu machen.<br \/>\nNach Erhalt der Startfreigabe bedienen Sie den Kollektivhebel mit der linken Hand. Die Rotation des Rotors beschleunigt sich auf 395 Umdrehungen pro Minute und Sie heben sanft ab. Sie befinden sich jetzt im Schwebeflug und dr\u00fccken den Steuerkn\u00fcppel leicht, um vorw\u00e4rts zu fliegen und zu beschleunigen.<\/p>\n<h3>Swissraft bietet Ihnen verschiedene Arten von Hubschraubern an, die Ihrem Budget entsprechen.<\/h3>\n<p id=\"textarea\" style=\"display: none;\">\nWir bieten Einf\u00fchrungsfl\u00fcge immer im Tessin an, die vom Flugplatz Locarno-Magadino aus starten. Ebenso im Kanton Freiburg vom Flugplatz Epagny aus. Au\u00dferdem gibt es Schnupperfl\u00fcge vom internationalen Flughafen Bern-Belp. Au\u00dferdem bieten wir Schnupperfl\u00fcge von Fehraltorf aus an. Dar\u00fcber hinaus f\u00fchren wir Schnupperfl\u00fcge mit dem Helikopter im Aargau von Buttwil und in Grenchen im Kanton Solothurn durch. Dar\u00fcber hinaus bieten wir in der N\u00e4he von Luzern auf dem Pfaffnau Heliport Einf\u00fchrungsfl\u00fcge mit dem Helikopter an. Parallel dazu haben wir Einf\u00fchrungsfl\u00fcge im Liechtenstein vom Heliport Balzers aus. Sowie in der Ostschweiz ab dem Flugplatz Sitterdorf. Wir bieten auch Einf\u00fchrungsfl\u00fcge mit dem Helikopter in Graub\u00fcnden von den Heliports in Samedan, St. Moritz und Untervaz.\n<\/p>\n<p><a id=\"seeMore\" onclick=\"toggleSeeMore()\" href=\"javascript:void(0);\">Lesen Sie mehr<\/a><\/p>\n","protected":false},"featured_media":89026,"comment_status":"open","ping_status":"closed","template":"","meta":{"inline_featured_image":false,"_mi_skip_tracking":false},"product_cat":[277,299,266],"product_tag":[],"class_list":["post-91294","product","type-product","status-publish","has-post-thumbnail","hentry","product_cat-schnupperflug-helikopter","product_cat-helikopter-lodrino","product_cat-schnupperflug-in-der-schweiz-selbst-fliegen"],"yoast_head":"<!-- This site is optimized with the Yoast SEO plugin v23.6 - https:\/\/yoast.com\/wordpress\/plugins\/seo\/ -->\n<title>Schnupperflug mit G2 Cabri ab Lodrino, ganz ohne Formalit\u00e4ten<\/title>\n<meta name=\"description\" content=\"Schnupperflug mit G2 Cabri von Lodrino aus ohne Voranmeldung. Sie \u00fcbernehmen an der Seite Ihres Fluglehrers die Kontrolle \u00fcber einen Helikopter.\" \/>\n<meta name=\"robots\" content=\"index, follow, max-snippet:-1, max-image-preview:large, max-video-preview:-1\" \/>\n<link rel=\"canonical\" href=\"https:\/\/www.swissraft.ch\/de\/produkt\/schnupperflug-helikopter-lodrino-cabri-g2\/\" \/>\n<meta property=\"og:locale\" content=\"de_DE\" \/>\n<meta property=\"og:type\" content=\"article\" \/>\n<meta property=\"og:title\" content=\"Schnupperflug mit G2 Cabri ab Lodrino, ganz ohne Formalit\u00e4ten\" \/>\n<meta property=\"og:description\" content=\"Schnupperflug mit G2 Cabri von Lodrino aus ohne Voranmeldung. Sie \u00fcbernehmen an der Seite Ihres Fluglehrers die Kontrolle \u00fcber einen Helikopter.\" \/>\n<meta property=\"og:url\" content=\"https:\/\/www.swissraft.ch\/de\/produkt\/schnupperflug-helikopter-lodrino-cabri-g2\/\" \/>\n<meta property=\"og:site_name\" content=\"Swissraft\" \/>\n<meta property=\"article:modified_time\" content=\"2026-02-03T15:08:33+00:00\" \/>\n<meta property=\"og:image\" content=\"https:\/\/www.swissraft.ch\/wp-content\/uploads\/2023\/12\/Cabri-G2-776x776-1.jpg\" \/>\n\t<meta property=\"og:image:width\" content=\"776\" \/>\n\t<meta property=\"og:image:height\" content=\"776\" \/>\n\t<meta property=\"og:image:type\" content=\"image\/jpeg\" \/>\n<meta name=\"twitter:card\" content=\"summary_large_image\" \/>\n<meta name=\"twitter:label1\" content=\"Gesch\u00e4tzte Lesezeit\" \/>\n\t<meta name=\"twitter:data1\" content=\"1\u00a0Minute\" \/>\n<script type=\"application\/ld+json\" class=\"yoast-schema-graph\">{\"@context\":\"https:\/\/schema.org\",\"@graph\":[{\"@type\":\"WebPage\",\"@id\":\"https:\/\/www.swissraft.ch\/de\/produkt\/schnupperflug-helikopter-lodrino-cabri-g2\/\",\"url\":\"https:\/\/www.swissraft.ch\/de\/produkt\/schnupperflug-helikopter-lodrino-cabri-g2\/\",\"name\":\"Schnupperflug mit G2 Cabri ab Lodrino, ganz ohne Formalit\u00e4ten\",\"isPartOf\":{\"@id\":\"https:\/\/www.swissraft.ch\/de\/#website\"},\"primaryImageOfPage\":{\"@id\":\"https:\/\/www.swissraft.ch\/de\/produkt\/schnupperflug-helikopter-lodrino-cabri-g2\/#primaryimage\"},\"image\":{\"@id\":\"https:\/\/www.swissraft.ch\/de\/produkt\/schnupperflug-helikopter-lodrino-cabri-g2\/#primaryimage\"},\"thumbnailUrl\":\"https:\/\/www.swissraft.ch\/wp-content\/uploads\/2023\/12\/Cabri-G2-776x776-1.jpg\",\"datePublished\":\"2023-12-23T00:23:09+00:00\",\"dateModified\":\"2026-02-03T15:08:33+00:00\",\"description\":\"Schnupperflug mit G2 Cabri von Lodrino aus ohne Voranmeldung. Sie \u00fcbernehmen an der Seite Ihres Fluglehrers die Kontrolle \u00fcber einen Helikopter.\",\"breadcrumb\":{\"@id\":\"https:\/\/www.swissraft.ch\/de\/produkt\/schnupperflug-helikopter-lodrino-cabri-g2\/#breadcrumb\"},\"inLanguage\":\"de\",\"potentialAction\":[{\"@type\":\"ReadAction\",\"target\":[\"https:\/\/www.swissraft.ch\/de\/produkt\/schnupperflug-helikopter-lodrino-cabri-g2\/\"]}]},{\"@type\":\"ImageObject\",\"inLanguage\":\"de\",\"@id\":\"https:\/\/www.swissraft.ch\/de\/produkt\/schnupperflug-helikopter-lodrino-cabri-g2\/#primaryimage\",\"url\":\"https:\/\/www.swissraft.ch\/wp-content\/uploads\/2023\/12\/Cabri-G2-776x776-1.jpg\",\"contentUrl\":\"https:\/\/www.swissraft.ch\/wp-content\/uploads\/2023\/12\/Cabri-G2-776x776-1.jpg\",\"width\":776,\"height\":776,\"caption\":\"Einf\u00fchrungsflug mit Cabri G2 von Lodrino im Tessin aus\"},{\"@type\":\"BreadcrumbList\",\"@id\":\"https:\/\/www.swissraft.ch\/de\/produkt\/schnupperflug-helikopter-lodrino-cabri-g2\/#breadcrumb\",\"itemListElement\":[{\"@type\":\"ListItem\",\"position\":1,\"name\":\"Accueil\",\"item\":\"https:\/\/www.swissraft.ch\/de\/\"},{\"@type\":\"ListItem\",\"position\":2,\"name\":\"Shop\",\"item\":\"https:\/\/www.swissraft.ch\/de\/shop\/\"},{\"@type\":\"ListItem\",\"position\":3,\"name\":\"Schnupperflug mit einem Helikopter ab LODRINO &#8211; CABRI G2 &#8211; CHF 520.00\"}]},{\"@type\":\"WebSite\",\"@id\":\"https:\/\/www.swissraft.ch\/de\/#website\",\"url\":\"https:\/\/www.swissraft.ch\/de\/\",\"name\":\"Swissraft\",\"description\":\"To enjoy nature as it is\",\"publisher\":{\"@id\":\"https:\/\/www.swissraft.ch\/de\/#organization\"},\"potentialAction\":[{\"@type\":\"SearchAction\",\"target\":{\"@type\":\"EntryPoint\",\"urlTemplate\":\"https:\/\/www.swissraft.ch\/de\/?s={search_term_string}\"},\"query-input\":{\"@type\":\"PropertyValueSpecification\",\"valueRequired\":true,\"valueName\":\"search_term_string\"}}],\"inLanguage\":\"de\"},{\"@type\":\"Organization\",\"@id\":\"https:\/\/www.swissraft.ch\/de\/#organization\",\"name\":\"Swissraft\",\"url\":\"https:\/\/www.swissraft.ch\/de\/\",\"logo\":{\"@type\":\"ImageObject\",\"inLanguage\":\"de\",\"@id\":\"https:\/\/www.swissraft.ch\/de\/#\/schema\/logo\/image\/\",\"url\":\"https:\/\/www.swissraft.ch\/wp-content\/uploads\/2025\/09\/Capture.jpg\",\"contentUrl\":\"https:\/\/www.swissraft.ch\/wp-content\/uploads\/2025\/09\/Capture.jpg\",\"width\":293,\"height\":108,\"caption\":\"Swissraft\"},\"image\":{\"@id\":\"https:\/\/www.swissraft.ch\/de\/#\/schema\/logo\/image\/\"}}]}<\/script>\n<!-- \/ Yoast SEO plugin. -->","yoast_head_json":{"title":"Schnupperflug mit G2 Cabri ab Lodrino, ganz ohne Formalit\u00e4ten","description":"Schnupperflug mit G2 Cabri von Lodrino aus ohne Voranmeldung. Sie \u00fcbernehmen an der Seite Ihres Fluglehrers die Kontrolle \u00fcber einen Helikopter.","robots":{"index":"index","follow":"follow","max-snippet":"max-snippet:-1","max-image-preview":"max-image-preview:large","max-video-preview":"max-video-preview:-1"},"canonical":"https:\/\/www.swissraft.ch\/de\/produkt\/schnupperflug-helikopter-lodrino-cabri-g2\/","og_locale":"de_DE","og_type":"article","og_title":"Schnupperflug mit G2 Cabri ab Lodrino, ganz ohne Formalit\u00e4ten","og_description":"Schnupperflug mit G2 Cabri von Lodrino aus ohne Voranmeldung. Sie \u00fcbernehmen an der Seite Ihres Fluglehrers die Kontrolle \u00fcber einen Helikopter.","og_url":"https:\/\/www.swissraft.ch\/de\/produkt\/schnupperflug-helikopter-lodrino-cabri-g2\/","og_site_name":"Swissraft","article_modified_time":"2026-02-03T15:08:33+00:00","og_image":[{"width":776,"height":776,"url":"https:\/\/www.swissraft.ch\/wp-content\/uploads\/2023\/12\/Cabri-G2-776x776-1.jpg","type":"image\/jpeg"}],"twitter_card":"summary_large_image","twitter_misc":{"Gesch\u00e4tzte Lesezeit":"1\u00a0Minute"},"schema":{"@context":"https:\/\/schema.org","@graph":[{"@type":"WebPage","@id":"https:\/\/www.swissraft.ch\/de\/produkt\/schnupperflug-helikopter-lodrino-cabri-g2\/","url":"https:\/\/www.swissraft.ch\/de\/produkt\/schnupperflug-helikopter-lodrino-cabri-g2\/","name":"Schnupperflug mit G2 Cabri ab Lodrino, ganz ohne Formalit\u00e4ten","isPartOf":{"@id":"https:\/\/www.swissraft.ch\/de\/#website"},"primaryImageOfPage":{"@id":"https:\/\/www.swissraft.ch\/de\/produkt\/schnupperflug-helikopter-lodrino-cabri-g2\/#primaryimage"},"image":{"@id":"https:\/\/www.swissraft.ch\/de\/produkt\/schnupperflug-helikopter-lodrino-cabri-g2\/#primaryimage"},"thumbnailUrl":"https:\/\/www.swissraft.ch\/wp-content\/uploads\/2023\/12\/Cabri-G2-776x776-1.jpg","datePublished":"2023-12-23T00:23:09+00:00","dateModified":"2026-02-03T15:08:33+00:00","description":"Schnupperflug mit G2 Cabri von Lodrino aus ohne Voranmeldung. Sie \u00fcbernehmen an der Seite Ihres Fluglehrers die Kontrolle \u00fcber einen Helikopter.","breadcrumb":{"@id":"https:\/\/www.swissraft.ch\/de\/produkt\/schnupperflug-helikopter-lodrino-cabri-g2\/#breadcrumb"},"inLanguage":"de","potentialAction":[{"@type":"ReadAction","target":["https:\/\/www.swissraft.ch\/de\/produkt\/schnupperflug-helikopter-lodrino-cabri-g2\/"]}]},{"@type":"ImageObject","inLanguage":"de","@id":"https:\/\/www.swissraft.ch\/de\/produkt\/schnupperflug-helikopter-lodrino-cabri-g2\/#primaryimage","url":"https:\/\/www.swissraft.ch\/wp-content\/uploads\/2023\/12\/Cabri-G2-776x776-1.jpg","contentUrl":"https:\/\/www.swissraft.ch\/wp-content\/uploads\/2023\/12\/Cabri-G2-776x776-1.jpg","width":776,"height":776,"caption":"Einf\u00fchrungsflug mit Cabri G2 von Lodrino im Tessin aus"},{"@type":"BreadcrumbList","@id":"https:\/\/www.swissraft.ch\/de\/produkt\/schnupperflug-helikopter-lodrino-cabri-g2\/#breadcrumb","itemListElement":[{"@type":"ListItem","position":1,"name":"Accueil","item":"https:\/\/www.swissraft.ch\/de\/"},{"@type":"ListItem","position":2,"name":"Shop","item":"https:\/\/www.swissraft.ch\/de\/shop\/"},{"@type":"ListItem","position":3,"name":"Schnupperflug mit einem Helikopter ab LODRINO &#8211; CABRI G2 &#8211; CHF 520.00"}]},{"@type":"WebSite","@id":"https:\/\/www.swissraft.ch\/de\/#website","url":"https:\/\/www.swissraft.ch\/de\/","name":"Swissraft","description":"To enjoy nature as it is","publisher":{"@id":"https:\/\/www.swissraft.ch\/de\/#organization"},"potentialAction":[{"@type":"SearchAction","target":{"@type":"EntryPoint","urlTemplate":"https:\/\/www.swissraft.ch\/de\/?s={search_term_string}"},"query-input":{"@type":"PropertyValueSpecification","valueRequired":true,"valueName":"search_term_string"}}],"inLanguage":"de"},{"@type":"Organization","@id":"https:\/\/www.swissraft.ch\/de\/#organization","name":"Swissraft","url":"https:\/\/www.swissraft.ch\/de\/","logo":{"@type":"ImageObject","inLanguage":"de","@id":"https:\/\/www.swissraft.ch\/de\/#\/schema\/logo\/image\/","url":"https:\/\/www.swissraft.ch\/wp-content\/uploads\/2025\/09\/Capture.jpg","contentUrl":"https:\/\/www.swissraft.ch\/wp-content\/uploads\/2025\/09\/Capture.jpg","width":293,"height":108,"caption":"Swissraft"},"image":{"@id":"https:\/\/www.swissraft.ch\/de\/#\/schema\/logo\/image\/"}}]}},"_links":{"self":[{"href":"https:\/\/www.swissraft.ch\/de\/wp-json\/wp\/v2\/product\/91294","targetHints":{"allow":["GET"]}}],"collection":[{"href":"https:\/\/www.swissraft.ch\/de\/wp-json\/wp\/v2\/product"}],"about":[{"href":"https:\/\/www.swissraft.ch\/de\/wp-json\/wp\/v2\/types\/product"}],"replies":[{"embeddable":true,"href":"https:\/\/www.swissraft.ch\/de\/wp-json\/wp\/v2\/comments?post=91294"}],"version-history":[{"count":3,"href":"https:\/\/www.swissraft.ch\/de\/wp-json\/wp\/v2\/product\/91294\/revisions"}],"predecessor-version":[{"id":128643,"href":"https:\/\/www.swissraft.ch\/de\/wp-json\/wp\/v2\/product\/91294\/revisions\/128643"}],"wp:featuredmedia":[{"embeddable":true,"href":"https:\/\/www.swissraft.ch\/de\/wp-json\/wp\/v2\/media\/89026"}],"wp:attachment":[{"href":"https:\/\/www.swissraft.ch\/de\/wp-json\/wp\/v2\/media?parent=91294"}],"wp:term":[{"taxonomy":"product_cat","embeddable":true,"href":"https:\/\/www.swissraft.ch\/de\/wp-json\/wp\/v2\/product_cat?post=91294"},{"taxonomy":"product_tag","embeddable":true,"href":"https:\/\/www.swissraft.ch\/de\/wp-json\/wp\/v2\/product_tag?post=91294"}],"curies":[{"name":"wp","href":"https:\/\/api.w.org\/{rel}","templated":true}]}}