{"id":91293,"date":"2023-12-25T18:17:31","date_gmt":"2023-12-25T17:17:31","guid":{"rendered":"https:\/\/swissraft.xyanzkdne.eu\/product\/einfuehrung-in-einen-hubschrauber-von-berne-belp-bell-505-ab-chf-1105-00\/"},"modified":"2025-02-06T21:06:08","modified_gmt":"2025-02-06T20:06:08","slug":"schnupperflug-helikopter-bern-belp-bell-505","status":"publish","type":"product","link":"https:\/\/www.swissraft.ch\/de\/produkt\/schnupperflug-helikopter-bern-belp-bell-505\/","title":{"rendered":"Schnupperflug mit einem Helikopter ab BERN-BELP &#8211; BELL 505 &#8211; Ab CHF 930.00"},"content":{"rendered":"\t\t<div data-elementor-type=\"wp-post\" data-elementor-id=\"91293\" class=\"elementor elementor-91293 elementor-55511\">\n\t\t\t\t\t\t\t\t\t<section class=\"elementor-section elementor-top-section elementor-element elementor-element-3303a7e3 elementor-section-boxed elementor-section-height-default elementor-section-height-default\" data-id=\"3303a7e3\" data-element_type=\"section\">\n\t\t\t\t\t\t<div class=\"elementor-container elementor-column-gap-default\">\n\t\t\t\t\t<div class=\"elementor-column elementor-col-100 elementor-top-column elementor-element elementor-element-16d72dbf\" data-id=\"16d72dbf\" data-element_type=\"column\">\n\t\t\t<div class=\"elementor-widget-wrap elementor-element-populated\">\n\t\t\t\t\t\t\t\t<div class=\"elementor-element elementor-element-d743c03 elementor-widget elementor-widget-text-editor\" data-id=\"d743c03\" data-element_type=\"widget\" data-widget_type=\"text-editor.default\">\n\t\t\t\t<div class=\"elementor-widget-container\">\n\t\t\t\t\t\t\t<h2>W\u00c4HLEN SIE UNTEN IHRE AKTIVIT\u00c4T AUS, UM GESCHENKGUTSCHEINE \/ TICKETS ZU VERSCHENKEN ODER ZU BUCHEN.<\/h2><table border=\"0\" width=\"580\" cellspacing=\"10\" cellpadding=\"10\"><tbody><tr><td width=\"50%\"><strong>SCHNUPPERFLUG MIT DER BELL 505 &#8211; 1 SCH\u00dcLER + 1 PERS. &#8211; Ab 30 Min. <\/strong><\/td><td><strong>Ab CHF 930.00 pro Flug<span class=\"productPrice\"><br \/><\/span><\/strong><\/td><\/tr><tr><td>Weitere Informationen<\/td><td>&#8211; Sie haben den Helikopter exklusiv f\u00fcr sich<br \/>&#8211; Sie bestimmen das Datum und die Uhrzeit des Abflugs<br \/>&#8211; Maximal 2 Pers.<\/td><\/tr><tr><td>Flughafen<\/td><td><a href=\"https:\/\/www.google.ch\/maps\/place\/Flugplatzstrasse+9,+3123+Belp\/@46.9110741,7.5014815,384m\/data=!3m1!1e3!4m6!3m5!1s0x478e364abf3cd12d:0x66533198ed658320!8m2!3d46.9109935!4d7.5040993!16s%2Fg%2F11c2cjv1zm?hl=fr&amp;entry=ttu\" target=\"_blank\" rel=\"noopener\">Bern-Belp<\/a><\/td><\/tr><tr><td>Flugzeit nach Wahl<\/td><td>30 \/ 40 \/ 50 \/ 60 \/ 90 Min.<\/td><\/tr><tr><td>Gesamtdauer<\/td><td>ca. 1 Std. 20 bis 2.15 Std. abh\u00e4ngig von der Anzahl der Minuten<\/td><\/tr><tr><td>Terminvereinbarung<\/td><td>Per Telefon<\/td><\/tr><tr><td><button class=\"elementor-button\" type=\"button\"><a href=\"https:\/\/swissraft.outdoorbooking.ch\/fo\/products\/1867?base_id=29&amp;category_id=4&amp;order_type=gift_voucher&amp;lang=de\" target=\"_blank\" rel=\"noopener\">GUTSCHEIN KAUFEN<\/a><\/button><\/td><td><strong>CHF 930.00 &#8211; 30 Min. Flugzeit <\/strong><\/td><\/tr><tr><td><button class=\"elementor-button\" type=\"button\"><a href=\"https:\/\/swissraft.outdoorbooking.ch\/fo\/products\/383?base_id=29&amp;category_id=4&amp;order_type=gift_voucher&amp;lang=de\" target=\"_blank\" rel=\"noopener\">GUTSCHEIN KAUFEN<\/a><\/button><\/td><td><strong>CHF 1&#8217;097.00 &#8211; 40 Min. Flugzeit <\/strong><\/td><\/tr><tr><td><button class=\"elementor-button\" type=\"button\"><a href=\"https:\/\/swissraft.outdoorbooking.ch\/fo\/products\/384?base_id=29&amp;category_id=4&amp;order_type=gift_voucher&amp;lang=de\" target=\"_blank\" rel=\"noopener\">GUTSCHEIN KAUFEN<\/a><\/button><\/td><td><strong>CHF 1&#8217;413.00 &#8211; 50 Min. Flugzeit <\/strong><\/td><\/tr><tr><td><button class=\"elementor-button\" type=\"button\"><a href=\"https:\/\/swissraft.outdoorbooking.ch\/fo\/products\/385?base_id=29&amp;category_id=4&amp;order_type=gift_voucher&amp;lang=de\" target=\"_blank\" rel=\"noopener\">GUTSCHEIN KAUFEN<\/a><\/button><\/td><td><strong>CHF 1&#8217;728.00 &#8211; 60 Min. Flugzeit <\/strong><\/td><\/tr><tr><td><button class=\"elementor-button\" type=\"button\"><a href=\"https:\/\/swissraft.outdoorbooking.ch\/fo\/products\/1868?base_id=29&amp;category_id=4&amp;order_type=gift_voucher&amp;lang=de\" target=\"_blank\" rel=\"noopener\">GUTSCHEIN KAUFEN<\/a><\/button><\/td><td><strong>CHF 2&#8217;390.00 &#8211; 90 Min. Flugzeit <\/strong><\/td><\/tr><tr><td>\u00a0<\/td><td>Um zu buchen : <span class=\"patt\" style=\"font-family: inherit; font-size: inherit;\"><span class=\"plbl\"><span class=\"patt\"><a href=\"https:\/\/www.swissraft.ch\/de\/kontakt\/\">Kontaktieren Sie uns<\/a><\/span><\/span><\/span><\/td><\/tr><\/tbody><\/table>\t\t\t\t\t\t<\/div>\n\t\t\t\t<\/div>\n\t\t\t\t\t<\/div>\n\t\t<\/div>\n\t\t\t\t\t\t\t<\/div>\n\t\t<\/section>\n\t\t\t\t\t\t\t<\/div>\n\t\t","protected":false},"excerpt":{"rendered":"<div align=\"justify\">\n<h2 align=\"justify\">Ein Freund begleitet Sie bei dieser Schnupperflug in die BELL 505 ab Bern-Belp<\/h2>\n<h3>Die BELL 505 ist ein Helikopterr mit 5 Sitzen einschlie\u00dflich Pilot. Es handelt sich um einen sehr leistungsstarken Helikopter, der in gro\u00dfen H\u00f6hen fliegen kann<\/h3>\n<\/div>\n<div align=\"justify\">\n<p>Nach den \u00fcblichen Formalit\u00e4ten begeben Sie sich zu Ihrem Helikopter, einem Bell 505. Es ist wichtig zu wissen, dass das Fliegen eines Hubschraubers weitaus pr\u00e4ziser ist als das eines Flugzeugs. Es erfordert die gleichzeitige Koordination von vier Steuerungen: dem Collective Pitch (dem kollektiven Pitchhebel) mit dem Gasgriff, dem Cyclic Stick (dem Steuerkn\u00fcppel) und den Pedalen (dem Heckrotor-Steuerpedal).<br \/>\nZuerst f\u00fchren Sie zusammen mit dem Fluglehrer eine \u00dcberpr\u00fcfung des Hubschraubers durch. Tats\u00e4chlich ist die Mechanik eines Helikopters komplexer als die eines Flugzeugs und erfordert eine intensivere Wartung, um maximale Sicherheit w\u00e4hrend des Flugs zu gew\u00e4hrleisten.<br \/>\nSobald die wichtigsten Punkte kontrolliert sind, nehmen Sie Platz an den Steuerungen des Helikopters. Motor an! Sie starten die Turbine, und der Rotor erreicht eine Drehzahl von 395 U\/min, die notwendige Geschwindigkeit, um abzuheben. Ihre Konzentration ist auf dem H\u00f6hepunkt, aber was f\u00fcr ein Vergn\u00fcgen, SELBST einen Helikopter zu fliegen!<br \/>\n.<\/p>\n<h3>F\u00fcr weitere Informationen zu dieser Einf\u00fchrung in BELL 505 stehen wir Ihnen gerne per E-Mail oder telefonisch zur Verf\u00fcgung.<\/h3>\n<p id=\"textarea\" style=\"display: none;\">\nWir bieten auch Einf\u00fchrungsfl\u00fcge mit dem Helikopter vom Flugplatz Fehraltorf aus an. Ebenso bieten wir Einf\u00fchrungsfl\u00fcge im Kanton Freiburg von \u00c9pagny im Greyerzerland aus an. Au\u00dferdem werden in Buttwil im Kanton AargSchnupperfl\u00fcge mit dem Helikopter angeboten. So auch in Grenchen im Kanton Solothurn. Au\u00dferdem bieten wir Schnupperflug vom Heliport Pfaffnau und von Balzers in Liechtenstein aus an. Au\u00dferdem fliegen wir in der Ostschweiz vom Flugplatz Sitterdorf aus. Aber auch in Graub\u00fcnden von den Hubschrauberlandepl\u00e4tzen in Samedan, St. Moritz und Untervaz. Im Tessin bieten wir Einf\u00fchrungsfl\u00fcge mit dem Helikopter von Locarno und Lodrino an.\n<\/p>\n<p><a id=\"seeMore\" onclick=\"toggleSeeMore()\" href=\"javascript:void(0);\">Lesen Sie mehr<\/a><\/p>\n","protected":false},"featured_media":89077,"comment_status":"open","ping_status":"closed","template":"","meta":{"inline_featured_image":false,"_mi_skip_tracking":false},"product_cat":[277,301,266],"product_tag":[],"class_list":["post-91293","product","type-product","status-publish","has-post-thumbnail","hentry","product_cat-schnupperflug-helikopter","product_cat-helikopter-bern-belp","product_cat-schnupperflug-in-der-schweiz-selbst-fliegen"],"yoast_head":"<!-- This site is optimized with the Yoast SEO plugin v23.6 - https:\/\/yoast.com\/wordpress\/plugins\/seo\/ -->\n<title>Schnupperflug mit Bell 505 in Belp. Ein beliebter Helikopter<\/title>\n<meta name=\"description\" content=\"Schnupperflug mit Bell 505 in Belp. Sie \u00fcbernehmen sofort die Kontrolle \u00fcber Ihren Bell 505 mit Ihrem Einweiser an Ihrer Seite, der Sie beraten wird.\" \/>\n<meta name=\"robots\" content=\"index, follow, max-snippet:-1, max-image-preview:large, max-video-preview:-1\" \/>\n<link rel=\"canonical\" href=\"https:\/\/www.swissraft.ch\/de\/produkt\/schnupperflug-helikopter-bern-belp-bell-505\/\" \/>\n<meta property=\"og:locale\" content=\"de_DE\" \/>\n<meta property=\"og:type\" content=\"article\" \/>\n<meta property=\"og:title\" content=\"Schnupperflug mit Bell 505 in Belp. Ein beliebter Helikopter\" \/>\n<meta property=\"og:description\" content=\"Schnupperflug mit Bell 505 in Belp. Sie \u00fcbernehmen sofort die Kontrolle \u00fcber Ihren Bell 505 mit Ihrem Einweiser an Ihrer Seite, der Sie beraten wird.\" \/>\n<meta property=\"og:url\" content=\"https:\/\/www.swissraft.ch\/de\/produkt\/schnupperflug-helikopter-bern-belp-bell-505\/\" \/>\n<meta property=\"og:site_name\" content=\"Swissraft\" \/>\n<meta property=\"article:modified_time\" content=\"2025-02-06T20:06:08+00:00\" \/>\n<meta property=\"og:image\" content=\"https:\/\/www.swissraft.ch\/wp-content\/uploads\/2023\/12\/6-BELL-505-776x776-1.jpg\" \/>\n\t<meta property=\"og:image:width\" content=\"776\" \/>\n\t<meta property=\"og:image:height\" content=\"776\" \/>\n\t<meta property=\"og:image:type\" content=\"image\/jpeg\" \/>\n<meta name=\"twitter:card\" content=\"summary_large_image\" \/>\n<meta name=\"twitter:label1\" content=\"Gesch\u00e4tzte Lesezeit\" \/>\n\t<meta name=\"twitter:data1\" content=\"1\u00a0Minute\" \/>\n<script type=\"application\/ld+json\" class=\"yoast-schema-graph\">{\"@context\":\"https:\/\/schema.org\",\"@graph\":[{\"@type\":\"WebPage\",\"@id\":\"https:\/\/www.swissraft.ch\/de\/produkt\/schnupperflug-helikopter-bern-belp-bell-505\/\",\"url\":\"https:\/\/www.swissraft.ch\/de\/produkt\/schnupperflug-helikopter-bern-belp-bell-505\/\",\"name\":\"Schnupperflug mit Bell 505 in Belp. Ein beliebter Helikopter\",\"isPartOf\":{\"@id\":\"https:\/\/www.swissraft.ch\/de\/#website\"},\"primaryImageOfPage\":{\"@id\":\"https:\/\/www.swissraft.ch\/de\/produkt\/schnupperflug-helikopter-bern-belp-bell-505\/#primaryimage\"},\"image\":{\"@id\":\"https:\/\/www.swissraft.ch\/de\/produkt\/schnupperflug-helikopter-bern-belp-bell-505\/#primaryimage\"},\"thumbnailUrl\":\"https:\/\/www.swissraft.ch\/wp-content\/uploads\/2023\/12\/6-BELL-505-776x776-1.jpg\",\"datePublished\":\"2023-12-25T17:17:31+00:00\",\"dateModified\":\"2025-02-06T20:06:08+00:00\",\"description\":\"Schnupperflug mit Bell 505 in Belp. Sie \u00fcbernehmen sofort die Kontrolle \u00fcber Ihren Bell 505 mit Ihrem Einweiser an Ihrer Seite, der Sie beraten wird.\",\"breadcrumb\":{\"@id\":\"https:\/\/www.swissraft.ch\/de\/produkt\/schnupperflug-helikopter-bern-belp-bell-505\/#breadcrumb\"},\"inLanguage\":\"de\",\"potentialAction\":[{\"@type\":\"ReadAction\",\"target\":[\"https:\/\/www.swissraft.ch\/de\/produkt\/schnupperflug-helikopter-bern-belp-bell-505\/\"]}]},{\"@type\":\"ImageObject\",\"inLanguage\":\"de\",\"@id\":\"https:\/\/www.swissraft.ch\/de\/produkt\/schnupperflug-helikopter-bern-belp-bell-505\/#primaryimage\",\"url\":\"https:\/\/www.swissraft.ch\/wp-content\/uploads\/2023\/12\/6-BELL-505-776x776-1.jpg\",\"contentUrl\":\"https:\/\/www.swissraft.ch\/wp-content\/uploads\/2023\/12\/6-BELL-505-776x776-1.jpg\",\"width\":776,\"height\":776,\"caption\":\"Einf\u00fchrung in den Helikopter Bell 505 von Bern-Belp aus\"},{\"@type\":\"BreadcrumbList\",\"@id\":\"https:\/\/www.swissraft.ch\/de\/produkt\/schnupperflug-helikopter-bern-belp-bell-505\/#breadcrumb\",\"itemListElement\":[{\"@type\":\"ListItem\",\"position\":1,\"name\":\"Accueil\",\"item\":\"https:\/\/www.swissraft.ch\/de\/\"},{\"@type\":\"ListItem\",\"position\":2,\"name\":\"Shop\",\"item\":\"https:\/\/www.swissraft.ch\/de\/shop\/\"},{\"@type\":\"ListItem\",\"position\":3,\"name\":\"Schnupperflug mit einem Helikopter ab BERN-BELP &#8211; BELL 505 &#8211; Ab CHF 930.00\"}]},{\"@type\":\"WebSite\",\"@id\":\"https:\/\/www.swissraft.ch\/de\/#website\",\"url\":\"https:\/\/www.swissraft.ch\/de\/\",\"name\":\"Swissraft\",\"description\":\"To enjoy nature as it is\",\"publisher\":{\"@id\":\"https:\/\/www.swissraft.ch\/de\/#organization\"},\"potentialAction\":[{\"@type\":\"SearchAction\",\"target\":{\"@type\":\"EntryPoint\",\"urlTemplate\":\"https:\/\/www.swissraft.ch\/de\/?s={search_term_string}\"},\"query-input\":{\"@type\":\"PropertyValueSpecification\",\"valueRequired\":true,\"valueName\":\"search_term_string\"}}],\"inLanguage\":\"de\"},{\"@type\":\"Organization\",\"@id\":\"https:\/\/www.swissraft.ch\/de\/#organization\",\"name\":\"Swissraft\",\"url\":\"https:\/\/www.swissraft.ch\/de\/\",\"logo\":{\"@type\":\"ImageObject\",\"inLanguage\":\"de\",\"@id\":\"https:\/\/www.swissraft.ch\/de\/#\/schema\/logo\/image\/\",\"url\":\"https:\/\/www.swissraft.ch\/wp-content\/uploads\/2025\/09\/Capture.jpg\",\"contentUrl\":\"https:\/\/www.swissraft.ch\/wp-content\/uploads\/2025\/09\/Capture.jpg\",\"width\":293,\"height\":108,\"caption\":\"Swissraft\"},\"image\":{\"@id\":\"https:\/\/www.swissraft.ch\/de\/#\/schema\/logo\/image\/\"}}]}<\/script>\n<!-- \/ Yoast SEO plugin. -->","yoast_head_json":{"title":"Schnupperflug mit Bell 505 in Belp. Ein beliebter Helikopter","description":"Schnupperflug mit Bell 505 in Belp. Sie \u00fcbernehmen sofort die Kontrolle \u00fcber Ihren Bell 505 mit Ihrem Einweiser an Ihrer Seite, der Sie beraten wird.","robots":{"index":"index","follow":"follow","max-snippet":"max-snippet:-1","max-image-preview":"max-image-preview:large","max-video-preview":"max-video-preview:-1"},"canonical":"https:\/\/www.swissraft.ch\/de\/produkt\/schnupperflug-helikopter-bern-belp-bell-505\/","og_locale":"de_DE","og_type":"article","og_title":"Schnupperflug mit Bell 505 in Belp. Ein beliebter Helikopter","og_description":"Schnupperflug mit Bell 505 in Belp. Sie \u00fcbernehmen sofort die Kontrolle \u00fcber Ihren Bell 505 mit Ihrem Einweiser an Ihrer Seite, der Sie beraten wird.","og_url":"https:\/\/www.swissraft.ch\/de\/produkt\/schnupperflug-helikopter-bern-belp-bell-505\/","og_site_name":"Swissraft","article_modified_time":"2025-02-06T20:06:08+00:00","og_image":[{"width":776,"height":776,"url":"https:\/\/www.swissraft.ch\/wp-content\/uploads\/2023\/12\/6-BELL-505-776x776-1.jpg","type":"image\/jpeg"}],"twitter_card":"summary_large_image","twitter_misc":{"Gesch\u00e4tzte Lesezeit":"1\u00a0Minute"},"schema":{"@context":"https:\/\/schema.org","@graph":[{"@type":"WebPage","@id":"https:\/\/www.swissraft.ch\/de\/produkt\/schnupperflug-helikopter-bern-belp-bell-505\/","url":"https:\/\/www.swissraft.ch\/de\/produkt\/schnupperflug-helikopter-bern-belp-bell-505\/","name":"Schnupperflug mit Bell 505 in Belp. Ein beliebter Helikopter","isPartOf":{"@id":"https:\/\/www.swissraft.ch\/de\/#website"},"primaryImageOfPage":{"@id":"https:\/\/www.swissraft.ch\/de\/produkt\/schnupperflug-helikopter-bern-belp-bell-505\/#primaryimage"},"image":{"@id":"https:\/\/www.swissraft.ch\/de\/produkt\/schnupperflug-helikopter-bern-belp-bell-505\/#primaryimage"},"thumbnailUrl":"https:\/\/www.swissraft.ch\/wp-content\/uploads\/2023\/12\/6-BELL-505-776x776-1.jpg","datePublished":"2023-12-25T17:17:31+00:00","dateModified":"2025-02-06T20:06:08+00:00","description":"Schnupperflug mit Bell 505 in Belp. Sie \u00fcbernehmen sofort die Kontrolle \u00fcber Ihren Bell 505 mit Ihrem Einweiser an Ihrer Seite, der Sie beraten wird.","breadcrumb":{"@id":"https:\/\/www.swissraft.ch\/de\/produkt\/schnupperflug-helikopter-bern-belp-bell-505\/#breadcrumb"},"inLanguage":"de","potentialAction":[{"@type":"ReadAction","target":["https:\/\/www.swissraft.ch\/de\/produkt\/schnupperflug-helikopter-bern-belp-bell-505\/"]}]},{"@type":"ImageObject","inLanguage":"de","@id":"https:\/\/www.swissraft.ch\/de\/produkt\/schnupperflug-helikopter-bern-belp-bell-505\/#primaryimage","url":"https:\/\/www.swissraft.ch\/wp-content\/uploads\/2023\/12\/6-BELL-505-776x776-1.jpg","contentUrl":"https:\/\/www.swissraft.ch\/wp-content\/uploads\/2023\/12\/6-BELL-505-776x776-1.jpg","width":776,"height":776,"caption":"Einf\u00fchrung in den Helikopter Bell 505 von Bern-Belp aus"},{"@type":"BreadcrumbList","@id":"https:\/\/www.swissraft.ch\/de\/produkt\/schnupperflug-helikopter-bern-belp-bell-505\/#breadcrumb","itemListElement":[{"@type":"ListItem","position":1,"name":"Accueil","item":"https:\/\/www.swissraft.ch\/de\/"},{"@type":"ListItem","position":2,"name":"Shop","item":"https:\/\/www.swissraft.ch\/de\/shop\/"},{"@type":"ListItem","position":3,"name":"Schnupperflug mit einem Helikopter ab BERN-BELP &#8211; BELL 505 &#8211; Ab CHF 930.00"}]},{"@type":"WebSite","@id":"https:\/\/www.swissraft.ch\/de\/#website","url":"https:\/\/www.swissraft.ch\/de\/","name":"Swissraft","description":"To enjoy nature as it is","publisher":{"@id":"https:\/\/www.swissraft.ch\/de\/#organization"},"potentialAction":[{"@type":"SearchAction","target":{"@type":"EntryPoint","urlTemplate":"https:\/\/www.swissraft.ch\/de\/?s={search_term_string}"},"query-input":{"@type":"PropertyValueSpecification","valueRequired":true,"valueName":"search_term_string"}}],"inLanguage":"de"},{"@type":"Organization","@id":"https:\/\/www.swissraft.ch\/de\/#organization","name":"Swissraft","url":"https:\/\/www.swissraft.ch\/de\/","logo":{"@type":"ImageObject","inLanguage":"de","@id":"https:\/\/www.swissraft.ch\/de\/#\/schema\/logo\/image\/","url":"https:\/\/www.swissraft.ch\/wp-content\/uploads\/2025\/09\/Capture.jpg","contentUrl":"https:\/\/www.swissraft.ch\/wp-content\/uploads\/2025\/09\/Capture.jpg","width":293,"height":108,"caption":"Swissraft"},"image":{"@id":"https:\/\/www.swissraft.ch\/de\/#\/schema\/logo\/image\/"}}]}},"_links":{"self":[{"href":"https:\/\/www.swissraft.ch\/de\/wp-json\/wp\/v2\/product\/91293","targetHints":{"allow":["GET"]}}],"collection":[{"href":"https:\/\/www.swissraft.ch\/de\/wp-json\/wp\/v2\/product"}],"about":[{"href":"https:\/\/www.swissraft.ch\/de\/wp-json\/wp\/v2\/types\/product"}],"replies":[{"embeddable":true,"href":"https:\/\/www.swissraft.ch\/de\/wp-json\/wp\/v2\/comments?post=91293"}],"version-history":[{"count":0,"href":"https:\/\/www.swissraft.ch\/de\/wp-json\/wp\/v2\/product\/91293\/revisions"}],"wp:featuredmedia":[{"embeddable":true,"href":"https:\/\/www.swissraft.ch\/de\/wp-json\/wp\/v2\/media\/89077"}],"wp:attachment":[{"href":"https:\/\/www.swissraft.ch\/de\/wp-json\/wp\/v2\/media?parent=91293"}],"wp:term":[{"taxonomy":"product_cat","embeddable":true,"href":"https:\/\/www.swissraft.ch\/de\/wp-json\/wp\/v2\/product_cat?post=91293"},{"taxonomy":"product_tag","embeddable":true,"href":"https:\/\/www.swissraft.ch\/de\/wp-json\/wp\/v2\/product_tag?post=91293"}],"curies":[{"name":"wp","href":"https:\/\/api.w.org\/{rel}","templated":true}]}}