{"id":91290,"date":"2023-12-25T05:40:20","date_gmt":"2023-12-25T04:40:20","guid":{"rendered":"https:\/\/swissraft.xyanzkdne.eu\/product\/einfuehrung-in-einen-hubschrauber-von-berne-belp-robinson-r44-ab-chf-670-00\/"},"modified":"2026-05-02T23:05:14","modified_gmt":"2026-05-02T21:05:14","slug":"schnupperflug-helikopter-bern-belp-robinson-r44","status":"publish","type":"product","link":"https:\/\/www.swissraft.ch\/de\/produkt\/schnupperflug-helikopter-bern-belp-robinson-r44\/","title":{"rendered":"Schnupperflug &#8211; Helikopter &#8211; Bern-Belp &#8211; Robinson R44 &#8211; Ab CHF 710.00"},"content":{"rendered":"\t\t<div data-elementor-type=\"wp-post\" data-elementor-id=\"91290\" class=\"elementor elementor-91290 elementor-55462\">\n\t\t\t\t\t\t\t\t\t<section class=\"elementor-section elementor-top-section elementor-element elementor-element-3303a7e3 elementor-section-boxed elementor-section-height-default elementor-section-height-default\" data-id=\"3303a7e3\" data-element_type=\"section\">\n\t\t\t\t\t\t<div class=\"elementor-container elementor-column-gap-default\">\n\t\t\t\t\t<div class=\"elementor-column elementor-col-100 elementor-top-column elementor-element elementor-element-16d72dbf\" data-id=\"16d72dbf\" data-element_type=\"column\">\n\t\t\t<div class=\"elementor-widget-wrap elementor-element-populated\">\n\t\t\t\t\t\t\t\t<div class=\"elementor-element elementor-element-d743c03 elementor-widget elementor-widget-text-editor\" data-id=\"d743c03\" data-element_type=\"widget\" data-widget_type=\"text-editor.default\">\n\t\t\t\t<div class=\"elementor-widget-container\">\n\t\t\t\t\t\t\t<h2>W\u00c4HLEN SIE UNTEN IHRE AKTIVIT\u00c4T AUS, UM GESCHENKGUTSCHEINE \/ TICKETS ZU VERSCHENKEN ODER ZU BUCHEN.<\/h2><table border=\"0\" width=\"580\" cellspacing=\"10\" cellpadding=\"10\"><tbody><tr><td width=\"50%\"><strong>SCHNUPPERFLUG &#8211; ROBINSON R44 &#8211; 1 SCH\u00dcLER + 1 PERS. &#8211; Ab 30 Min. <\/strong><\/td><td><strong>Ab CHF 710.00 pro Flug<span class=\"productPrice\"><br \/><\/span><\/strong><\/td><\/tr><tr><td>Zus\u00e4tzliche Informationen<\/td><td>&#8211; Sie haben den Helikopter exklusiv f\u00fcr sich<br \/>&#8211; Sie bestimmen das Datum und die Uhrzeit des Abflugs<br \/>&#8211; Maximum 2 Pers.<\/td><\/tr><tr><td>Flughafen<\/td><td><a href=\"https:\/\/www.google.ch\/maps\/place\/Flugplatzstrasse+9,+3123+Belp\/@46.9110741,7.5014815,384m\/data=!3m1!1e3!4m6!3m5!1s0x478e364abf3cd12d:0x66533198ed658320!8m2!3d46.9109935!4d7.5040993!16s%2Fg%2F11c2cjv1zm?hl=fr&amp;entry=ttu\" target=\"_blank\" rel=\"noopener\">Bern-Belp<\/a><\/td><\/tr><tr><td>Flugzeit nach Wahl<\/td><td>30 \/ 40 \/ 50 \/ 60 \/ 90 Min.<\/td><\/tr><tr><td>Gesamtdauer<\/td><td>ca. 1:10 bis 2:15 Std. abh\u00e4ngig von der Anzahl der Minuten<\/td><\/tr><tr><td>Termin<\/td><td>Per Telefon<\/td><\/tr><tr><td><button class=\"elementor-button\" type=\"button\"><a href=\"https:\/\/swissraft.outdoorbooking.ch\/fo\/products\/1021?base_id=29&amp;category_id=4&amp;order_type=gift_voucher&amp;lang=de\" target=\"_blank\" rel=\"noopener\">GUTSCHEIN \/ TICKET KAUFEN<\/a><\/button><\/td><td><strong>CHF 710.00 &#8211; 30 Min. Flugzeit <\/strong><\/td><\/tr><tr><td><button class=\"elementor-button\" type=\"button\"><a href=\"https:\/\/swissraft.outdoorbooking.ch\/fo\/products\/376?base_id=29&amp;category_id=4&amp;order_type=gift_voucher&amp;lang=de\" target=\"_blank\" rel=\"noopener\">GUTSCHEIN \/ TICKET KAUFEN<\/a><\/button><\/td><td><strong>CHF 830.00 &#8211; 40 Min. Flugzeit <\/strong><\/td><\/tr><tr><td><button class=\"elementor-button\" type=\"button\"><a href=\"https:\/\/swissraft.outdoorbooking.ch\/fo\/products\/379?base_id=29&amp;category_id=4&amp;order_type=gift_voucher&amp;lang=de\" target=\"_blank\" rel=\"noopener\">GUTSCHEIN \/ TICKET KAUFEN<\/a><\/button><\/td><td><strong>CHF 1&#8217;058.00 &#8211; 50 Min. Flugzeit <\/strong><\/td><\/tr><tr><td><button class=\"elementor-button\" type=\"button\"><a href=\"https:\/\/swissraft.outdoorbooking.ch\/fo\/products\/382?base_id=29&amp;category_id=4&amp;order_type=gift_voucher&amp;lang=de\" target=\"_blank\" rel=\"noopener\">GUTSCHEIN \/ TICKET KAUFEN<\/a><\/button><\/td><td><strong>CHF 1&#8217;283.00 &#8211; 60 Min. Flugzeit <\/strong><\/td><\/tr><tr><td><button class=\"elementor-button\" type=\"button\"><a href=\"https:\/\/swissraft.outdoorbooking.ch\/fo\/products\/2046?base_id=29&amp;category_id=4&amp;order_type=gift_voucher&amp;lang=de\" target=\"_blank\" rel=\"noopener\">GUTSCHEIN \/ TICKET KAUFEN<\/a><\/button><\/td><td><strong>CHF 1&#8217;768.00 &#8211; 90 Min. Flugzeit <\/strong><\/td><\/tr><tr><td>\u00a0<\/td><td><strong><em>WICHTIG !<\/em><\/strong><br \/><em>Um zu reservieren, rufen Sie die Nummer an, die sich oben links auf dem Gutschein \/ Ticket befindet.<\/em><\/td><\/tr><\/tbody><\/table>\t\t\t\t\t\t<\/div>\n\t\t\t\t<\/div>\n\t\t\t\t\t<\/div>\n\t\t<\/div>\n\t\t\t\t\t\t\t<\/div>\n\t\t<\/section>\n\t\t\t\t\t\t\t<\/div>\n\t\t","protected":false},"excerpt":{"rendered":"<div align=\"justify\">\n<h2 align=\"justify\">Sie haben sich entschieden, einen Hubschrauber f\u00fcr eine Einf\u00fchrungsstunde auf einem ROBINSON R44 vom Flughafen Bern-Belp aus zu fliegen.<\/h2>\n<h3>Der ROBINSON R44 ist ein Helikopter mit 4 Sitzen einschlie\u00dflich Pilot. Dieser Hubschraubertyp ist in den USA sehr beliebt.<\/h3>\n<\/div>\n<div align=\"justify\">\n<p>Sie kommen am Flughafen an und Ihr Fluglehrer begr\u00fc\u00dft Sie mit einem Kaffee oder einem Mineral. Dann folgt ein kurzer Theoriekurs \u00fcber das Fliegen mit einem Helikopter und Aerodynamik. Sie sind gespannt und es ist Zeit, sich zum Helikopter zu begeben, der auf dem Rollfeld auf Sie wartet. Bevor Sie das Steuer \u00fcbernehmen, f\u00fchren Sie eine Inspektion des Helikopters durch. Ihr Fluglehrer zeigt Ihnen die wichtigsten Punkte, die Sie vor einem Helikopterflug \u00fcberpr\u00fcfen sollten. Dann gehen Sie an Bord und setzen sich auf den Pilotensitz auf der rechten Seite. Der Fluglotse gibt Ihnen die Startfreigabe. Sie bet\u00e4tigen den Collective Pitch (den allgemeinen Pitch-Hebel) zu Ihrer Linken, um abzuheben. Der Rotor dreht sich immer schneller, bis er 395 Umdrehungen pro Minute erreicht hat, um abheben zu k\u00f6nnen. Die Konzentration ist am h\u00f6chsten. Das Abenteuer beginnt, Sie entspannen sich, denn Ihr Lehrer ist an Ihrer Seite und korrigiert Sie, wenn n\u00f6tig.<\/p>\n<h3>Einen Hubschrauber zu fliegen und eine Einf\u00fchrungsstunde auf dem ROBINSON R44 zu erleben, ist der Traum vieler Menschen. Swissraft ist da, um Ihnen zu helfen, diesen Traum zu verwirklichen.<\/h3>\n<p id=\"textarea\" style=\"display: none;\">\nWir bieten Schnupperfl\u00fcge mit dem Hubschrauber vom Flugplatz \u00c9pagny im Greyerzerland aus an. Aber auch Helikopterfl\u00fcge werden vom Flugplatz Fehraltorf im Kanton Z\u00fcrich aus angeboten. Au\u00dferdem bieten wir von Buttwil aus Einf\u00fchrungsfl\u00fcge mit dem Hubschrauber an. Aber auch vom Flugplatz Grenchen im Kanton Solothurn. \u00dcbrigens bieten wir auch Einf\u00fchrungsfl\u00fcge in der N\u00e4he von Luzern vom Heliport Pfaffnau an. Dann haben wir Einf\u00fchrungsfl\u00fcge vom Balzers Heliport im Liechtenstein. Au\u00dferdem f\u00fchren wir in der Ostschweiz vom Flugplatz Sitterdorf aus Einf\u00fchrungsfl\u00fcge mit dem Helikopter durch. Parallel dazu wurden in Graub\u00fcnden von den Hubschrauberlandepl\u00e4tzen in Samedan, St. Moritz und Untervaz bieten wir Schnupperfl\u00fcge an. Aber wir haben auch Schnupperfl\u00fcge von Locarno-Magadino und Lodrino aus.\n<\/p>\n<p><a id=\"seeMore\" onclick=\"toggleSeeMore()\" href=\"javascript:void(0);\">Lesen Sie mehr<\/a><\/p>\n","protected":false},"featured_media":91147,"comment_status":"open","ping_status":"closed","template":"","meta":{"inline_featured_image":false,"_mi_skip_tracking":false},"product_cat":[277,301,266],"product_tag":[],"class_list":["post-91290","product","type-product","status-publish","has-post-thumbnail","hentry","product_cat-schnupperflug-helikopter","product_cat-helikopter-bern-belp","product_cat-schnupperflug-in-der-schweiz-selbst-fliegen"],"yoast_head":"<!-- This site is optimized with the Yoast SEO plugin v23.6 - https:\/\/yoast.com\/wordpress\/plugins\/seo\/ -->\n<title>Schnupperflug mit Robinson R44 in Belp. Ein beliebter Helikopter<\/title>\n<meta name=\"description\" content=\"Schnupperflug mit Robinson R44 in Belp. Sie \u00fcbernehmen die Kontrolle \u00fcber Ihren Helikopter mit Ihrem Lehrer an Ihrer Seite, der Sie einweisen wird\" \/>\n<meta name=\"robots\" content=\"index, follow, max-snippet:-1, max-image-preview:large, max-video-preview:-1\" \/>\n<link rel=\"canonical\" href=\"https:\/\/www.swissraft.ch\/de\/produkt\/schnupperflug-helikopter-bern-belp-robinson-r44\/\" \/>\n<meta property=\"og:locale\" content=\"de_DE\" \/>\n<meta property=\"og:type\" content=\"article\" \/>\n<meta property=\"og:title\" content=\"Schnupperflug mit Robinson R44 in Belp. Ein beliebter Helikopter\" \/>\n<meta property=\"og:description\" content=\"Schnupperflug mit Robinson R44 in Belp. Sie \u00fcbernehmen die Kontrolle \u00fcber Ihren Helikopter mit Ihrem Lehrer an Ihrer Seite, der Sie einweisen wird\" \/>\n<meta property=\"og:url\" content=\"https:\/\/www.swissraft.ch\/de\/produkt\/schnupperflug-helikopter-bern-belp-robinson-r44\/\" \/>\n<meta property=\"og:site_name\" content=\"Swissraft\" \/>\n<meta property=\"article:modified_time\" content=\"2026-05-02T21:05:14+00:00\" \/>\n<meta property=\"og:image\" content=\"https:\/\/www.swissraft.ch\/wp-content\/uploads\/2023\/12\/Robinson-r44_776x776.jpg\" \/>\n\t<meta property=\"og:image:width\" content=\"776\" \/>\n\t<meta property=\"og:image:height\" content=\"776\" \/>\n\t<meta property=\"og:image:type\" content=\"image\/jpeg\" \/>\n<meta name=\"twitter:card\" content=\"summary_large_image\" \/>\n<meta name=\"twitter:label1\" content=\"Gesch\u00e4tzte Lesezeit\" \/>\n\t<meta name=\"twitter:data1\" content=\"1\u00a0Minute\" \/>\n<script type=\"application\/ld+json\" class=\"yoast-schema-graph\">{\"@context\":\"https:\/\/schema.org\",\"@graph\":[{\"@type\":\"WebPage\",\"@id\":\"https:\/\/www.swissraft.ch\/de\/produkt\/schnupperflug-helikopter-bern-belp-robinson-r44\/\",\"url\":\"https:\/\/www.swissraft.ch\/de\/produkt\/schnupperflug-helikopter-bern-belp-robinson-r44\/\",\"name\":\"Schnupperflug mit Robinson R44 in Belp. Ein beliebter Helikopter\",\"isPartOf\":{\"@id\":\"https:\/\/www.swissraft.ch\/de\/#website\"},\"primaryImageOfPage\":{\"@id\":\"https:\/\/www.swissraft.ch\/de\/produkt\/schnupperflug-helikopter-bern-belp-robinson-r44\/#primaryimage\"},\"image\":{\"@id\":\"https:\/\/www.swissraft.ch\/de\/produkt\/schnupperflug-helikopter-bern-belp-robinson-r44\/#primaryimage\"},\"thumbnailUrl\":\"https:\/\/www.swissraft.ch\/wp-content\/uploads\/2023\/12\/Robinson-r44_776x776.jpg\",\"datePublished\":\"2023-12-25T04:40:20+00:00\",\"dateModified\":\"2026-05-02T21:05:14+00:00\",\"description\":\"Schnupperflug mit Robinson R44 in Belp. Sie \u00fcbernehmen die Kontrolle \u00fcber Ihren Helikopter mit Ihrem Lehrer an Ihrer Seite, der Sie einweisen wird\",\"breadcrumb\":{\"@id\":\"https:\/\/www.swissraft.ch\/de\/produkt\/schnupperflug-helikopter-bern-belp-robinson-r44\/#breadcrumb\"},\"inLanguage\":\"de\",\"potentialAction\":[{\"@type\":\"ReadAction\",\"target\":[\"https:\/\/www.swissraft.ch\/de\/produkt\/schnupperflug-helikopter-bern-belp-robinson-r44\/\"]}]},{\"@type\":\"ImageObject\",\"inLanguage\":\"de\",\"@id\":\"https:\/\/www.swissraft.ch\/de\/produkt\/schnupperflug-helikopter-bern-belp-robinson-r44\/#primaryimage\",\"url\":\"https:\/\/www.swissraft.ch\/wp-content\/uploads\/2023\/12\/Robinson-r44_776x776.jpg\",\"contentUrl\":\"https:\/\/www.swissraft.ch\/wp-content\/uploads\/2023\/12\/Robinson-r44_776x776.jpg\",\"width\":776,\"height\":776,\"caption\":\"Schnupperflug Robinson RH44 von Bern-Belp aus\"},{\"@type\":\"BreadcrumbList\",\"@id\":\"https:\/\/www.swissraft.ch\/de\/produkt\/schnupperflug-helikopter-bern-belp-robinson-r44\/#breadcrumb\",\"itemListElement\":[{\"@type\":\"ListItem\",\"position\":1,\"name\":\"Accueil\",\"item\":\"https:\/\/www.swissraft.ch\/de\/\"},{\"@type\":\"ListItem\",\"position\":2,\"name\":\"Shop\",\"item\":\"https:\/\/www.swissraft.ch\/de\/shop\/\"},{\"@type\":\"ListItem\",\"position\":3,\"name\":\"Schnupperflug &#8211; Helikopter &#8211; Bern-Belp &#8211; Robinson R44 &#8211; Ab CHF 710.00\"}]},{\"@type\":\"WebSite\",\"@id\":\"https:\/\/www.swissraft.ch\/de\/#website\",\"url\":\"https:\/\/www.swissraft.ch\/de\/\",\"name\":\"Swissraft\",\"description\":\"To enjoy nature as it is\",\"publisher\":{\"@id\":\"https:\/\/www.swissraft.ch\/de\/#organization\"},\"potentialAction\":[{\"@type\":\"SearchAction\",\"target\":{\"@type\":\"EntryPoint\",\"urlTemplate\":\"https:\/\/www.swissraft.ch\/de\/?s={search_term_string}\"},\"query-input\":{\"@type\":\"PropertyValueSpecification\",\"valueRequired\":true,\"valueName\":\"search_term_string\"}}],\"inLanguage\":\"de\"},{\"@type\":\"Organization\",\"@id\":\"https:\/\/www.swissraft.ch\/de\/#organization\",\"name\":\"Swissraft\",\"url\":\"https:\/\/www.swissraft.ch\/de\/\",\"logo\":{\"@type\":\"ImageObject\",\"inLanguage\":\"de\",\"@id\":\"https:\/\/www.swissraft.ch\/de\/#\/schema\/logo\/image\/\",\"url\":\"https:\/\/www.swissraft.ch\/wp-content\/uploads\/2025\/09\/Capture.jpg\",\"contentUrl\":\"https:\/\/www.swissraft.ch\/wp-content\/uploads\/2025\/09\/Capture.jpg\",\"width\":293,\"height\":108,\"caption\":\"Swissraft\"},\"image\":{\"@id\":\"https:\/\/www.swissraft.ch\/de\/#\/schema\/logo\/image\/\"}}]}<\/script>\n<!-- \/ Yoast SEO plugin. -->","yoast_head_json":{"title":"Schnupperflug mit Robinson R44 in Belp. Ein beliebter Helikopter","description":"Schnupperflug mit Robinson R44 in Belp. Sie \u00fcbernehmen die Kontrolle \u00fcber Ihren Helikopter mit Ihrem Lehrer an Ihrer Seite, der Sie einweisen wird","robots":{"index":"index","follow":"follow","max-snippet":"max-snippet:-1","max-image-preview":"max-image-preview:large","max-video-preview":"max-video-preview:-1"},"canonical":"https:\/\/www.swissraft.ch\/de\/produkt\/schnupperflug-helikopter-bern-belp-robinson-r44\/","og_locale":"de_DE","og_type":"article","og_title":"Schnupperflug mit Robinson R44 in Belp. Ein beliebter Helikopter","og_description":"Schnupperflug mit Robinson R44 in Belp. Sie \u00fcbernehmen die Kontrolle \u00fcber Ihren Helikopter mit Ihrem Lehrer an Ihrer Seite, der Sie einweisen wird","og_url":"https:\/\/www.swissraft.ch\/de\/produkt\/schnupperflug-helikopter-bern-belp-robinson-r44\/","og_site_name":"Swissraft","article_modified_time":"2026-05-02T21:05:14+00:00","og_image":[{"width":776,"height":776,"url":"https:\/\/www.swissraft.ch\/wp-content\/uploads\/2023\/12\/Robinson-r44_776x776.jpg","type":"image\/jpeg"}],"twitter_card":"summary_large_image","twitter_misc":{"Gesch\u00e4tzte Lesezeit":"1\u00a0Minute"},"schema":{"@context":"https:\/\/schema.org","@graph":[{"@type":"WebPage","@id":"https:\/\/www.swissraft.ch\/de\/produkt\/schnupperflug-helikopter-bern-belp-robinson-r44\/","url":"https:\/\/www.swissraft.ch\/de\/produkt\/schnupperflug-helikopter-bern-belp-robinson-r44\/","name":"Schnupperflug mit Robinson R44 in Belp. Ein beliebter Helikopter","isPartOf":{"@id":"https:\/\/www.swissraft.ch\/de\/#website"},"primaryImageOfPage":{"@id":"https:\/\/www.swissraft.ch\/de\/produkt\/schnupperflug-helikopter-bern-belp-robinson-r44\/#primaryimage"},"image":{"@id":"https:\/\/www.swissraft.ch\/de\/produkt\/schnupperflug-helikopter-bern-belp-robinson-r44\/#primaryimage"},"thumbnailUrl":"https:\/\/www.swissraft.ch\/wp-content\/uploads\/2023\/12\/Robinson-r44_776x776.jpg","datePublished":"2023-12-25T04:40:20+00:00","dateModified":"2026-05-02T21:05:14+00:00","description":"Schnupperflug mit Robinson R44 in Belp. Sie \u00fcbernehmen die Kontrolle \u00fcber Ihren Helikopter mit Ihrem Lehrer an Ihrer Seite, der Sie einweisen wird","breadcrumb":{"@id":"https:\/\/www.swissraft.ch\/de\/produkt\/schnupperflug-helikopter-bern-belp-robinson-r44\/#breadcrumb"},"inLanguage":"de","potentialAction":[{"@type":"ReadAction","target":["https:\/\/www.swissraft.ch\/de\/produkt\/schnupperflug-helikopter-bern-belp-robinson-r44\/"]}]},{"@type":"ImageObject","inLanguage":"de","@id":"https:\/\/www.swissraft.ch\/de\/produkt\/schnupperflug-helikopter-bern-belp-robinson-r44\/#primaryimage","url":"https:\/\/www.swissraft.ch\/wp-content\/uploads\/2023\/12\/Robinson-r44_776x776.jpg","contentUrl":"https:\/\/www.swissraft.ch\/wp-content\/uploads\/2023\/12\/Robinson-r44_776x776.jpg","width":776,"height":776,"caption":"Schnupperflug Robinson RH44 von Bern-Belp aus"},{"@type":"BreadcrumbList","@id":"https:\/\/www.swissraft.ch\/de\/produkt\/schnupperflug-helikopter-bern-belp-robinson-r44\/#breadcrumb","itemListElement":[{"@type":"ListItem","position":1,"name":"Accueil","item":"https:\/\/www.swissraft.ch\/de\/"},{"@type":"ListItem","position":2,"name":"Shop","item":"https:\/\/www.swissraft.ch\/de\/shop\/"},{"@type":"ListItem","position":3,"name":"Schnupperflug &#8211; Helikopter &#8211; Bern-Belp &#8211; Robinson R44 &#8211; Ab CHF 710.00"}]},{"@type":"WebSite","@id":"https:\/\/www.swissraft.ch\/de\/#website","url":"https:\/\/www.swissraft.ch\/de\/","name":"Swissraft","description":"To enjoy nature as it is","publisher":{"@id":"https:\/\/www.swissraft.ch\/de\/#organization"},"potentialAction":[{"@type":"SearchAction","target":{"@type":"EntryPoint","urlTemplate":"https:\/\/www.swissraft.ch\/de\/?s={search_term_string}"},"query-input":{"@type":"PropertyValueSpecification","valueRequired":true,"valueName":"search_term_string"}}],"inLanguage":"de"},{"@type":"Organization","@id":"https:\/\/www.swissraft.ch\/de\/#organization","name":"Swissraft","url":"https:\/\/www.swissraft.ch\/de\/","logo":{"@type":"ImageObject","inLanguage":"de","@id":"https:\/\/www.swissraft.ch\/de\/#\/schema\/logo\/image\/","url":"https:\/\/www.swissraft.ch\/wp-content\/uploads\/2025\/09\/Capture.jpg","contentUrl":"https:\/\/www.swissraft.ch\/wp-content\/uploads\/2025\/09\/Capture.jpg","width":293,"height":108,"caption":"Swissraft"},"image":{"@id":"https:\/\/www.swissraft.ch\/de\/#\/schema\/logo\/image\/"}}]}},"_links":{"self":[{"href":"https:\/\/www.swissraft.ch\/de\/wp-json\/wp\/v2\/product\/91290","targetHints":{"allow":["GET"]}}],"collection":[{"href":"https:\/\/www.swissraft.ch\/de\/wp-json\/wp\/v2\/product"}],"about":[{"href":"https:\/\/www.swissraft.ch\/de\/wp-json\/wp\/v2\/types\/product"}],"replies":[{"embeddable":true,"href":"https:\/\/www.swissraft.ch\/de\/wp-json\/wp\/v2\/comments?post=91290"}],"version-history":[{"count":35,"href":"https:\/\/www.swissraft.ch\/de\/wp-json\/wp\/v2\/product\/91290\/revisions"}],"predecessor-version":[{"id":143202,"href":"https:\/\/www.swissraft.ch\/de\/wp-json\/wp\/v2\/product\/91290\/revisions\/143202"}],"wp:featuredmedia":[{"embeddable":true,"href":"https:\/\/www.swissraft.ch\/de\/wp-json\/wp\/v2\/media\/91147"}],"wp:attachment":[{"href":"https:\/\/www.swissraft.ch\/de\/wp-json\/wp\/v2\/media?parent=91290"}],"wp:term":[{"taxonomy":"product_cat","embeddable":true,"href":"https:\/\/www.swissraft.ch\/de\/wp-json\/wp\/v2\/product_cat?post=91290"},{"taxonomy":"product_tag","embeddable":true,"href":"https:\/\/www.swissraft.ch\/de\/wp-json\/wp\/v2\/product_tag?post=91290"}],"curies":[{"name":"wp","href":"https:\/\/api.w.org\/{rel}","templated":true}]}}