{"id":91289,"date":"2023-12-22T23:38:46","date_gmt":"2023-12-22T22:38:46","guid":{"rendered":"https:\/\/swissraft.xyanzkdne.eu\/product\/einweisung-in-einen-hubschrauber-von-buttwil-enstrom-480-chf-740-00\/"},"modified":"2026-05-04T06:03:42","modified_gmt":"2026-05-04T04:03:42","slug":"schnupperflug-helikopter-buttwil-enstrom-480","status":"publish","type":"product","link":"https:\/\/www.swissraft.ch\/de\/produkt\/schnupperflug-helikopter-buttwil-enstrom-480\/","title":{"rendered":"Schnupperflug &#8211; Helikopter &#8211; Buttwil &#8211; Enstrom 480 &#8211; CHF 740.00"},"content":{"rendered":"\t\t<div data-elementor-type=\"wp-post\" data-elementor-id=\"91289\" class=\"elementor elementor-91289 elementor-55229\">\n\t\t\t\t\t\t\t\t\t<section class=\"elementor-section elementor-top-section elementor-element elementor-element-3303a7e3 elementor-section-boxed elementor-section-height-default elementor-section-height-default\" data-id=\"3303a7e3\" data-element_type=\"section\">\n\t\t\t\t\t\t<div class=\"elementor-container elementor-column-gap-default\">\n\t\t\t\t\t<div class=\"elementor-column elementor-col-100 elementor-top-column elementor-element elementor-element-16d72dbf\" data-id=\"16d72dbf\" data-element_type=\"column\">\n\t\t\t<div class=\"elementor-widget-wrap elementor-element-populated\">\n\t\t\t\t\t\t\t\t<div class=\"elementor-element elementor-element-d743c03 elementor-widget elementor-widget-text-editor\" data-id=\"d743c03\" data-element_type=\"widget\" data-widget_type=\"text-editor.default\">\n\t\t\t\t<div class=\"elementor-widget-container\">\n\t\t\t\t\t\t\t<h2>W\u00c4HLEN SIE UNTEN IHRE AKTIVIT\u00c4T AUS, UM GESCHENKGUTSCHEINE \/ TICKETS ZU VERSCHENKEN ODER ZU BUCHEN<\/h2><table border=\"0\" width=\"580\" cellspacing=\"10\" cellpadding=\"10\"><tbody><tr><td width=\"50%\"><strong>SCHNUPPERFLUG &#8211;\u00a0 ENSTROM 480 &#8211; 1 SCH\u00dcLER + 1 Pers. &#8211; 35 Min. <\/strong><\/td><td><strong>CHF 740.00 pro Flug<span class=\"productPrice\"><br \/><\/span><\/strong><\/td><\/tr><tr><td>Zus\u00e4tzliche Informationen<\/td><td>&#8211; Sie haben den Helikopter exklusiv f\u00fcr sich<br \/>&#8211; Sie bestimmen das Datum und die Uhrzeit des Abflugs<br \/>&#8211; Maximum 2 Pers.<\/td><\/tr><tr><td>Flugplatz<\/td><td><a href=\"https:\/\/www.google.com\/maps\/place\/47%C2%B015'53.7%22N+8%C2%B018'06.3%22E\/@47.2671027,8.2667451,6062m\/data=!3m1!1e3!4m4!3m3!8m2!3d47.2649167!4d8.30175?entry=ttu\" target=\"_blank\" rel=\"noopener\">Buttwil<\/a><\/td><\/tr><tr><td>Flugzeit<\/td><td>35 Min.<\/td><\/tr><tr><td>Gesamtdauer<\/td><td>ca. 1.10 Std.<\/td><\/tr><tr><td>Termin<\/td><td>Per Telefon<\/td><\/tr><tr><td><button class=\"elementor-button\" type=\"button\"><a href=\"https:\/\/swissraft.outdoorbooking.ch\/fo\/products\/348?base_id=25&amp;category_id=4&amp;order_type=gift_voucher&amp;lang=de\" target=\"_blank\" rel=\"noopener\">GUTSCHEIN \/ TICKET KAUFEN<\/a><\/button><\/td><td><strong><em>WICHTIG !<\/em><\/strong><br \/><em>Um zu reservieren, rufen Sie die Nummer an, die sich oben links auf dem Gutschein \/ Ticket befindet.<\/em><\/td><\/tr><\/tbody><\/table>\t\t\t\t\t\t<\/div>\n\t\t\t\t<\/div>\n\t\t\t\t\t<\/div>\n\t\t<\/div>\n\t\t\t\t\t\t\t<\/div>\n\t\t<\/section>\n\t\t\t\t\t\t\t<\/div>\n\t\t","protected":false},"excerpt":{"rendered":"<div align=\"justify\">\n<h2 align=\"justify\">Vom Flugplatz Buttwil im Kanton Aargau aus w\u00e4hlen Sie eine Einweisung auf ENSTROM 480, um einen Helikopter-Testflug zu machen.<\/h2>\n<h3>Der ENSTROM 480 ist auch ein dreisitziger Passagierhubschrauber mit einem sehr komfortablen Innenraum.<\/h3>\n<\/div>\n<div align=\"justify\">\n<p>Nach einer kurzen Theorie \u00fcber das Fliegen mit dem Hubschrauber machen Sie eine technische Besichtigung mit Ihrem Helikopterausbilder. Dann gehen Sie an Bord und setzen sich an das Steuer Ihres Hubschraubers.<br \/>\nSie fragen den Tower nach der Starterlaubnis. Mit Ihrer linken Hand erh\u00f6hen Sie die Anzahl der Rotordrehungen \u00fcber den allgemeinen Pitch. Sie starten und schweben, dann dr\u00fccken Sie den Steuerkn\u00fcppel leicht nach vorne, um vorw\u00e4rts zu fliegen.<\/p>\n<h3>Swissraft bietet Einf\u00fchrungsfl\u00fcge von 30 bis 60 Minuten in verschiedenen Hubschraubertypen an, je nach Ihrem Budget.<\/h3>\n<p id=\"textarea\" style=\"display: none;\">\nWir bieten Einf\u00fchrungsfl\u00fcge mit dem Helikopter im Kanton Freiburg vom Flugplatz \u00c9pagny aus an. Aber auch Einf\u00fchrungsfl\u00fcge vom internationalen Flughafen Bern-Belp. Au\u00dferdem gibt es Schnupperfl\u00fcge vom Flugplatz Fehraltorf aus. \u00dcbrigens bieten wir auch Helikopterfl\u00fcge im Kanton Solothurn in Grenchen an. Au\u00dferdem bieten wir auch Einf\u00fchrungsfl\u00fcge mit dem Hubschrauber ab Pfaffnau in der N\u00e4he von Luzern an. Parallel dazu haben wir Schnupperfl\u00fcge in die Ostschweiz, genauer gesagt von Balzers nach Liechtenstein. Aber auch in die Ostschweiz vom Flugplatz Sitterdorf aus. Au\u00dferdem bieten wir Einf\u00fchrungsfl\u00fcge mit dem Hubschrauber von den Hubschrauberlandepl\u00e4tzen Samedan, St. Moritz und Untervaz. \u00dcbrigens bieten wir auch Einf\u00fchrungsfl\u00fcge mit dem Hubschrauber von den Flugpl\u00e4tzen Lodrino und Locarno aus an.\n<\/p>\n<p><a id=\"seeMore\" onclick=\"toggleSeeMore()\" href=\"javascript:void(0);\">Lesen Sie mehr<\/a><\/p>\n","protected":false},"featured_media":88999,"comment_status":"open","ping_status":"closed","template":"","meta":{"inline_featured_image":false,"_mi_skip_tracking":false},"product_cat":[277,302,266],"product_tag":[],"class_list":["post-91289","product","type-product","status-publish","has-post-thumbnail","hentry","product_cat-schnupperflug-helikopter","product_cat-helikopter-buttwil","product_cat-schnupperflug-in-der-schweiz-selbst-fliegen"],"yoast_head":"<!-- This site is optimized with the Yoast SEO plugin v23.6 - https:\/\/yoast.com\/wordpress\/plugins\/seo\/ -->\n<title>Schnupperflug mit Enstrom 480 auf dem Flugplatz Buttwil<\/title>\n<meta name=\"description\" content=\"Schnupperflug mit Enstrom 480 auf dem Flugplatz Buttwil. \u00dcbernehmen Sie die Kontrolle \u00fcber einen Helikopter, ohne dass Sie vorher Kurs absolvieren m\u00fcssen\" \/>\n<meta name=\"robots\" content=\"index, follow, max-snippet:-1, max-image-preview:large, max-video-preview:-1\" \/>\n<link rel=\"canonical\" href=\"https:\/\/www.swissraft.ch\/de\/produkt\/schnupperflug-helikopter-buttwil-enstrom-480\/\" \/>\n<meta property=\"og:locale\" content=\"de_DE\" \/>\n<meta property=\"og:type\" content=\"article\" \/>\n<meta property=\"og:title\" content=\"Schnupperflug mit Enstrom 480 auf dem Flugplatz Buttwil\" \/>\n<meta property=\"og:description\" content=\"Schnupperflug mit Enstrom 480 auf dem Flugplatz Buttwil. \u00dcbernehmen Sie die Kontrolle \u00fcber einen Helikopter, ohne dass Sie vorher Kurs absolvieren m\u00fcssen\" \/>\n<meta property=\"og:url\" content=\"https:\/\/www.swissraft.ch\/de\/produkt\/schnupperflug-helikopter-buttwil-enstrom-480\/\" \/>\n<meta property=\"og:site_name\" content=\"Swissraft\" \/>\n<meta property=\"article:modified_time\" content=\"2026-05-04T04:03:42+00:00\" \/>\n<meta property=\"og:image\" content=\"https:\/\/www.swissraft.ch\/wp-content\/uploads\/2023\/12\/2-ENSTROM-480-776x776-2.jpg\" \/>\n\t<meta property=\"og:image:width\" content=\"776\" \/>\n\t<meta property=\"og:image:height\" content=\"776\" \/>\n\t<meta property=\"og:image:type\" content=\"image\/jpeg\" \/>\n<meta name=\"twitter:card\" content=\"summary_large_image\" \/>\n<meta name=\"twitter:label1\" content=\"Gesch\u00e4tzte Lesezeit\" \/>\n\t<meta name=\"twitter:data1\" content=\"1\u00a0Minute\" \/>\n<script type=\"application\/ld+json\" class=\"yoast-schema-graph\">{\"@context\":\"https:\/\/schema.org\",\"@graph\":[{\"@type\":\"WebPage\",\"@id\":\"https:\/\/www.swissraft.ch\/de\/produkt\/schnupperflug-helikopter-buttwil-enstrom-480\/\",\"url\":\"https:\/\/www.swissraft.ch\/de\/produkt\/schnupperflug-helikopter-buttwil-enstrom-480\/\",\"name\":\"Schnupperflug mit Enstrom 480 auf dem Flugplatz Buttwil\",\"isPartOf\":{\"@id\":\"https:\/\/www.swissraft.ch\/de\/#website\"},\"primaryImageOfPage\":{\"@id\":\"https:\/\/www.swissraft.ch\/de\/produkt\/schnupperflug-helikopter-buttwil-enstrom-480\/#primaryimage\"},\"image\":{\"@id\":\"https:\/\/www.swissraft.ch\/de\/produkt\/schnupperflug-helikopter-buttwil-enstrom-480\/#primaryimage\"},\"thumbnailUrl\":\"https:\/\/www.swissraft.ch\/wp-content\/uploads\/2023\/12\/2-ENSTROM-480-776x776-2.jpg\",\"datePublished\":\"2023-12-22T22:38:46+00:00\",\"dateModified\":\"2026-05-04T04:03:42+00:00\",\"description\":\"Schnupperflug mit Enstrom 480 auf dem Flugplatz Buttwil. \u00dcbernehmen Sie die Kontrolle \u00fcber einen Helikopter, ohne dass Sie vorher Kurs absolvieren m\u00fcssen\",\"breadcrumb\":{\"@id\":\"https:\/\/www.swissraft.ch\/de\/produkt\/schnupperflug-helikopter-buttwil-enstrom-480\/#breadcrumb\"},\"inLanguage\":\"de\",\"potentialAction\":[{\"@type\":\"ReadAction\",\"target\":[\"https:\/\/www.swissraft.ch\/de\/produkt\/schnupperflug-helikopter-buttwil-enstrom-480\/\"]}]},{\"@type\":\"ImageObject\",\"inLanguage\":\"de\",\"@id\":\"https:\/\/www.swissraft.ch\/de\/produkt\/schnupperflug-helikopter-buttwil-enstrom-480\/#primaryimage\",\"url\":\"https:\/\/www.swissraft.ch\/wp-content\/uploads\/2023\/12\/2-ENSTROM-480-776x776-2.jpg\",\"contentUrl\":\"https:\/\/www.swissraft.ch\/wp-content\/uploads\/2023\/12\/2-ENSTROM-480-776x776-2.jpg\",\"width\":776,\"height\":776,\"caption\":\"Einweisung in den Flug mit Enstrom 480 von Buttwil aus\"},{\"@type\":\"BreadcrumbList\",\"@id\":\"https:\/\/www.swissraft.ch\/de\/produkt\/schnupperflug-helikopter-buttwil-enstrom-480\/#breadcrumb\",\"itemListElement\":[{\"@type\":\"ListItem\",\"position\":1,\"name\":\"Accueil\",\"item\":\"https:\/\/www.swissraft.ch\/de\/\"},{\"@type\":\"ListItem\",\"position\":2,\"name\":\"Shop\",\"item\":\"https:\/\/www.swissraft.ch\/de\/shop\/\"},{\"@type\":\"ListItem\",\"position\":3,\"name\":\"Schnupperflug &#8211; Helikopter &#8211; Buttwil &#8211; Enstrom 480 &#8211; CHF 740.00\"}]},{\"@type\":\"WebSite\",\"@id\":\"https:\/\/www.swissraft.ch\/de\/#website\",\"url\":\"https:\/\/www.swissraft.ch\/de\/\",\"name\":\"Swissraft\",\"description\":\"To enjoy nature as it is\",\"publisher\":{\"@id\":\"https:\/\/www.swissraft.ch\/de\/#organization\"},\"potentialAction\":[{\"@type\":\"SearchAction\",\"target\":{\"@type\":\"EntryPoint\",\"urlTemplate\":\"https:\/\/www.swissraft.ch\/de\/?s={search_term_string}\"},\"query-input\":{\"@type\":\"PropertyValueSpecification\",\"valueRequired\":true,\"valueName\":\"search_term_string\"}}],\"inLanguage\":\"de\"},{\"@type\":\"Organization\",\"@id\":\"https:\/\/www.swissraft.ch\/de\/#organization\",\"name\":\"Swissraft\",\"url\":\"https:\/\/www.swissraft.ch\/de\/\",\"logo\":{\"@type\":\"ImageObject\",\"inLanguage\":\"de\",\"@id\":\"https:\/\/www.swissraft.ch\/de\/#\/schema\/logo\/image\/\",\"url\":\"https:\/\/www.swissraft.ch\/wp-content\/uploads\/2025\/09\/Capture.jpg\",\"contentUrl\":\"https:\/\/www.swissraft.ch\/wp-content\/uploads\/2025\/09\/Capture.jpg\",\"width\":293,\"height\":108,\"caption\":\"Swissraft\"},\"image\":{\"@id\":\"https:\/\/www.swissraft.ch\/de\/#\/schema\/logo\/image\/\"}}]}<\/script>\n<!-- \/ Yoast SEO plugin. -->","yoast_head_json":{"title":"Schnupperflug mit Enstrom 480 auf dem Flugplatz Buttwil","description":"Schnupperflug mit Enstrom 480 auf dem Flugplatz Buttwil. \u00dcbernehmen Sie die Kontrolle \u00fcber einen Helikopter, ohne dass Sie vorher Kurs absolvieren m\u00fcssen","robots":{"index":"index","follow":"follow","max-snippet":"max-snippet:-1","max-image-preview":"max-image-preview:large","max-video-preview":"max-video-preview:-1"},"canonical":"https:\/\/www.swissraft.ch\/de\/produkt\/schnupperflug-helikopter-buttwil-enstrom-480\/","og_locale":"de_DE","og_type":"article","og_title":"Schnupperflug mit Enstrom 480 auf dem Flugplatz Buttwil","og_description":"Schnupperflug mit Enstrom 480 auf dem Flugplatz Buttwil. \u00dcbernehmen Sie die Kontrolle \u00fcber einen Helikopter, ohne dass Sie vorher Kurs absolvieren m\u00fcssen","og_url":"https:\/\/www.swissraft.ch\/de\/produkt\/schnupperflug-helikopter-buttwil-enstrom-480\/","og_site_name":"Swissraft","article_modified_time":"2026-05-04T04:03:42+00:00","og_image":[{"width":776,"height":776,"url":"https:\/\/www.swissraft.ch\/wp-content\/uploads\/2023\/12\/2-ENSTROM-480-776x776-2.jpg","type":"image\/jpeg"}],"twitter_card":"summary_large_image","twitter_misc":{"Gesch\u00e4tzte Lesezeit":"1\u00a0Minute"},"schema":{"@context":"https:\/\/schema.org","@graph":[{"@type":"WebPage","@id":"https:\/\/www.swissraft.ch\/de\/produkt\/schnupperflug-helikopter-buttwil-enstrom-480\/","url":"https:\/\/www.swissraft.ch\/de\/produkt\/schnupperflug-helikopter-buttwil-enstrom-480\/","name":"Schnupperflug mit Enstrom 480 auf dem Flugplatz Buttwil","isPartOf":{"@id":"https:\/\/www.swissraft.ch\/de\/#website"},"primaryImageOfPage":{"@id":"https:\/\/www.swissraft.ch\/de\/produkt\/schnupperflug-helikopter-buttwil-enstrom-480\/#primaryimage"},"image":{"@id":"https:\/\/www.swissraft.ch\/de\/produkt\/schnupperflug-helikopter-buttwil-enstrom-480\/#primaryimage"},"thumbnailUrl":"https:\/\/www.swissraft.ch\/wp-content\/uploads\/2023\/12\/2-ENSTROM-480-776x776-2.jpg","datePublished":"2023-12-22T22:38:46+00:00","dateModified":"2026-05-04T04:03:42+00:00","description":"Schnupperflug mit Enstrom 480 auf dem Flugplatz Buttwil. \u00dcbernehmen Sie die Kontrolle \u00fcber einen Helikopter, ohne dass Sie vorher Kurs absolvieren m\u00fcssen","breadcrumb":{"@id":"https:\/\/www.swissraft.ch\/de\/produkt\/schnupperflug-helikopter-buttwil-enstrom-480\/#breadcrumb"},"inLanguage":"de","potentialAction":[{"@type":"ReadAction","target":["https:\/\/www.swissraft.ch\/de\/produkt\/schnupperflug-helikopter-buttwil-enstrom-480\/"]}]},{"@type":"ImageObject","inLanguage":"de","@id":"https:\/\/www.swissraft.ch\/de\/produkt\/schnupperflug-helikopter-buttwil-enstrom-480\/#primaryimage","url":"https:\/\/www.swissraft.ch\/wp-content\/uploads\/2023\/12\/2-ENSTROM-480-776x776-2.jpg","contentUrl":"https:\/\/www.swissraft.ch\/wp-content\/uploads\/2023\/12\/2-ENSTROM-480-776x776-2.jpg","width":776,"height":776,"caption":"Einweisung in den Flug mit Enstrom 480 von Buttwil aus"},{"@type":"BreadcrumbList","@id":"https:\/\/www.swissraft.ch\/de\/produkt\/schnupperflug-helikopter-buttwil-enstrom-480\/#breadcrumb","itemListElement":[{"@type":"ListItem","position":1,"name":"Accueil","item":"https:\/\/www.swissraft.ch\/de\/"},{"@type":"ListItem","position":2,"name":"Shop","item":"https:\/\/www.swissraft.ch\/de\/shop\/"},{"@type":"ListItem","position":3,"name":"Schnupperflug &#8211; Helikopter &#8211; Buttwil &#8211; Enstrom 480 &#8211; CHF 740.00"}]},{"@type":"WebSite","@id":"https:\/\/www.swissraft.ch\/de\/#website","url":"https:\/\/www.swissraft.ch\/de\/","name":"Swissraft","description":"To enjoy nature as it is","publisher":{"@id":"https:\/\/www.swissraft.ch\/de\/#organization"},"potentialAction":[{"@type":"SearchAction","target":{"@type":"EntryPoint","urlTemplate":"https:\/\/www.swissraft.ch\/de\/?s={search_term_string}"},"query-input":{"@type":"PropertyValueSpecification","valueRequired":true,"valueName":"search_term_string"}}],"inLanguage":"de"},{"@type":"Organization","@id":"https:\/\/www.swissraft.ch\/de\/#organization","name":"Swissraft","url":"https:\/\/www.swissraft.ch\/de\/","logo":{"@type":"ImageObject","inLanguage":"de","@id":"https:\/\/www.swissraft.ch\/de\/#\/schema\/logo\/image\/","url":"https:\/\/www.swissraft.ch\/wp-content\/uploads\/2025\/09\/Capture.jpg","contentUrl":"https:\/\/www.swissraft.ch\/wp-content\/uploads\/2025\/09\/Capture.jpg","width":293,"height":108,"caption":"Swissraft"},"image":{"@id":"https:\/\/www.swissraft.ch\/de\/#\/schema\/logo\/image\/"}}]}},"_links":{"self":[{"href":"https:\/\/www.swissraft.ch\/de\/wp-json\/wp\/v2\/product\/91289","targetHints":{"allow":["GET"]}}],"collection":[{"href":"https:\/\/www.swissraft.ch\/de\/wp-json\/wp\/v2\/product"}],"about":[{"href":"https:\/\/www.swissraft.ch\/de\/wp-json\/wp\/v2\/types\/product"}],"replies":[{"embeddable":true,"href":"https:\/\/www.swissraft.ch\/de\/wp-json\/wp\/v2\/comments?post=91289"}],"version-history":[{"count":3,"href":"https:\/\/www.swissraft.ch\/de\/wp-json\/wp\/v2\/product\/91289\/revisions"}],"predecessor-version":[{"id":143375,"href":"https:\/\/www.swissraft.ch\/de\/wp-json\/wp\/v2\/product\/91289\/revisions\/143375"}],"wp:featuredmedia":[{"embeddable":true,"href":"https:\/\/www.swissraft.ch\/de\/wp-json\/wp\/v2\/media\/88999"}],"wp:attachment":[{"href":"https:\/\/www.swissraft.ch\/de\/wp-json\/wp\/v2\/media?parent=91289"}],"wp:term":[{"taxonomy":"product_cat","embeddable":true,"href":"https:\/\/www.swissraft.ch\/de\/wp-json\/wp\/v2\/product_cat?post=91289"},{"taxonomy":"product_tag","embeddable":true,"href":"https:\/\/www.swissraft.ch\/de\/wp-json\/wp\/v2\/product_tag?post=91289"}],"curies":[{"name":"wp","href":"https:\/\/api.w.org\/{rel}","templated":true}]}}