{"id":91286,"date":"2023-12-22T22:10:54","date_gmt":"2023-12-22T21:10:54","guid":{"rendered":"https:\/\/swissraft.xyanzkdne.eu\/product\/einweisung-in-einen-hubschrauber-von-buttwil-robinson-r44-chf-590-00\/"},"modified":"2024-12-18T17:34:39","modified_gmt":"2024-12-18T16:34:39","slug":"schnupperflug-helikopter-buttwil-robinson-r44","status":"publish","type":"product","link":"https:\/\/www.swissraft.ch\/de\/produkt\/schnupperflug-helikopter-buttwil-robinson-r44\/","title":{"rendered":"Schnupperflug mit einem Helikopter ab BUTTWIL &#8211; ROBINSON R44 &#8211; CHF 590.00"},"content":{"rendered":"\t\t<div data-elementor-type=\"wp-post\" data-elementor-id=\"91286\" class=\"elementor elementor-91286 elementor-55196\">\n\t\t\t\t\t\t\t\t\t<section class=\"elementor-section elementor-top-section elementor-element elementor-element-3303a7e3 elementor-section-boxed elementor-section-height-default elementor-section-height-default\" data-id=\"3303a7e3\" data-element_type=\"section\">\n\t\t\t\t\t\t<div class=\"elementor-container elementor-column-gap-default\">\n\t\t\t\t\t<div class=\"elementor-column elementor-col-100 elementor-top-column elementor-element elementor-element-16d72dbf\" data-id=\"16d72dbf\" data-element_type=\"column\">\n\t\t\t<div class=\"elementor-widget-wrap elementor-element-populated\">\n\t\t\t\t\t\t\t\t<div class=\"elementor-element elementor-element-d743c03 elementor-widget elementor-widget-text-editor\" data-id=\"d743c03\" data-element_type=\"widget\" data-widget_type=\"text-editor.default\">\n\t\t\t\t<div class=\"elementor-widget-container\">\n\t\t\t\t\t\t\t<h2>W\u00c4HLEN SIE UNTEN IHRE AKTIVIT\u00c4T AUS, UM GESCHENKGUTSCHEINE \/ TICKETS ZU VERSCHENKEN ODER ZU BUCHEN.<\/h2><table border=\"0\" width=\"580\" cellspacing=\"10\" cellpadding=\"10\"><tbody><tr><td width=\"50%\"><strong>SCHNUPPERFLUG MIT DER ROBINSON R44 &#8211; 1 SCH\u00dcLER + 1 PERS. &#8211; 35 Min. <\/strong><\/td><td><strong>CHF 590.00 pro Flug<span class=\"productPrice\"><br \/><\/span><\/strong><\/td><\/tr><tr><td>Weitere Informationen<\/td><td>&#8211; Sie haben den Helikopter exklusiv f\u00fcr sich<br \/>&#8211; Sie bestimmen das Datum und die Uhrzeit des Abflugs<br \/>&#8211; Maximal 2 Pers.<\/td><\/tr><tr><td>Flugplatz<\/td><td><a href=\"https:\/\/www.google.com\/maps\/place\/47%C2%B015'53.7%22N+8%C2%B018'06.3%22E\/@47.2671027,8.2667451,6062m\/data=!3m1!1e3!4m4!3m3!8m2!3d47.2649167!4d8.30175?entry=ttu\" target=\"_blank\" rel=\"noopener\">Buttwil<\/a><\/td><\/tr><tr><td>Flugzeit<\/td><td>35 Min.<\/td><\/tr><tr><td>Gesamtdauer<\/td><td>ca. 1.10 Std.<\/td><\/tr><tr><td>Terminvereinbarung<\/td><td>Per Telefon<\/td><\/tr><tr><td><button class=\"elementor-button\" type=\"button\"><a href=\"https:\/\/swissraft.outdoorbooking.ch\/fo\/products\/347?base_id=25&amp;category_id=4&amp;order_type=gift_voucher&amp;lang=de\" target=\"_blank\" rel=\"noopener\">GUTSCHEIN KAUFEN<\/a><\/button><\/td><td>Um zu buchen : <span class=\"patt\" style=\"font-family: inherit; font-size: inherit;\"><span class=\"plbl\"><span class=\"patt\"><a href=\"https:\/\/www.swissraft.ch\/de\/kontakt\/\">Kontaktieren Sie uns<\/a><\/span><\/span><\/span><\/td><\/tr><\/tbody><\/table>\t\t\t\t\t\t<\/div>\n\t\t\t\t<\/div>\n\t\t\t\t\t<\/div>\n\t\t<\/div>\n\t\t\t\t\t\t\t<\/div>\n\t\t<\/section>\n\t\t\t\t\t\t\t<\/div>\n\t\t","protected":false},"excerpt":{"rendered":"<div align=\"justify\">\n<h2 align=\"justify\">Vom Flugplatz Buttwil im Kanton Aargau aus w\u00e4hlen Sie eine Einweisung auf einem ROBINSON R44, um eine Probefahrt mit einem Helikoper zu machen.<\/h2>\n<h3>Der ROBINSON R44 ist ein dreisitziger Passagierhubschrauber, der in den USA unter anderem von der Polizei eingesetzt wird.<\/h3>\n<\/div>\n<div align=\"justify\">\n<p>Sie werden von unserem Fluglehrer auf dem Flugplatz Buttwil begr\u00fc\u00dft. Nach einer kurzen theoretischen Einf\u00fchrung in den Helikopterflug begeben Sie sich zu Ihrem Hubschrauber. Danach folgt eine technische Besichtigung mit Ihrem Fluglehrer, bei der die empfindlichen Teile des Helikopters \u00fcberpr\u00fcft werden. Zun\u00e4chst m\u00fcssen Sie wissen, dass die Mechanik und die Zelle eines Hubschraubers recht komplex sind. Es erfordert mehr Aufmerksamkeit und Wartung als ein Flugzeug. Sie gehen an Bord und setzen sich an das Steuer des Helikopters.<br \/>\nNachdem Sie die Startfreigabe erhalten haben, erh\u00f6hen Sie die Anzahl der Rotordrehungen, indem Sie mit der linken Hand den allgemeinen Pitch benutzen, und Sie heben ab. Kurze 90-Grad-Drehung nach rechts mit Hilfe des Steuerkn\u00fcppels und des Seitenruders. Sie dr\u00fccken leicht auf den Steuerkn\u00fcppel und beginnen, nach vorne zu fliegen.<\/p>\n<h3>Wir haben verschiedene Arten von Helikopter, mit denen Sie einen Schnupperflug machen k\u00f6nnen.<\/h3>\n<p id=\"textarea\" style=\"display: none;\">\nWir bieten Ihnen Einf\u00fchrungsfl\u00fcge im Greyerzerland vom Flugplatz \u00c9pagny aus an. Aber auch Einf\u00fchrungsfl\u00fcge vom internationalen Flughafen Bern-Belp. Au\u00dferdem bieten wir vom Flugplatz Fehraltorf aus Einf\u00fchrungsfl\u00fcge mit dem Hubschrauber an. Au\u00dferdem bieten wir vom Flugplatz Granges aus eine Einf\u00fchrung in den Helikopterflug an. Au\u00dferdem f\u00fchren wir von Pfaffnau im Kanton Luzern aus Einf\u00fchrungsfl\u00fcge mit Hubschraubern durch. Au\u00dferdem bieten wir Einf\u00fchrungsfl\u00fcge in Liechtenstein auf dem Heliport Balzers an. Aber auch in Sitterdorf im Kanton Thurgau. Dar\u00fcber hinaus bieten wir Helikopterschulungen von den Heliports in Samedan, St. Moritz und Untervaz. Au\u00dferdem bieten wir Einf\u00fchrungsfl\u00fcge im Tessin von den Flugpl\u00e4tzen Lodrino und Locarno-Magadino an.\n<\/p>\n<p><a id=\"seeMore\" onclick=\"toggleSeeMore()\" href=\"javascript:void(0);\">Lesen Sie mehr<\/a><\/p>\n","protected":false},"featured_media":88987,"comment_status":"open","ping_status":"closed","template":"","meta":{"inline_featured_image":false,"_mi_skip_tracking":false},"product_cat":[277,302,266],"product_tag":[],"class_list":["post-91286","product","type-product","status-publish","has-post-thumbnail","hentry","product_cat-schnupperflug-helikopter","product_cat-helikopter-buttwil","product_cat-schnupperflug-in-der-schweiz-selbst-fliegen"],"yoast_head":"<!-- This site is optimized with the Yoast SEO plugin v23.6 - https:\/\/yoast.com\/wordpress\/plugins\/seo\/ -->\n<title>Schnupperflug Robinson R44 von dem Flugplatz Buttwil aus<\/title>\n<meta name=\"description\" content=\"Schnupperflug Robinson R44. \u00dcbernehmen Sie die Kontrolle \u00fcber einen Helikopter, ohne dass Sie vorher ein Patent oder einen Kurs absolvieren m\u00fcssen\" \/>\n<meta name=\"robots\" content=\"index, follow, max-snippet:-1, max-image-preview:large, max-video-preview:-1\" \/>\n<link rel=\"canonical\" href=\"https:\/\/www.swissraft.ch\/de\/produkt\/schnupperflug-helikopter-buttwil-robinson-r44\/\" \/>\n<meta property=\"og:locale\" content=\"de_DE\" \/>\n<meta property=\"og:type\" content=\"article\" \/>\n<meta property=\"og:title\" content=\"Schnupperflug Robinson R44 von dem Flugplatz Buttwil aus\" \/>\n<meta property=\"og:description\" content=\"Schnupperflug Robinson R44. \u00dcbernehmen Sie die Kontrolle \u00fcber einen Helikopter, ohne dass Sie vorher ein Patent oder einen Kurs absolvieren m\u00fcssen\" \/>\n<meta property=\"og:url\" content=\"https:\/\/www.swissraft.ch\/de\/produkt\/schnupperflug-helikopter-buttwil-robinson-r44\/\" \/>\n<meta property=\"og:site_name\" content=\"Swissraft\" \/>\n<meta property=\"article:modified_time\" content=\"2024-12-18T16:34:39+00:00\" \/>\n<meta property=\"og:image\" content=\"https:\/\/www.swissraft.ch\/wp-content\/uploads\/2023\/12\/1-ROBINSON-RH44-776x776-3.jpg\" \/>\n\t<meta property=\"og:image:width\" content=\"776\" \/>\n\t<meta property=\"og:image:height\" content=\"776\" \/>\n\t<meta property=\"og:image:type\" content=\"image\/jpeg\" \/>\n<meta name=\"twitter:card\" content=\"summary_large_image\" \/>\n<meta name=\"twitter:label1\" content=\"Gesch\u00e4tzte Lesezeit\" \/>\n\t<meta name=\"twitter:data1\" content=\"1\u00a0Minute\" \/>\n<script type=\"application\/ld+json\" class=\"yoast-schema-graph\">{\"@context\":\"https:\/\/schema.org\",\"@graph\":[{\"@type\":\"WebPage\",\"@id\":\"https:\/\/www.swissraft.ch\/de\/produkt\/schnupperflug-helikopter-buttwil-robinson-r44\/\",\"url\":\"https:\/\/www.swissraft.ch\/de\/produkt\/schnupperflug-helikopter-buttwil-robinson-r44\/\",\"name\":\"Schnupperflug Robinson R44 von dem Flugplatz Buttwil aus\",\"isPartOf\":{\"@id\":\"https:\/\/www.swissraft.ch\/de\/#website\"},\"primaryImageOfPage\":{\"@id\":\"https:\/\/www.swissraft.ch\/de\/produkt\/schnupperflug-helikopter-buttwil-robinson-r44\/#primaryimage\"},\"image\":{\"@id\":\"https:\/\/www.swissraft.ch\/de\/produkt\/schnupperflug-helikopter-buttwil-robinson-r44\/#primaryimage\"},\"thumbnailUrl\":\"https:\/\/www.swissraft.ch\/wp-content\/uploads\/2023\/12\/1-ROBINSON-RH44-776x776-3.jpg\",\"datePublished\":\"2023-12-22T21:10:54+00:00\",\"dateModified\":\"2024-12-18T16:34:39+00:00\",\"description\":\"Schnupperflug Robinson R44. \u00dcbernehmen Sie die Kontrolle \u00fcber einen Helikopter, ohne dass Sie vorher ein Patent oder einen Kurs absolvieren m\u00fcssen\",\"breadcrumb\":{\"@id\":\"https:\/\/www.swissraft.ch\/de\/produkt\/schnupperflug-helikopter-buttwil-robinson-r44\/#breadcrumb\"},\"inLanguage\":\"de\",\"potentialAction\":[{\"@type\":\"ReadAction\",\"target\":[\"https:\/\/www.swissraft.ch\/de\/produkt\/schnupperflug-helikopter-buttwil-robinson-r44\/\"]}]},{\"@type\":\"ImageObject\",\"inLanguage\":\"de\",\"@id\":\"https:\/\/www.swissraft.ch\/de\/produkt\/schnupperflug-helikopter-buttwil-robinson-r44\/#primaryimage\",\"url\":\"https:\/\/www.swissraft.ch\/wp-content\/uploads\/2023\/12\/1-ROBINSON-RH44-776x776-3.jpg\",\"contentUrl\":\"https:\/\/www.swissraft.ch\/wp-content\/uploads\/2023\/12\/1-ROBINSON-RH44-776x776-3.jpg\",\"width\":776,\"height\":776,\"caption\":\"Schnupperflug Robinson R44 ab Buttwil\"},{\"@type\":\"BreadcrumbList\",\"@id\":\"https:\/\/www.swissraft.ch\/de\/produkt\/schnupperflug-helikopter-buttwil-robinson-r44\/#breadcrumb\",\"itemListElement\":[{\"@type\":\"ListItem\",\"position\":1,\"name\":\"Accueil\",\"item\":\"https:\/\/www.swissraft.ch\/de\/\"},{\"@type\":\"ListItem\",\"position\":2,\"name\":\"Shop\",\"item\":\"https:\/\/www.swissraft.ch\/de\/shop\/\"},{\"@type\":\"ListItem\",\"position\":3,\"name\":\"Schnupperflug mit einem Helikopter ab BUTTWIL &#8211; ROBINSON R44 &#8211; CHF 590.00\"}]},{\"@type\":\"WebSite\",\"@id\":\"https:\/\/www.swissraft.ch\/de\/#website\",\"url\":\"https:\/\/www.swissraft.ch\/de\/\",\"name\":\"Swissraft\",\"description\":\"To enjoy nature as it is\",\"publisher\":{\"@id\":\"https:\/\/www.swissraft.ch\/de\/#organization\"},\"potentialAction\":[{\"@type\":\"SearchAction\",\"target\":{\"@type\":\"EntryPoint\",\"urlTemplate\":\"https:\/\/www.swissraft.ch\/de\/?s={search_term_string}\"},\"query-input\":{\"@type\":\"PropertyValueSpecification\",\"valueRequired\":true,\"valueName\":\"search_term_string\"}}],\"inLanguage\":\"de\"},{\"@type\":\"Organization\",\"@id\":\"https:\/\/www.swissraft.ch\/de\/#organization\",\"name\":\"Swissraft\",\"url\":\"https:\/\/www.swissraft.ch\/de\/\",\"logo\":{\"@type\":\"ImageObject\",\"inLanguage\":\"de\",\"@id\":\"https:\/\/www.swissraft.ch\/de\/#\/schema\/logo\/image\/\",\"url\":\"https:\/\/www.swissraft.ch\/wp-content\/uploads\/2025\/09\/Capture.jpg\",\"contentUrl\":\"https:\/\/www.swissraft.ch\/wp-content\/uploads\/2025\/09\/Capture.jpg\",\"width\":293,\"height\":108,\"caption\":\"Swissraft\"},\"image\":{\"@id\":\"https:\/\/www.swissraft.ch\/de\/#\/schema\/logo\/image\/\"}}]}<\/script>\n<!-- \/ Yoast SEO plugin. -->","yoast_head_json":{"title":"Schnupperflug Robinson R44 von dem Flugplatz Buttwil aus","description":"Schnupperflug Robinson R44. \u00dcbernehmen Sie die Kontrolle \u00fcber einen Helikopter, ohne dass Sie vorher ein Patent oder einen Kurs absolvieren m\u00fcssen","robots":{"index":"index","follow":"follow","max-snippet":"max-snippet:-1","max-image-preview":"max-image-preview:large","max-video-preview":"max-video-preview:-1"},"canonical":"https:\/\/www.swissraft.ch\/de\/produkt\/schnupperflug-helikopter-buttwil-robinson-r44\/","og_locale":"de_DE","og_type":"article","og_title":"Schnupperflug Robinson R44 von dem Flugplatz Buttwil aus","og_description":"Schnupperflug Robinson R44. \u00dcbernehmen Sie die Kontrolle \u00fcber einen Helikopter, ohne dass Sie vorher ein Patent oder einen Kurs absolvieren m\u00fcssen","og_url":"https:\/\/www.swissraft.ch\/de\/produkt\/schnupperflug-helikopter-buttwil-robinson-r44\/","og_site_name":"Swissraft","article_modified_time":"2024-12-18T16:34:39+00:00","og_image":[{"width":776,"height":776,"url":"https:\/\/www.swissraft.ch\/wp-content\/uploads\/2023\/12\/1-ROBINSON-RH44-776x776-3.jpg","type":"image\/jpeg"}],"twitter_card":"summary_large_image","twitter_misc":{"Gesch\u00e4tzte Lesezeit":"1\u00a0Minute"},"schema":{"@context":"https:\/\/schema.org","@graph":[{"@type":"WebPage","@id":"https:\/\/www.swissraft.ch\/de\/produkt\/schnupperflug-helikopter-buttwil-robinson-r44\/","url":"https:\/\/www.swissraft.ch\/de\/produkt\/schnupperflug-helikopter-buttwil-robinson-r44\/","name":"Schnupperflug Robinson R44 von dem Flugplatz Buttwil aus","isPartOf":{"@id":"https:\/\/www.swissraft.ch\/de\/#website"},"primaryImageOfPage":{"@id":"https:\/\/www.swissraft.ch\/de\/produkt\/schnupperflug-helikopter-buttwil-robinson-r44\/#primaryimage"},"image":{"@id":"https:\/\/www.swissraft.ch\/de\/produkt\/schnupperflug-helikopter-buttwil-robinson-r44\/#primaryimage"},"thumbnailUrl":"https:\/\/www.swissraft.ch\/wp-content\/uploads\/2023\/12\/1-ROBINSON-RH44-776x776-3.jpg","datePublished":"2023-12-22T21:10:54+00:00","dateModified":"2024-12-18T16:34:39+00:00","description":"Schnupperflug Robinson R44. \u00dcbernehmen Sie die Kontrolle \u00fcber einen Helikopter, ohne dass Sie vorher ein Patent oder einen Kurs absolvieren m\u00fcssen","breadcrumb":{"@id":"https:\/\/www.swissraft.ch\/de\/produkt\/schnupperflug-helikopter-buttwil-robinson-r44\/#breadcrumb"},"inLanguage":"de","potentialAction":[{"@type":"ReadAction","target":["https:\/\/www.swissraft.ch\/de\/produkt\/schnupperflug-helikopter-buttwil-robinson-r44\/"]}]},{"@type":"ImageObject","inLanguage":"de","@id":"https:\/\/www.swissraft.ch\/de\/produkt\/schnupperflug-helikopter-buttwil-robinson-r44\/#primaryimage","url":"https:\/\/www.swissraft.ch\/wp-content\/uploads\/2023\/12\/1-ROBINSON-RH44-776x776-3.jpg","contentUrl":"https:\/\/www.swissraft.ch\/wp-content\/uploads\/2023\/12\/1-ROBINSON-RH44-776x776-3.jpg","width":776,"height":776,"caption":"Schnupperflug Robinson R44 ab Buttwil"},{"@type":"BreadcrumbList","@id":"https:\/\/www.swissraft.ch\/de\/produkt\/schnupperflug-helikopter-buttwil-robinson-r44\/#breadcrumb","itemListElement":[{"@type":"ListItem","position":1,"name":"Accueil","item":"https:\/\/www.swissraft.ch\/de\/"},{"@type":"ListItem","position":2,"name":"Shop","item":"https:\/\/www.swissraft.ch\/de\/shop\/"},{"@type":"ListItem","position":3,"name":"Schnupperflug mit einem Helikopter ab BUTTWIL &#8211; ROBINSON R44 &#8211; CHF 590.00"}]},{"@type":"WebSite","@id":"https:\/\/www.swissraft.ch\/de\/#website","url":"https:\/\/www.swissraft.ch\/de\/","name":"Swissraft","description":"To enjoy nature as it is","publisher":{"@id":"https:\/\/www.swissraft.ch\/de\/#organization"},"potentialAction":[{"@type":"SearchAction","target":{"@type":"EntryPoint","urlTemplate":"https:\/\/www.swissraft.ch\/de\/?s={search_term_string}"},"query-input":{"@type":"PropertyValueSpecification","valueRequired":true,"valueName":"search_term_string"}}],"inLanguage":"de"},{"@type":"Organization","@id":"https:\/\/www.swissraft.ch\/de\/#organization","name":"Swissraft","url":"https:\/\/www.swissraft.ch\/de\/","logo":{"@type":"ImageObject","inLanguage":"de","@id":"https:\/\/www.swissraft.ch\/de\/#\/schema\/logo\/image\/","url":"https:\/\/www.swissraft.ch\/wp-content\/uploads\/2025\/09\/Capture.jpg","contentUrl":"https:\/\/www.swissraft.ch\/wp-content\/uploads\/2025\/09\/Capture.jpg","width":293,"height":108,"caption":"Swissraft"},"image":{"@id":"https:\/\/www.swissraft.ch\/de\/#\/schema\/logo\/image\/"}}]}},"_links":{"self":[{"href":"https:\/\/www.swissraft.ch\/de\/wp-json\/wp\/v2\/product\/91286","targetHints":{"allow":["GET"]}}],"collection":[{"href":"https:\/\/www.swissraft.ch\/de\/wp-json\/wp\/v2\/product"}],"about":[{"href":"https:\/\/www.swissraft.ch\/de\/wp-json\/wp\/v2\/types\/product"}],"replies":[{"embeddable":true,"href":"https:\/\/www.swissraft.ch\/de\/wp-json\/wp\/v2\/comments?post=91286"}],"version-history":[{"count":0,"href":"https:\/\/www.swissraft.ch\/de\/wp-json\/wp\/v2\/product\/91286\/revisions"}],"wp:featuredmedia":[{"embeddable":true,"href":"https:\/\/www.swissraft.ch\/de\/wp-json\/wp\/v2\/media\/88987"}],"wp:attachment":[{"href":"https:\/\/www.swissraft.ch\/de\/wp-json\/wp\/v2\/media?parent=91286"}],"wp:term":[{"taxonomy":"product_cat","embeddable":true,"href":"https:\/\/www.swissraft.ch\/de\/wp-json\/wp\/v2\/product_cat?post=91286"},{"taxonomy":"product_tag","embeddable":true,"href":"https:\/\/www.swissraft.ch\/de\/wp-json\/wp\/v2\/product_tag?post=91286"}],"curies":[{"name":"wp","href":"https:\/\/api.w.org\/{rel}","templated":true}]}}