{"id":91285,"date":"2023-12-25T04:17:32","date_gmt":"2023-12-25T03:17:32","guid":{"rendered":"https:\/\/swissraft.xyanzkdne.eu\/product\/einfuehrung-in-einen-hubschrauber-von-berne-belp-cabri-g2-chf-550-00\/"},"modified":"2024-12-18T04:10:18","modified_gmt":"2024-12-18T03:10:18","slug":"schnupperflug-helikopter-bern-belp-cabri-g2","status":"publish","type":"product","link":"https:\/\/www.swissraft.ch\/de\/produkt\/schnupperflug-helikopter-bern-belp-cabri-g2\/","title":{"rendered":"Schnupperflug mit einem Helikopter ab BERN-BELP &#8211; CABRI G2 &#8211; CHF 550.00"},"content":{"rendered":"\t\t<div data-elementor-type=\"wp-post\" data-elementor-id=\"91285\" class=\"elementor elementor-91285 elementor-55439\">\n\t\t\t\t\t\t\t\t\t<section class=\"elementor-section elementor-top-section elementor-element elementor-element-3303a7e3 elementor-section-boxed elementor-section-height-default elementor-section-height-default\" data-id=\"3303a7e3\" data-element_type=\"section\">\n\t\t\t\t\t\t<div class=\"elementor-container elementor-column-gap-default\">\n\t\t\t\t\t<div class=\"elementor-column elementor-col-100 elementor-top-column elementor-element elementor-element-16d72dbf\" data-id=\"16d72dbf\" data-element_type=\"column\">\n\t\t\t<div class=\"elementor-widget-wrap elementor-element-populated\">\n\t\t\t\t\t\t\t\t<div class=\"elementor-element elementor-element-d743c03 elementor-widget elementor-widget-text-editor\" data-id=\"d743c03\" data-element_type=\"widget\" data-widget_type=\"text-editor.default\">\n\t\t\t\t<div class=\"elementor-widget-container\">\n\t\t\t\t\t\t\t<h2>W\u00c4HLEN SIE UNTEN IHRE AKTIVIT\u00c4T AUS, UM GESCHENKGUTSCHEINE \/ TICKETS ZU VERSCHENKEN ODER ZU BUCHEN.<\/h2><table border=\"0\" width=\"580\" cellspacing=\"10\" cellpadding=\"10\"><tbody><tr><td width=\"50%\"><strong>SCHNUPPERFLUG MIT DER CABRI G2 &#8211; 1 SCH\u00dcLER &#8211; 40 Min.<\/strong><\/td><td><strong>CHF 550.00 pro Flug<span class=\"productPrice\"><br \/><\/span><\/strong><\/td><\/tr><tr><td>Weitere Informationen<\/td><td>&#8211; Sie haben den Helikopter exklusiv f\u00fcr sich<br \/>&#8211; Sie bestimmen das Datum und die Uhrzeit des Abflugs<br \/>&#8211; H\u00f6chstgewicht : 100 kg<br \/>&#8211; Maximal 1 Pers.<\/td><\/tr><tr><td>Flughafen<\/td><td><a href=\"https:\/\/www.google.ch\/maps\/place\/Muristrasse+114,+3123+Belp\/@46.9054073,7.4971459,192m\/data=!3m1!1e3!4m6!3m5!1s0x478e37cc7fe34b07:0xd2876f33b4e5b28c!8m2!3d46.905372!4d7.4984699!16s%2Fg%2F11c279q9ks?hl=fr&amp;entry=ttu\" target=\"_blank\" rel=\"noopener\">Bern-Belp<\/a><\/td><\/tr><tr><td>Flugzeit<\/td><td>40 Min.<\/td><\/tr><tr><td>Gesamtdauer<\/td><td>ca. 1,5 Std.<\/td><\/tr><tr><td>Terminvereinbarung<\/td><td>Per Telefon<\/td><\/tr><tr><td><button class=\"elementor-button\" type=\"button\"><a href=\"https:\/\/swissraft.outdoorbooking.ch\/fo\/products\/390?base_id=9&amp;category_id=4&amp;order_type=gift_voucher&amp;lang=de\" target=\"_blank\" rel=\"noopener\">GUTSCHEIN KAUFEN<\/a><\/button><\/td><td>Um zu buchen : <span class=\"patt\" style=\"font-family: inherit; font-size: inherit;\"><span class=\"plbl\"><span class=\"patt\"><a href=\"https:\/\/www.swissraft.ch\/de\/kontakt\/\">Kontaktieren Sie uns<\/a><\/span><\/span><\/span><\/td><\/tr><\/tbody><\/table>\t\t\t\t\t\t<\/div>\n\t\t\t\t<\/div>\n\t\t\t\t\t<\/div>\n\t\t<\/div>\n\t\t\t\t\t\t\t<\/div>\n\t\t<\/section>\n\t\t\t\t\t\t\t<\/div>\n\t\t","protected":false},"excerpt":{"rendered":"<div align=\"justify\">\n<h2 align=\"justify\">Sie haben sich entschieden, den Helikopter CABRI G2 vom internationalen Flughafen Bern-Belp aus zu fliegen.<\/h2>\n<h3>Der CABRI G2 ist ein kleiner Helikopter mit zwei Sitzen. Er eignet sich aufgrund seines Preises pro Flugstunde perfekt f\u00fcr Schulungen.<\/h3>\n<\/div>\n<div align=\"justify\">\n<p>Nach einem theoretischen Kurs \u00fcber das Fliegen mit einem Helikoper werden Sie und Ihr Fluglehrer zu Ihrem Helikopter auf dem Rollfeld gehen. Danach machen Sie eine technische Besichtigung des Helikopters, bei der Sie einige wichtige Teile des Helikopters \u00fcberpr\u00fcfen. Alles ist in Ordnung und es ist Zeit, an Bord zu gehen. Sie nehmen auf dem Pilotensitz Platz und Ihr Fluglehrer sitzt neben Ihnen. Nachdem Sie die Starterlaubnis erhalten haben, bet\u00e4tigen Sie den allgemeinen Schritt zu Ihrer Linken, um zu starten. Der Rotor muss eine Drehzahl von 530 U\/min erreichen. um starten zu k\u00f6nnen. Sie befinden sich nun im Schwebeflug. Dann schieben Sie den Steuerkn\u00fcppel leicht nach rechts und treten das Pedal des rechten Seitenruders sanft durch. Sie machen eine 90-Grad-Kurve nach rechts um Ihre vertikale Achse. Dann dr\u00fccken Sie den Steuerkn\u00fcppel allm\u00e4hlich nach oben, um an Geschwindigkeit zu gewinnen. Sie werden einen Einf\u00fchrungsflug mit dem Helikopter erleben, den Sie nie vergessen werden.<\/p>\n<h3>W\u00e4hlen Sie den Helikopter, der zu Ihrem Budget passt. Wir sind hier, um Sie zu beraten. Rufen Sie uns an, wenn Sie Fragen haben.<\/h3>\n<p id=\"textarea\" style=\"display: none;\">\nWir machen auch Schnupperfl\u00fcge mit dem Helikopter vom Flugplatz \u00c9pagny aus. Au\u00dferdem machen wir Flugunterricht auf dem Flugplatz Fehraltorf. Dar\u00fcber hinaus f\u00fchren wir Schnupperfl\u00fcge im Aargau von Buttwil aus durch. Au\u00dferdem werden Einf\u00fchrungsfl\u00fcge mit dem Helikopter in Grenchen im Kanton Solothurn angeboten. Au\u00dferdem f\u00fchren wir Einf\u00fchrungsfl\u00fcge vom Hubschrauberlandeplatz Pfaffnau im Kanton Luzern aus durch. Au\u00dferdem bieten wir Schnupperfl\u00fcge mit dem Helikopter vom Heliport Balzers in Liechtenstein an. Danach haben wir auf dem Flugplatz von Sitterdorf in der Ostschweiz eine Helikopterschulung. Ebenfalls in Graub\u00fcnden von den Heliports Samedan, St. Moritz und St. Moritz aus. In St. Moritz und Untervaz bieten wir Einf\u00fchrungsfl\u00fcge mit dem Helikopter an. Im Tessin bieten wir von Lodrino und Locarno aus Schnupperfl\u00fcge mit dem Helikopter an.\n<\/p>\n<p><a id=\"seeMore\" onclick=\"toggleSeeMore()\" href=\"javascript:void(0);\">Lesen Sie mehr<\/a><\/p>\n","protected":false},"featured_media":91159,"comment_status":"open","ping_status":"closed","template":"","meta":{"inline_featured_image":false,"_mi_skip_tracking":false},"product_cat":[277,301,266],"product_tag":[],"class_list":["post-91285","product","type-product","status-publish","has-post-thumbnail","hentry","product_cat-schnupperflug-helikopter","product_cat-helikopter-bern-belp","product_cat-schnupperflug-in-der-schweiz-selbst-fliegen"],"yoast_head":"<!-- This site is optimized with the Yoast SEO plugin v23.6 - https:\/\/yoast.com\/wordpress\/plugins\/seo\/ -->\n<title>Schnupperflug mit Cabri G2 in Belp. Ein Helikopter f\u00fcr Anf\u00e4nger<\/title>\n<meta name=\"description\" content=\"Schnupperflug mit Cabri G2 in Belp. Sie \u00fcbernehmen die Kontrolle \u00fcber Ihren Cabri G2 Helikopter mit Ihrem Fluglehrer an Ihrer Seite, der Sie beaufsichtigt\" \/>\n<meta name=\"robots\" content=\"index, follow, max-snippet:-1, max-image-preview:large, max-video-preview:-1\" \/>\n<link rel=\"canonical\" href=\"https:\/\/www.swissraft.ch\/de\/produkt\/schnupperflug-helikopter-bern-belp-cabri-g2\/\" \/>\n<meta property=\"og:locale\" content=\"de_DE\" \/>\n<meta property=\"og:type\" content=\"article\" \/>\n<meta property=\"og:title\" content=\"Schnupperflug mit Cabri G2 in Belp. Ein Helikopter f\u00fcr Anf\u00e4nger\" \/>\n<meta property=\"og:description\" content=\"Schnupperflug mit Cabri G2 in Belp. Sie \u00fcbernehmen die Kontrolle \u00fcber Ihren Cabri G2 Helikopter mit Ihrem Fluglehrer an Ihrer Seite, der Sie beaufsichtigt\" \/>\n<meta property=\"og:url\" content=\"https:\/\/www.swissraft.ch\/de\/produkt\/schnupperflug-helikopter-bern-belp-cabri-g2\/\" \/>\n<meta property=\"og:site_name\" content=\"Swissraft\" \/>\n<meta property=\"article:modified_time\" content=\"2024-12-18T03:10:18+00:00\" \/>\n<meta property=\"og:image\" content=\"https:\/\/www.swissraft.ch\/wp-content\/uploads\/2023\/12\/Cabri_G2_776x776.jpg\" \/>\n\t<meta property=\"og:image:width\" content=\"776\" \/>\n\t<meta property=\"og:image:height\" content=\"776\" \/>\n\t<meta property=\"og:image:type\" content=\"image\/jpeg\" \/>\n<meta name=\"twitter:card\" content=\"summary_large_image\" \/>\n<meta name=\"twitter:label1\" content=\"Gesch\u00e4tzte Lesezeit\" \/>\n\t<meta name=\"twitter:data1\" content=\"1\u00a0Minute\" \/>\n<script type=\"application\/ld+json\" class=\"yoast-schema-graph\">{\"@context\":\"https:\/\/schema.org\",\"@graph\":[{\"@type\":\"WebPage\",\"@id\":\"https:\/\/www.swissraft.ch\/de\/produkt\/schnupperflug-helikopter-bern-belp-cabri-g2\/\",\"url\":\"https:\/\/www.swissraft.ch\/de\/produkt\/schnupperflug-helikopter-bern-belp-cabri-g2\/\",\"name\":\"Schnupperflug mit Cabri G2 in Belp. Ein Helikopter f\u00fcr Anf\u00e4nger\",\"isPartOf\":{\"@id\":\"https:\/\/www.swissraft.ch\/de\/#website\"},\"primaryImageOfPage\":{\"@id\":\"https:\/\/www.swissraft.ch\/de\/produkt\/schnupperflug-helikopter-bern-belp-cabri-g2\/#primaryimage\"},\"image\":{\"@id\":\"https:\/\/www.swissraft.ch\/de\/produkt\/schnupperflug-helikopter-bern-belp-cabri-g2\/#primaryimage\"},\"thumbnailUrl\":\"https:\/\/www.swissraft.ch\/wp-content\/uploads\/2023\/12\/Cabri_G2_776x776.jpg\",\"datePublished\":\"2023-12-25T03:17:32+00:00\",\"dateModified\":\"2024-12-18T03:10:18+00:00\",\"description\":\"Schnupperflug mit Cabri G2 in Belp. Sie \u00fcbernehmen die Kontrolle \u00fcber Ihren Cabri G2 Helikopter mit Ihrem Fluglehrer an Ihrer Seite, der Sie beaufsichtigt\",\"breadcrumb\":{\"@id\":\"https:\/\/www.swissraft.ch\/de\/produkt\/schnupperflug-helikopter-bern-belp-cabri-g2\/#breadcrumb\"},\"inLanguage\":\"de\",\"potentialAction\":[{\"@type\":\"ReadAction\",\"target\":[\"https:\/\/www.swissraft.ch\/de\/produkt\/schnupperflug-helikopter-bern-belp-cabri-g2\/\"]}]},{\"@type\":\"ImageObject\",\"inLanguage\":\"de\",\"@id\":\"https:\/\/www.swissraft.ch\/de\/produkt\/schnupperflug-helikopter-bern-belp-cabri-g2\/#primaryimage\",\"url\":\"https:\/\/www.swissraft.ch\/wp-content\/uploads\/2023\/12\/Cabri_G2_776x776.jpg\",\"contentUrl\":\"https:\/\/www.swissraft.ch\/wp-content\/uploads\/2023\/12\/Cabri_G2_776x776.jpg\",\"width\":776,\"height\":776,\"caption\":\"Einf\u00fchrung in das Fliegen eines Cabri G2 Hubschraubers von Belp aus\"},{\"@type\":\"BreadcrumbList\",\"@id\":\"https:\/\/www.swissraft.ch\/de\/produkt\/schnupperflug-helikopter-bern-belp-cabri-g2\/#breadcrumb\",\"itemListElement\":[{\"@type\":\"ListItem\",\"position\":1,\"name\":\"Accueil\",\"item\":\"https:\/\/www.swissraft.ch\/de\/\"},{\"@type\":\"ListItem\",\"position\":2,\"name\":\"Shop\",\"item\":\"https:\/\/www.swissraft.ch\/de\/shop\/\"},{\"@type\":\"ListItem\",\"position\":3,\"name\":\"Schnupperflug mit einem Helikopter ab BERN-BELP &#8211; CABRI G2 &#8211; CHF 550.00\"}]},{\"@type\":\"WebSite\",\"@id\":\"https:\/\/www.swissraft.ch\/de\/#website\",\"url\":\"https:\/\/www.swissraft.ch\/de\/\",\"name\":\"Swissraft\",\"description\":\"To enjoy nature as it is\",\"publisher\":{\"@id\":\"https:\/\/www.swissraft.ch\/de\/#organization\"},\"potentialAction\":[{\"@type\":\"SearchAction\",\"target\":{\"@type\":\"EntryPoint\",\"urlTemplate\":\"https:\/\/www.swissraft.ch\/de\/?s={search_term_string}\"},\"query-input\":{\"@type\":\"PropertyValueSpecification\",\"valueRequired\":true,\"valueName\":\"search_term_string\"}}],\"inLanguage\":\"de\"},{\"@type\":\"Organization\",\"@id\":\"https:\/\/www.swissraft.ch\/de\/#organization\",\"name\":\"Swissraft\",\"url\":\"https:\/\/www.swissraft.ch\/de\/\",\"logo\":{\"@type\":\"ImageObject\",\"inLanguage\":\"de\",\"@id\":\"https:\/\/www.swissraft.ch\/de\/#\/schema\/logo\/image\/\",\"url\":\"https:\/\/www.swissraft.ch\/wp-content\/uploads\/2025\/09\/Capture.jpg\",\"contentUrl\":\"https:\/\/www.swissraft.ch\/wp-content\/uploads\/2025\/09\/Capture.jpg\",\"width\":293,\"height\":108,\"caption\":\"Swissraft\"},\"image\":{\"@id\":\"https:\/\/www.swissraft.ch\/de\/#\/schema\/logo\/image\/\"}}]}<\/script>\n<!-- \/ Yoast SEO plugin. -->","yoast_head_json":{"title":"Schnupperflug mit Cabri G2 in Belp. Ein Helikopter f\u00fcr Anf\u00e4nger","description":"Schnupperflug mit Cabri G2 in Belp. Sie \u00fcbernehmen die Kontrolle \u00fcber Ihren Cabri G2 Helikopter mit Ihrem Fluglehrer an Ihrer Seite, der Sie beaufsichtigt","robots":{"index":"index","follow":"follow","max-snippet":"max-snippet:-1","max-image-preview":"max-image-preview:large","max-video-preview":"max-video-preview:-1"},"canonical":"https:\/\/www.swissraft.ch\/de\/produkt\/schnupperflug-helikopter-bern-belp-cabri-g2\/","og_locale":"de_DE","og_type":"article","og_title":"Schnupperflug mit Cabri G2 in Belp. Ein Helikopter f\u00fcr Anf\u00e4nger","og_description":"Schnupperflug mit Cabri G2 in Belp. Sie \u00fcbernehmen die Kontrolle \u00fcber Ihren Cabri G2 Helikopter mit Ihrem Fluglehrer an Ihrer Seite, der Sie beaufsichtigt","og_url":"https:\/\/www.swissraft.ch\/de\/produkt\/schnupperflug-helikopter-bern-belp-cabri-g2\/","og_site_name":"Swissraft","article_modified_time":"2024-12-18T03:10:18+00:00","og_image":[{"width":776,"height":776,"url":"https:\/\/www.swissraft.ch\/wp-content\/uploads\/2023\/12\/Cabri_G2_776x776.jpg","type":"image\/jpeg"}],"twitter_card":"summary_large_image","twitter_misc":{"Gesch\u00e4tzte Lesezeit":"1\u00a0Minute"},"schema":{"@context":"https:\/\/schema.org","@graph":[{"@type":"WebPage","@id":"https:\/\/www.swissraft.ch\/de\/produkt\/schnupperflug-helikopter-bern-belp-cabri-g2\/","url":"https:\/\/www.swissraft.ch\/de\/produkt\/schnupperflug-helikopter-bern-belp-cabri-g2\/","name":"Schnupperflug mit Cabri G2 in Belp. Ein Helikopter f\u00fcr Anf\u00e4nger","isPartOf":{"@id":"https:\/\/www.swissraft.ch\/de\/#website"},"primaryImageOfPage":{"@id":"https:\/\/www.swissraft.ch\/de\/produkt\/schnupperflug-helikopter-bern-belp-cabri-g2\/#primaryimage"},"image":{"@id":"https:\/\/www.swissraft.ch\/de\/produkt\/schnupperflug-helikopter-bern-belp-cabri-g2\/#primaryimage"},"thumbnailUrl":"https:\/\/www.swissraft.ch\/wp-content\/uploads\/2023\/12\/Cabri_G2_776x776.jpg","datePublished":"2023-12-25T03:17:32+00:00","dateModified":"2024-12-18T03:10:18+00:00","description":"Schnupperflug mit Cabri G2 in Belp. Sie \u00fcbernehmen die Kontrolle \u00fcber Ihren Cabri G2 Helikopter mit Ihrem Fluglehrer an Ihrer Seite, der Sie beaufsichtigt","breadcrumb":{"@id":"https:\/\/www.swissraft.ch\/de\/produkt\/schnupperflug-helikopter-bern-belp-cabri-g2\/#breadcrumb"},"inLanguage":"de","potentialAction":[{"@type":"ReadAction","target":["https:\/\/www.swissraft.ch\/de\/produkt\/schnupperflug-helikopter-bern-belp-cabri-g2\/"]}]},{"@type":"ImageObject","inLanguage":"de","@id":"https:\/\/www.swissraft.ch\/de\/produkt\/schnupperflug-helikopter-bern-belp-cabri-g2\/#primaryimage","url":"https:\/\/www.swissraft.ch\/wp-content\/uploads\/2023\/12\/Cabri_G2_776x776.jpg","contentUrl":"https:\/\/www.swissraft.ch\/wp-content\/uploads\/2023\/12\/Cabri_G2_776x776.jpg","width":776,"height":776,"caption":"Einf\u00fchrung in das Fliegen eines Cabri G2 Hubschraubers von Belp aus"},{"@type":"BreadcrumbList","@id":"https:\/\/www.swissraft.ch\/de\/produkt\/schnupperflug-helikopter-bern-belp-cabri-g2\/#breadcrumb","itemListElement":[{"@type":"ListItem","position":1,"name":"Accueil","item":"https:\/\/www.swissraft.ch\/de\/"},{"@type":"ListItem","position":2,"name":"Shop","item":"https:\/\/www.swissraft.ch\/de\/shop\/"},{"@type":"ListItem","position":3,"name":"Schnupperflug mit einem Helikopter ab BERN-BELP &#8211; CABRI G2 &#8211; CHF 550.00"}]},{"@type":"WebSite","@id":"https:\/\/www.swissraft.ch\/de\/#website","url":"https:\/\/www.swissraft.ch\/de\/","name":"Swissraft","description":"To enjoy nature as it is","publisher":{"@id":"https:\/\/www.swissraft.ch\/de\/#organization"},"potentialAction":[{"@type":"SearchAction","target":{"@type":"EntryPoint","urlTemplate":"https:\/\/www.swissraft.ch\/de\/?s={search_term_string}"},"query-input":{"@type":"PropertyValueSpecification","valueRequired":true,"valueName":"search_term_string"}}],"inLanguage":"de"},{"@type":"Organization","@id":"https:\/\/www.swissraft.ch\/de\/#organization","name":"Swissraft","url":"https:\/\/www.swissraft.ch\/de\/","logo":{"@type":"ImageObject","inLanguage":"de","@id":"https:\/\/www.swissraft.ch\/de\/#\/schema\/logo\/image\/","url":"https:\/\/www.swissraft.ch\/wp-content\/uploads\/2025\/09\/Capture.jpg","contentUrl":"https:\/\/www.swissraft.ch\/wp-content\/uploads\/2025\/09\/Capture.jpg","width":293,"height":108,"caption":"Swissraft"},"image":{"@id":"https:\/\/www.swissraft.ch\/de\/#\/schema\/logo\/image\/"}}]}},"_links":{"self":[{"href":"https:\/\/www.swissraft.ch\/de\/wp-json\/wp\/v2\/product\/91285","targetHints":{"allow":["GET"]}}],"collection":[{"href":"https:\/\/www.swissraft.ch\/de\/wp-json\/wp\/v2\/product"}],"about":[{"href":"https:\/\/www.swissraft.ch\/de\/wp-json\/wp\/v2\/types\/product"}],"replies":[{"embeddable":true,"href":"https:\/\/www.swissraft.ch\/de\/wp-json\/wp\/v2\/comments?post=91285"}],"version-history":[{"count":0,"href":"https:\/\/www.swissraft.ch\/de\/wp-json\/wp\/v2\/product\/91285\/revisions"}],"wp:featuredmedia":[{"embeddable":true,"href":"https:\/\/www.swissraft.ch\/de\/wp-json\/wp\/v2\/media\/91159"}],"wp:attachment":[{"href":"https:\/\/www.swissraft.ch\/de\/wp-json\/wp\/v2\/media?parent=91285"}],"wp:term":[{"taxonomy":"product_cat","embeddable":true,"href":"https:\/\/www.swissraft.ch\/de\/wp-json\/wp\/v2\/product_cat?post=91285"},{"taxonomy":"product_tag","embeddable":true,"href":"https:\/\/www.swissraft.ch\/de\/wp-json\/wp\/v2\/product_tag?post=91285"}],"curies":[{"name":"wp","href":"https:\/\/api.w.org\/{rel}","templated":true}]}}