{"id":91278,"date":"2023-12-23T16:26:14","date_gmt":"2023-12-23T15:26:14","guid":{"rendered":"https:\/\/swissraft.xyanzkdne.eu\/product\/einfuehrung-in-einen-hubschrauber-ab-lodrino-colibri-ec120-ab-chf-780-00\/"},"modified":"2026-04-29T23:45:29","modified_gmt":"2026-04-29T21:45:29","slug":"schnupperflug-helikopter-lodrino-colibri-ec120","status":"publish","type":"product","link":"https:\/\/www.swissraft.ch\/de\/produkt\/schnupperflug-helikopter-lodrino-colibri-ec120\/","title":{"rendered":"Schnupperflug &#8211; Helikopter &#8211; Lodrino &#8211; Ec 120 Colibri &#8211; Ab CHF 830.00"},"content":{"rendered":"\t\t<div data-elementor-type=\"wp-post\" data-elementor-id=\"91278\" class=\"elementor elementor-91278 elementor-55285\">\n\t\t\t\t\t\t\t\t\t<section class=\"elementor-section elementor-top-section elementor-element elementor-element-3303a7e3 elementor-section-boxed elementor-section-height-default elementor-section-height-default\" data-id=\"3303a7e3\" data-element_type=\"section\">\n\t\t\t\t\t\t<div class=\"elementor-container elementor-column-gap-default\">\n\t\t\t\t\t<div class=\"elementor-column elementor-col-100 elementor-top-column elementor-element elementor-element-16d72dbf\" data-id=\"16d72dbf\" data-element_type=\"column\">\n\t\t\t<div class=\"elementor-widget-wrap elementor-element-populated\">\n\t\t\t\t\t\t\t\t<div class=\"elementor-element elementor-element-d743c03 elementor-widget elementor-widget-text-editor\" data-id=\"d743c03\" data-element_type=\"widget\" data-widget_type=\"text-editor.default\">\n\t\t\t\t<div class=\"elementor-widget-container\">\n\t\t\t\t\t\t\t<h2>W\u00c4HLEN SIE UNTEN IHRE AKTIVIT\u00c4T AUS, UM GESCHENKGUTSCHEINE \/ TICKETS ZU VERSCHENKEN ODER ZU BUCHEN<\/h2><table border=\"0\" width=\"580\" cellspacing=\"10\" cellpadding=\"10\"><tbody><tr><td width=\"50%\"><strong>SCHNUPPERFLUG &#8211; EC 120 COLIBRI &#8211; 1 SCH\u00dcLER + 3 PERS. &#8211; Ab 30 Min.<\/strong><\/td><td><strong>Ab CHF 830.00 pro Flug<span class=\"productPrice\"><br \/><\/span><\/strong><\/td><\/tr><tr><td>Zus\u00e4tzlich Informationen<\/td><td>&#8211; Sie haben den Helikopter ausschlie\u00dflich f\u00fcr sich<br \/>&#8211; Sie bestimmen das Datum und die Uhrzeit des Abflugs<br \/>&#8211; Maximal 4 Pers.<\/td><\/tr><tr><td>Flugplatz<\/td><td>Lodrino<\/td><\/tr><tr><td>Flugzeit nach Wahl<\/td><td>30 \/ 40 Min.<\/td><\/tr><tr><td>Gesamtdauer<\/td><td>ca. 1:15 bis 1:30 Std. abh\u00e4ngig von der Anzahl der Minuten<\/td><\/tr><tr><td>Termin<\/td><td>Per Telefon<\/td><\/tr><tr><td><button class=\"elementor-button\" type=\"button\"><a href=\"https:\/\/swissraft.outdoorbooking.ch\/fo\/products\/1406?base_id=218&amp;category_id=4&amp;order_type=gift_voucher&amp;lang=de\" target=\"_blank\" rel=\"noopener\">GUTSCHEIN \/ TICKET KAUFEN<\/a><\/button><\/td><td><strong>CHF 830.00 &#8211; 30 Min. Flugzeit <\/strong><\/td><\/tr><tr><td><button class=\"elementor-button\" type=\"button\"><a href=\"https:\/\/swissraft.outdoorbooking.ch\/fo\/products\/1407?base_id=218&amp;category_id=4&amp;order_type=gift_voucher&amp;lang=de\" target=\"_blank\" rel=\"noopener\">GUTSCHEIN \/ TICKET KAUFEN<\/a><\/button><\/td><td><strong>CHF 1&#8217;040.00 &#8211; 40 Min. pro Flug <\/strong><\/td><\/tr><tr><td>\u00a0<\/td><td><strong><em>WICHTIG !<\/em><\/strong><br \/><em>Um zu reservieren, rufen Sie die Nummer an, die sich oben links auf dem Gutschein \/ Ticket befindet.<\/em><\/td><\/tr><\/tbody><\/table>\t\t\t\t\t\t<\/div>\n\t\t\t\t<\/div>\n\t\t\t\t\t<\/div>\n\t\t<\/div>\n\t\t\t\t\t\t\t<\/div>\n\t\t<\/section>\n\t\t\t\t\t\t\t<\/div>\n\t\t","protected":false},"excerpt":{"rendered":"<div align=\"justify\">\n<h2 align=\"justify\">Fliegen Sie einen Helikopter ab Lodrino im Tessin und erleben Sie eine Einf\u00fchrung auf der EC 120B COLIBRI mit Freunden als Passagiere<\/h2>\n<h3>Die EC 120B COLIBRI ist ein Hubschrauber mit 4 Passagiersitzen plus 1 Pilotensitz. Die EC 120B COLIBRI ist ein Hubschrauber mit 4 Passagiersitzen plus 1 Pilotensitz.<\/h3>\n<\/div>\n<div align=\"justify\">\n<p>Der Einf\u00fchrungsflug beginnt mit einer kurzen theoretischen Einf\u00fchrung \u00fcber das Fliegen mit einem Hubschrauber und die Aerodynamik. Dann gehen Sie alle auf das Rollfeld zu Ihrem Hubschrauber. Die Passagiere nehmen an Bord Platz. Sie selbst machen eine technische Besichtigung mit Ihrem Hubschrauberlehrer.<br \/>\nDann kommen Sie an Bord und \u00fcbernehmen die Steuerung des Helikopters.<br \/>\nSie bitten den Tower um Starterlaubnis. Nachdem Sie das OK erhalten haben, bet\u00e4tigen Sie mit der linken Hand den allgemeinen Pitch und beschleunigen die Rotation des Rotors. Er erreicht 395 Umdrehungen pro Minute und Sie k\u00f6nnen abheben, indem Sie den allgemeinen Pitch sanft nach oben ziehen. Nun befinden Sie sich im Schwebeflug, und es gen\u00fcgt, den Steuerkn\u00fcppel (Cyclic) leicht nach vorne zu dr\u00fccken, um Geschwindigkeit aufzunehmen.<\/p>\n<h3>Es ist einfach, einen Colibri EC120 von Lodrino aus zu fliegen. Rufen Sie uns an, wenn Sie Fragen zu diesem Einf\u00fchrungsflug haben oder wenn Sie an einem Hubschrauber-Schulungskurs teilnehmen m\u00f6chten. <\/h3>\n<p id=\"textarea\" style=\"display: none;\">\nWir bieten auch Einf\u00fchrungsfl\u00fcge von Locarno-Magadino an. Sowie im Kanton Freiburg vom Flugplatz \u00c9pagny aus. Wir bieten auch Schnupperfl\u00fcge vom internationalen Flughafen Bern-Belp an. Au\u00dferdem bieten wir Einf\u00fchrungsfl\u00fcge mit dem Hubschrauber ab dem Flugplatz Fehraltorf an. Dar\u00fcber hinaus f\u00fchren wir Schnupperfl\u00fcge von den Flugpl\u00e4tzen Buttwil und Grenchen aus durch. Au\u00dferdem bieten wir im Kanton Luzern vom Heliport Pfaffnau aus Einf\u00fchrungsfl\u00fcge mit dem Hubschrauber an. Parallel dazu bieten wir auf dem Heliport Balzers im Liechtenstein Einf\u00fchrungen in den Helikopterflug an. Aber auch in die Ostschweiz vom Flugplatz Sitterdorf aus. Danach machen wir Einf\u00fchrungsfl\u00fcge mit dem Helikopter von den Heliports in Samedan, St. Moritz und Untervaz in Graub\u00fcnden aus.\n<\/p>\n<p><a id=\"seeMore\" onclick=\"toggleSeeMore()\" href=\"javascript:void(0);\">Lesen Sie mehr<\/a><\/p>\n","protected":false},"featured_media":142888,"comment_status":"open","ping_status":"closed","template":"","meta":{"inline_featured_image":false,"_mi_skip_tracking":false},"product_cat":[277,299,266],"product_tag":[],"class_list":["post-91278","product","type-product","status-publish","has-post-thumbnail","hentry","product_cat-schnupperflug-helikopter","product_cat-helikopter-lodrino","product_cat-schnupperflug-in-der-schweiz-selbst-fliegen"],"yoast_head":"<!-- This site is optimized with the Yoast SEO plugin v23.6 - https:\/\/yoast.com\/wordpress\/plugins\/seo\/ -->\n<title>Schnupperflug mit der Colibri EC120 von Lodrino aus ohne weitere Formalit\u00e4ten<\/title>\n<meta name=\"description\" content=\"Schnupperflug mit der Colibri EC120 von Lodrino aus ohne Voranmeldung. Sie \u00fcbernehmen die Steuerung Ihres Helikopters an der Seite des Fluglehrers.\" \/>\n<meta name=\"robots\" content=\"index, follow, max-snippet:-1, max-image-preview:large, max-video-preview:-1\" \/>\n<link rel=\"canonical\" href=\"https:\/\/www.swissraft.ch\/de\/produkt\/schnupperflug-helikopter-lodrino-colibri-ec120\/\" \/>\n<meta property=\"og:locale\" content=\"de_DE\" \/>\n<meta property=\"og:type\" content=\"article\" \/>\n<meta property=\"og:title\" content=\"Schnupperflug mit der Colibri EC120 von Lodrino aus ohne weitere Formalit\u00e4ten\" \/>\n<meta property=\"og:description\" content=\"Schnupperflug mit der Colibri EC120 von Lodrino aus ohne Voranmeldung. Sie \u00fcbernehmen die Steuerung Ihres Helikopters an der Seite des Fluglehrers.\" \/>\n<meta property=\"og:url\" content=\"https:\/\/www.swissraft.ch\/de\/produkt\/schnupperflug-helikopter-lodrino-colibri-ec120\/\" \/>\n<meta property=\"og:site_name\" content=\"Swissraft\" \/>\n<meta property=\"article:modified_time\" content=\"2026-04-29T21:45:29+00:00\" \/>\n<meta property=\"og:image\" content=\"https:\/\/www.swissraft.ch\/wp-content\/uploads\/2023\/12\/EC120-scuola_776x776.jpg\" \/>\n\t<meta property=\"og:image:width\" content=\"776\" \/>\n\t<meta property=\"og:image:height\" content=\"776\" \/>\n\t<meta property=\"og:image:type\" content=\"image\/jpeg\" \/>\n<meta name=\"twitter:card\" content=\"summary_large_image\" \/>\n<meta name=\"twitter:label1\" content=\"Gesch\u00e4tzte Lesezeit\" \/>\n\t<meta name=\"twitter:data1\" content=\"1\u00a0Minute\" \/>\n<script type=\"application\/ld+json\" class=\"yoast-schema-graph\">{\"@context\":\"https:\/\/schema.org\",\"@graph\":[{\"@type\":\"WebPage\",\"@id\":\"https:\/\/www.swissraft.ch\/de\/produkt\/schnupperflug-helikopter-lodrino-colibri-ec120\/\",\"url\":\"https:\/\/www.swissraft.ch\/de\/produkt\/schnupperflug-helikopter-lodrino-colibri-ec120\/\",\"name\":\"Schnupperflug mit der Colibri EC120 von Lodrino aus ohne weitere Formalit\u00e4ten\",\"isPartOf\":{\"@id\":\"https:\/\/www.swissraft.ch\/de\/#website\"},\"primaryImageOfPage\":{\"@id\":\"https:\/\/www.swissraft.ch\/de\/produkt\/schnupperflug-helikopter-lodrino-colibri-ec120\/#primaryimage\"},\"image\":{\"@id\":\"https:\/\/www.swissraft.ch\/de\/produkt\/schnupperflug-helikopter-lodrino-colibri-ec120\/#primaryimage\"},\"thumbnailUrl\":\"https:\/\/www.swissraft.ch\/wp-content\/uploads\/2023\/12\/EC120-scuola_776x776.jpg\",\"datePublished\":\"2023-12-23T15:26:14+00:00\",\"dateModified\":\"2026-04-29T21:45:29+00:00\",\"description\":\"Schnupperflug mit der Colibri EC120 von Lodrino aus ohne Voranmeldung. Sie \u00fcbernehmen die Steuerung Ihres Helikopters an der Seite des Fluglehrers.\",\"breadcrumb\":{\"@id\":\"https:\/\/www.swissraft.ch\/de\/produkt\/schnupperflug-helikopter-lodrino-colibri-ec120\/#breadcrumb\"},\"inLanguage\":\"de\",\"potentialAction\":[{\"@type\":\"ReadAction\",\"target\":[\"https:\/\/www.swissraft.ch\/de\/produkt\/schnupperflug-helikopter-lodrino-colibri-ec120\/\"]}]},{\"@type\":\"ImageObject\",\"inLanguage\":\"de\",\"@id\":\"https:\/\/www.swissraft.ch\/de\/produkt\/schnupperflug-helikopter-lodrino-colibri-ec120\/#primaryimage\",\"url\":\"https:\/\/www.swissraft.ch\/wp-content\/uploads\/2023\/12\/EC120-scuola_776x776.jpg\",\"contentUrl\":\"https:\/\/www.swissraft.ch\/wp-content\/uploads\/2023\/12\/EC120-scuola_776x776.jpg\",\"width\":776,\"height\":776,\"caption\":\"Initiation au pilotage d'un h\u00e9licopt\u00e8re EC 120 Colibri depuis Lodrino\"},{\"@type\":\"BreadcrumbList\",\"@id\":\"https:\/\/www.swissraft.ch\/de\/produkt\/schnupperflug-helikopter-lodrino-colibri-ec120\/#breadcrumb\",\"itemListElement\":[{\"@type\":\"ListItem\",\"position\":1,\"name\":\"Accueil\",\"item\":\"https:\/\/www.swissraft.ch\/de\/\"},{\"@type\":\"ListItem\",\"position\":2,\"name\":\"Shop\",\"item\":\"https:\/\/www.swissraft.ch\/de\/shop\/\"},{\"@type\":\"ListItem\",\"position\":3,\"name\":\"Schnupperflug &#8211; Helikopter &#8211; Lodrino &#8211; Ec 120 Colibri &#8211; Ab CHF 830.00\"}]},{\"@type\":\"WebSite\",\"@id\":\"https:\/\/www.swissraft.ch\/de\/#website\",\"url\":\"https:\/\/www.swissraft.ch\/de\/\",\"name\":\"Swissraft\",\"description\":\"To enjoy nature as it is\",\"publisher\":{\"@id\":\"https:\/\/www.swissraft.ch\/de\/#organization\"},\"potentialAction\":[{\"@type\":\"SearchAction\",\"target\":{\"@type\":\"EntryPoint\",\"urlTemplate\":\"https:\/\/www.swissraft.ch\/de\/?s={search_term_string}\"},\"query-input\":{\"@type\":\"PropertyValueSpecification\",\"valueRequired\":true,\"valueName\":\"search_term_string\"}}],\"inLanguage\":\"de\"},{\"@type\":\"Organization\",\"@id\":\"https:\/\/www.swissraft.ch\/de\/#organization\",\"name\":\"Swissraft\",\"url\":\"https:\/\/www.swissraft.ch\/de\/\",\"logo\":{\"@type\":\"ImageObject\",\"inLanguage\":\"de\",\"@id\":\"https:\/\/www.swissraft.ch\/de\/#\/schema\/logo\/image\/\",\"url\":\"https:\/\/www.swissraft.ch\/wp-content\/uploads\/2025\/09\/Capture.jpg\",\"contentUrl\":\"https:\/\/www.swissraft.ch\/wp-content\/uploads\/2025\/09\/Capture.jpg\",\"width\":293,\"height\":108,\"caption\":\"Swissraft\"},\"image\":{\"@id\":\"https:\/\/www.swissraft.ch\/de\/#\/schema\/logo\/image\/\"}}]}<\/script>\n<!-- \/ Yoast SEO plugin. -->","yoast_head_json":{"title":"Schnupperflug mit der Colibri EC120 von Lodrino aus ohne weitere Formalit\u00e4ten","description":"Schnupperflug mit der Colibri EC120 von Lodrino aus ohne Voranmeldung. Sie \u00fcbernehmen die Steuerung Ihres Helikopters an der Seite des Fluglehrers.","robots":{"index":"index","follow":"follow","max-snippet":"max-snippet:-1","max-image-preview":"max-image-preview:large","max-video-preview":"max-video-preview:-1"},"canonical":"https:\/\/www.swissraft.ch\/de\/produkt\/schnupperflug-helikopter-lodrino-colibri-ec120\/","og_locale":"de_DE","og_type":"article","og_title":"Schnupperflug mit der Colibri EC120 von Lodrino aus ohne weitere Formalit\u00e4ten","og_description":"Schnupperflug mit der Colibri EC120 von Lodrino aus ohne Voranmeldung. Sie \u00fcbernehmen die Steuerung Ihres Helikopters an der Seite des Fluglehrers.","og_url":"https:\/\/www.swissraft.ch\/de\/produkt\/schnupperflug-helikopter-lodrino-colibri-ec120\/","og_site_name":"Swissraft","article_modified_time":"2026-04-29T21:45:29+00:00","og_image":[{"width":776,"height":776,"url":"https:\/\/www.swissraft.ch\/wp-content\/uploads\/2023\/12\/EC120-scuola_776x776.jpg","type":"image\/jpeg"}],"twitter_card":"summary_large_image","twitter_misc":{"Gesch\u00e4tzte Lesezeit":"1\u00a0Minute"},"schema":{"@context":"https:\/\/schema.org","@graph":[{"@type":"WebPage","@id":"https:\/\/www.swissraft.ch\/de\/produkt\/schnupperflug-helikopter-lodrino-colibri-ec120\/","url":"https:\/\/www.swissraft.ch\/de\/produkt\/schnupperflug-helikopter-lodrino-colibri-ec120\/","name":"Schnupperflug mit der Colibri EC120 von Lodrino aus ohne weitere Formalit\u00e4ten","isPartOf":{"@id":"https:\/\/www.swissraft.ch\/de\/#website"},"primaryImageOfPage":{"@id":"https:\/\/www.swissraft.ch\/de\/produkt\/schnupperflug-helikopter-lodrino-colibri-ec120\/#primaryimage"},"image":{"@id":"https:\/\/www.swissraft.ch\/de\/produkt\/schnupperflug-helikopter-lodrino-colibri-ec120\/#primaryimage"},"thumbnailUrl":"https:\/\/www.swissraft.ch\/wp-content\/uploads\/2023\/12\/EC120-scuola_776x776.jpg","datePublished":"2023-12-23T15:26:14+00:00","dateModified":"2026-04-29T21:45:29+00:00","description":"Schnupperflug mit der Colibri EC120 von Lodrino aus ohne Voranmeldung. Sie \u00fcbernehmen die Steuerung Ihres Helikopters an der Seite des Fluglehrers.","breadcrumb":{"@id":"https:\/\/www.swissraft.ch\/de\/produkt\/schnupperflug-helikopter-lodrino-colibri-ec120\/#breadcrumb"},"inLanguage":"de","potentialAction":[{"@type":"ReadAction","target":["https:\/\/www.swissraft.ch\/de\/produkt\/schnupperflug-helikopter-lodrino-colibri-ec120\/"]}]},{"@type":"ImageObject","inLanguage":"de","@id":"https:\/\/www.swissraft.ch\/de\/produkt\/schnupperflug-helikopter-lodrino-colibri-ec120\/#primaryimage","url":"https:\/\/www.swissraft.ch\/wp-content\/uploads\/2023\/12\/EC120-scuola_776x776.jpg","contentUrl":"https:\/\/www.swissraft.ch\/wp-content\/uploads\/2023\/12\/EC120-scuola_776x776.jpg","width":776,"height":776,"caption":"Initiation au pilotage d'un h\u00e9licopt\u00e8re EC 120 Colibri depuis Lodrino"},{"@type":"BreadcrumbList","@id":"https:\/\/www.swissraft.ch\/de\/produkt\/schnupperflug-helikopter-lodrino-colibri-ec120\/#breadcrumb","itemListElement":[{"@type":"ListItem","position":1,"name":"Accueil","item":"https:\/\/www.swissraft.ch\/de\/"},{"@type":"ListItem","position":2,"name":"Shop","item":"https:\/\/www.swissraft.ch\/de\/shop\/"},{"@type":"ListItem","position":3,"name":"Schnupperflug &#8211; Helikopter &#8211; Lodrino &#8211; Ec 120 Colibri &#8211; Ab CHF 830.00"}]},{"@type":"WebSite","@id":"https:\/\/www.swissraft.ch\/de\/#website","url":"https:\/\/www.swissraft.ch\/de\/","name":"Swissraft","description":"To enjoy nature as it is","publisher":{"@id":"https:\/\/www.swissraft.ch\/de\/#organization"},"potentialAction":[{"@type":"SearchAction","target":{"@type":"EntryPoint","urlTemplate":"https:\/\/www.swissraft.ch\/de\/?s={search_term_string}"},"query-input":{"@type":"PropertyValueSpecification","valueRequired":true,"valueName":"search_term_string"}}],"inLanguage":"de"},{"@type":"Organization","@id":"https:\/\/www.swissraft.ch\/de\/#organization","name":"Swissraft","url":"https:\/\/www.swissraft.ch\/de\/","logo":{"@type":"ImageObject","inLanguage":"de","@id":"https:\/\/www.swissraft.ch\/de\/#\/schema\/logo\/image\/","url":"https:\/\/www.swissraft.ch\/wp-content\/uploads\/2025\/09\/Capture.jpg","contentUrl":"https:\/\/www.swissraft.ch\/wp-content\/uploads\/2025\/09\/Capture.jpg","width":293,"height":108,"caption":"Swissraft"},"image":{"@id":"https:\/\/www.swissraft.ch\/de\/#\/schema\/logo\/image\/"}}]}},"_links":{"self":[{"href":"https:\/\/www.swissraft.ch\/de\/wp-json\/wp\/v2\/product\/91278","targetHints":{"allow":["GET"]}}],"collection":[{"href":"https:\/\/www.swissraft.ch\/de\/wp-json\/wp\/v2\/product"}],"about":[{"href":"https:\/\/www.swissraft.ch\/de\/wp-json\/wp\/v2\/types\/product"}],"replies":[{"embeddable":true,"href":"https:\/\/www.swissraft.ch\/de\/wp-json\/wp\/v2\/comments?post=91278"}],"version-history":[{"count":41,"href":"https:\/\/www.swissraft.ch\/de\/wp-json\/wp\/v2\/product\/91278\/revisions"}],"predecessor-version":[{"id":142969,"href":"https:\/\/www.swissraft.ch\/de\/wp-json\/wp\/v2\/product\/91278\/revisions\/142969"}],"wp:featuredmedia":[{"embeddable":true,"href":"https:\/\/www.swissraft.ch\/de\/wp-json\/wp\/v2\/media\/142888"}],"wp:attachment":[{"href":"https:\/\/www.swissraft.ch\/de\/wp-json\/wp\/v2\/media?parent=91278"}],"wp:term":[{"taxonomy":"product_cat","embeddable":true,"href":"https:\/\/www.swissraft.ch\/de\/wp-json\/wp\/v2\/product_cat?post=91278"},{"taxonomy":"product_tag","embeddable":true,"href":"https:\/\/www.swissraft.ch\/de\/wp-json\/wp\/v2\/product_tag?post=91278"}],"curies":[{"name":"wp","href":"https:\/\/api.w.org\/{rel}","templated":true}]}}