{"id":91277,"date":"2023-12-02T18:53:12","date_gmt":"2023-12-02T17:53:12","guid":{"rendered":"https:\/\/swissraft.xyanzkdne.eu\/product\/einweisung-in-ein-flugzeug-von-buttwil-cessna-172-chf-370-00\/"},"modified":"2024-12-17T02:25:04","modified_gmt":"2024-12-17T01:25:04","slug":"schnupperflug-flugzeug-buttwil-cessna-172","status":"publish","type":"product","link":"https:\/\/www.swissraft.ch\/de\/produkt\/schnupperflug-flugzeug-buttwil-cessna-172\/","title":{"rendered":"Schnupperflug mit einem Flugzeug ab BUTTWIL &#8211; CESSNA 172 &#8211; CHF 370.00"},"content":{"rendered":"\t\t<div data-elementor-type=\"wp-post\" data-elementor-id=\"91277\" class=\"elementor elementor-91277 elementor-53743\">\n\t\t\t\t\t\t\t\t\t<section class=\"elementor-section elementor-top-section elementor-element elementor-element-3303a7e3 elementor-section-boxed elementor-section-height-default elementor-section-height-default\" data-id=\"3303a7e3\" data-element_type=\"section\">\n\t\t\t\t\t\t<div class=\"elementor-container elementor-column-gap-default\">\n\t\t\t\t\t<div class=\"elementor-column elementor-col-100 elementor-top-column elementor-element elementor-element-16d72dbf\" data-id=\"16d72dbf\" data-element_type=\"column\">\n\t\t\t<div class=\"elementor-widget-wrap elementor-element-populated\">\n\t\t\t\t\t\t\t\t<div class=\"elementor-element elementor-element-d743c03 elementor-widget elementor-widget-text-editor\" data-id=\"d743c03\" data-element_type=\"widget\" data-widget_type=\"text-editor.default\">\n\t\t\t\t<div class=\"elementor-widget-container\">\n\t\t\t\t\t\t\t<h2>W\u00c4HLEN SIE UNTEN IHRE AKTIVIT\u00c4T AUS, UM GESCHENKGUTSCHEINE \/ TICKETS ZU VERSCHENKEN ODER ZU BUCHEN.<\/h2><table border=\"0\" width=\"580\" cellspacing=\"10\" cellpadding=\"10\"><tbody><tr><td width=\"50%\"><strong>SCHNUPPERFLUG &#8211; BUTTWIL CESSNA 172 &#8211; 1 SCH\u00dcLER + 1 PERS. &#8211; 45 Min. <\/strong><\/td><td><strong>CHF 370.00 pro Privatflug<span class=\"productPrice\"><br \/><\/span><\/strong><\/td><\/tr><tr><td>Weitere Informationen<\/td><td>&#8211; Das Flugzeug steht Ihnen exklusiv zur Verf\u00fcgung<br \/>&#8211;<span class=\"patt\"> Sie bestimmen das Datum und die Uhrzeit des Abflugs<br \/>&#8211; Maximal 2 Pers.<\/span><\/td><\/tr><tr><td>Flugplatz<\/td><td><a href=\"https:\/\/www.google.com\/maps\/place\/47%C2%B015'51.5%22N+8%C2%B018'05.7%22E\/@47.2643994,8.29713,766m\/data=!3m1!1e3!4m4!3m3!8m2!3d47.2643056!4d8.3015833?entry=ttu\" target=\"_blank\" rel=\"noopener\">Buttwil<\/a><\/td><\/tr><tr><td>Flugzeit<\/td><td>45 Min.<\/td><\/tr><tr><td>Gesamtdauer<\/td><td>ca. 1:15 Std.<\/td><\/tr><tr><td>Terminvereinbarung<\/td><td>Per Telefon<\/td><\/tr><tr><td><button class=\"elementor-button\" type=\"button\"><a href=\"https:\/\/swissraft.outdoorbooking.ch\/fo\/products\/211?base_id=25&amp;category_id=4&amp;order_type=gift_voucher&amp;lang=de\" target=\"_blank\" rel=\"noopener\">GUTSCHEIN KAUFEN<\/a><\/button><\/td><td>Um zu buchen : <span class=\"patt\" style=\"font-family: inherit; font-size: inherit;\"><span class=\"plbl\"><span class=\"patt\"><a href=\"https:\/\/www.swissraft.ch\/de\/kontakt\/\">Kontaktieren Sie uns<\/a><\/span><\/span><\/span><\/td><\/tr><\/tbody><\/table>\t\t\t\t\t\t<\/div>\n\t\t\t\t<\/div>\n\t\t\t\t\t<\/div>\n\t\t<\/div>\n\t\t\t\t\t\t\t<\/div>\n\t\t<\/section>\n\t\t\t\t\t\t\t<\/div>\n\t\t","protected":false},"excerpt":{"rendered":"<div align=\"justify\">\n<h2 align=\"justify\">Vom Flugplatz Buttwil in Aargau aus haben Sie CESSNA 172 f\u00fcr Ihre Einf\u00fchrung in das Fliegen eines Flugzeugs gew\u00e4hlt.<\/h2>\n<h3>Dieses Flugzeug, die CESSNA 172, kann 2 Passagiere an Bord nehmen. Es ist st\u00e4rker als die CESSNA 152 und hat ebenfalls einen hohen Fl\u00fcgel.<\/h3>\n<\/div>\n<div align=\"justify\">\n<p>Ihr Fluglehrer empf\u00e4ngt Sie auf dem Flugplatz Buttwil und gibt Ihnen vor Ihrem Flug einige Tipps. Aber er erkl\u00e4rt Ihnen auch, warum ein Flugzeug fliegen kann. Dann, nach ein paar Minuten Theorie, gehen Sie alle drei zu Ihrer Cessna 172. Nach einem kurzen technischen Check mit dem Fluglehrer setzen Sie sich an das Steuer des Flugzeugs. Die Person, die Sie begleitet, nimmt auf der R\u00fcckseite Ihres Sitzes Platz. Der Tower gibt Ihnen gr\u00fcnes Licht, um bis zum Beginn der Piste 16 zu fahren. Eine kleine 90-Grad-Kurve und Sie geben Gas. Nach weniger als 400 m Rollstrecke heben Sie ab und sind nun Kommandant der Cessna 172.<\/p>\n<h3>Wenn Sie Fragen oder Zweifel haben, wenden Sie sich bitte an uns. Wir werden sie gerne beantworten.<\/h3>\n<p id=\"textarea\" style=\"display: none;\">\nWir bieten auch Einf\u00fchrungsfl\u00fcge mit dem Flugzeug vom Flughafen Bern-Belp aus an. Aber auch Einf\u00fchrungsfl\u00fcge in das Fliegen eines Segelflugzeugs vom Flugplatz Sch\u00e4nis aus. Au\u00dferdem bieten wir Einf\u00fchrungsfl\u00fcge mit dem Flugzeug ab dem Flugplatz von \u00c9pagny im Greyerzerland an.\n<\/p>\n<p><a id=\"seeMore\" onclick=\"toggleSeeMore()\" href=\"javascript:void(0);\">Lesen Sie mehr<\/a><\/p>\n","protected":false},"featured_media":88924,"comment_status":"open","ping_status":"closed","template":"","meta":{"inline_featured_image":false,"_mi_skip_tracking":false},"product_cat":[264,298,266],"product_tag":[],"class_list":["post-91277","product","type-product","status-publish","has-post-thumbnail","hentry","product_cat-schnupperflug-flugzeug","product_cat-selbst-fliegen-flugzeug-buttwil","product_cat-schnupperflug-in-der-schweiz-selbst-fliegen"],"yoast_head":"<!-- This site is optimized with the Yoast SEO plugin v23.6 - https:\/\/yoast.com\/wordpress\/plugins\/seo\/ -->\n<title>Schnupperflug Buttwil Cessna 172 in Aargau<\/title>\n<meta name=\"description\" content=\"Schnupperflug Buttwil Cessna 172. Ihr Traum wird wahr und Sie k\u00f6nnen ein Flugzeug ohne vorherige Pr\u00fcfung oder Formalit\u00e4ten fliegen. Fliegen Sie selbst\" \/>\n<meta name=\"robots\" content=\"index, follow, max-snippet:-1, max-image-preview:large, max-video-preview:-1\" \/>\n<link rel=\"canonical\" href=\"https:\/\/www.swissraft.ch\/de\/produkt\/schnupperflug-flugzeug-buttwil-cessna-172\/\" \/>\n<meta property=\"og:locale\" content=\"de_DE\" \/>\n<meta property=\"og:type\" content=\"article\" \/>\n<meta property=\"og:title\" content=\"Schnupperflug Buttwil Cessna 172 in Aargau\" \/>\n<meta property=\"og:description\" content=\"Schnupperflug Buttwil Cessna 172. Ihr Traum wird wahr und Sie k\u00f6nnen ein Flugzeug ohne vorherige Pr\u00fcfung oder Formalit\u00e4ten fliegen. Fliegen Sie selbst\" \/>\n<meta property=\"og:url\" content=\"https:\/\/www.swissraft.ch\/de\/produkt\/schnupperflug-flugzeug-buttwil-cessna-172\/\" \/>\n<meta property=\"og:site_name\" content=\"Swissraft\" \/>\n<meta property=\"article:modified_time\" content=\"2024-12-17T01:25:04+00:00\" \/>\n<meta property=\"og:image\" content=\"https:\/\/www.swissraft.ch\/wp-content\/uploads\/2023\/12\/2-CESSNA-172-776x776-2.jpg\" \/>\n\t<meta property=\"og:image:width\" content=\"776\" \/>\n\t<meta property=\"og:image:height\" content=\"776\" \/>\n\t<meta property=\"og:image:type\" content=\"image\/jpeg\" \/>\n<meta name=\"twitter:card\" content=\"summary_large_image\" \/>\n<meta name=\"twitter:label1\" content=\"Gesch\u00e4tzte Lesezeit\" \/>\n\t<meta name=\"twitter:data1\" content=\"1\u00a0Minute\" \/>\n<script type=\"application\/ld+json\" class=\"yoast-schema-graph\">{\"@context\":\"https:\/\/schema.org\",\"@graph\":[{\"@type\":\"WebPage\",\"@id\":\"https:\/\/www.swissraft.ch\/de\/produkt\/schnupperflug-flugzeug-buttwil-cessna-172\/\",\"url\":\"https:\/\/www.swissraft.ch\/de\/produkt\/schnupperflug-flugzeug-buttwil-cessna-172\/\",\"name\":\"Schnupperflug Buttwil Cessna 172 in Aargau\",\"isPartOf\":{\"@id\":\"https:\/\/www.swissraft.ch\/de\/#website\"},\"primaryImageOfPage\":{\"@id\":\"https:\/\/www.swissraft.ch\/de\/produkt\/schnupperflug-flugzeug-buttwil-cessna-172\/#primaryimage\"},\"image\":{\"@id\":\"https:\/\/www.swissraft.ch\/de\/produkt\/schnupperflug-flugzeug-buttwil-cessna-172\/#primaryimage\"},\"thumbnailUrl\":\"https:\/\/www.swissraft.ch\/wp-content\/uploads\/2023\/12\/2-CESSNA-172-776x776-2.jpg\",\"datePublished\":\"2023-12-02T17:53:12+00:00\",\"dateModified\":\"2024-12-17T01:25:04+00:00\",\"description\":\"Schnupperflug Buttwil Cessna 172. Ihr Traum wird wahr und Sie k\u00f6nnen ein Flugzeug ohne vorherige Pr\u00fcfung oder Formalit\u00e4ten fliegen. Fliegen Sie selbst\",\"breadcrumb\":{\"@id\":\"https:\/\/www.swissraft.ch\/de\/produkt\/schnupperflug-flugzeug-buttwil-cessna-172\/#breadcrumb\"},\"inLanguage\":\"de\",\"potentialAction\":[{\"@type\":\"ReadAction\",\"target\":[\"https:\/\/www.swissraft.ch\/de\/produkt\/schnupperflug-flugzeug-buttwil-cessna-172\/\"]}]},{\"@type\":\"ImageObject\",\"inLanguage\":\"de\",\"@id\":\"https:\/\/www.swissraft.ch\/de\/produkt\/schnupperflug-flugzeug-buttwil-cessna-172\/#primaryimage\",\"url\":\"https:\/\/www.swissraft.ch\/wp-content\/uploads\/2023\/12\/2-CESSNA-172-776x776-2.jpg\",\"contentUrl\":\"https:\/\/www.swissraft.ch\/wp-content\/uploads\/2023\/12\/2-CESSNA-172-776x776-2.jpg\",\"width\":776,\"height\":776,\"caption\":\"Einf\u00fchrung in die Cessna 172 von Buttwil aus\"},{\"@type\":\"BreadcrumbList\",\"@id\":\"https:\/\/www.swissraft.ch\/de\/produkt\/schnupperflug-flugzeug-buttwil-cessna-172\/#breadcrumb\",\"itemListElement\":[{\"@type\":\"ListItem\",\"position\":1,\"name\":\"Accueil\",\"item\":\"https:\/\/www.swissraft.ch\/de\/\"},{\"@type\":\"ListItem\",\"position\":2,\"name\":\"Shop\",\"item\":\"https:\/\/www.swissraft.ch\/de\/shop\/\"},{\"@type\":\"ListItem\",\"position\":3,\"name\":\"Schnupperflug mit einem Flugzeug ab BUTTWIL &#8211; CESSNA 172 &#8211; CHF 370.00\"}]},{\"@type\":\"WebSite\",\"@id\":\"https:\/\/www.swissraft.ch\/de\/#website\",\"url\":\"https:\/\/www.swissraft.ch\/de\/\",\"name\":\"Swissraft\",\"description\":\"To enjoy nature as it is\",\"publisher\":{\"@id\":\"https:\/\/www.swissraft.ch\/de\/#organization\"},\"potentialAction\":[{\"@type\":\"SearchAction\",\"target\":{\"@type\":\"EntryPoint\",\"urlTemplate\":\"https:\/\/www.swissraft.ch\/de\/?s={search_term_string}\"},\"query-input\":{\"@type\":\"PropertyValueSpecification\",\"valueRequired\":true,\"valueName\":\"search_term_string\"}}],\"inLanguage\":\"de\"},{\"@type\":\"Organization\",\"@id\":\"https:\/\/www.swissraft.ch\/de\/#organization\",\"name\":\"Swissraft\",\"url\":\"https:\/\/www.swissraft.ch\/de\/\",\"logo\":{\"@type\":\"ImageObject\",\"inLanguage\":\"de\",\"@id\":\"https:\/\/www.swissraft.ch\/de\/#\/schema\/logo\/image\/\",\"url\":\"https:\/\/www.swissraft.ch\/wp-content\/uploads\/2025\/09\/Capture.jpg\",\"contentUrl\":\"https:\/\/www.swissraft.ch\/wp-content\/uploads\/2025\/09\/Capture.jpg\",\"width\":293,\"height\":108,\"caption\":\"Swissraft\"},\"image\":{\"@id\":\"https:\/\/www.swissraft.ch\/de\/#\/schema\/logo\/image\/\"}}]}<\/script>\n<!-- \/ Yoast SEO plugin. -->","yoast_head_json":{"title":"Schnupperflug Buttwil Cessna 172 in Aargau","description":"Schnupperflug Buttwil Cessna 172. Ihr Traum wird wahr und Sie k\u00f6nnen ein Flugzeug ohne vorherige Pr\u00fcfung oder Formalit\u00e4ten fliegen. Fliegen Sie selbst","robots":{"index":"index","follow":"follow","max-snippet":"max-snippet:-1","max-image-preview":"max-image-preview:large","max-video-preview":"max-video-preview:-1"},"canonical":"https:\/\/www.swissraft.ch\/de\/produkt\/schnupperflug-flugzeug-buttwil-cessna-172\/","og_locale":"de_DE","og_type":"article","og_title":"Schnupperflug Buttwil Cessna 172 in Aargau","og_description":"Schnupperflug Buttwil Cessna 172. Ihr Traum wird wahr und Sie k\u00f6nnen ein Flugzeug ohne vorherige Pr\u00fcfung oder Formalit\u00e4ten fliegen. Fliegen Sie selbst","og_url":"https:\/\/www.swissraft.ch\/de\/produkt\/schnupperflug-flugzeug-buttwil-cessna-172\/","og_site_name":"Swissraft","article_modified_time":"2024-12-17T01:25:04+00:00","og_image":[{"width":776,"height":776,"url":"https:\/\/www.swissraft.ch\/wp-content\/uploads\/2023\/12\/2-CESSNA-172-776x776-2.jpg","type":"image\/jpeg"}],"twitter_card":"summary_large_image","twitter_misc":{"Gesch\u00e4tzte Lesezeit":"1\u00a0Minute"},"schema":{"@context":"https:\/\/schema.org","@graph":[{"@type":"WebPage","@id":"https:\/\/www.swissraft.ch\/de\/produkt\/schnupperflug-flugzeug-buttwil-cessna-172\/","url":"https:\/\/www.swissraft.ch\/de\/produkt\/schnupperflug-flugzeug-buttwil-cessna-172\/","name":"Schnupperflug Buttwil Cessna 172 in Aargau","isPartOf":{"@id":"https:\/\/www.swissraft.ch\/de\/#website"},"primaryImageOfPage":{"@id":"https:\/\/www.swissraft.ch\/de\/produkt\/schnupperflug-flugzeug-buttwil-cessna-172\/#primaryimage"},"image":{"@id":"https:\/\/www.swissraft.ch\/de\/produkt\/schnupperflug-flugzeug-buttwil-cessna-172\/#primaryimage"},"thumbnailUrl":"https:\/\/www.swissraft.ch\/wp-content\/uploads\/2023\/12\/2-CESSNA-172-776x776-2.jpg","datePublished":"2023-12-02T17:53:12+00:00","dateModified":"2024-12-17T01:25:04+00:00","description":"Schnupperflug Buttwil Cessna 172. Ihr Traum wird wahr und Sie k\u00f6nnen ein Flugzeug ohne vorherige Pr\u00fcfung oder Formalit\u00e4ten fliegen. Fliegen Sie selbst","breadcrumb":{"@id":"https:\/\/www.swissraft.ch\/de\/produkt\/schnupperflug-flugzeug-buttwil-cessna-172\/#breadcrumb"},"inLanguage":"de","potentialAction":[{"@type":"ReadAction","target":["https:\/\/www.swissraft.ch\/de\/produkt\/schnupperflug-flugzeug-buttwil-cessna-172\/"]}]},{"@type":"ImageObject","inLanguage":"de","@id":"https:\/\/www.swissraft.ch\/de\/produkt\/schnupperflug-flugzeug-buttwil-cessna-172\/#primaryimage","url":"https:\/\/www.swissraft.ch\/wp-content\/uploads\/2023\/12\/2-CESSNA-172-776x776-2.jpg","contentUrl":"https:\/\/www.swissraft.ch\/wp-content\/uploads\/2023\/12\/2-CESSNA-172-776x776-2.jpg","width":776,"height":776,"caption":"Einf\u00fchrung in die Cessna 172 von Buttwil aus"},{"@type":"BreadcrumbList","@id":"https:\/\/www.swissraft.ch\/de\/produkt\/schnupperflug-flugzeug-buttwil-cessna-172\/#breadcrumb","itemListElement":[{"@type":"ListItem","position":1,"name":"Accueil","item":"https:\/\/www.swissraft.ch\/de\/"},{"@type":"ListItem","position":2,"name":"Shop","item":"https:\/\/www.swissraft.ch\/de\/shop\/"},{"@type":"ListItem","position":3,"name":"Schnupperflug mit einem Flugzeug ab BUTTWIL &#8211; CESSNA 172 &#8211; CHF 370.00"}]},{"@type":"WebSite","@id":"https:\/\/www.swissraft.ch\/de\/#website","url":"https:\/\/www.swissraft.ch\/de\/","name":"Swissraft","description":"To enjoy nature as it is","publisher":{"@id":"https:\/\/www.swissraft.ch\/de\/#organization"},"potentialAction":[{"@type":"SearchAction","target":{"@type":"EntryPoint","urlTemplate":"https:\/\/www.swissraft.ch\/de\/?s={search_term_string}"},"query-input":{"@type":"PropertyValueSpecification","valueRequired":true,"valueName":"search_term_string"}}],"inLanguage":"de"},{"@type":"Organization","@id":"https:\/\/www.swissraft.ch\/de\/#organization","name":"Swissraft","url":"https:\/\/www.swissraft.ch\/de\/","logo":{"@type":"ImageObject","inLanguage":"de","@id":"https:\/\/www.swissraft.ch\/de\/#\/schema\/logo\/image\/","url":"https:\/\/www.swissraft.ch\/wp-content\/uploads\/2025\/09\/Capture.jpg","contentUrl":"https:\/\/www.swissraft.ch\/wp-content\/uploads\/2025\/09\/Capture.jpg","width":293,"height":108,"caption":"Swissraft"},"image":{"@id":"https:\/\/www.swissraft.ch\/de\/#\/schema\/logo\/image\/"}}]}},"_links":{"self":[{"href":"https:\/\/www.swissraft.ch\/de\/wp-json\/wp\/v2\/product\/91277","targetHints":{"allow":["GET"]}}],"collection":[{"href":"https:\/\/www.swissraft.ch\/de\/wp-json\/wp\/v2\/product"}],"about":[{"href":"https:\/\/www.swissraft.ch\/de\/wp-json\/wp\/v2\/types\/product"}],"replies":[{"embeddable":true,"href":"https:\/\/www.swissraft.ch\/de\/wp-json\/wp\/v2\/comments?post=91277"}],"version-history":[{"count":0,"href":"https:\/\/www.swissraft.ch\/de\/wp-json\/wp\/v2\/product\/91277\/revisions"}],"wp:featuredmedia":[{"embeddable":true,"href":"https:\/\/www.swissraft.ch\/de\/wp-json\/wp\/v2\/media\/88924"}],"wp:attachment":[{"href":"https:\/\/www.swissraft.ch\/de\/wp-json\/wp\/v2\/media?parent=91277"}],"wp:term":[{"taxonomy":"product_cat","embeddable":true,"href":"https:\/\/www.swissraft.ch\/de\/wp-json\/wp\/v2\/product_cat?post=91277"},{"taxonomy":"product_tag","embeddable":true,"href":"https:\/\/www.swissraft.ch\/de\/wp-json\/wp\/v2\/product_tag?post=91277"}],"curies":[{"name":"wp","href":"https:\/\/api.w.org\/{rel}","templated":true}]}}