{"id":91269,"date":"2024-01-28T01:11:10","date_gmt":"2024-01-28T00:11:10","guid":{"rendered":"https:\/\/swissraft.xyanzkdne.eu\/product\/flug-mit-dem-flugzeug-von-granges-les-prealpes-80-min-chf-550-00\/"},"modified":"2026-04-28T04:41:17","modified_gmt":"2026-04-28T02:41:17","slug":"flug-flugzeug-grenchen-rundflug-voralpen","status":"publish","type":"product","link":"https:\/\/www.swissraft.ch\/de\/produkt\/flug-flugzeug-grenchen-rundflug-voralpen\/","title":{"rendered":"Flug mit dem Flugzeug &#8211; Grenchen &#8211; Die Voralpen &#8211; 80 Min. &#8211; CHF 550.00"},"content":{"rendered":"\t\t<div data-elementor-type=\"wp-post\" data-elementor-id=\"91269\" class=\"elementor elementor-91269 elementor-58525\">\n\t\t\t\t\t\t\t\t\t<section class=\"elementor-section elementor-top-section elementor-element elementor-element-3303a7e3 elementor-section-boxed elementor-section-height-default elementor-section-height-default\" data-id=\"3303a7e3\" data-element_type=\"section\">\n\t\t\t\t\t\t<div class=\"elementor-container elementor-column-gap-default\">\n\t\t\t\t\t<div class=\"elementor-column elementor-col-100 elementor-top-column elementor-element elementor-element-16d72dbf\" data-id=\"16d72dbf\" data-element_type=\"column\">\n\t\t\t<div class=\"elementor-widget-wrap elementor-element-populated\">\n\t\t\t\t\t\t\t\t<div class=\"elementor-element elementor-element-d743c03 elementor-widget elementor-widget-text-editor\" data-id=\"d743c03\" data-element_type=\"widget\" data-widget_type=\"text-editor.default\">\n\t\t\t\t<div class=\"elementor-widget-container\">\n\t\t\t\t\t\t\t<h2>W\u00c4HLEN SIE UNTEN IHRE AKTIVIT\u00c4T AUS, UM GESCHENKGUTSCHEINE \/ TICKETS ZU VERSCHENKEN ODER ZU BUCHEN<\/h2><table border=\"0\" width=\"580\" cellspacing=\"10\" cellpadding=\"10\"><tbody><tr><td width=\"50%\"><strong>RUNDFLUG &#8211; DIE VORALPEN &#8211; PRIVATFLUG (1-3 Pers.) &#8211; 80 Min.<\/strong><\/td><td><strong>CHF 550.00 pro Privatflug<span class=\"productPrice\"><br \/><\/span><\/strong><\/td><\/tr><tr><td>Zus\u00e4tzliche Informationen<\/td><td>&#8211; Sie haben das Flugzeug ausschlie\u00dflich f\u00fcr sich<br \/>&#8211; Sie bestimmen das Datum und die Uhrzeit des Abflugs<br \/>&#8211; Maximum 3 Pers.<\/td><\/tr><tr><td>Flugplatz<\/td><td><a href=\"https:\/\/www.google.com\/maps\/place\/47%C2%B010'59.4%22N+7%C2%B024'53.1%22E\/@47.1836299,7.3960656,3068m\/data=!3m1!1e3!4m4!3m3!8m2!3d47.183175!4d7.41475?entry=ttu\" target=\"_blank\" rel=\"noopener\">Grenchen<\/a><\/td><\/tr><tr><td>Flugzeit<\/td><td>80 Min.<\/td><\/tr><tr><td>Gesamtdauer<\/td><td>ca. 1:40 Std.<\/td><\/tr><tr><td>Termin<\/td><td>Per Telefon<\/td><\/tr><tr><td><a href=\"https:\/\/swissraft.outdoorbooking.ch\/fo\/products\/659?base_id=149&amp;category_id=22&amp;order_type=gift_voucher&amp;lang=fr\" target=\"_blank\" rel=\"noopener\"><button class=\"elementor-button\" type=\"button\">GUTSCHEIN \/ TICKET KAUFEN<\/button><\/a><\/td><td><strong><em>WICHTIG !<\/em><\/strong><br \/><em>Um zu reservieren, rufen Sie die Nummer an, die sich oben links auf dem Gutschein \/ Ticket befindet.<\/em><\/td><\/tr><\/tbody><\/table>\t\t\t\t\t\t<\/div>\n\t\t\t\t<\/div>\n\t\t\t\t\t<\/div>\n\t\t<\/div>\n\t\t\t\t\t\t\t<\/div>\n\t\t<\/section>\n\t\t\t\t\t\t\t<\/div>\n\t\t","protected":false},"excerpt":{"rendered":"<div align=\"justify\">\n<h2 align=\"justify\">Dieser Flug von Grenchen aus an Bord einer ROBIN DR300 f\u00fchrt Sie in die Berner Voralpen.<\/h2>\n<h3>Entdecken Sie die Kulisse des Berner Oberlandes mit einer herrlichen Aussicht auf das Massiv von Eiger &#8211; M\u00f6nch und Jungfrau.<\/h3>\n<\/div>\n<div align=\"justify\">\n<p>Von Grenchen aus fahren Sie mit unserem ROBIN DR300 in die Berner Voralpen. Von hier aus haben Sie einen atemberaubenden Blick auf das Eiger- und Jungfrau-Massiv mit einer H\u00f6he von 4158m. Sie fliegen abwechselnd \u00fcber St. Petersinsel &#8211; das Greyerzerland, dessen K\u00e4se ber\u00fchmt ist. Dann fahren Sie weiter ins Simmental, zum Thunersee und seinen wundersch\u00f6nen, weltber\u00fchmten Ufern. Der Flug geht weiter ins Emmental, bevor Sie wieder in Grenchen landen.<\/p>\n<h3>Auf unserer Website haben Sie die Wahl zwischen mehr als 40 Flugrouten an Bord unserer Flugzeuge, die von 6 Flugpl\u00e4tzen und Flugh\u00e4fen abfliegen.<\/h3>\n<p id=\"textarea\" style=\"display: none;\">\nDar\u00fcber hinaus bietet der Flughafen Bern-Belp Rundfl\u00fcge mit dem Flugzeug an. Ebenso organisieren wir von Biel aus in der Drei-Seen-Region Vergn\u00fcgungsfl\u00fcge. Im Kanton Aargau gibt es Rundfl\u00fcge ab dem Flugplatz Buttwil. Au\u00dferdem werden Rundfl\u00fcge von \u00c9pagny im Greyerzerland im Kanton Freiburg angeboten. Dar\u00fcber hinaus schlagen wir den Kanton St. St. Gallen bietet Rundfl\u00fcge ab dem Flugplatz Sch\u00e4nis an.\n<\/p>\n<p><a id=\"seeMore\" onclick=\"toggleSeeMore()\" href=\"javascript:void(0);\">Lesen Sie mehr<\/a><\/p>\n","protected":false},"featured_media":89722,"comment_status":"open","ping_status":"closed","template":"","meta":{"inline_featured_image":false,"_mi_skip_tracking":false},"product_cat":[293,295],"product_tag":[],"class_list":["post-91269","product","type-product","status-publish","has-post-thumbnail","hentry","product_cat-flug-in-der-schweiz","product_cat-flug-flugzeug-rundflug-grenchen"],"yoast_head":"<!-- This site is optimized with the Yoast SEO plugin v23.6 - https:\/\/yoast.com\/wordpress\/plugins\/seo\/ -->\n<title>Rundflug die Voralpen mit dem Flugzeug ab Grenchen<\/title>\n<meta name=\"description\" content=\"Rundflug die Voralpen ab dem Flugplatz Grenchen. W\u00e4hrend dieses Fluges haben Sie u.a. einen herrlichen Blick auf das Eigermassiv\" \/>\n<meta name=\"robots\" content=\"index, follow, max-snippet:-1, max-image-preview:large, max-video-preview:-1\" \/>\n<link rel=\"canonical\" href=\"https:\/\/www.swissraft.ch\/de\/produkt\/flug-flugzeug-grenchen-rundflug-voralpen\/\" \/>\n<meta property=\"og:locale\" content=\"de_DE\" \/>\n<meta property=\"og:type\" content=\"article\" \/>\n<meta property=\"og:title\" content=\"Rundflug die Voralpen mit dem Flugzeug ab Grenchen\" \/>\n<meta property=\"og:description\" content=\"Rundflug die Voralpen ab dem Flugplatz Grenchen. W\u00e4hrend dieses Fluges haben Sie u.a. einen herrlichen Blick auf das Eigermassiv\" \/>\n<meta property=\"og:url\" content=\"https:\/\/www.swissraft.ch\/de\/produkt\/flug-flugzeug-grenchen-rundflug-voralpen\/\" \/>\n<meta property=\"og:site_name\" content=\"Swissraft\" \/>\n<meta property=\"article:modified_time\" content=\"2026-04-28T02:41:17+00:00\" \/>\n<meta property=\"og:image\" content=\"https:\/\/www.swissraft.ch\/wp-content\/uploads\/2024\/01\/Jungfrau-776x776-1.jpg\" \/>\n\t<meta property=\"og:image:width\" content=\"776\" \/>\n\t<meta property=\"og:image:height\" content=\"776\" \/>\n\t<meta property=\"og:image:type\" content=\"image\/jpeg\" \/>\n<meta name=\"twitter:card\" content=\"summary_large_image\" \/>\n<meta name=\"twitter:label1\" content=\"Gesch\u00e4tzte Lesezeit\" \/>\n\t<meta name=\"twitter:data1\" content=\"1\u00a0Minute\" \/>\n<script type=\"application\/ld+json\" class=\"yoast-schema-graph\">{\"@context\":\"https:\/\/schema.org\",\"@graph\":[{\"@type\":\"WebPage\",\"@id\":\"https:\/\/www.swissraft.ch\/de\/produkt\/flug-flugzeug-grenchen-rundflug-voralpen\/\",\"url\":\"https:\/\/www.swissraft.ch\/de\/produkt\/flug-flugzeug-grenchen-rundflug-voralpen\/\",\"name\":\"Rundflug die Voralpen mit dem Flugzeug ab Grenchen\",\"isPartOf\":{\"@id\":\"https:\/\/www.swissraft.ch\/de\/#website\"},\"primaryImageOfPage\":{\"@id\":\"https:\/\/www.swissraft.ch\/de\/produkt\/flug-flugzeug-grenchen-rundflug-voralpen\/#primaryimage\"},\"image\":{\"@id\":\"https:\/\/www.swissraft.ch\/de\/produkt\/flug-flugzeug-grenchen-rundflug-voralpen\/#primaryimage\"},\"thumbnailUrl\":\"https:\/\/www.swissraft.ch\/wp-content\/uploads\/2024\/01\/Jungfrau-776x776-1.jpg\",\"datePublished\":\"2024-01-28T00:11:10+00:00\",\"dateModified\":\"2026-04-28T02:41:17+00:00\",\"description\":\"Rundflug die Voralpen ab dem Flugplatz Grenchen. W\u00e4hrend dieses Fluges haben Sie u.a. einen herrlichen Blick auf das Eigermassiv\",\"breadcrumb\":{\"@id\":\"https:\/\/www.swissraft.ch\/de\/produkt\/flug-flugzeug-grenchen-rundflug-voralpen\/#breadcrumb\"},\"inLanguage\":\"de\",\"potentialAction\":[{\"@type\":\"ReadAction\",\"target\":[\"https:\/\/www.swissraft.ch\/de\/produkt\/flug-flugzeug-grenchen-rundflug-voralpen\/\"]}]},{\"@type\":\"ImageObject\",\"inLanguage\":\"de\",\"@id\":\"https:\/\/www.swissraft.ch\/de\/produkt\/flug-flugzeug-grenchen-rundflug-voralpen\/#primaryimage\",\"url\":\"https:\/\/www.swissraft.ch\/wp-content\/uploads\/2024\/01\/Jungfrau-776x776-1.jpg\",\"contentUrl\":\"https:\/\/www.swissraft.ch\/wp-content\/uploads\/2024\/01\/Jungfrau-776x776-1.jpg\",\"width\":776,\"height\":776,\"caption\":\"Flug mit dem Flugzeug \u00fcber die Voralpen von Granges aus\"},{\"@type\":\"BreadcrumbList\",\"@id\":\"https:\/\/www.swissraft.ch\/de\/produkt\/flug-flugzeug-grenchen-rundflug-voralpen\/#breadcrumb\",\"itemListElement\":[{\"@type\":\"ListItem\",\"position\":1,\"name\":\"Accueil\",\"item\":\"https:\/\/www.swissraft.ch\/de\/\"},{\"@type\":\"ListItem\",\"position\":2,\"name\":\"Shop\",\"item\":\"https:\/\/www.swissraft.ch\/de\/shop\/\"},{\"@type\":\"ListItem\",\"position\":3,\"name\":\"Flug mit dem Flugzeug &#8211; Grenchen &#8211; Die Voralpen &#8211; 80 Min. &#8211; CHF 550.00\"}]},{\"@type\":\"WebSite\",\"@id\":\"https:\/\/www.swissraft.ch\/de\/#website\",\"url\":\"https:\/\/www.swissraft.ch\/de\/\",\"name\":\"Swissraft\",\"description\":\"To enjoy nature as it is\",\"publisher\":{\"@id\":\"https:\/\/www.swissraft.ch\/de\/#organization\"},\"potentialAction\":[{\"@type\":\"SearchAction\",\"target\":{\"@type\":\"EntryPoint\",\"urlTemplate\":\"https:\/\/www.swissraft.ch\/de\/?s={search_term_string}\"},\"query-input\":{\"@type\":\"PropertyValueSpecification\",\"valueRequired\":true,\"valueName\":\"search_term_string\"}}],\"inLanguage\":\"de\"},{\"@type\":\"Organization\",\"@id\":\"https:\/\/www.swissraft.ch\/de\/#organization\",\"name\":\"Swissraft\",\"url\":\"https:\/\/www.swissraft.ch\/de\/\",\"logo\":{\"@type\":\"ImageObject\",\"inLanguage\":\"de\",\"@id\":\"https:\/\/www.swissraft.ch\/de\/#\/schema\/logo\/image\/\",\"url\":\"https:\/\/www.swissraft.ch\/wp-content\/uploads\/2025\/09\/Capture.jpg\",\"contentUrl\":\"https:\/\/www.swissraft.ch\/wp-content\/uploads\/2025\/09\/Capture.jpg\",\"width\":293,\"height\":108,\"caption\":\"Swissraft\"},\"image\":{\"@id\":\"https:\/\/www.swissraft.ch\/de\/#\/schema\/logo\/image\/\"}}]}<\/script>\n<!-- \/ Yoast SEO plugin. -->","yoast_head_json":{"title":"Rundflug die Voralpen mit dem Flugzeug ab Grenchen","description":"Rundflug die Voralpen ab dem Flugplatz Grenchen. W\u00e4hrend dieses Fluges haben Sie u.a. einen herrlichen Blick auf das Eigermassiv","robots":{"index":"index","follow":"follow","max-snippet":"max-snippet:-1","max-image-preview":"max-image-preview:large","max-video-preview":"max-video-preview:-1"},"canonical":"https:\/\/www.swissraft.ch\/de\/produkt\/flug-flugzeug-grenchen-rundflug-voralpen\/","og_locale":"de_DE","og_type":"article","og_title":"Rundflug die Voralpen mit dem Flugzeug ab Grenchen","og_description":"Rundflug die Voralpen ab dem Flugplatz Grenchen. W\u00e4hrend dieses Fluges haben Sie u.a. einen herrlichen Blick auf das Eigermassiv","og_url":"https:\/\/www.swissraft.ch\/de\/produkt\/flug-flugzeug-grenchen-rundflug-voralpen\/","og_site_name":"Swissraft","article_modified_time":"2026-04-28T02:41:17+00:00","og_image":[{"width":776,"height":776,"url":"https:\/\/www.swissraft.ch\/wp-content\/uploads\/2024\/01\/Jungfrau-776x776-1.jpg","type":"image\/jpeg"}],"twitter_card":"summary_large_image","twitter_misc":{"Gesch\u00e4tzte Lesezeit":"1\u00a0Minute"},"schema":{"@context":"https:\/\/schema.org","@graph":[{"@type":"WebPage","@id":"https:\/\/www.swissraft.ch\/de\/produkt\/flug-flugzeug-grenchen-rundflug-voralpen\/","url":"https:\/\/www.swissraft.ch\/de\/produkt\/flug-flugzeug-grenchen-rundflug-voralpen\/","name":"Rundflug die Voralpen mit dem Flugzeug ab Grenchen","isPartOf":{"@id":"https:\/\/www.swissraft.ch\/de\/#website"},"primaryImageOfPage":{"@id":"https:\/\/www.swissraft.ch\/de\/produkt\/flug-flugzeug-grenchen-rundflug-voralpen\/#primaryimage"},"image":{"@id":"https:\/\/www.swissraft.ch\/de\/produkt\/flug-flugzeug-grenchen-rundflug-voralpen\/#primaryimage"},"thumbnailUrl":"https:\/\/www.swissraft.ch\/wp-content\/uploads\/2024\/01\/Jungfrau-776x776-1.jpg","datePublished":"2024-01-28T00:11:10+00:00","dateModified":"2026-04-28T02:41:17+00:00","description":"Rundflug die Voralpen ab dem Flugplatz Grenchen. W\u00e4hrend dieses Fluges haben Sie u.a. einen herrlichen Blick auf das Eigermassiv","breadcrumb":{"@id":"https:\/\/www.swissraft.ch\/de\/produkt\/flug-flugzeug-grenchen-rundflug-voralpen\/#breadcrumb"},"inLanguage":"de","potentialAction":[{"@type":"ReadAction","target":["https:\/\/www.swissraft.ch\/de\/produkt\/flug-flugzeug-grenchen-rundflug-voralpen\/"]}]},{"@type":"ImageObject","inLanguage":"de","@id":"https:\/\/www.swissraft.ch\/de\/produkt\/flug-flugzeug-grenchen-rundflug-voralpen\/#primaryimage","url":"https:\/\/www.swissraft.ch\/wp-content\/uploads\/2024\/01\/Jungfrau-776x776-1.jpg","contentUrl":"https:\/\/www.swissraft.ch\/wp-content\/uploads\/2024\/01\/Jungfrau-776x776-1.jpg","width":776,"height":776,"caption":"Flug mit dem Flugzeug \u00fcber die Voralpen von Granges aus"},{"@type":"BreadcrumbList","@id":"https:\/\/www.swissraft.ch\/de\/produkt\/flug-flugzeug-grenchen-rundflug-voralpen\/#breadcrumb","itemListElement":[{"@type":"ListItem","position":1,"name":"Accueil","item":"https:\/\/www.swissraft.ch\/de\/"},{"@type":"ListItem","position":2,"name":"Shop","item":"https:\/\/www.swissraft.ch\/de\/shop\/"},{"@type":"ListItem","position":3,"name":"Flug mit dem Flugzeug &#8211; Grenchen &#8211; Die Voralpen &#8211; 80 Min. &#8211; CHF 550.00"}]},{"@type":"WebSite","@id":"https:\/\/www.swissraft.ch\/de\/#website","url":"https:\/\/www.swissraft.ch\/de\/","name":"Swissraft","description":"To enjoy nature as it is","publisher":{"@id":"https:\/\/www.swissraft.ch\/de\/#organization"},"potentialAction":[{"@type":"SearchAction","target":{"@type":"EntryPoint","urlTemplate":"https:\/\/www.swissraft.ch\/de\/?s={search_term_string}"},"query-input":{"@type":"PropertyValueSpecification","valueRequired":true,"valueName":"search_term_string"}}],"inLanguage":"de"},{"@type":"Organization","@id":"https:\/\/www.swissraft.ch\/de\/#organization","name":"Swissraft","url":"https:\/\/www.swissraft.ch\/de\/","logo":{"@type":"ImageObject","inLanguage":"de","@id":"https:\/\/www.swissraft.ch\/de\/#\/schema\/logo\/image\/","url":"https:\/\/www.swissraft.ch\/wp-content\/uploads\/2025\/09\/Capture.jpg","contentUrl":"https:\/\/www.swissraft.ch\/wp-content\/uploads\/2025\/09\/Capture.jpg","width":293,"height":108,"caption":"Swissraft"},"image":{"@id":"https:\/\/www.swissraft.ch\/de\/#\/schema\/logo\/image\/"}}]}},"_links":{"self":[{"href":"https:\/\/www.swissraft.ch\/de\/wp-json\/wp\/v2\/product\/91269","targetHints":{"allow":["GET"]}}],"collection":[{"href":"https:\/\/www.swissraft.ch\/de\/wp-json\/wp\/v2\/product"}],"about":[{"href":"https:\/\/www.swissraft.ch\/de\/wp-json\/wp\/v2\/types\/product"}],"replies":[{"embeddable":true,"href":"https:\/\/www.swissraft.ch\/de\/wp-json\/wp\/v2\/comments?post=91269"}],"version-history":[{"count":11,"href":"https:\/\/www.swissraft.ch\/de\/wp-json\/wp\/v2\/product\/91269\/revisions"}],"predecessor-version":[{"id":142766,"href":"https:\/\/www.swissraft.ch\/de\/wp-json\/wp\/v2\/product\/91269\/revisions\/142766"}],"wp:featuredmedia":[{"embeddable":true,"href":"https:\/\/www.swissraft.ch\/de\/wp-json\/wp\/v2\/media\/89722"}],"wp:attachment":[{"href":"https:\/\/www.swissraft.ch\/de\/wp-json\/wp\/v2\/media?parent=91269"}],"wp:term":[{"taxonomy":"product_cat","embeddable":true,"href":"https:\/\/www.swissraft.ch\/de\/wp-json\/wp\/v2\/product_cat?post=91269"},{"taxonomy":"product_tag","embeddable":true,"href":"https:\/\/www.swissraft.ch\/de\/wp-json\/wp\/v2\/product_tag?post=91269"}],"curies":[{"name":"wp","href":"https:\/\/api.w.org\/{rel}","templated":true}]}}