{"id":91266,"date":"2024-02-14T21:57:12","date_gmt":"2024-02-14T20:57:12","guid":{"rendered":"https:\/\/swissraft.xyanzkdne.eu\/product\/fallschirmspringen-in-kaegiswil-tandem-springen-aus-einem-flugzeug-ab-chf-390-00\/"},"modified":"2026-04-26T18:51:16","modified_gmt":"2026-04-26T16:51:16","slug":"kaegiswil-tandemfallschirmsprung","status":"publish","type":"product","link":"https:\/\/www.swissraft.ch\/de\/produkt\/kaegiswil-tandemfallschirmsprung\/","title":{"rendered":"Fallschirmspringen &#8211; K\u00e4giswil &#8211; Tandemsprung aus einem Flugzeug &#8211; Ab CHF 390.00"},"content":{"rendered":"\t\t<div data-elementor-type=\"wp-post\" data-elementor-id=\"91266\" class=\"elementor elementor-91266 elementor-59833\">\n\t\t\t\t\t\t\t\t\t<section class=\"elementor-section elementor-top-section elementor-element elementor-element-3303a7e3 elementor-section-boxed elementor-section-height-default elementor-section-height-default\" data-id=\"3303a7e3\" data-element_type=\"section\">\n\t\t\t\t\t\t<div class=\"elementor-container elementor-column-gap-default\">\n\t\t\t\t\t<div class=\"elementor-column elementor-col-100 elementor-top-column elementor-element elementor-element-16d72dbf\" data-id=\"16d72dbf\" data-element_type=\"column\">\n\t\t\t<div class=\"elementor-widget-wrap elementor-element-populated\">\n\t\t\t\t\t\t\t\t<div class=\"elementor-element elementor-element-d743c03 elementor-widget elementor-widget-text-editor\" data-id=\"d743c03\" data-element_type=\"widget\" data-widget_type=\"text-editor.default\">\n\t\t\t\t<div class=\"elementor-widget-container\">\n\t\t\t\t\t\t\t<h2>W\u00c4HLEN SIE UNTEN IHRE AKTIVIT\u00c4T AUS, UM GESCHENKGUTSCHEINE \/ TICKETS ZU VERSCHENKEN ODER ZU BUCHEN.<\/h2><table border=\"0\" width=\"580\" cellspacing=\"10\" cellpadding=\"10\"><tbody><tr><td width=\"50%\"><strong>1) TANDEMFALLSCHIRMSPRUNG &#8211; KAEGISWIL<\/strong><\/td><td><strong>CHF 390.00 pro Person<span class=\"productPrice\"><br \/><\/span><\/strong><\/td><\/tr><tr><td>Zus\u00e4tzliche Informationen<\/td><td>&#8211; Sportschuhe ohne Haken<br \/>&#8211; Sie d\u00fcrfen nicht n\u00fcchtern sein<br \/>&#8211; Sie d\u00fcrfen nicht unter dem Einfluss von Alkohol oder anderen Substanzen stehen<br \/><span class=\"patt\">&#8211; Einverst\u00e4ndniserkl\u00e4rung der Eltern f\u00fcr Minderj\u00e4hrige<\/span><\/td><\/tr><tr><td>Zeiten<\/td><td>Bei Ihrer Buchung w\u00e4hlen Sie die Uhrzeit aus<\/td><\/tr><tr><td>Dauer des freien Falls<\/td><td>ca. 50 Sekunden<\/td><\/tr><tr><td>Gesamtdauer<\/td><td>ca. 4 Std.<\/td><\/tr><tr><td>Flugplatz<\/td><td><a href=\"https:\/\/www.google.com\/maps\/place\/46%C2%B054'25.9%22N+8%C2%B015'04.7%22E\/@46.9072425,8.2326904,3084m\/data=!3m1!1e3!4m4!3m3!8m2!3d46.9071944!4d8.2513056?entry=ttu\" target=\"_blank\" rel=\"noopener\">K\u00e4giswil<\/a><\/td><\/tr><tr><td><a href=\"https:\/\/swissraft.outdoorbooking.ch\/fo\/products\/1055?base_id=44&amp;category_id=5&amp;order_type=gift_voucher&amp;lang=de\" target=\"_blank\" rel=\"noopener\"><button class=\"elementor-button\" type=\"button\">GUTSCHEIN \/ TICKET KAUFEN<\/button><\/a><\/td><td><a href=\"https:\/\/swissraft.outdoorbooking.ch\/fo\/products\/1375?base_id=210&amp;category_id=5&amp;order_type=event&amp;lang=fr\" target=\"_blank\" rel=\"noopener\">DAS DATUM DES SPRUNGES BUCHEN<\/a><\/td><\/tr><\/tbody><\/table><table border=\"0\" width=\"580\" cellspacing=\"10\" cellpadding=\"10\"><tbody><tr><td width=\"50%\"><strong>2) TANDEMFALLSCHIRMSPRUNG + VIDEO &#8211; KAEGISWIL<\/strong><\/td><td><strong>CHF 540.00 pro Person<span class=\"productPrice\"><br \/><\/span><\/strong><\/td><\/tr><tr><td>Weitere Informationen<\/td><td>&#8211; Sportschuhe ohne Haken<br \/>&#8211; Sie d\u00fcrfen nicht n\u00fcchtern sein<br \/>&#8211; Sie d\u00fcrfen nicht unter dem Einfluss von Alkohol oder anderen Substanzen stehen<br \/><span class=\"patt\">&#8211; Einverst\u00e4ndniserkl\u00e4rung der Eltern f\u00fcr Minderj\u00e4hrige<\/span><\/td><\/tr><tr><td>Zeiten<\/td><td>Bei Ihrer Buchung w\u00e4hlen Sie die Uhrzeit aus<\/td><\/tr><tr><td>Dauer des freien Falls<\/td><td>ca. 50 Sekunden<\/td><\/tr><tr><td>Gesamtdauer<\/td><td>ca. 4 Std.<\/td><\/tr><tr><td>Flugplatz<\/td><td><a href=\"https:\/\/www.google.com\/maps\/place\/46%C2%B054'25.9%22N+8%C2%B015'04.7%22E\/@46.9072425,8.2326904,3084m\/data=!3m1!1e3!4m4!3m3!8m2!3d46.9071944!4d8.2513056?entry=ttu\" target=\"_blank\" rel=\"noopener\">K\u00e4giswil<\/a><\/td><\/tr><tr><td><a href=\"https:\/\/swissraft.outdoorbooking.ch\/fo\/products\/1056?base_id=44&amp;category_id=5&amp;order_type=gift_voucher&amp;lang=de\" target=\"_blank\" rel=\"noopener\"><button class=\"elementor-button\" type=\"button\">GUTSCHEIN \/ TICKET KAUFEN<\/button><\/a><\/td><td><a href=\"https:\/\/swissraft.outdoorbooking.ch\/fo\/products\/1374?base_id=210&amp;category_id=5&amp;order_type=event&amp;lang=fr\" target=\"_blank\" rel=\"noopener\">DAS DATUM DES SPRUNGES BUCHEN<\/a><\/td><\/tr><\/tbody><\/table>\t\t\t\t\t\t<\/div>\n\t\t\t\t<\/div>\n\t\t\t\t\t<\/div>\n\t\t<\/div>\n\t\t\t\t\t\t\t<\/div>\n\t\t<\/section>\n\t\t\t\t\t\t\t<\/div>\n\t\t","protected":false},"excerpt":{"rendered":"<div align=\"justify\">\n<h2 align=\"justify\">Fallschirm-Tandemsprung in K\u00e4giswil im Kanton Obwalden<\/h2>\n<h3>Tandemsprung aus einem Flugzeug aus einer H\u00f6he von 4000 m \u00fcber dem Boden<\/h3>\n<\/div>\n<div align=\"justify\">\n<p>Wir begr\u00fc\u00dfen Sie auf dem Flugplatz K\u00e4giswil. Sie erhalten Anweisungen f\u00fcr den freien Fall und die Landung. Dann setzen wir Ihnen eine Brille auf. Sie ziehen Ihre Ausr\u00fcstung und einen Anzug an, bevor Sie an Bord des Flugzeugs gehen. W\u00e4hrend des Aufstiegs bietet sich Ihnen eine herrliche Aussicht. Diesmal sind Sie bereit f\u00fcr den gro\u00dfen Sprung. Beim Verlassen des Flugzeugs \u00fcberkommt Sie ein Adrenalinschub. Ihr Traum wird wahr. Bei Geschwindigkeiten von \u00fcber 200 km\/h zerzaust der Wind Sie. Sie k\u00f6nnen auch einen Solosprung mit uns machen. Ein AFF-Sprung erfordert einen Tag Vorbereitung. Sie springen mit zwei Lehrern ab, die Sie stabilisieren. Nachdem sich der Fallschirm ge\u00f6ffnet hat, gehen Sie allein unter Ihrem Schirm nach unten. Ein Fluglehrer am Boden leitet Sie \u00fcber Funk bis zur Landung. Ein aufregendes Erlebnis erwartet Sie!<\/p>\n<h3>Swissraft bietet auf seiner Website zahlreiche Dropzones an, die \u00fcber die Schweiz und das benachbarte Deutschland verteilt sind.<\/h3>\n<p id=\"textarea\" style=\"display: none;\">\nWir springen von verschiedenen Flugpl\u00e4tzen in der Schweiz ab: von Berom\u00fcnster, Interlaken und Reichenbach im Berner Oberland. Von Granges, \u00c9cuvillens, \u00c9pagny und Colombier. Im Kanton Waadt springen wir von Bex aus. Im Wallis machen wir Tandemspr\u00fcnge von Sitten und Raron. In Thurgau von Sitterdorf aus. Im Tessin von Locarno aus. Und in der N\u00e4he von Basel auf dem Flugplatz Rottweil in Deutschland.\n<\/p>\n<p><a id=\"seeMore\" onclick=\"toggleSeeMore()\" href=\"javascript:void(0);\">Lesen Sie mehr<\/a><\/p>\n","protected":false},"featured_media":89806,"comment_status":"open","ping_status":"closed","template":"","meta":{"inline_featured_image":false,"_mi_skip_tracking":false},"product_cat":[292],"product_tag":[],"class_list":["post-91266","product","type-product","status-publish","has-post-thumbnail","hentry","product_cat-tandem-fallschirmsprung-tandemsprung"],"yoast_head":"<!-- This site is optimized with the Yoast SEO plugin v23.6 - https:\/\/yoast.com\/wordpress\/plugins\/seo\/ -->\n<title>Kaegiswil Tandemfallschirmsprung aus einem Flugzeug<\/title>\n<meta name=\"description\" content=\"Kaegiswil Tandemfallschirmsprung aus einem Flugzeug. Sie und Ihr Pilot springen aus einer H\u00f6he von 4000 m\/Grund ab mit 50 Sekunden Freifall\" \/>\n<meta name=\"robots\" content=\"index, follow, max-snippet:-1, max-image-preview:large, max-video-preview:-1\" \/>\n<link rel=\"canonical\" href=\"https:\/\/www.swissraft.ch\/de\/produkt\/kaegiswil-tandemfallschirmsprung\/\" \/>\n<meta property=\"og:locale\" content=\"de_DE\" \/>\n<meta property=\"og:type\" content=\"article\" \/>\n<meta property=\"og:title\" content=\"Kaegiswil Tandemfallschirmsprung aus einem Flugzeug\" \/>\n<meta property=\"og:description\" content=\"Kaegiswil Tandemfallschirmsprung aus einem Flugzeug. Sie und Ihr Pilot springen aus einer H\u00f6he von 4000 m\/Grund ab mit 50 Sekunden Freifall\" \/>\n<meta property=\"og:url\" content=\"https:\/\/www.swissraft.ch\/de\/produkt\/kaegiswil-tandemfallschirmsprung\/\" \/>\n<meta property=\"og:site_name\" content=\"Swissraft\" \/>\n<meta property=\"article:modified_time\" content=\"2026-04-26T16:51:16+00:00\" \/>\n<meta property=\"og:image\" content=\"https:\/\/www.swissraft.ch\/wp-content\/uploads\/2024\/02\/1-KAGISWIL-776x776-1.jpg\" \/>\n\t<meta property=\"og:image:width\" content=\"776\" \/>\n\t<meta property=\"og:image:height\" content=\"776\" \/>\n\t<meta property=\"og:image:type\" content=\"image\/jpeg\" \/>\n<meta name=\"twitter:card\" content=\"summary_large_image\" \/>\n<meta name=\"twitter:label1\" content=\"Gesch\u00e4tzte Lesezeit\" \/>\n\t<meta name=\"twitter:data1\" content=\"1\u00a0Minute\" \/>\n<script type=\"application\/ld+json\" class=\"yoast-schema-graph\">{\"@context\":\"https:\/\/schema.org\",\"@graph\":[{\"@type\":\"WebPage\",\"@id\":\"https:\/\/www.swissraft.ch\/de\/produkt\/kaegiswil-tandemfallschirmsprung\/\",\"url\":\"https:\/\/www.swissraft.ch\/de\/produkt\/kaegiswil-tandemfallschirmsprung\/\",\"name\":\"Kaegiswil Tandemfallschirmsprung aus einem Flugzeug\",\"isPartOf\":{\"@id\":\"https:\/\/www.swissraft.ch\/de\/#website\"},\"primaryImageOfPage\":{\"@id\":\"https:\/\/www.swissraft.ch\/de\/produkt\/kaegiswil-tandemfallschirmsprung\/#primaryimage\"},\"image\":{\"@id\":\"https:\/\/www.swissraft.ch\/de\/produkt\/kaegiswil-tandemfallschirmsprung\/#primaryimage\"},\"thumbnailUrl\":\"https:\/\/www.swissraft.ch\/wp-content\/uploads\/2024\/02\/1-KAGISWIL-776x776-1.jpg\",\"datePublished\":\"2024-02-14T20:57:12+00:00\",\"dateModified\":\"2026-04-26T16:51:16+00:00\",\"description\":\"Kaegiswil Tandemfallschirmsprung aus einem Flugzeug. Sie und Ihr Pilot springen aus einer H\u00f6he von 4000 m\/Grund ab mit 50 Sekunden Freifall\",\"breadcrumb\":{\"@id\":\"https:\/\/www.swissraft.ch\/de\/produkt\/kaegiswil-tandemfallschirmsprung\/#breadcrumb\"},\"inLanguage\":\"de\",\"potentialAction\":[{\"@type\":\"ReadAction\",\"target\":[\"https:\/\/www.swissraft.ch\/de\/produkt\/kaegiswil-tandemfallschirmsprung\/\"]}]},{\"@type\":\"ImageObject\",\"inLanguage\":\"de\",\"@id\":\"https:\/\/www.swissraft.ch\/de\/produkt\/kaegiswil-tandemfallschirmsprung\/#primaryimage\",\"url\":\"https:\/\/www.swissraft.ch\/wp-content\/uploads\/2024\/02\/1-KAGISWIL-776x776-1.jpg\",\"contentUrl\":\"https:\/\/www.swissraft.ch\/wp-content\/uploads\/2024\/02\/1-KAGISWIL-776x776-1.jpg\",\"width\":776,\"height\":776,\"caption\":\"Kaegiswil Tandemfallschirmsprung\"},{\"@type\":\"BreadcrumbList\",\"@id\":\"https:\/\/www.swissraft.ch\/de\/produkt\/kaegiswil-tandemfallschirmsprung\/#breadcrumb\",\"itemListElement\":[{\"@type\":\"ListItem\",\"position\":1,\"name\":\"Accueil\",\"item\":\"https:\/\/www.swissraft.ch\/de\/\"},{\"@type\":\"ListItem\",\"position\":2,\"name\":\"Shop\",\"item\":\"https:\/\/www.swissraft.ch\/de\/shop\/\"},{\"@type\":\"ListItem\",\"position\":3,\"name\":\"Fallschirmspringen &#8211; K\u00e4giswil &#8211; Tandemsprung aus einem Flugzeug &#8211; Ab CHF 390.00\"}]},{\"@type\":\"WebSite\",\"@id\":\"https:\/\/www.swissraft.ch\/de\/#website\",\"url\":\"https:\/\/www.swissraft.ch\/de\/\",\"name\":\"Swissraft\",\"description\":\"To enjoy nature as it is\",\"publisher\":{\"@id\":\"https:\/\/www.swissraft.ch\/de\/#organization\"},\"potentialAction\":[{\"@type\":\"SearchAction\",\"target\":{\"@type\":\"EntryPoint\",\"urlTemplate\":\"https:\/\/www.swissraft.ch\/de\/?s={search_term_string}\"},\"query-input\":{\"@type\":\"PropertyValueSpecification\",\"valueRequired\":true,\"valueName\":\"search_term_string\"}}],\"inLanguage\":\"de\"},{\"@type\":\"Organization\",\"@id\":\"https:\/\/www.swissraft.ch\/de\/#organization\",\"name\":\"Swissraft\",\"url\":\"https:\/\/www.swissraft.ch\/de\/\",\"logo\":{\"@type\":\"ImageObject\",\"inLanguage\":\"de\",\"@id\":\"https:\/\/www.swissraft.ch\/de\/#\/schema\/logo\/image\/\",\"url\":\"https:\/\/www.swissraft.ch\/wp-content\/uploads\/2025\/09\/Capture.jpg\",\"contentUrl\":\"https:\/\/www.swissraft.ch\/wp-content\/uploads\/2025\/09\/Capture.jpg\",\"width\":293,\"height\":108,\"caption\":\"Swissraft\"},\"image\":{\"@id\":\"https:\/\/www.swissraft.ch\/de\/#\/schema\/logo\/image\/\"}}]}<\/script>\n<!-- \/ Yoast SEO plugin. -->","yoast_head_json":{"title":"Kaegiswil Tandemfallschirmsprung aus einem Flugzeug","description":"Kaegiswil Tandemfallschirmsprung aus einem Flugzeug. Sie und Ihr Pilot springen aus einer H\u00f6he von 4000 m\/Grund ab mit 50 Sekunden Freifall","robots":{"index":"index","follow":"follow","max-snippet":"max-snippet:-1","max-image-preview":"max-image-preview:large","max-video-preview":"max-video-preview:-1"},"canonical":"https:\/\/www.swissraft.ch\/de\/produkt\/kaegiswil-tandemfallschirmsprung\/","og_locale":"de_DE","og_type":"article","og_title":"Kaegiswil Tandemfallschirmsprung aus einem Flugzeug","og_description":"Kaegiswil Tandemfallschirmsprung aus einem Flugzeug. Sie und Ihr Pilot springen aus einer H\u00f6he von 4000 m\/Grund ab mit 50 Sekunden Freifall","og_url":"https:\/\/www.swissraft.ch\/de\/produkt\/kaegiswil-tandemfallschirmsprung\/","og_site_name":"Swissraft","article_modified_time":"2026-04-26T16:51:16+00:00","og_image":[{"width":776,"height":776,"url":"https:\/\/www.swissraft.ch\/wp-content\/uploads\/2024\/02\/1-KAGISWIL-776x776-1.jpg","type":"image\/jpeg"}],"twitter_card":"summary_large_image","twitter_misc":{"Gesch\u00e4tzte Lesezeit":"1\u00a0Minute"},"schema":{"@context":"https:\/\/schema.org","@graph":[{"@type":"WebPage","@id":"https:\/\/www.swissraft.ch\/de\/produkt\/kaegiswil-tandemfallschirmsprung\/","url":"https:\/\/www.swissraft.ch\/de\/produkt\/kaegiswil-tandemfallschirmsprung\/","name":"Kaegiswil Tandemfallschirmsprung aus einem Flugzeug","isPartOf":{"@id":"https:\/\/www.swissraft.ch\/de\/#website"},"primaryImageOfPage":{"@id":"https:\/\/www.swissraft.ch\/de\/produkt\/kaegiswil-tandemfallschirmsprung\/#primaryimage"},"image":{"@id":"https:\/\/www.swissraft.ch\/de\/produkt\/kaegiswil-tandemfallschirmsprung\/#primaryimage"},"thumbnailUrl":"https:\/\/www.swissraft.ch\/wp-content\/uploads\/2024\/02\/1-KAGISWIL-776x776-1.jpg","datePublished":"2024-02-14T20:57:12+00:00","dateModified":"2026-04-26T16:51:16+00:00","description":"Kaegiswil Tandemfallschirmsprung aus einem Flugzeug. Sie und Ihr Pilot springen aus einer H\u00f6he von 4000 m\/Grund ab mit 50 Sekunden Freifall","breadcrumb":{"@id":"https:\/\/www.swissraft.ch\/de\/produkt\/kaegiswil-tandemfallschirmsprung\/#breadcrumb"},"inLanguage":"de","potentialAction":[{"@type":"ReadAction","target":["https:\/\/www.swissraft.ch\/de\/produkt\/kaegiswil-tandemfallschirmsprung\/"]}]},{"@type":"ImageObject","inLanguage":"de","@id":"https:\/\/www.swissraft.ch\/de\/produkt\/kaegiswil-tandemfallschirmsprung\/#primaryimage","url":"https:\/\/www.swissraft.ch\/wp-content\/uploads\/2024\/02\/1-KAGISWIL-776x776-1.jpg","contentUrl":"https:\/\/www.swissraft.ch\/wp-content\/uploads\/2024\/02\/1-KAGISWIL-776x776-1.jpg","width":776,"height":776,"caption":"Kaegiswil Tandemfallschirmsprung"},{"@type":"BreadcrumbList","@id":"https:\/\/www.swissraft.ch\/de\/produkt\/kaegiswil-tandemfallschirmsprung\/#breadcrumb","itemListElement":[{"@type":"ListItem","position":1,"name":"Accueil","item":"https:\/\/www.swissraft.ch\/de\/"},{"@type":"ListItem","position":2,"name":"Shop","item":"https:\/\/www.swissraft.ch\/de\/shop\/"},{"@type":"ListItem","position":3,"name":"Fallschirmspringen &#8211; K\u00e4giswil &#8211; Tandemsprung aus einem Flugzeug &#8211; Ab CHF 390.00"}]},{"@type":"WebSite","@id":"https:\/\/www.swissraft.ch\/de\/#website","url":"https:\/\/www.swissraft.ch\/de\/","name":"Swissraft","description":"To enjoy nature as it is","publisher":{"@id":"https:\/\/www.swissraft.ch\/de\/#organization"},"potentialAction":[{"@type":"SearchAction","target":{"@type":"EntryPoint","urlTemplate":"https:\/\/www.swissraft.ch\/de\/?s={search_term_string}"},"query-input":{"@type":"PropertyValueSpecification","valueRequired":true,"valueName":"search_term_string"}}],"inLanguage":"de"},{"@type":"Organization","@id":"https:\/\/www.swissraft.ch\/de\/#organization","name":"Swissraft","url":"https:\/\/www.swissraft.ch\/de\/","logo":{"@type":"ImageObject","inLanguage":"de","@id":"https:\/\/www.swissraft.ch\/de\/#\/schema\/logo\/image\/","url":"https:\/\/www.swissraft.ch\/wp-content\/uploads\/2025\/09\/Capture.jpg","contentUrl":"https:\/\/www.swissraft.ch\/wp-content\/uploads\/2025\/09\/Capture.jpg","width":293,"height":108,"caption":"Swissraft"},"image":{"@id":"https:\/\/www.swissraft.ch\/de\/#\/schema\/logo\/image\/"}}]}},"_links":{"self":[{"href":"https:\/\/www.swissraft.ch\/de\/wp-json\/wp\/v2\/product\/91266","targetHints":{"allow":["GET"]}}],"collection":[{"href":"https:\/\/www.swissraft.ch\/de\/wp-json\/wp\/v2\/product"}],"about":[{"href":"https:\/\/www.swissraft.ch\/de\/wp-json\/wp\/v2\/types\/product"}],"replies":[{"embeddable":true,"href":"https:\/\/www.swissraft.ch\/de\/wp-json\/wp\/v2\/comments?post=91266"}],"version-history":[{"count":15,"href":"https:\/\/www.swissraft.ch\/de\/wp-json\/wp\/v2\/product\/91266\/revisions"}],"predecessor-version":[{"id":142136,"href":"https:\/\/www.swissraft.ch\/de\/wp-json\/wp\/v2\/product\/91266\/revisions\/142136"}],"wp:featuredmedia":[{"embeddable":true,"href":"https:\/\/www.swissraft.ch\/de\/wp-json\/wp\/v2\/media\/89806"}],"wp:attachment":[{"href":"https:\/\/www.swissraft.ch\/de\/wp-json\/wp\/v2\/media?parent=91266"}],"wp:term":[{"taxonomy":"product_cat","embeddable":true,"href":"https:\/\/www.swissraft.ch\/de\/wp-json\/wp\/v2\/product_cat?post=91266"},{"taxonomy":"product_tag","embeddable":true,"href":"https:\/\/www.swissraft.ch\/de\/wp-json\/wp\/v2\/product_tag?post=91266"}],"curies":[{"name":"wp","href":"https:\/\/api.w.org\/{rel}","templated":true}]}}