{"id":91265,"date":"2024-01-19T21:54:44","date_gmt":"2024-01-19T20:54:44","guid":{"rendered":"https:\/\/swissraft.xyanzkdne.eu\/product\/bungee-jumping-im-tessin-verzasca-007-goldeneye-ab-chf-195-00\/"},"modified":"2026-03-12T04:23:18","modified_gmt":"2026-03-12T03:23:18","slug":"bungy-jumping-tessin-verzasca-007-goldeneye","status":"publish","type":"product","link":"https:\/\/www.swissraft.ch\/de\/produkt\/bungy-jumping-tessin-verzasca-007-goldeneye\/","title":{"rendered":"Bungee Jumping oder Bungy Jump im TESSIN &#8211; VERZASCA &#8211; 007 Goldeneye &#8211; 220M &#8211; Ab CHF 195.00"},"content":{"rendered":"\t\t<div data-elementor-type=\"wp-post\" data-elementor-id=\"91265\" class=\"elementor elementor-91265 elementor-57679\">\n\t\t\t\t\t\t\t\t\t<section class=\"elementor-section elementor-top-section elementor-element elementor-element-3303a7e3 elementor-section-boxed elementor-section-height-default elementor-section-height-default\" data-id=\"3303a7e3\" data-element_type=\"section\">\n\t\t\t\t\t\t<div class=\"elementor-container elementor-column-gap-default\">\n\t\t\t\t\t<div class=\"elementor-column elementor-col-100 elementor-top-column elementor-element elementor-element-16d72dbf\" data-id=\"16d72dbf\" data-element_type=\"column\">\n\t\t\t<div class=\"elementor-widget-wrap elementor-element-populated\">\n\t\t\t\t\t\t\t\t<div class=\"elementor-element elementor-element-d743c03 elementor-widget elementor-widget-text-editor\" data-id=\"d743c03\" data-element_type=\"widget\" data-widget_type=\"text-editor.default\">\n\t\t\t\t<div class=\"elementor-widget-container\">\n\t\t\t\t\t\t\t<h2>W\u00c4HLEN SIE UNTEN IHRE AKTIVIT\u00c4T AUS, UM GESCHENKGUTSCHEINE \/ TICKETS ZU VERSCHENKEN ODER ZU BUCHEN<\/h2><table border=\"0\" width=\"580\" cellspacing=\"10\" cellpadding=\"10\"><tbody><tr><td width=\"50%\"><strong>1) BUNGEE JUMPING &#8211; BUNGY JUMP &#8211; TESSIN &#8211; VERZASCA &#8211; 220m<\/strong><\/td><td><strong>CHF 255.00 pro Person<span class=\"productPrice\"><br \/><\/span><\/strong><\/td><\/tr><tr><td>Weitere Informationen<\/td><td><span class=\"patt\">&#8211; Jugendpreis : <strong>CHF 195.00<\/strong>\/Pers. bis 18 j\u00e4hrig<br \/>&#8211; Studentenpreis : <strong>CHF 195.00<\/strong>\/Pers. mit Studentenausweis<br \/>&#8211; Gruppen au\u00dferhalb der Saison auf Anfrage m\u00f6glich<br \/>&#8211; Minderj\u00e4hrige m\u00fcssen die schriftliche Zustimmung der Eltern haben.<br \/>&#8211; Ab 65 j\u00e4hrig \u00c4rztliche Bescheinigung erforderlich<br \/>&#8211; Gopro <strong>CHF 39.00<\/strong> vor Ort zu bezahlen<\/span><\/td><\/tr><tr><td>Dauer des Sturzes<\/td><td>ca. 5 Sek.<\/td><\/tr><tr><td>Gesamtdauer<\/td><td>ca. 20 Min.<\/td><\/tr><tr><td>Treffpunkt<\/td><td><a href=\"https:\/\/www.google.com\/maps\/place\/46%C2%B011'41.4%22N+8%C2%B051'02.0%22E\/@46.1949579,8.8483246,391m\/data=!3m1!1e3!4m4!3m3!8m2!3d46.1948333!4d8.8505556?entry=ttu\" target=\"_blank\" rel=\"noopener\">Contra-Damm<\/a><\/td><\/tr><tr><td><a href=\"https:\/\/swissraft.outdoorbooking.ch\/fo\/products\/1911?base_id=5&amp;category_id=15&amp;order_type=gift_voucher&amp;lang=de\" target=\"_blank\" rel=\"noopener\"><button class=\"elementor-button\" type=\"button\">GUTSCHEIN \/ TICKET KAUFEN<\/button> <\/a><\/td><td><a href=\"https:\/\/swissraft.outdoorbooking.ch\/fo\/products\/1911?base_id=5&amp;category_id=15&amp;order_type=event&amp;lang=de\" target=\"_blank\" rel=\"noopener\">RESERVIEREN SIE EIN DATUM<\/a> \u00a0<strong>CHF 255.00<\/strong>\/pers.<\/td><\/tr><\/tbody><\/table><table border=\"0\" width=\"580\" cellspacing=\"10\" cellpadding=\"10\"><tbody><tr><td width=\"50%\"><strong>2) BUNGEE JUMPING &#8211; BUNGY JUMP &#8211; TESSIN &#8211; VERZASCA &#8211; 220m &#8211; 2 Spr\u00fcnge<\/strong><\/td><td><strong>CHF 380.00 pro Person (2 Spr\u00fcnge)<span class=\"productPrice\"><br \/><\/span><\/strong><\/td><\/tr><tr><td>Weitere Informationen<\/td><td><span class=\"patt\">&#8211; Jungendpreis : <strong>CHF 320.00<\/strong>\/Pers. bis 18 j\u00e4hrig<br \/>&#8211; Studentenpreis : <strong>CHF 320.00<\/strong>\/Pers. mit Studentenausweis<br \/>&#8211; Termine f\u00fcr Gruppen au\u00dferhalb der Saison m\u00f6glich<br \/>&#8211; Minderj\u00e4hrige m\u00fcssen die schriftliche Zustimmung der Eltern haben.<br \/>&#8211; Ab 65 j\u00e4hrig \u00c4rztliche Bescheinigung erforderlich<br \/>&#8211; Gopro <strong>CHF 39.00<\/strong> vor Ort zu bezahlen<\/span><\/td><\/tr><tr><td>Dauer des Sturzes<\/td><td>ca. 5 Sek.<\/td><\/tr><tr><td>Gesamtdauer<\/td><td>ca. 50 Min.<\/td><\/tr><tr><td>Treffpunkt<\/td><td><a href=\"https:\/\/www.google.com\/maps\/place\/46%C2%B011'41.4%22N+8%C2%B051'02.0%22E\/@46.1949579,8.8483246,391m\/data=!3m1!1e3!4m4!3m3!8m2!3d46.1948333!4d8.8505556?entry=ttu\" target=\"_blank\" rel=\"noopener\">Contra-Damm<\/a><\/td><\/tr><tr><td><a href=\"https:\/\/swissraft.outdoorbooking.ch\/fo\/products\/1912?base_id=5&amp;category_id=15&amp;order_type=gift_voucher&amp;lang=de\" target=\"_blank\" rel=\"noopener\"><button class=\"elementor-button\" type=\"button\">GUTSCHEIN \/ TICKET KAUFEN<\/button><\/a><\/td><td><a href=\"https:\/\/swissraft.outdoorbooking.ch\/fo\/products\/1912?base_id=5&amp;category_id=15&amp;order_type=event&amp;lang=de\" target=\"_blank\" rel=\"noopener\">RESERVIEREN SIE EIN DATUM<\/a> \u00a0<strong>CHF 380.00<\/strong>\/Pers. (2 Spr\u00fcnge)<\/td><\/tr><\/tbody><\/table><table border=\"0\" width=\"580\" cellspacing=\"10\" cellpadding=\"10\"><tbody><tr><td width=\"50%\"><strong>3) BUNGEE JUMPING &#8211; BUNGY JUMP &#8211; TESSIN &#8211; VERZASCA &#8211; 220m<\/strong><\/td><td><strong>CHF 705.00 f\u00fcr 3 Personen<span class=\"productPrice\"><br \/><\/span><\/strong><\/td><\/tr><tr><td>Weitere Informationen<\/td><td><span class=\"patt\">&#8211; Jugendpreis : <strong>CHF 585.00<\/strong>\/Pers. bis 18 j\u00e4hrig<br \/>&#8211; Studentenpreis : <strong>CHF 585.00<\/strong>\/Pers. mit Studentenausweis<br \/>&#8211; Bei mehr als 3 Pers., um zu reservieren, <a href=\"https:\/\/www.swissraft.ch\/de\/kontakt\/\">kontaktieren Sie uns bitte.<\/a><br \/>&#8211; Termine f\u00fcr Gruppen au\u00dferhalb der Saison m\u00f6glich<br \/>&#8211; Minderj\u00e4hrige m\u00fcssen die schriftliche Zustimmung der Eltern haben.<br \/>&#8211; Ab 65 j\u00e4hrig \u00c4rztliche Bescheinigung erforderlich<br \/>&#8211; Gopro <strong>CHF 39.00<\/strong> vor Ort zu bezahlen<br \/><\/span><\/td><\/tr><tr><td>Dauer des Sturzes<\/td><td>ca. 5 Sek.<\/td><\/tr><tr><td>Gesamtdauer<\/td><td>ca. 1 Std.<\/td><\/tr><tr><td>Treffpunkt<\/td><td><a href=\"https:\/\/www.google.com\/maps\/place\/46%C2%B011'41.4%22N+8%C2%B051'02.0%22E\/@46.1949579,8.8483246,391m\/data=!3m1!1e3!4m4!3m3!8m2!3d46.1948333!4d8.8505556?entry=ttu\" target=\"_blank\" rel=\"noopener\">Contra-Damm<\/a><\/td><\/tr><tr><td><a href=\"https:\/\/swissraft.outdoorbooking.ch\/fo\/products\/1913?base_id=5&amp;category_id=15&amp;order_type=gift_voucher&amp;lang=de\" target=\"_blank\" rel=\"noopener\"><button class=\"elementor-button\" type=\"button\">GUTSCHEIN \/ TICKET KAUFEN<\/button><\/a><\/td><td><a href=\"https:\/\/swissraft.outdoorbooking.ch\/fo\/products\/1913?base_id=5&amp;category_id=15&amp;order_type=event&amp;lang=de\" target=\"_blank\" rel=\"noopener\">RESERVIEREN SIE EIN DATUM<\/a> \u00a0<strong>CHF 705.00<\/strong>\/3 pers.<\/td><\/tr><\/tbody><\/table>\t\t\t\t\t\t<\/div>\n\t\t\t\t<\/div>\n\t\t\t\t\t<\/div>\n\t\t<\/div>\n\t\t\t\t\t\t\t<\/div>\n\t\t<\/section>\n\t\t\t\t<section class=\"elementor-section elementor-top-section elementor-element elementor-element-a8b4717 elementor-section-boxed elementor-section-height-default elementor-section-height-default\" data-id=\"a8b4717\" data-element_type=\"section\">\n\t\t\t\t\t\t<div class=\"elementor-container elementor-column-gap-default\">\n\t\t\t\t\t<div class=\"elementor-column elementor-col-100 elementor-top-column elementor-element elementor-element-d8ee42a\" data-id=\"d8ee42a\" data-element_type=\"column\">\n\t\t\t<div class=\"elementor-widget-wrap elementor-element-populated\">\n\t\t\t\t\t\t\t\t<div class=\"elementor-element elementor-element-8c211fb elementor-widget elementor-widget-text-editor\" data-id=\"8c211fb\" data-element_type=\"widget\" data-widget_type=\"text-editor.default\">\n\t\t\t\t<div class=\"elementor-widget-container\">\n\t\t\t\t\t\t\t<h2>W\u00c4HLEN SIE UNTEN IHRE AKTIVIT\u00c4T AUS, UM GESCHENKGUTSCHEINE \/ TICKETS ZU VERSCHENKEN ODER ZU BUCHEN<\/h2>\n\t\t\t\t\t\t<\/div>\n\t\t\t\t<\/div>\n\t\t\t\t\t<\/div>\n\t\t<\/div>\n\t\t\t\t\t\t\t<\/div>\n\t\t<\/section>\n\t\t\t\t\t\t\t<\/div>\n\t\t","protected":false},"excerpt":{"rendered":"<div align=\"justify\">\n<h2 align=\"justify\">Bungee-Jumping oder Bungy Jump im Tessin im Verzascatal; der pure Wahnsinn<\/h2>\n<h3>Kein Foto oder Video kann das wiedergeben, was Sie erleben werden. Einzigartiger Sprung aus 220 m H\u00f6he vom Verzasca-Staudamm, der auch Contra-Staudamm genannt wird. Der h\u00f6chste Sprung in Europa  <\/h3>\n<\/div>\n<div align=\"justify\">\n<p>Zun\u00e4chst werden Sie von unserem Team herzlich willkommen gehei\u00dfen. Dann f\u00fchrt Sie Ihr erfahrener Lehrer durch den aufregenden Prozess des Bungee-Jumpings. Zun\u00e4chst erhalten Sie detaillierte Sicherheitshinweise. Danach legt Ihnen Ihr Sicherheitslehrer einen Klettergurt an. W\u00e4hrend die Aufregung steigt, kommt der lang ersehnte Moment des Sprungs. Atmen Sie tief durch, wagen Sie es und lassen Sie sich vom freien Fall mitrei\u00dfen. Bei diesem schwindelerregenden Abstieg erscheint jede Sekunde wie eine Ewigkeit. Die reinen und intensiven Empfindungen \u00fcberw\u00e4ltigen Sie und schaffen unvergessliche Erinnerungen. Der Aufstieg an der Winde bietet einen sanften \u00dcbergang, der den Adrenalinspiegel langsam auf ein vern\u00fcnftiges Niveau senkt.<\/p>\n<h3>Swissraft bietet weitere Sprungpl\u00e4tze in der Schweiz und im Ausland an. Bitte kontaktieren Sie uns telefonisch f\u00fcr weitere Informationen. <\/h3>\n<p id=\"textarea\" style=\"display: none;\">\nSprung auch aus einer Seilbahnkabine im Berner Oberland mit den Berner Alpen im Hintergrund. Aber auch von einer Plattform \u00fcber dem Canyon in Grindelwald. Erleben Sie den Nervenkitzel des Pendel- oder Swingsprungs, einer Variante des Bungeesprungs, indem Sie \u00fcber die schwarze L\u00fctschine springen. Bungee-Jumping auch im Wallis und in der ganzen Schweiz von einer Hebeb\u00fchne aus (mobile Infrastruktur, die einer Genehmigung bedarf).\n<\/p>\n<p><a id=\"seeMore\" onclick=\"toggleSeeMore()\" href=\"javascript:void(0);\">Lesen Sie mehr<\/a><\/p>\n","protected":false},"featured_media":89530,"comment_status":"open","ping_status":"closed","template":"","meta":{"inline_featured_image":false,"_mi_skip_tracking":false},"product_cat":[291,271],"product_tag":[],"class_list":["post-91265","product","type-product","status-publish","has-post-thumbnail","hentry","product_cat-bungee-jumping","product_cat-outdoor"],"yoast_head":"<!-- This site is optimized with the Yoast SEO plugin v23.6 - https:\/\/yoast.com\/wordpress\/plugins\/seo\/ -->\n<title>Bungy-Jumping im Tessin vom Verzasca-Staudamm aus<\/title>\n<meta name=\"description\" content=\"Bungee-Springen im Tessin. Am Verzasca-Staudamm befindet sich der h\u00f6chste Bungee-Sprung Europas. Der Sprung 007 Goldeneye ist 220 m hoch.\" \/>\n<meta name=\"robots\" content=\"index, follow, max-snippet:-1, max-image-preview:large, max-video-preview:-1\" \/>\n<link rel=\"canonical\" href=\"https:\/\/www.swissraft.ch\/de\/produkt\/bungy-jumping-tessin-verzasca-007-goldeneye\/\" \/>\n<meta property=\"og:locale\" content=\"de_DE\" \/>\n<meta property=\"og:type\" content=\"article\" \/>\n<meta property=\"og:title\" content=\"Bungy-Jumping im Tessin vom Verzasca-Staudamm aus\" \/>\n<meta property=\"og:description\" content=\"Bungee-Springen im Tessin. Am Verzasca-Staudamm befindet sich der h\u00f6chste Bungee-Sprung Europas. Der Sprung 007 Goldeneye ist 220 m hoch.\" \/>\n<meta property=\"og:url\" content=\"https:\/\/www.swissraft.ch\/de\/produkt\/bungy-jumping-tessin-verzasca-007-goldeneye\/\" \/>\n<meta property=\"og:site_name\" content=\"Swissraft\" \/>\n<meta property=\"article:modified_time\" content=\"2026-03-12T03:23:18+00:00\" \/>\n<meta property=\"og:image\" content=\"https:\/\/www.swissraft.ch\/wp-content\/uploads\/2024\/01\/1-Verzasca-776x776-1.jpg\" \/>\n\t<meta property=\"og:image:width\" content=\"776\" \/>\n\t<meta property=\"og:image:height\" content=\"776\" \/>\n\t<meta property=\"og:image:type\" content=\"image\/jpeg\" \/>\n<meta name=\"twitter:card\" content=\"summary_large_image\" \/>\n<meta name=\"twitter:label1\" content=\"Gesch\u00e4tzte Lesezeit\" \/>\n\t<meta name=\"twitter:data1\" content=\"2\u00a0Minuten\" \/>\n<script type=\"application\/ld+json\" class=\"yoast-schema-graph\">{\"@context\":\"https:\/\/schema.org\",\"@graph\":[{\"@type\":\"WebPage\",\"@id\":\"https:\/\/www.swissraft.ch\/de\/produkt\/bungy-jumping-tessin-verzasca-007-goldeneye\/\",\"url\":\"https:\/\/www.swissraft.ch\/de\/produkt\/bungy-jumping-tessin-verzasca-007-goldeneye\/\",\"name\":\"Bungy-Jumping im Tessin vom Verzasca-Staudamm aus\",\"isPartOf\":{\"@id\":\"https:\/\/www.swissraft.ch\/de\/#website\"},\"primaryImageOfPage\":{\"@id\":\"https:\/\/www.swissraft.ch\/de\/produkt\/bungy-jumping-tessin-verzasca-007-goldeneye\/#primaryimage\"},\"image\":{\"@id\":\"https:\/\/www.swissraft.ch\/de\/produkt\/bungy-jumping-tessin-verzasca-007-goldeneye\/#primaryimage\"},\"thumbnailUrl\":\"https:\/\/www.swissraft.ch\/wp-content\/uploads\/2024\/01\/1-Verzasca-776x776-1.jpg\",\"datePublished\":\"2024-01-19T20:54:44+00:00\",\"dateModified\":\"2026-03-12T03:23:18+00:00\",\"description\":\"Bungee-Springen im Tessin. Am Verzasca-Staudamm befindet sich der h\u00f6chste Bungee-Sprung Europas. Der Sprung 007 Goldeneye ist 220 m hoch.\",\"breadcrumb\":{\"@id\":\"https:\/\/www.swissraft.ch\/de\/produkt\/bungy-jumping-tessin-verzasca-007-goldeneye\/#breadcrumb\"},\"inLanguage\":\"de\",\"potentialAction\":[{\"@type\":\"ReadAction\",\"target\":[\"https:\/\/www.swissraft.ch\/de\/produkt\/bungy-jumping-tessin-verzasca-007-goldeneye\/\"]}]},{\"@type\":\"ImageObject\",\"inLanguage\":\"de\",\"@id\":\"https:\/\/www.swissraft.ch\/de\/produkt\/bungy-jumping-tessin-verzasca-007-goldeneye\/#primaryimage\",\"url\":\"https:\/\/www.swissraft.ch\/wp-content\/uploads\/2024\/01\/1-Verzasca-776x776-1.jpg\",\"contentUrl\":\"https:\/\/www.swissraft.ch\/wp-content\/uploads\/2024\/01\/1-Verzasca-776x776-1.jpg\",\"width\":776,\"height\":776,\"caption\":\"Bungee-Jumping von der Verzasca-Staumauer im Tessin\"},{\"@type\":\"BreadcrumbList\",\"@id\":\"https:\/\/www.swissraft.ch\/de\/produkt\/bungy-jumping-tessin-verzasca-007-goldeneye\/#breadcrumb\",\"itemListElement\":[{\"@type\":\"ListItem\",\"position\":1,\"name\":\"Accueil\",\"item\":\"https:\/\/www.swissraft.ch\/de\/\"},{\"@type\":\"ListItem\",\"position\":2,\"name\":\"Shop\",\"item\":\"https:\/\/www.swissraft.ch\/de\/shop\/\"},{\"@type\":\"ListItem\",\"position\":3,\"name\":\"Bungee Jumping oder Bungy Jump im TESSIN &#8211; VERZASCA &#8211; 007 Goldeneye &#8211; 220M &#8211; Ab CHF 195.00\"}]},{\"@type\":\"WebSite\",\"@id\":\"https:\/\/www.swissraft.ch\/de\/#website\",\"url\":\"https:\/\/www.swissraft.ch\/de\/\",\"name\":\"Swissraft\",\"description\":\"To enjoy nature as it is\",\"publisher\":{\"@id\":\"https:\/\/www.swissraft.ch\/de\/#organization\"},\"potentialAction\":[{\"@type\":\"SearchAction\",\"target\":{\"@type\":\"EntryPoint\",\"urlTemplate\":\"https:\/\/www.swissraft.ch\/de\/?s={search_term_string}\"},\"query-input\":{\"@type\":\"PropertyValueSpecification\",\"valueRequired\":true,\"valueName\":\"search_term_string\"}}],\"inLanguage\":\"de\"},{\"@type\":\"Organization\",\"@id\":\"https:\/\/www.swissraft.ch\/de\/#organization\",\"name\":\"Swissraft\",\"url\":\"https:\/\/www.swissraft.ch\/de\/\",\"logo\":{\"@type\":\"ImageObject\",\"inLanguage\":\"de\",\"@id\":\"https:\/\/www.swissraft.ch\/de\/#\/schema\/logo\/image\/\",\"url\":\"https:\/\/www.swissraft.ch\/wp-content\/uploads\/2025\/09\/Capture.jpg\",\"contentUrl\":\"https:\/\/www.swissraft.ch\/wp-content\/uploads\/2025\/09\/Capture.jpg\",\"width\":293,\"height\":108,\"caption\":\"Swissraft\"},\"image\":{\"@id\":\"https:\/\/www.swissraft.ch\/de\/#\/schema\/logo\/image\/\"}}]}<\/script>\n<!-- \/ Yoast SEO plugin. -->","yoast_head_json":{"title":"Bungy-Jumping im Tessin vom Verzasca-Staudamm aus","description":"Bungee-Springen im Tessin. Am Verzasca-Staudamm befindet sich der h\u00f6chste Bungee-Sprung Europas. Der Sprung 007 Goldeneye ist 220 m hoch.","robots":{"index":"index","follow":"follow","max-snippet":"max-snippet:-1","max-image-preview":"max-image-preview:large","max-video-preview":"max-video-preview:-1"},"canonical":"https:\/\/www.swissraft.ch\/de\/produkt\/bungy-jumping-tessin-verzasca-007-goldeneye\/","og_locale":"de_DE","og_type":"article","og_title":"Bungy-Jumping im Tessin vom Verzasca-Staudamm aus","og_description":"Bungee-Springen im Tessin. Am Verzasca-Staudamm befindet sich der h\u00f6chste Bungee-Sprung Europas. Der Sprung 007 Goldeneye ist 220 m hoch.","og_url":"https:\/\/www.swissraft.ch\/de\/produkt\/bungy-jumping-tessin-verzasca-007-goldeneye\/","og_site_name":"Swissraft","article_modified_time":"2026-03-12T03:23:18+00:00","og_image":[{"width":776,"height":776,"url":"https:\/\/www.swissraft.ch\/wp-content\/uploads\/2024\/01\/1-Verzasca-776x776-1.jpg","type":"image\/jpeg"}],"twitter_card":"summary_large_image","twitter_misc":{"Gesch\u00e4tzte Lesezeit":"2\u00a0Minuten"},"schema":{"@context":"https:\/\/schema.org","@graph":[{"@type":"WebPage","@id":"https:\/\/www.swissraft.ch\/de\/produkt\/bungy-jumping-tessin-verzasca-007-goldeneye\/","url":"https:\/\/www.swissraft.ch\/de\/produkt\/bungy-jumping-tessin-verzasca-007-goldeneye\/","name":"Bungy-Jumping im Tessin vom Verzasca-Staudamm aus","isPartOf":{"@id":"https:\/\/www.swissraft.ch\/de\/#website"},"primaryImageOfPage":{"@id":"https:\/\/www.swissraft.ch\/de\/produkt\/bungy-jumping-tessin-verzasca-007-goldeneye\/#primaryimage"},"image":{"@id":"https:\/\/www.swissraft.ch\/de\/produkt\/bungy-jumping-tessin-verzasca-007-goldeneye\/#primaryimage"},"thumbnailUrl":"https:\/\/www.swissraft.ch\/wp-content\/uploads\/2024\/01\/1-Verzasca-776x776-1.jpg","datePublished":"2024-01-19T20:54:44+00:00","dateModified":"2026-03-12T03:23:18+00:00","description":"Bungee-Springen im Tessin. Am Verzasca-Staudamm befindet sich der h\u00f6chste Bungee-Sprung Europas. Der Sprung 007 Goldeneye ist 220 m hoch.","breadcrumb":{"@id":"https:\/\/www.swissraft.ch\/de\/produkt\/bungy-jumping-tessin-verzasca-007-goldeneye\/#breadcrumb"},"inLanguage":"de","potentialAction":[{"@type":"ReadAction","target":["https:\/\/www.swissraft.ch\/de\/produkt\/bungy-jumping-tessin-verzasca-007-goldeneye\/"]}]},{"@type":"ImageObject","inLanguage":"de","@id":"https:\/\/www.swissraft.ch\/de\/produkt\/bungy-jumping-tessin-verzasca-007-goldeneye\/#primaryimage","url":"https:\/\/www.swissraft.ch\/wp-content\/uploads\/2024\/01\/1-Verzasca-776x776-1.jpg","contentUrl":"https:\/\/www.swissraft.ch\/wp-content\/uploads\/2024\/01\/1-Verzasca-776x776-1.jpg","width":776,"height":776,"caption":"Bungee-Jumping von der Verzasca-Staumauer im Tessin"},{"@type":"BreadcrumbList","@id":"https:\/\/www.swissraft.ch\/de\/produkt\/bungy-jumping-tessin-verzasca-007-goldeneye\/#breadcrumb","itemListElement":[{"@type":"ListItem","position":1,"name":"Accueil","item":"https:\/\/www.swissraft.ch\/de\/"},{"@type":"ListItem","position":2,"name":"Shop","item":"https:\/\/www.swissraft.ch\/de\/shop\/"},{"@type":"ListItem","position":3,"name":"Bungee Jumping oder Bungy Jump im TESSIN &#8211; VERZASCA &#8211; 007 Goldeneye &#8211; 220M &#8211; Ab CHF 195.00"}]},{"@type":"WebSite","@id":"https:\/\/www.swissraft.ch\/de\/#website","url":"https:\/\/www.swissraft.ch\/de\/","name":"Swissraft","description":"To enjoy nature as it is","publisher":{"@id":"https:\/\/www.swissraft.ch\/de\/#organization"},"potentialAction":[{"@type":"SearchAction","target":{"@type":"EntryPoint","urlTemplate":"https:\/\/www.swissraft.ch\/de\/?s={search_term_string}"},"query-input":{"@type":"PropertyValueSpecification","valueRequired":true,"valueName":"search_term_string"}}],"inLanguage":"de"},{"@type":"Organization","@id":"https:\/\/www.swissraft.ch\/de\/#organization","name":"Swissraft","url":"https:\/\/www.swissraft.ch\/de\/","logo":{"@type":"ImageObject","inLanguage":"de","@id":"https:\/\/www.swissraft.ch\/de\/#\/schema\/logo\/image\/","url":"https:\/\/www.swissraft.ch\/wp-content\/uploads\/2025\/09\/Capture.jpg","contentUrl":"https:\/\/www.swissraft.ch\/wp-content\/uploads\/2025\/09\/Capture.jpg","width":293,"height":108,"caption":"Swissraft"},"image":{"@id":"https:\/\/www.swissraft.ch\/de\/#\/schema\/logo\/image\/"}}]}},"_links":{"self":[{"href":"https:\/\/www.swissraft.ch\/de\/wp-json\/wp\/v2\/product\/91265","targetHints":{"allow":["GET"]}}],"collection":[{"href":"https:\/\/www.swissraft.ch\/de\/wp-json\/wp\/v2\/product"}],"about":[{"href":"https:\/\/www.swissraft.ch\/de\/wp-json\/wp\/v2\/types\/product"}],"replies":[{"embeddable":true,"href":"https:\/\/www.swissraft.ch\/de\/wp-json\/wp\/v2\/comments?post=91265"}],"version-history":[{"count":42,"href":"https:\/\/www.swissraft.ch\/de\/wp-json\/wp\/v2\/product\/91265\/revisions"}],"predecessor-version":[{"id":132497,"href":"https:\/\/www.swissraft.ch\/de\/wp-json\/wp\/v2\/product\/91265\/revisions\/132497"}],"wp:featuredmedia":[{"embeddable":true,"href":"https:\/\/www.swissraft.ch\/de\/wp-json\/wp\/v2\/media\/89530"}],"wp:attachment":[{"href":"https:\/\/www.swissraft.ch\/de\/wp-json\/wp\/v2\/media?parent=91265"}],"wp:term":[{"taxonomy":"product_cat","embeddable":true,"href":"https:\/\/www.swissraft.ch\/de\/wp-json\/wp\/v2\/product_cat?post=91265"},{"taxonomy":"product_tag","embeddable":true,"href":"https:\/\/www.swissraft.ch\/de\/wp-json\/wp\/v2\/product_tag?post=91265"}],"curies":[{"name":"wp","href":"https:\/\/api.w.org\/{rel}","templated":true}]}}