{"id":91262,"date":"2024-02-13T00:36:56","date_gmt":"2024-02-12T23:36:56","guid":{"rendered":"https:\/\/swissraft.xyanzkdne.eu\/product\/heliskiing-ab-dem-heliport-gstaad-grund-stadelhorn-1930-m-ab-chf-390-00\/"},"modified":"2024-12-13T22:10:39","modified_gmt":"2024-12-13T21:10:39","slug":"heliskiing-gstaad-grund-stadelhorn","status":"publish","type":"product","link":"https:\/\/www.swissraft.ch\/de\/produkt\/heliskiing-gstaad-grund-stadelhorn\/","title":{"rendered":"Heliskiing ab dem Heliport GSTAAD-GRUND &#8211; STADELHORN 1930 m &#8211; Ab CHF 390.00"},"content":{"rendered":"\t\t<div data-elementor-type=\"wp-post\" data-elementor-id=\"91262\" class=\"elementor elementor-91262 elementor-59626\">\n\t\t\t\t\t\t\t\t\t<section class=\"elementor-section elementor-top-section elementor-element elementor-element-3303a7e3 elementor-section-boxed elementor-section-height-default elementor-section-height-default\" data-id=\"3303a7e3\" data-element_type=\"section\">\n\t\t\t\t\t\t<div class=\"elementor-container elementor-column-gap-default\">\n\t\t\t\t\t<div class=\"elementor-column elementor-col-100 elementor-top-column elementor-element elementor-element-16d72dbf\" data-id=\"16d72dbf\" data-element_type=\"column\">\n\t\t\t<div class=\"elementor-widget-wrap elementor-element-populated\">\n\t\t\t\t\t\t\t\t<div class=\"elementor-element elementor-element-d743c03 elementor-widget elementor-widget-text-editor\" data-id=\"d743c03\" data-element_type=\"widget\" data-widget_type=\"text-editor.default\">\n\t\t\t\t<div class=\"elementor-widget-container\">\n\t\t\t\t\t\t\t<h2>W\u00c4HLEN SIE UNTEN IHRE AKTIVIT\u00c4T AUS, UM GESCHENKGUTSCHEINE \/ TICKETS ZU VERSCHENKEN ODER ZU BUCHEN.<\/h2><table border=\"0\" width=\"580\" cellspacing=\"10\" cellpadding=\"10\"><tbody><tr><td width=\"50%\"><strong>STADELHORN MIT HELISKIING 2930 m &#8211; PRIVATFLUG (1-4 Pers. + 1 Lehrer)<\/strong><\/td><td><strong>Ab CHF 390.<span class=\"productPrice\">00 pro Privatflug<br \/><\/span><\/strong><\/td><\/tr><tr><td>Weitere Informationen<\/td><td>&#8211; Sie haben das Flugzeug ausschlie\u00dflich f\u00fcr sich<br \/>&#8211; Sie bestimmen das Abflugdatum<br \/>&#8211; Maximal 4 Pers.<\/td><\/tr><tr><td>Heliport<\/td><td><a href=\"https:\/\/www.google.com\/maps\/place\/46%C2%B025'43.7%22N+7%C2%B016'15.8%22E\/@46.4289103,7.2665099,778m\/data=!3m1!1e3!4m4!3m3!8m2!3d46.4288056!4d7.2710556?entry=ttu\" target=\"_blank\" rel=\"noopener\">Gstaad-Grund<\/a><\/td><\/tr><tr><td>Hinweis<\/td><td>Skilehrer erforderlich<\/td><\/tr><tr><td>Terminvereinbarung<\/td><td>Per Telefon<\/td><\/tr><tr><td><a href=\"https:\/\/swissraft.outdoorbooking.ch\/fo\/products\/69?base_id=123&amp;category_id=6&amp;order_type=gift_voucher&amp;lang=de\" target=\"_blank\" rel=\"noopener\"><button class=\"elementor-button\" type=\"button\">GUTSCHEIN KAUFEN<\/button><\/a><\/td><td><strong>CHF 390.00 &#8211; (1-2 Pers. + 1)<\/strong><\/td><\/tr><tr><td><a href=\"https:\/\/swissraft.outdoorbooking.ch\/fo\/products\/2110?base_id=144&amp;category_id=6&amp;order_type=gift_voucher&amp;lang=de\" target=\"_blank\" rel=\"noopener\"><button class=\"elementor-button\" type=\"button\">GUTSCHEIN KAUFEN<\/button><\/a><\/td><td><strong>CHF 520.00 &#8211; (3 Pers. + 1)<\/strong><\/td><\/tr><tr><td><a href=\"https:\/\/swissraft.outdoorbooking.ch\/fo\/products\/607?base_id=144&amp;category_id=6&amp;order_type=gift_voucher&amp;lang=de\" target=\"_blank\" rel=\"noopener\"><button class=\"elementor-button\" type=\"button\">GUTSCHEIN KAUFEN<\/button><\/a><\/td><td><strong>CHF 650.00 &#8211; (4 Pers. + 1)<\/strong><\/td><\/tr><tr><td>\u00a0<\/td><td>Um zu buchen : <span class=\"patt\" style=\"font-family: inherit; font-size: inherit;\"><span class=\"plbl\"><span class=\"patt\"><a href=\"https:\/\/www.swissraft.ch\/de\/kontakt\/\">Kontaktieren Sie uns<\/a><\/span><\/span><\/span><\/td><\/tr><\/tbody><\/table>\t\t\t\t\t\t<\/div>\n\t\t\t\t<\/div>\n\t\t\t\t\t<\/div>\n\t\t<\/div>\n\t\t\t\t\t\t\t<\/div>\n\t\t<\/section>\n\t\t\t\t\t\t\t<\/div>\n\t\t","protected":false},"excerpt":{"rendered":"<div align=\"justify\">\n<h2 align=\"justify\">Sie haben schon lange davon getr\u00e4umt, das 1930 m hohe Stadelhorn hinunterzufliegen. Erf\u00fcllen Sie sich diesen Wunsch und fliegen Sie mit unserem Helikopter. Im Nu bringt er Sie mit Ihrer gesamten Ausr\u00fcstung auf den Gipfel des Stadelhorns.<\/h2>\n<h3>Unser Hubschrauber Ecureuil B3 kann bis zu 4 Passagiere f\u00fcr dieses Abenteuer auf dem Gipfel des Stadelhorns transportieren.<\/h3>\n<\/div>\n<p>Nachdem Sie Ihre gesamte Ausr\u00fcstung f\u00fcr den heutigen Skitag verladen haben, fahren Sie in Gstaad-Grund an Bord. Wir steigen schnell auf 2000 m H\u00f6he, um dann zu unserem Hubschrauberlandeplatz auf dem Gipfel des Stadelhorns zu gelangen. Nachdem Sie mit Ihren Skiern und Ihrer Ausr\u00fcstung an Land gegangen sind, schnallen Sie diese an und beginnen Ihre Abfahrt im Pulverschnee.<\/p>\n<h3>Auf dieser Seite stellen wir Ihnen 12 Gipfel vor, auf denen Sie sicher und erlaubt Heliskiing betreiben k\u00f6nnen.<\/h3>\n<p id=\"textarea\" style=\"display: none;\">\nIm Wallis bieten wir Ihnen mehrere Gipfel an, die vom Flughafen Sion aus starten. Auch in Liechtenstein bieten wir mehrere Ziele f\u00fcr Heliskiing an, mit Abfl\u00fcgen vom Heliport Balzers.\n<\/p>\n<p><a id=\"seeMore\" onclick=\"toggleSeeMore()\" href=\"javascript:void(0);\">Lesen Sie mehr<\/a><\/p>\n","protected":false},"featured_media":89791,"comment_status":"open","ping_status":"closed","template":"","meta":{"inline_featured_image":false,"_mi_skip_tracking":false},"product_cat":[289,290],"product_tag":[],"class_list":["post-91262","product","type-product","status-publish","has-post-thumbnail","hentry","product_cat-heliskiing-in-der-schweiz","product_cat-heliskiing-gstaad-grund"],"yoast_head":"<!-- This site is optimized with the Yoast SEO plugin v23.6 - https:\/\/yoast.com\/wordpress\/plugins\/seo\/ -->\n<title>Stadelhorn mit Heliskiing ab Gstaad-Grund mit dem Helikopter<\/title>\n<meta name=\"description\" content=\"Stadelhorn mt Heliskiing ab Gstaad-Grund f\u00fcr eine Skifahrt abseits der Piste. Ersparen Sie sich minutenlanges Warten auf die Skipiste.\" \/>\n<meta name=\"robots\" content=\"index, follow, max-snippet:-1, max-image-preview:large, max-video-preview:-1\" \/>\n<link rel=\"canonical\" href=\"https:\/\/www.swissraft.ch\/de\/produkt\/heliskiing-gstaad-grund-stadelhorn\/\" \/>\n<meta property=\"og:locale\" content=\"de_DE\" \/>\n<meta property=\"og:type\" content=\"article\" \/>\n<meta property=\"og:title\" content=\"Stadelhorn mit Heliskiing ab Gstaad-Grund mit dem Helikopter\" \/>\n<meta property=\"og:description\" content=\"Stadelhorn mt Heliskiing ab Gstaad-Grund f\u00fcr eine Skifahrt abseits der Piste. Ersparen Sie sich minutenlanges Warten auf die Skipiste.\" \/>\n<meta property=\"og:url\" content=\"https:\/\/www.swissraft.ch\/de\/produkt\/heliskiing-gstaad-grund-stadelhorn\/\" \/>\n<meta property=\"og:site_name\" content=\"Swissraft\" \/>\n<meta property=\"article:modified_time\" content=\"2024-12-13T21:10:39+00:00\" \/>\n<meta property=\"og:image\" content=\"https:\/\/www.swissraft.ch\/wp-content\/uploads\/2024\/02\/1-Stadelhorn-776x776-1.jpg\" \/>\n\t<meta property=\"og:image:width\" content=\"776\" \/>\n\t<meta property=\"og:image:height\" content=\"776\" \/>\n\t<meta property=\"og:image:type\" content=\"image\/jpeg\" \/>\n<meta name=\"twitter:card\" content=\"summary_large_image\" \/>\n<meta name=\"twitter:label1\" content=\"Gesch\u00e4tzte Lesezeit\" \/>\n\t<meta name=\"twitter:data1\" content=\"1\u00a0Minute\" \/>\n<script type=\"application\/ld+json\" class=\"yoast-schema-graph\">{\"@context\":\"https:\/\/schema.org\",\"@graph\":[{\"@type\":\"WebPage\",\"@id\":\"https:\/\/www.swissraft.ch\/de\/produkt\/heliskiing-gstaad-grund-stadelhorn\/\",\"url\":\"https:\/\/www.swissraft.ch\/de\/produkt\/heliskiing-gstaad-grund-stadelhorn\/\",\"name\":\"Stadelhorn mit Heliskiing ab Gstaad-Grund mit dem Helikopter\",\"isPartOf\":{\"@id\":\"https:\/\/www.swissraft.ch\/de\/#website\"},\"primaryImageOfPage\":{\"@id\":\"https:\/\/www.swissraft.ch\/de\/produkt\/heliskiing-gstaad-grund-stadelhorn\/#primaryimage\"},\"image\":{\"@id\":\"https:\/\/www.swissraft.ch\/de\/produkt\/heliskiing-gstaad-grund-stadelhorn\/#primaryimage\"},\"thumbnailUrl\":\"https:\/\/www.swissraft.ch\/wp-content\/uploads\/2024\/02\/1-Stadelhorn-776x776-1.jpg\",\"datePublished\":\"2024-02-12T23:36:56+00:00\",\"dateModified\":\"2024-12-13T21:10:39+00:00\",\"description\":\"Stadelhorn mt Heliskiing ab Gstaad-Grund f\u00fcr eine Skifahrt abseits der Piste. Ersparen Sie sich minutenlanges Warten auf die Skipiste.\",\"breadcrumb\":{\"@id\":\"https:\/\/www.swissraft.ch\/de\/produkt\/heliskiing-gstaad-grund-stadelhorn\/#breadcrumb\"},\"inLanguage\":\"de\",\"potentialAction\":[{\"@type\":\"ReadAction\",\"target\":[\"https:\/\/www.swissraft.ch\/de\/produkt\/heliskiing-gstaad-grund-stadelhorn\/\"]}]},{\"@type\":\"ImageObject\",\"inLanguage\":\"de\",\"@id\":\"https:\/\/www.swissraft.ch\/de\/produkt\/heliskiing-gstaad-grund-stadelhorn\/#primaryimage\",\"url\":\"https:\/\/www.swissraft.ch\/wp-content\/uploads\/2024\/02\/1-Stadelhorn-776x776-1.jpg\",\"contentUrl\":\"https:\/\/www.swissraft.ch\/wp-content\/uploads\/2024\/02\/1-Stadelhorn-776x776-1.jpg\",\"width\":776,\"height\":776,\"caption\":\"Stadelhorn Heliskiing ab Gstaad-Grund\"},{\"@type\":\"BreadcrumbList\",\"@id\":\"https:\/\/www.swissraft.ch\/de\/produkt\/heliskiing-gstaad-grund-stadelhorn\/#breadcrumb\",\"itemListElement\":[{\"@type\":\"ListItem\",\"position\":1,\"name\":\"Accueil\",\"item\":\"https:\/\/www.swissraft.ch\/de\/\"},{\"@type\":\"ListItem\",\"position\":2,\"name\":\"Shop\",\"item\":\"https:\/\/www.swissraft.ch\/de\/shop\/\"},{\"@type\":\"ListItem\",\"position\":3,\"name\":\"Heliskiing ab dem Heliport GSTAAD-GRUND &#8211; STADELHORN 1930 m &#8211; Ab CHF 390.00\"}]},{\"@type\":\"WebSite\",\"@id\":\"https:\/\/www.swissraft.ch\/de\/#website\",\"url\":\"https:\/\/www.swissraft.ch\/de\/\",\"name\":\"Swissraft\",\"description\":\"To enjoy nature as it is\",\"publisher\":{\"@id\":\"https:\/\/www.swissraft.ch\/de\/#organization\"},\"potentialAction\":[{\"@type\":\"SearchAction\",\"target\":{\"@type\":\"EntryPoint\",\"urlTemplate\":\"https:\/\/www.swissraft.ch\/de\/?s={search_term_string}\"},\"query-input\":{\"@type\":\"PropertyValueSpecification\",\"valueRequired\":true,\"valueName\":\"search_term_string\"}}],\"inLanguage\":\"de\"},{\"@type\":\"Organization\",\"@id\":\"https:\/\/www.swissraft.ch\/de\/#organization\",\"name\":\"Swissraft\",\"url\":\"https:\/\/www.swissraft.ch\/de\/\",\"logo\":{\"@type\":\"ImageObject\",\"inLanguage\":\"de\",\"@id\":\"https:\/\/www.swissraft.ch\/de\/#\/schema\/logo\/image\/\",\"url\":\"https:\/\/www.swissraft.ch\/wp-content\/uploads\/2025\/09\/Capture.jpg\",\"contentUrl\":\"https:\/\/www.swissraft.ch\/wp-content\/uploads\/2025\/09\/Capture.jpg\",\"width\":293,\"height\":108,\"caption\":\"Swissraft\"},\"image\":{\"@id\":\"https:\/\/www.swissraft.ch\/de\/#\/schema\/logo\/image\/\"}}]}<\/script>\n<!-- \/ Yoast SEO plugin. -->","yoast_head_json":{"title":"Stadelhorn mit Heliskiing ab Gstaad-Grund mit dem Helikopter","description":"Stadelhorn mt Heliskiing ab Gstaad-Grund f\u00fcr eine Skifahrt abseits der Piste. Ersparen Sie sich minutenlanges Warten auf die Skipiste.","robots":{"index":"index","follow":"follow","max-snippet":"max-snippet:-1","max-image-preview":"max-image-preview:large","max-video-preview":"max-video-preview:-1"},"canonical":"https:\/\/www.swissraft.ch\/de\/produkt\/heliskiing-gstaad-grund-stadelhorn\/","og_locale":"de_DE","og_type":"article","og_title":"Stadelhorn mit Heliskiing ab Gstaad-Grund mit dem Helikopter","og_description":"Stadelhorn mt Heliskiing ab Gstaad-Grund f\u00fcr eine Skifahrt abseits der Piste. Ersparen Sie sich minutenlanges Warten auf die Skipiste.","og_url":"https:\/\/www.swissraft.ch\/de\/produkt\/heliskiing-gstaad-grund-stadelhorn\/","og_site_name":"Swissraft","article_modified_time":"2024-12-13T21:10:39+00:00","og_image":[{"width":776,"height":776,"url":"https:\/\/www.swissraft.ch\/wp-content\/uploads\/2024\/02\/1-Stadelhorn-776x776-1.jpg","type":"image\/jpeg"}],"twitter_card":"summary_large_image","twitter_misc":{"Gesch\u00e4tzte Lesezeit":"1\u00a0Minute"},"schema":{"@context":"https:\/\/schema.org","@graph":[{"@type":"WebPage","@id":"https:\/\/www.swissraft.ch\/de\/produkt\/heliskiing-gstaad-grund-stadelhorn\/","url":"https:\/\/www.swissraft.ch\/de\/produkt\/heliskiing-gstaad-grund-stadelhorn\/","name":"Stadelhorn mit Heliskiing ab Gstaad-Grund mit dem Helikopter","isPartOf":{"@id":"https:\/\/www.swissraft.ch\/de\/#website"},"primaryImageOfPage":{"@id":"https:\/\/www.swissraft.ch\/de\/produkt\/heliskiing-gstaad-grund-stadelhorn\/#primaryimage"},"image":{"@id":"https:\/\/www.swissraft.ch\/de\/produkt\/heliskiing-gstaad-grund-stadelhorn\/#primaryimage"},"thumbnailUrl":"https:\/\/www.swissraft.ch\/wp-content\/uploads\/2024\/02\/1-Stadelhorn-776x776-1.jpg","datePublished":"2024-02-12T23:36:56+00:00","dateModified":"2024-12-13T21:10:39+00:00","description":"Stadelhorn mt Heliskiing ab Gstaad-Grund f\u00fcr eine Skifahrt abseits der Piste. Ersparen Sie sich minutenlanges Warten auf die Skipiste.","breadcrumb":{"@id":"https:\/\/www.swissraft.ch\/de\/produkt\/heliskiing-gstaad-grund-stadelhorn\/#breadcrumb"},"inLanguage":"de","potentialAction":[{"@type":"ReadAction","target":["https:\/\/www.swissraft.ch\/de\/produkt\/heliskiing-gstaad-grund-stadelhorn\/"]}]},{"@type":"ImageObject","inLanguage":"de","@id":"https:\/\/www.swissraft.ch\/de\/produkt\/heliskiing-gstaad-grund-stadelhorn\/#primaryimage","url":"https:\/\/www.swissraft.ch\/wp-content\/uploads\/2024\/02\/1-Stadelhorn-776x776-1.jpg","contentUrl":"https:\/\/www.swissraft.ch\/wp-content\/uploads\/2024\/02\/1-Stadelhorn-776x776-1.jpg","width":776,"height":776,"caption":"Stadelhorn Heliskiing ab Gstaad-Grund"},{"@type":"BreadcrumbList","@id":"https:\/\/www.swissraft.ch\/de\/produkt\/heliskiing-gstaad-grund-stadelhorn\/#breadcrumb","itemListElement":[{"@type":"ListItem","position":1,"name":"Accueil","item":"https:\/\/www.swissraft.ch\/de\/"},{"@type":"ListItem","position":2,"name":"Shop","item":"https:\/\/www.swissraft.ch\/de\/shop\/"},{"@type":"ListItem","position":3,"name":"Heliskiing ab dem Heliport GSTAAD-GRUND &#8211; STADELHORN 1930 m &#8211; Ab CHF 390.00"}]},{"@type":"WebSite","@id":"https:\/\/www.swissraft.ch\/de\/#website","url":"https:\/\/www.swissraft.ch\/de\/","name":"Swissraft","description":"To enjoy nature as it is","publisher":{"@id":"https:\/\/www.swissraft.ch\/de\/#organization"},"potentialAction":[{"@type":"SearchAction","target":{"@type":"EntryPoint","urlTemplate":"https:\/\/www.swissraft.ch\/de\/?s={search_term_string}"},"query-input":{"@type":"PropertyValueSpecification","valueRequired":true,"valueName":"search_term_string"}}],"inLanguage":"de"},{"@type":"Organization","@id":"https:\/\/www.swissraft.ch\/de\/#organization","name":"Swissraft","url":"https:\/\/www.swissraft.ch\/de\/","logo":{"@type":"ImageObject","inLanguage":"de","@id":"https:\/\/www.swissraft.ch\/de\/#\/schema\/logo\/image\/","url":"https:\/\/www.swissraft.ch\/wp-content\/uploads\/2025\/09\/Capture.jpg","contentUrl":"https:\/\/www.swissraft.ch\/wp-content\/uploads\/2025\/09\/Capture.jpg","width":293,"height":108,"caption":"Swissraft"},"image":{"@id":"https:\/\/www.swissraft.ch\/de\/#\/schema\/logo\/image\/"}}]}},"_links":{"self":[{"href":"https:\/\/www.swissraft.ch\/de\/wp-json\/wp\/v2\/product\/91262","targetHints":{"allow":["GET"]}}],"collection":[{"href":"https:\/\/www.swissraft.ch\/de\/wp-json\/wp\/v2\/product"}],"about":[{"href":"https:\/\/www.swissraft.ch\/de\/wp-json\/wp\/v2\/types\/product"}],"replies":[{"embeddable":true,"href":"https:\/\/www.swissraft.ch\/de\/wp-json\/wp\/v2\/comments?post=91262"}],"version-history":[{"count":0,"href":"https:\/\/www.swissraft.ch\/de\/wp-json\/wp\/v2\/product\/91262\/revisions"}],"wp:featuredmedia":[{"embeddable":true,"href":"https:\/\/www.swissraft.ch\/de\/wp-json\/wp\/v2\/media\/89791"}],"wp:attachment":[{"href":"https:\/\/www.swissraft.ch\/de\/wp-json\/wp\/v2\/media?parent=91262"}],"wp:term":[{"taxonomy":"product_cat","embeddable":true,"href":"https:\/\/www.swissraft.ch\/de\/wp-json\/wp\/v2\/product_cat?post=91262"},{"taxonomy":"product_tag","embeddable":true,"href":"https:\/\/www.swissraft.ch\/de\/wp-json\/wp\/v2\/product_tag?post=91262"}],"curies":[{"name":"wp","href":"https:\/\/api.w.org\/{rel}","templated":true}]}}