{"id":91261,"date":"2024-01-18T22:58:46","date_gmt":"2024-01-18T21:58:46","guid":{"rendered":"https:\/\/swissraft.xyanzkdne.eu\/product\/flugsimulator-in-attikon-boeing-737-800-fsc-ab-chf-159-00\/"},"modified":"2024-12-20T00:10:31","modified_gmt":"2024-12-19T23:10:31","slug":"flugsimulator-attikon-boeing-737-800-fsc","status":"publish","type":"product","link":"https:\/\/www.swissraft.ch\/de\/produkt\/flugsimulator-attikon-boeing-737-800-fsc\/","title":{"rendered":"Flugsimulator in ATTIKON &#8211; BOEING 737-800 FSC &#8211; Ab CHF 159.00"},"content":{"rendered":"\t\t<div data-elementor-type=\"wp-post\" data-elementor-id=\"91261\" class=\"elementor elementor-91261 elementor-57521\">\n\t\t\t\t\t\t\t\t\t<section class=\"elementor-section elementor-top-section elementor-element elementor-element-3303a7e3 elementor-section-boxed elementor-section-height-default elementor-section-height-default\" data-id=\"3303a7e3\" data-element_type=\"section\">\n\t\t\t\t\t\t<div class=\"elementor-container elementor-column-gap-default\">\n\t\t\t\t\t<div class=\"elementor-column elementor-col-100 elementor-top-column elementor-element elementor-element-16d72dbf\" data-id=\"16d72dbf\" data-element_type=\"column\">\n\t\t\t<div class=\"elementor-widget-wrap elementor-element-populated\">\n\t\t\t\t\t\t\t\t<div class=\"elementor-element elementor-element-d743c03 elementor-widget elementor-widget-text-editor\" data-id=\"d743c03\" data-element_type=\"widget\" data-widget_type=\"text-editor.default\">\n\t\t\t\t<div class=\"elementor-widget-container\">\n\t\t\t\t\t\t\t<h2>W\u00c4HLEN SIE UNTEN IHRE AKTIVIT\u00c4T AUS, UM GESCHENKGUTSCHEINE \/ TICKETS ZU VERSCHENKEN ODER ZU BUCHEN.<\/h2><table border=\"0\" width=\"580\" cellspacing=\"10\" cellpadding=\"10\"><tbody><tr><td width=\"50%\"><strong>1) FLUGSIMULATOR BOEING 737-800 FSC (1+2 Pers.) &#8211; Ab 30 Min.<\/strong><\/td><td><strong>ab CHF 159.00 pro Flug<span class=\"productPrice\"><br \/><\/span><\/strong><\/td><\/tr><tr><td>Weitere Informationen<\/td><td><span class=\"patt\">&#8211; Mindestgr\u00f6\u00dfe : 1,50 m<br \/>&#8211; H\u00f6chstgr\u00f6\u00dfe : 1,90 m<\/span><\/td><\/tr><tr><td>Treffpunkt<\/td><td><a href=\"https:\/\/www.google.com\/maps\/place\/47%C2%B032'14.2%22N+8%C2%B047'35.5%22E\/@47.5374722,8.7887793,762m\/data=!3m1!1e3!4m4!3m3!8m2!3d47.5372778!4d8.7931944?entry=ttu\" target=\"_blank\" rel=\"noopener\">Rickenbach-Attikon bei Winterthur<\/a><\/td><\/tr><tr><td>Flugdauer nach Wahl<\/td><td>30 Min. \/ 1 Std. \/ 1,5 Std. \/ 2 Std.<\/td><\/tr><tr><td>Gesamtdauer<\/td><td>ca. 45 Min. bis 2.15 Std. je nach Anzahl der Minuten<\/td><\/tr><tr><td>Terminvereinbarung<\/td><td>Per Telefon<\/td><\/tr><tr><td><a href=\"https:\/\/swissraft.outdoorbooking.ch\/fo\/products\/2096?base_id=208&amp;category_id=21&amp;order_type=gift_voucher&amp;lang=de\" target=\"_blank\" rel=\"noopener\"><button class=\"elementor-button\" type=\"button\">GUTSCHEIN KAUFEN<\/button><\/a><\/td><td><strong>CHF 159.00 &#8211; 30 Min. Flug <\/strong><\/td><\/tr><tr><td><a href=\"https:\/\/swissraft.outdoorbooking.ch\/fo\/products\/1295?base_id=208&amp;category_id=21&amp;order_type=gift_voucher&amp;lang=de\" target=\"_blank\" rel=\"noopener\"><button class=\"elementor-button\" type=\"button\">GUTSCHEIN KAUFEN<\/button><\/a><\/td><td><strong>CHF 229.00 &#8211; 1 Std. Flug<\/strong><\/td><\/tr><tr><td><button class=\"elementor-button\" type=\"button\"><a href=\"https:\/\/swissraft.outdoorbooking.ch\/fo\/products\/1297?base_id=208&amp;category_id=21&amp;order_type=gift_voucher&amp;lang=de\" target=\"_blank\" rel=\"noopener\">GUTSCHEIN KAUFEN<\/a><\/button><\/td><td><strong>CHF 319.00 &#8211; 1,5 Std. Flug<\/strong><\/td><\/tr><tr><td><button class=\"elementor-button\" type=\"button\"><a href=\"https:\/\/swissraft.outdoorbooking.ch\/fo\/products\/1299?base_id=208&amp;category_id=21&amp;order_type=gift_voucher&amp;lang=de\" target=\"_blank\" rel=\"noopener\">GUTSCHEIN KAUFEN<\/a><\/button><\/td><td><strong>CHF 399.00 &#8211; 2 Std. Flug<\/strong><\/td><\/tr><tr><td>\u00a0<\/td><td>Um zu buchen : <span class=\"patt\" style=\"font-family: inherit; font-size: inherit;\"><span class=\"plbl\"><span class=\"patt\"><a href=\"https:\/\/www.swissraft.ch\/de\/kontakt\/\">Kontaktieren Sie uns<\/a><\/span><\/span><\/span><\/td><\/tr><\/tbody><\/table><table border=\"0\" width=\"580\" cellspacing=\"10\" cellpadding=\"10\"><tbody><tr><td width=\"50%\"><strong>2) FLUGSIMULATOR BOEING 737-800 FSC (1+2 Pers.) &#8211; ab 30 Min. &#8211; MIT MOTION <\/strong><\/td><td><strong>ab CHF 225.00 pro Flug<span class=\"productPrice\"><br \/><\/span><\/strong><\/td><\/tr><tr><td>Weitere Informationen<\/td><td><span class=\"patt\">&#8211; Mindestgr\u00f6\u00dfe : 1,50 m<br \/>&#8211; H\u00f6chstgr\u00f6\u00dfe : 1,90 m<\/span><\/td><\/tr><tr><td>Treffpunkt<\/td><td><a href=\"https:\/\/www.google.com\/maps\/place\/47%C2%B032'14.2%22N+8%C2%B047'35.5%22E\/@47.5374722,8.7887793,762m\/data=!3m1!1e3!4m4!3m3!8m2!3d47.5372778!4d8.7931944?entry=ttu\" target=\"_blank\" rel=\"noopener\">Rickenbach-Attikon bei Winterthur<\/a><\/td><\/tr><tr><td>Flugdauer nach Wahl<\/td><td>30 Min. \/ 1 Std. \/ 1,5 Std. \/ 2 Std.<\/td><\/tr><tr><td>Gesamtdauer<\/td><td>ca. 45 Min. bis 2.15 Std. je nach Anzahl der Minuten<\/td><\/tr><tr><td>Terminvereinbarung<\/td><td>Per Telefon<\/td><\/tr><tr><td><a href=\"https:\/\/swissraft.outdoorbooking.ch\/fo\/products\/2097?base_id=208&amp;category_id=21&amp;order_type=gift_voucher&amp;lang=de\" target=\"_blank\" rel=\"noopener\"><button class=\"elementor-button\" type=\"button\">GUTSCHEIN KAUFEN<\/button><\/a><\/td><td><strong>CHF 225.00 &#8211; 30 Min. Flug<\/strong><\/td><\/tr><tr><td><a href=\"https:\/\/swissraft.outdoorbooking.ch\/fo\/products\/1296?base_id=208&amp;category_id=21&amp;order_type=gift_voucher&amp;lang=de\" target=\"_blank\" rel=\"noopener\"><button class=\"elementor-button\" type=\"button\">GUTSCHEIN KAUFEN<\/button><\/a><\/td><td><strong>CHF 349.00 &#8211; 1 Std. Flug<\/strong><\/td><\/tr><tr><td><button class=\"elementor-button\" type=\"button\"><a href=\"https:\/\/swissraft.outdoorbooking.ch\/fo\/products\/1298?base_id=208&amp;category_id=21&amp;order_type=gift_voucher&amp;lang=de\" target=\"_blank\" rel=\"noopener\">GUTSCHEIN KAUFEN<\/a><\/button><\/td><td><strong>CHF 479.00 &#8211; 1,5 Std. Flug<\/strong><\/td><\/tr><tr><td><button class=\"elementor-button\" type=\"button\"><a href=\"https:\/\/swissraft.outdoorbooking.ch\/fo\/products\/1300?base_id=208&amp;category_id=21&amp;order_type=gift_voucher&amp;lang=de\" target=\"_blank\" rel=\"noopener\">GUTSCHEIN KAUFEN<\/a><\/button><\/td><td><strong>CHF 599.00 &#8211; 2 Std. Flug<\/strong><\/td><\/tr><tr><td>\u00a0<\/td><td>Um zu buchen : <span class=\"patt\" style=\"font-family: inherit; font-size: inherit;\"><span class=\"plbl\"><span class=\"patt\"><a href=\"https:\/\/www.swissraft.ch\/de\/kontakt\/\">Kontaktieren Sie uns<\/a><\/span><\/span><\/span><\/td><\/tr><\/tbody><\/table>\t\t\t\t\t\t<\/div>\n\t\t\t\t<\/div>\n\t\t\t\t\t<\/div>\n\t\t<\/div>\n\t\t\t\t\t\t\t<\/div>\n\t\t<\/section>\n\t\t\t\t\t\t\t<\/div>\n\t\t","protected":false},"excerpt":{"rendered":"<div align=\"justify\">\n<h2 align=\"justify\">Gehen Sie mit zwei Passagieren Ihrer Wahl an Bord des BOEING 737-800 FSC Flugsimulators in Attikon bei Winterthur und tauchen Sie ein in dieses au\u00dfergew\u00f6hnlich realistische virtuelle Erlebnis.<\/h2>\n<h3>Kommen Sie an Bord des Flugsimulators der BOEING 737-800 FSC und genie\u00dfen Sie ein Freizeiterlebnis mit Abflug von einem Flughafen Ihrer Wahl. Tauchen Sie ein in dieses fesselnde Flugabenteuer.<\/h3>\n<\/div>\n<div align=\"justify\">\n<p>Dank eines riesigen, halbkreisf\u00f6rmigen Panorama-Bildschirms mit 210\u00b0 werden Sie von der realistischen Nachbildung beeindruckt sein: dem Dr\u00f6hnen der Triebwerke, dem Rollen, den Vibrationen, den Bewegungen der Flugzeugzelle (Motionsystem auf Zylinder) und dem Abheben Ihres Flugzeugs &#8230; kurz gesagt, Sie steuern tats\u00e4chlich eine Boeing 737 FSC. Es sind keine besonderen Kenntnisse erforderlich! Ihr Pilot und Fluglehrer wird Sie bei jedem Man\u00f6ver anleiten. Der Unterricht findet in Deutsch oder Englisch statt, je nachdem, was Sie bevorzugen; auf Anfrage auch in Franz\u00f6sisch.<\/p>\n<h3>Wenn Sie weitere Informationen w\u00fcnschen oder eine Sitzung im Flugsimulator der Boeing 737-800 NG buchen m\u00f6chten, rufen Sie uns bitte an.<\/h3>\n<p id=\"textarea\" style=\"display: none;\">\nIn Attikon\/Winterthur haben wir auch einen Eurocopter EC135 Hubschrauber-Flugsimulator. Au\u00dferdem bieten wir in Niederbuchsiten einen Cessna 172 Flugsimulator, einen Robinson R22 Hubschrauber-Flugsimulator und einen Boeing 737-800 NG Simulator an. Dar\u00fcber hinaus bieten wir auch einen Boeing B777 Flugsimulator in Z\u00fcrich an. Am Flughafen Bl\u00e9cherette in Lausanne bieten wir Ihnen einen Boeing 737-700 Flugsimulator an. Aber auch in Pf\u00e4ffikon haben wir einen Flugsimulator f\u00fcr einen EC135-Hubschrauber. Dar\u00fcber hinaus haben wir in Villars-Les-Moines einen Airbus A320 Flugsimulator der neuesten Generation.\n<\/p>\n<p><a id=\"seeMore\" onclick=\"toggleSeeMore()\" href=\"javascript:void(0);\">Lesen Sie mehr<\/a><\/p>\n","protected":false},"featured_media":89512,"comment_status":"open","ping_status":"closed","template":"","meta":{"inline_featured_image":false,"_mi_skip_tracking":false},"product_cat":[286,288],"product_tag":[],"class_list":["post-91261","product","type-product","status-publish","has-post-thumbnail","hentry","product_cat-flugsimulator","product_cat-attikon"],"yoast_head":"<!-- This site is optimized with the Yoast SEO plugin v23.6 - https:\/\/yoast.com\/wordpress\/plugins\/seo\/ -->\n<title>Flugsimulator Boeing 737-800 NG in Attikon<\/title>\n<meta name=\"description\" content=\"Flugsimulator Boeing 737-800 NG in Attikon\/Winterthur. Sie sitzen am Steuer eines Passagierflugzeuges. Unser Fluglehrer unterst\u00fctzt Sie w\u00e4hrend des Fluges\" \/>\n<meta name=\"robots\" content=\"index, follow, max-snippet:-1, max-image-preview:large, max-video-preview:-1\" \/>\n<link rel=\"canonical\" href=\"https:\/\/www.swissraft.ch\/de\/produkt\/flugsimulator-attikon-boeing-737-800-fsc\/\" \/>\n<meta property=\"og:locale\" content=\"de_DE\" \/>\n<meta property=\"og:type\" content=\"article\" \/>\n<meta property=\"og:title\" content=\"Flugsimulator Boeing 737-800 NG in Attikon\" \/>\n<meta property=\"og:description\" content=\"Flugsimulator Boeing 737-800 NG in Attikon\/Winterthur. Sie sitzen am Steuer eines Passagierflugzeuges. Unser Fluglehrer unterst\u00fctzt Sie w\u00e4hrend des Fluges\" \/>\n<meta property=\"og:url\" content=\"https:\/\/www.swissraft.ch\/de\/produkt\/flugsimulator-attikon-boeing-737-800-fsc\/\" \/>\n<meta property=\"og:site_name\" content=\"Swissraft\" \/>\n<meta property=\"article:modified_time\" content=\"2024-12-19T23:10:31+00:00\" \/>\n<meta property=\"og:image\" content=\"https:\/\/www.swissraft.ch\/wp-content\/uploads\/2024\/01\/1-ATTIKON-BEI-WINTERTHUR-Boeing-737-776x776-1.jpg\" \/>\n\t<meta property=\"og:image:width\" content=\"776\" \/>\n\t<meta property=\"og:image:height\" content=\"776\" \/>\n\t<meta property=\"og:image:type\" content=\"image\/jpeg\" \/>\n<meta name=\"twitter:card\" content=\"summary_large_image\" \/>\n<meta name=\"twitter:label1\" content=\"Gesch\u00e4tzte Lesezeit\" \/>\n\t<meta name=\"twitter:data1\" content=\"2\u00a0Minuten\" \/>\n<script type=\"application\/ld+json\" class=\"yoast-schema-graph\">{\"@context\":\"https:\/\/schema.org\",\"@graph\":[{\"@type\":\"WebPage\",\"@id\":\"https:\/\/www.swissraft.ch\/de\/produkt\/flugsimulator-attikon-boeing-737-800-fsc\/\",\"url\":\"https:\/\/www.swissraft.ch\/de\/produkt\/flugsimulator-attikon-boeing-737-800-fsc\/\",\"name\":\"Flugsimulator Boeing 737-800 NG in Attikon\",\"isPartOf\":{\"@id\":\"https:\/\/www.swissraft.ch\/de\/#website\"},\"primaryImageOfPage\":{\"@id\":\"https:\/\/www.swissraft.ch\/de\/produkt\/flugsimulator-attikon-boeing-737-800-fsc\/#primaryimage\"},\"image\":{\"@id\":\"https:\/\/www.swissraft.ch\/de\/produkt\/flugsimulator-attikon-boeing-737-800-fsc\/#primaryimage\"},\"thumbnailUrl\":\"https:\/\/www.swissraft.ch\/wp-content\/uploads\/2024\/01\/1-ATTIKON-BEI-WINTERTHUR-Boeing-737-776x776-1.jpg\",\"datePublished\":\"2024-01-18T21:58:46+00:00\",\"dateModified\":\"2024-12-19T23:10:31+00:00\",\"description\":\"Flugsimulator Boeing 737-800 NG in Attikon\/Winterthur. Sie sitzen am Steuer eines Passagierflugzeuges. Unser Fluglehrer unterst\u00fctzt Sie w\u00e4hrend des Fluges\",\"breadcrumb\":{\"@id\":\"https:\/\/www.swissraft.ch\/de\/produkt\/flugsimulator-attikon-boeing-737-800-fsc\/#breadcrumb\"},\"inLanguage\":\"de\",\"potentialAction\":[{\"@type\":\"ReadAction\",\"target\":[\"https:\/\/www.swissraft.ch\/de\/produkt\/flugsimulator-attikon-boeing-737-800-fsc\/\"]}]},{\"@type\":\"ImageObject\",\"inLanguage\":\"de\",\"@id\":\"https:\/\/www.swissraft.ch\/de\/produkt\/flugsimulator-attikon-boeing-737-800-fsc\/#primaryimage\",\"url\":\"https:\/\/www.swissraft.ch\/wp-content\/uploads\/2024\/01\/1-ATTIKON-BEI-WINTERTHUR-Boeing-737-776x776-1.jpg\",\"contentUrl\":\"https:\/\/www.swissraft.ch\/wp-content\/uploads\/2024\/01\/1-ATTIKON-BEI-WINTERTHUR-Boeing-737-776x776-1.jpg\",\"width\":776,\"height\":776,\"caption\":\"Flugsimulator Boeing 737-800 NG in Attikon\"},{\"@type\":\"BreadcrumbList\",\"@id\":\"https:\/\/www.swissraft.ch\/de\/produkt\/flugsimulator-attikon-boeing-737-800-fsc\/#breadcrumb\",\"itemListElement\":[{\"@type\":\"ListItem\",\"position\":1,\"name\":\"Accueil\",\"item\":\"https:\/\/www.swissraft.ch\/de\/\"},{\"@type\":\"ListItem\",\"position\":2,\"name\":\"Shop\",\"item\":\"https:\/\/www.swissraft.ch\/de\/shop\/\"},{\"@type\":\"ListItem\",\"position\":3,\"name\":\"Flugsimulator in ATTIKON &#8211; BOEING 737-800 FSC &#8211; Ab CHF 159.00\"}]},{\"@type\":\"WebSite\",\"@id\":\"https:\/\/www.swissraft.ch\/de\/#website\",\"url\":\"https:\/\/www.swissraft.ch\/de\/\",\"name\":\"Swissraft\",\"description\":\"To enjoy nature as it is\",\"publisher\":{\"@id\":\"https:\/\/www.swissraft.ch\/de\/#organization\"},\"potentialAction\":[{\"@type\":\"SearchAction\",\"target\":{\"@type\":\"EntryPoint\",\"urlTemplate\":\"https:\/\/www.swissraft.ch\/de\/?s={search_term_string}\"},\"query-input\":{\"@type\":\"PropertyValueSpecification\",\"valueRequired\":true,\"valueName\":\"search_term_string\"}}],\"inLanguage\":\"de\"},{\"@type\":\"Organization\",\"@id\":\"https:\/\/www.swissraft.ch\/de\/#organization\",\"name\":\"Swissraft\",\"url\":\"https:\/\/www.swissraft.ch\/de\/\",\"logo\":{\"@type\":\"ImageObject\",\"inLanguage\":\"de\",\"@id\":\"https:\/\/www.swissraft.ch\/de\/#\/schema\/logo\/image\/\",\"url\":\"https:\/\/www.swissraft.ch\/wp-content\/uploads\/2025\/09\/Capture.jpg\",\"contentUrl\":\"https:\/\/www.swissraft.ch\/wp-content\/uploads\/2025\/09\/Capture.jpg\",\"width\":293,\"height\":108,\"caption\":\"Swissraft\"},\"image\":{\"@id\":\"https:\/\/www.swissraft.ch\/de\/#\/schema\/logo\/image\/\"}}]}<\/script>\n<!-- \/ Yoast SEO plugin. -->","yoast_head_json":{"title":"Flugsimulator Boeing 737-800 NG in Attikon","description":"Flugsimulator Boeing 737-800 NG in Attikon\/Winterthur. Sie sitzen am Steuer eines Passagierflugzeuges. Unser Fluglehrer unterst\u00fctzt Sie w\u00e4hrend des Fluges","robots":{"index":"index","follow":"follow","max-snippet":"max-snippet:-1","max-image-preview":"max-image-preview:large","max-video-preview":"max-video-preview:-1"},"canonical":"https:\/\/www.swissraft.ch\/de\/produkt\/flugsimulator-attikon-boeing-737-800-fsc\/","og_locale":"de_DE","og_type":"article","og_title":"Flugsimulator Boeing 737-800 NG in Attikon","og_description":"Flugsimulator Boeing 737-800 NG in Attikon\/Winterthur. Sie sitzen am Steuer eines Passagierflugzeuges. Unser Fluglehrer unterst\u00fctzt Sie w\u00e4hrend des Fluges","og_url":"https:\/\/www.swissraft.ch\/de\/produkt\/flugsimulator-attikon-boeing-737-800-fsc\/","og_site_name":"Swissraft","article_modified_time":"2024-12-19T23:10:31+00:00","og_image":[{"width":776,"height":776,"url":"https:\/\/www.swissraft.ch\/wp-content\/uploads\/2024\/01\/1-ATTIKON-BEI-WINTERTHUR-Boeing-737-776x776-1.jpg","type":"image\/jpeg"}],"twitter_card":"summary_large_image","twitter_misc":{"Gesch\u00e4tzte Lesezeit":"2\u00a0Minuten"},"schema":{"@context":"https:\/\/schema.org","@graph":[{"@type":"WebPage","@id":"https:\/\/www.swissraft.ch\/de\/produkt\/flugsimulator-attikon-boeing-737-800-fsc\/","url":"https:\/\/www.swissraft.ch\/de\/produkt\/flugsimulator-attikon-boeing-737-800-fsc\/","name":"Flugsimulator Boeing 737-800 NG in Attikon","isPartOf":{"@id":"https:\/\/www.swissraft.ch\/de\/#website"},"primaryImageOfPage":{"@id":"https:\/\/www.swissraft.ch\/de\/produkt\/flugsimulator-attikon-boeing-737-800-fsc\/#primaryimage"},"image":{"@id":"https:\/\/www.swissraft.ch\/de\/produkt\/flugsimulator-attikon-boeing-737-800-fsc\/#primaryimage"},"thumbnailUrl":"https:\/\/www.swissraft.ch\/wp-content\/uploads\/2024\/01\/1-ATTIKON-BEI-WINTERTHUR-Boeing-737-776x776-1.jpg","datePublished":"2024-01-18T21:58:46+00:00","dateModified":"2024-12-19T23:10:31+00:00","description":"Flugsimulator Boeing 737-800 NG in Attikon\/Winterthur. Sie sitzen am Steuer eines Passagierflugzeuges. Unser Fluglehrer unterst\u00fctzt Sie w\u00e4hrend des Fluges","breadcrumb":{"@id":"https:\/\/www.swissraft.ch\/de\/produkt\/flugsimulator-attikon-boeing-737-800-fsc\/#breadcrumb"},"inLanguage":"de","potentialAction":[{"@type":"ReadAction","target":["https:\/\/www.swissraft.ch\/de\/produkt\/flugsimulator-attikon-boeing-737-800-fsc\/"]}]},{"@type":"ImageObject","inLanguage":"de","@id":"https:\/\/www.swissraft.ch\/de\/produkt\/flugsimulator-attikon-boeing-737-800-fsc\/#primaryimage","url":"https:\/\/www.swissraft.ch\/wp-content\/uploads\/2024\/01\/1-ATTIKON-BEI-WINTERTHUR-Boeing-737-776x776-1.jpg","contentUrl":"https:\/\/www.swissraft.ch\/wp-content\/uploads\/2024\/01\/1-ATTIKON-BEI-WINTERTHUR-Boeing-737-776x776-1.jpg","width":776,"height":776,"caption":"Flugsimulator Boeing 737-800 NG in Attikon"},{"@type":"BreadcrumbList","@id":"https:\/\/www.swissraft.ch\/de\/produkt\/flugsimulator-attikon-boeing-737-800-fsc\/#breadcrumb","itemListElement":[{"@type":"ListItem","position":1,"name":"Accueil","item":"https:\/\/www.swissraft.ch\/de\/"},{"@type":"ListItem","position":2,"name":"Shop","item":"https:\/\/www.swissraft.ch\/de\/shop\/"},{"@type":"ListItem","position":3,"name":"Flugsimulator in ATTIKON &#8211; BOEING 737-800 FSC &#8211; Ab CHF 159.00"}]},{"@type":"WebSite","@id":"https:\/\/www.swissraft.ch\/de\/#website","url":"https:\/\/www.swissraft.ch\/de\/","name":"Swissraft","description":"To enjoy nature as it is","publisher":{"@id":"https:\/\/www.swissraft.ch\/de\/#organization"},"potentialAction":[{"@type":"SearchAction","target":{"@type":"EntryPoint","urlTemplate":"https:\/\/www.swissraft.ch\/de\/?s={search_term_string}"},"query-input":{"@type":"PropertyValueSpecification","valueRequired":true,"valueName":"search_term_string"}}],"inLanguage":"de"},{"@type":"Organization","@id":"https:\/\/www.swissraft.ch\/de\/#organization","name":"Swissraft","url":"https:\/\/www.swissraft.ch\/de\/","logo":{"@type":"ImageObject","inLanguage":"de","@id":"https:\/\/www.swissraft.ch\/de\/#\/schema\/logo\/image\/","url":"https:\/\/www.swissraft.ch\/wp-content\/uploads\/2025\/09\/Capture.jpg","contentUrl":"https:\/\/www.swissraft.ch\/wp-content\/uploads\/2025\/09\/Capture.jpg","width":293,"height":108,"caption":"Swissraft"},"image":{"@id":"https:\/\/www.swissraft.ch\/de\/#\/schema\/logo\/image\/"}}]}},"_links":{"self":[{"href":"https:\/\/www.swissraft.ch\/de\/wp-json\/wp\/v2\/product\/91261","targetHints":{"allow":["GET"]}}],"collection":[{"href":"https:\/\/www.swissraft.ch\/de\/wp-json\/wp\/v2\/product"}],"about":[{"href":"https:\/\/www.swissraft.ch\/de\/wp-json\/wp\/v2\/types\/product"}],"replies":[{"embeddable":true,"href":"https:\/\/www.swissraft.ch\/de\/wp-json\/wp\/v2\/comments?post=91261"}],"version-history":[{"count":0,"href":"https:\/\/www.swissraft.ch\/de\/wp-json\/wp\/v2\/product\/91261\/revisions"}],"wp:featuredmedia":[{"embeddable":true,"href":"https:\/\/www.swissraft.ch\/de\/wp-json\/wp\/v2\/media\/89512"}],"wp:attachment":[{"href":"https:\/\/www.swissraft.ch\/de\/wp-json\/wp\/v2\/media?parent=91261"}],"wp:term":[{"taxonomy":"product_cat","embeddable":true,"href":"https:\/\/www.swissraft.ch\/de\/wp-json\/wp\/v2\/product_cat?post=91261"},{"taxonomy":"product_tag","embeddable":true,"href":"https:\/\/www.swissraft.ch\/de\/wp-json\/wp\/v2\/product_tag?post=91261"}],"curies":[{"name":"wp","href":"https:\/\/api.w.org\/{rel}","templated":true}]}}