{"id":91258,"date":"2024-01-18T03:08:08","date_gmt":"2024-01-18T02:08:08","guid":{"rendered":"https:\/\/swissraft.xyanzkdne.eu\/product\/flugsimulator-in-niederbuchsiten-robinson-r22-ab-chf-210-00\/"},"modified":"2024-12-20T03:11:04","modified_gmt":"2024-12-20T02:11:04","slug":"flugsimulator-niederbuchsiten-robinson-r22","status":"publish","type":"product","link":"https:\/\/www.swissraft.ch\/de\/produkt\/flugsimulator-niederbuchsiten-robinson-r22\/","title":{"rendered":"Flugsimulator in NIEDERBUCHSITEN &#8211; ROBINSON R22 &#8211; Ab CHF 210.00"},"content":{"rendered":"\t\t<div data-elementor-type=\"wp-post\" data-elementor-id=\"91258\" class=\"elementor elementor-91258 elementor-57417\">\n\t\t\t\t\t\t\t\t\t<section class=\"elementor-section elementor-top-section elementor-element elementor-element-3303a7e3 elementor-section-boxed elementor-section-height-default elementor-section-height-default\" data-id=\"3303a7e3\" data-element_type=\"section\">\n\t\t\t\t\t\t<div class=\"elementor-container elementor-column-gap-default\">\n\t\t\t\t\t<div class=\"elementor-column elementor-col-100 elementor-top-column elementor-element elementor-element-16d72dbf\" data-id=\"16d72dbf\" data-element_type=\"column\">\n\t\t\t<div class=\"elementor-widget-wrap elementor-element-populated\">\n\t\t\t\t\t\t\t\t<div class=\"elementor-element elementor-element-d743c03 elementor-widget elementor-widget-text-editor\" data-id=\"d743c03\" data-element_type=\"widget\" data-widget_type=\"text-editor.default\">\n\t\t\t\t<div class=\"elementor-widget-container\">\n\t\t\t\t\t\t\t<h2>W\u00c4HLEN SIE UNTEN IHRE AKTIVIT\u00c4T AUS, UM GESCHENKGUTSCHEINE \/ TICKETS ZU VERSCHENKEN ODER ZU BUCHEN.<\/h2><table border=\"0\" width=\"580\" cellspacing=\"10\" cellpadding=\"10\"><tbody><tr><td width=\"50%\"><strong>FLUGSIMULATOR ROBINSON R22 (1+1 pers.) &#8211; 1h45<\/strong><\/td><td><strong>Ab CHF 210.00 pro Flug<span class=\"productPrice\"><br \/><\/span><\/strong><\/td><\/tr><tr><td>Weitere Informationen<\/td><td><span class=\"patt\">&#8211; Mindestgr\u00f6\u00dfe : 1,50 m<br \/>&#8211; Maximalgr\u00f6\u00dfe : 1,90 m<br \/>&#8211; Maximal 1 Passagier<\/span><\/td><\/tr><tr><td>Treffpunkt<\/td><td><a href=\"https:\/\/www.google.com\/maps\/place\/Neumatt+10,+4626+Niederbuchsiten\/@47.299586,7.7636308,765m\/data=!3m1!1e3!4m15!1m8!3m7!1s0x47902cee9313adc5:0x3bc860cf7acb8ca9!2s4626+Niederbuchsiten!3b1!8m2!3d47.2970819!4d7.7713269!16zL20vMGc0cWZr!3m5!1s0x47902cdebaa4f57d:0x8b7c89acc4bff888!8m2!3d47.2994157!4d7.7681568!16s%2Fg%2F11gmfv3jv0?entry=ttu\" target=\"_blank\" rel=\"noopener\">Niederbuchsiten<\/a><\/td><\/tr><tr><td>Flugdauer nach Wahl<\/td><td>1h45 \/ 2h \/ 3h<\/td><\/tr><tr><td>Gesamtdauer<\/td><td>ca. 2 Std. bis 3:15 Std. je nach Anzahl der Minuten<\/td><\/tr><tr><td>Terminvereinbarung<\/td><td>Per Telefon<\/td><\/tr><tr><td><button class=\"elementor-button\" type=\"button\"><a href=\"https:\/\/swissraft.outdoorbooking.ch\/fo\/products\/2039?base_id=35&amp;category_id=21&amp;order_type=gift_voucher&amp;lang=de\" target=\"_blank\" rel=\"noopener\">GUTSCHEIN KAUFEN<\/a><\/button><\/td><td><strong>CHF 210.00 &#8211; 1:45 Std. Flug<\/strong><\/td><\/tr><tr><td><button class=\"elementor-button\" type=\"button\"><a href=\"https:\/\/swissraft.outdoorbooking.ch\/fo\/products\/150?base_id=35&amp;category_id=21&amp;order_type=gift_voucher&amp;lang=de\" target=\"_blank\" rel=\"noopener\">GUTSCHEIN KAUFEN<\/a><\/button><\/td><td><strong>CHF 250.00 &#8211; 2 Std. Flug<\/strong><\/td><\/tr><tr><td><button class=\"elementor-button\" type=\"button\"><a href=\"https:\/\/swissraft.outdoorbooking.ch\/fo\/products\/176?base_id=35&amp;category_id=21&amp;order_type=gift_voucher&amp;lang=de\" target=\"_blank\" rel=\"noopener\">GUTSCHEIN KAUFEN<\/a><\/button><\/td><td><strong>CHF 320.00 &#8211; 3 Std. Flug<\/strong><\/td><\/tr><tr><td>\u00a0<\/td><td>Um zu buchen : <span class=\"patt\" style=\"font-family: inherit; font-size: inherit;\"><span class=\"plbl\"><span class=\"patt\"><a href=\"https:\/\/www.swissraft.ch\/de\/kontakt\/\">Kontaktieren Sie uns<\/a><\/span><\/span><\/span><\/td><\/tr><\/tbody><\/table>\t\t\t\t\t\t<\/div>\n\t\t\t\t<\/div>\n\t\t\t\t\t<\/div>\n\t\t<\/div>\n\t\t\t\t\t\t\t<\/div>\n\t\t<\/section>\n\t\t\t\t\t\t\t<\/div>\n\t\t","protected":false},"excerpt":{"rendered":"<div align=\"justify\">\n<h2 align=\"justify\">Begleiten Sie uns an Bord des ROBINSON R22 Flugsimulators in Niederbuchsiten, zusammen mit einem Passagier. Erleben Sie ein au\u00dfergew\u00f6hnlich realistisches virtuelles Erlebnis.<\/h2>\n<h3>Machen Sie sich mit dem ROBINSON R22 Hubschrauber auf den Weg zu einem Flug zu zweit. Erleben Sie jeden Moment dieses aufregenden Fluges gemeinsam.<\/h3>\n<\/div>\n<div align=\"justify\">\n<p>Setzen Sie sich auf den Pilotensitz des Robinson R22 und erleben Sie einen spannenden Flug. Der Robinson R22-Hubschraubersimulator bietet ein \u00e4u\u00dferst realistisches Flugerlebnis. Es wird dringend empfohlen, eine Einf\u00fchrung mit einem Ausbilder zu absolvieren, um die Steuerungen sicher zu beherrschen.<br \/>\nDas authentische Cockpit des Robinson R22-Simulators ist mit Instrumenten ausgestattet, die eine pr\u00e4zise \u00dcberpr\u00fcfung der Flugparameter vor dem Start erm\u00f6glichen. Die Bewegungen des Simulators spiegeln die Flugempfindungen des Robinson R22 exakt wider und schaffen eine derartige Immersion, dass man vergisst, sich in einem Simulator zu befinden.<br \/>\nDie Motorger\u00e4usche und -vibrationen werden makellos nachgebildet, was den Realismus noch verst\u00e4rkt. Hochwertige HD-Projektoren sorgen f\u00fcr eine visuelle Qualit\u00e4t, die durch eine beeindruckende Tiefensch\u00e4rfe ein \u00e4u\u00dferst realistisches Panorama bietet.<br \/>\n.<\/p>\n<h3>Wenn Sie weitere Informationen w\u00fcnschen oder eine Sitzung mit dem Robinson R22 Flugsimulator buchen m\u00f6chten, rufen Sie uns bitte an.<\/h3>\n<p id=\"textarea\" style=\"display: none;\">\nIn Niederbuchsiten haben wir auch einen Cessna 172 Flugsimulator und einen Boeing 737-800 NG Simulator. Wir haben auch einen Boeing B777 Flugsimulator in Z\u00fcrich. Auch am Flughafen La Bl\u00e9cherette in Lausanne bieten wir Ihnen einen Boeing 737-700 Flugsimulator an. Aber auch in Attikon\/Winterthur haben wir einen EC135 Hubschrauber-Flugsimulator und einen Boeing 737 FSC Flugsimulator. In Pf\u00e4ffikon haben wir einen EC135 Hubschrauber-Flugsimulator. In Villars-Les-Moines haben wir einen sehr guten Airbus A320 Flugsimulator.\n<\/p>\n<p><a id=\"seeMore\" onclick=\"toggleSeeMore()\" href=\"javascript:void(0);\">Lesen Sie mehr<\/a><\/p>\n","protected":false},"featured_media":89488,"comment_status":"open","ping_status":"closed","template":"","meta":{"inline_featured_image":false,"_mi_skip_tracking":false},"product_cat":[286,287],"product_tag":[],"class_list":["post-91258","product","type-product","status-publish","has-post-thumbnail","hentry","product_cat-flugsimulator","product_cat-niederbuchsiten"],"yoast_head":"<!-- This site is optimized with the Yoast SEO plugin v23.6 - https:\/\/yoast.com\/wordpress\/plugins\/seo\/ -->\n<title>Flugsimulator Robinson R22 in Niederbuchsiten<\/title>\n<meta name=\"description\" content=\"Flugsimulator Robinson R22 in Niederbuchsiten. Sie sitzen am Steuer eines Hubschraubers. Ihr Fluglehrer unterst\u00fctzt Sie w\u00e4hrend des Fluges.\" \/>\n<meta name=\"robots\" content=\"index, follow, max-snippet:-1, max-image-preview:large, max-video-preview:-1\" \/>\n<link rel=\"canonical\" href=\"https:\/\/www.swissraft.ch\/de\/produkt\/flugsimulator-niederbuchsiten-robinson-r22\/\" \/>\n<meta property=\"og:locale\" content=\"de_DE\" \/>\n<meta property=\"og:type\" content=\"article\" \/>\n<meta property=\"og:title\" content=\"Flugsimulator Robinson R22 in Niederbuchsiten\" \/>\n<meta property=\"og:description\" content=\"Flugsimulator Robinson R22 in Niederbuchsiten. Sie sitzen am Steuer eines Hubschraubers. Ihr Fluglehrer unterst\u00fctzt Sie w\u00e4hrend des Fluges.\" \/>\n<meta property=\"og:url\" content=\"https:\/\/www.swissraft.ch\/de\/produkt\/flugsimulator-niederbuchsiten-robinson-r22\/\" \/>\n<meta property=\"og:site_name\" content=\"Swissraft\" \/>\n<meta property=\"article:modified_time\" content=\"2024-12-20T02:11:04+00:00\" \/>\n<meta property=\"og:image\" content=\"https:\/\/www.swissraft.ch\/wp-content\/uploads\/2024\/01\/ROBINSON-R22-776x776-1.jpg\" \/>\n\t<meta property=\"og:image:width\" content=\"776\" \/>\n\t<meta property=\"og:image:height\" content=\"776\" \/>\n\t<meta property=\"og:image:type\" content=\"image\/jpeg\" \/>\n<meta name=\"twitter:card\" content=\"summary_large_image\" \/>\n<meta name=\"twitter:label1\" content=\"Gesch\u00e4tzte Lesezeit\" \/>\n\t<meta name=\"twitter:data1\" content=\"1\u00a0Minute\" \/>\n<script type=\"application\/ld+json\" class=\"yoast-schema-graph\">{\"@context\":\"https:\/\/schema.org\",\"@graph\":[{\"@type\":\"WebPage\",\"@id\":\"https:\/\/www.swissraft.ch\/de\/produkt\/flugsimulator-niederbuchsiten-robinson-r22\/\",\"url\":\"https:\/\/www.swissraft.ch\/de\/produkt\/flugsimulator-niederbuchsiten-robinson-r22\/\",\"name\":\"Flugsimulator Robinson R22 in Niederbuchsiten\",\"isPartOf\":{\"@id\":\"https:\/\/www.swissraft.ch\/de\/#website\"},\"primaryImageOfPage\":{\"@id\":\"https:\/\/www.swissraft.ch\/de\/produkt\/flugsimulator-niederbuchsiten-robinson-r22\/#primaryimage\"},\"image\":{\"@id\":\"https:\/\/www.swissraft.ch\/de\/produkt\/flugsimulator-niederbuchsiten-robinson-r22\/#primaryimage\"},\"thumbnailUrl\":\"https:\/\/www.swissraft.ch\/wp-content\/uploads\/2024\/01\/ROBINSON-R22-776x776-1.jpg\",\"datePublished\":\"2024-01-18T02:08:08+00:00\",\"dateModified\":\"2024-12-20T02:11:04+00:00\",\"description\":\"Flugsimulator Robinson R22 in Niederbuchsiten. Sie sitzen am Steuer eines Hubschraubers. Ihr Fluglehrer unterst\u00fctzt Sie w\u00e4hrend des Fluges.\",\"breadcrumb\":{\"@id\":\"https:\/\/www.swissraft.ch\/de\/produkt\/flugsimulator-niederbuchsiten-robinson-r22\/#breadcrumb\"},\"inLanguage\":\"de\",\"potentialAction\":[{\"@type\":\"ReadAction\",\"target\":[\"https:\/\/www.swissraft.ch\/de\/produkt\/flugsimulator-niederbuchsiten-robinson-r22\/\"]}]},{\"@type\":\"ImageObject\",\"inLanguage\":\"de\",\"@id\":\"https:\/\/www.swissraft.ch\/de\/produkt\/flugsimulator-niederbuchsiten-robinson-r22\/#primaryimage\",\"url\":\"https:\/\/www.swissraft.ch\/wp-content\/uploads\/2024\/01\/ROBINSON-R22-776x776-1.jpg\",\"contentUrl\":\"https:\/\/www.swissraft.ch\/wp-content\/uploads\/2024\/01\/ROBINSON-R22-776x776-1.jpg\",\"width\":776,\"height\":776,\"caption\":\"Flugsimulator Robinson R22 in Niederbuchsiten\"},{\"@type\":\"BreadcrumbList\",\"@id\":\"https:\/\/www.swissraft.ch\/de\/produkt\/flugsimulator-niederbuchsiten-robinson-r22\/#breadcrumb\",\"itemListElement\":[{\"@type\":\"ListItem\",\"position\":1,\"name\":\"Accueil\",\"item\":\"https:\/\/www.swissraft.ch\/de\/\"},{\"@type\":\"ListItem\",\"position\":2,\"name\":\"Shop\",\"item\":\"https:\/\/www.swissraft.ch\/de\/shop\/\"},{\"@type\":\"ListItem\",\"position\":3,\"name\":\"Flugsimulator in NIEDERBUCHSITEN &#8211; ROBINSON R22 &#8211; Ab CHF 210.00\"}]},{\"@type\":\"WebSite\",\"@id\":\"https:\/\/www.swissraft.ch\/de\/#website\",\"url\":\"https:\/\/www.swissraft.ch\/de\/\",\"name\":\"Swissraft\",\"description\":\"To enjoy nature as it is\",\"publisher\":{\"@id\":\"https:\/\/www.swissraft.ch\/de\/#organization\"},\"potentialAction\":[{\"@type\":\"SearchAction\",\"target\":{\"@type\":\"EntryPoint\",\"urlTemplate\":\"https:\/\/www.swissraft.ch\/de\/?s={search_term_string}\"},\"query-input\":{\"@type\":\"PropertyValueSpecification\",\"valueRequired\":true,\"valueName\":\"search_term_string\"}}],\"inLanguage\":\"de\"},{\"@type\":\"Organization\",\"@id\":\"https:\/\/www.swissraft.ch\/de\/#organization\",\"name\":\"Swissraft\",\"url\":\"https:\/\/www.swissraft.ch\/de\/\",\"logo\":{\"@type\":\"ImageObject\",\"inLanguage\":\"de\",\"@id\":\"https:\/\/www.swissraft.ch\/de\/#\/schema\/logo\/image\/\",\"url\":\"https:\/\/www.swissraft.ch\/wp-content\/uploads\/2025\/09\/Capture.jpg\",\"contentUrl\":\"https:\/\/www.swissraft.ch\/wp-content\/uploads\/2025\/09\/Capture.jpg\",\"width\":293,\"height\":108,\"caption\":\"Swissraft\"},\"image\":{\"@id\":\"https:\/\/www.swissraft.ch\/de\/#\/schema\/logo\/image\/\"}}]}<\/script>\n<!-- \/ Yoast SEO plugin. -->","yoast_head_json":{"title":"Flugsimulator Robinson R22 in Niederbuchsiten","description":"Flugsimulator Robinson R22 in Niederbuchsiten. Sie sitzen am Steuer eines Hubschraubers. Ihr Fluglehrer unterst\u00fctzt Sie w\u00e4hrend des Fluges.","robots":{"index":"index","follow":"follow","max-snippet":"max-snippet:-1","max-image-preview":"max-image-preview:large","max-video-preview":"max-video-preview:-1"},"canonical":"https:\/\/www.swissraft.ch\/de\/produkt\/flugsimulator-niederbuchsiten-robinson-r22\/","og_locale":"de_DE","og_type":"article","og_title":"Flugsimulator Robinson R22 in Niederbuchsiten","og_description":"Flugsimulator Robinson R22 in Niederbuchsiten. Sie sitzen am Steuer eines Hubschraubers. Ihr Fluglehrer unterst\u00fctzt Sie w\u00e4hrend des Fluges.","og_url":"https:\/\/www.swissraft.ch\/de\/produkt\/flugsimulator-niederbuchsiten-robinson-r22\/","og_site_name":"Swissraft","article_modified_time":"2024-12-20T02:11:04+00:00","og_image":[{"width":776,"height":776,"url":"https:\/\/www.swissraft.ch\/wp-content\/uploads\/2024\/01\/ROBINSON-R22-776x776-1.jpg","type":"image\/jpeg"}],"twitter_card":"summary_large_image","twitter_misc":{"Gesch\u00e4tzte Lesezeit":"1\u00a0Minute"},"schema":{"@context":"https:\/\/schema.org","@graph":[{"@type":"WebPage","@id":"https:\/\/www.swissraft.ch\/de\/produkt\/flugsimulator-niederbuchsiten-robinson-r22\/","url":"https:\/\/www.swissraft.ch\/de\/produkt\/flugsimulator-niederbuchsiten-robinson-r22\/","name":"Flugsimulator Robinson R22 in Niederbuchsiten","isPartOf":{"@id":"https:\/\/www.swissraft.ch\/de\/#website"},"primaryImageOfPage":{"@id":"https:\/\/www.swissraft.ch\/de\/produkt\/flugsimulator-niederbuchsiten-robinson-r22\/#primaryimage"},"image":{"@id":"https:\/\/www.swissraft.ch\/de\/produkt\/flugsimulator-niederbuchsiten-robinson-r22\/#primaryimage"},"thumbnailUrl":"https:\/\/www.swissraft.ch\/wp-content\/uploads\/2024\/01\/ROBINSON-R22-776x776-1.jpg","datePublished":"2024-01-18T02:08:08+00:00","dateModified":"2024-12-20T02:11:04+00:00","description":"Flugsimulator Robinson R22 in Niederbuchsiten. Sie sitzen am Steuer eines Hubschraubers. Ihr Fluglehrer unterst\u00fctzt Sie w\u00e4hrend des Fluges.","breadcrumb":{"@id":"https:\/\/www.swissraft.ch\/de\/produkt\/flugsimulator-niederbuchsiten-robinson-r22\/#breadcrumb"},"inLanguage":"de","potentialAction":[{"@type":"ReadAction","target":["https:\/\/www.swissraft.ch\/de\/produkt\/flugsimulator-niederbuchsiten-robinson-r22\/"]}]},{"@type":"ImageObject","inLanguage":"de","@id":"https:\/\/www.swissraft.ch\/de\/produkt\/flugsimulator-niederbuchsiten-robinson-r22\/#primaryimage","url":"https:\/\/www.swissraft.ch\/wp-content\/uploads\/2024\/01\/ROBINSON-R22-776x776-1.jpg","contentUrl":"https:\/\/www.swissraft.ch\/wp-content\/uploads\/2024\/01\/ROBINSON-R22-776x776-1.jpg","width":776,"height":776,"caption":"Flugsimulator Robinson R22 in Niederbuchsiten"},{"@type":"BreadcrumbList","@id":"https:\/\/www.swissraft.ch\/de\/produkt\/flugsimulator-niederbuchsiten-robinson-r22\/#breadcrumb","itemListElement":[{"@type":"ListItem","position":1,"name":"Accueil","item":"https:\/\/www.swissraft.ch\/de\/"},{"@type":"ListItem","position":2,"name":"Shop","item":"https:\/\/www.swissraft.ch\/de\/shop\/"},{"@type":"ListItem","position":3,"name":"Flugsimulator in NIEDERBUCHSITEN &#8211; ROBINSON R22 &#8211; Ab CHF 210.00"}]},{"@type":"WebSite","@id":"https:\/\/www.swissraft.ch\/de\/#website","url":"https:\/\/www.swissraft.ch\/de\/","name":"Swissraft","description":"To enjoy nature as it is","publisher":{"@id":"https:\/\/www.swissraft.ch\/de\/#organization"},"potentialAction":[{"@type":"SearchAction","target":{"@type":"EntryPoint","urlTemplate":"https:\/\/www.swissraft.ch\/de\/?s={search_term_string}"},"query-input":{"@type":"PropertyValueSpecification","valueRequired":true,"valueName":"search_term_string"}}],"inLanguage":"de"},{"@type":"Organization","@id":"https:\/\/www.swissraft.ch\/de\/#organization","name":"Swissraft","url":"https:\/\/www.swissraft.ch\/de\/","logo":{"@type":"ImageObject","inLanguage":"de","@id":"https:\/\/www.swissraft.ch\/de\/#\/schema\/logo\/image\/","url":"https:\/\/www.swissraft.ch\/wp-content\/uploads\/2025\/09\/Capture.jpg","contentUrl":"https:\/\/www.swissraft.ch\/wp-content\/uploads\/2025\/09\/Capture.jpg","width":293,"height":108,"caption":"Swissraft"},"image":{"@id":"https:\/\/www.swissraft.ch\/de\/#\/schema\/logo\/image\/"}}]}},"_links":{"self":[{"href":"https:\/\/www.swissraft.ch\/de\/wp-json\/wp\/v2\/product\/91258","targetHints":{"allow":["GET"]}}],"collection":[{"href":"https:\/\/www.swissraft.ch\/de\/wp-json\/wp\/v2\/product"}],"about":[{"href":"https:\/\/www.swissraft.ch\/de\/wp-json\/wp\/v2\/types\/product"}],"replies":[{"embeddable":true,"href":"https:\/\/www.swissraft.ch\/de\/wp-json\/wp\/v2\/comments?post=91258"}],"version-history":[{"count":0,"href":"https:\/\/www.swissraft.ch\/de\/wp-json\/wp\/v2\/product\/91258\/revisions"}],"wp:featuredmedia":[{"embeddable":true,"href":"https:\/\/www.swissraft.ch\/de\/wp-json\/wp\/v2\/media\/89488"}],"wp:attachment":[{"href":"https:\/\/www.swissraft.ch\/de\/wp-json\/wp\/v2\/media?parent=91258"}],"wp:term":[{"taxonomy":"product_cat","embeddable":true,"href":"https:\/\/www.swissraft.ch\/de\/wp-json\/wp\/v2\/product_cat?post=91258"},{"taxonomy":"product_tag","embeddable":true,"href":"https:\/\/www.swissraft.ch\/de\/wp-json\/wp\/v2\/product_tag?post=91258"}],"curies":[{"name":"wp","href":"https:\/\/api.w.org\/{rel}","templated":true}]}}