{"id":91254,"date":"2024-01-17T15:58:20","date_gmt":"2024-01-17T14:58:20","guid":{"rendered":"https:\/\/swissraft.xyanzkdne.eu\/product\/flugsimulator-in-niederbuchsiten-cessna-172-ab-chf-210-00\/"},"modified":"2024-12-20T03:06:28","modified_gmt":"2024-12-20T02:06:28","slug":"flugsimulator-niederbuchsiten-cessna-172","status":"publish","type":"product","link":"https:\/\/www.swissraft.ch\/de\/produkt\/flugsimulator-niederbuchsiten-cessna-172\/","title":{"rendered":"Flugsimulator in NIEDERBUCHSITEN &#8211; CESSNA 172 &#8211; Ab CHF 210.00"},"content":{"rendered":"\t\t<div data-elementor-type=\"wp-post\" data-elementor-id=\"91254\" class=\"elementor elementor-91254 elementor-57266\">\n\t\t\t\t\t\t\t\t\t<section class=\"elementor-section elementor-top-section elementor-element elementor-element-3303a7e3 elementor-section-boxed elementor-section-height-default elementor-section-height-default\" data-id=\"3303a7e3\" data-element_type=\"section\">\n\t\t\t\t\t\t<div class=\"elementor-container elementor-column-gap-default\">\n\t\t\t\t\t<div class=\"elementor-column elementor-col-100 elementor-top-column elementor-element elementor-element-16d72dbf\" data-id=\"16d72dbf\" data-element_type=\"column\">\n\t\t\t<div class=\"elementor-widget-wrap elementor-element-populated\">\n\t\t\t\t\t\t\t\t<div class=\"elementor-element elementor-element-d743c03 elementor-widget elementor-widget-text-editor\" data-id=\"d743c03\" data-element_type=\"widget\" data-widget_type=\"text-editor.default\">\n\t\t\t\t<div class=\"elementor-widget-container\">\n\t\t\t\t\t\t\t<h2>W\u00c4HLEN SIE UNTEN IHRE AKTIVIT\u00c4T AUS, UM GESCHENKGUTSCHEINE \/ TICKETS ZU VERSCHENKEN ODER ZU BUCHEN.<\/h2><table border=\"0\" width=\"580\" cellspacing=\"10\" cellpadding=\"10\"><tbody><tr><td width=\"50%\"><strong>FLUGSIMULATOR CESSNA 172 (1+1 pers.) &#8211; Ab 1h45<\/strong><\/td><td><strong>Ab CHF 210.00 pro Flug<span class=\"productPrice\"><br \/><\/span><\/strong><\/td><\/tr><tr><td>Weitere Informationen<\/td><td><span class=\"patt\">&#8211; Mindestgr\u00f6\u00dfe : 1,50 m<br \/>&#8211; Maximalgr\u00f6\u00dfe : 1,90 m<br \/>&#8211; Maximal 1 Passagier<\/span><\/td><\/tr><tr><td>Treffpunkt<\/td><td><a href=\"https:\/\/www.google.com\/maps\/place\/Neumatt+10,+4626+Niederbuchsiten\/@47.299586,7.7636308,765m\/data=!3m1!1e3!4m15!1m8!3m7!1s0x47902cee9313adc5:0x3bc860cf7acb8ca9!2s4626+Niederbuchsiten!3b1!8m2!3d47.2970819!4d7.7713269!16zL20vMGc0cWZr!3m5!1s0x47902cdebaa4f57d:0x8b7c89acc4bff888!8m2!3d47.2994157!4d7.7681568!16s%2Fg%2F11gmfv3jv0?entry=ttu\" target=\"_blank\" rel=\"noopener\">Niederbuchsiten<\/a><\/td><\/tr><tr><td>Flugdauer nach Wahl<\/td><td>1h45 \/ 2h \/ 3h<\/td><\/tr><tr><td>Gesamtdauer<\/td><td>ca. 2 Std. bis 3:15 Std. je nach Anzahl der Minuten<\/td><\/tr><tr><td>Terminvereinbarung<\/td><td>Per Telefon<\/td><\/tr><tr><td><button class=\"elementor-button\" type=\"button\"><a href=\"https:\/\/swissraft.outdoorbooking.ch\/fo\/products\/2040?base_id=35&amp;category_id=21&amp;order_type=gift_voucher&amp;lang=de\" target=\"_blank\" rel=\"noopener\">GUTSCHEIN KAUFEN<\/a><\/button><\/td><td><strong>CHF 210.00 &#8211; 1:45 Std. Flug<\/strong><\/td><\/tr><tr><td><button class=\"elementor-button\" type=\"button\"><a href=\"https:\/\/swissraft.outdoorbooking.ch\/fo\/products\/345?base_id=35&amp;category_id=21&amp;order_type=gift_voucher&amp;lang=de\" target=\"_blank\" rel=\"noopener\">GUTSCHEIN KAUFEN<\/a><\/button><\/td><td><strong>CHF 250.00 &#8211; 2 Std. Flug<\/strong><\/td><\/tr><tr><td><button class=\"elementor-button\" type=\"button\"><a href=\"https:\/\/swissraft.outdoorbooking.ch\/fo\/products\/346?base_id=35&amp;category_id=21&amp;order_type=gift_voucher&amp;lang=de\" target=\"_blank\" rel=\"noopener\">GUTSCHEIN KAUFEN<\/a><\/button><\/td><td><strong>CHF 320.00 &#8211; 3 Std. Flug<\/strong><\/td><\/tr><tr><td>\u00a0<\/td><td>Um zu buchen : <span class=\"patt\" style=\"font-family: inherit; font-size: inherit;\"><span class=\"plbl\"><span class=\"patt\"><a href=\"https:\/\/www.swissraft.ch\/de\/kontakt\/\">Kontaktieren Sie uns<\/a><\/span><\/span><\/span><\/td><\/tr><\/tbody><\/table>\t\t\t\t\t\t<\/div>\n\t\t\t\t<\/div>\n\t\t\t\t\t<\/div>\n\t\t<\/div>\n\t\t\t\t\t\t\t<\/div>\n\t\t<\/section>\n\t\t\t\t\t\t\t<\/div>\n\t\t","protected":false},"excerpt":{"rendered":"<div align=\"justify\">\n<h2 align=\"justify\">Entdecken Sie das Vergn\u00fcgen, ein Passagierflugzeug in Niederbuchsiten zu fliegen, mit unserem Flugsimulator CESSNA 172, der Ihnen eine bemerkenswert realistische Erfahrung bietet.<\/h2>\n<h3>Gehen Sie mit einem Passagier an Bord der CESSNA 172 in Niederbuchsiten. Teilen Sie diese einzigartige virtuelle Erfahrung und erleben Sie das Abenteuer gemeinsam.<\/h3>\n<\/div>\n<div align=\"justify\">\n<p>Nehmen Sie auf dem Pilotensitz der Cessna 172 Platz und begeben Sie sich auf einen aufregenden Flug. Der Flugsimulator kann wie eine echte Cessna gesteuert werden. Der Rumpf ist eine pr\u00e4zise Nachbildung der Cessna 172 mit vielen Originalteilen. Das Cockpit ist ebenfalls eine Originalnachbildung. Die Zylinder simulieren alle Bewegungen w\u00e4hrend des Fluges der Cessna 172. Sie vergessen buchst\u00e4blich, dass Sie in einem Simulator fliegen. Auch das Ger\u00e4usch und die Vibrationen des Motors werden im Simulator der Cessna 172 perfekt reproduziert. Visuell wird die Aussicht mit HD-Projektoren pr\u00e4sentiert, die die beste Qualit\u00e4t und eine extreme Tiefensch\u00e4rfe bieten. Die gesamte Au\u00dfenwelt ist so real, dass Sie das Gef\u00fchl haben, tats\u00e4chlich zu fliegen.<\/p>\n<h3>F\u00fcr weitere Informationen oder wenn Sie eine Sitzung mit dem Flugsimulator Cessna 172 buchen m\u00f6chten, rufen Sie uns an!<\/h3>\n<p id=\"textarea\" style=\"display: none;\">\nEbenso haben wir in Niederbuchsiten einen Robinson RH22 Helikopter-Flugsimulator und einen Boeing 737-800 NG Simulator. Wir bieten auch einen Boeing B777-Simulator in Z\u00fcrich an. Au\u00dferdem haben wir am Flughafen Bl\u00e9cherette in Lausanne einen Boeing 737-700 Flugsimulator. Auch in Attikon\/Winterthur haben wir einen EC135 Hubschrauber-Flugsimulator und einen Boeing 737 FSC Flugsimulator. Au\u00dferdem haben wir in Pf\u00e4ffikon auch einen Flugsimulator f\u00fcr einen EC135-Helikopter. Au\u00dferdem gibt es in Villars-Les-Moines einen modernen Airbus A320-Flugsimulator.\n<\/p>\n<p><a id=\"seeMore\" onclick=\"toggleSeeMore()\" href=\"javascript:void(0);\">Lesen Sie mehr<\/a><\/p>\n","protected":false},"featured_media":89476,"comment_status":"open","ping_status":"closed","template":"","meta":{"inline_featured_image":false,"_mi_skip_tracking":false},"product_cat":[286,287],"product_tag":[],"class_list":["post-91254","product","type-product","status-publish","has-post-thumbnail","hentry","product_cat-flugsimulator","product_cat-niederbuchsiten"],"yoast_head":"<!-- This site is optimized with the Yoast SEO plugin v23.6 - https:\/\/yoast.com\/wordpress\/plugins\/seo\/ -->\n<title>Flugsimulator Cessna 172 in Niederbuchsiten. Fliegen Sie selbst<\/title>\n<meta name=\"description\" content=\"Flugsimulator Cessna 172 in Niederbuchsiten. Sie sitzen am Steuer eines Sportflugzeugs. Ihr Fluglehrer ist \u00fcber Funk mit Ihnen verbunden.\" \/>\n<meta name=\"robots\" content=\"index, follow, max-snippet:-1, max-image-preview:large, max-video-preview:-1\" \/>\n<link rel=\"canonical\" href=\"https:\/\/www.swissraft.ch\/de\/produkt\/flugsimulator-niederbuchsiten-cessna-172\/\" \/>\n<meta property=\"og:locale\" content=\"de_DE\" \/>\n<meta property=\"og:type\" content=\"article\" \/>\n<meta property=\"og:title\" content=\"Flugsimulator Cessna 172 in Niederbuchsiten. Fliegen Sie selbst\" \/>\n<meta property=\"og:description\" content=\"Flugsimulator Cessna 172 in Niederbuchsiten. Sie sitzen am Steuer eines Sportflugzeugs. Ihr Fluglehrer ist \u00fcber Funk mit Ihnen verbunden.\" \/>\n<meta property=\"og:url\" content=\"https:\/\/www.swissraft.ch\/de\/produkt\/flugsimulator-niederbuchsiten-cessna-172\/\" \/>\n<meta property=\"og:site_name\" content=\"Swissraft\" \/>\n<meta property=\"article:modified_time\" content=\"2024-12-20T02:06:28+00:00\" \/>\n<meta property=\"og:image\" content=\"https:\/\/www.swissraft.ch\/wp-content\/uploads\/2024\/01\/1-1-CESSNA-172-776x776-1.jpg\" \/>\n\t<meta property=\"og:image:width\" content=\"776\" \/>\n\t<meta property=\"og:image:height\" content=\"776\" \/>\n\t<meta property=\"og:image:type\" content=\"image\/jpeg\" \/>\n<meta name=\"twitter:card\" content=\"summary_large_image\" \/>\n<meta name=\"twitter:label1\" content=\"Gesch\u00e4tzte Lesezeit\" \/>\n\t<meta name=\"twitter:data1\" content=\"1\u00a0Minute\" \/>\n<script type=\"application\/ld+json\" class=\"yoast-schema-graph\">{\"@context\":\"https:\/\/schema.org\",\"@graph\":[{\"@type\":\"WebPage\",\"@id\":\"https:\/\/www.swissraft.ch\/de\/produkt\/flugsimulator-niederbuchsiten-cessna-172\/\",\"url\":\"https:\/\/www.swissraft.ch\/de\/produkt\/flugsimulator-niederbuchsiten-cessna-172\/\",\"name\":\"Flugsimulator Cessna 172 in Niederbuchsiten. Fliegen Sie selbst\",\"isPartOf\":{\"@id\":\"https:\/\/www.swissraft.ch\/de\/#website\"},\"primaryImageOfPage\":{\"@id\":\"https:\/\/www.swissraft.ch\/de\/produkt\/flugsimulator-niederbuchsiten-cessna-172\/#primaryimage\"},\"image\":{\"@id\":\"https:\/\/www.swissraft.ch\/de\/produkt\/flugsimulator-niederbuchsiten-cessna-172\/#primaryimage\"},\"thumbnailUrl\":\"https:\/\/www.swissraft.ch\/wp-content\/uploads\/2024\/01\/1-1-CESSNA-172-776x776-1.jpg\",\"datePublished\":\"2024-01-17T14:58:20+00:00\",\"dateModified\":\"2024-12-20T02:06:28+00:00\",\"description\":\"Flugsimulator Cessna 172 in Niederbuchsiten. Sie sitzen am Steuer eines Sportflugzeugs. Ihr Fluglehrer ist \u00fcber Funk mit Ihnen verbunden.\",\"breadcrumb\":{\"@id\":\"https:\/\/www.swissraft.ch\/de\/produkt\/flugsimulator-niederbuchsiten-cessna-172\/#breadcrumb\"},\"inLanguage\":\"de\",\"potentialAction\":[{\"@type\":\"ReadAction\",\"target\":[\"https:\/\/www.swissraft.ch\/de\/produkt\/flugsimulator-niederbuchsiten-cessna-172\/\"]}]},{\"@type\":\"ImageObject\",\"inLanguage\":\"de\",\"@id\":\"https:\/\/www.swissraft.ch\/de\/produkt\/flugsimulator-niederbuchsiten-cessna-172\/#primaryimage\",\"url\":\"https:\/\/www.swissraft.ch\/wp-content\/uploads\/2024\/01\/1-1-CESSNA-172-776x776-1.jpg\",\"contentUrl\":\"https:\/\/www.swissraft.ch\/wp-content\/uploads\/2024\/01\/1-1-CESSNA-172-776x776-1.jpg\",\"width\":776,\"height\":776,\"caption\":\"Flugsimulator Cessna 172 in Niederbuchsiten\"},{\"@type\":\"BreadcrumbList\",\"@id\":\"https:\/\/www.swissraft.ch\/de\/produkt\/flugsimulator-niederbuchsiten-cessna-172\/#breadcrumb\",\"itemListElement\":[{\"@type\":\"ListItem\",\"position\":1,\"name\":\"Accueil\",\"item\":\"https:\/\/www.swissraft.ch\/de\/\"},{\"@type\":\"ListItem\",\"position\":2,\"name\":\"Shop\",\"item\":\"https:\/\/www.swissraft.ch\/de\/shop\/\"},{\"@type\":\"ListItem\",\"position\":3,\"name\":\"Flugsimulator in NIEDERBUCHSITEN &#8211; CESSNA 172 &#8211; Ab CHF 210.00\"}]},{\"@type\":\"WebSite\",\"@id\":\"https:\/\/www.swissraft.ch\/de\/#website\",\"url\":\"https:\/\/www.swissraft.ch\/de\/\",\"name\":\"Swissraft\",\"description\":\"To enjoy nature as it is\",\"publisher\":{\"@id\":\"https:\/\/www.swissraft.ch\/de\/#organization\"},\"potentialAction\":[{\"@type\":\"SearchAction\",\"target\":{\"@type\":\"EntryPoint\",\"urlTemplate\":\"https:\/\/www.swissraft.ch\/de\/?s={search_term_string}\"},\"query-input\":{\"@type\":\"PropertyValueSpecification\",\"valueRequired\":true,\"valueName\":\"search_term_string\"}}],\"inLanguage\":\"de\"},{\"@type\":\"Organization\",\"@id\":\"https:\/\/www.swissraft.ch\/de\/#organization\",\"name\":\"Swissraft\",\"url\":\"https:\/\/www.swissraft.ch\/de\/\",\"logo\":{\"@type\":\"ImageObject\",\"inLanguage\":\"de\",\"@id\":\"https:\/\/www.swissraft.ch\/de\/#\/schema\/logo\/image\/\",\"url\":\"https:\/\/www.swissraft.ch\/wp-content\/uploads\/2025\/09\/Capture.jpg\",\"contentUrl\":\"https:\/\/www.swissraft.ch\/wp-content\/uploads\/2025\/09\/Capture.jpg\",\"width\":293,\"height\":108,\"caption\":\"Swissraft\"},\"image\":{\"@id\":\"https:\/\/www.swissraft.ch\/de\/#\/schema\/logo\/image\/\"}}]}<\/script>\n<!-- \/ Yoast SEO plugin. -->","yoast_head_json":{"title":"Flugsimulator Cessna 172 in Niederbuchsiten. Fliegen Sie selbst","description":"Flugsimulator Cessna 172 in Niederbuchsiten. Sie sitzen am Steuer eines Sportflugzeugs. Ihr Fluglehrer ist \u00fcber Funk mit Ihnen verbunden.","robots":{"index":"index","follow":"follow","max-snippet":"max-snippet:-1","max-image-preview":"max-image-preview:large","max-video-preview":"max-video-preview:-1"},"canonical":"https:\/\/www.swissraft.ch\/de\/produkt\/flugsimulator-niederbuchsiten-cessna-172\/","og_locale":"de_DE","og_type":"article","og_title":"Flugsimulator Cessna 172 in Niederbuchsiten. Fliegen Sie selbst","og_description":"Flugsimulator Cessna 172 in Niederbuchsiten. Sie sitzen am Steuer eines Sportflugzeugs. Ihr Fluglehrer ist \u00fcber Funk mit Ihnen verbunden.","og_url":"https:\/\/www.swissraft.ch\/de\/produkt\/flugsimulator-niederbuchsiten-cessna-172\/","og_site_name":"Swissraft","article_modified_time":"2024-12-20T02:06:28+00:00","og_image":[{"width":776,"height":776,"url":"https:\/\/www.swissraft.ch\/wp-content\/uploads\/2024\/01\/1-1-CESSNA-172-776x776-1.jpg","type":"image\/jpeg"}],"twitter_card":"summary_large_image","twitter_misc":{"Gesch\u00e4tzte Lesezeit":"1\u00a0Minute"},"schema":{"@context":"https:\/\/schema.org","@graph":[{"@type":"WebPage","@id":"https:\/\/www.swissraft.ch\/de\/produkt\/flugsimulator-niederbuchsiten-cessna-172\/","url":"https:\/\/www.swissraft.ch\/de\/produkt\/flugsimulator-niederbuchsiten-cessna-172\/","name":"Flugsimulator Cessna 172 in Niederbuchsiten. Fliegen Sie selbst","isPartOf":{"@id":"https:\/\/www.swissraft.ch\/de\/#website"},"primaryImageOfPage":{"@id":"https:\/\/www.swissraft.ch\/de\/produkt\/flugsimulator-niederbuchsiten-cessna-172\/#primaryimage"},"image":{"@id":"https:\/\/www.swissraft.ch\/de\/produkt\/flugsimulator-niederbuchsiten-cessna-172\/#primaryimage"},"thumbnailUrl":"https:\/\/www.swissraft.ch\/wp-content\/uploads\/2024\/01\/1-1-CESSNA-172-776x776-1.jpg","datePublished":"2024-01-17T14:58:20+00:00","dateModified":"2024-12-20T02:06:28+00:00","description":"Flugsimulator Cessna 172 in Niederbuchsiten. Sie sitzen am Steuer eines Sportflugzeugs. Ihr Fluglehrer ist \u00fcber Funk mit Ihnen verbunden.","breadcrumb":{"@id":"https:\/\/www.swissraft.ch\/de\/produkt\/flugsimulator-niederbuchsiten-cessna-172\/#breadcrumb"},"inLanguage":"de","potentialAction":[{"@type":"ReadAction","target":["https:\/\/www.swissraft.ch\/de\/produkt\/flugsimulator-niederbuchsiten-cessna-172\/"]}]},{"@type":"ImageObject","inLanguage":"de","@id":"https:\/\/www.swissraft.ch\/de\/produkt\/flugsimulator-niederbuchsiten-cessna-172\/#primaryimage","url":"https:\/\/www.swissraft.ch\/wp-content\/uploads\/2024\/01\/1-1-CESSNA-172-776x776-1.jpg","contentUrl":"https:\/\/www.swissraft.ch\/wp-content\/uploads\/2024\/01\/1-1-CESSNA-172-776x776-1.jpg","width":776,"height":776,"caption":"Flugsimulator Cessna 172 in Niederbuchsiten"},{"@type":"BreadcrumbList","@id":"https:\/\/www.swissraft.ch\/de\/produkt\/flugsimulator-niederbuchsiten-cessna-172\/#breadcrumb","itemListElement":[{"@type":"ListItem","position":1,"name":"Accueil","item":"https:\/\/www.swissraft.ch\/de\/"},{"@type":"ListItem","position":2,"name":"Shop","item":"https:\/\/www.swissraft.ch\/de\/shop\/"},{"@type":"ListItem","position":3,"name":"Flugsimulator in NIEDERBUCHSITEN &#8211; CESSNA 172 &#8211; Ab CHF 210.00"}]},{"@type":"WebSite","@id":"https:\/\/www.swissraft.ch\/de\/#website","url":"https:\/\/www.swissraft.ch\/de\/","name":"Swissraft","description":"To enjoy nature as it is","publisher":{"@id":"https:\/\/www.swissraft.ch\/de\/#organization"},"potentialAction":[{"@type":"SearchAction","target":{"@type":"EntryPoint","urlTemplate":"https:\/\/www.swissraft.ch\/de\/?s={search_term_string}"},"query-input":{"@type":"PropertyValueSpecification","valueRequired":true,"valueName":"search_term_string"}}],"inLanguage":"de"},{"@type":"Organization","@id":"https:\/\/www.swissraft.ch\/de\/#organization","name":"Swissraft","url":"https:\/\/www.swissraft.ch\/de\/","logo":{"@type":"ImageObject","inLanguage":"de","@id":"https:\/\/www.swissraft.ch\/de\/#\/schema\/logo\/image\/","url":"https:\/\/www.swissraft.ch\/wp-content\/uploads\/2025\/09\/Capture.jpg","contentUrl":"https:\/\/www.swissraft.ch\/wp-content\/uploads\/2025\/09\/Capture.jpg","width":293,"height":108,"caption":"Swissraft"},"image":{"@id":"https:\/\/www.swissraft.ch\/de\/#\/schema\/logo\/image\/"}}]}},"_links":{"self":[{"href":"https:\/\/www.swissraft.ch\/de\/wp-json\/wp\/v2\/product\/91254","targetHints":{"allow":["GET"]}}],"collection":[{"href":"https:\/\/www.swissraft.ch\/de\/wp-json\/wp\/v2\/product"}],"about":[{"href":"https:\/\/www.swissraft.ch\/de\/wp-json\/wp\/v2\/types\/product"}],"replies":[{"embeddable":true,"href":"https:\/\/www.swissraft.ch\/de\/wp-json\/wp\/v2\/comments?post=91254"}],"version-history":[{"count":0,"href":"https:\/\/www.swissraft.ch\/de\/wp-json\/wp\/v2\/product\/91254\/revisions"}],"wp:featuredmedia":[{"embeddable":true,"href":"https:\/\/www.swissraft.ch\/de\/wp-json\/wp\/v2\/media\/89476"}],"wp:attachment":[{"href":"https:\/\/www.swissraft.ch\/de\/wp-json\/wp\/v2\/media?parent=91254"}],"wp:term":[{"taxonomy":"product_cat","embeddable":true,"href":"https:\/\/www.swissraft.ch\/de\/wp-json\/wp\/v2\/product_cat?post=91254"},{"taxonomy":"product_tag","embeddable":true,"href":"https:\/\/www.swissraft.ch\/de\/wp-json\/wp\/v2\/product_tag?post=91254"}],"curies":[{"name":"wp","href":"https:\/\/api.w.org\/{rel}","templated":true}]}}