{"id":91253,"date":"2024-01-12T06:37:48","date_gmt":"2024-01-12T05:37:48","guid":{"rendered":"https:\/\/swissraft.xyanzkdne.eu\/product\/einfuehrung-in-einen-hubschrauber-ab-sitterdorf-robinson-r22-ab-chf-450-00\/"},"modified":"2024-12-19T17:47:48","modified_gmt":"2024-12-19T16:47:48","slug":"schnupperflug-helkopter-robinson-r22","status":"publish","type":"product","link":"https:\/\/www.swissraft.ch\/de\/produkt\/schnupperflug-helkopter-robinson-r22\/","title":{"rendered":"Schnupperflug mit einem Helikopter ab SITTERDORF &#8211; ROBINSON R22 &#8211; Ab CHF 440.00"},"content":{"rendered":"\t\t<div data-elementor-type=\"wp-post\" data-elementor-id=\"91253\" class=\"elementor elementor-91253 elementor-56612\">\n\t\t\t\t\t\t\t\t\t<section class=\"elementor-section elementor-top-section elementor-element elementor-element-3303a7e3 elementor-section-boxed elementor-section-height-default elementor-section-height-default\" data-id=\"3303a7e3\" data-element_type=\"section\">\n\t\t\t\t\t\t<div class=\"elementor-container elementor-column-gap-default\">\n\t\t\t\t\t<div class=\"elementor-column elementor-col-100 elementor-top-column elementor-element elementor-element-16d72dbf\" data-id=\"16d72dbf\" data-element_type=\"column\">\n\t\t\t<div class=\"elementor-widget-wrap elementor-element-populated\">\n\t\t\t\t\t\t\t\t<div class=\"elementor-element elementor-element-d743c03 elementor-widget elementor-widget-text-editor\" data-id=\"d743c03\" data-element_type=\"widget\" data-widget_type=\"text-editor.default\">\n\t\t\t\t<div class=\"elementor-widget-container\">\n\t\t\t\t\t\t\t<h2>W\u00c4HLEN SIE UNTEN IHRE AKTIVIT\u00c4T AUS, UM GESCHENKGUTSCHEINE \/ TICKETS ZU VERSCHENKEN ODER ZU BUCHEN.<\/h2><table border=\"0\" width=\"580\" cellspacing=\"10\" cellpadding=\"10\"><tbody><tr><td width=\"50%\"><strong>ROBINSON R22 SCHNUPPERFLUG &#8211; 1 SCH\u00dcLER &#8211; ab 30 Min.<\/strong><\/td><td><strong>Ab CHF 440.00 pro Flug<span class=\"productPrice\"><br \/><\/span><\/strong><\/td><\/tr><tr><td>Weitere Informationen<\/td><td>&#8211; Sie haben den Helikopter exklusiv f\u00fcr sich<br \/>&#8211; Sie bestimmen das Datum und die Uhrzeit des Abflugs<br \/>&#8211; H\u00f6chstgewicht : 95 kg<br \/>&#8211; Maximal 1 Pers.<\/td><\/tr><tr><td>Flugplatz<\/td><td><a href=\"https:\/\/www.google.com\/maps\/place\/47%C2%B030'37.4%22N+9%C2%B015'44.9%22E\/@47.5107092,9.2532447,1525m\/data=!3m1!1e3!4m4!3m3!8m2!3d47.5103889!4d9.2624722?entry=ttu\" target=\"_blank\" rel=\"noopener\">Sitterdorf<\/a><\/td><\/tr><tr><td>Flugzeit nach Wahl<\/td><td>30 \/ 45 \/ 60 \/ 90 Min.<\/td><\/tr><tr><td>Gesamtdauer<\/td><td>ca. 1:15 bis 2:15 Std. abh\u00e4ngig von der Anzahl der Minuten<\/td><\/tr><tr><td>Terminvereinbarung<\/td><td>Per Telefon<\/td><\/tr><tr><td><button class=\"elementor-button\" type=\"button\"><a href=\"https:\/\/swissraft.outdoorbooking.ch\/fo\/products\/822?base_id=171&amp;category_id=4&amp;order_type=gift_voucher&amp;lang=de\" target=\"_blank\" rel=\"noopener\">GUTSCHEIN KAUFEN<\/a><\/button><\/td><td><strong>CHF 440.00 &#8211; 30 Min. Flugzeit <\/strong><\/td><\/tr><tr><td><button class=\"elementor-button\" type=\"button\"><a href=\"https:\/\/swissraft.outdoorbooking.ch\/fo\/products\/823?base_id=171&amp;category_id=4&amp;order_type=gift_voucher&amp;lang=de\" target=\"_blank\" rel=\"noopener\">GUTSCHEIN KAUFEN<\/a><\/button><\/td><td><strong>CHF 640.00 &#8211; 45 Min. Flugzeit <\/strong><\/td><\/tr><tr><td><a href=\"https:\/\/swissraft.outdoorbooking.ch\/fo\/products\/824?base_id=171&amp;category_id=4&amp;order_type=gift_voucher&amp;lang=de\" target=\"_blank\" rel=\"noopener\"><button class=\"elementor-button\" type=\"button\">GUTSCHEIN KAUFEN<\/button><\/a><\/td><td><strong>CHF 790.00 &#8211; 60 Min. Flugzeit <\/strong><\/td><\/tr><tr><td><button class=\"elementor-button\" type=\"button\"><a href=\"https:\/\/swissraft.outdoorbooking.ch\/fo\/products\/825?base_id=171&amp;category_id=4&amp;order_type=gift_voucher&amp;lang=de\" target=\"_blank\" rel=\"noopener\">GUTSCHEIN KAUFEN<\/a><\/button><\/td><td><strong>CHF 1&#8217;090.00 &#8211; 90 Min. Flugzeit <\/strong><\/td><\/tr><tr><td>\u00a0<\/td><td>Um zu buchen : <span class=\"patt\" style=\"font-family: inherit; font-size: inherit;\"><span class=\"plbl\"><span class=\"patt\"><a href=\"https:\/\/www.swissraft.ch\/de\/kontakt\/\">Kontaktieren Sie uns<\/a><\/span><\/span><\/span><\/td><\/tr><\/tbody><\/table>\t\t\t\t\t\t<\/div>\n\t\t\t\t<\/div>\n\t\t\t\t\t<\/div>\n\t\t<\/div>\n\t\t\t\t\t\t\t<\/div>\n\t\t<\/section>\n\t\t\t\t\t\t\t<\/div>\n\t\t","protected":false},"excerpt":{"rendered":"<div align=\"justify\">\n<h2 align=\"justify\">Vom Flugplatz Sitterdorf aus entscheiden Sie sich f\u00fcr eine Einweisung in den ROBINSON RH22, der sich ideal f\u00fcr einen ersten Testflug mit einem Helikopter eignet.<\/h2>\n<h3>Der ROBINSON RH22, ein zweisitziger Hubschrauber, bietet eine erschwingliche Ausbildung. Sein erschwinglicher Preis macht ihn zu einer idealen Wahl f\u00fcr diejenigen, die eine kosteng\u00fcnstige Ausbildung anstreben.<\/h3>\n<\/div>\n<div align=\"justify\">\n<p>Bei Ihrer Ankunft werden Sie von Ihrem Lehrer herzlich willkommen gehei\u00dfen. Gemeinsam untersuchen Sie den Helikopter gr\u00fcndlich, bevor Sie sich auf die rechte Seite setzen. Mit dem Fluglehrer an Ihrer Seite wird die Freigabe des Kontrollturms f\u00fcr den Start erteilt. Sie beginnen einen sanften Start. Mit jedem Augenblick, den Sie unter der aufmerksamen Aufsicht Ihres Lehrers verbringen, w\u00e4chst Ihr Selbstvertrauen.<\/p>\n<h3>Bitte z\u00f6gern Sie nicht, uns zu kontaktieren, wenn Sie Fragen zur Einf\u00fchrung in das Hubschrauberfliegen in Sitterdorf haben. Wir stehen Ihnen gerne mit Rat und Tat zur Seite.<\/h3>\n<p id=\"textarea\" style=\"display: none;\">\nWir bieten Helikopter-Schnupperfl\u00fcge in verschiedenen Regionen der Schweiz an, u.a. in Bern-Belp und Speck-Fehraltorf. Wir organisieren auch Fl\u00fcge von den Flugpl\u00e4tzen \u00c9pagny und Buttwil sowie vom Heliport Pfaffnau im Kanton Luzern. Wir bieten auch Schulungen in Grenchen im Kanton Solothurn und auf dem Heliport Balzers in Liechtenstein an. Erkunden Sie den Himmel \u00fcber der Ostschweiz von St. Moritz, Untervaz, Samedan aus. Au\u00dferdem bieten wir Einf\u00fchrungsfl\u00fcge mit dem Helikopter im Tessin an, die von Lodrino oder Locarno aus starten. F\u00fcr weitere Informationen kontaktieren Sie uns bitte.\n<\/p>\n<p><a id=\"seeMore\" onclick=\"toggleSeeMore()\" href=\"javascript:void(0);\">Lesen Sie mehr<\/a><\/p>\n","protected":false},"featured_media":89041,"comment_status":"open","ping_status":"closed","template":"","meta":{"inline_featured_image":false,"_mi_skip_tracking":false},"product_cat":[277,278,266],"product_tag":[],"class_list":["post-91253","product","type-product","status-publish","has-post-thumbnail","hentry","product_cat-schnupperflug-helikopter","product_cat-helikopter-sitterdorf","product_cat-schnupperflug-in-der-schweiz-selbst-fliegen"],"yoast_head":"<!-- This site is optimized with the Yoast SEO plugin v23.6 - https:\/\/yoast.com\/wordpress\/plugins\/seo\/ -->\n<title>Robinson R22 Schnupperflug ab Sitterdorf im Kanton Thurgau<\/title>\n<meta name=\"description\" content=\"Robinson R22 Schnupperflug ab Sitterdorf. Sie sitzen am Steuer Ihres Robinson R22 Hubschraubers. Der Fluglehrer ist an Ihrer Seite, um Sie zu korrigieren.\" \/>\n<meta name=\"robots\" content=\"index, follow, max-snippet:-1, max-image-preview:large, max-video-preview:-1\" \/>\n<link rel=\"canonical\" href=\"https:\/\/www.swissraft.ch\/de\/produkt\/schnupperflug-helkopter-robinson-r22\/\" \/>\n<meta property=\"og:locale\" content=\"de_DE\" \/>\n<meta property=\"og:type\" content=\"article\" \/>\n<meta property=\"og:title\" content=\"Robinson R22 Schnupperflug ab Sitterdorf im Kanton Thurgau\" \/>\n<meta property=\"og:description\" content=\"Robinson R22 Schnupperflug ab Sitterdorf. Sie sitzen am Steuer Ihres Robinson R22 Hubschraubers. Der Fluglehrer ist an Ihrer Seite, um Sie zu korrigieren.\" \/>\n<meta property=\"og:url\" content=\"https:\/\/www.swissraft.ch\/de\/produkt\/schnupperflug-helkopter-robinson-r22\/\" \/>\n<meta property=\"og:site_name\" content=\"Swissraft\" \/>\n<meta property=\"article:modified_time\" content=\"2024-12-19T16:47:48+00:00\" \/>\n<meta property=\"og:image\" content=\"https:\/\/www.swissraft.ch\/wp-content\/uploads\/2023\/12\/1-ROBINSON-RH22-776x776-2.jpg\" \/>\n\t<meta property=\"og:image:width\" content=\"776\" \/>\n\t<meta property=\"og:image:height\" content=\"776\" \/>\n\t<meta property=\"og:image:type\" content=\"image\/jpeg\" \/>\n<meta name=\"twitter:card\" content=\"summary_large_image\" \/>\n<meta name=\"twitter:label1\" content=\"Gesch\u00e4tzte Lesezeit\" \/>\n\t<meta name=\"twitter:data1\" content=\"1\u00a0Minute\" \/>\n<script type=\"application\/ld+json\" class=\"yoast-schema-graph\">{\"@context\":\"https:\/\/schema.org\",\"@graph\":[{\"@type\":\"WebPage\",\"@id\":\"https:\/\/www.swissraft.ch\/de\/produkt\/schnupperflug-helkopter-robinson-r22\/\",\"url\":\"https:\/\/www.swissraft.ch\/de\/produkt\/schnupperflug-helkopter-robinson-r22\/\",\"name\":\"Robinson R22 Schnupperflug ab Sitterdorf im Kanton Thurgau\",\"isPartOf\":{\"@id\":\"https:\/\/www.swissraft.ch\/de\/#website\"},\"primaryImageOfPage\":{\"@id\":\"https:\/\/www.swissraft.ch\/de\/produkt\/schnupperflug-helkopter-robinson-r22\/#primaryimage\"},\"image\":{\"@id\":\"https:\/\/www.swissraft.ch\/de\/produkt\/schnupperflug-helkopter-robinson-r22\/#primaryimage\"},\"thumbnailUrl\":\"https:\/\/www.swissraft.ch\/wp-content\/uploads\/2023\/12\/1-ROBINSON-RH22-776x776-2.jpg\",\"datePublished\":\"2024-01-12T05:37:48+00:00\",\"dateModified\":\"2024-12-19T16:47:48+00:00\",\"description\":\"Robinson R22 Schnupperflug ab Sitterdorf. Sie sitzen am Steuer Ihres Robinson R22 Hubschraubers. Der Fluglehrer ist an Ihrer Seite, um Sie zu korrigieren.\",\"breadcrumb\":{\"@id\":\"https:\/\/www.swissraft.ch\/de\/produkt\/schnupperflug-helkopter-robinson-r22\/#breadcrumb\"},\"inLanguage\":\"de\",\"potentialAction\":[{\"@type\":\"ReadAction\",\"target\":[\"https:\/\/www.swissraft.ch\/de\/produkt\/schnupperflug-helkopter-robinson-r22\/\"]}]},{\"@type\":\"ImageObject\",\"inLanguage\":\"de\",\"@id\":\"https:\/\/www.swissraft.ch\/de\/produkt\/schnupperflug-helkopter-robinson-r22\/#primaryimage\",\"url\":\"https:\/\/www.swissraft.ch\/wp-content\/uploads\/2023\/12\/1-ROBINSON-RH22-776x776-2.jpg\",\"contentUrl\":\"https:\/\/www.swissraft.ch\/wp-content\/uploads\/2023\/12\/1-ROBINSON-RH22-776x776-2.jpg\",\"width\":776,\"height\":776,\"caption\":\"Einf\u00fchrung in das Fliegen eines Robinson R22 von Bern-Belp aus\"},{\"@type\":\"BreadcrumbList\",\"@id\":\"https:\/\/www.swissraft.ch\/de\/produkt\/schnupperflug-helkopter-robinson-r22\/#breadcrumb\",\"itemListElement\":[{\"@type\":\"ListItem\",\"position\":1,\"name\":\"Accueil\",\"item\":\"https:\/\/www.swissraft.ch\/de\/\"},{\"@type\":\"ListItem\",\"position\":2,\"name\":\"Shop\",\"item\":\"https:\/\/www.swissraft.ch\/de\/shop\/\"},{\"@type\":\"ListItem\",\"position\":3,\"name\":\"Schnupperflug mit einem Helikopter ab SITTERDORF &#8211; ROBINSON R22 &#8211; Ab CHF 440.00\"}]},{\"@type\":\"WebSite\",\"@id\":\"https:\/\/www.swissraft.ch\/de\/#website\",\"url\":\"https:\/\/www.swissraft.ch\/de\/\",\"name\":\"Swissraft\",\"description\":\"To enjoy nature as it is\",\"publisher\":{\"@id\":\"https:\/\/www.swissraft.ch\/de\/#organization\"},\"potentialAction\":[{\"@type\":\"SearchAction\",\"target\":{\"@type\":\"EntryPoint\",\"urlTemplate\":\"https:\/\/www.swissraft.ch\/de\/?s={search_term_string}\"},\"query-input\":{\"@type\":\"PropertyValueSpecification\",\"valueRequired\":true,\"valueName\":\"search_term_string\"}}],\"inLanguage\":\"de\"},{\"@type\":\"Organization\",\"@id\":\"https:\/\/www.swissraft.ch\/de\/#organization\",\"name\":\"Swissraft\",\"url\":\"https:\/\/www.swissraft.ch\/de\/\",\"logo\":{\"@type\":\"ImageObject\",\"inLanguage\":\"de\",\"@id\":\"https:\/\/www.swissraft.ch\/de\/#\/schema\/logo\/image\/\",\"url\":\"https:\/\/www.swissraft.ch\/wp-content\/uploads\/2025\/09\/Capture.jpg\",\"contentUrl\":\"https:\/\/www.swissraft.ch\/wp-content\/uploads\/2025\/09\/Capture.jpg\",\"width\":293,\"height\":108,\"caption\":\"Swissraft\"},\"image\":{\"@id\":\"https:\/\/www.swissraft.ch\/de\/#\/schema\/logo\/image\/\"}}]}<\/script>\n<!-- \/ Yoast SEO plugin. -->","yoast_head_json":{"title":"Robinson R22 Schnupperflug ab Sitterdorf im Kanton Thurgau","description":"Robinson R22 Schnupperflug ab Sitterdorf. Sie sitzen am Steuer Ihres Robinson R22 Hubschraubers. Der Fluglehrer ist an Ihrer Seite, um Sie zu korrigieren.","robots":{"index":"index","follow":"follow","max-snippet":"max-snippet:-1","max-image-preview":"max-image-preview:large","max-video-preview":"max-video-preview:-1"},"canonical":"https:\/\/www.swissraft.ch\/de\/produkt\/schnupperflug-helkopter-robinson-r22\/","og_locale":"de_DE","og_type":"article","og_title":"Robinson R22 Schnupperflug ab Sitterdorf im Kanton Thurgau","og_description":"Robinson R22 Schnupperflug ab Sitterdorf. Sie sitzen am Steuer Ihres Robinson R22 Hubschraubers. Der Fluglehrer ist an Ihrer Seite, um Sie zu korrigieren.","og_url":"https:\/\/www.swissraft.ch\/de\/produkt\/schnupperflug-helkopter-robinson-r22\/","og_site_name":"Swissraft","article_modified_time":"2024-12-19T16:47:48+00:00","og_image":[{"width":776,"height":776,"url":"https:\/\/www.swissraft.ch\/wp-content\/uploads\/2023\/12\/1-ROBINSON-RH22-776x776-2.jpg","type":"image\/jpeg"}],"twitter_card":"summary_large_image","twitter_misc":{"Gesch\u00e4tzte Lesezeit":"1\u00a0Minute"},"schema":{"@context":"https:\/\/schema.org","@graph":[{"@type":"WebPage","@id":"https:\/\/www.swissraft.ch\/de\/produkt\/schnupperflug-helkopter-robinson-r22\/","url":"https:\/\/www.swissraft.ch\/de\/produkt\/schnupperflug-helkopter-robinson-r22\/","name":"Robinson R22 Schnupperflug ab Sitterdorf im Kanton Thurgau","isPartOf":{"@id":"https:\/\/www.swissraft.ch\/de\/#website"},"primaryImageOfPage":{"@id":"https:\/\/www.swissraft.ch\/de\/produkt\/schnupperflug-helkopter-robinson-r22\/#primaryimage"},"image":{"@id":"https:\/\/www.swissraft.ch\/de\/produkt\/schnupperflug-helkopter-robinson-r22\/#primaryimage"},"thumbnailUrl":"https:\/\/www.swissraft.ch\/wp-content\/uploads\/2023\/12\/1-ROBINSON-RH22-776x776-2.jpg","datePublished":"2024-01-12T05:37:48+00:00","dateModified":"2024-12-19T16:47:48+00:00","description":"Robinson R22 Schnupperflug ab Sitterdorf. Sie sitzen am Steuer Ihres Robinson R22 Hubschraubers. Der Fluglehrer ist an Ihrer Seite, um Sie zu korrigieren.","breadcrumb":{"@id":"https:\/\/www.swissraft.ch\/de\/produkt\/schnupperflug-helkopter-robinson-r22\/#breadcrumb"},"inLanguage":"de","potentialAction":[{"@type":"ReadAction","target":["https:\/\/www.swissraft.ch\/de\/produkt\/schnupperflug-helkopter-robinson-r22\/"]}]},{"@type":"ImageObject","inLanguage":"de","@id":"https:\/\/www.swissraft.ch\/de\/produkt\/schnupperflug-helkopter-robinson-r22\/#primaryimage","url":"https:\/\/www.swissraft.ch\/wp-content\/uploads\/2023\/12\/1-ROBINSON-RH22-776x776-2.jpg","contentUrl":"https:\/\/www.swissraft.ch\/wp-content\/uploads\/2023\/12\/1-ROBINSON-RH22-776x776-2.jpg","width":776,"height":776,"caption":"Einf\u00fchrung in das Fliegen eines Robinson R22 von Bern-Belp aus"},{"@type":"BreadcrumbList","@id":"https:\/\/www.swissraft.ch\/de\/produkt\/schnupperflug-helkopter-robinson-r22\/#breadcrumb","itemListElement":[{"@type":"ListItem","position":1,"name":"Accueil","item":"https:\/\/www.swissraft.ch\/de\/"},{"@type":"ListItem","position":2,"name":"Shop","item":"https:\/\/www.swissraft.ch\/de\/shop\/"},{"@type":"ListItem","position":3,"name":"Schnupperflug mit einem Helikopter ab SITTERDORF &#8211; ROBINSON R22 &#8211; Ab CHF 440.00"}]},{"@type":"WebSite","@id":"https:\/\/www.swissraft.ch\/de\/#website","url":"https:\/\/www.swissraft.ch\/de\/","name":"Swissraft","description":"To enjoy nature as it is","publisher":{"@id":"https:\/\/www.swissraft.ch\/de\/#organization"},"potentialAction":[{"@type":"SearchAction","target":{"@type":"EntryPoint","urlTemplate":"https:\/\/www.swissraft.ch\/de\/?s={search_term_string}"},"query-input":{"@type":"PropertyValueSpecification","valueRequired":true,"valueName":"search_term_string"}}],"inLanguage":"de"},{"@type":"Organization","@id":"https:\/\/www.swissraft.ch\/de\/#organization","name":"Swissraft","url":"https:\/\/www.swissraft.ch\/de\/","logo":{"@type":"ImageObject","inLanguage":"de","@id":"https:\/\/www.swissraft.ch\/de\/#\/schema\/logo\/image\/","url":"https:\/\/www.swissraft.ch\/wp-content\/uploads\/2025\/09\/Capture.jpg","contentUrl":"https:\/\/www.swissraft.ch\/wp-content\/uploads\/2025\/09\/Capture.jpg","width":293,"height":108,"caption":"Swissraft"},"image":{"@id":"https:\/\/www.swissraft.ch\/de\/#\/schema\/logo\/image\/"}}]}},"_links":{"self":[{"href":"https:\/\/www.swissraft.ch\/de\/wp-json\/wp\/v2\/product\/91253","targetHints":{"allow":["GET"]}}],"collection":[{"href":"https:\/\/www.swissraft.ch\/de\/wp-json\/wp\/v2\/product"}],"about":[{"href":"https:\/\/www.swissraft.ch\/de\/wp-json\/wp\/v2\/types\/product"}],"replies":[{"embeddable":true,"href":"https:\/\/www.swissraft.ch\/de\/wp-json\/wp\/v2\/comments?post=91253"}],"version-history":[{"count":0,"href":"https:\/\/www.swissraft.ch\/de\/wp-json\/wp\/v2\/product\/91253\/revisions"}],"wp:featuredmedia":[{"embeddable":true,"href":"https:\/\/www.swissraft.ch\/de\/wp-json\/wp\/v2\/media\/89041"}],"wp:attachment":[{"href":"https:\/\/www.swissraft.ch\/de\/wp-json\/wp\/v2\/media?parent=91253"}],"wp:term":[{"taxonomy":"product_cat","embeddable":true,"href":"https:\/\/www.swissraft.ch\/de\/wp-json\/wp\/v2\/product_cat?post=91253"},{"taxonomy":"product_tag","embeddable":true,"href":"https:\/\/www.swissraft.ch\/de\/wp-json\/wp\/v2\/product_tag?post=91253"}],"curies":[{"name":"wp","href":"https:\/\/api.w.org\/{rel}","templated":true}]}}