{"id":91250,"date":"2024-01-15T22:41:37","date_gmt":"2024-01-15T21:41:37","guid":{"rendered":"https:\/\/swissraft.xyanzkdne.eu\/product\/einfuehrung-in-den-hubschrauber-von-balzers-robinson-r44-ab-chf-612-00\/"},"modified":"2024-12-17T22:23:23","modified_gmt":"2024-12-17T21:23:23","slug":"schnupperflug-helikopter-balzers-robinson-r44","status":"publish","type":"product","link":"https:\/\/www.swissraft.ch\/de\/produkt\/schnupperflug-helikopter-balzers-robinson-r44\/","title":{"rendered":"Schnupperflug mit einem Helikopter ab BALZERS &#8211; ROBINSON R44 &#8211; Ab CHF 612.00"},"content":{"rendered":"\t\t<div data-elementor-type=\"wp-post\" data-elementor-id=\"91250\" class=\"elementor elementor-91250 elementor-56903\">\n\t\t\t\t\t\t\t\t\t<section class=\"elementor-section elementor-top-section elementor-element elementor-element-7391b792 elementor-section-boxed elementor-section-height-default elementor-section-height-default\" data-id=\"7391b792\" data-element_type=\"section\">\n\t\t\t\t\t\t<div class=\"elementor-container elementor-column-gap-default\">\n\t\t\t\t\t<div class=\"elementor-column elementor-col-100 elementor-top-column elementor-element elementor-element-3f49fa5e\" data-id=\"3f49fa5e\" data-element_type=\"column\">\n\t\t\t<div class=\"elementor-widget-wrap elementor-element-populated\">\n\t\t\t\t\t\t\t\t<div class=\"elementor-element elementor-element-64c25fc0 elementor-widget elementor-widget-text-editor\" data-id=\"64c25fc0\" data-element_type=\"widget\" data-widget_type=\"text-editor.default\">\n\t\t\t\t<div class=\"elementor-widget-container\">\n\t\t\t\t\t\t\t<h2>W\u00c4HLEN SIE UNTEN IHRE AKTIVIT\u00c4T AUS, UM GESCHENKGUTSCHEINE \/ TICKETS ZU VERSCHENKEN ODER ZU BUCHEN.<\/h2><table border=\"0\" width=\"580\" cellspacing=\"10\" cellpadding=\"10\"><tbody><tr><td width=\"50%\"><strong>SCHNUPPERFLUG MIT DER ROBINSON R44 &#8211; 1 SCH\u00dcLER + (1-2 Pers.) &#8211; Ab 30 Min.<\/strong><\/td><td><strong>Ab CHF 612.00 pro Flug<br \/><\/strong><\/td><\/tr><tr><td>Weitere Informationen<\/td><td>&#8211; Sie haben den helikopter exklusiv f\u00fcr sich<br \/>&#8211; Sie bestimmen das Datum und die Uhrzeit des Abflugs<br \/>&#8211; Maximal 3 Pers.<\/td><\/tr><tr><td>Heliport<\/td><td><a href=\"https:\/\/www.google.com\/maps\/place\/47%C2%B004'05.9%22N+9%C2%B028'54.3%22E\/@47.0684676,9.4773295,769m\/data=!3m1!1e3!4m4!3m3!8m2!3d47.0683056!4d9.48175?entry=ttu\" target=\"_blank\" rel=\"noopener\">Balzers<\/a><\/td><\/tr><tr><td>Flugzeit nach Wahl<\/td><td>30 \/ 45 Min.<\/td><\/tr><tr><td>Gesamtdauer<\/td><td>ca. 1:15 bis 1:30 Std. abh\u00e4ngig von der Anzahl der Minuten<\/td><\/tr><tr><td>Terminvereinbarung<\/td><td>Per Telefon<\/td><\/tr><tr><td><button class=\"elementor-button\" type=\"button\"><a href=\"https:\/\/swissraft.outdoorbooking.ch\/fo\/products\/1046?base_id=183&amp;category_id=4&amp;order_type=gift_voucher&amp;lang=de\" target=\"_blank\" rel=\"noopener\">GUTSCHEIN KAUFEN<\/a><\/button><\/td><td><strong>CHF 612.00 &#8211; 30 Min. Flugzeit <\/strong><\/td><\/tr><tr><td><button class=\"elementor-button\" type=\"button\"><a href=\"https:\/\/swissraft.outdoorbooking.ch\/fo\/products\/543?base_id=183&amp;category_id=4&amp;order_type=gift_voucher&amp;lang=de\" target=\"_blank\" rel=\"noopener\">GUTSCHEIN KAUFEN<\/a><\/button><\/td><td><strong>CHF 853.00 &#8211; 45 Minuten Flugzeit <\/strong><\/td><\/tr><tr><td>\u00a0<\/td><td>Um zu buchen : <span class=\"patt\" style=\"font-family: inherit; font-size: inherit;\"><span class=\"plbl\"><span class=\"patt\"><a href=\"https:\/\/www.swissraft.ch\/de\/kontakt\/\">Kontaktieren Sie uns<\/a><\/span><\/span><\/span><\/td><\/tr><\/tbody><\/table>\t\t\t\t\t\t<\/div>\n\t\t\t\t<\/div>\n\t\t\t\t\t<\/div>\n\t\t<\/div>\n\t\t\t\t\t\t\t<\/div>\n\t\t<\/section>\n\t\t\t\t\t\t\t<\/div>\n\t\t","protected":false},"excerpt":{"rendered":"<div align=\"justify\">\n<h2 align=\"justify\">Vom Balzers Heliport aus entscheiden Sie sich f\u00fcr den ROBINSON R44, der sich ideal f\u00fcr eine Einf\u00fchrung in einen Helikopter eignet.<\/h2>\n<h3>Nehmen Sie 2 Passagiere mit, die kostenlos fliegen k\u00f6nnen. Der ROBINSON R44, ein Helikopter mit vier Sitzen, bietet eine erschwingliche Ausbildung f\u00fcr diejenigen, die einen Helikopter fliegen m\u00f6chten.<\/h3>\n<\/div>\n<div align=\"justify\">\n<p>Bei Ihrer Ankunft werden Sie von Ihrem Lehrer herzlich willkommen gehei\u00dfen. Gemeinsam untersuchen Sie den Helikopter gr\u00fcndlich, bevor Sie sich auf die rechte Seite setzen, die Passagiere auf die hinteren Sitze. Mit dem Fluglehrer an Ihrer Seite wird die Freigabe des Kontrollturms f\u00fcr den Start erteilt. Sie beginnen einen sanften Start. Mit jedem Augenblick, den Sie unter der aufmerksamen Aufsicht Ihres Lehrers verbringen, w\u00e4chst Ihr Selbstvertrauen.<\/p>\n<h3>Bitte z\u00f6gern Sie nicht, uns zu kontaktieren, wenn Sie Fragen zum Helikopterfliegen in Balzers haben. Wir stehen Ihnen gerne zur Verf\u00fcgung, um Ihnen zu helfen.<\/h3>\n<p id=\"textarea\" style=\"display: none;\">\nWir bieten Helikopter-Schnupperfl\u00fcge in verschiedenen Regionen der Schweiz an, u.a. in Bern-Belp und Speck-Fehraltorf. Wir organisieren auch Fl\u00fcge von den Flugpl\u00e4tzen \u00c9pagny und Buttwil sowie vom Heliport Pfaffnau im Kanton Luzern. Wir bieten auch Schulungen in Grenchen im Kanton Solothurn und auf dem Flugplatz Sitterdorf im Kanton Thurgau an. Erkunden Sie den Himmel \u00fcber der Ostschweiz von St. Moritz, Untervaz, Samedan aus. Au\u00dferdem bieten wir Einf\u00fchrungsfl\u00fcge mit dem Helikopter im Tessin an, die von Lodrino oder Locarno aus starten. F\u00fcr weitere Informationen kontaktieren Sie uns bitte.\n<\/p>\n<p><a id=\"seeMore\" onclick=\"toggleSeeMore()\" href=\"javascript:void(0);\">Lesen Sie mehr<\/a><\/p>\n","protected":false},"featured_media":89686,"comment_status":"open","ping_status":"closed","template":"","meta":{"inline_featured_image":false,"_mi_skip_tracking":false},"product_cat":[277,285,266],"product_tag":[],"class_list":["post-91250","product","type-product","status-publish","has-post-thumbnail","hentry","product_cat-schnupperflug-helikopter","product_cat-helikopter-balzers","product_cat-schnupperflug-in-der-schweiz-selbst-fliegen"],"yoast_head":"<!-- This site is optimized with the Yoast SEO plugin v23.6 - https:\/\/yoast.com\/wordpress\/plugins\/seo\/ -->\n<title>Schnupperflug mit Robinson R44 in Balzers im Liechtenstein<\/title>\n<meta name=\"description\" content=\"Schnupperflug mit der Robinson R44 in Balzers im Liechtenstein. Sie sitzen am Steuer Ihres Robinson R4 Helikopters. Der Fluglehrer ist an Ihrer Seite\" \/>\n<meta name=\"robots\" content=\"index, follow, max-snippet:-1, max-image-preview:large, max-video-preview:-1\" \/>\n<link rel=\"canonical\" href=\"https:\/\/www.swissraft.ch\/de\/produkt\/schnupperflug-helikopter-balzers-robinson-r44\/\" \/>\n<meta property=\"og:locale\" content=\"de_DE\" \/>\n<meta property=\"og:type\" content=\"article\" \/>\n<meta property=\"og:title\" content=\"Schnupperflug mit Robinson R44 in Balzers im Liechtenstein\" \/>\n<meta property=\"og:description\" content=\"Schnupperflug mit der Robinson R44 in Balzers im Liechtenstein. Sie sitzen am Steuer Ihres Robinson R4 Helikopters. Der Fluglehrer ist an Ihrer Seite\" \/>\n<meta property=\"og:url\" content=\"https:\/\/www.swissraft.ch\/de\/produkt\/schnupperflug-helikopter-balzers-robinson-r44\/\" \/>\n<meta property=\"og:site_name\" content=\"Swissraft\" \/>\n<meta property=\"article:modified_time\" content=\"2024-12-17T21:23:23+00:00\" \/>\n<meta property=\"og:image\" content=\"https:\/\/www.swissraft.ch\/wp-content\/uploads\/2024\/01\/Robinson_R44-776x776-1.jpg\" \/>\n\t<meta property=\"og:image:width\" content=\"776\" \/>\n\t<meta property=\"og:image:height\" content=\"776\" \/>\n\t<meta property=\"og:image:type\" content=\"image\/jpeg\" \/>\n<meta name=\"twitter:card\" content=\"summary_large_image\" \/>\n<meta name=\"twitter:label1\" content=\"Gesch\u00e4tzte Lesezeit\" \/>\n\t<meta name=\"twitter:data1\" content=\"1\u00a0Minute\" \/>\n<script type=\"application\/ld+json\" class=\"yoast-schema-graph\">{\"@context\":\"https:\/\/schema.org\",\"@graph\":[{\"@type\":\"WebPage\",\"@id\":\"https:\/\/www.swissraft.ch\/de\/produkt\/schnupperflug-helikopter-balzers-robinson-r44\/\",\"url\":\"https:\/\/www.swissraft.ch\/de\/produkt\/schnupperflug-helikopter-balzers-robinson-r44\/\",\"name\":\"Schnupperflug mit Robinson R44 in Balzers im Liechtenstein\",\"isPartOf\":{\"@id\":\"https:\/\/www.swissraft.ch\/de\/#website\"},\"primaryImageOfPage\":{\"@id\":\"https:\/\/www.swissraft.ch\/de\/produkt\/schnupperflug-helikopter-balzers-robinson-r44\/#primaryimage\"},\"image\":{\"@id\":\"https:\/\/www.swissraft.ch\/de\/produkt\/schnupperflug-helikopter-balzers-robinson-r44\/#primaryimage\"},\"thumbnailUrl\":\"https:\/\/www.swissraft.ch\/wp-content\/uploads\/2024\/01\/Robinson_R44-776x776-1.jpg\",\"datePublished\":\"2024-01-15T21:41:37+00:00\",\"dateModified\":\"2024-12-17T21:23:23+00:00\",\"description\":\"Schnupperflug mit der Robinson R44 in Balzers im Liechtenstein. Sie sitzen am Steuer Ihres Robinson R4 Helikopters. Der Fluglehrer ist an Ihrer Seite\",\"breadcrumb\":{\"@id\":\"https:\/\/www.swissraft.ch\/de\/produkt\/schnupperflug-helikopter-balzers-robinson-r44\/#breadcrumb\"},\"inLanguage\":\"de\",\"potentialAction\":[{\"@type\":\"ReadAction\",\"target\":[\"https:\/\/www.swissraft.ch\/de\/produkt\/schnupperflug-helikopter-balzers-robinson-r44\/\"]}]},{\"@type\":\"ImageObject\",\"inLanguage\":\"de\",\"@id\":\"https:\/\/www.swissraft.ch\/de\/produkt\/schnupperflug-helikopter-balzers-robinson-r44\/#primaryimage\",\"url\":\"https:\/\/www.swissraft.ch\/wp-content\/uploads\/2024\/01\/Robinson_R44-776x776-1.jpg\",\"contentUrl\":\"https:\/\/www.swissraft.ch\/wp-content\/uploads\/2024\/01\/Robinson_R44-776x776-1.jpg\",\"width\":776,\"height\":776,\"caption\":\"Einf\u00fchrung auf Robinson R44 von Balzers aus\"},{\"@type\":\"BreadcrumbList\",\"@id\":\"https:\/\/www.swissraft.ch\/de\/produkt\/schnupperflug-helikopter-balzers-robinson-r44\/#breadcrumb\",\"itemListElement\":[{\"@type\":\"ListItem\",\"position\":1,\"name\":\"Accueil\",\"item\":\"https:\/\/www.swissraft.ch\/de\/\"},{\"@type\":\"ListItem\",\"position\":2,\"name\":\"Shop\",\"item\":\"https:\/\/www.swissraft.ch\/de\/shop\/\"},{\"@type\":\"ListItem\",\"position\":3,\"name\":\"Schnupperflug mit einem Helikopter ab BALZERS &#8211; ROBINSON R44 &#8211; Ab CHF 612.00\"}]},{\"@type\":\"WebSite\",\"@id\":\"https:\/\/www.swissraft.ch\/de\/#website\",\"url\":\"https:\/\/www.swissraft.ch\/de\/\",\"name\":\"Swissraft\",\"description\":\"To enjoy nature as it is\",\"publisher\":{\"@id\":\"https:\/\/www.swissraft.ch\/de\/#organization\"},\"potentialAction\":[{\"@type\":\"SearchAction\",\"target\":{\"@type\":\"EntryPoint\",\"urlTemplate\":\"https:\/\/www.swissraft.ch\/de\/?s={search_term_string}\"},\"query-input\":{\"@type\":\"PropertyValueSpecification\",\"valueRequired\":true,\"valueName\":\"search_term_string\"}}],\"inLanguage\":\"de\"},{\"@type\":\"Organization\",\"@id\":\"https:\/\/www.swissraft.ch\/de\/#organization\",\"name\":\"Swissraft\",\"url\":\"https:\/\/www.swissraft.ch\/de\/\",\"logo\":{\"@type\":\"ImageObject\",\"inLanguage\":\"de\",\"@id\":\"https:\/\/www.swissraft.ch\/de\/#\/schema\/logo\/image\/\",\"url\":\"https:\/\/www.swissraft.ch\/wp-content\/uploads\/2025\/09\/Capture.jpg\",\"contentUrl\":\"https:\/\/www.swissraft.ch\/wp-content\/uploads\/2025\/09\/Capture.jpg\",\"width\":293,\"height\":108,\"caption\":\"Swissraft\"},\"image\":{\"@id\":\"https:\/\/www.swissraft.ch\/de\/#\/schema\/logo\/image\/\"}}]}<\/script>\n<!-- \/ Yoast SEO plugin. -->","yoast_head_json":{"title":"Schnupperflug mit Robinson R44 in Balzers im Liechtenstein","description":"Schnupperflug mit der Robinson R44 in Balzers im Liechtenstein. Sie sitzen am Steuer Ihres Robinson R4 Helikopters. Der Fluglehrer ist an Ihrer Seite","robots":{"index":"index","follow":"follow","max-snippet":"max-snippet:-1","max-image-preview":"max-image-preview:large","max-video-preview":"max-video-preview:-1"},"canonical":"https:\/\/www.swissraft.ch\/de\/produkt\/schnupperflug-helikopter-balzers-robinson-r44\/","og_locale":"de_DE","og_type":"article","og_title":"Schnupperflug mit Robinson R44 in Balzers im Liechtenstein","og_description":"Schnupperflug mit der Robinson R44 in Balzers im Liechtenstein. Sie sitzen am Steuer Ihres Robinson R4 Helikopters. Der Fluglehrer ist an Ihrer Seite","og_url":"https:\/\/www.swissraft.ch\/de\/produkt\/schnupperflug-helikopter-balzers-robinson-r44\/","og_site_name":"Swissraft","article_modified_time":"2024-12-17T21:23:23+00:00","og_image":[{"width":776,"height":776,"url":"https:\/\/www.swissraft.ch\/wp-content\/uploads\/2024\/01\/Robinson_R44-776x776-1.jpg","type":"image\/jpeg"}],"twitter_card":"summary_large_image","twitter_misc":{"Gesch\u00e4tzte Lesezeit":"1\u00a0Minute"},"schema":{"@context":"https:\/\/schema.org","@graph":[{"@type":"WebPage","@id":"https:\/\/www.swissraft.ch\/de\/produkt\/schnupperflug-helikopter-balzers-robinson-r44\/","url":"https:\/\/www.swissraft.ch\/de\/produkt\/schnupperflug-helikopter-balzers-robinson-r44\/","name":"Schnupperflug mit Robinson R44 in Balzers im Liechtenstein","isPartOf":{"@id":"https:\/\/www.swissraft.ch\/de\/#website"},"primaryImageOfPage":{"@id":"https:\/\/www.swissraft.ch\/de\/produkt\/schnupperflug-helikopter-balzers-robinson-r44\/#primaryimage"},"image":{"@id":"https:\/\/www.swissraft.ch\/de\/produkt\/schnupperflug-helikopter-balzers-robinson-r44\/#primaryimage"},"thumbnailUrl":"https:\/\/www.swissraft.ch\/wp-content\/uploads\/2024\/01\/Robinson_R44-776x776-1.jpg","datePublished":"2024-01-15T21:41:37+00:00","dateModified":"2024-12-17T21:23:23+00:00","description":"Schnupperflug mit der Robinson R44 in Balzers im Liechtenstein. Sie sitzen am Steuer Ihres Robinson R4 Helikopters. Der Fluglehrer ist an Ihrer Seite","breadcrumb":{"@id":"https:\/\/www.swissraft.ch\/de\/produkt\/schnupperflug-helikopter-balzers-robinson-r44\/#breadcrumb"},"inLanguage":"de","potentialAction":[{"@type":"ReadAction","target":["https:\/\/www.swissraft.ch\/de\/produkt\/schnupperflug-helikopter-balzers-robinson-r44\/"]}]},{"@type":"ImageObject","inLanguage":"de","@id":"https:\/\/www.swissraft.ch\/de\/produkt\/schnupperflug-helikopter-balzers-robinson-r44\/#primaryimage","url":"https:\/\/www.swissraft.ch\/wp-content\/uploads\/2024\/01\/Robinson_R44-776x776-1.jpg","contentUrl":"https:\/\/www.swissraft.ch\/wp-content\/uploads\/2024\/01\/Robinson_R44-776x776-1.jpg","width":776,"height":776,"caption":"Einf\u00fchrung auf Robinson R44 von Balzers aus"},{"@type":"BreadcrumbList","@id":"https:\/\/www.swissraft.ch\/de\/produkt\/schnupperflug-helikopter-balzers-robinson-r44\/#breadcrumb","itemListElement":[{"@type":"ListItem","position":1,"name":"Accueil","item":"https:\/\/www.swissraft.ch\/de\/"},{"@type":"ListItem","position":2,"name":"Shop","item":"https:\/\/www.swissraft.ch\/de\/shop\/"},{"@type":"ListItem","position":3,"name":"Schnupperflug mit einem Helikopter ab BALZERS &#8211; ROBINSON R44 &#8211; Ab CHF 612.00"}]},{"@type":"WebSite","@id":"https:\/\/www.swissraft.ch\/de\/#website","url":"https:\/\/www.swissraft.ch\/de\/","name":"Swissraft","description":"To enjoy nature as it is","publisher":{"@id":"https:\/\/www.swissraft.ch\/de\/#organization"},"potentialAction":[{"@type":"SearchAction","target":{"@type":"EntryPoint","urlTemplate":"https:\/\/www.swissraft.ch\/de\/?s={search_term_string}"},"query-input":{"@type":"PropertyValueSpecification","valueRequired":true,"valueName":"search_term_string"}}],"inLanguage":"de"},{"@type":"Organization","@id":"https:\/\/www.swissraft.ch\/de\/#organization","name":"Swissraft","url":"https:\/\/www.swissraft.ch\/de\/","logo":{"@type":"ImageObject","inLanguage":"de","@id":"https:\/\/www.swissraft.ch\/de\/#\/schema\/logo\/image\/","url":"https:\/\/www.swissraft.ch\/wp-content\/uploads\/2025\/09\/Capture.jpg","contentUrl":"https:\/\/www.swissraft.ch\/wp-content\/uploads\/2025\/09\/Capture.jpg","width":293,"height":108,"caption":"Swissraft"},"image":{"@id":"https:\/\/www.swissraft.ch\/de\/#\/schema\/logo\/image\/"}}]}},"_links":{"self":[{"href":"https:\/\/www.swissraft.ch\/de\/wp-json\/wp\/v2\/product\/91250","targetHints":{"allow":["GET"]}}],"collection":[{"href":"https:\/\/www.swissraft.ch\/de\/wp-json\/wp\/v2\/product"}],"about":[{"href":"https:\/\/www.swissraft.ch\/de\/wp-json\/wp\/v2\/types\/product"}],"replies":[{"embeddable":true,"href":"https:\/\/www.swissraft.ch\/de\/wp-json\/wp\/v2\/comments?post=91250"}],"version-history":[{"count":0,"href":"https:\/\/www.swissraft.ch\/de\/wp-json\/wp\/v2\/product\/91250\/revisions"}],"wp:featuredmedia":[{"embeddable":true,"href":"https:\/\/www.swissraft.ch\/de\/wp-json\/wp\/v2\/media\/89686"}],"wp:attachment":[{"href":"https:\/\/www.swissraft.ch\/de\/wp-json\/wp\/v2\/media?parent=91250"}],"wp:term":[{"taxonomy":"product_cat","embeddable":true,"href":"https:\/\/www.swissraft.ch\/de\/wp-json\/wp\/v2\/product_cat?post=91250"},{"taxonomy":"product_tag","embeddable":true,"href":"https:\/\/www.swissraft.ch\/de\/wp-json\/wp\/v2\/product_tag?post=91250"}],"curies":[{"name":"wp","href":"https:\/\/api.w.org\/{rel}","templated":true}]}}