{"id":91249,"date":"2024-01-11T20:47:56","date_gmt":"2024-01-11T19:47:56","guid":{"rendered":"https:\/\/swissraft.xyanzkdne.eu\/product\/hubschrauberflug-von-balzers-gastronomische-pause-60-min-ab-chf-1245-00\/"},"modified":"2026-04-18T00:18:42","modified_gmt":"2026-04-17T22:18:42","slug":"helikopterflug-balzers-rundflug-gastronomische-pause","status":"publish","type":"product","link":"https:\/\/www.swissraft.ch\/de\/produkt\/helikopterflug-balzers-rundflug-gastronomische-pause\/","title":{"rendered":"Helikopterflug &#8211; Balzers &#8211; Gastronomische Pause &#8211; 60 Min. &#8211; Ab CHF 1&#8217;245.00"},"content":{"rendered":"\t\t<div data-elementor-type=\"wp-post\" data-elementor-id=\"91249\" class=\"elementor elementor-91249 elementor-56540\">\n\t\t\t\t\t\t\t\t\t<section class=\"elementor-section elementor-top-section elementor-element elementor-element-3303a7e3 elementor-section-boxed elementor-section-height-default elementor-section-height-default\" data-id=\"3303a7e3\" data-element_type=\"section\">\n\t\t\t\t\t\t<div class=\"elementor-container elementor-column-gap-default\">\n\t\t\t\t\t<div class=\"elementor-column elementor-col-100 elementor-top-column elementor-element elementor-element-16d72dbf\" data-id=\"16d72dbf\" data-element_type=\"column\">\n\t\t\t<div class=\"elementor-widget-wrap elementor-element-populated\">\n\t\t\t\t\t\t\t\t<div class=\"elementor-element elementor-element-d743c03 elementor-widget elementor-widget-text-editor\" data-id=\"d743c03\" data-element_type=\"widget\" data-widget_type=\"text-editor.default\">\n\t\t\t\t<div class=\"elementor-widget-container\">\n\t\t\t\t\t\t\t<h2>W\u00c4HLEN SIE UNTEN IHRE AKTIVIT\u00c4T AUS, UM GESCHENKGUTSCHEINE \/ TICKETS ZU VERSCHENKEN ODER ZU BUCHEN<\/h2><table border=\"0\" width=\"580\" cellspacing=\"10\" cellpadding=\"10\"><tbody><tr><td width=\"50%\"><strong>RUNDFLUG &#8211; GASTRONOMISCHE PAUSE &#8211; PRIVATFLUG (1-4 Pers.) &#8211; 60 min.<\/strong><\/td><td><strong>Ab CHF <span class=\"productPrice\">1&#8217;245.00 pro Privatflug<br \/><\/span><\/strong><\/td><\/tr><tr><td>Zus\u00e4tzliche Informationen<\/td><td>&#8211; Sie haben den Helikopter ausschlie\u00dflich f\u00fcr sich<br \/>&#8211; Sie bestimmen Datum und Uhrzeit des Abflugs<br \/>&#8211; Maximum 4 Pers.<br \/>&#8211; Mahlzeiten und Getr\u00e4nke nicht inbegriffen<\/td><\/tr><tr><td>Heliport<\/td><td><a href=\"https:\/\/www.google.com\/maps\/place\/47%C2%B004'05.9%22N+9%C2%B028'54.3%22E\/@47.0684676,9.4773295,769m\/data=!3m1!1e3!4m4!3m3!8m2!3d47.0683056!4d9.48175?entry=ttu\" target=\"_blank\" rel=\"noopener\">Balzers<\/a><\/td><\/tr><tr><td>Flugzeit<\/td><td>60 Min.<\/td><\/tr><tr><td>Gesamtdauer<\/td><td>ca. 3 Std.<\/td><\/tr><tr><td>Termin<\/td><td>Per Telefon<\/td><\/tr><tr><td><button class=\"elementor-button\" type=\"button\"><a href=\"https:\/\/swissraft.outdoorbooking.ch\/fo\/products\/2033?base_id=183&amp;category_id=6&amp;order_type=gift_voucher&amp;lang=de\" target=\"_blank\" rel=\"noopener\">GUTSCHEIN \/ TICKET KAUFEN<\/a><\/button><\/td><td><strong>CHF 1&#8217;245.00 &#8211; Privatflug (1-3 Pers.)<\/strong><\/td><\/tr><tr><td><button class=\"elementor-button\" type=\"button\"><a href=\"https:\/\/swissraft.outdoorbooking.ch\/fo\/products\/2034?base_id=184&amp;category_id=6&amp;order_type=gift_voucher&amp;lang=de\" target=\"_blank\" rel=\"noopener\">GUTSCHEIN \/ TICKET KAUFEN<\/a><\/button><\/td><td><strong>CHF 1&#8217;660.00 &#8211; Privatflug (4 Pers.)<\/strong><\/td><\/tr><tr><td>\u00a0<\/td><td><strong><em>WICHTIG !<\/em><\/strong><br \/><em>Um zu reservieren, rufen Sie die Nummer an, die sich oben links auf dem Gutschein \/ Ticket befindet.<\/em><\/td><\/tr><\/tbody><\/table>\t\t\t\t\t\t<\/div>\n\t\t\t\t<\/div>\n\t\t\t\t\t<\/div>\n\t\t<\/div>\n\t\t\t\t\t\t\t<\/div>\n\t\t<\/section>\n\t\t\t\t\t\t\t<\/div>\n\t\t","protected":false},"excerpt":{"rendered":"<div align=\"justify\">\n<h2 align=\"justify\">Ein 60-min\u00fctiger Helikopterflug von Balzers aus, unterbrochen von einer gastronomischen Pause in einem Restaurant Ihrer Wahl.<\/h2>\n<h3>An Bord unseres Robinson-Hubschraubers fliegen Sie \u00fcber die Schweizer Berge, bevor Sie eine Zwischenlandung f\u00fcr eine kulinarische Pause machen.<\/h3>\n<\/div>\n<div align=\"justify\">Gastronomie und Helikopterflug, die perfekte Kombination. Nach einem herrlichen Flug \u00fcber die Schweizer Alpen landen Sie in der N\u00e4he eines Restaurants. Sie bestimmen die Adresse, wenn Sie einen bestimmten Ort kennen. Die Kombination eines Helikopeterflugs mit einem Essen ist etwas Besonderes. Und nach dem guten Essen setzen Sie den Flug fort und landen wieder auf dem Heliport Balzers.<\/p>\n<h3>Swissraft hilft Ihnen gerne bei der Auswahl Ihres Restaurants. Rufen Sie uns an und wir beraten Sie gerne<\/h3>\n<p id=\"textarea\" style=\"display: none;\">\nIm Herzen der Schweizer Alpen gelegen, bieten wir Abfl\u00fcge von verschiedenen Orten an. Ob vom Winter-Heliport in St. Moritz oder vom Ganzjahresflugplatz in Samedan, unsere Fl\u00fcge sind ein einzigartiges Erlebnis. Abfl\u00fcge gibt es auch von den Heliports in Tavanasa, Flims und Untervaz. Im Kanton Thurgau starten wir vom Flugplatz Sitterdorf aus und bieten spektakul\u00e4re Ausblicke. Die internationalen Flugh\u00e4fen Z\u00fcrich-Kloten und Bern-Belp werden von unseren Rundfl\u00fcgen angeflogen. F\u00fcr diejenigen, die den alpinen Charme suchen, sind Gstaad-Grund und der Flugplatz Saanen im Gstaad-Saanenland idyllische Ausgangspunkte. Die Hubschrauberlandepl\u00e4tze Lenk-Simmental, Schattenhalb-Meiringen, Interlaken-Gsteigwiler und Lauterbrunnen f\u00fcgen unserem Angebot eine alpine Dimension hinzu. Die Kantone Luzern und Uri sind mit Abfl\u00fcgen von Pfaffnau und Erstfeld ebenfalls vertreten. Buttwil im Kanton Aargau bietet bezaubernde Routen, ebenso wie K\u00fcssnacht im Kanton Schwyz und Grenchen im Kanton Solothurn. Die H\u00f6hen des Greyerzerlandes bieten Touren ab \u00c9pagny, w\u00e4hrend das Wallis atemberaubende Panoramen mit Abfl\u00fcgen von den Hubschrauberlandepl\u00e4tzen Gampel und Collombey sowie vom Flughafen Sion bietet. Entdecken Sie das Tessin mit unseren Starts von den Flugpl\u00e4tzen Locarno und Lodrino.<\/p>\n<p><a id=\"seeMore\" onclick=\"toggleSeeMore()\" href=\"javascript:void(0);\">Lesen Sie mehr<\/a><\/p>\n","protected":false},"featured_media":89350,"comment_status":"open","ping_status":"closed","template":"","meta":{"inline_featured_image":false,"_mi_skip_tracking":false},"product_cat":[263,284],"product_tag":[],"class_list":["post-91249","product","type-product","status-publish","has-post-thumbnail","hentry","product_cat-helikopterflug-in-der-schweiz","product_cat-helikopterflug-rundflug-balzers"],"yoast_head":"<!-- This site is optimized with the Yoast SEO plugin v23.6 - https:\/\/yoast.com\/wordpress\/plugins\/seo\/ -->\n<title>Rundflug mit Gastronomische Pause von Balzers aus<\/title>\n<meta name=\"description\" content=\"Rundflug mit Gastronomische Pause im Helikopter f\u00fcr eine Mahlzeit. 60-min\u00fctiger Flug, unterbrochen von einer Gourmet-Mahlzeit\" \/>\n<meta name=\"robots\" content=\"index, follow, max-snippet:-1, max-image-preview:large, max-video-preview:-1\" \/>\n<link rel=\"canonical\" href=\"https:\/\/www.swissraft.ch\/de\/produkt\/helikopterflug-balzers-rundflug-gastronomische-pause\/\" \/>\n<meta property=\"og:locale\" content=\"de_DE\" \/>\n<meta property=\"og:type\" content=\"article\" \/>\n<meta property=\"og:title\" content=\"Rundflug mit Gastronomische Pause von Balzers aus\" \/>\n<meta property=\"og:description\" content=\"Rundflug mit Gastronomische Pause im Helikopter f\u00fcr eine Mahlzeit. 60-min\u00fctiger Flug, unterbrochen von einer Gourmet-Mahlzeit\" \/>\n<meta property=\"og:url\" content=\"https:\/\/www.swissraft.ch\/de\/produkt\/helikopterflug-balzers-rundflug-gastronomische-pause\/\" \/>\n<meta property=\"og:site_name\" content=\"Swissraft\" \/>\n<meta property=\"article:modified_time\" content=\"2026-04-17T22:18:42+00:00\" \/>\n<meta property=\"og:image\" content=\"https:\/\/www.swissraft.ch\/wp-content\/uploads\/2024\/01\/16-GOURMET-776x776-1.jpg\" \/>\n\t<meta property=\"og:image:width\" content=\"776\" \/>\n\t<meta property=\"og:image:height\" content=\"776\" \/>\n\t<meta property=\"og:image:type\" content=\"image\/jpeg\" \/>\n<meta name=\"twitter:card\" content=\"summary_large_image\" \/>\n<meta name=\"twitter:label1\" content=\"Gesch\u00e4tzte Lesezeit\" \/>\n\t<meta name=\"twitter:data1\" content=\"1\u00a0Minute\" \/>\n<script type=\"application\/ld+json\" class=\"yoast-schema-graph\">{\"@context\":\"https:\/\/schema.org\",\"@graph\":[{\"@type\":\"WebPage\",\"@id\":\"https:\/\/www.swissraft.ch\/de\/produkt\/helikopterflug-balzers-rundflug-gastronomische-pause\/\",\"url\":\"https:\/\/www.swissraft.ch\/de\/produkt\/helikopterflug-balzers-rundflug-gastronomische-pause\/\",\"name\":\"Rundflug mit Gastronomische Pause von Balzers aus\",\"isPartOf\":{\"@id\":\"https:\/\/www.swissraft.ch\/de\/#website\"},\"primaryImageOfPage\":{\"@id\":\"https:\/\/www.swissraft.ch\/de\/produkt\/helikopterflug-balzers-rundflug-gastronomische-pause\/#primaryimage\"},\"image\":{\"@id\":\"https:\/\/www.swissraft.ch\/de\/produkt\/helikopterflug-balzers-rundflug-gastronomische-pause\/#primaryimage\"},\"thumbnailUrl\":\"https:\/\/www.swissraft.ch\/wp-content\/uploads\/2024\/01\/16-GOURMET-776x776-1.jpg\",\"datePublished\":\"2024-01-11T19:47:56+00:00\",\"dateModified\":\"2026-04-17T22:18:42+00:00\",\"description\":\"Rundflug mit Gastronomische Pause im Helikopter f\u00fcr eine Mahlzeit. 60-min\u00fctiger Flug, unterbrochen von einer Gourmet-Mahlzeit\",\"breadcrumb\":{\"@id\":\"https:\/\/www.swissraft.ch\/de\/produkt\/helikopterflug-balzers-rundflug-gastronomische-pause\/#breadcrumb\"},\"inLanguage\":\"de\",\"potentialAction\":[{\"@type\":\"ReadAction\",\"target\":[\"https:\/\/www.swissraft.ch\/de\/produkt\/helikopterflug-balzers-rundflug-gastronomische-pause\/\"]}]},{\"@type\":\"ImageObject\",\"inLanguage\":\"de\",\"@id\":\"https:\/\/www.swissraft.ch\/de\/produkt\/helikopterflug-balzers-rundflug-gastronomische-pause\/#primaryimage\",\"url\":\"https:\/\/www.swissraft.ch\/wp-content\/uploads\/2024\/01\/16-GOURMET-776x776-1.jpg\",\"contentUrl\":\"https:\/\/www.swissraft.ch\/wp-content\/uploads\/2024\/01\/16-GOURMET-776x776-1.jpg\",\"width\":776,\"height\":776,\"caption\":\"Rundflug mit Gastronomische Pause\"},{\"@type\":\"BreadcrumbList\",\"@id\":\"https:\/\/www.swissraft.ch\/de\/produkt\/helikopterflug-balzers-rundflug-gastronomische-pause\/#breadcrumb\",\"itemListElement\":[{\"@type\":\"ListItem\",\"position\":1,\"name\":\"Accueil\",\"item\":\"https:\/\/www.swissraft.ch\/de\/\"},{\"@type\":\"ListItem\",\"position\":2,\"name\":\"Shop\",\"item\":\"https:\/\/www.swissraft.ch\/de\/shop\/\"},{\"@type\":\"ListItem\",\"position\":3,\"name\":\"Helikopterflug &#8211; Balzers &#8211; Gastronomische Pause &#8211; 60 Min. &#8211; Ab CHF 1&rsquo;245.00\"}]},{\"@type\":\"WebSite\",\"@id\":\"https:\/\/www.swissraft.ch\/de\/#website\",\"url\":\"https:\/\/www.swissraft.ch\/de\/\",\"name\":\"Swissraft\",\"description\":\"To enjoy nature as it is\",\"publisher\":{\"@id\":\"https:\/\/www.swissraft.ch\/de\/#organization\"},\"potentialAction\":[{\"@type\":\"SearchAction\",\"target\":{\"@type\":\"EntryPoint\",\"urlTemplate\":\"https:\/\/www.swissraft.ch\/de\/?s={search_term_string}\"},\"query-input\":{\"@type\":\"PropertyValueSpecification\",\"valueRequired\":true,\"valueName\":\"search_term_string\"}}],\"inLanguage\":\"de\"},{\"@type\":\"Organization\",\"@id\":\"https:\/\/www.swissraft.ch\/de\/#organization\",\"name\":\"Swissraft\",\"url\":\"https:\/\/www.swissraft.ch\/de\/\",\"logo\":{\"@type\":\"ImageObject\",\"inLanguage\":\"de\",\"@id\":\"https:\/\/www.swissraft.ch\/de\/#\/schema\/logo\/image\/\",\"url\":\"https:\/\/www.swissraft.ch\/wp-content\/uploads\/2025\/09\/Capture.jpg\",\"contentUrl\":\"https:\/\/www.swissraft.ch\/wp-content\/uploads\/2025\/09\/Capture.jpg\",\"width\":293,\"height\":108,\"caption\":\"Swissraft\"},\"image\":{\"@id\":\"https:\/\/www.swissraft.ch\/de\/#\/schema\/logo\/image\/\"}}]}<\/script>\n<!-- \/ Yoast SEO plugin. -->","yoast_head_json":{"title":"Rundflug mit Gastronomische Pause von Balzers aus","description":"Rundflug mit Gastronomische Pause im Helikopter f\u00fcr eine Mahlzeit. 60-min\u00fctiger Flug, unterbrochen von einer Gourmet-Mahlzeit","robots":{"index":"index","follow":"follow","max-snippet":"max-snippet:-1","max-image-preview":"max-image-preview:large","max-video-preview":"max-video-preview:-1"},"canonical":"https:\/\/www.swissraft.ch\/de\/produkt\/helikopterflug-balzers-rundflug-gastronomische-pause\/","og_locale":"de_DE","og_type":"article","og_title":"Rundflug mit Gastronomische Pause von Balzers aus","og_description":"Rundflug mit Gastronomische Pause im Helikopter f\u00fcr eine Mahlzeit. 60-min\u00fctiger Flug, unterbrochen von einer Gourmet-Mahlzeit","og_url":"https:\/\/www.swissraft.ch\/de\/produkt\/helikopterflug-balzers-rundflug-gastronomische-pause\/","og_site_name":"Swissraft","article_modified_time":"2026-04-17T22:18:42+00:00","og_image":[{"width":776,"height":776,"url":"https:\/\/www.swissraft.ch\/wp-content\/uploads\/2024\/01\/16-GOURMET-776x776-1.jpg","type":"image\/jpeg"}],"twitter_card":"summary_large_image","twitter_misc":{"Gesch\u00e4tzte Lesezeit":"1\u00a0Minute"},"schema":{"@context":"https:\/\/schema.org","@graph":[{"@type":"WebPage","@id":"https:\/\/www.swissraft.ch\/de\/produkt\/helikopterflug-balzers-rundflug-gastronomische-pause\/","url":"https:\/\/www.swissraft.ch\/de\/produkt\/helikopterflug-balzers-rundflug-gastronomische-pause\/","name":"Rundflug mit Gastronomische Pause von Balzers aus","isPartOf":{"@id":"https:\/\/www.swissraft.ch\/de\/#website"},"primaryImageOfPage":{"@id":"https:\/\/www.swissraft.ch\/de\/produkt\/helikopterflug-balzers-rundflug-gastronomische-pause\/#primaryimage"},"image":{"@id":"https:\/\/www.swissraft.ch\/de\/produkt\/helikopterflug-balzers-rundflug-gastronomische-pause\/#primaryimage"},"thumbnailUrl":"https:\/\/www.swissraft.ch\/wp-content\/uploads\/2024\/01\/16-GOURMET-776x776-1.jpg","datePublished":"2024-01-11T19:47:56+00:00","dateModified":"2026-04-17T22:18:42+00:00","description":"Rundflug mit Gastronomische Pause im Helikopter f\u00fcr eine Mahlzeit. 60-min\u00fctiger Flug, unterbrochen von einer Gourmet-Mahlzeit","breadcrumb":{"@id":"https:\/\/www.swissraft.ch\/de\/produkt\/helikopterflug-balzers-rundflug-gastronomische-pause\/#breadcrumb"},"inLanguage":"de","potentialAction":[{"@type":"ReadAction","target":["https:\/\/www.swissraft.ch\/de\/produkt\/helikopterflug-balzers-rundflug-gastronomische-pause\/"]}]},{"@type":"ImageObject","inLanguage":"de","@id":"https:\/\/www.swissraft.ch\/de\/produkt\/helikopterflug-balzers-rundflug-gastronomische-pause\/#primaryimage","url":"https:\/\/www.swissraft.ch\/wp-content\/uploads\/2024\/01\/16-GOURMET-776x776-1.jpg","contentUrl":"https:\/\/www.swissraft.ch\/wp-content\/uploads\/2024\/01\/16-GOURMET-776x776-1.jpg","width":776,"height":776,"caption":"Rundflug mit Gastronomische Pause"},{"@type":"BreadcrumbList","@id":"https:\/\/www.swissraft.ch\/de\/produkt\/helikopterflug-balzers-rundflug-gastronomische-pause\/#breadcrumb","itemListElement":[{"@type":"ListItem","position":1,"name":"Accueil","item":"https:\/\/www.swissraft.ch\/de\/"},{"@type":"ListItem","position":2,"name":"Shop","item":"https:\/\/www.swissraft.ch\/de\/shop\/"},{"@type":"ListItem","position":3,"name":"Helikopterflug &#8211; Balzers &#8211; Gastronomische Pause &#8211; 60 Min. &#8211; Ab CHF 1&rsquo;245.00"}]},{"@type":"WebSite","@id":"https:\/\/www.swissraft.ch\/de\/#website","url":"https:\/\/www.swissraft.ch\/de\/","name":"Swissraft","description":"To enjoy nature as it is","publisher":{"@id":"https:\/\/www.swissraft.ch\/de\/#organization"},"potentialAction":[{"@type":"SearchAction","target":{"@type":"EntryPoint","urlTemplate":"https:\/\/www.swissraft.ch\/de\/?s={search_term_string}"},"query-input":{"@type":"PropertyValueSpecification","valueRequired":true,"valueName":"search_term_string"}}],"inLanguage":"de"},{"@type":"Organization","@id":"https:\/\/www.swissraft.ch\/de\/#organization","name":"Swissraft","url":"https:\/\/www.swissraft.ch\/de\/","logo":{"@type":"ImageObject","inLanguage":"de","@id":"https:\/\/www.swissraft.ch\/de\/#\/schema\/logo\/image\/","url":"https:\/\/www.swissraft.ch\/wp-content\/uploads\/2025\/09\/Capture.jpg","contentUrl":"https:\/\/www.swissraft.ch\/wp-content\/uploads\/2025\/09\/Capture.jpg","width":293,"height":108,"caption":"Swissraft"},"image":{"@id":"https:\/\/www.swissraft.ch\/de\/#\/schema\/logo\/image\/"}}]}},"_links":{"self":[{"href":"https:\/\/www.swissraft.ch\/de\/wp-json\/wp\/v2\/product\/91249","targetHints":{"allow":["GET"]}}],"collection":[{"href":"https:\/\/www.swissraft.ch\/de\/wp-json\/wp\/v2\/product"}],"about":[{"href":"https:\/\/www.swissraft.ch\/de\/wp-json\/wp\/v2\/types\/product"}],"replies":[{"embeddable":true,"href":"https:\/\/www.swissraft.ch\/de\/wp-json\/wp\/v2\/comments?post=91249"}],"version-history":[{"count":25,"href":"https:\/\/www.swissraft.ch\/de\/wp-json\/wp\/v2\/product\/91249\/revisions"}],"predecessor-version":[{"id":140623,"href":"https:\/\/www.swissraft.ch\/de\/wp-json\/wp\/v2\/product\/91249\/revisions\/140623"}],"wp:featuredmedia":[{"embeddable":true,"href":"https:\/\/www.swissraft.ch\/de\/wp-json\/wp\/v2\/media\/89350"}],"wp:attachment":[{"href":"https:\/\/www.swissraft.ch\/de\/wp-json\/wp\/v2\/media?parent=91249"}],"wp:term":[{"taxonomy":"product_cat","embeddable":true,"href":"https:\/\/www.swissraft.ch\/de\/wp-json\/wp\/v2\/product_cat?post=91249"},{"taxonomy":"product_tag","embeddable":true,"href":"https:\/\/www.swissraft.ch\/de\/wp-json\/wp\/v2\/product_tag?post=91249"}],"curies":[{"name":"wp","href":"https:\/\/api.w.org\/{rel}","templated":true}]}}