{"id":91246,"date":"2024-01-08T01:19:51","date_gmt":"2024-01-08T00:19:51","guid":{"rendered":"https:\/\/swissraft.xyanzkdne.eu\/product\/einfuehrung-in-einen-hubschrauber-ab-locarno-colibri-h120-ab-chf-830-00\/"},"modified":"2026-05-02T23:48:01","modified_gmt":"2026-05-02T21:48:01","slug":"schnupperflug-helikopter-locarno-colibri-h120","status":"publish","type":"product","link":"https:\/\/www.swissraft.ch\/de\/produkt\/schnupperflug-helikopter-locarno-colibri-h120\/","title":{"rendered":"Schnupperflug &#8211; Helikopter &#8211; Locarno &#8211; Colibri H120 &#8211; Ab CHF 830.00"},"content":{"rendered":"\t\t<div data-elementor-type=\"wp-post\" data-elementor-id=\"91246\" class=\"elementor elementor-91246 elementor-56271\">\n\t\t\t\t\t\t\t\t\t<section class=\"elementor-section elementor-top-section elementor-element elementor-element-3303a7e3 elementor-section-boxed elementor-section-height-default elementor-section-height-default\" data-id=\"3303a7e3\" data-element_type=\"section\">\n\t\t\t\t\t\t<div class=\"elementor-container elementor-column-gap-default\">\n\t\t\t\t\t<div class=\"elementor-column elementor-col-100 elementor-top-column elementor-element elementor-element-16d72dbf\" data-id=\"16d72dbf\" data-element_type=\"column\">\n\t\t\t<div class=\"elementor-widget-wrap elementor-element-populated\">\n\t\t\t\t\t\t\t\t<div class=\"elementor-element elementor-element-d743c03 elementor-widget elementor-widget-text-editor\" data-id=\"d743c03\" data-element_type=\"widget\" data-widget_type=\"text-editor.default\">\n\t\t\t\t<div class=\"elementor-widget-container\">\n\t\t\t\t\t\t\t<h2>W\u00c4HLEN SIE UNTEN IHRE AKTIVIT\u00c4T AUS, UM GESCHENKGUTSCHEINE \/ TICKETS ZU VERSCHENKEN ODER ZU BUCHEN<\/h2><table border=\"0\" width=\"580\" cellspacing=\"10\" cellpadding=\"10\"><tbody><tr><td width=\"50%\"><strong>SCHNUPPERFLUG &#8211; COLIBRI H120 &#8211; 1 SCH\u00dcLER &#8211; Ab 30 Min.<\/strong><\/td><td><strong>Ab CHF 830.00 pro Flug<span class=\"productPrice\"><br \/><\/span><\/strong><\/td><\/tr><tr><td>Zus\u00e4tzliche Informationen<\/td><td>&#8211; Sie haben den Helikopter exklusiv f\u00fcr sich<br \/>&#8211; Sie bestimmen das Datum und die Uhrzeit des Abflugs<br \/>&#8211; Maximum 1 Pers.<\/td><\/tr><tr><td>Flugplatz<\/td><td><a href=\"https:\/\/www.google.com\/maps\/place\/46%C2%B009'51.6%22N+8%C2%B052'57.2%22E\/@46.1653551,8.8644715,3127m\/data=!3m1!1e3!4m12!1m7!3m6!1s0x4785cb3732ff3a03:0xc7688bd294b9853!2sSwiss+Helicopter+Engineering+AG!8m2!3d46.1629655!4d8.8826566!16s%2Fg%2F11j10rdxvw!3m3!8m2!3d46.1643333!4d8.8825556?entry=ttu\" target=\"_blank\" rel=\"noopener\">Locarno &#8211; Gordola<\/a><\/td><\/tr><tr><td>Flugzeit nach Wahl<\/td><td>30 \/ 40 Min.<\/td><\/tr><tr><td>Gesamtdauer<\/td><td>ca. 1:15 bis 1:30 Std. abh\u00e4ngig von der Anzahl der Minuten<\/td><\/tr><tr><td>Termin<\/td><td>Per Telefon<\/td><\/tr><tr><td><button class=\"elementor-button\" type=\"button\"><a href=\"https:\/\/swissraft.outdoorbooking.ch\/fo\/products\/778?base_id=18&amp;category_id=4&amp;order_type=gift_voucher&amp;lang=de\" target=\"_blank\" rel=\"noopener\">GUTSCHEIN \/ TICKET KAUFEN<\/a><\/button><\/td><td><strong>CHF 830.00 &#8211; 30 Min. Flugzeit<\/strong><\/td><\/tr><tr><td><button class=\"elementor-button\" type=\"button\"><a href=\"https:\/\/swissraft.outdoorbooking.ch\/fo\/products\/779?base_id=18&amp;category_id=4&amp;order_type=gift_voucher&amp;lang=de\" target=\"_blank\" rel=\"noopener\">GUTSCHEIN \/ TICKET KAUFEN<\/a><\/button><\/td><td><strong>CHF 1&#8217;100.00 &#8211; 40 Min. Flugzeit<\/strong><\/td><\/tr><tr><td>\u00a0<\/td><td><strong><em>WICHTIG !<\/em><\/strong><br \/><em>Um zu reservieren, rufen Sie die Nummer an, die sich oben links auf dem Gutschein \/ Ticket befindet.<\/em><\/td><\/tr><\/tbody><\/table>\t\t\t\t\t\t<\/div>\n\t\t\t\t<\/div>\n\t\t\t\t\t<\/div>\n\t\t<\/div>\n\t\t\t\t\t\t\t<\/div>\n\t\t<\/section>\n\t\t\t\t\t\t\t<\/div>\n\t\t","protected":false},"excerpt":{"rendered":"<div align=\"justify\">\n<h2 align=\"justify\">Erleben Sie in Locarno eine Einf\u00fchrung in den COLIBRI H120, einen 5-sitzigen Hubschrauber mit Turbomotor, w\u00e4hrend eines Hubschrauber-Testflugs.<\/h2>\n<h3>Der COLIBRI H120 ist ein komfortabler Helikopter. Er fliegt leise und kann bis zu 700 kg auf Meeresh\u00f6he transportieren.<\/h3>\n<\/div>\n<div align=\"justify\">\n<p>Sie werden von unserem Fluglehrer begr\u00fc\u00dft, inspizieren den Hubschrauber und nehmen dann auf der rechten Seite Platz, um das Armaturenbrett zu sehen. Die Turbomaschine startet, der Rotor dreht sich auf 410 U\/min. Unter der Aufsicht des Fluglehrers heben Sie nach der Freigabe durch den Kontrollturm sanft ab. Sie gewinnen an Selbstvertrauen.<\/p>\n<h3>Kontaktieren Sie uns, wenn Sie Fragen zum Hubschrauberfliegen in Locarno-Magadino haben. Wir stehen Ihnen gerne zur Verf\u00fcgung.<\/h3>\n<p id=\"textarea\" style=\"display: none;\">\nWir decken verschiedene Regionen der Schweiz f\u00fcr Schnupperfl\u00fcge mit dem Helikopter ab. Einerseits sind wir in Bern-Belp und Speck-Fehraltorf im Kanton Z\u00fcrich. Au\u00dferdem f\u00fchren wir Einf\u00fchrungsfl\u00fcge mit Helikopter von den Flugpl\u00e4tzen Epagny, Freiburg und Buttwil aus durch. Aber auch vom Heliport Pfaffnau im Kanton Luzern aus. Dar\u00fcber hinaus bieten wir Schulfl\u00fcge vom Flugplatz Grenchen im Kanton Solothurn an. Sowie auf dem Balzers Heliport im Liechtenstein. Auch in der Ostschweiz von Sitterdorf, St. Moritz, Untervaz, Samedan und im Tessin von Lodrino aus. F\u00fcr weitere Informationen wenden Sie sich bitte an uns.\n<\/p>\n<p><a id=\"seeMore\" onclick=\"toggleSeeMore()\" href=\"javascript:void(0);\">Lesen Sie mehr<\/a><\/p>\n","protected":false},"featured_media":89338,"comment_status":"open","ping_status":"closed","template":"","meta":{"inline_featured_image":false,"_mi_skip_tracking":false},"product_cat":[277,283,266],"product_tag":[],"class_list":["post-91246","product","type-product","status-publish","has-post-thumbnail","hentry","product_cat-schnupperflug-helikopter","product_cat-helikopter-locarno","product_cat-schnupperflug-in-der-schweiz-selbst-fliegen"],"yoast_head":"<!-- This site is optimized with the Yoast SEO plugin v23.6 - https:\/\/yoast.com\/wordpress\/plugins\/seo\/ -->\n<title>Schnupperflug mit H120 Colibri ab Locarno. Sehr leiser Helikopter<\/title>\n<meta name=\"description\" content=\"Schnupperflug mit Colibri H120 in Locarno. Sie sitzen am Steuer Ihres Colibri H120 Hubschraubers mit einem hochqualifizierten Fluglehrer an Ihrer Seite\" \/>\n<meta name=\"robots\" content=\"index, follow, max-snippet:-1, max-image-preview:large, max-video-preview:-1\" \/>\n<link rel=\"canonical\" href=\"https:\/\/www.swissraft.ch\/de\/produkt\/schnupperflug-helikopter-locarno-colibri-h120\/\" \/>\n<meta property=\"og:locale\" content=\"de_DE\" \/>\n<meta property=\"og:type\" content=\"article\" \/>\n<meta property=\"og:title\" content=\"Schnupperflug mit H120 Colibri ab Locarno. Sehr leiser Helikopter\" \/>\n<meta property=\"og:description\" content=\"Schnupperflug mit Colibri H120 in Locarno. Sie sitzen am Steuer Ihres Colibri H120 Hubschraubers mit einem hochqualifizierten Fluglehrer an Ihrer Seite\" \/>\n<meta property=\"og:url\" content=\"https:\/\/www.swissraft.ch\/de\/produkt\/schnupperflug-helikopter-locarno-colibri-h120\/\" \/>\n<meta property=\"og:site_name\" content=\"Swissraft\" \/>\n<meta property=\"article:modified_time\" content=\"2026-05-02T21:48:01+00:00\" \/>\n<meta property=\"og:image\" content=\"https:\/\/www.swissraft.ch\/wp-content\/uploads\/2024\/01\/Colibri-H120-776x776-5.jpg\" \/>\n\t<meta property=\"og:image:width\" content=\"776\" \/>\n\t<meta property=\"og:image:height\" content=\"776\" \/>\n\t<meta property=\"og:image:type\" content=\"image\/jpeg\" \/>\n<meta name=\"twitter:card\" content=\"summary_large_image\" \/>\n<meta name=\"twitter:label1\" content=\"Gesch\u00e4tzte Lesezeit\" \/>\n\t<meta name=\"twitter:data1\" content=\"1\u00a0Minute\" \/>\n<script type=\"application\/ld+json\" class=\"yoast-schema-graph\">{\"@context\":\"https:\/\/schema.org\",\"@graph\":[{\"@type\":\"WebPage\",\"@id\":\"https:\/\/www.swissraft.ch\/de\/produkt\/schnupperflug-helikopter-locarno-colibri-h120\/\",\"url\":\"https:\/\/www.swissraft.ch\/de\/produkt\/schnupperflug-helikopter-locarno-colibri-h120\/\",\"name\":\"Schnupperflug mit H120 Colibri ab Locarno. Sehr leiser Helikopter\",\"isPartOf\":{\"@id\":\"https:\/\/www.swissraft.ch\/de\/#website\"},\"primaryImageOfPage\":{\"@id\":\"https:\/\/www.swissraft.ch\/de\/produkt\/schnupperflug-helikopter-locarno-colibri-h120\/#primaryimage\"},\"image\":{\"@id\":\"https:\/\/www.swissraft.ch\/de\/produkt\/schnupperflug-helikopter-locarno-colibri-h120\/#primaryimage\"},\"thumbnailUrl\":\"https:\/\/www.swissraft.ch\/wp-content\/uploads\/2024\/01\/Colibri-H120-776x776-5.jpg\",\"datePublished\":\"2024-01-08T00:19:51+00:00\",\"dateModified\":\"2026-05-02T21:48:01+00:00\",\"description\":\"Schnupperflug mit Colibri H120 in Locarno. Sie sitzen am Steuer Ihres Colibri H120 Hubschraubers mit einem hochqualifizierten Fluglehrer an Ihrer Seite\",\"breadcrumb\":{\"@id\":\"https:\/\/www.swissraft.ch\/de\/produkt\/schnupperflug-helikopter-locarno-colibri-h120\/#breadcrumb\"},\"inLanguage\":\"de\",\"potentialAction\":[{\"@type\":\"ReadAction\",\"target\":[\"https:\/\/www.swissraft.ch\/de\/produkt\/schnupperflug-helikopter-locarno-colibri-h120\/\"]}]},{\"@type\":\"ImageObject\",\"inLanguage\":\"de\",\"@id\":\"https:\/\/www.swissraft.ch\/de\/produkt\/schnupperflug-helikopter-locarno-colibri-h120\/#primaryimage\",\"url\":\"https:\/\/www.swissraft.ch\/wp-content\/uploads\/2024\/01\/Colibri-H120-776x776-5.jpg\",\"contentUrl\":\"https:\/\/www.swissraft.ch\/wp-content\/uploads\/2024\/01\/Colibri-H120-776x776-5.jpg\",\"width\":776,\"height\":776,\"caption\":\"Einf\u00fchrung in das Fliegen eines Colibri H120 von Locarno aus\"},{\"@type\":\"BreadcrumbList\",\"@id\":\"https:\/\/www.swissraft.ch\/de\/produkt\/schnupperflug-helikopter-locarno-colibri-h120\/#breadcrumb\",\"itemListElement\":[{\"@type\":\"ListItem\",\"position\":1,\"name\":\"Accueil\",\"item\":\"https:\/\/www.swissraft.ch\/de\/\"},{\"@type\":\"ListItem\",\"position\":2,\"name\":\"Shop\",\"item\":\"https:\/\/www.swissraft.ch\/de\/shop\/\"},{\"@type\":\"ListItem\",\"position\":3,\"name\":\"Schnupperflug &#8211; Helikopter &#8211; Locarno &#8211; Colibri H120 &#8211; Ab CHF 830.00\"}]},{\"@type\":\"WebSite\",\"@id\":\"https:\/\/www.swissraft.ch\/de\/#website\",\"url\":\"https:\/\/www.swissraft.ch\/de\/\",\"name\":\"Swissraft\",\"description\":\"To enjoy nature as it is\",\"publisher\":{\"@id\":\"https:\/\/www.swissraft.ch\/de\/#organization\"},\"potentialAction\":[{\"@type\":\"SearchAction\",\"target\":{\"@type\":\"EntryPoint\",\"urlTemplate\":\"https:\/\/www.swissraft.ch\/de\/?s={search_term_string}\"},\"query-input\":{\"@type\":\"PropertyValueSpecification\",\"valueRequired\":true,\"valueName\":\"search_term_string\"}}],\"inLanguage\":\"de\"},{\"@type\":\"Organization\",\"@id\":\"https:\/\/www.swissraft.ch\/de\/#organization\",\"name\":\"Swissraft\",\"url\":\"https:\/\/www.swissraft.ch\/de\/\",\"logo\":{\"@type\":\"ImageObject\",\"inLanguage\":\"de\",\"@id\":\"https:\/\/www.swissraft.ch\/de\/#\/schema\/logo\/image\/\",\"url\":\"https:\/\/www.swissraft.ch\/wp-content\/uploads\/2025\/09\/Capture.jpg\",\"contentUrl\":\"https:\/\/www.swissraft.ch\/wp-content\/uploads\/2025\/09\/Capture.jpg\",\"width\":293,\"height\":108,\"caption\":\"Swissraft\"},\"image\":{\"@id\":\"https:\/\/www.swissraft.ch\/de\/#\/schema\/logo\/image\/\"}}]}<\/script>\n<!-- \/ Yoast SEO plugin. -->","yoast_head_json":{"title":"Schnupperflug mit H120 Colibri ab Locarno. Sehr leiser Helikopter","description":"Schnupperflug mit Colibri H120 in Locarno. Sie sitzen am Steuer Ihres Colibri H120 Hubschraubers mit einem hochqualifizierten Fluglehrer an Ihrer Seite","robots":{"index":"index","follow":"follow","max-snippet":"max-snippet:-1","max-image-preview":"max-image-preview:large","max-video-preview":"max-video-preview:-1"},"canonical":"https:\/\/www.swissraft.ch\/de\/produkt\/schnupperflug-helikopter-locarno-colibri-h120\/","og_locale":"de_DE","og_type":"article","og_title":"Schnupperflug mit H120 Colibri ab Locarno. Sehr leiser Helikopter","og_description":"Schnupperflug mit Colibri H120 in Locarno. Sie sitzen am Steuer Ihres Colibri H120 Hubschraubers mit einem hochqualifizierten Fluglehrer an Ihrer Seite","og_url":"https:\/\/www.swissraft.ch\/de\/produkt\/schnupperflug-helikopter-locarno-colibri-h120\/","og_site_name":"Swissraft","article_modified_time":"2026-05-02T21:48:01+00:00","og_image":[{"width":776,"height":776,"url":"https:\/\/www.swissraft.ch\/wp-content\/uploads\/2024\/01\/Colibri-H120-776x776-5.jpg","type":"image\/jpeg"}],"twitter_card":"summary_large_image","twitter_misc":{"Gesch\u00e4tzte Lesezeit":"1\u00a0Minute"},"schema":{"@context":"https:\/\/schema.org","@graph":[{"@type":"WebPage","@id":"https:\/\/www.swissraft.ch\/de\/produkt\/schnupperflug-helikopter-locarno-colibri-h120\/","url":"https:\/\/www.swissraft.ch\/de\/produkt\/schnupperflug-helikopter-locarno-colibri-h120\/","name":"Schnupperflug mit H120 Colibri ab Locarno. Sehr leiser Helikopter","isPartOf":{"@id":"https:\/\/www.swissraft.ch\/de\/#website"},"primaryImageOfPage":{"@id":"https:\/\/www.swissraft.ch\/de\/produkt\/schnupperflug-helikopter-locarno-colibri-h120\/#primaryimage"},"image":{"@id":"https:\/\/www.swissraft.ch\/de\/produkt\/schnupperflug-helikopter-locarno-colibri-h120\/#primaryimage"},"thumbnailUrl":"https:\/\/www.swissraft.ch\/wp-content\/uploads\/2024\/01\/Colibri-H120-776x776-5.jpg","datePublished":"2024-01-08T00:19:51+00:00","dateModified":"2026-05-02T21:48:01+00:00","description":"Schnupperflug mit Colibri H120 in Locarno. Sie sitzen am Steuer Ihres Colibri H120 Hubschraubers mit einem hochqualifizierten Fluglehrer an Ihrer Seite","breadcrumb":{"@id":"https:\/\/www.swissraft.ch\/de\/produkt\/schnupperflug-helikopter-locarno-colibri-h120\/#breadcrumb"},"inLanguage":"de","potentialAction":[{"@type":"ReadAction","target":["https:\/\/www.swissraft.ch\/de\/produkt\/schnupperflug-helikopter-locarno-colibri-h120\/"]}]},{"@type":"ImageObject","inLanguage":"de","@id":"https:\/\/www.swissraft.ch\/de\/produkt\/schnupperflug-helikopter-locarno-colibri-h120\/#primaryimage","url":"https:\/\/www.swissraft.ch\/wp-content\/uploads\/2024\/01\/Colibri-H120-776x776-5.jpg","contentUrl":"https:\/\/www.swissraft.ch\/wp-content\/uploads\/2024\/01\/Colibri-H120-776x776-5.jpg","width":776,"height":776,"caption":"Einf\u00fchrung in das Fliegen eines Colibri H120 von Locarno aus"},{"@type":"BreadcrumbList","@id":"https:\/\/www.swissraft.ch\/de\/produkt\/schnupperflug-helikopter-locarno-colibri-h120\/#breadcrumb","itemListElement":[{"@type":"ListItem","position":1,"name":"Accueil","item":"https:\/\/www.swissraft.ch\/de\/"},{"@type":"ListItem","position":2,"name":"Shop","item":"https:\/\/www.swissraft.ch\/de\/shop\/"},{"@type":"ListItem","position":3,"name":"Schnupperflug &#8211; Helikopter &#8211; Locarno &#8211; Colibri H120 &#8211; Ab CHF 830.00"}]},{"@type":"WebSite","@id":"https:\/\/www.swissraft.ch\/de\/#website","url":"https:\/\/www.swissraft.ch\/de\/","name":"Swissraft","description":"To enjoy nature as it is","publisher":{"@id":"https:\/\/www.swissraft.ch\/de\/#organization"},"potentialAction":[{"@type":"SearchAction","target":{"@type":"EntryPoint","urlTemplate":"https:\/\/www.swissraft.ch\/de\/?s={search_term_string}"},"query-input":{"@type":"PropertyValueSpecification","valueRequired":true,"valueName":"search_term_string"}}],"inLanguage":"de"},{"@type":"Organization","@id":"https:\/\/www.swissraft.ch\/de\/#organization","name":"Swissraft","url":"https:\/\/www.swissraft.ch\/de\/","logo":{"@type":"ImageObject","inLanguage":"de","@id":"https:\/\/www.swissraft.ch\/de\/#\/schema\/logo\/image\/","url":"https:\/\/www.swissraft.ch\/wp-content\/uploads\/2025\/09\/Capture.jpg","contentUrl":"https:\/\/www.swissraft.ch\/wp-content\/uploads\/2025\/09\/Capture.jpg","width":293,"height":108,"caption":"Swissraft"},"image":{"@id":"https:\/\/www.swissraft.ch\/de\/#\/schema\/logo\/image\/"}}]}},"_links":{"self":[{"href":"https:\/\/www.swissraft.ch\/de\/wp-json\/wp\/v2\/product\/91246","targetHints":{"allow":["GET"]}}],"collection":[{"href":"https:\/\/www.swissraft.ch\/de\/wp-json\/wp\/v2\/product"}],"about":[{"href":"https:\/\/www.swissraft.ch\/de\/wp-json\/wp\/v2\/types\/product"}],"replies":[{"embeddable":true,"href":"https:\/\/www.swissraft.ch\/de\/wp-json\/wp\/v2\/comments?post=91246"}],"version-history":[{"count":13,"href":"https:\/\/www.swissraft.ch\/de\/wp-json\/wp\/v2\/product\/91246\/revisions"}],"predecessor-version":[{"id":143272,"href":"https:\/\/www.swissraft.ch\/de\/wp-json\/wp\/v2\/product\/91246\/revisions\/143272"}],"wp:featuredmedia":[{"embeddable":true,"href":"https:\/\/www.swissraft.ch\/de\/wp-json\/wp\/v2\/media\/89338"}],"wp:attachment":[{"href":"https:\/\/www.swissraft.ch\/de\/wp-json\/wp\/v2\/media?parent=91246"}],"wp:term":[{"taxonomy":"product_cat","embeddable":true,"href":"https:\/\/www.swissraft.ch\/de\/wp-json\/wp\/v2\/product_cat?post=91246"},{"taxonomy":"product_tag","embeddable":true,"href":"https:\/\/www.swissraft.ch\/de\/wp-json\/wp\/v2\/product_tag?post=91246"}],"curies":[{"name":"wp","href":"https:\/\/api.w.org\/{rel}","templated":true}]}}