{"id":91245,"date":"2024-01-15T05:15:25","date_gmt":"2024-01-15T04:15:25","guid":{"rendered":"https:\/\/swissraft.xyanzkdne.eu\/product\/einfuehrung-in-einen-hubschrauber-ab-sitterdorf-robinson-r66-ab-chf-1040-00\/"},"modified":"2024-12-19T18:10:13","modified_gmt":"2024-12-19T17:10:13","slug":"schnupperflug-helikopter-sitterdorf-robinson-r66","status":"publish","type":"product","link":"https:\/\/www.swissraft.ch\/de\/produkt\/schnupperflug-helikopter-sitterdorf-robinson-r66\/","title":{"rendered":"Schnupperflug mit einem Helikopter ab SITTERDORF &#8211; ROBINSON R66 &#8211; Ab CHF 1&#8217;040.00"},"content":{"rendered":"\t\t<div data-elementor-type=\"wp-post\" data-elementor-id=\"91245\" class=\"elementor elementor-91245 elementor-56842\">\n\t\t\t\t\t\t\t\t\t<section class=\"elementor-section elementor-top-section elementor-element elementor-element-3303a7e3 elementor-section-boxed elementor-section-height-default elementor-section-height-default\" data-id=\"3303a7e3\" data-element_type=\"section\">\n\t\t\t\t\t\t<div class=\"elementor-container elementor-column-gap-default\">\n\t\t\t\t\t<div class=\"elementor-column elementor-col-100 elementor-top-column elementor-element elementor-element-16d72dbf\" data-id=\"16d72dbf\" data-element_type=\"column\">\n\t\t\t<div class=\"elementor-widget-wrap elementor-element-populated\">\n\t\t\t\t\t\t\t\t<div class=\"elementor-element elementor-element-d743c03 elementor-widget elementor-widget-text-editor\" data-id=\"d743c03\" data-element_type=\"widget\" data-widget_type=\"text-editor.default\">\n\t\t\t\t<div class=\"elementor-widget-container\">\n\t\t\t\t\t\t\t<h2>W\u00c4HLEN SIE UNTEN IHRE AKTIVIT\u00c4T AUS, UM GESCHENKGUTSCHEINE \/ TICKETS ZU VERSCHENKEN ODER ZU BUCHEN.<\/h2><table border=\"0\" width=\"580\" cellspacing=\"10\" cellpadding=\"10\"><tbody><tr><td width=\"50%\"><strong>1) SCHNUPPERFLUG MIT DER ROBINSON R66 &#8211; 1 SCH\u00dcLER &#8211; Ab 45 Min.<\/strong><\/td><td><strong>Ab CHF 1&#8217;040.00 pro Flug<span class=\"productPrice\"><br \/><\/span><\/strong><\/td><\/tr><tr><td>Weitere Informationen<\/td><td>&#8211; Sie haben den Helikopter exklusiv f\u00fcr sich<br \/>&#8211; Sie bestimmen das Datum und die Uhrzeit des Abflugs<br \/>&#8211; Maximal 1 Pers.<\/td><\/tr><tr><td>Flugplatz<\/td><td><a href=\"https:\/\/www.google.com\/maps\/place\/47%C2%B030'37.4%22N+9%C2%B015'44.9%22E\/@47.5107092,9.2532447,1525m\/data=!3m1!1e3!4m4!3m3!8m2!3d47.5103889!4d9.2624722?entry=ttu\" target=\"_blank\" rel=\"noopener\">Sitterdorf<\/a><\/td><\/tr><tr><td>Flugzeit nach Wahl<\/td><td>45 \/ 60 \/ 90 Min.<\/td><\/tr><tr><td>Gesamtdauer<\/td><td>ca. 1,5 bis 2,15 Std. abh\u00e4ngig von der Anzahl der Minuten<\/td><\/tr><tr><td>Terminvereinbarung<\/td><td>Per Telefon<\/td><\/tr><tr><td><button class=\"elementor-button\" type=\"button\"><a href=\"https:\/\/swissraft.outdoorbooking.ch\/fo\/products\/841?base_id=171&amp;category_id=4&amp;order_type=gift_voucher&amp;lang=de\" target=\"_blank\" rel=\"noopener\">GUTSCHEIN KAUFEN<\/a><\/button><\/td><td><strong>CHF 1&#8217;040.00 &#8211; 45 Min. Flugzeit <\/strong><\/td><\/tr><tr><td><button class=\"elementor-button\" type=\"button\"><a href=\"https:\/\/swissraft.outdoorbooking.ch\/fo\/products\/844?base_id=171&amp;category_id=4&amp;order_type=gift_voucher&amp;lang=de\" target=\"_blank\" rel=\"noopener\">GUTSCHEIN KAUFEN<\/a><\/button><\/td><td><strong>CHF 1&#8217;250.00 &#8211; 60 Min. Flugzeit <\/strong><\/td><\/tr><tr><td><button class=\"elementor-button\" type=\"button\"><a href=\"https:\/\/swissraft.outdoorbooking.ch\/fo\/products\/847?base_id=171&amp;category_id=4&amp;order_type=gift_voucher&amp;lang=de\" target=\"_blank\" rel=\"noopener\">GUTSCHEIN KAUFEN<\/a><\/button><\/td><td><strong>CHF 1&#8217;950.00 &#8211; 90 Min. Flugzeit <\/strong><\/td><\/tr><tr><td>\u00a0<\/td><td>Um zu buchen : <span class=\"patt\" style=\"font-family: inherit; font-size: inherit;\"><span class=\"plbl\"><span class=\"patt\"><a href=\"https:\/\/www.swissraft.ch\/de\/kontakt\/\">Kontaktieren Sie uns<\/a><\/span><\/span><\/span><\/td><\/tr><\/tbody><\/table><table border=\"0\" width=\"580\" cellspacing=\"10\" cellpadding=\"10\"><tbody><tr><td width=\"50%\"><strong>2) SCHNUPPERFLUG MIT DER ROBINSON R66 &#8211; 1 bis 3 PASSAGIERE.<\/strong><\/td><td><strong>CHF 150.00 pro Person<span class=\"productPrice\"><br \/><\/span><\/strong><\/td><\/tr><tr><td>Zus\u00e4tzliche Informationen<\/td><td>&#8211; Sie begleiten den Sch\u00fcler als Passagier<br \/>&#8211; Maximal 3 Passagiere<\/td><\/tr><tr><td>Flugplatz<\/td><td>Sitterdorf<\/td><\/tr><tr><td><button class=\"elementor-button\" type=\"button\"><a href=\"https:\/\/swissraft.outdoorbooking.ch\/fo\/products\/2035?base_id=171&amp;category_id=4&amp;order_type=gift_voucher&amp;lang=de\" target=\"_blank\" rel=\"noopener\">GUTSCHEIN KAUFEN<\/a><\/button><\/td><td><strong>CHF 150.00 pro Passagier<\/strong><\/td><\/tr><tr><td>\u00a0<\/td><td>Um zu buchen : <span class=\"patt\" style=\"font-family: inherit; font-size: inherit;\"><span class=\"plbl\"><span class=\"patt\"><a href=\"https:\/\/www.swissraft.ch\/de\/kontakt\/\">Kontaktieren Sie uns<\/a><\/span><\/span><\/span><\/td><\/tr><\/tbody><\/table>\t\t\t\t\t\t<\/div>\n\t\t\t\t<\/div>\n\t\t\t\t\t<\/div>\n\t\t<\/div>\n\t\t\t\t\t\t\t<\/div>\n\t\t<\/section>\n\t\t\t\t\t\t\t<\/div>\n\t\t","protected":false},"excerpt":{"rendered":"<div align=\"justify\">\n<h2 align=\"justify\">Vom Flugplatz Sitterdorf aus k\u00f6nnen Sie eine Einf\u00fchrung in den ROBINSON R66, einen leistungsf\u00e4higen Hubschrauber, w\u00e4hlen.<\/h2>\n<h3>Mit dem ROBINSON R66 k\u00f6nnen Sie bis zu 3 Passagiere einladen, an diesem Abenteuer teilzunehmen und die Landschaft zu genie\u00dfen.<\/h3>\n<\/div>\n<div align=\"justify\">\n<p>Es wird ein aufregendes Abenteuer, wenn Sie in den Hubschrauber steigen. Der Fluglehrer weist Ihnen den rechten Sitz zu, der normalerweise f\u00fcr den Piloten reserviert ist. Dann erkl\u00e4rt er Ihnen geduldig das Armaturenbrett und f\u00fchrt Sie in jedes einzelne Zifferblatt ein. Die Rotordrehzahl steigt auf 395 U\/min. Nachdem Sie vom Tower die Starterlaubnis erhalten haben, bet\u00e4tigen Sie sanft den allgemeinen Pitch nach oben. Ihr Flug beginnt mit einem Schwebeflug, ein einzigartiges Gef\u00fchl. Sie sind vorsichtig und folgen aufmerksam den Ratschl\u00e4gen des Fluglehrers an Ihrer Seite, der jederzeit bereit ist, mit doppelter Kontrolle einzugreifen. Dies ist der Beginn eines au\u00dfergew\u00f6hnlichen Abenteuers im Himmel. Bitte z\u00f6gern Sie nicht, uns zu kontaktieren, wenn Sie Fragen zum Hubschrauberfliegen in Sitterdorf haben. Wir sind hier, um alle Ihre Fragen zu beantworten.<\/p>\n<p id=\"textarea\" style=\"display: none;\">\nEntdecken Sie die Einf\u00fchrung in das Fliegen vom internationalen Flughafen Bern-Belp aus. Das Abenteuer erstreckt sich auch von \u00c9pagny im Greyerzerland im Kanton Freiburg aus. Aber auch von den Flugpl\u00e4tzen Fehraltorf im Kanton Z\u00fcrich und Buttwil im Aargau. Ebenso haben wir Lotsendienste aus Grenchen im Kanton Solothurn und Pfaffnau im Kanton Luzern \u00fcbernommen. Sowie in Liechtenstein, wo die Einf\u00fchrung in die Fliegerei auf dem Hubschrauberlandeplatz Balzers stattfindet. Graub\u00fcnden ist auch nicht zu verachten und bietet M\u00f6glichkeiten von den Heliports in Samedan, St. Moritz und Untervaz. Erleben Sie die Welt der Luftfahrt bei einer Einf\u00fchrung im Tessin von den Flugpl\u00e4tzen Lodrino und Locarno aus.\n<\/p>\n<p><a id=\"seeMore\" onclick=\"toggleSeeMore()\" href=\"javascript:void(0);\">Lesen Sie mehr<\/a><\/p>\n","protected":false},"featured_media":89407,"comment_status":"open","ping_status":"closed","template":"","meta":{"inline_featured_image":false,"_mi_skip_tracking":false},"product_cat":[277,278,266],"product_tag":[],"class_list":["post-91245","product","type-product","status-publish","has-post-thumbnail","hentry","product_cat-schnupperflug-helikopter","product_cat-helikopter-sitterdorf","product_cat-schnupperflug-in-der-schweiz-selbst-fliegen"],"yoast_head":"<!-- This site is optimized with the Yoast SEO plugin v23.6 - https:\/\/yoast.com\/wordpress\/plugins\/seo\/ -->\n<title>Schnupperflug mit der Robinson R66 ab Sitterdorf<\/title>\n<meta name=\"description\" content=\"Schnupperflug mit der Robinson R66 ab Sitterdorf. Sie steuern Ihren Helikopter Robinson R66 und werden w\u00e4hrend des Fluges von Ihrem Fluglehrer betreut.\" \/>\n<meta name=\"robots\" content=\"index, follow, max-snippet:-1, max-image-preview:large, max-video-preview:-1\" \/>\n<link rel=\"canonical\" href=\"https:\/\/www.swissraft.ch\/de\/produkt\/schnupperflug-helikopter-sitterdorf-robinson-r66\/\" \/>\n<meta property=\"og:locale\" content=\"de_DE\" \/>\n<meta property=\"og:type\" content=\"article\" \/>\n<meta property=\"og:title\" content=\"Schnupperflug mit der Robinson R66 ab Sitterdorf\" \/>\n<meta property=\"og:description\" content=\"Schnupperflug mit der Robinson R66 ab Sitterdorf. Sie steuern Ihren Helikopter Robinson R66 und werden w\u00e4hrend des Fluges von Ihrem Fluglehrer betreut.\" \/>\n<meta property=\"og:url\" content=\"https:\/\/www.swissraft.ch\/de\/produkt\/schnupperflug-helikopter-sitterdorf-robinson-r66\/\" \/>\n<meta property=\"og:site_name\" content=\"Swissraft\" \/>\n<meta property=\"article:modified_time\" content=\"2024-12-19T17:10:13+00:00\" \/>\n<meta property=\"og:image\" content=\"https:\/\/www.swissraft.ch\/wp-content\/uploads\/2024\/01\/3-ROBINSON-R66-776x776-2.jpg\" \/>\n\t<meta property=\"og:image:width\" content=\"776\" \/>\n\t<meta property=\"og:image:height\" content=\"776\" \/>\n\t<meta property=\"og:image:type\" content=\"image\/jpeg\" \/>\n<meta name=\"twitter:card\" content=\"summary_large_image\" \/>\n<meta name=\"twitter:label1\" content=\"Gesch\u00e4tzte Lesezeit\" \/>\n\t<meta name=\"twitter:data1\" content=\"1\u00a0Minute\" \/>\n<script type=\"application\/ld+json\" class=\"yoast-schema-graph\">{\"@context\":\"https:\/\/schema.org\",\"@graph\":[{\"@type\":\"WebPage\",\"@id\":\"https:\/\/www.swissraft.ch\/de\/produkt\/schnupperflug-helikopter-sitterdorf-robinson-r66\/\",\"url\":\"https:\/\/www.swissraft.ch\/de\/produkt\/schnupperflug-helikopter-sitterdorf-robinson-r66\/\",\"name\":\"Schnupperflug mit der Robinson R66 ab Sitterdorf\",\"isPartOf\":{\"@id\":\"https:\/\/www.swissraft.ch\/de\/#website\"},\"primaryImageOfPage\":{\"@id\":\"https:\/\/www.swissraft.ch\/de\/produkt\/schnupperflug-helikopter-sitterdorf-robinson-r66\/#primaryimage\"},\"image\":{\"@id\":\"https:\/\/www.swissraft.ch\/de\/produkt\/schnupperflug-helikopter-sitterdorf-robinson-r66\/#primaryimage\"},\"thumbnailUrl\":\"https:\/\/www.swissraft.ch\/wp-content\/uploads\/2024\/01\/3-ROBINSON-R66-776x776-2.jpg\",\"datePublished\":\"2024-01-15T04:15:25+00:00\",\"dateModified\":\"2024-12-19T17:10:13+00:00\",\"description\":\"Schnupperflug mit der Robinson R66 ab Sitterdorf. Sie steuern Ihren Helikopter Robinson R66 und werden w\u00e4hrend des Fluges von Ihrem Fluglehrer betreut.\",\"breadcrumb\":{\"@id\":\"https:\/\/www.swissraft.ch\/de\/produkt\/schnupperflug-helikopter-sitterdorf-robinson-r66\/#breadcrumb\"},\"inLanguage\":\"de\",\"potentialAction\":[{\"@type\":\"ReadAction\",\"target\":[\"https:\/\/www.swissraft.ch\/de\/produkt\/schnupperflug-helikopter-sitterdorf-robinson-r66\/\"]}]},{\"@type\":\"ImageObject\",\"inLanguage\":\"de\",\"@id\":\"https:\/\/www.swissraft.ch\/de\/produkt\/schnupperflug-helikopter-sitterdorf-robinson-r66\/#primaryimage\",\"url\":\"https:\/\/www.swissraft.ch\/wp-content\/uploads\/2024\/01\/3-ROBINSON-R66-776x776-2.jpg\",\"contentUrl\":\"https:\/\/www.swissraft.ch\/wp-content\/uploads\/2024\/01\/3-ROBINSON-R66-776x776-2.jpg\",\"width\":776,\"height\":776,\"caption\":\"Einf\u00fchrung in das Fliegen auf Robinson R66 von Sitterdorf aus\"},{\"@type\":\"BreadcrumbList\",\"@id\":\"https:\/\/www.swissraft.ch\/de\/produkt\/schnupperflug-helikopter-sitterdorf-robinson-r66\/#breadcrumb\",\"itemListElement\":[{\"@type\":\"ListItem\",\"position\":1,\"name\":\"Accueil\",\"item\":\"https:\/\/www.swissraft.ch\/de\/\"},{\"@type\":\"ListItem\",\"position\":2,\"name\":\"Shop\",\"item\":\"https:\/\/www.swissraft.ch\/de\/shop\/\"},{\"@type\":\"ListItem\",\"position\":3,\"name\":\"Schnupperflug mit einem Helikopter ab SITTERDORF &#8211; ROBINSON R66 &#8211; Ab CHF 1&#8217;040.00\"}]},{\"@type\":\"WebSite\",\"@id\":\"https:\/\/www.swissraft.ch\/de\/#website\",\"url\":\"https:\/\/www.swissraft.ch\/de\/\",\"name\":\"Swissraft\",\"description\":\"To enjoy nature as it is\",\"publisher\":{\"@id\":\"https:\/\/www.swissraft.ch\/de\/#organization\"},\"potentialAction\":[{\"@type\":\"SearchAction\",\"target\":{\"@type\":\"EntryPoint\",\"urlTemplate\":\"https:\/\/www.swissraft.ch\/de\/?s={search_term_string}\"},\"query-input\":{\"@type\":\"PropertyValueSpecification\",\"valueRequired\":true,\"valueName\":\"search_term_string\"}}],\"inLanguage\":\"de\"},{\"@type\":\"Organization\",\"@id\":\"https:\/\/www.swissraft.ch\/de\/#organization\",\"name\":\"Swissraft\",\"url\":\"https:\/\/www.swissraft.ch\/de\/\",\"logo\":{\"@type\":\"ImageObject\",\"inLanguage\":\"de\",\"@id\":\"https:\/\/www.swissraft.ch\/de\/#\/schema\/logo\/image\/\",\"url\":\"https:\/\/www.swissraft.ch\/wp-content\/uploads\/2025\/09\/Capture.jpg\",\"contentUrl\":\"https:\/\/www.swissraft.ch\/wp-content\/uploads\/2025\/09\/Capture.jpg\",\"width\":293,\"height\":108,\"caption\":\"Swissraft\"},\"image\":{\"@id\":\"https:\/\/www.swissraft.ch\/de\/#\/schema\/logo\/image\/\"}}]}<\/script>\n<!-- \/ Yoast SEO plugin. -->","yoast_head_json":{"title":"Schnupperflug mit der Robinson R66 ab Sitterdorf","description":"Schnupperflug mit der Robinson R66 ab Sitterdorf. Sie steuern Ihren Helikopter Robinson R66 und werden w\u00e4hrend des Fluges von Ihrem Fluglehrer betreut.","robots":{"index":"index","follow":"follow","max-snippet":"max-snippet:-1","max-image-preview":"max-image-preview:large","max-video-preview":"max-video-preview:-1"},"canonical":"https:\/\/www.swissraft.ch\/de\/produkt\/schnupperflug-helikopter-sitterdorf-robinson-r66\/","og_locale":"de_DE","og_type":"article","og_title":"Schnupperflug mit der Robinson R66 ab Sitterdorf","og_description":"Schnupperflug mit der Robinson R66 ab Sitterdorf. Sie steuern Ihren Helikopter Robinson R66 und werden w\u00e4hrend des Fluges von Ihrem Fluglehrer betreut.","og_url":"https:\/\/www.swissraft.ch\/de\/produkt\/schnupperflug-helikopter-sitterdorf-robinson-r66\/","og_site_name":"Swissraft","article_modified_time":"2024-12-19T17:10:13+00:00","og_image":[{"width":776,"height":776,"url":"https:\/\/www.swissraft.ch\/wp-content\/uploads\/2024\/01\/3-ROBINSON-R66-776x776-2.jpg","type":"image\/jpeg"}],"twitter_card":"summary_large_image","twitter_misc":{"Gesch\u00e4tzte Lesezeit":"1\u00a0Minute"},"schema":{"@context":"https:\/\/schema.org","@graph":[{"@type":"WebPage","@id":"https:\/\/www.swissraft.ch\/de\/produkt\/schnupperflug-helikopter-sitterdorf-robinson-r66\/","url":"https:\/\/www.swissraft.ch\/de\/produkt\/schnupperflug-helikopter-sitterdorf-robinson-r66\/","name":"Schnupperflug mit der Robinson R66 ab Sitterdorf","isPartOf":{"@id":"https:\/\/www.swissraft.ch\/de\/#website"},"primaryImageOfPage":{"@id":"https:\/\/www.swissraft.ch\/de\/produkt\/schnupperflug-helikopter-sitterdorf-robinson-r66\/#primaryimage"},"image":{"@id":"https:\/\/www.swissraft.ch\/de\/produkt\/schnupperflug-helikopter-sitterdorf-robinson-r66\/#primaryimage"},"thumbnailUrl":"https:\/\/www.swissraft.ch\/wp-content\/uploads\/2024\/01\/3-ROBINSON-R66-776x776-2.jpg","datePublished":"2024-01-15T04:15:25+00:00","dateModified":"2024-12-19T17:10:13+00:00","description":"Schnupperflug mit der Robinson R66 ab Sitterdorf. Sie steuern Ihren Helikopter Robinson R66 und werden w\u00e4hrend des Fluges von Ihrem Fluglehrer betreut.","breadcrumb":{"@id":"https:\/\/www.swissraft.ch\/de\/produkt\/schnupperflug-helikopter-sitterdorf-robinson-r66\/#breadcrumb"},"inLanguage":"de","potentialAction":[{"@type":"ReadAction","target":["https:\/\/www.swissraft.ch\/de\/produkt\/schnupperflug-helikopter-sitterdorf-robinson-r66\/"]}]},{"@type":"ImageObject","inLanguage":"de","@id":"https:\/\/www.swissraft.ch\/de\/produkt\/schnupperflug-helikopter-sitterdorf-robinson-r66\/#primaryimage","url":"https:\/\/www.swissraft.ch\/wp-content\/uploads\/2024\/01\/3-ROBINSON-R66-776x776-2.jpg","contentUrl":"https:\/\/www.swissraft.ch\/wp-content\/uploads\/2024\/01\/3-ROBINSON-R66-776x776-2.jpg","width":776,"height":776,"caption":"Einf\u00fchrung in das Fliegen auf Robinson R66 von Sitterdorf aus"},{"@type":"BreadcrumbList","@id":"https:\/\/www.swissraft.ch\/de\/produkt\/schnupperflug-helikopter-sitterdorf-robinson-r66\/#breadcrumb","itemListElement":[{"@type":"ListItem","position":1,"name":"Accueil","item":"https:\/\/www.swissraft.ch\/de\/"},{"@type":"ListItem","position":2,"name":"Shop","item":"https:\/\/www.swissraft.ch\/de\/shop\/"},{"@type":"ListItem","position":3,"name":"Schnupperflug mit einem Helikopter ab SITTERDORF &#8211; ROBINSON R66 &#8211; Ab CHF 1&#8217;040.00"}]},{"@type":"WebSite","@id":"https:\/\/www.swissraft.ch\/de\/#website","url":"https:\/\/www.swissraft.ch\/de\/","name":"Swissraft","description":"To enjoy nature as it is","publisher":{"@id":"https:\/\/www.swissraft.ch\/de\/#organization"},"potentialAction":[{"@type":"SearchAction","target":{"@type":"EntryPoint","urlTemplate":"https:\/\/www.swissraft.ch\/de\/?s={search_term_string}"},"query-input":{"@type":"PropertyValueSpecification","valueRequired":true,"valueName":"search_term_string"}}],"inLanguage":"de"},{"@type":"Organization","@id":"https:\/\/www.swissraft.ch\/de\/#organization","name":"Swissraft","url":"https:\/\/www.swissraft.ch\/de\/","logo":{"@type":"ImageObject","inLanguage":"de","@id":"https:\/\/www.swissraft.ch\/de\/#\/schema\/logo\/image\/","url":"https:\/\/www.swissraft.ch\/wp-content\/uploads\/2025\/09\/Capture.jpg","contentUrl":"https:\/\/www.swissraft.ch\/wp-content\/uploads\/2025\/09\/Capture.jpg","width":293,"height":108,"caption":"Swissraft"},"image":{"@id":"https:\/\/www.swissraft.ch\/de\/#\/schema\/logo\/image\/"}}]}},"_links":{"self":[{"href":"https:\/\/www.swissraft.ch\/de\/wp-json\/wp\/v2\/product\/91245","targetHints":{"allow":["GET"]}}],"collection":[{"href":"https:\/\/www.swissraft.ch\/de\/wp-json\/wp\/v2\/product"}],"about":[{"href":"https:\/\/www.swissraft.ch\/de\/wp-json\/wp\/v2\/types\/product"}],"replies":[{"embeddable":true,"href":"https:\/\/www.swissraft.ch\/de\/wp-json\/wp\/v2\/comments?post=91245"}],"version-history":[{"count":0,"href":"https:\/\/www.swissraft.ch\/de\/wp-json\/wp\/v2\/product\/91245\/revisions"}],"wp:featuredmedia":[{"embeddable":true,"href":"https:\/\/www.swissraft.ch\/de\/wp-json\/wp\/v2\/media\/89407"}],"wp:attachment":[{"href":"https:\/\/www.swissraft.ch\/de\/wp-json\/wp\/v2\/media?parent=91245"}],"wp:term":[{"taxonomy":"product_cat","embeddable":true,"href":"https:\/\/www.swissraft.ch\/de\/wp-json\/wp\/v2\/product_cat?post=91245"},{"taxonomy":"product_tag","embeddable":true,"href":"https:\/\/www.swissraft.ch\/de\/wp-json\/wp\/v2\/product_tag?post=91245"}],"curies":[{"name":"wp","href":"https:\/\/api.w.org\/{rel}","templated":true}]}}