{"id":91242,"date":"2024-01-08T00:29:16","date_gmt":"2024-01-07T23:29:16","guid":{"rendered":"https:\/\/swissraft.xyanzkdne.eu\/product\/einfuehrung-in-einen-hubschrauber-ab-locarno-cabri-g2-chf-550-00\/"},"modified":"2024-12-19T03:33:46","modified_gmt":"2024-12-19T02:33:46","slug":"schnupperflug-helikopter-locarno-cabri-g2","status":"publish","type":"product","link":"https:\/\/www.swissraft.ch\/de\/produkt\/schnupperflug-helikopter-locarno-cabri-g2\/","title":{"rendered":"Schnupperflug mit einem Helikopter ab LOCARNO &#8211; CABRI G2 &#8211; CHF 550.00"},"content":{"rendered":"\t\t<div data-elementor-type=\"wp-post\" data-elementor-id=\"91242\" class=\"elementor elementor-91242 elementor-56248\">\n\t\t\t\t\t\t\t\t\t<section class=\"elementor-section elementor-top-section elementor-element elementor-element-3303a7e3 elementor-section-boxed elementor-section-height-default elementor-section-height-default\" data-id=\"3303a7e3\" data-element_type=\"section\">\n\t\t\t\t\t\t<div class=\"elementor-container elementor-column-gap-default\">\n\t\t\t\t\t<div class=\"elementor-column elementor-col-100 elementor-top-column elementor-element elementor-element-16d72dbf\" data-id=\"16d72dbf\" data-element_type=\"column\">\n\t\t\t<div class=\"elementor-widget-wrap elementor-element-populated\">\n\t\t\t\t\t\t\t\t<div class=\"elementor-element elementor-element-d743c03 elementor-widget elementor-widget-text-editor\" data-id=\"d743c03\" data-element_type=\"widget\" data-widget_type=\"text-editor.default\">\n\t\t\t\t<div class=\"elementor-widget-container\">\n\t\t\t\t\t\t\t<h2>W\u00c4HLEN SIE UNTEN IHRE AKTIVIT\u00c4T AUS, UM GESCHENKGUTSCHEINE \/ TICKETS ZU VERSCHENKEN ODER ZU BUCHEN.<\/h2><table border=\"0\" width=\"580\" cellspacing=\"10\" cellpadding=\"10\"><tbody><tr><td width=\"50%\"><strong>SCHNUPPERFLUG MIT DER CABRI G2 &#8211; 1 SCH\u00dcLER &#8211; 40 Min.<\/strong><\/td><td><strong>CHF 550.00 pro Flug<span class=\"productPrice\"><br \/><\/span><\/strong><\/td><\/tr><tr><td>Weitere Informationen<\/td><td>&#8211; Sie haben den Helikopter exklusiv f\u00fcr sich<br \/>&#8211; Sie bestimmen das Datum und die Uhrzeit des Abflugs<br \/>&#8211; H\u00f6chstgewicht : 100 kg<br \/>&#8211; Maximal 1 Pers.<\/td><\/tr><tr><td>Flugplatz<\/td><td><a href=\"https:\/\/www.google.com\/maps\/place\/46%C2%B009'51.6%22N+8%C2%B052'57.2%22E\/@46.1653551,8.8644715,3127m\/data=!3m1!1e3!4m12!1m7!3m6!1s0x4785cb3732ff3a03:0xc7688bd294b9853!2sSwiss+Helicopter+Engineering+AG!8m2!3d46.1629655!4d8.8826566!16s%2Fg%2F11j10rdxvw!3m3!8m2!3d46.1643333!4d8.8825556?entry=ttu\" target=\"_blank\" rel=\"noopener\">Locarno &#8211; Gordola<\/a><\/td><\/tr><tr><td>Flugzeit<\/td><td>40 Min.<\/td><\/tr><tr><td>Gesamtdauer<\/td><td>ca. 1,5 Std.<\/td><\/tr><tr><td>Terminvereinbarung<\/td><td>Per Telefon<\/td><\/tr><tr><td><button class=\"elementor-button\" type=\"button\"><a href=\"https:\/\/swissraft.outdoorbooking.ch\/fo\/products\/777?base_id=18&amp;category_id=4&amp;order_type=gift_voucher&amp;lang=de\" target=\"_blank\" rel=\"noopener\">GUTSCHEIN KAUFEN<\/a><\/button><\/td><td>Um zu buchen : <span class=\"patt\" style=\"font-family: inherit; font-size: inherit;\"><span class=\"plbl\"><span class=\"patt\"><a href=\"https:\/\/www.swissraft.ch\/de\/kontakt\/\">Kontaktieren Sie uns<\/a><\/span><\/span><\/span><\/td><\/tr><\/tbody><\/table>\t\t\t\t\t\t<\/div>\n\t\t\t\t<\/div>\n\t\t\t\t\t<\/div>\n\t\t<\/div>\n\t\t\t\t\t\t\t<\/div>\n\t\t<\/section>\n\t\t\t\t\t\t\t<\/div>\n\t\t","protected":false},"excerpt":{"rendered":"<div align=\"justify\">\n<h2 align=\"justify\">Vom Flugplatz Locarno im Kanton Solothurn aus entscheiden Sie sich f\u00fcr eine Einf\u00fchrung auf dem CABRI G2, einem wunderbaren Hubschrauber, der durch seine Man\u00f6vrierf\u00e4higkeit besticht.<\/h2>\n<h3>Der CABRI G2 bietet Platz f\u00fcr zwei Personen und zeichnet sich dank seines Kolbenmotors durch seine au\u00dfergew\u00f6hnliche Zuverl\u00e4ssigkeit aus. Er ist nach wie vor eine der beliebtesten Optionen f\u00fcr Privatpersonen.<\/h3>\n<\/div>\n<div align=\"justify\">\n<p>Bei Ihrer Ankunft auf dem Flugplatz von Locarno werden Sie von Ihrem Fluglehrer herzlich willkommen gehei\u00dfen. Nach einer kurzen Einf\u00fchrung in den Hubschrauberflug begeben Sie sich zum Helikopter auf dem Rollfeld. Der Fluglehrer zeigt Ihnen die mechanischen Teile, die f\u00fcr einen sicheren Flug wichtig sind. Wenn Sie an Bord sind, nehmen Sie den Pilotensitz auf der rechten Seite ein. Der Fluglehrer sitzt auf der linken Seite und erkl\u00e4rt Ihnen jede einzelne Skala auf dem Armaturenbrett. Kontakt!<br \/>\nDie Startfreigabe wird erteilt, der Rotor erreicht 530 U\/min. Sie bedienen den Kollektivhebel mit Ihrer linken Hand und heben sanft in den Schwebeflug ab. Unter den wachsamen Augen Ihres Fluglehrers mit Doppelsteuerung f\u00fchren Sie verschiedene Man\u00f6ver durch.<\/p>\n<h3>Auf dem Flugplatz von Locarno bieten wir zwei Arten von Hubschraubern f\u00fcr Einf\u00fchrungen in das Fliegen an. Bitte z\u00f6gern Sie nicht, uns zu kontaktieren, wenn Sie Fragen haben.<\/h3>\n<p id=\"textarea\" style=\"display: none;\">\nWir bieten Schnupperfl\u00fcge mit dem Hubschrauber an und decken verschiedene Regionen in der Schweiz ab. Von Bern-Belp, Speck-Fehraltorf und \u00c9pagny. Sowie von Freiburg, Buttwil, Pfaffnau, Grenchen und Balzers im Liechtenstein. Wir bieten auch Einf\u00fchrungsfl\u00fcge in die Ostschweiz von Sitterdorf, St. Moritz, Untervaz und Samedan. Im Tessin k\u00f6nnen Sie unsere Fl\u00fcge von Lodrino aus nutzen. F\u00fcr weitere Informationen wenden Sie sich bitte an uns.\n<\/p>\n<p><a id=\"seeMore\" onclick=\"toggleSeeMore()\" href=\"javascript:void(0);\">Lesen Sie mehr<\/a><\/p>\n","protected":false},"featured_media":89326,"comment_status":"open","ping_status":"closed","template":"","meta":{"inline_featured_image":false,"_mi_skip_tracking":false},"product_cat":[277,283,266],"product_tag":[],"class_list":["post-91242","product","type-product","status-publish","has-post-thumbnail","hentry","product_cat-schnupperflug-helikopter","product_cat-helikopter-locarno","product_cat-schnupperflug-in-der-schweiz-selbst-fliegen"],"yoast_head":"<!-- This site is optimized with the Yoast SEO plugin v23.6 - https:\/\/yoast.com\/wordpress\/plugins\/seo\/ -->\n<title>Schnupperflug Cabri G2 ab Locarno fliegen, ohne Formalit\u00e4ten<\/title>\n<meta name=\"description\" content=\"Schnupperflug Cabri G2 von Locarno aus ohne weitere Formalit\u00e4ten. Sie \u00fcbernehmen die Steuerung eines Helikopters an der rechten Seite Ihres Fluglehrers.\" \/>\n<meta name=\"robots\" content=\"index, follow, max-snippet:-1, max-image-preview:large, max-video-preview:-1\" \/>\n<link rel=\"canonical\" href=\"https:\/\/www.swissraft.ch\/de\/produkt\/schnupperflug-helikopter-locarno-cabri-g2\/\" \/>\n<meta property=\"og:locale\" content=\"de_DE\" \/>\n<meta property=\"og:type\" content=\"article\" \/>\n<meta property=\"og:title\" content=\"Schnupperflug Cabri G2 ab Locarno fliegen, ohne Formalit\u00e4ten\" \/>\n<meta property=\"og:description\" content=\"Schnupperflug Cabri G2 von Locarno aus ohne weitere Formalit\u00e4ten. Sie \u00fcbernehmen die Steuerung eines Helikopters an der rechten Seite Ihres Fluglehrers.\" \/>\n<meta property=\"og:url\" content=\"https:\/\/www.swissraft.ch\/de\/produkt\/schnupperflug-helikopter-locarno-cabri-g2\/\" \/>\n<meta property=\"og:site_name\" content=\"Swissraft\" \/>\n<meta property=\"article:modified_time\" content=\"2024-12-19T02:33:46+00:00\" \/>\n<meta property=\"og:image\" content=\"https:\/\/www.swissraft.ch\/wp-content\/uploads\/2024\/01\/1-Cabri-G2-776x776-2.jpg\" \/>\n\t<meta property=\"og:image:width\" content=\"776\" \/>\n\t<meta property=\"og:image:height\" content=\"776\" \/>\n\t<meta property=\"og:image:type\" content=\"image\/jpeg\" \/>\n<meta name=\"twitter:card\" content=\"summary_large_image\" \/>\n<meta name=\"twitter:label1\" content=\"Gesch\u00e4tzte Lesezeit\" \/>\n\t<meta name=\"twitter:data1\" content=\"1\u00a0Minute\" \/>\n<script type=\"application\/ld+json\" class=\"yoast-schema-graph\">{\"@context\":\"https:\/\/schema.org\",\"@graph\":[{\"@type\":\"WebPage\",\"@id\":\"https:\/\/www.swissraft.ch\/de\/produkt\/schnupperflug-helikopter-locarno-cabri-g2\/\",\"url\":\"https:\/\/www.swissraft.ch\/de\/produkt\/schnupperflug-helikopter-locarno-cabri-g2\/\",\"name\":\"Schnupperflug Cabri G2 ab Locarno fliegen, ohne Formalit\u00e4ten\",\"isPartOf\":{\"@id\":\"https:\/\/www.swissraft.ch\/de\/#website\"},\"primaryImageOfPage\":{\"@id\":\"https:\/\/www.swissraft.ch\/de\/produkt\/schnupperflug-helikopter-locarno-cabri-g2\/#primaryimage\"},\"image\":{\"@id\":\"https:\/\/www.swissraft.ch\/de\/produkt\/schnupperflug-helikopter-locarno-cabri-g2\/#primaryimage\"},\"thumbnailUrl\":\"https:\/\/www.swissraft.ch\/wp-content\/uploads\/2024\/01\/1-Cabri-G2-776x776-2.jpg\",\"datePublished\":\"2024-01-07T23:29:16+00:00\",\"dateModified\":\"2024-12-19T02:33:46+00:00\",\"description\":\"Schnupperflug Cabri G2 von Locarno aus ohne weitere Formalit\u00e4ten. Sie \u00fcbernehmen die Steuerung eines Helikopters an der rechten Seite Ihres Fluglehrers.\",\"breadcrumb\":{\"@id\":\"https:\/\/www.swissraft.ch\/de\/produkt\/schnupperflug-helikopter-locarno-cabri-g2\/#breadcrumb\"},\"inLanguage\":\"de\",\"potentialAction\":[{\"@type\":\"ReadAction\",\"target\":[\"https:\/\/www.swissraft.ch\/de\/produkt\/schnupperflug-helikopter-locarno-cabri-g2\/\"]}]},{\"@type\":\"ImageObject\",\"inLanguage\":\"de\",\"@id\":\"https:\/\/www.swissraft.ch\/de\/produkt\/schnupperflug-helikopter-locarno-cabri-g2\/#primaryimage\",\"url\":\"https:\/\/www.swissraft.ch\/wp-content\/uploads\/2024\/01\/1-Cabri-G2-776x776-2.jpg\",\"contentUrl\":\"https:\/\/www.swissraft.ch\/wp-content\/uploads\/2024\/01\/1-Cabri-G2-776x776-2.jpg\",\"width\":776,\"height\":776,\"caption\":\"Einf\u00fchrung in das Fahren eines Cabri G2 von Locarno aus\"},{\"@type\":\"BreadcrumbList\",\"@id\":\"https:\/\/www.swissraft.ch\/de\/produkt\/schnupperflug-helikopter-locarno-cabri-g2\/#breadcrumb\",\"itemListElement\":[{\"@type\":\"ListItem\",\"position\":1,\"name\":\"Accueil\",\"item\":\"https:\/\/www.swissraft.ch\/de\/\"},{\"@type\":\"ListItem\",\"position\":2,\"name\":\"Shop\",\"item\":\"https:\/\/www.swissraft.ch\/de\/shop\/\"},{\"@type\":\"ListItem\",\"position\":3,\"name\":\"Schnupperflug mit einem Helikopter ab LOCARNO &#8211; CABRI G2 &#8211; CHF 550.00\"}]},{\"@type\":\"WebSite\",\"@id\":\"https:\/\/www.swissraft.ch\/de\/#website\",\"url\":\"https:\/\/www.swissraft.ch\/de\/\",\"name\":\"Swissraft\",\"description\":\"To enjoy nature as it is\",\"publisher\":{\"@id\":\"https:\/\/www.swissraft.ch\/de\/#organization\"},\"potentialAction\":[{\"@type\":\"SearchAction\",\"target\":{\"@type\":\"EntryPoint\",\"urlTemplate\":\"https:\/\/www.swissraft.ch\/de\/?s={search_term_string}\"},\"query-input\":{\"@type\":\"PropertyValueSpecification\",\"valueRequired\":true,\"valueName\":\"search_term_string\"}}],\"inLanguage\":\"de\"},{\"@type\":\"Organization\",\"@id\":\"https:\/\/www.swissraft.ch\/de\/#organization\",\"name\":\"Swissraft\",\"url\":\"https:\/\/www.swissraft.ch\/de\/\",\"logo\":{\"@type\":\"ImageObject\",\"inLanguage\":\"de\",\"@id\":\"https:\/\/www.swissraft.ch\/de\/#\/schema\/logo\/image\/\",\"url\":\"https:\/\/www.swissraft.ch\/wp-content\/uploads\/2025\/09\/Capture.jpg\",\"contentUrl\":\"https:\/\/www.swissraft.ch\/wp-content\/uploads\/2025\/09\/Capture.jpg\",\"width\":293,\"height\":108,\"caption\":\"Swissraft\"},\"image\":{\"@id\":\"https:\/\/www.swissraft.ch\/de\/#\/schema\/logo\/image\/\"}}]}<\/script>\n<!-- \/ Yoast SEO plugin. -->","yoast_head_json":{"title":"Schnupperflug Cabri G2 ab Locarno fliegen, ohne Formalit\u00e4ten","description":"Schnupperflug Cabri G2 von Locarno aus ohne weitere Formalit\u00e4ten. Sie \u00fcbernehmen die Steuerung eines Helikopters an der rechten Seite Ihres Fluglehrers.","robots":{"index":"index","follow":"follow","max-snippet":"max-snippet:-1","max-image-preview":"max-image-preview:large","max-video-preview":"max-video-preview:-1"},"canonical":"https:\/\/www.swissraft.ch\/de\/produkt\/schnupperflug-helikopter-locarno-cabri-g2\/","og_locale":"de_DE","og_type":"article","og_title":"Schnupperflug Cabri G2 ab Locarno fliegen, ohne Formalit\u00e4ten","og_description":"Schnupperflug Cabri G2 von Locarno aus ohne weitere Formalit\u00e4ten. Sie \u00fcbernehmen die Steuerung eines Helikopters an der rechten Seite Ihres Fluglehrers.","og_url":"https:\/\/www.swissraft.ch\/de\/produkt\/schnupperflug-helikopter-locarno-cabri-g2\/","og_site_name":"Swissraft","article_modified_time":"2024-12-19T02:33:46+00:00","og_image":[{"width":776,"height":776,"url":"https:\/\/www.swissraft.ch\/wp-content\/uploads\/2024\/01\/1-Cabri-G2-776x776-2.jpg","type":"image\/jpeg"}],"twitter_card":"summary_large_image","twitter_misc":{"Gesch\u00e4tzte Lesezeit":"1\u00a0Minute"},"schema":{"@context":"https:\/\/schema.org","@graph":[{"@type":"WebPage","@id":"https:\/\/www.swissraft.ch\/de\/produkt\/schnupperflug-helikopter-locarno-cabri-g2\/","url":"https:\/\/www.swissraft.ch\/de\/produkt\/schnupperflug-helikopter-locarno-cabri-g2\/","name":"Schnupperflug Cabri G2 ab Locarno fliegen, ohne Formalit\u00e4ten","isPartOf":{"@id":"https:\/\/www.swissraft.ch\/de\/#website"},"primaryImageOfPage":{"@id":"https:\/\/www.swissraft.ch\/de\/produkt\/schnupperflug-helikopter-locarno-cabri-g2\/#primaryimage"},"image":{"@id":"https:\/\/www.swissraft.ch\/de\/produkt\/schnupperflug-helikopter-locarno-cabri-g2\/#primaryimage"},"thumbnailUrl":"https:\/\/www.swissraft.ch\/wp-content\/uploads\/2024\/01\/1-Cabri-G2-776x776-2.jpg","datePublished":"2024-01-07T23:29:16+00:00","dateModified":"2024-12-19T02:33:46+00:00","description":"Schnupperflug Cabri G2 von Locarno aus ohne weitere Formalit\u00e4ten. Sie \u00fcbernehmen die Steuerung eines Helikopters an der rechten Seite Ihres Fluglehrers.","breadcrumb":{"@id":"https:\/\/www.swissraft.ch\/de\/produkt\/schnupperflug-helikopter-locarno-cabri-g2\/#breadcrumb"},"inLanguage":"de","potentialAction":[{"@type":"ReadAction","target":["https:\/\/www.swissraft.ch\/de\/produkt\/schnupperflug-helikopter-locarno-cabri-g2\/"]}]},{"@type":"ImageObject","inLanguage":"de","@id":"https:\/\/www.swissraft.ch\/de\/produkt\/schnupperflug-helikopter-locarno-cabri-g2\/#primaryimage","url":"https:\/\/www.swissraft.ch\/wp-content\/uploads\/2024\/01\/1-Cabri-G2-776x776-2.jpg","contentUrl":"https:\/\/www.swissraft.ch\/wp-content\/uploads\/2024\/01\/1-Cabri-G2-776x776-2.jpg","width":776,"height":776,"caption":"Einf\u00fchrung in das Fahren eines Cabri G2 von Locarno aus"},{"@type":"BreadcrumbList","@id":"https:\/\/www.swissraft.ch\/de\/produkt\/schnupperflug-helikopter-locarno-cabri-g2\/#breadcrumb","itemListElement":[{"@type":"ListItem","position":1,"name":"Accueil","item":"https:\/\/www.swissraft.ch\/de\/"},{"@type":"ListItem","position":2,"name":"Shop","item":"https:\/\/www.swissraft.ch\/de\/shop\/"},{"@type":"ListItem","position":3,"name":"Schnupperflug mit einem Helikopter ab LOCARNO &#8211; CABRI G2 &#8211; CHF 550.00"}]},{"@type":"WebSite","@id":"https:\/\/www.swissraft.ch\/de\/#website","url":"https:\/\/www.swissraft.ch\/de\/","name":"Swissraft","description":"To enjoy nature as it is","publisher":{"@id":"https:\/\/www.swissraft.ch\/de\/#organization"},"potentialAction":[{"@type":"SearchAction","target":{"@type":"EntryPoint","urlTemplate":"https:\/\/www.swissraft.ch\/de\/?s={search_term_string}"},"query-input":{"@type":"PropertyValueSpecification","valueRequired":true,"valueName":"search_term_string"}}],"inLanguage":"de"},{"@type":"Organization","@id":"https:\/\/www.swissraft.ch\/de\/#organization","name":"Swissraft","url":"https:\/\/www.swissraft.ch\/de\/","logo":{"@type":"ImageObject","inLanguage":"de","@id":"https:\/\/www.swissraft.ch\/de\/#\/schema\/logo\/image\/","url":"https:\/\/www.swissraft.ch\/wp-content\/uploads\/2025\/09\/Capture.jpg","contentUrl":"https:\/\/www.swissraft.ch\/wp-content\/uploads\/2025\/09\/Capture.jpg","width":293,"height":108,"caption":"Swissraft"},"image":{"@id":"https:\/\/www.swissraft.ch\/de\/#\/schema\/logo\/image\/"}}]}},"_links":{"self":[{"href":"https:\/\/www.swissraft.ch\/de\/wp-json\/wp\/v2\/product\/91242","targetHints":{"allow":["GET"]}}],"collection":[{"href":"https:\/\/www.swissraft.ch\/de\/wp-json\/wp\/v2\/product"}],"about":[{"href":"https:\/\/www.swissraft.ch\/de\/wp-json\/wp\/v2\/types\/product"}],"replies":[{"embeddable":true,"href":"https:\/\/www.swissraft.ch\/de\/wp-json\/wp\/v2\/comments?post=91242"}],"version-history":[{"count":0,"href":"https:\/\/www.swissraft.ch\/de\/wp-json\/wp\/v2\/product\/91242\/revisions"}],"wp:featuredmedia":[{"embeddable":true,"href":"https:\/\/www.swissraft.ch\/de\/wp-json\/wp\/v2\/media\/89326"}],"wp:attachment":[{"href":"https:\/\/www.swissraft.ch\/de\/wp-json\/wp\/v2\/media?parent=91242"}],"wp:term":[{"taxonomy":"product_cat","embeddable":true,"href":"https:\/\/www.swissraft.ch\/de\/wp-json\/wp\/v2\/product_cat?post=91242"},{"taxonomy":"product_tag","embeddable":true,"href":"https:\/\/www.swissraft.ch\/de\/wp-json\/wp\/v2\/product_tag?post=91242"}],"curies":[{"name":"wp","href":"https:\/\/api.w.org\/{rel}","templated":true}]}}