{"id":91233,"date":"2024-05-23T05:34:41","date_gmt":"2024-05-23T03:34:41","guid":{"rendered":"https:\/\/swissraft.xyanzkdne.eu\/product\/kanufahrt-funyak-auf-dem-rhein-schaffhouse-ruedlingen-ab-chf-129-00\/"},"modified":"2026-04-12T18:01:17","modified_gmt":"2026-04-12T16:01:17","slug":"kanu-funyak-rhein-schaffhouse-ruedlingen","status":"publish","type":"product","link":"https:\/\/www.swissraft.ch\/de\/produkt\/kanu-funyak-rhein-schaffhouse-ruedlingen\/","title":{"rendered":"Kanu oder Funyak &#8211; Rhein &#8211; Schaffhouse-R\u00fcdlingen &#8211; Ab CHF 109.00"},"content":{"rendered":"\t\t<div data-elementor-type=\"wp-post\" data-elementor-id=\"91233\" class=\"elementor elementor-91233 elementor-67557\">\n\t\t\t\t\t\t\t\t\t<section class=\"elementor-section elementor-top-section elementor-element elementor-element-3303a7e3 elementor-section-boxed elementor-section-height-default elementor-section-height-default\" data-id=\"3303a7e3\" data-element_type=\"section\">\n\t\t\t\t\t\t<div class=\"elementor-container elementor-column-gap-default\">\n\t\t\t\t\t<div class=\"elementor-column elementor-col-100 elementor-top-column elementor-element elementor-element-16d72dbf\" data-id=\"16d72dbf\" data-element_type=\"column\">\n\t\t\t<div class=\"elementor-widget-wrap elementor-element-populated\">\n\t\t\t\t\t\t\t\t<div class=\"elementor-element elementor-element-d743c03 elementor-widget elementor-widget-text-editor\" data-id=\"d743c03\" data-element_type=\"widget\" data-widget_type=\"text-editor.default\">\n\t\t\t\t<div class=\"elementor-widget-container\">\n\t\t\t\t\t\t\t<h2>W\u00c4HLEN SIE UNTEN IHRE AKTIVIT\u00c4T AUS, UM GESCHENKGUTSCHEINE \/ TICKETS ZU VERSCHENKEN ODER ZU BUCHEN<\/h2><table border=\"0\" width=\"580\" cellspacing=\"10\" cellpadding=\"10\"><tbody><tr><td width=\"50%\"><strong>KANU ODER FUNYAK &#8211; SCHAFFHOUSE-R\u00dcDLINGEN + Aperitif<\/strong><\/td><td><strong><span class=\"productPrice\">CHF 1&#8217;790.00 Pauschalpreis<\/span><\/strong><\/td><\/tr><tr><td>Zus\u00e4tzliche Informationen<\/td><td>&#8211; <span class=\"plbl\"> Jungendpreis <\/span>: <span class=\"patt\"><strong>CHF 109.00<\/strong>\/Pers. bis 17 j\u00e4hrig<br \/>&#8211; Mindestalter : 7 j\u00e4hrig<br \/>&#8211; Schulpreis : <span class=\"patt\" style=\"font-family: inherit; font-size: inherit;\"><span class=\"plbl\"><a href=\"https:\/\/www.swissraft.ch\/de\/kontakt\/\">kontaktieren Sie uns<\/a><\/span><\/span><\/span><\/td><\/tr><tr><td>Startzeit<\/td><td>10:00 Uhr<\/td><\/tr><tr><td>Kanu oder Funyak<\/td><td>ca. 4,5 Std.<\/td><\/tr><tr><td>Gesamtdauer<\/td><td>ca. 6,5 Std.<\/td><\/tr><tr><td>Treffpunkt<\/td><td><a href=\"https:\/\/www.google.com\/maps\/place\/Castle+Worth\/@47.6781025,8.6026797,1520m\/data=!3m1!1e3!4m6!3m5!1s0x47907f4acaeca34b:0x477f00860541e875!8m2!3d47.6779522!4d8.6119279!16s%2Fg%2F11b6ydk_21?entry=ttu\" target=\"_blank\" rel=\"noopener\">Schl\u00f6ssli W\u00f6rth in der N\u00e4he von Neuhausen<\/a><\/td><\/tr><tr><td>Schwierigkeitsgrad<\/td><td>1<\/td><\/tr><tr><td><a href=\"https:\/\/swissraft.outdoorbooking.ch\/fo\/products\/2073?base_id=78&amp;category_id=9&amp;order_type=gift_voucher&amp;lang=fr\" target=\"_blank\" rel=\"noopener\"><button class=\"elementor-button\" type=\"button\">GUTSCHEIN \/ TICKET KAUFEN<\/button><\/a><\/td><td><a href=\"https:\/\/swissraft.outdoorbooking.ch\/fo\/products\/2073?base_id=78&amp;category_id=9&amp;order_type=event&amp;lang=fr\" target=\"_blank\" rel=\"noopener\">RESERVIEREN SIE EIN DATUM<\/a>\u00a0\u00a0<strong>CHF 1&#8217;790.00 (1-12 Pers.)<\/strong><\/td><\/tr><tr><td><a href=\"https:\/\/swissraft.outdoorbooking.ch\/fo\/products\/2072?base_id=78&amp;category_id=9&amp;order_type=gift_voucher&amp;lang=fr\" target=\"_blank\" rel=\"noopener\"><button class=\"elementor-button\" type=\"button\">GUTSCHEIN \/ TICKET KAUFEN<\/button><\/a><\/td><td><a href=\"https:\/\/swissraft.outdoorbooking.ch\/fo\/products\/2072?base_id=78&amp;category_id=9&amp;order_type=event&amp;lang=fr\" target=\"_blank\" rel=\"noopener\">RESERVIEREN SIE EIN DATUM<\/a>\u00a0\u00a0<strong>CHF 154.00<\/strong>\/Pers.<strong> (13-20<\/strong> <strong>Pers<\/strong><strong>.)<\/strong><\/td><\/tr><tr><td><a href=\"https:\/\/swissraft.outdoorbooking.ch\/fo\/products\/2070?base_id=78&amp;category_id=9&amp;order_type=gift_voucher&amp;lang=fr\" target=\"_blank\" rel=\"noopener\"><button class=\"elementor-button\" type=\"button\">GUTSCHEIN \/ TICKET KAUFEN<\/button><\/a><\/td><td><a href=\"https:\/\/swissraft.outdoorbooking.ch\/fo\/products\/2070?base_id=78&amp;category_id=9&amp;order_type=event&amp;lang=fr\" target=\"_blank\" rel=\"noopener\">RESERVIEREN SIE EIN DATUM<\/a>\u00a0\u00a0<strong>CHF 144.00<\/strong>\/Pers.<strong> (21-30<\/strong> <strong>Pers<\/strong><strong>.)<\/strong><\/td><\/tr><tr><td><a href=\"https:\/\/swissraft.outdoorbooking.ch\/fo\/products\/2076?base_id=78&amp;category_id=9&amp;order_type=gift_voucher&amp;lang=fr\" target=\"_blank\" rel=\"noopener\"><button class=\"elementor-button\" type=\"button\">GUTSCHEIN \/ TICKET KAUFEN<\/button><\/a><\/td><td><a href=\"https:\/\/swissraft.outdoorbooking.ch\/fo\/products\/2076?base_id=78&amp;category_id=9&amp;order_type=event&amp;lang=fr\" target=\"_blank\" rel=\"noopener\">RESERVIEREN SIE EIN DATUM<\/a>\u00a0\u00a0<strong>CHF 134.00<\/strong>\/Pers.<strong>\u00a0(31<\/strong> <strong>Pers.<\/strong><strong>\u00a0und mehr)<\/strong><\/td><\/tr><\/tbody><\/table>\t\t\t\t\t\t<\/div>\n\t\t\t\t<\/div>\n\t\t\t\t\t<\/div>\n\t\t<\/div>\n\t\t\t\t\t\t\t<\/div>\n\t\t<\/section>\n\t\t\t\t\t\t\t<\/div>\n\t\t","protected":false},"excerpt":{"rendered":"<div align=\"justify\">\n<h2 align=\"justify\">Kanu oder Funyak zwischen Schaffhausen und R\u00fcdlingen ein Tag Funyak auf dem Rhein<\/h2>\n<h3>Mit Freunden oder bei einem Gruppenausflug werden Sie diese etwa 4-st\u00fcndige Fahrt im aufblasbaren Kanu auf dem Rhein genie\u00dfen.<\/h3>\n<\/div>\n<div align=\"justify\">\n<p>Swissraft bietet Ihnen ein einzigartiges Erlebnis in einem Kanu, Funyak oder Ducky am Fu\u00dfe des Rheinfalls. Alle k\u00f6nnen davon profitieren, egal ob sie Anf\u00e4nger oder Experten sind. Sie werden diese spannende Reise genie\u00dfen. Dar\u00fcber hinaus f\u00f6rdert die Aktivit\u00e4t den Teamgeist. Wenn Sie gemeinsam paddeln, erleben Sie unvergessliche Momente. Vor der Abreise erhalten Sie von unseren Reiseleitern genaue Anweisungen. Sie lernen, Ihr Boot effizient zu steuern. Ziehen Sie dann Ihre Schwimmweste und Ihren Helm an und nehmen Sie Ihr Paddel. Diese Ausr\u00fcstung sorgt f\u00fcr Ihre Sicherheit. Beginnen Sie dann mit dem Abstieg. Die Stromschnellen der Stufe I bieten gerade genug Adrenalin. Letztendlich kombiniert dieses Abenteuer auf dem Rhein Abenteuer, Entspannung und Sicherheit. Mit wundersch\u00f6nen Landschaften und einer Aktivit\u00e4t, die f\u00fcr alle zug\u00e4nglich ist, wird Ihr Tag unvergesslich werden. Begleiten Sie uns auf ein au\u00dfergew\u00f6hnliches Abenteuer in einem Kanu, Funyak oder Ducky.<\/p>\n<h3>Swissraft bietet verschiedene Strecken in der Schweiz f\u00fcr Funyak oder Kanu an.<\/h3>\n<p id=\"textarea\" style=\"display: none;\">Ebenfalls unterhalb des Rheinfalls ist der Halbtagesausflug Schaffhausen-Rheinau sehr beliebt f\u00fcr einen Betriebsausflug. Ebenfalls auf dem Rhein in der Surselva bietet der Vorderrhein verschiedene Strecken, wie z.B.: Ilanz &#8211; Valendas oder eine Tagestour Ilanz &#8211; Reichenau. Sowie ein klassischer Funyak, Versam- Reichenau. Einerseits auf der Reuss, versuchen Sie die Halbtagestouren zwischen Bremgarten und Mellingen oder von Mellingen nach Gebenstorf. Auf der Reuss ist die Strecke Bremgarten &#8211; Gebenstorf eine eint\u00e4gige Funyak-Strecke. Im Wallis, auf der Rh\u00f4ne, fahren Sie von Chippis nach St. Moritz. Zwischen Souste und Sierre gibt es eine etwas lebhaftere Strecke. Aber auch Kanu und Funyak im Tessin auf dem Ticino zwischen Cresciano und Gorduno.\n<\/p>\n<p><a id=\"seeMore\" onclick=\"toggleSeeMore()\" href=\"javascript:void(0);\">Lesen Sie mehr<\/a><\/p>\n","protected":false},"featured_media":90352,"comment_status":"open","ping_status":"closed","template":"","meta":{"inline_featured_image":false,"_mi_skip_tracking":false},"product_cat":[268,269],"product_tag":[],"class_list":["post-91233","product","type-product","status-publish","has-post-thumbnail","hentry","product_cat-kanu-funyak-oder-ducky-in-der-schweiz","product_cat-kanu-funyak-rhein"],"yoast_head":"<!-- This site is optimized with the Yoast SEO plugin v23.6 - https:\/\/yoast.com\/wordpress\/plugins\/seo\/ -->\n<title>Kanufunyak Schaffhausen-R\u00fcdlingen auf dem Rhein, ein Tag<\/title>\n<meta name=\"description\" content=\"Kanufunyak Schaffhausen-R\u00fcdlingen, auf dem Rhein f\u00fcr eine ganzt\u00e4gige Fahrt unterhalb des ber\u00fchmten Rheinfalls in Schaffhausen. Ideal f\u00fcr Gruppen\" \/>\n<meta name=\"robots\" content=\"index, follow, max-snippet:-1, max-image-preview:large, max-video-preview:-1\" \/>\n<link rel=\"canonical\" href=\"https:\/\/www.swissraft.ch\/de\/produkt\/kanu-funyak-rhein-schaffhouse-ruedlingen\/\" \/>\n<meta property=\"og:locale\" content=\"de_DE\" \/>\n<meta property=\"og:type\" content=\"article\" \/>\n<meta property=\"og:title\" content=\"Kanufunyak Schaffhausen-R\u00fcdlingen auf dem Rhein, ein Tag\" \/>\n<meta property=\"og:description\" content=\"Kanufunyak Schaffhausen-R\u00fcdlingen, auf dem Rhein f\u00fcr eine ganzt\u00e4gige Fahrt unterhalb des ber\u00fchmten Rheinfalls in Schaffhausen. Ideal f\u00fcr Gruppen\" \/>\n<meta property=\"og:url\" content=\"https:\/\/www.swissraft.ch\/de\/produkt\/kanu-funyak-rhein-schaffhouse-ruedlingen\/\" \/>\n<meta property=\"og:site_name\" content=\"Swissraft\" \/>\n<meta property=\"article:modified_time\" content=\"2026-04-12T16:01:17+00:00\" \/>\n<meta property=\"og:image\" content=\"https:\/\/www.swissraft.ch\/wp-content\/uploads\/2024\/05\/Rhein-ducky-776x776-1.jpg\" \/>\n\t<meta property=\"og:image:width\" content=\"776\" \/>\n\t<meta property=\"og:image:height\" content=\"776\" \/>\n\t<meta property=\"og:image:type\" content=\"image\/jpeg\" \/>\n<meta name=\"twitter:card\" content=\"summary_large_image\" \/>\n<meta name=\"twitter:label1\" content=\"Gesch\u00e4tzte Lesezeit\" \/>\n\t<meta name=\"twitter:data1\" content=\"1\u00a0Minute\" \/>\n<script type=\"application\/ld+json\" class=\"yoast-schema-graph\">{\"@context\":\"https:\/\/schema.org\",\"@graph\":[{\"@type\":\"WebPage\",\"@id\":\"https:\/\/www.swissraft.ch\/de\/produkt\/kanu-funyak-rhein-schaffhouse-ruedlingen\/\",\"url\":\"https:\/\/www.swissraft.ch\/de\/produkt\/kanu-funyak-rhein-schaffhouse-ruedlingen\/\",\"name\":\"Kanufunyak Schaffhausen-R\u00fcdlingen auf dem Rhein, ein Tag\",\"isPartOf\":{\"@id\":\"https:\/\/www.swissraft.ch\/de\/#website\"},\"primaryImageOfPage\":{\"@id\":\"https:\/\/www.swissraft.ch\/de\/produkt\/kanu-funyak-rhein-schaffhouse-ruedlingen\/#primaryimage\"},\"image\":{\"@id\":\"https:\/\/www.swissraft.ch\/de\/produkt\/kanu-funyak-rhein-schaffhouse-ruedlingen\/#primaryimage\"},\"thumbnailUrl\":\"https:\/\/www.swissraft.ch\/wp-content\/uploads\/2024\/05\/Rhein-ducky-776x776-1.jpg\",\"datePublished\":\"2024-05-23T03:34:41+00:00\",\"dateModified\":\"2026-04-12T16:01:17+00:00\",\"description\":\"Kanufunyak Schaffhausen-R\u00fcdlingen, auf dem Rhein f\u00fcr eine ganzt\u00e4gige Fahrt unterhalb des ber\u00fchmten Rheinfalls in Schaffhausen. Ideal f\u00fcr Gruppen\",\"breadcrumb\":{\"@id\":\"https:\/\/www.swissraft.ch\/de\/produkt\/kanu-funyak-rhein-schaffhouse-ruedlingen\/#breadcrumb\"},\"inLanguage\":\"de\",\"potentialAction\":[{\"@type\":\"ReadAction\",\"target\":[\"https:\/\/www.swissraft.ch\/de\/produkt\/kanu-funyak-rhein-schaffhouse-ruedlingen\/\"]}]},{\"@type\":\"ImageObject\",\"inLanguage\":\"de\",\"@id\":\"https:\/\/www.swissraft.ch\/de\/produkt\/kanu-funyak-rhein-schaffhouse-ruedlingen\/#primaryimage\",\"url\":\"https:\/\/www.swissraft.ch\/wp-content\/uploads\/2024\/05\/Rhein-ducky-776x776-1.jpg\",\"contentUrl\":\"https:\/\/www.swissraft.ch\/wp-content\/uploads\/2024\/05\/Rhein-ducky-776x776-1.jpg\",\"width\":776,\"height\":776,\"caption\":\"MEXICO\"},{\"@type\":\"BreadcrumbList\",\"@id\":\"https:\/\/www.swissraft.ch\/de\/produkt\/kanu-funyak-rhein-schaffhouse-ruedlingen\/#breadcrumb\",\"itemListElement\":[{\"@type\":\"ListItem\",\"position\":1,\"name\":\"Accueil\",\"item\":\"https:\/\/www.swissraft.ch\/de\/\"},{\"@type\":\"ListItem\",\"position\":2,\"name\":\"Shop\",\"item\":\"https:\/\/www.swissraft.ch\/de\/shop\/\"},{\"@type\":\"ListItem\",\"position\":3,\"name\":\"Kanu oder Funyak &#8211; Rhein &#8211; Schaffhouse-R\u00fcdlingen &#8211; Ab CHF 109.00\"}]},{\"@type\":\"WebSite\",\"@id\":\"https:\/\/www.swissraft.ch\/de\/#website\",\"url\":\"https:\/\/www.swissraft.ch\/de\/\",\"name\":\"Swissraft\",\"description\":\"To enjoy nature as it is\",\"publisher\":{\"@id\":\"https:\/\/www.swissraft.ch\/de\/#organization\"},\"potentialAction\":[{\"@type\":\"SearchAction\",\"target\":{\"@type\":\"EntryPoint\",\"urlTemplate\":\"https:\/\/www.swissraft.ch\/de\/?s={search_term_string}\"},\"query-input\":{\"@type\":\"PropertyValueSpecification\",\"valueRequired\":true,\"valueName\":\"search_term_string\"}}],\"inLanguage\":\"de\"},{\"@type\":\"Organization\",\"@id\":\"https:\/\/www.swissraft.ch\/de\/#organization\",\"name\":\"Swissraft\",\"url\":\"https:\/\/www.swissraft.ch\/de\/\",\"logo\":{\"@type\":\"ImageObject\",\"inLanguage\":\"de\",\"@id\":\"https:\/\/www.swissraft.ch\/de\/#\/schema\/logo\/image\/\",\"url\":\"https:\/\/www.swissraft.ch\/wp-content\/uploads\/2025\/09\/Capture.jpg\",\"contentUrl\":\"https:\/\/www.swissraft.ch\/wp-content\/uploads\/2025\/09\/Capture.jpg\",\"width\":293,\"height\":108,\"caption\":\"Swissraft\"},\"image\":{\"@id\":\"https:\/\/www.swissraft.ch\/de\/#\/schema\/logo\/image\/\"}}]}<\/script>\n<!-- \/ Yoast SEO plugin. -->","yoast_head_json":{"title":"Kanufunyak Schaffhausen-R\u00fcdlingen auf dem Rhein, ein Tag","description":"Kanufunyak Schaffhausen-R\u00fcdlingen, auf dem Rhein f\u00fcr eine ganzt\u00e4gige Fahrt unterhalb des ber\u00fchmten Rheinfalls in Schaffhausen. Ideal f\u00fcr Gruppen","robots":{"index":"index","follow":"follow","max-snippet":"max-snippet:-1","max-image-preview":"max-image-preview:large","max-video-preview":"max-video-preview:-1"},"canonical":"https:\/\/www.swissraft.ch\/de\/produkt\/kanu-funyak-rhein-schaffhouse-ruedlingen\/","og_locale":"de_DE","og_type":"article","og_title":"Kanufunyak Schaffhausen-R\u00fcdlingen auf dem Rhein, ein Tag","og_description":"Kanufunyak Schaffhausen-R\u00fcdlingen, auf dem Rhein f\u00fcr eine ganzt\u00e4gige Fahrt unterhalb des ber\u00fchmten Rheinfalls in Schaffhausen. Ideal f\u00fcr Gruppen","og_url":"https:\/\/www.swissraft.ch\/de\/produkt\/kanu-funyak-rhein-schaffhouse-ruedlingen\/","og_site_name":"Swissraft","article_modified_time":"2026-04-12T16:01:17+00:00","og_image":[{"width":776,"height":776,"url":"https:\/\/www.swissraft.ch\/wp-content\/uploads\/2024\/05\/Rhein-ducky-776x776-1.jpg","type":"image\/jpeg"}],"twitter_card":"summary_large_image","twitter_misc":{"Gesch\u00e4tzte Lesezeit":"1\u00a0Minute"},"schema":{"@context":"https:\/\/schema.org","@graph":[{"@type":"WebPage","@id":"https:\/\/www.swissraft.ch\/de\/produkt\/kanu-funyak-rhein-schaffhouse-ruedlingen\/","url":"https:\/\/www.swissraft.ch\/de\/produkt\/kanu-funyak-rhein-schaffhouse-ruedlingen\/","name":"Kanufunyak Schaffhausen-R\u00fcdlingen auf dem Rhein, ein Tag","isPartOf":{"@id":"https:\/\/www.swissraft.ch\/de\/#website"},"primaryImageOfPage":{"@id":"https:\/\/www.swissraft.ch\/de\/produkt\/kanu-funyak-rhein-schaffhouse-ruedlingen\/#primaryimage"},"image":{"@id":"https:\/\/www.swissraft.ch\/de\/produkt\/kanu-funyak-rhein-schaffhouse-ruedlingen\/#primaryimage"},"thumbnailUrl":"https:\/\/www.swissraft.ch\/wp-content\/uploads\/2024\/05\/Rhein-ducky-776x776-1.jpg","datePublished":"2024-05-23T03:34:41+00:00","dateModified":"2026-04-12T16:01:17+00:00","description":"Kanufunyak Schaffhausen-R\u00fcdlingen, auf dem Rhein f\u00fcr eine ganzt\u00e4gige Fahrt unterhalb des ber\u00fchmten Rheinfalls in Schaffhausen. Ideal f\u00fcr Gruppen","breadcrumb":{"@id":"https:\/\/www.swissraft.ch\/de\/produkt\/kanu-funyak-rhein-schaffhouse-ruedlingen\/#breadcrumb"},"inLanguage":"de","potentialAction":[{"@type":"ReadAction","target":["https:\/\/www.swissraft.ch\/de\/produkt\/kanu-funyak-rhein-schaffhouse-ruedlingen\/"]}]},{"@type":"ImageObject","inLanguage":"de","@id":"https:\/\/www.swissraft.ch\/de\/produkt\/kanu-funyak-rhein-schaffhouse-ruedlingen\/#primaryimage","url":"https:\/\/www.swissraft.ch\/wp-content\/uploads\/2024\/05\/Rhein-ducky-776x776-1.jpg","contentUrl":"https:\/\/www.swissraft.ch\/wp-content\/uploads\/2024\/05\/Rhein-ducky-776x776-1.jpg","width":776,"height":776,"caption":"MEXICO"},{"@type":"BreadcrumbList","@id":"https:\/\/www.swissraft.ch\/de\/produkt\/kanu-funyak-rhein-schaffhouse-ruedlingen\/#breadcrumb","itemListElement":[{"@type":"ListItem","position":1,"name":"Accueil","item":"https:\/\/www.swissraft.ch\/de\/"},{"@type":"ListItem","position":2,"name":"Shop","item":"https:\/\/www.swissraft.ch\/de\/shop\/"},{"@type":"ListItem","position":3,"name":"Kanu oder Funyak &#8211; Rhein &#8211; Schaffhouse-R\u00fcdlingen &#8211; Ab CHF 109.00"}]},{"@type":"WebSite","@id":"https:\/\/www.swissraft.ch\/de\/#website","url":"https:\/\/www.swissraft.ch\/de\/","name":"Swissraft","description":"To enjoy nature as it is","publisher":{"@id":"https:\/\/www.swissraft.ch\/de\/#organization"},"potentialAction":[{"@type":"SearchAction","target":{"@type":"EntryPoint","urlTemplate":"https:\/\/www.swissraft.ch\/de\/?s={search_term_string}"},"query-input":{"@type":"PropertyValueSpecification","valueRequired":true,"valueName":"search_term_string"}}],"inLanguage":"de"},{"@type":"Organization","@id":"https:\/\/www.swissraft.ch\/de\/#organization","name":"Swissraft","url":"https:\/\/www.swissraft.ch\/de\/","logo":{"@type":"ImageObject","inLanguage":"de","@id":"https:\/\/www.swissraft.ch\/de\/#\/schema\/logo\/image\/","url":"https:\/\/www.swissraft.ch\/wp-content\/uploads\/2025\/09\/Capture.jpg","contentUrl":"https:\/\/www.swissraft.ch\/wp-content\/uploads\/2025\/09\/Capture.jpg","width":293,"height":108,"caption":"Swissraft"},"image":{"@id":"https:\/\/www.swissraft.ch\/de\/#\/schema\/logo\/image\/"}}]}},"_links":{"self":[{"href":"https:\/\/www.swissraft.ch\/de\/wp-json\/wp\/v2\/product\/91233","targetHints":{"allow":["GET"]}}],"collection":[{"href":"https:\/\/www.swissraft.ch\/de\/wp-json\/wp\/v2\/product"}],"about":[{"href":"https:\/\/www.swissraft.ch\/de\/wp-json\/wp\/v2\/types\/product"}],"replies":[{"embeddable":true,"href":"https:\/\/www.swissraft.ch\/de\/wp-json\/wp\/v2\/comments?post=91233"}],"version-history":[{"count":43,"href":"https:\/\/www.swissraft.ch\/de\/wp-json\/wp\/v2\/product\/91233\/revisions"}],"predecessor-version":[{"id":139760,"href":"https:\/\/www.swissraft.ch\/de\/wp-json\/wp\/v2\/product\/91233\/revisions\/139760"}],"wp:featuredmedia":[{"embeddable":true,"href":"https:\/\/www.swissraft.ch\/de\/wp-json\/wp\/v2\/media\/90352"}],"wp:attachment":[{"href":"https:\/\/www.swissraft.ch\/de\/wp-json\/wp\/v2\/media?parent=91233"}],"wp:term":[{"taxonomy":"product_cat","embeddable":true,"href":"https:\/\/www.swissraft.ch\/de\/wp-json\/wp\/v2\/product_cat?post=91233"},{"taxonomy":"product_tag","embeddable":true,"href":"https:\/\/www.swissraft.ch\/de\/wp-json\/wp\/v2\/product_tag?post=91233"}],"curies":[{"name":"wp","href":"https:\/\/api.w.org\/{rel}","templated":true}]}}