{"id":91231,"date":"2024-05-21T02:49:04","date_gmt":"2024-05-21T00:49:04","guid":{"rendered":"https:\/\/swissraft.xyanzkdne.eu\/product\/kanufahrt-funyak-auf-dem-rhein-versam-reichenau-ab-chf-135-00\/"},"modified":"2026-04-12T20:26:54","modified_gmt":"2026-04-12T18:26:54","slug":"kanu-funyak-rhein-versam-reichenau","status":"publish","type":"product","link":"https:\/\/www.swissraft.ch\/de\/produkt\/kanu-funyak-rhein-versam-reichenau\/","title":{"rendered":"Kanu oder Funyak &#8211; Rhein &#8211; Versam-Reichenau &#8211; Ab CHF 135.00"},"content":{"rendered":"\t\t<div data-elementor-type=\"wp-post\" data-elementor-id=\"91231\" class=\"elementor elementor-91231 elementor-67466\">\n\t\t\t\t\t\t\t\t\t<section class=\"elementor-section elementor-top-section elementor-element elementor-element-3303a7e3 elementor-section-boxed elementor-section-height-default elementor-section-height-default\" data-id=\"3303a7e3\" data-element_type=\"section\">\n\t\t\t\t\t\t<div class=\"elementor-container elementor-column-gap-default\">\n\t\t\t\t\t<div class=\"elementor-column elementor-col-100 elementor-top-column elementor-element elementor-element-16d72dbf\" data-id=\"16d72dbf\" data-element_type=\"column\">\n\t\t\t<div class=\"elementor-widget-wrap elementor-element-populated\">\n\t\t\t\t\t\t\t\t<div class=\"elementor-element elementor-element-d743c03 elementor-widget elementor-widget-text-editor\" data-id=\"d743c03\" data-element_type=\"widget\" data-widget_type=\"text-editor.default\">\n\t\t\t\t<div class=\"elementor-widget-container\">\n\t\t\t\t\t\t\t<h2>W\u00c4HLEN SIE UNTEN IHRE AKTIVIT\u00c4T AUS, UM GESCHENKGUTSCHEINE \/ TICKETS ZU VERSCHENKEN ODER ZU BUCHEN<\/h2><table border=\"0\" width=\"580\" cellspacing=\"10\" cellpadding=\"10\"><tbody><tr><td width=\"50%\"><strong>KANU ODER FUNYAK &#8211; RHIN + ap\u00e9ritif<\/strong><\/td><td><strong><span class=\"productPrice\">CHF 170.00 pro Person<\/span><\/strong><\/td><\/tr><tr><td>Zus\u00e4tzlich Informationen<\/td><td>&#8211; <span class=\"plbl\"> Jungendpreis <\/span>: <span class=\"patt\"><strong>CHF 135.00<\/strong>\/Pers. bis 17 j\u00e4hrig<br \/>&#8211; Mindestalter : 12 j\u00e4hrig<br \/>&#8211; Schulpreis : <span class=\"patt\" style=\"font-family: inherit; font-size: inherit;\"><span class=\"plbl\"><a href=\"https:\/\/www.swissraft.ch\/de\/kontakt\/\">kontaktieren Sie uns<\/a><\/span><\/span><\/span><\/td><\/tr><tr><td>Startzeiten<\/td><td>09:20 Uhr \/ 13:20 Uhr<\/td><\/tr><tr><td>Kanu oder Funyak<\/td><td>ca. 2 Std.<\/td><\/tr><tr><td>Gesamtdauer<\/td><td>ca. 3,5 Std.<\/td><\/tr><tr><td>Treffpunkt<\/td><td><a href=\"https:\/\/www.google.com\/maps\/place\/46%C2%B049'29.1%22N+9%C2%B024'21.6%22E\/@46.8249245,9.3967443,1544m\/data=!3m1!1e3!4m4!3m3!8m2!3d46.82475!4d9.406?entry=ttu\" target=\"_blank\" rel=\"noopener\">Reichenau-Tamins<\/a><\/td><\/tr><tr><td>Schwierigkeitsgrad<\/td><td>1<\/td><\/tr><tr><td><a href=\"https:\/\/swissraft.outdoorbooking.ch\/fo\/products\/2080?base_id=2&amp;category_id=9&amp;order_type=gift_voucher&amp;lang=de\" target=\"_blank\" rel=\"noopener\"><button class=\"elementor-button\" type=\"button\">GUTSCHEIN \/ TICKET KAUFEN<\/button><\/a><\/td><td><a href=\"https:\/\/swissraft.outdoorbooking.ch\/fo\/products\/33?base_id=2&amp;category_id=9&amp;order_type=event&amp;lang=de\" target=\"_blank\" rel=\"noopener\">RESERVIEREN SIE EIN DATUM<\/a> \u00a0<strong>CHF 170.00<\/strong>\/pers.<\/td><\/tr><tr><td><a href=\"https:\/\/swissraft.outdoorbooking.ch\/fo\/products\/1935?base_id=2&amp;category_id=9&amp;order_type=gift_voucher&amp;lang=de\" target=\"_blank\" rel=\"noopener\"><button class=\"elementor-button\" type=\"button\">GUTSCHEIN \/ TICKET KAUFEN<\/button><\/a><\/td><td><a href=\"https:\/\/swissraft.outdoorbooking.ch\/fo\/products\/1935?base_id=2&amp;category_id=9&amp;order_type=event&amp;lang=de\" target=\"_blank\" rel=\"noopener\">RESERVIEREN SIE EIN DATUM<\/a> \u00a0<strong>CHF 135.00<\/strong>\/pers.<strong> (5-12 pers.)<\/strong><\/td><\/tr><tr><td><a href=\"https:\/\/swissraft.outdoorbooking.ch\/fo\/products\/1933?base_id=2&amp;category_id=9&amp;order_type=gift_voucher&amp;lang=de\" target=\"_blank\" rel=\"noopener\"><button class=\"elementor-button\" type=\"button\">GUTSCHEIN \/ TICKET KAUFEN<\/button><\/a><\/td><td><a href=\"https:\/\/swissraft.outdoorbooking.ch\/fo\/products\/1933?base_id=2&amp;category_id=9&amp;order_type=event&amp;lang=de\" target=\"_blank\" rel=\"noopener\">RESERVIEREN SIE EIN DATUM<\/a> \u00a0<strong>CHF 390.00 <\/strong><strong>(famille de 3 pers.)<\/strong><\/td><\/tr><tr><td><a href=\"https:\/\/swissraft.outdoorbooking.ch\/fo\/products\/1934?base_id=2&amp;category_id=9&amp;order_type=gift_voucher&amp;lang=de\" target=\"_blank\" rel=\"noopener\"><button class=\"elementor-button\" type=\"button\">GUTSCHEIN \/ TICKET KAUFEN<\/button><\/a><\/td><td><a href=\"https:\/\/swissraft.outdoorbooking.ch\/fo\/products\/1934?base_id=2&amp;category_id=9&amp;order_type=event&amp;lang=de\" target=\"_blank\" rel=\"noopener\">RESERVIEREN SIE EIN DATUM<\/a> \u00a0<strong>CHF 500.00 <\/strong><strong>(famille de 4 pers.)<\/strong><\/td><\/tr><\/tbody><\/table>\t\t\t\t\t\t<\/div>\n\t\t\t\t<\/div>\n\t\t\t\t\t<\/div>\n\t\t<\/div>\n\t\t\t\t\t\t\t<\/div>\n\t\t<\/section>\n\t\t\t\t\t\t\t<\/div>\n\t\t","protected":false},"excerpt":{"rendered":"<div align=\"justify\">\n<h2 align=\"justify\">Kanu oder Funyak von Versam nach Reichenau durch den Swiss Grand Canyon<\/h2>\n<h3>Dieses Funyak-Abenteuer ist einer der Klassiker in dieser Disziplin.<\/h3>\n<\/div>\n<div align=\"justify\">\n<p>Der Swiss Grand Canyon bietet ein einzigartiges Erlebnis mit Kanu, Funyak oder Ducky. Erkunden Sie diesen spektakul\u00e4ren Canyon mit seiner atemberaubenden Landschaft. W\u00e4hlen Sie zun\u00e4chst Ihr bevorzugtes Boot. Dann bereiten Sie sich auf ein unvergessliches Abenteuer vor.<br \/>\nDer Funyak, auch Kanu oder Ducky genannt, ist f\u00fcr alle geeignet. Ob Sie Anf\u00e4nger oder Experte sind, Sie werden diese Reise genie\u00dfen. Dar\u00fcber hinaus f\u00f6rdert die Aktivit\u00e4t den Teamgeist. Sie paddeln zusammen und teilen unvergessliche Momente. Dann r\u00fcsten Sie sich mit einer Schwimmweste, einem Helm und einem Paddel aus. Diese Ausr\u00fcstung sorgt f\u00fcr Ihre Sicherheit. Vor der Abreise erhalten Sie von unseren Bootf\u00fchren klare Anweisungen. Sie lernen, wie Sie Ihr Boot richtig bedienen. Dann beginnen Sie mit dem Abstieg. Die Stromschnellen der Klasse I bis II bieten genau den richtigen Adrenalinschub. Zwischen zwei Stromschnellen k\u00f6nnen Sie die beeindruckenden Klippen bewundern. Letztendlich kombiniert diese Erfahrung im Swiss Grand Canyon Abenteuer, Entspannung und Sicherheit. Mit spektakul\u00e4ren Landschaften und einer Aktivit\u00e4t, die f\u00fcr alle zug\u00e4nglich ist, wird Ihr Tag zu einem unvergesslichen Erlebnis. Begleiten Sie uns auf ein unvergessliches Abenteuer in einem Kanu, Funyak oder Ducky.<\/p>\n<h3>Wir bieten verschiedene Strecken auf den Fl\u00fcssen der Schweiz f\u00fcr Kanu, Funyak oder Ducky an.<\/h3>\n<p id=\"textarea\" style=\"display: none;\">\nEbenfalls auf dem Vorderrhein ein ereignisreicherer Abschnitt von Ilanz nach Valendas oder ein Tag von Ilanz nach Reichenau. Aber auch unterhalb des Rheinfalls k\u00f6nnen Sie einen halben Tag auf der Strecke Schaffhausen-Rheinau verbringen. Aber auch die Strecke Schaffhausen-R\u00fcdlingen, eine eint\u00e4gige Fahrt. Auch auf der Reuss gibt es Halbtagestouren: Bremgarten-Mellingen, Mellingen-Gebenstorf und eine Ganztagestour: Bremgarten-Gebenstorf. Im Wallis auf der Rh\u00f4ne schlagen wir den Abschnitt zwischen Chippis und St. Petersburg vor. Die Strecke zwischen St. Leonard, dem ruhigen Teil der Rh\u00f4ne und der Strecke Souste-Sierre ist von h\u00f6herem Niveau. Im Tessin gibt es eine Funyak-Strecke von Cresciano nach Gorduno, ideal f\u00fcr einen Schulausflug.\n<\/p>\n<p><a id=\"seeMore\" onclick=\"toggleSeeMore()\" href=\"javascript:void(0);\">Lesen Sie mehr<\/a><\/p>\n","protected":false},"featured_media":90388,"comment_status":"open","ping_status":"closed","template":"","meta":{"inline_featured_image":false,"_mi_skip_tracking":false},"product_cat":[268,269],"product_tag":[],"class_list":["post-91231","product","type-product","status-publish","has-post-thumbnail","hentry","product_cat-kanu-funyak-oder-ducky-in-der-schweiz","product_cat-kanu-funyak-rhein"],"yoast_head":"<!-- This site is optimized with the Yoast SEO plugin v23.6 - https:\/\/yoast.com\/wordpress\/plugins\/seo\/ -->\n<title>Versam-Reichenau-Kanu auf dem Rhein im Swiss Grand Canyon<\/title>\n<meta name=\"description\" content=\"Kanu Versam-Reichenau, auf dem Rhein im ber\u00fchmten Swiss Grand Canyon. Dies ist einer der beliebtesten Abschnitte f\u00fcr Kanu-, Funyak- oder Ducky-Liebhaber.\" \/>\n<meta name=\"robots\" content=\"index, follow, max-snippet:-1, max-image-preview:large, max-video-preview:-1\" \/>\n<link rel=\"canonical\" href=\"https:\/\/www.swissraft.ch\/de\/produkt\/kanu-funyak-rhein-versam-reichenau\/\" \/>\n<meta property=\"og:locale\" content=\"de_DE\" \/>\n<meta property=\"og:type\" content=\"article\" \/>\n<meta property=\"og:title\" content=\"Versam-Reichenau-Kanu auf dem Rhein im Swiss Grand Canyon\" \/>\n<meta property=\"og:description\" content=\"Kanu Versam-Reichenau, auf dem Rhein im ber\u00fchmten Swiss Grand Canyon. Dies ist einer der beliebtesten Abschnitte f\u00fcr Kanu-, Funyak- oder Ducky-Liebhaber.\" \/>\n<meta property=\"og:url\" content=\"https:\/\/www.swissraft.ch\/de\/produkt\/kanu-funyak-rhein-versam-reichenau\/\" \/>\n<meta property=\"og:site_name\" content=\"Swissraft\" \/>\n<meta property=\"article:modified_time\" content=\"2026-04-12T18:26:54+00:00\" \/>\n<meta property=\"og:image\" content=\"https:\/\/www.swissraft.ch\/wp-content\/uploads\/2024\/05\/Funyak-Vorderrhein-776x776-1.jpg\" \/>\n\t<meta property=\"og:image:width\" content=\"776\" \/>\n\t<meta property=\"og:image:height\" content=\"776\" \/>\n\t<meta property=\"og:image:type\" content=\"image\/jpeg\" \/>\n<meta name=\"twitter:card\" content=\"summary_large_image\" \/>\n<meta name=\"twitter:label1\" content=\"Gesch\u00e4tzte Lesezeit\" \/>\n\t<meta name=\"twitter:data1\" content=\"1\u00a0Minute\" \/>\n<script type=\"application\/ld+json\" class=\"yoast-schema-graph\">{\"@context\":\"https:\/\/schema.org\",\"@graph\":[{\"@type\":\"WebPage\",\"@id\":\"https:\/\/www.swissraft.ch\/de\/produkt\/kanu-funyak-rhein-versam-reichenau\/\",\"url\":\"https:\/\/www.swissraft.ch\/de\/produkt\/kanu-funyak-rhein-versam-reichenau\/\",\"name\":\"Versam-Reichenau-Kanu auf dem Rhein im Swiss Grand Canyon\",\"isPartOf\":{\"@id\":\"https:\/\/www.swissraft.ch\/de\/#website\"},\"primaryImageOfPage\":{\"@id\":\"https:\/\/www.swissraft.ch\/de\/produkt\/kanu-funyak-rhein-versam-reichenau\/#primaryimage\"},\"image\":{\"@id\":\"https:\/\/www.swissraft.ch\/de\/produkt\/kanu-funyak-rhein-versam-reichenau\/#primaryimage\"},\"thumbnailUrl\":\"https:\/\/www.swissraft.ch\/wp-content\/uploads\/2024\/05\/Funyak-Vorderrhein-776x776-1.jpg\",\"datePublished\":\"2024-05-21T00:49:04+00:00\",\"dateModified\":\"2026-04-12T18:26:54+00:00\",\"description\":\"Kanu Versam-Reichenau, auf dem Rhein im ber\u00fchmten Swiss Grand Canyon. Dies ist einer der beliebtesten Abschnitte f\u00fcr Kanu-, Funyak- oder Ducky-Liebhaber.\",\"breadcrumb\":{\"@id\":\"https:\/\/www.swissraft.ch\/de\/produkt\/kanu-funyak-rhein-versam-reichenau\/#breadcrumb\"},\"inLanguage\":\"de\",\"potentialAction\":[{\"@type\":\"ReadAction\",\"target\":[\"https:\/\/www.swissraft.ch\/de\/produkt\/kanu-funyak-rhein-versam-reichenau\/\"]}]},{\"@type\":\"ImageObject\",\"inLanguage\":\"de\",\"@id\":\"https:\/\/www.swissraft.ch\/de\/produkt\/kanu-funyak-rhein-versam-reichenau\/#primaryimage\",\"url\":\"https:\/\/www.swissraft.ch\/wp-content\/uploads\/2024\/05\/Funyak-Vorderrhein-776x776-1.jpg\",\"contentUrl\":\"https:\/\/www.swissraft.ch\/wp-content\/uploads\/2024\/05\/Funyak-Vorderrhein-776x776-1.jpg\",\"width\":776,\"height\":776,\"caption\":\"Kanu oder Funyak Versam Reichenau am Vorderrhein\"},{\"@type\":\"BreadcrumbList\",\"@id\":\"https:\/\/www.swissraft.ch\/de\/produkt\/kanu-funyak-rhein-versam-reichenau\/#breadcrumb\",\"itemListElement\":[{\"@type\":\"ListItem\",\"position\":1,\"name\":\"Accueil\",\"item\":\"https:\/\/www.swissraft.ch\/de\/\"},{\"@type\":\"ListItem\",\"position\":2,\"name\":\"Shop\",\"item\":\"https:\/\/www.swissraft.ch\/de\/shop\/\"},{\"@type\":\"ListItem\",\"position\":3,\"name\":\"Kanu oder Funyak &#8211; Rhein &#8211; Versam-Reichenau &#8211; Ab CHF 135.00\"}]},{\"@type\":\"WebSite\",\"@id\":\"https:\/\/www.swissraft.ch\/de\/#website\",\"url\":\"https:\/\/www.swissraft.ch\/de\/\",\"name\":\"Swissraft\",\"description\":\"To enjoy nature as it is\",\"publisher\":{\"@id\":\"https:\/\/www.swissraft.ch\/de\/#organization\"},\"potentialAction\":[{\"@type\":\"SearchAction\",\"target\":{\"@type\":\"EntryPoint\",\"urlTemplate\":\"https:\/\/www.swissraft.ch\/de\/?s={search_term_string}\"},\"query-input\":{\"@type\":\"PropertyValueSpecification\",\"valueRequired\":true,\"valueName\":\"search_term_string\"}}],\"inLanguage\":\"de\"},{\"@type\":\"Organization\",\"@id\":\"https:\/\/www.swissraft.ch\/de\/#organization\",\"name\":\"Swissraft\",\"url\":\"https:\/\/www.swissraft.ch\/de\/\",\"logo\":{\"@type\":\"ImageObject\",\"inLanguage\":\"de\",\"@id\":\"https:\/\/www.swissraft.ch\/de\/#\/schema\/logo\/image\/\",\"url\":\"https:\/\/www.swissraft.ch\/wp-content\/uploads\/2025\/09\/Capture.jpg\",\"contentUrl\":\"https:\/\/www.swissraft.ch\/wp-content\/uploads\/2025\/09\/Capture.jpg\",\"width\":293,\"height\":108,\"caption\":\"Swissraft\"},\"image\":{\"@id\":\"https:\/\/www.swissraft.ch\/de\/#\/schema\/logo\/image\/\"}}]}<\/script>\n<!-- \/ Yoast SEO plugin. -->","yoast_head_json":{"title":"Versam-Reichenau-Kanu auf dem Rhein im Swiss Grand Canyon","description":"Kanu Versam-Reichenau, auf dem Rhein im ber\u00fchmten Swiss Grand Canyon. Dies ist einer der beliebtesten Abschnitte f\u00fcr Kanu-, Funyak- oder Ducky-Liebhaber.","robots":{"index":"index","follow":"follow","max-snippet":"max-snippet:-1","max-image-preview":"max-image-preview:large","max-video-preview":"max-video-preview:-1"},"canonical":"https:\/\/www.swissraft.ch\/de\/produkt\/kanu-funyak-rhein-versam-reichenau\/","og_locale":"de_DE","og_type":"article","og_title":"Versam-Reichenau-Kanu auf dem Rhein im Swiss Grand Canyon","og_description":"Kanu Versam-Reichenau, auf dem Rhein im ber\u00fchmten Swiss Grand Canyon. Dies ist einer der beliebtesten Abschnitte f\u00fcr Kanu-, Funyak- oder Ducky-Liebhaber.","og_url":"https:\/\/www.swissraft.ch\/de\/produkt\/kanu-funyak-rhein-versam-reichenau\/","og_site_name":"Swissraft","article_modified_time":"2026-04-12T18:26:54+00:00","og_image":[{"width":776,"height":776,"url":"https:\/\/www.swissraft.ch\/wp-content\/uploads\/2024\/05\/Funyak-Vorderrhein-776x776-1.jpg","type":"image\/jpeg"}],"twitter_card":"summary_large_image","twitter_misc":{"Gesch\u00e4tzte Lesezeit":"1\u00a0Minute"},"schema":{"@context":"https:\/\/schema.org","@graph":[{"@type":"WebPage","@id":"https:\/\/www.swissraft.ch\/de\/produkt\/kanu-funyak-rhein-versam-reichenau\/","url":"https:\/\/www.swissraft.ch\/de\/produkt\/kanu-funyak-rhein-versam-reichenau\/","name":"Versam-Reichenau-Kanu auf dem Rhein im Swiss Grand Canyon","isPartOf":{"@id":"https:\/\/www.swissraft.ch\/de\/#website"},"primaryImageOfPage":{"@id":"https:\/\/www.swissraft.ch\/de\/produkt\/kanu-funyak-rhein-versam-reichenau\/#primaryimage"},"image":{"@id":"https:\/\/www.swissraft.ch\/de\/produkt\/kanu-funyak-rhein-versam-reichenau\/#primaryimage"},"thumbnailUrl":"https:\/\/www.swissraft.ch\/wp-content\/uploads\/2024\/05\/Funyak-Vorderrhein-776x776-1.jpg","datePublished":"2024-05-21T00:49:04+00:00","dateModified":"2026-04-12T18:26:54+00:00","description":"Kanu Versam-Reichenau, auf dem Rhein im ber\u00fchmten Swiss Grand Canyon. Dies ist einer der beliebtesten Abschnitte f\u00fcr Kanu-, Funyak- oder Ducky-Liebhaber.","breadcrumb":{"@id":"https:\/\/www.swissraft.ch\/de\/produkt\/kanu-funyak-rhein-versam-reichenau\/#breadcrumb"},"inLanguage":"de","potentialAction":[{"@type":"ReadAction","target":["https:\/\/www.swissraft.ch\/de\/produkt\/kanu-funyak-rhein-versam-reichenau\/"]}]},{"@type":"ImageObject","inLanguage":"de","@id":"https:\/\/www.swissraft.ch\/de\/produkt\/kanu-funyak-rhein-versam-reichenau\/#primaryimage","url":"https:\/\/www.swissraft.ch\/wp-content\/uploads\/2024\/05\/Funyak-Vorderrhein-776x776-1.jpg","contentUrl":"https:\/\/www.swissraft.ch\/wp-content\/uploads\/2024\/05\/Funyak-Vorderrhein-776x776-1.jpg","width":776,"height":776,"caption":"Kanu oder Funyak Versam Reichenau am Vorderrhein"},{"@type":"BreadcrumbList","@id":"https:\/\/www.swissraft.ch\/de\/produkt\/kanu-funyak-rhein-versam-reichenau\/#breadcrumb","itemListElement":[{"@type":"ListItem","position":1,"name":"Accueil","item":"https:\/\/www.swissraft.ch\/de\/"},{"@type":"ListItem","position":2,"name":"Shop","item":"https:\/\/www.swissraft.ch\/de\/shop\/"},{"@type":"ListItem","position":3,"name":"Kanu oder Funyak &#8211; Rhein &#8211; Versam-Reichenau &#8211; Ab CHF 135.00"}]},{"@type":"WebSite","@id":"https:\/\/www.swissraft.ch\/de\/#website","url":"https:\/\/www.swissraft.ch\/de\/","name":"Swissraft","description":"To enjoy nature as it is","publisher":{"@id":"https:\/\/www.swissraft.ch\/de\/#organization"},"potentialAction":[{"@type":"SearchAction","target":{"@type":"EntryPoint","urlTemplate":"https:\/\/www.swissraft.ch\/de\/?s={search_term_string}"},"query-input":{"@type":"PropertyValueSpecification","valueRequired":true,"valueName":"search_term_string"}}],"inLanguage":"de"},{"@type":"Organization","@id":"https:\/\/www.swissraft.ch\/de\/#organization","name":"Swissraft","url":"https:\/\/www.swissraft.ch\/de\/","logo":{"@type":"ImageObject","inLanguage":"de","@id":"https:\/\/www.swissraft.ch\/de\/#\/schema\/logo\/image\/","url":"https:\/\/www.swissraft.ch\/wp-content\/uploads\/2025\/09\/Capture.jpg","contentUrl":"https:\/\/www.swissraft.ch\/wp-content\/uploads\/2025\/09\/Capture.jpg","width":293,"height":108,"caption":"Swissraft"},"image":{"@id":"https:\/\/www.swissraft.ch\/de\/#\/schema\/logo\/image\/"}}]}},"_links":{"self":[{"href":"https:\/\/www.swissraft.ch\/de\/wp-json\/wp\/v2\/product\/91231","targetHints":{"allow":["GET"]}}],"collection":[{"href":"https:\/\/www.swissraft.ch\/de\/wp-json\/wp\/v2\/product"}],"about":[{"href":"https:\/\/www.swissraft.ch\/de\/wp-json\/wp\/v2\/types\/product"}],"replies":[{"embeddable":true,"href":"https:\/\/www.swissraft.ch\/de\/wp-json\/wp\/v2\/comments?post=91231"}],"version-history":[{"count":41,"href":"https:\/\/www.swissraft.ch\/de\/wp-json\/wp\/v2\/product\/91231\/revisions"}],"predecessor-version":[{"id":139769,"href":"https:\/\/www.swissraft.ch\/de\/wp-json\/wp\/v2\/product\/91231\/revisions\/139769"}],"wp:featuredmedia":[{"embeddable":true,"href":"https:\/\/www.swissraft.ch\/de\/wp-json\/wp\/v2\/media\/90388"}],"wp:attachment":[{"href":"https:\/\/www.swissraft.ch\/de\/wp-json\/wp\/v2\/media?parent=91231"}],"wp:term":[{"taxonomy":"product_cat","embeddable":true,"href":"https:\/\/www.swissraft.ch\/de\/wp-json\/wp\/v2\/product_cat?post=91231"},{"taxonomy":"product_tag","embeddable":true,"href":"https:\/\/www.swissraft.ch\/de\/wp-json\/wp\/v2\/product_tag?post=91231"}],"curies":[{"name":"wp","href":"https:\/\/api.w.org\/{rel}","templated":true}]}}