{"id":91228,"date":"2024-04-23T19:20:30","date_gmt":"2024-04-23T17:20:30","guid":{"rendered":"https:\/\/swissraft.xyanzkdne.eu\/product\/iglubau-und-schneeschuhwandern-mit-fondue-in-amden-chf-195-00\/"},"modified":"2024-12-28T04:09:13","modified_gmt":"2024-12-28T03:09:13","slug":"iglubau-schneeschuhe-fondue-amden","status":"publish","type":"product","link":"https:\/\/www.swissraft.ch\/de\/produkt\/iglubau-schneeschuhe-fondue-amden\/","title":{"rendered":"Iglubau und Schneeschuhe mit Fondue in AMDEN &#8211; CHF 195.00"},"content":{"rendered":"\t\t<div data-elementor-type=\"wp-post\" data-elementor-id=\"91228\" class=\"elementor elementor-91228 elementor-65582\">\n\t\t\t\t\t\t\t\t\t<section class=\"elementor-section elementor-top-section elementor-element elementor-element-3303a7e3 elementor-section-boxed elementor-section-height-default elementor-section-height-default\" data-id=\"3303a7e3\" data-element_type=\"section\">\n\t\t\t\t\t\t<div class=\"elementor-container elementor-column-gap-default\">\n\t\t\t\t\t<div class=\"elementor-column elementor-col-100 elementor-top-column elementor-element elementor-element-16d72dbf\" data-id=\"16d72dbf\" data-element_type=\"column\">\n\t\t\t<div class=\"elementor-widget-wrap elementor-element-populated\">\n\t\t\t\t\t\t\t\t<div class=\"elementor-element elementor-element-d743c03 elementor-widget elementor-widget-text-editor\" data-id=\"d743c03\" data-element_type=\"widget\" data-widget_type=\"text-editor.default\">\n\t\t\t\t<div class=\"elementor-widget-container\">\n\t\t\t\t\t\t\t<h2>W\u00c4HLEN SIE UNTEN IHRE AKTIVIT\u00c4T AUS, UM GESCHENKGUTSCHEINE \/ TICKETS ZU VERSCHENKEN ODER ZU BUCHEN.<\/h2><table border=\"0\" width=\"580\" cellspacing=\"10\" cellpadding=\"10\"><tbody><tr><td width=\"50%\"><strong>IGLUBAU UND SCHNEESCHUHE + Fondue<\/strong><\/td><td><strong><span class=\"productPrice\">CHF 195.00 pro Person<\/span><\/strong><\/td><\/tr><tr><td>Weitere Informationen<\/td><td><p><span class=\"patt\">&#8211; Ab 4 Personen<br \/>&#8211; Auf Anfrage \u00dcbernachtung im Iglu<\/span><\/p><p><strong>Inklusive<\/strong><br \/>&#8211; Haftpflichtversicherung<br \/>&#8211; Schneeschuhe<br \/>&#8211; Fondue mit Wein<br \/>&#8211; Erinnerungsfotos auf CD-ROM<\/p><p><strong>Mitnehmen (Pers\u00f6nliche Gegenst\u00e4nde)<\/strong><br \/>&#8211; Warme Winterkleidung (z.B. Gortex)<br \/>&#8211; Handschuhe und M\u00fctze<br \/>&#8211; Sonnencreme und Brille<br \/>&#8211; Ski-\/Wanderst\u00f6cke (bitte teilen Sie uns mit, wenn Sie keine haben)<br \/>&#8211; Gute Wanderschuhe<br \/>&#8211; Gamaches (wir haben welche zur Verf\u00fcgung)<br \/>&#8211; Kleiner Rucksack (min. 35l Fassungsverm\u00f6gen f\u00fcr Proviant, Fondue, Wein&#8230;)<br \/>&#8211; Getr\u00e4nk<\/p><\/td><\/tr><tr><td>Treffpunkt<\/td><td><a href=\"https:\/\/www.google.ch\/maps\/search\/arr%C3%AAt+bus+d%E2%80%99Arvenb%C3%BCel\/@47.1474989,9.1519386,3070m\/data=!3m1!1e3!5m1!1e1?hl=fr&amp;entry=ttu\" target=\"_blank\" rel=\"noopener\">Bushaltestelle Arvenb\u00fcel<\/a><\/td><\/tr><tr><td>Starzeit<\/td><td>10h00<\/td><\/tr><tr><td>Gesamtdauer<\/td><td>ca. 5 Std.<\/td><\/tr><tr><td><a href=\"https:\/\/swissraft.outdoorbooking.ch\/fo\/products\/1165?base_id=69&amp;category_id=13&amp;order_type=gift_voucher&amp;lang=de\" target=\"_blank\" rel=\"noopener\"><button class=\"elementor-button\" type=\"button\">GUTSCHEIN KAUFEN<\/button><\/a><\/td><td>Um zu buchen : <a href=\"https:\/\/www.swissraft.ch\/de\/kontakt\/\">Kontaktieren Sie uns<\/a><\/td><\/tr><\/tbody><\/table>\t\t\t\t\t\t<\/div>\n\t\t\t\t<\/div>\n\t\t\t\t\t<\/div>\n\t\t<\/div>\n\t\t\t\t\t\t\t<\/div>\n\t\t<\/section>\n\t\t\t\t\t\t\t<\/div>\n\t\t","protected":false},"excerpt":{"rendered":"<div align=\"justify\">\n<h2 align=\"justify\">Erleben Sie in Amden oder anderswo einen Tag voller Abenteuer wie die Inuit im hohen Norden<\/h2>\n<h3>Lernen Sie, ein Iglu nach einer alten Technik zu bauen<\/h3>\n<\/div>\n<div align=\"justify\">\n<p>Die Sonne geht auf und wir beginnen unseren Schneeschuh-Trekking. Wir \u00fcberqueren die schneebedeckten Ebenen und genie\u00dfen die unber\u00fchrte Landschaft. Wir erreichen den Ort, an dem wir Iglus bauen. Mit Schaufeln bewaffnet, hackten wir Schneebl\u00f6cke, die wir sorgf\u00e4ltig zu unseren Unterk\u00fcnften aufschichteten. Gegen Mittag war es Zeit f\u00fcr ein Fondue. In einer gem\u00fctlichen Atmosph\u00e4re tunken wir Brotst\u00fccke in den geschmolzenen K\u00e4se und genie\u00dfen jeden Bissen mit Genuss. Am Nachmittag setzen wir unsere Arbeit fort, um unsere Iglus fertig zu stellen. Danach schnallen wir unsere Schneeschuhe wieder an und kehren zum Basislager zur\u00fcck.<\/p>\n<h3>W\u00e4hlen Sie Ihre Region und Swissraft kann Ihren Tag nach Ihren W\u00fcnschen gestalten.<\/h3>\n<p id=\"textarea\" style=\"display: none;\">Swissraft organisiert Iglu-Bauten und Schneeschuh-Trekking in der ganzen Schweiz, wo es genug Schnee gibt.<\/p>\n<p><a id=\"seeMore\"><\/a>Lesen Sie mehr<\/p>\n<\/div>\n","protected":false},"featured_media":90070,"comment_status":"open","ping_status":"closed","template":"","meta":{"inline_featured_image":false,"_mi_skip_tracking":false},"product_cat":[281,280],"product_tag":[],"class_list":["post-91228","product","type-product","status-publish","has-post-thumbnail","hentry","product_cat-iglubau-in-der-schweiz","product_cat-winter"],"yoast_head":"<!-- This site is optimized with the Yoast SEO plugin v23.6 - https:\/\/yoast.com\/wordpress\/plugins\/seo\/ -->\n<title>Iglubau und Schneeschuhe, ein erf\u00fcllter Tag<\/title>\n<meta name=\"description\" content=\"Iglubau und Schneeschuhe in Amden im Kanton St. Gallen. Bauen Sie Ihr eigenes Iglu unter den wachsamen Augen Ihres F\u00fchrers\" \/>\n<meta name=\"robots\" content=\"index, follow, max-snippet:-1, max-image-preview:large, max-video-preview:-1\" \/>\n<link rel=\"canonical\" href=\"https:\/\/www.swissraft.ch\/de\/produkt\/iglubau-schneeschuhe-fondue-amden\/\" \/>\n<meta property=\"og:locale\" content=\"de_DE\" \/>\n<meta property=\"og:type\" content=\"article\" \/>\n<meta property=\"og:title\" content=\"Iglubau und Schneeschuhe, ein erf\u00fcllter Tag\" \/>\n<meta property=\"og:description\" content=\"Iglubau und Schneeschuhe in Amden im Kanton St. Gallen. Bauen Sie Ihr eigenes Iglu unter den wachsamen Augen Ihres F\u00fchrers\" \/>\n<meta property=\"og:url\" content=\"https:\/\/www.swissraft.ch\/de\/produkt\/iglubau-schneeschuhe-fondue-amden\/\" \/>\n<meta property=\"og:site_name\" content=\"Swissraft\" \/>\n<meta property=\"article:modified_time\" content=\"2024-12-28T03:09:13+00:00\" \/>\n<meta property=\"og:image\" content=\"https:\/\/www.swissraft.ch\/wp-content\/uploads\/2023\/03\/Igloo-le-soir-776x776-1.jpg\" \/>\n\t<meta property=\"og:image:width\" content=\"776\" \/>\n\t<meta property=\"og:image:height\" content=\"776\" \/>\n\t<meta property=\"og:image:type\" content=\"image\/jpeg\" \/>\n<meta name=\"twitter:card\" content=\"summary_large_image\" \/>\n<meta name=\"twitter:label1\" content=\"Gesch\u00e4tzte Lesezeit\" \/>\n\t<meta name=\"twitter:data1\" content=\"1\u00a0Minute\" \/>\n<script type=\"application\/ld+json\" class=\"yoast-schema-graph\">{\"@context\":\"https:\/\/schema.org\",\"@graph\":[{\"@type\":\"WebPage\",\"@id\":\"https:\/\/www.swissraft.ch\/de\/produkt\/iglubau-schneeschuhe-fondue-amden\/\",\"url\":\"https:\/\/www.swissraft.ch\/de\/produkt\/iglubau-schneeschuhe-fondue-amden\/\",\"name\":\"Iglubau und Schneeschuhe, ein erf\u00fcllter Tag\",\"isPartOf\":{\"@id\":\"https:\/\/www.swissraft.ch\/de\/#website\"},\"primaryImageOfPage\":{\"@id\":\"https:\/\/www.swissraft.ch\/de\/produkt\/iglubau-schneeschuhe-fondue-amden\/#primaryimage\"},\"image\":{\"@id\":\"https:\/\/www.swissraft.ch\/de\/produkt\/iglubau-schneeschuhe-fondue-amden\/#primaryimage\"},\"thumbnailUrl\":\"https:\/\/www.swissraft.ch\/wp-content\/uploads\/2023\/03\/Igloo-le-soir-776x776-1.jpg\",\"datePublished\":\"2024-04-23T17:20:30+00:00\",\"dateModified\":\"2024-12-28T03:09:13+00:00\",\"description\":\"Iglubau und Schneeschuhe in Amden im Kanton St. Gallen. Bauen Sie Ihr eigenes Iglu unter den wachsamen Augen Ihres F\u00fchrers\",\"breadcrumb\":{\"@id\":\"https:\/\/www.swissraft.ch\/de\/produkt\/iglubau-schneeschuhe-fondue-amden\/#breadcrumb\"},\"inLanguage\":\"de\",\"potentialAction\":[{\"@type\":\"ReadAction\",\"target\":[\"https:\/\/www.swissraft.ch\/de\/produkt\/iglubau-schneeschuhe-fondue-amden\/\"]}]},{\"@type\":\"ImageObject\",\"inLanguage\":\"de\",\"@id\":\"https:\/\/www.swissraft.ch\/de\/produkt\/iglubau-schneeschuhe-fondue-amden\/#primaryimage\",\"url\":\"https:\/\/www.swissraft.ch\/wp-content\/uploads\/2023\/03\/Igloo-le-soir-776x776-1.jpg\",\"contentUrl\":\"https:\/\/www.swissraft.ch\/wp-content\/uploads\/2023\/03\/Igloo-le-soir-776x776-1.jpg\",\"width\":776,\"height\":776,\"caption\":\"Iglubau und Schneeschuhwandern in Amden\"},{\"@type\":\"BreadcrumbList\",\"@id\":\"https:\/\/www.swissraft.ch\/de\/produkt\/iglubau-schneeschuhe-fondue-amden\/#breadcrumb\",\"itemListElement\":[{\"@type\":\"ListItem\",\"position\":1,\"name\":\"Accueil\",\"item\":\"https:\/\/www.swissraft.ch\/de\/\"},{\"@type\":\"ListItem\",\"position\":2,\"name\":\"Shop\",\"item\":\"https:\/\/www.swissraft.ch\/de\/shop\/\"},{\"@type\":\"ListItem\",\"position\":3,\"name\":\"Iglubau und Schneeschuhe mit Fondue in AMDEN &#8211; CHF 195.00\"}]},{\"@type\":\"WebSite\",\"@id\":\"https:\/\/www.swissraft.ch\/de\/#website\",\"url\":\"https:\/\/www.swissraft.ch\/de\/\",\"name\":\"Swissraft\",\"description\":\"To enjoy nature as it is\",\"publisher\":{\"@id\":\"https:\/\/www.swissraft.ch\/de\/#organization\"},\"potentialAction\":[{\"@type\":\"SearchAction\",\"target\":{\"@type\":\"EntryPoint\",\"urlTemplate\":\"https:\/\/www.swissraft.ch\/de\/?s={search_term_string}\"},\"query-input\":{\"@type\":\"PropertyValueSpecification\",\"valueRequired\":true,\"valueName\":\"search_term_string\"}}],\"inLanguage\":\"de\"},{\"@type\":\"Organization\",\"@id\":\"https:\/\/www.swissraft.ch\/de\/#organization\",\"name\":\"Swissraft\",\"url\":\"https:\/\/www.swissraft.ch\/de\/\",\"logo\":{\"@type\":\"ImageObject\",\"inLanguage\":\"de\",\"@id\":\"https:\/\/www.swissraft.ch\/de\/#\/schema\/logo\/image\/\",\"url\":\"https:\/\/www.swissraft.ch\/wp-content\/uploads\/2025\/09\/Capture.jpg\",\"contentUrl\":\"https:\/\/www.swissraft.ch\/wp-content\/uploads\/2025\/09\/Capture.jpg\",\"width\":293,\"height\":108,\"caption\":\"Swissraft\"},\"image\":{\"@id\":\"https:\/\/www.swissraft.ch\/de\/#\/schema\/logo\/image\/\"}}]}<\/script>\n<!-- \/ Yoast SEO plugin. -->","yoast_head_json":{"title":"Iglubau und Schneeschuhe, ein erf\u00fcllter Tag","description":"Iglubau und Schneeschuhe in Amden im Kanton St. Gallen. Bauen Sie Ihr eigenes Iglu unter den wachsamen Augen Ihres F\u00fchrers","robots":{"index":"index","follow":"follow","max-snippet":"max-snippet:-1","max-image-preview":"max-image-preview:large","max-video-preview":"max-video-preview:-1"},"canonical":"https:\/\/www.swissraft.ch\/de\/produkt\/iglubau-schneeschuhe-fondue-amden\/","og_locale":"de_DE","og_type":"article","og_title":"Iglubau und Schneeschuhe, ein erf\u00fcllter Tag","og_description":"Iglubau und Schneeschuhe in Amden im Kanton St. Gallen. Bauen Sie Ihr eigenes Iglu unter den wachsamen Augen Ihres F\u00fchrers","og_url":"https:\/\/www.swissraft.ch\/de\/produkt\/iglubau-schneeschuhe-fondue-amden\/","og_site_name":"Swissraft","article_modified_time":"2024-12-28T03:09:13+00:00","og_image":[{"width":776,"height":776,"url":"https:\/\/www.swissraft.ch\/wp-content\/uploads\/2023\/03\/Igloo-le-soir-776x776-1.jpg","type":"image\/jpeg"}],"twitter_card":"summary_large_image","twitter_misc":{"Gesch\u00e4tzte Lesezeit":"1\u00a0Minute"},"schema":{"@context":"https:\/\/schema.org","@graph":[{"@type":"WebPage","@id":"https:\/\/www.swissraft.ch\/de\/produkt\/iglubau-schneeschuhe-fondue-amden\/","url":"https:\/\/www.swissraft.ch\/de\/produkt\/iglubau-schneeschuhe-fondue-amden\/","name":"Iglubau und Schneeschuhe, ein erf\u00fcllter Tag","isPartOf":{"@id":"https:\/\/www.swissraft.ch\/de\/#website"},"primaryImageOfPage":{"@id":"https:\/\/www.swissraft.ch\/de\/produkt\/iglubau-schneeschuhe-fondue-amden\/#primaryimage"},"image":{"@id":"https:\/\/www.swissraft.ch\/de\/produkt\/iglubau-schneeschuhe-fondue-amden\/#primaryimage"},"thumbnailUrl":"https:\/\/www.swissraft.ch\/wp-content\/uploads\/2023\/03\/Igloo-le-soir-776x776-1.jpg","datePublished":"2024-04-23T17:20:30+00:00","dateModified":"2024-12-28T03:09:13+00:00","description":"Iglubau und Schneeschuhe in Amden im Kanton St. Gallen. Bauen Sie Ihr eigenes Iglu unter den wachsamen Augen Ihres F\u00fchrers","breadcrumb":{"@id":"https:\/\/www.swissraft.ch\/de\/produkt\/iglubau-schneeschuhe-fondue-amden\/#breadcrumb"},"inLanguage":"de","potentialAction":[{"@type":"ReadAction","target":["https:\/\/www.swissraft.ch\/de\/produkt\/iglubau-schneeschuhe-fondue-amden\/"]}]},{"@type":"ImageObject","inLanguage":"de","@id":"https:\/\/www.swissraft.ch\/de\/produkt\/iglubau-schneeschuhe-fondue-amden\/#primaryimage","url":"https:\/\/www.swissraft.ch\/wp-content\/uploads\/2023\/03\/Igloo-le-soir-776x776-1.jpg","contentUrl":"https:\/\/www.swissraft.ch\/wp-content\/uploads\/2023\/03\/Igloo-le-soir-776x776-1.jpg","width":776,"height":776,"caption":"Iglubau und Schneeschuhwandern in Amden"},{"@type":"BreadcrumbList","@id":"https:\/\/www.swissraft.ch\/de\/produkt\/iglubau-schneeschuhe-fondue-amden\/#breadcrumb","itemListElement":[{"@type":"ListItem","position":1,"name":"Accueil","item":"https:\/\/www.swissraft.ch\/de\/"},{"@type":"ListItem","position":2,"name":"Shop","item":"https:\/\/www.swissraft.ch\/de\/shop\/"},{"@type":"ListItem","position":3,"name":"Iglubau und Schneeschuhe mit Fondue in AMDEN &#8211; CHF 195.00"}]},{"@type":"WebSite","@id":"https:\/\/www.swissraft.ch\/de\/#website","url":"https:\/\/www.swissraft.ch\/de\/","name":"Swissraft","description":"To enjoy nature as it is","publisher":{"@id":"https:\/\/www.swissraft.ch\/de\/#organization"},"potentialAction":[{"@type":"SearchAction","target":{"@type":"EntryPoint","urlTemplate":"https:\/\/www.swissraft.ch\/de\/?s={search_term_string}"},"query-input":{"@type":"PropertyValueSpecification","valueRequired":true,"valueName":"search_term_string"}}],"inLanguage":"de"},{"@type":"Organization","@id":"https:\/\/www.swissraft.ch\/de\/#organization","name":"Swissraft","url":"https:\/\/www.swissraft.ch\/de\/","logo":{"@type":"ImageObject","inLanguage":"de","@id":"https:\/\/www.swissraft.ch\/de\/#\/schema\/logo\/image\/","url":"https:\/\/www.swissraft.ch\/wp-content\/uploads\/2025\/09\/Capture.jpg","contentUrl":"https:\/\/www.swissraft.ch\/wp-content\/uploads\/2025\/09\/Capture.jpg","width":293,"height":108,"caption":"Swissraft"},"image":{"@id":"https:\/\/www.swissraft.ch\/de\/#\/schema\/logo\/image\/"}}]}},"_links":{"self":[{"href":"https:\/\/www.swissraft.ch\/de\/wp-json\/wp\/v2\/product\/91228","targetHints":{"allow":["GET"]}}],"collection":[{"href":"https:\/\/www.swissraft.ch\/de\/wp-json\/wp\/v2\/product"}],"about":[{"href":"https:\/\/www.swissraft.ch\/de\/wp-json\/wp\/v2\/types\/product"}],"replies":[{"embeddable":true,"href":"https:\/\/www.swissraft.ch\/de\/wp-json\/wp\/v2\/comments?post=91228"}],"version-history":[{"count":1,"href":"https:\/\/www.swissraft.ch\/de\/wp-json\/wp\/v2\/product\/91228\/revisions"}],"predecessor-version":[{"id":125046,"href":"https:\/\/www.swissraft.ch\/de\/wp-json\/wp\/v2\/product\/91228\/revisions\/125046"}],"wp:featuredmedia":[{"embeddable":true,"href":"https:\/\/www.swissraft.ch\/de\/wp-json\/wp\/v2\/media\/90070"}],"wp:attachment":[{"href":"https:\/\/www.swissraft.ch\/de\/wp-json\/wp\/v2\/media?parent=91228"}],"wp:term":[{"taxonomy":"product_cat","embeddable":true,"href":"https:\/\/www.swissraft.ch\/de\/wp-json\/wp\/v2\/product_cat?post=91228"},{"taxonomy":"product_tag","embeddable":true,"href":"https:\/\/www.swissraft.ch\/de\/wp-json\/wp\/v2\/product_tag?post=91228"}],"curies":[{"name":"wp","href":"https:\/\/api.w.org\/{rel}","templated":true}]}}