{"id":91223,"date":"2024-05-25T19:23:49","date_gmt":"2024-05-25T17:23:49","guid":{"rendered":"https:\/\/swissraft.xyanzkdne.eu\/product\/kanufahrt-funyak-auf-dem-rhein-ilanz-reichenau-ab-chf-185-00\/"},"modified":"2026-04-12T22:40:11","modified_gmt":"2026-04-12T20:40:11","slug":"kanu-funyak-rhein-ilanz-reichenau","status":"publish","type":"product","link":"https:\/\/www.swissraft.ch\/de\/produkt\/kanu-funyak-rhein-ilanz-reichenau\/","title":{"rendered":"Kanu oder Funyak &#8211; Rhein &#8211; Ilanz-Reichenau &#8211; Ab CHF 185.00"},"content":{"rendered":"\t\t<div data-elementor-type=\"wp-post\" data-elementor-id=\"91223\" class=\"elementor elementor-91223 elementor-67931\">\n\t\t\t\t\t\t\t\t\t<section class=\"elementor-section elementor-top-section elementor-element elementor-element-3303a7e3 elementor-section-boxed elementor-section-height-default elementor-section-height-default\" data-id=\"3303a7e3\" data-element_type=\"section\">\n\t\t\t\t\t\t<div class=\"elementor-container elementor-column-gap-default\">\n\t\t\t\t\t<div class=\"elementor-column elementor-col-100 elementor-top-column elementor-element elementor-element-16d72dbf\" data-id=\"16d72dbf\" data-element_type=\"column\">\n\t\t\t<div class=\"elementor-widget-wrap elementor-element-populated\">\n\t\t\t\t\t\t\t\t<div class=\"elementor-element elementor-element-d743c03 elementor-widget elementor-widget-text-editor\" data-id=\"d743c03\" data-element_type=\"widget\" data-widget_type=\"text-editor.default\">\n\t\t\t\t<div class=\"elementor-widget-container\">\n\t\t\t\t\t\t\t<h2>W\u00c4HLEN SIE UNTEN IHRE AKTIVIT\u00c4T AUS, UM GESCHENKGUTSCHEINE \/ TICKETS ZU VERSCHENKEN ODER ZU BUCHEN<\/h2><table border=\"0\" width=\"580\" cellspacing=\"10\" cellpadding=\"10\"><tbody><tr><td width=\"50%\"><strong>KANU ODER FUNYAK &#8211; RHEIN + Aperitif<\/strong><\/td><td><strong><span class=\"productPrice\">CHF 225.00 pro Person<\/span><\/strong><\/td><\/tr><tr><td>Zus\u00e4tzliche Informationen<\/td><td><span class=\"patt\">&#8211; <span class=\"plbl\">Jugendpreis <\/span>: <strong>CHF 185.00<\/strong>\/Pers. bis 17 j\u00e4hrig<br \/>&#8211; Mindestalter : 14 j\u00e4hrig<br \/>&#8211; Mindestgr\u00f6\u00dfe : 155 cm<br \/>&#8211; Schulpreis : <span class=\"patt\" style=\"font-family: inherit; font-size: inherit;\"><span class=\"plbl\"><a href=\"https:\/\/www.swissraft.ch\/de\/kontakt\/\">kontaktieren Sie uns<\/a><\/span><\/span><\/span><\/td><\/tr><tr><td>Startzeit<\/td><td>09h35<\/td><\/tr><tr><td>Kanu oder Funyak<\/td><td>ca. 2 Std.<\/td><\/tr><tr><td>Gesamtdauer<\/td><td>ca. 3,5 Std.<\/td><\/tr><tr><td>Treffpunkt<\/td><td><a href=\"https:\/\/www.google.com\/maps\/place\/46%C2%B046'28.2%22N+9%C2%B012'08.3%22E\/@46.7746002,9.1999419,386m\/data=!3m1!1e3!4m13!1m8!3m7!1s0x4784de22ee9a53d5:0x62b8f6e951370e3d!2sIlanz!3b1!8m2!3d46.77421!4d9.20474!16zL20vMDV3c2Qy!3m3!8m2!3d46.7745!4d9.2023056?entry=ttu\" target=\"_blank\" rel=\"noopener\">Ilanz<\/a><\/td><\/tr><tr><td>Schwierigkeitsgrad<\/td><td>2-3+<\/td><\/tr><tr><td><a href=\"https:\/\/swissraft.outdoorbooking.ch\/fo\/products\/1937?base_id=2&amp;category_id=9&amp;order_type=gift_voucher&amp;lang=de\" target=\"_blank\" rel=\"noopener\"><button class=\"elementor-button\" type=\"button\">GUTSCHEIN \/ TICKET KAUFEN<\/button><\/a><\/td><td><a href=\"https:\/\/swissraft.outdoorbooking.ch\/fo\/products\/1937?base_id=2&amp;category_id=9&amp;order_type=event&amp;lang=de\" target=\"_blank\" rel=\"noopener\">RESERVIEREN SIE EIN DATUM <\/a>\u00a0<strong><span class=\"productPrice\">CHF 225.00<\/span><\/strong><span class=\"productPrice\">\/Pers.<\/span><\/td><\/tr><tr><td><a href=\"https:\/\/swissraft.outdoorbooking.ch\/fo\/products\/1938?base_id=2&amp;category_id=9&amp;order_type=gift_voucher&amp;lang=de\" target=\"_blank\" rel=\"noopener\"><button class=\"elementor-button\" type=\"button\">GUTSCHEIN \/ TICKET KAUFEN<\/button><\/a><\/td><td><a href=\"https:\/\/swissraft.outdoorbooking.ch\/fo\/products\/1938?base_id=2&amp;category_id=9&amp;order_type=event&amp;lang=de\" target=\"_blank\" rel=\"noopener\">RESERVIEREN SIE EIN DATUM\u00a0 <\/a><strong>CHF 185.00<\/strong>\/Pers.<strong> (4-8<\/strong><strong> Pers<\/strong><strong>.)<\/strong><\/td><\/tr><\/tbody><\/table>\t\t\t\t\t\t<\/div>\n\t\t\t\t<\/div>\n\t\t\t\t\t<\/div>\n\t\t<\/div>\n\t\t\t\t\t\t\t<\/div>\n\t\t<\/section>\n\t\t\t\t\t\t\t<\/div>\n\t\t","protected":false},"excerpt":{"rendered":"<div align=\"justify\">\n<h2 align=\"justify\">Kanu oder Funyak zwischen Ilanz und Reichenau auf dem Rhein ist sportlich und Sie werden von professionellen F\u00fchrern betreut.<\/h2>\n<h3>An diesem Tag machen wir unterwegs einen Picknick- oder BBQ-Stopp.<\/h3>\n<\/div>\n<div align=\"justify\">\n<p>Wir beginnen unsere Kanufahrt in Ilanz am Vorderrhein. Schnell paddeln wir durch eine atemberaubende Landschaft. Das klare Wasser glitzert in der Sonne. Von Zeit zu Zeit treffen wir auf aufregende Stromschnellen. Der Nervenkitzel ist gro\u00df.<br \/>\nUnterwegs bewundern wir die nat\u00fcrliche Sch\u00f6nheit der Rheinschlucht, Sie befinden sich im Swiss Grand Canyon. Die Felsw\u00e4nde erheben sich majest\u00e4tisch um uns herum. Dann beschlie\u00dfen wir, in Versam eine Pause einzulegen. Dieser Ort ist perfekt f\u00fcr ein Picknick oder einen Grillabend.<br \/>\nWir gehen an einem kleinen Kieselstrand an Land. Danach schlagen wir unser Lager f\u00fcr das Mittagessen auf. Das Grillgut knistert auf dem Feuer. Der k\u00f6stliche Geruch liegt in der Luft. In der Zwischenzeit erkunden einige die Umgebung. Andere entspannen sich einfach am Wasser. Nach unserer Pause setzen wir unsere Kanufahrt fort. Der Fluss schl\u00e4ngelt sich weiter zwischen den Klippen hindurch. Die Str\u00f6mungen tragen uns langsam in Richtung Reichenau. Auf dem Weg genie\u00dfen wir die Ruhe und Gelassenheit des Ortes. Schlie\u00dflich erreichen wir Reichenau. Wir sind zufrieden, dass wir den Abstieg geschafft haben. Wir tauschen unsere Eindr\u00fccke aus und freuen uns \u00fcber dieses Abenteuer. Die Erinnerungen an diesen Tag werden uns noch lange in Erinnerung bleiben. Diese Erfahrung auf dem Vorderrhein muss unbedingt wiederholt werden.<\/p>\n<h3>Wir bieten Ihnen vier weitere Kanu- und Funyakstrecken auf dem Rhein.<\/h3>\n<p id=\"textarea\" style=\"display: none;\">\nSie k\u00f6nnen von Ilanz nach Valendas mit dem Funyak auf dem Vorderrhein hinunterfahren, ein halbt\u00e4giges Abenteuer. Ebenso gibt es die klassische Kanufahrt von Versam nach Reichenau. Weiter unten am Rheinfall stehen Ihnen zwei Strecken zur Verf\u00fcgung: Schaffhausen &#8211; Rheinau ein halber Tag oder Schaffhausen &#8211; R\u00fcdlingen ein ganzer Tag Kanu oder Funyak. Auf der Reuss sind die Halbtagestouren von Bremgarten nach Mellingen, von Mellingen nach Gebenstorf und die Tagestour Bremgarten &#8211; Gebenstorf ebenfalls sehr beliebt. Im Wallis, an der Rhone, ist der Abschnitt Chippis bis St. L\u00e9onard ein beliebtes Ausflugsziel. Die Abfahrt St. L\u00e9onard ist f\u00fcr Familien und ihre Kinder geeignet, die auf der Suche nach einem Abenteuer sind. Ein sportlicherer Abschnitt zwischen Sousten und Siders, den Sie unbedingt machen sollten, wenn Sie Action m\u00f6gen. Im Tessin auf dem Ticino k\u00f6nnen Sie auf der Funyak-Strecke von Cresciano nach Gorduno eine mediterrane Atmosph\u00e4re erleben.\n<\/p>\n<p><a id=\"seeMore\" onclick=\"toggleSeeMore()\" href=\"javascript:void(0);\">Lesen Sie mehr<\/a><\/p>\n","protected":false},"featured_media":90331,"comment_status":"open","ping_status":"closed","template":"","meta":{"inline_featured_image":false,"_mi_skip_tracking":false},"product_cat":[268,269],"product_tag":[],"class_list":["post-91223","product","type-product","status-publish","has-post-thumbnail","hentry","product_cat-kanu-funyak-oder-ducky-in-der-schweiz","product_cat-kanu-funyak-rhein"],"yoast_head":"<!-- This site is optimized with the Yoast SEO plugin v23.6 - https:\/\/yoast.com\/wordpress\/plugins\/seo\/ -->\n<title>Kanu Ilanz-Reichenau auf dem Rhein und im Swiss Grand Canyon<\/title>\n<meta name=\"description\" content=\"Kanu Ilanz-Reichenau, auf dem Rhein im ber\u00fchmten Swiss Grand Canyon. Ein sportlicher Tagesabschnitt des Rheins, den Action-Fans lieben werden.\" \/>\n<meta name=\"robots\" content=\"index, follow, max-snippet:-1, max-image-preview:large, max-video-preview:-1\" \/>\n<link rel=\"canonical\" href=\"https:\/\/www.swissraft.ch\/de\/produkt\/kanu-funyak-rhein-ilanz-reichenau\/\" \/>\n<meta property=\"og:locale\" content=\"de_DE\" \/>\n<meta property=\"og:type\" content=\"article\" \/>\n<meta property=\"og:title\" content=\"Kanu Ilanz-Reichenau auf dem Rhein und im Swiss Grand Canyon\" \/>\n<meta property=\"og:description\" content=\"Kanu Ilanz-Reichenau, auf dem Rhein im ber\u00fchmten Swiss Grand Canyon. Ein sportlicher Tagesabschnitt des Rheins, den Action-Fans lieben werden.\" \/>\n<meta property=\"og:url\" content=\"https:\/\/www.swissraft.ch\/de\/produkt\/kanu-funyak-rhein-ilanz-reichenau\/\" \/>\n<meta property=\"og:site_name\" content=\"Swissraft\" \/>\n<meta property=\"article:modified_time\" content=\"2026-04-12T20:40:11+00:00\" \/>\n<meta property=\"og:image\" content=\"https:\/\/www.swissraft.ch\/wp-content\/uploads\/2023\/02\/1-1-Kanufahrt-Vorderrhein-776x776-1.jpg\" \/>\n\t<meta property=\"og:image:width\" content=\"1536\" \/>\n\t<meta property=\"og:image:height\" content=\"1536\" \/>\n\t<meta property=\"og:image:type\" content=\"image\/jpeg\" \/>\n<meta name=\"twitter:card\" content=\"summary_large_image\" \/>\n<meta name=\"twitter:label1\" content=\"Gesch\u00e4tzte Lesezeit\" \/>\n\t<meta name=\"twitter:data1\" content=\"1\u00a0Minute\" \/>\n<script type=\"application\/ld+json\" class=\"yoast-schema-graph\">{\"@context\":\"https:\/\/schema.org\",\"@graph\":[{\"@type\":\"WebPage\",\"@id\":\"https:\/\/www.swissraft.ch\/de\/produkt\/kanu-funyak-rhein-ilanz-reichenau\/\",\"url\":\"https:\/\/www.swissraft.ch\/de\/produkt\/kanu-funyak-rhein-ilanz-reichenau\/\",\"name\":\"Kanu Ilanz-Reichenau auf dem Rhein und im Swiss Grand Canyon\",\"isPartOf\":{\"@id\":\"https:\/\/www.swissraft.ch\/de\/#website\"},\"primaryImageOfPage\":{\"@id\":\"https:\/\/www.swissraft.ch\/de\/produkt\/kanu-funyak-rhein-ilanz-reichenau\/#primaryimage\"},\"image\":{\"@id\":\"https:\/\/www.swissraft.ch\/de\/produkt\/kanu-funyak-rhein-ilanz-reichenau\/#primaryimage\"},\"thumbnailUrl\":\"https:\/\/www.swissraft.ch\/wp-content\/uploads\/2023\/02\/1-1-Kanufahrt-Vorderrhein-776x776-1.jpg\",\"datePublished\":\"2024-05-25T17:23:49+00:00\",\"dateModified\":\"2026-04-12T20:40:11+00:00\",\"description\":\"Kanu Ilanz-Reichenau, auf dem Rhein im ber\u00fchmten Swiss Grand Canyon. Ein sportlicher Tagesabschnitt des Rheins, den Action-Fans lieben werden.\",\"breadcrumb\":{\"@id\":\"https:\/\/www.swissraft.ch\/de\/produkt\/kanu-funyak-rhein-ilanz-reichenau\/#breadcrumb\"},\"inLanguage\":\"de\",\"potentialAction\":[{\"@type\":\"ReadAction\",\"target\":[\"https:\/\/www.swissraft.ch\/de\/produkt\/kanu-funyak-rhein-ilanz-reichenau\/\"]}]},{\"@type\":\"ImageObject\",\"inLanguage\":\"de\",\"@id\":\"https:\/\/www.swissraft.ch\/de\/produkt\/kanu-funyak-rhein-ilanz-reichenau\/#primaryimage\",\"url\":\"https:\/\/www.swissraft.ch\/wp-content\/uploads\/2023\/02\/1-1-Kanufahrt-Vorderrhein-776x776-1.jpg\",\"contentUrl\":\"https:\/\/www.swissraft.ch\/wp-content\/uploads\/2023\/02\/1-1-Kanufahrt-Vorderrhein-776x776-1.jpg\",\"width\":1536,\"height\":1536,\"caption\":\"Kanufahren auf dem Rhein zwischen Ilanz und Reichenau auf dem Rhein\"},{\"@type\":\"BreadcrumbList\",\"@id\":\"https:\/\/www.swissraft.ch\/de\/produkt\/kanu-funyak-rhein-ilanz-reichenau\/#breadcrumb\",\"itemListElement\":[{\"@type\":\"ListItem\",\"position\":1,\"name\":\"Accueil\",\"item\":\"https:\/\/www.swissraft.ch\/de\/\"},{\"@type\":\"ListItem\",\"position\":2,\"name\":\"Shop\",\"item\":\"https:\/\/www.swissraft.ch\/de\/shop\/\"},{\"@type\":\"ListItem\",\"position\":3,\"name\":\"Kanu oder Funyak &#8211; Rhein &#8211; Ilanz-Reichenau &#8211; Ab CHF 185.00\"}]},{\"@type\":\"WebSite\",\"@id\":\"https:\/\/www.swissraft.ch\/de\/#website\",\"url\":\"https:\/\/www.swissraft.ch\/de\/\",\"name\":\"Swissraft\",\"description\":\"To enjoy nature as it is\",\"publisher\":{\"@id\":\"https:\/\/www.swissraft.ch\/de\/#organization\"},\"potentialAction\":[{\"@type\":\"SearchAction\",\"target\":{\"@type\":\"EntryPoint\",\"urlTemplate\":\"https:\/\/www.swissraft.ch\/de\/?s={search_term_string}\"},\"query-input\":{\"@type\":\"PropertyValueSpecification\",\"valueRequired\":true,\"valueName\":\"search_term_string\"}}],\"inLanguage\":\"de\"},{\"@type\":\"Organization\",\"@id\":\"https:\/\/www.swissraft.ch\/de\/#organization\",\"name\":\"Swissraft\",\"url\":\"https:\/\/www.swissraft.ch\/de\/\",\"logo\":{\"@type\":\"ImageObject\",\"inLanguage\":\"de\",\"@id\":\"https:\/\/www.swissraft.ch\/de\/#\/schema\/logo\/image\/\",\"url\":\"https:\/\/www.swissraft.ch\/wp-content\/uploads\/2025\/09\/Capture.jpg\",\"contentUrl\":\"https:\/\/www.swissraft.ch\/wp-content\/uploads\/2025\/09\/Capture.jpg\",\"width\":293,\"height\":108,\"caption\":\"Swissraft\"},\"image\":{\"@id\":\"https:\/\/www.swissraft.ch\/de\/#\/schema\/logo\/image\/\"}}]}<\/script>\n<!-- \/ Yoast SEO plugin. -->","yoast_head_json":{"title":"Kanu Ilanz-Reichenau auf dem Rhein und im Swiss Grand Canyon","description":"Kanu Ilanz-Reichenau, auf dem Rhein im ber\u00fchmten Swiss Grand Canyon. Ein sportlicher Tagesabschnitt des Rheins, den Action-Fans lieben werden.","robots":{"index":"index","follow":"follow","max-snippet":"max-snippet:-1","max-image-preview":"max-image-preview:large","max-video-preview":"max-video-preview:-1"},"canonical":"https:\/\/www.swissraft.ch\/de\/produkt\/kanu-funyak-rhein-ilanz-reichenau\/","og_locale":"de_DE","og_type":"article","og_title":"Kanu Ilanz-Reichenau auf dem Rhein und im Swiss Grand Canyon","og_description":"Kanu Ilanz-Reichenau, auf dem Rhein im ber\u00fchmten Swiss Grand Canyon. Ein sportlicher Tagesabschnitt des Rheins, den Action-Fans lieben werden.","og_url":"https:\/\/www.swissraft.ch\/de\/produkt\/kanu-funyak-rhein-ilanz-reichenau\/","og_site_name":"Swissraft","article_modified_time":"2026-04-12T20:40:11+00:00","og_image":[{"width":1536,"height":1536,"url":"https:\/\/www.swissraft.ch\/wp-content\/uploads\/2023\/02\/1-1-Kanufahrt-Vorderrhein-776x776-1.jpg","type":"image\/jpeg"}],"twitter_card":"summary_large_image","twitter_misc":{"Gesch\u00e4tzte Lesezeit":"1\u00a0Minute"},"schema":{"@context":"https:\/\/schema.org","@graph":[{"@type":"WebPage","@id":"https:\/\/www.swissraft.ch\/de\/produkt\/kanu-funyak-rhein-ilanz-reichenau\/","url":"https:\/\/www.swissraft.ch\/de\/produkt\/kanu-funyak-rhein-ilanz-reichenau\/","name":"Kanu Ilanz-Reichenau auf dem Rhein und im Swiss Grand Canyon","isPartOf":{"@id":"https:\/\/www.swissraft.ch\/de\/#website"},"primaryImageOfPage":{"@id":"https:\/\/www.swissraft.ch\/de\/produkt\/kanu-funyak-rhein-ilanz-reichenau\/#primaryimage"},"image":{"@id":"https:\/\/www.swissraft.ch\/de\/produkt\/kanu-funyak-rhein-ilanz-reichenau\/#primaryimage"},"thumbnailUrl":"https:\/\/www.swissraft.ch\/wp-content\/uploads\/2023\/02\/1-1-Kanufahrt-Vorderrhein-776x776-1.jpg","datePublished":"2024-05-25T17:23:49+00:00","dateModified":"2026-04-12T20:40:11+00:00","description":"Kanu Ilanz-Reichenau, auf dem Rhein im ber\u00fchmten Swiss Grand Canyon. Ein sportlicher Tagesabschnitt des Rheins, den Action-Fans lieben werden.","breadcrumb":{"@id":"https:\/\/www.swissraft.ch\/de\/produkt\/kanu-funyak-rhein-ilanz-reichenau\/#breadcrumb"},"inLanguage":"de","potentialAction":[{"@type":"ReadAction","target":["https:\/\/www.swissraft.ch\/de\/produkt\/kanu-funyak-rhein-ilanz-reichenau\/"]}]},{"@type":"ImageObject","inLanguage":"de","@id":"https:\/\/www.swissraft.ch\/de\/produkt\/kanu-funyak-rhein-ilanz-reichenau\/#primaryimage","url":"https:\/\/www.swissraft.ch\/wp-content\/uploads\/2023\/02\/1-1-Kanufahrt-Vorderrhein-776x776-1.jpg","contentUrl":"https:\/\/www.swissraft.ch\/wp-content\/uploads\/2023\/02\/1-1-Kanufahrt-Vorderrhein-776x776-1.jpg","width":1536,"height":1536,"caption":"Kanufahren auf dem Rhein zwischen Ilanz und Reichenau auf dem Rhein"},{"@type":"BreadcrumbList","@id":"https:\/\/www.swissraft.ch\/de\/produkt\/kanu-funyak-rhein-ilanz-reichenau\/#breadcrumb","itemListElement":[{"@type":"ListItem","position":1,"name":"Accueil","item":"https:\/\/www.swissraft.ch\/de\/"},{"@type":"ListItem","position":2,"name":"Shop","item":"https:\/\/www.swissraft.ch\/de\/shop\/"},{"@type":"ListItem","position":3,"name":"Kanu oder Funyak &#8211; Rhein &#8211; Ilanz-Reichenau &#8211; Ab CHF 185.00"}]},{"@type":"WebSite","@id":"https:\/\/www.swissraft.ch\/de\/#website","url":"https:\/\/www.swissraft.ch\/de\/","name":"Swissraft","description":"To enjoy nature as it is","publisher":{"@id":"https:\/\/www.swissraft.ch\/de\/#organization"},"potentialAction":[{"@type":"SearchAction","target":{"@type":"EntryPoint","urlTemplate":"https:\/\/www.swissraft.ch\/de\/?s={search_term_string}"},"query-input":{"@type":"PropertyValueSpecification","valueRequired":true,"valueName":"search_term_string"}}],"inLanguage":"de"},{"@type":"Organization","@id":"https:\/\/www.swissraft.ch\/de\/#organization","name":"Swissraft","url":"https:\/\/www.swissraft.ch\/de\/","logo":{"@type":"ImageObject","inLanguage":"de","@id":"https:\/\/www.swissraft.ch\/de\/#\/schema\/logo\/image\/","url":"https:\/\/www.swissraft.ch\/wp-content\/uploads\/2025\/09\/Capture.jpg","contentUrl":"https:\/\/www.swissraft.ch\/wp-content\/uploads\/2025\/09\/Capture.jpg","width":293,"height":108,"caption":"Swissraft"},"image":{"@id":"https:\/\/www.swissraft.ch\/de\/#\/schema\/logo\/image\/"}}]}},"_links":{"self":[{"href":"https:\/\/www.swissraft.ch\/de\/wp-json\/wp\/v2\/product\/91223","targetHints":{"allow":["GET"]}}],"collection":[{"href":"https:\/\/www.swissraft.ch\/de\/wp-json\/wp\/v2\/product"}],"about":[{"href":"https:\/\/www.swissraft.ch\/de\/wp-json\/wp\/v2\/types\/product"}],"replies":[{"embeddable":true,"href":"https:\/\/www.swissraft.ch\/de\/wp-json\/wp\/v2\/comments?post=91223"}],"version-history":[{"count":18,"href":"https:\/\/www.swissraft.ch\/de\/wp-json\/wp\/v2\/product\/91223\/revisions"}],"predecessor-version":[{"id":139818,"href":"https:\/\/www.swissraft.ch\/de\/wp-json\/wp\/v2\/product\/91223\/revisions\/139818"}],"wp:featuredmedia":[{"embeddable":true,"href":"https:\/\/www.swissraft.ch\/de\/wp-json\/wp\/v2\/media\/90331"}],"wp:attachment":[{"href":"https:\/\/www.swissraft.ch\/de\/wp-json\/wp\/v2\/media?parent=91223"}],"wp:term":[{"taxonomy":"product_cat","embeddable":true,"href":"https:\/\/www.swissraft.ch\/de\/wp-json\/wp\/v2\/product_cat?post=91223"},{"taxonomy":"product_tag","embeddable":true,"href":"https:\/\/www.swissraft.ch\/de\/wp-json\/wp\/v2\/product_tag?post=91223"}],"curies":[{"name":"wp","href":"https:\/\/api.w.org\/{rel}","templated":true}]}}