{"id":91221,"date":"2024-10-10T21:55:00","date_gmt":"2024-10-10T19:55:00","guid":{"rendered":"https:\/\/swissraft.xyanzkdne.eu\/product\/einfuehrung-in-einen-hubschrauber-ab-sitterdorf-ec120b-colibri-ab-chf-1980-00\/"},"modified":"2024-12-19T18:27:21","modified_gmt":"2024-12-19T17:27:21","slug":"schnupperflug-helikopter-sitterdorf-ec120b-colibri","status":"publish","type":"product","link":"https:\/\/www.swissraft.ch\/de\/produkt\/schnupperflug-helikopter-sitterdorf-ec120b-colibri\/","title":{"rendered":"Schnupperflug mit einem Helikopter ab SITTERDORF &#8211; EC120B COLIBRI &#8211; Ab CHF 1&#8217;490.00"},"content":{"rendered":"\t\t<div data-elementor-type=\"wp-post\" data-elementor-id=\"91221\" class=\"elementor elementor-91221 elementor-81149\">\n\t\t\t\t\t\t\t\t\t<section class=\"elementor-section elementor-top-section elementor-element elementor-element-3303a7e3 elementor-section-boxed elementor-section-height-default elementor-section-height-default\" data-id=\"3303a7e3\" data-element_type=\"section\">\n\t\t\t\t\t\t<div class=\"elementor-container elementor-column-gap-default\">\n\t\t\t\t\t<div class=\"elementor-column elementor-col-100 elementor-top-column elementor-element elementor-element-16d72dbf\" data-id=\"16d72dbf\" data-element_type=\"column\">\n\t\t\t<div class=\"elementor-widget-wrap elementor-element-populated\">\n\t\t\t\t\t\t\t\t<div class=\"elementor-element elementor-element-d743c03 elementor-widget elementor-widget-text-editor\" data-id=\"d743c03\" data-element_type=\"widget\" data-widget_type=\"text-editor.default\">\n\t\t\t\t<div class=\"elementor-widget-container\">\n\t\t\t\t\t\t\t<h2>W\u00c4HLEN SIE UNTEN IHRE AKTIVIT\u00c4T AUS, UM GESCHENKGUTSCHEINE \/ TICKETS ZU VERSCHENKEN ODER ZU BUCHEN.<\/h2><table border=\"0\" width=\"580\" cellspacing=\"10\" cellpadding=\"10\"><tbody><tr><td width=\"50%\"><strong>1) SCHNUPPERFLUG MIT DER EC120 COLIBRI &#8211; 1 SCH\u00dcLER &#8211; 60 Min.<\/strong><\/td><td><strong>Ab CHF 1&#8217;490.00 pro Flug<span class=\"productPrice\"><br \/><\/span><\/strong><\/td><\/tr><tr><td>Weitere Informationen<\/td><td>&#8211; Sie haben den Helikopter exklusiv f\u00fcr sich<br \/>&#8211; Sie bestimmen das Datum und die Uhrzeit des Abflugs<br \/>&#8211; Maximal 1 Pers.<\/td><\/tr><tr><td>Flugplatz<\/td><td><a href=\"https:\/\/www.google.com\/maps\/place\/47%C2%B030'37.4%22N+9%C2%B015'44.9%22E\/@47.5107092,9.2532447,1525m\/data=!3m1!1e3!4m4!3m3!8m2!3d47.5103889!4d9.2624722?entry=ttu\" target=\"_blank\" rel=\"noopener\">Sitterdorf<\/a><\/td><\/tr><tr><td>Flugzeit nach Wahl<\/td><td>60 Min.<\/td><\/tr><tr><td>Gesamtdauer<\/td><td>ca. 1:45 Std.<\/td><\/tr><tr><td>Terminvereinbarung<\/td><td>Per Telefon<\/td><\/tr><tr><td><button class=\"elementor-button\" type=\"button\"><a href=\"https:\/\/swissraft.outdoorbooking.ch\/fo\/products\/2116?base_id=171&amp;category_id=4&amp;order_type=gift_voucher&amp;lang=de\" target=\"_blank\" rel=\"noopener\">GUTSCHEIN KAUFEN<\/a><\/button><\/td><td><strong>CHF 1&#8217;490.00 &#8211; 60 Min. pro Flug <\/strong><\/td><\/tr><tr><td>\u00a0<\/td><td>Um zu buchen : <span class=\"patt\" style=\"font-family: inherit; font-size: inherit;\"><span class=\"plbl\"><span class=\"patt\"><a href=\"https:\/\/www.swissraft.ch\/de\/kontakt\/\">Kontaktieren Sie uns<\/a><\/span><\/span><\/span><\/td><\/tr><\/tbody><\/table><table border=\"0\" width=\"580\" cellspacing=\"10\" cellpadding=\"10\"><tbody><tr><td width=\"50%\"><strong>2) SCHNUPPERFLUG MIT DER EC120 COLIBRI &#8211; 1 SCH\u00dcLER + 3 PERS. &#8211; 60 Min.<\/strong><\/td><td><strong>CHF 2&#8217;130.00 pro Flug<span class=\"productPrice\"><br \/><\/span><\/strong><\/td><\/tr><tr><td>Weitere Informationen<\/td><td>&#8211; Sie haben den Helikopter ausschlie\u00dflich f\u00fcr sich<br \/>&#8211; Sie bestimmen das Datum und die Uhrzeit des Abflugs<br \/>&#8211; Maximal 4 Pers.<\/td><\/tr><tr><td>Flugplatz<\/td><td><a href=\"https:\/\/www.google.com\/maps\/place\/47%C2%B030'37.4%22N+9%C2%B015'44.9%22E\/@47.5107092,9.2532447,1525m\/data=!3m1!1e3!4m4!3m3!8m2!3d47.5103889!4d9.2624722?entry=ttu\" target=\"_blank\" rel=\"noopener\">Sitterdorf<\/a><\/td><\/tr><tr><td>Flugzeit nach Wahl<\/td><td>60 Min.<\/td><\/tr><tr><td>Gesamtdauer<\/td><td>ca. 1:45 Std.<\/td><\/tr><tr><td>Terminvereinbarung<\/td><td>Per Telefon<\/td><\/tr><tr><td><button class=\"elementor-button\" type=\"button\"><a href=\"https:\/\/swissraft.outdoorbooking.ch\/fo\/products\/805?base_id=176&amp;category_id=4&amp;order_type=gift_voucher&amp;lang=de\" target=\"_blank\" rel=\"noopener\">GUTSCHEIN KAUFEN<\/a><\/button><\/td><td><strong>CHF 2&#8217;130.00 &#8211; 60 Min. Flugzeit <\/strong><\/td><\/tr><tr><td>\u00a0<\/td><td>Um zu buchen : <span class=\"patt\" style=\"font-family: inherit; font-size: inherit;\"><span class=\"plbl\"><span class=\"patt\"><a href=\"https:\/\/www.swissraft.ch\/de\/kontakt\/\">Kontaktieren Sie uns<\/a><\/span><\/span><\/span><\/td><\/tr><\/tbody><\/table>\t\t\t\t\t\t<\/div>\n\t\t\t\t<\/div>\n\t\t\t\t\t<\/div>\n\t\t<\/div>\n\t\t\t\t\t\t\t<\/div>\n\t\t<\/section>\n\t\t\t\t\t\t\t<\/div>\n\t\t","protected":false},"excerpt":{"rendered":"<div align=\"justify\">\n<h2 align=\"justify\">Sie m\u00f6chten in Sitterdorf eine Einweisung in den COLIBRI H120B, einen Hubschrauber mit 5 Sitzpl\u00e4tzen einschlie\u00dflich Pilot, durchf\u00fchren. Dieser Hubschrauber ist mit einem Turbomotor ausgestattet.<\/h2>\n<h3>Der COLIBRI H120B ist ein sehr komfortabler Hubschrauber. W\u00e4hrend des Fluges verursacht er wenig L\u00e4rm und kann eine Last von 700 kg auf Meeresh\u00f6he bef\u00f6rdern.<\/h3>\n<\/div>\n<div align=\"justify\">\n<p>Ihr Fluglehrer begr\u00fc\u00dft Sie und f\u00fchrt Sie zum Helikopter. Nach einer technischen Besichtigung des Flugzeugs f\u00fcr die Flugsicherheit nehmen Sie auf dem rechten Sitz Platz. In einem Helikopter befindet sich der Sitz des Piloten in der Regel auf der rechten Seite. Dann kommt die Zeit f\u00fcr die Erl\u00e4uterungen zum Armaturenbrett. Dann starten Sie die Turbomaschine mit dem unverkennbaren Ger\u00e4usch und warten auf die Startfreigabe. Der Rotor beginnt sich zu drehen und erreicht eine Drehzahl von 410 U\/min. Sie sind voll konzentriert und werden von Ihrem Fluglehrer, der die Doppelsteuerung \u00fcbernimmt, aufmerksam beobachtet. Der Tower gibt Ihnen die Startfreigabe, und durch sanftes Einwirken auf den allgemeinen Pitch heben Sie zu einem Schwebeflug ab. Sie gewinnen an Selbstvertrauen, da Sie in guten H\u00e4nden sind.<\/p>\n<h3>Bitte rufen Sie uns an, wenn Sie Fragen zu einem Hubschrauberflug von Sitterdorf aus haben.<\/h3>\n<p id=\"textarea\" style=\"display: none;\">\nWir f\u00fchren auch Helikopterfl\u00fcge in Bern-Belp durch. Au\u00dferdem bieten wir Einf\u00fchrungsfl\u00fcge mit dem Hubschrauber von \u00c9pagny im Greyerzerland aus an. Dar\u00fcber hinaus f\u00fchren wir Einf\u00fchrungsfl\u00fcge von Buttwil im Aargau und Grenchen im Kanton Solothurn durch. Wir bieten auch Hubschrauberschulungen vom Heliport Pfaffnau im Kanton Luzern aus an. Dar\u00fcber hinaus bieten wir vom Heliport Balzers aus Helikopterfl\u00fcge in Liechtenstein an. Parallel zu Balzers bieten wir auch Hubschrauberschulungen an. Dar\u00fcber hinaus haben wir Einf\u00fchrungsfl\u00fcge in das Fliegen eines Helikopters von den Heliports in St. Moritz und Untervaz aus. Ebenfalls in Graub\u00fcnden werden Schnupperfl\u00fcge vom Flugplatz Samedan aus angeboten. Aber wir bieten auch Einf\u00fchrungsfl\u00fcge mit dem Hubschrauber von den Flugpl\u00e4tzen Locarno und Lodrino an.\n<\/p>\n<p><a id=\"seeMore\" onclick=\"toggleSeeMore()\" href=\"javascript:void(0);\">Lesen Sie mehr<\/a><\/p>\n","protected":false},"featured_media":89266,"comment_status":"open","ping_status":"closed","template":"","meta":{"inline_featured_image":false,"_mi_skip_tracking":false},"product_cat":[277,278,266],"product_tag":[],"class_list":["post-91221","product","type-product","status-publish","has-post-thumbnail","hentry","product_cat-schnupperflug-helikopter","product_cat-helikopter-sitterdorf","product_cat-schnupperflug-in-der-schweiz-selbst-fliegen"],"yoast_head":"<!-- This site is optimized with the Yoast SEO plugin v23.6 - https:\/\/yoast.com\/wordpress\/plugins\/seo\/ -->\n<title>Schnupperflug mit EC120 Colibri ab Sitterdorf<\/title>\n<meta name=\"description\" content=\"Schnupperflug mit EC120 Colibri ab Sitterdorf. Sie sitzen am Steuer Ihres Helikopters EC120 Colibri mit einem Fluglehrer an Ihrer Seite.\" \/>\n<meta name=\"robots\" content=\"index, follow, max-snippet:-1, max-image-preview:large, max-video-preview:-1\" \/>\n<link rel=\"canonical\" href=\"https:\/\/www.swissraft.ch\/de\/produkt\/schnupperflug-helikopter-sitterdorf-ec120b-colibri\/\" \/>\n<meta property=\"og:locale\" content=\"de_DE\" \/>\n<meta property=\"og:type\" content=\"article\" \/>\n<meta property=\"og:title\" content=\"Schnupperflug mit EC120 Colibri ab Sitterdorf\" \/>\n<meta property=\"og:description\" content=\"Schnupperflug mit EC120 Colibri ab Sitterdorf. Sie sitzen am Steuer Ihres Helikopters EC120 Colibri mit einem Fluglehrer an Ihrer Seite.\" \/>\n<meta property=\"og:url\" content=\"https:\/\/www.swissraft.ch\/de\/produkt\/schnupperflug-helikopter-sitterdorf-ec120b-colibri\/\" \/>\n<meta property=\"og:site_name\" content=\"Swissraft\" \/>\n<meta property=\"article:modified_time\" content=\"2024-12-19T17:27:21+00:00\" \/>\n<meta property=\"og:image\" content=\"https:\/\/www.swissraft.ch\/wp-content\/uploads\/2024\/01\/1-EC120B-COLIBRI-776x776-1.png\" \/>\n\t<meta property=\"og:image:width\" content=\"776\" \/>\n\t<meta property=\"og:image:height\" content=\"776\" \/>\n\t<meta property=\"og:image:type\" content=\"image\/png\" \/>\n<meta name=\"twitter:card\" content=\"summary_large_image\" \/>\n<meta name=\"twitter:label1\" content=\"Gesch\u00e4tzte Lesezeit\" \/>\n\t<meta name=\"twitter:data1\" content=\"1\u00a0Minute\" \/>\n<script type=\"application\/ld+json\" class=\"yoast-schema-graph\">{\"@context\":\"https:\/\/schema.org\",\"@graph\":[{\"@type\":\"WebPage\",\"@id\":\"https:\/\/www.swissraft.ch\/de\/produkt\/schnupperflug-helikopter-sitterdorf-ec120b-colibri\/\",\"url\":\"https:\/\/www.swissraft.ch\/de\/produkt\/schnupperflug-helikopter-sitterdorf-ec120b-colibri\/\",\"name\":\"Schnupperflug mit EC120 Colibri ab Sitterdorf\",\"isPartOf\":{\"@id\":\"https:\/\/www.swissraft.ch\/de\/#website\"},\"primaryImageOfPage\":{\"@id\":\"https:\/\/www.swissraft.ch\/de\/produkt\/schnupperflug-helikopter-sitterdorf-ec120b-colibri\/#primaryimage\"},\"image\":{\"@id\":\"https:\/\/www.swissraft.ch\/de\/produkt\/schnupperflug-helikopter-sitterdorf-ec120b-colibri\/#primaryimage\"},\"thumbnailUrl\":\"https:\/\/www.swissraft.ch\/wp-content\/uploads\/2024\/01\/1-EC120B-COLIBRI-776x776-1.png\",\"datePublished\":\"2024-10-10T19:55:00+00:00\",\"dateModified\":\"2024-12-19T17:27:21+00:00\",\"description\":\"Schnupperflug mit EC120 Colibri ab Sitterdorf. Sie sitzen am Steuer Ihres Helikopters EC120 Colibri mit einem Fluglehrer an Ihrer Seite.\",\"breadcrumb\":{\"@id\":\"https:\/\/www.swissraft.ch\/de\/produkt\/schnupperflug-helikopter-sitterdorf-ec120b-colibri\/#breadcrumb\"},\"inLanguage\":\"de\",\"potentialAction\":[{\"@type\":\"ReadAction\",\"target\":[\"https:\/\/www.swissraft.ch\/de\/produkt\/schnupperflug-helikopter-sitterdorf-ec120b-colibri\/\"]}]},{\"@type\":\"ImageObject\",\"inLanguage\":\"de\",\"@id\":\"https:\/\/www.swissraft.ch\/de\/produkt\/schnupperflug-helikopter-sitterdorf-ec120b-colibri\/#primaryimage\",\"url\":\"https:\/\/www.swissraft.ch\/wp-content\/uploads\/2024\/01\/1-EC120B-COLIBRI-776x776-1.png\",\"contentUrl\":\"https:\/\/www.swissraft.ch\/wp-content\/uploads\/2024\/01\/1-EC120B-COLIBRI-776x776-1.png\",\"width\":776,\"height\":776,\"caption\":\"Einf\u00fchrung in die Fliegerei mit dem EC120 Colibri ab Speck-Fehraltorf\"},{\"@type\":\"BreadcrumbList\",\"@id\":\"https:\/\/www.swissraft.ch\/de\/produkt\/schnupperflug-helikopter-sitterdorf-ec120b-colibri\/#breadcrumb\",\"itemListElement\":[{\"@type\":\"ListItem\",\"position\":1,\"name\":\"Accueil\",\"item\":\"https:\/\/www.swissraft.ch\/de\/\"},{\"@type\":\"ListItem\",\"position\":2,\"name\":\"Shop\",\"item\":\"https:\/\/www.swissraft.ch\/de\/shop\/\"},{\"@type\":\"ListItem\",\"position\":3,\"name\":\"Schnupperflug mit einem Helikopter ab SITTERDORF &#8211; EC120B COLIBRI &#8211; Ab CHF 1&rsquo;490.00\"}]},{\"@type\":\"WebSite\",\"@id\":\"https:\/\/www.swissraft.ch\/de\/#website\",\"url\":\"https:\/\/www.swissraft.ch\/de\/\",\"name\":\"Swissraft\",\"description\":\"To enjoy nature as it is\",\"publisher\":{\"@id\":\"https:\/\/www.swissraft.ch\/de\/#organization\"},\"potentialAction\":[{\"@type\":\"SearchAction\",\"target\":{\"@type\":\"EntryPoint\",\"urlTemplate\":\"https:\/\/www.swissraft.ch\/de\/?s={search_term_string}\"},\"query-input\":{\"@type\":\"PropertyValueSpecification\",\"valueRequired\":true,\"valueName\":\"search_term_string\"}}],\"inLanguage\":\"de\"},{\"@type\":\"Organization\",\"@id\":\"https:\/\/www.swissraft.ch\/de\/#organization\",\"name\":\"Swissraft\",\"url\":\"https:\/\/www.swissraft.ch\/de\/\",\"logo\":{\"@type\":\"ImageObject\",\"inLanguage\":\"de\",\"@id\":\"https:\/\/www.swissraft.ch\/de\/#\/schema\/logo\/image\/\",\"url\":\"https:\/\/www.swissraft.ch\/wp-content\/uploads\/2025\/09\/Capture.jpg\",\"contentUrl\":\"https:\/\/www.swissraft.ch\/wp-content\/uploads\/2025\/09\/Capture.jpg\",\"width\":293,\"height\":108,\"caption\":\"Swissraft\"},\"image\":{\"@id\":\"https:\/\/www.swissraft.ch\/de\/#\/schema\/logo\/image\/\"}}]}<\/script>\n<!-- \/ Yoast SEO plugin. -->","yoast_head_json":{"title":"Schnupperflug mit EC120 Colibri ab Sitterdorf","description":"Schnupperflug mit EC120 Colibri ab Sitterdorf. Sie sitzen am Steuer Ihres Helikopters EC120 Colibri mit einem Fluglehrer an Ihrer Seite.","robots":{"index":"index","follow":"follow","max-snippet":"max-snippet:-1","max-image-preview":"max-image-preview:large","max-video-preview":"max-video-preview:-1"},"canonical":"https:\/\/www.swissraft.ch\/de\/produkt\/schnupperflug-helikopter-sitterdorf-ec120b-colibri\/","og_locale":"de_DE","og_type":"article","og_title":"Schnupperflug mit EC120 Colibri ab Sitterdorf","og_description":"Schnupperflug mit EC120 Colibri ab Sitterdorf. Sie sitzen am Steuer Ihres Helikopters EC120 Colibri mit einem Fluglehrer an Ihrer Seite.","og_url":"https:\/\/www.swissraft.ch\/de\/produkt\/schnupperflug-helikopter-sitterdorf-ec120b-colibri\/","og_site_name":"Swissraft","article_modified_time":"2024-12-19T17:27:21+00:00","og_image":[{"width":776,"height":776,"url":"https:\/\/www.swissraft.ch\/wp-content\/uploads\/2024\/01\/1-EC120B-COLIBRI-776x776-1.png","type":"image\/png"}],"twitter_card":"summary_large_image","twitter_misc":{"Gesch\u00e4tzte Lesezeit":"1\u00a0Minute"},"schema":{"@context":"https:\/\/schema.org","@graph":[{"@type":"WebPage","@id":"https:\/\/www.swissraft.ch\/de\/produkt\/schnupperflug-helikopter-sitterdorf-ec120b-colibri\/","url":"https:\/\/www.swissraft.ch\/de\/produkt\/schnupperflug-helikopter-sitterdorf-ec120b-colibri\/","name":"Schnupperflug mit EC120 Colibri ab Sitterdorf","isPartOf":{"@id":"https:\/\/www.swissraft.ch\/de\/#website"},"primaryImageOfPage":{"@id":"https:\/\/www.swissraft.ch\/de\/produkt\/schnupperflug-helikopter-sitterdorf-ec120b-colibri\/#primaryimage"},"image":{"@id":"https:\/\/www.swissraft.ch\/de\/produkt\/schnupperflug-helikopter-sitterdorf-ec120b-colibri\/#primaryimage"},"thumbnailUrl":"https:\/\/www.swissraft.ch\/wp-content\/uploads\/2024\/01\/1-EC120B-COLIBRI-776x776-1.png","datePublished":"2024-10-10T19:55:00+00:00","dateModified":"2024-12-19T17:27:21+00:00","description":"Schnupperflug mit EC120 Colibri ab Sitterdorf. Sie sitzen am Steuer Ihres Helikopters EC120 Colibri mit einem Fluglehrer an Ihrer Seite.","breadcrumb":{"@id":"https:\/\/www.swissraft.ch\/de\/produkt\/schnupperflug-helikopter-sitterdorf-ec120b-colibri\/#breadcrumb"},"inLanguage":"de","potentialAction":[{"@type":"ReadAction","target":["https:\/\/www.swissraft.ch\/de\/produkt\/schnupperflug-helikopter-sitterdorf-ec120b-colibri\/"]}]},{"@type":"ImageObject","inLanguage":"de","@id":"https:\/\/www.swissraft.ch\/de\/produkt\/schnupperflug-helikopter-sitterdorf-ec120b-colibri\/#primaryimage","url":"https:\/\/www.swissraft.ch\/wp-content\/uploads\/2024\/01\/1-EC120B-COLIBRI-776x776-1.png","contentUrl":"https:\/\/www.swissraft.ch\/wp-content\/uploads\/2024\/01\/1-EC120B-COLIBRI-776x776-1.png","width":776,"height":776,"caption":"Einf\u00fchrung in die Fliegerei mit dem EC120 Colibri ab Speck-Fehraltorf"},{"@type":"BreadcrumbList","@id":"https:\/\/www.swissraft.ch\/de\/produkt\/schnupperflug-helikopter-sitterdorf-ec120b-colibri\/#breadcrumb","itemListElement":[{"@type":"ListItem","position":1,"name":"Accueil","item":"https:\/\/www.swissraft.ch\/de\/"},{"@type":"ListItem","position":2,"name":"Shop","item":"https:\/\/www.swissraft.ch\/de\/shop\/"},{"@type":"ListItem","position":3,"name":"Schnupperflug mit einem Helikopter ab SITTERDORF &#8211; EC120B COLIBRI &#8211; Ab CHF 1&rsquo;490.00"}]},{"@type":"WebSite","@id":"https:\/\/www.swissraft.ch\/de\/#website","url":"https:\/\/www.swissraft.ch\/de\/","name":"Swissraft","description":"To enjoy nature as it is","publisher":{"@id":"https:\/\/www.swissraft.ch\/de\/#organization"},"potentialAction":[{"@type":"SearchAction","target":{"@type":"EntryPoint","urlTemplate":"https:\/\/www.swissraft.ch\/de\/?s={search_term_string}"},"query-input":{"@type":"PropertyValueSpecification","valueRequired":true,"valueName":"search_term_string"}}],"inLanguage":"de"},{"@type":"Organization","@id":"https:\/\/www.swissraft.ch\/de\/#organization","name":"Swissraft","url":"https:\/\/www.swissraft.ch\/de\/","logo":{"@type":"ImageObject","inLanguage":"de","@id":"https:\/\/www.swissraft.ch\/de\/#\/schema\/logo\/image\/","url":"https:\/\/www.swissraft.ch\/wp-content\/uploads\/2025\/09\/Capture.jpg","contentUrl":"https:\/\/www.swissraft.ch\/wp-content\/uploads\/2025\/09\/Capture.jpg","width":293,"height":108,"caption":"Swissraft"},"image":{"@id":"https:\/\/www.swissraft.ch\/de\/#\/schema\/logo\/image\/"}}]}},"_links":{"self":[{"href":"https:\/\/www.swissraft.ch\/de\/wp-json\/wp\/v2\/product\/91221","targetHints":{"allow":["GET"]}}],"collection":[{"href":"https:\/\/www.swissraft.ch\/de\/wp-json\/wp\/v2\/product"}],"about":[{"href":"https:\/\/www.swissraft.ch\/de\/wp-json\/wp\/v2\/types\/product"}],"replies":[{"embeddable":true,"href":"https:\/\/www.swissraft.ch\/de\/wp-json\/wp\/v2\/comments?post=91221"}],"version-history":[{"count":0,"href":"https:\/\/www.swissraft.ch\/de\/wp-json\/wp\/v2\/product\/91221\/revisions"}],"wp:featuredmedia":[{"embeddable":true,"href":"https:\/\/www.swissraft.ch\/de\/wp-json\/wp\/v2\/media\/89266"}],"wp:attachment":[{"href":"https:\/\/www.swissraft.ch\/de\/wp-json\/wp\/v2\/media?parent=91221"}],"wp:term":[{"taxonomy":"product_cat","embeddable":true,"href":"https:\/\/www.swissraft.ch\/de\/wp-json\/wp\/v2\/product_cat?post=91221"},{"taxonomy":"product_tag","embeddable":true,"href":"https:\/\/www.swissraft.ch\/de\/wp-json\/wp\/v2\/product_tag?post=91221"}],"curies":[{"name":"wp","href":"https:\/\/api.w.org\/{rel}","templated":true}]}}