{"id":91219,"date":"2024-09-30T20:04:48","date_gmt":"2024-09-30T18:04:48","guid":{"rendered":"https:\/\/swissraft.xyanzkdne.eu\/product\/schulreise-im-valais-rafting-dranse-de-bagnes-volleges-sembrancher-chf-92-00\/"},"modified":"2025-06-27T01:55:52","modified_gmt":"2025-06-26T23:55:52","slug":"schulreise-wallis-rafting-dranse-de-bagnes-volleges-sembrancher","status":"publish","type":"product","link":"https:\/\/www.swissraft.ch\/de\/produkt\/schulreise-wallis-rafting-dranse-de-bagnes-volleges-sembrancher\/","title":{"rendered":"Schulreise im WALLIS &#8211; RAFTING &#8211; LA DRANSE DE BAGNES &#8211; VOLL\u00c8GES-SEMBRANCHER &#8211; CHF 92.00"},"content":{"rendered":"\t\t<div data-elementor-type=\"wp-post\" data-elementor-id=\"91219\" class=\"elementor elementor-91219 elementor-80545\">\n\t\t\t\t\t\t\t\t\t<section class=\"elementor-section elementor-top-section elementor-element elementor-element-3303a7e3 elementor-section-boxed elementor-section-height-default elementor-section-height-default\" data-id=\"3303a7e3\" data-element_type=\"section\">\n\t\t\t\t\t\t<div class=\"elementor-container elementor-column-gap-default\">\n\t\t\t\t\t<div class=\"elementor-column elementor-col-100 elementor-top-column elementor-element elementor-element-16d72dbf\" data-id=\"16d72dbf\" data-element_type=\"column\">\n\t\t\t<div class=\"elementor-widget-wrap elementor-element-populated\">\n\t\t\t\t\t\t\t\t<div class=\"elementor-element elementor-element-d743c03 elementor-widget elementor-widget-text-editor\" data-id=\"d743c03\" data-element_type=\"widget\" data-widget_type=\"text-editor.default\">\n\t\t\t\t<div class=\"elementor-widget-container\">\n\t\t\t\t\t\t\t<h2>W\u00c4HLEN SIE UNTEN IHRE AKTIVIT\u00c4T AUS, UM GESCHENKGUTSCHEINE \/ TICKETS ZU VERSCHENKEN ODER ZU BUCHEN.<\/h2><table border=\"0\" width=\"580\" cellspacing=\"10\" cellpadding=\"10\"><tbody><tr><td width=\"50%\"><strong>SCHULAUSFLUG &#8211; RAFTING &#8211; DRANSE DE BAGNES + Imbiss<\/strong><\/td><td><strong>CHF 92.00 pro Sch\u00fcler<span class=\"productPrice\"><br \/><\/span><\/strong><\/td><\/tr><tr><td>Zus\u00e4tzliche Informationen<\/td><td>&#8211;<span class=\"patt\"> Mindestalter 10 Jahre<br \/><\/span>&#8211; Erwachsene Begleitperson erforderlich<\/td><\/tr><tr><td>Strecke<\/td><td><strong>Voll\u00e8ges-Sembrancher<\/strong><\/td><\/tr><tr><td>Startzeiten<\/td><td>10:00 Uhr \/ 14:00 Uhr<\/td><\/tr><tr><td>Rafting<\/td><td>ca. 1 Std.<\/td><\/tr><tr><td>Gesamtdauer<\/td><td>ca. 2:15 Std.<\/td><\/tr><tr><td>Treffpunkt<\/td><td><span style=\"color: #ff6600;\"><a href=\"https:\/\/www.google.com\/maps\/place\/46%C2%B004'41.7%22N+7%C2%B008'38.0%22E\/@46.0783691,7.1393828,783m\/data=!3m1!1e3!4m4!3m3!8m2!3d46.07825!4d7.1438889?entry=ttu\" target=\"_blank\" rel=\"noopener\">Restaurant &#8222;Le Cellier Valaisan&#8220; (Walliser Keller)<\/a><\/span><\/td><\/tr><tr><td>Schwierigkeitsgrad<\/td><td>2 \u00e0 3+<\/td><\/tr><tr><td>\u00a0<\/td><td>Um zu buchen : <a href=\"https:\/\/www.swissraft.ch\/de\/kontakt\/\">Kontaktieren Sie uns<\/a><\/td><\/tr><\/tbody><\/table>\t\t\t\t\t\t<\/div>\n\t\t\t\t<\/div>\n\t\t\t\t\t<\/div>\n\t\t<\/div>\n\t\t\t\t\t\t\t<\/div>\n\t\t<\/section>\n\t\t\t\t\t\t\t<\/div>\n\t\t","protected":false},"excerpt":{"rendered":"<div align=\"justify\">\n<h2 align=\"justify\">Machen Sie Ihren Schulausflug zu einem Erfolg, indem Sie Ihren Sch\u00fclern eine Rafting-Tour im Wallis auf dem Danse de Bagnes anbieten.<\/h2>\n<h3>6 km lange Strecke zwischen Voll\u00e8ges und Sembrancher, eine sportliche und intensive Abfahrt.<\/h3>\n<\/div>\n<div align=\"justify\">\n<p>Sie m\u00f6chten mit Ihrer ganzen Klasse eine etwas andere Schulfahrt erleben; ein sch\u00f6nes Abenteuer? Dann entscheiden Sie sich f\u00fcr eine Rafting-Tour auf der Dranse de Bagnes im Wallis. Nach Ihrer Ankunft in Voll\u00e8ges steigt die Aufregung. Nach einem Sicherheitsbriefing r\u00fcsten Sie sich mit einer Schwimmweste, einem Neoprenanzug, F\u00fc\u00dflingen, einem Helm und einem Paddel aus. Sie sind f\u00fcr die Abfahrt und steigen mit Ihrem F\u00fchrer in Ihr Raft ein. Schon bald sp\u00fcren Sie die Kraft der Str\u00f6mung, die Sie mitrei\u00dft. Die Strecke zwischen Voll\u00e8ges und Sembrancher bietet spannende Stromschnellen. In wenigen Augenblicken hat das Adrenalin die Oberhand gewonnen. Jede Drossel ist eine Herausforderung, die Sie bew\u00e4ltigen m\u00fcssen, aber dank der Befehle und Kommandos Ihres F\u00fchrers in Reichweite ist. Es wird viel gespritzt und jeder hat ein L\u00e4cheln auf dem Gesicht und jubelt und ermutigt. Von Zeit zu Zeit gibt es ruhigere Momente, in denen Sie die Landschaft genie\u00dfen und sich erholen k\u00f6nnen. Dann, nach einer intensiven Stunde Rafting, erreichen Sie Ihr Ziel. Dieses Abenteuer auf der Dranse de Bagnes im Wallis wird Ihnen eine unvergessliche Erinnerung bescheren, die Sie mit Ihren Freunden teilen werden.<\/p>\n<h3>Organisieren Sie eine au\u00dfergew\u00f6hnliche Klassenfahrt, indem Sie Ihren Sch\u00fclern eine Rafting-Tour auf der Dranse de Bagnes im Wallis anbieten. Swissraft begleitet Schulen seit 1982 und garantiert eine erfolgreiche Klassenfahrt.<\/h3>\n<p id=\"textarea\" style=\"display: none;\">\nEbenfalls im Wallis bieten wir Riverrafting auf der Rh\u00f4ne zwischen Souste und Sierre und auf der Visp zwischen Stalden und Visp an. In Graub\u00fcnden bieten wir die ber\u00fchmte Fahrt auf dem Rhein durch die Rheinschlucht an: den Swiss Grand Canyon. Im Pays d&#8217;Enhaut k\u00f6nnen Sie auf der Sarine zwischen Saanen und Les Moulins, das sich unterhalb von Ch\u00e2teau d&#8217;Oex befindet, fahren. Im Berner Oberland k\u00f6nnen Sie auf der Simme zwischen Boltigen und D\u00e4rstetten und auf der Lutschine, die in den Brienzer See m\u00fcndet, fahren. Wenn Sie es etwas ruhiger angehen lassen m\u00f6chten, w\u00e4hlen Sie die &#8222;kleine Schwester des Raftings&#8220;, das Easy Rafting, auch Fun Rafting genannt. Es handelt sich dabei um eine ruhigere Version einer Flussfahrt. Swissraft bietet Ihnen bis zu 12 verschiedene Strecken in der Schweiz an.\n<\/p>\n<p><a id=\"seeMore\" onclick=\"toggleSeeMore()\" href=\"javascript:void(0);\">Lesen Sie mehr<\/a><\/p>\n","protected":false},"featured_media":91042,"comment_status":"open","ping_status":"closed","template":"","meta":{"inline_featured_image":false,"_mi_skip_tracking":false},"product_cat":[275,637,276],"product_tag":[],"class_list":["post-91219","product","type-product","status-publish","has-post-thumbnail","hentry","product_cat-gruppen","product_cat-schulausflug-rafting-in-der-schweiz","product_cat-schulreise-klassenausflug"],"yoast_head":"<!-- This site is optimized with the Yoast SEO plugin v23.6 - https:\/\/yoast.com\/wordpress\/plugins\/seo\/ -->\n<title>Schulausflug Rafting Dranse, Voll\u00e8ges-Sembrancher<\/title>\n<meta name=\"description\" content=\"Schulausflug Rafting Dranse de Bagnes eine turbulente Rafting-Tour. Eine beliebte Aktivit\u00e4t f\u00fcr Sch\u00fcler auf einem Schulausflug\" \/>\n<meta name=\"robots\" content=\"index, follow, max-snippet:-1, max-image-preview:large, max-video-preview:-1\" \/>\n<link rel=\"canonical\" href=\"https:\/\/www.swissraft.ch\/de\/produkt\/schulreise-wallis-rafting-dranse-de-bagnes-volleges-sembrancher\/\" \/>\n<meta property=\"og:locale\" content=\"de_DE\" \/>\n<meta property=\"og:type\" content=\"article\" \/>\n<meta property=\"og:title\" content=\"Schulausflug Rafting Dranse, Voll\u00e8ges-Sembrancher\" \/>\n<meta property=\"og:description\" content=\"Schulausflug Rafting Dranse de Bagnes eine turbulente Rafting-Tour. Eine beliebte Aktivit\u00e4t f\u00fcr Sch\u00fcler auf einem Schulausflug\" \/>\n<meta property=\"og:url\" content=\"https:\/\/www.swissraft.ch\/de\/produkt\/schulreise-wallis-rafting-dranse-de-bagnes-volleges-sembrancher\/\" \/>\n<meta property=\"og:site_name\" content=\"Swissraft\" \/>\n<meta property=\"article:modified_time\" content=\"2025-06-26T23:55:52+00:00\" \/>\n<meta property=\"og:image\" content=\"https:\/\/www.swissraft.ch\/wp-content\/uploads\/2024\/09\/1-3-Dranse-de-Bagnes-776x776-1.png\" \/>\n\t<meta property=\"og:image:width\" content=\"776\" \/>\n\t<meta property=\"og:image:height\" content=\"776\" \/>\n\t<meta property=\"og:image:type\" content=\"image\/png\" \/>\n<meta name=\"twitter:card\" content=\"summary_large_image\" \/>\n<meta name=\"twitter:label1\" content=\"Gesch\u00e4tzte Lesezeit\" \/>\n\t<meta name=\"twitter:data1\" content=\"1\u00a0Minute\" \/>\n<script type=\"application\/ld+json\" class=\"yoast-schema-graph\">{\"@context\":\"https:\/\/schema.org\",\"@graph\":[{\"@type\":\"WebPage\",\"@id\":\"https:\/\/www.swissraft.ch\/de\/produkt\/schulreise-wallis-rafting-dranse-de-bagnes-volleges-sembrancher\/\",\"url\":\"https:\/\/www.swissraft.ch\/de\/produkt\/schulreise-wallis-rafting-dranse-de-bagnes-volleges-sembrancher\/\",\"name\":\"Schulausflug Rafting Dranse, Voll\u00e8ges-Sembrancher\",\"isPartOf\":{\"@id\":\"https:\/\/www.swissraft.ch\/de\/#website\"},\"primaryImageOfPage\":{\"@id\":\"https:\/\/www.swissraft.ch\/de\/produkt\/schulreise-wallis-rafting-dranse-de-bagnes-volleges-sembrancher\/#primaryimage\"},\"image\":{\"@id\":\"https:\/\/www.swissraft.ch\/de\/produkt\/schulreise-wallis-rafting-dranse-de-bagnes-volleges-sembrancher\/#primaryimage\"},\"thumbnailUrl\":\"https:\/\/www.swissraft.ch\/wp-content\/uploads\/2024\/09\/1-3-Dranse-de-Bagnes-776x776-1.png\",\"datePublished\":\"2024-09-30T18:04:48+00:00\",\"dateModified\":\"2025-06-26T23:55:52+00:00\",\"description\":\"Schulausflug Rafting Dranse de Bagnes eine turbulente Rafting-Tour. Eine beliebte Aktivit\u00e4t f\u00fcr Sch\u00fcler auf einem Schulausflug\",\"breadcrumb\":{\"@id\":\"https:\/\/www.swissraft.ch\/de\/produkt\/schulreise-wallis-rafting-dranse-de-bagnes-volleges-sembrancher\/#breadcrumb\"},\"inLanguage\":\"de\",\"potentialAction\":[{\"@type\":\"ReadAction\",\"target\":[\"https:\/\/www.swissraft.ch\/de\/produkt\/schulreise-wallis-rafting-dranse-de-bagnes-volleges-sembrancher\/\"]}]},{\"@type\":\"ImageObject\",\"inLanguage\":\"de\",\"@id\":\"https:\/\/www.swissraft.ch\/de\/produkt\/schulreise-wallis-rafting-dranse-de-bagnes-volleges-sembrancher\/#primaryimage\",\"url\":\"https:\/\/www.swissraft.ch\/wp-content\/uploads\/2024\/09\/1-3-Dranse-de-Bagnes-776x776-1.png\",\"contentUrl\":\"https:\/\/www.swissraft.ch\/wp-content\/uploads\/2024\/09\/1-3-Dranse-de-Bagnes-776x776-1.png\",\"width\":776,\"height\":776,\"caption\":\"Rafting-Schulwettbewerb auf der Dranse de Bagnes\"},{\"@type\":\"BreadcrumbList\",\"@id\":\"https:\/\/www.swissraft.ch\/de\/produkt\/schulreise-wallis-rafting-dranse-de-bagnes-volleges-sembrancher\/#breadcrumb\",\"itemListElement\":[{\"@type\":\"ListItem\",\"position\":1,\"name\":\"Accueil\",\"item\":\"https:\/\/www.swissraft.ch\/de\/\"},{\"@type\":\"ListItem\",\"position\":2,\"name\":\"Shop\",\"item\":\"https:\/\/www.swissraft.ch\/de\/shop\/\"},{\"@type\":\"ListItem\",\"position\":3,\"name\":\"Schulreise im WALLIS &#8211; RAFTING &#8211; LA DRANSE DE BAGNES &#8211; VOLL\u00c8GES-SEMBRANCHER &#8211; CHF 92.00\"}]},{\"@type\":\"WebSite\",\"@id\":\"https:\/\/www.swissraft.ch\/de\/#website\",\"url\":\"https:\/\/www.swissraft.ch\/de\/\",\"name\":\"Swissraft\",\"description\":\"To enjoy nature as it is\",\"publisher\":{\"@id\":\"https:\/\/www.swissraft.ch\/de\/#organization\"},\"potentialAction\":[{\"@type\":\"SearchAction\",\"target\":{\"@type\":\"EntryPoint\",\"urlTemplate\":\"https:\/\/www.swissraft.ch\/de\/?s={search_term_string}\"},\"query-input\":{\"@type\":\"PropertyValueSpecification\",\"valueRequired\":true,\"valueName\":\"search_term_string\"}}],\"inLanguage\":\"de\"},{\"@type\":\"Organization\",\"@id\":\"https:\/\/www.swissraft.ch\/de\/#organization\",\"name\":\"Swissraft\",\"url\":\"https:\/\/www.swissraft.ch\/de\/\",\"logo\":{\"@type\":\"ImageObject\",\"inLanguage\":\"de\",\"@id\":\"https:\/\/www.swissraft.ch\/de\/#\/schema\/logo\/image\/\",\"url\":\"https:\/\/www.swissraft.ch\/wp-content\/uploads\/2025\/09\/Capture.jpg\",\"contentUrl\":\"https:\/\/www.swissraft.ch\/wp-content\/uploads\/2025\/09\/Capture.jpg\",\"width\":293,\"height\":108,\"caption\":\"Swissraft\"},\"image\":{\"@id\":\"https:\/\/www.swissraft.ch\/de\/#\/schema\/logo\/image\/\"}}]}<\/script>\n<!-- \/ Yoast SEO plugin. -->","yoast_head_json":{"title":"Schulausflug Rafting Dranse, Voll\u00e8ges-Sembrancher","description":"Schulausflug Rafting Dranse de Bagnes eine turbulente Rafting-Tour. Eine beliebte Aktivit\u00e4t f\u00fcr Sch\u00fcler auf einem Schulausflug","robots":{"index":"index","follow":"follow","max-snippet":"max-snippet:-1","max-image-preview":"max-image-preview:large","max-video-preview":"max-video-preview:-1"},"canonical":"https:\/\/www.swissraft.ch\/de\/produkt\/schulreise-wallis-rafting-dranse-de-bagnes-volleges-sembrancher\/","og_locale":"de_DE","og_type":"article","og_title":"Schulausflug Rafting Dranse, Voll\u00e8ges-Sembrancher","og_description":"Schulausflug Rafting Dranse de Bagnes eine turbulente Rafting-Tour. Eine beliebte Aktivit\u00e4t f\u00fcr Sch\u00fcler auf einem Schulausflug","og_url":"https:\/\/www.swissraft.ch\/de\/produkt\/schulreise-wallis-rafting-dranse-de-bagnes-volleges-sembrancher\/","og_site_name":"Swissraft","article_modified_time":"2025-06-26T23:55:52+00:00","og_image":[{"width":776,"height":776,"url":"https:\/\/www.swissraft.ch\/wp-content\/uploads\/2024\/09\/1-3-Dranse-de-Bagnes-776x776-1.png","type":"image\/png"}],"twitter_card":"summary_large_image","twitter_misc":{"Gesch\u00e4tzte Lesezeit":"1\u00a0Minute"},"schema":{"@context":"https:\/\/schema.org","@graph":[{"@type":"WebPage","@id":"https:\/\/www.swissraft.ch\/de\/produkt\/schulreise-wallis-rafting-dranse-de-bagnes-volleges-sembrancher\/","url":"https:\/\/www.swissraft.ch\/de\/produkt\/schulreise-wallis-rafting-dranse-de-bagnes-volleges-sembrancher\/","name":"Schulausflug Rafting Dranse, Voll\u00e8ges-Sembrancher","isPartOf":{"@id":"https:\/\/www.swissraft.ch\/de\/#website"},"primaryImageOfPage":{"@id":"https:\/\/www.swissraft.ch\/de\/produkt\/schulreise-wallis-rafting-dranse-de-bagnes-volleges-sembrancher\/#primaryimage"},"image":{"@id":"https:\/\/www.swissraft.ch\/de\/produkt\/schulreise-wallis-rafting-dranse-de-bagnes-volleges-sembrancher\/#primaryimage"},"thumbnailUrl":"https:\/\/www.swissraft.ch\/wp-content\/uploads\/2024\/09\/1-3-Dranse-de-Bagnes-776x776-1.png","datePublished":"2024-09-30T18:04:48+00:00","dateModified":"2025-06-26T23:55:52+00:00","description":"Schulausflug Rafting Dranse de Bagnes eine turbulente Rafting-Tour. Eine beliebte Aktivit\u00e4t f\u00fcr Sch\u00fcler auf einem Schulausflug","breadcrumb":{"@id":"https:\/\/www.swissraft.ch\/de\/produkt\/schulreise-wallis-rafting-dranse-de-bagnes-volleges-sembrancher\/#breadcrumb"},"inLanguage":"de","potentialAction":[{"@type":"ReadAction","target":["https:\/\/www.swissraft.ch\/de\/produkt\/schulreise-wallis-rafting-dranse-de-bagnes-volleges-sembrancher\/"]}]},{"@type":"ImageObject","inLanguage":"de","@id":"https:\/\/www.swissraft.ch\/de\/produkt\/schulreise-wallis-rafting-dranse-de-bagnes-volleges-sembrancher\/#primaryimage","url":"https:\/\/www.swissraft.ch\/wp-content\/uploads\/2024\/09\/1-3-Dranse-de-Bagnes-776x776-1.png","contentUrl":"https:\/\/www.swissraft.ch\/wp-content\/uploads\/2024\/09\/1-3-Dranse-de-Bagnes-776x776-1.png","width":776,"height":776,"caption":"Rafting-Schulwettbewerb auf der Dranse de Bagnes"},{"@type":"BreadcrumbList","@id":"https:\/\/www.swissraft.ch\/de\/produkt\/schulreise-wallis-rafting-dranse-de-bagnes-volleges-sembrancher\/#breadcrumb","itemListElement":[{"@type":"ListItem","position":1,"name":"Accueil","item":"https:\/\/www.swissraft.ch\/de\/"},{"@type":"ListItem","position":2,"name":"Shop","item":"https:\/\/www.swissraft.ch\/de\/shop\/"},{"@type":"ListItem","position":3,"name":"Schulreise im WALLIS &#8211; RAFTING &#8211; LA DRANSE DE BAGNES &#8211; VOLL\u00c8GES-SEMBRANCHER &#8211; CHF 92.00"}]},{"@type":"WebSite","@id":"https:\/\/www.swissraft.ch\/de\/#website","url":"https:\/\/www.swissraft.ch\/de\/","name":"Swissraft","description":"To enjoy nature as it is","publisher":{"@id":"https:\/\/www.swissraft.ch\/de\/#organization"},"potentialAction":[{"@type":"SearchAction","target":{"@type":"EntryPoint","urlTemplate":"https:\/\/www.swissraft.ch\/de\/?s={search_term_string}"},"query-input":{"@type":"PropertyValueSpecification","valueRequired":true,"valueName":"search_term_string"}}],"inLanguage":"de"},{"@type":"Organization","@id":"https:\/\/www.swissraft.ch\/de\/#organization","name":"Swissraft","url":"https:\/\/www.swissraft.ch\/de\/","logo":{"@type":"ImageObject","inLanguage":"de","@id":"https:\/\/www.swissraft.ch\/de\/#\/schema\/logo\/image\/","url":"https:\/\/www.swissraft.ch\/wp-content\/uploads\/2025\/09\/Capture.jpg","contentUrl":"https:\/\/www.swissraft.ch\/wp-content\/uploads\/2025\/09\/Capture.jpg","width":293,"height":108,"caption":"Swissraft"},"image":{"@id":"https:\/\/www.swissraft.ch\/de\/#\/schema\/logo\/image\/"}}]}},"_links":{"self":[{"href":"https:\/\/www.swissraft.ch\/de\/wp-json\/wp\/v2\/product\/91219","targetHints":{"allow":["GET"]}}],"collection":[{"href":"https:\/\/www.swissraft.ch\/de\/wp-json\/wp\/v2\/product"}],"about":[{"href":"https:\/\/www.swissraft.ch\/de\/wp-json\/wp\/v2\/types\/product"}],"replies":[{"embeddable":true,"href":"https:\/\/www.swissraft.ch\/de\/wp-json\/wp\/v2\/comments?post=91219"}],"version-history":[{"count":12,"href":"https:\/\/www.swissraft.ch\/de\/wp-json\/wp\/v2\/product\/91219\/revisions"}],"predecessor-version":[{"id":118864,"href":"https:\/\/www.swissraft.ch\/de\/wp-json\/wp\/v2\/product\/91219\/revisions\/118864"}],"wp:featuredmedia":[{"embeddable":true,"href":"https:\/\/www.swissraft.ch\/de\/wp-json\/wp\/v2\/media\/91042"}],"wp:attachment":[{"href":"https:\/\/www.swissraft.ch\/de\/wp-json\/wp\/v2\/media?parent=91219"}],"wp:term":[{"taxonomy":"product_cat","embeddable":true,"href":"https:\/\/www.swissraft.ch\/de\/wp-json\/wp\/v2\/product_cat?post=91219"},{"taxonomy":"product_tag","embeddable":true,"href":"https:\/\/www.swissraft.ch\/de\/wp-json\/wp\/v2\/product_tag?post=91219"}],"curies":[{"name":"wp","href":"https:\/\/api.w.org\/{rel}","templated":true}]}}