{"id":91213,"date":"2024-06-22T16:54:14","date_gmt":"2024-06-22T14:54:14","guid":{"rendered":"https:\/\/swissraft.xyanzkdne.eu\/product\/hubschrauberflug-von-interlaken-landung-auf-dem-jungfraujoch-20-min-chf-1450-00\/"},"modified":"2026-04-19T04:02:35","modified_gmt":"2026-04-19T02:02:35","slug":"interlaken-rundflug-landung-jungfraujoch","status":"publish","type":"product","link":"https:\/\/www.swissraft.ch\/de\/produkt\/interlaken-rundflug-landung-jungfraujoch\/","title":{"rendered":"Helikopterflug &#8211; Interlaken &#8211; Landung auf der Jungfraujoch &#8211; 20 Min. &#8211; CHF 1&#8217;450.00"},"content":{"rendered":"\t\t<div data-elementor-type=\"wp-post\" data-elementor-id=\"91213\" class=\"elementor elementor-91213 elementor-70927\">\n\t\t\t\t\t\t\t\t\t<section class=\"elementor-section elementor-top-section elementor-element elementor-element-3303a7e3 elementor-section-boxed elementor-section-height-default elementor-section-height-default\" data-id=\"3303a7e3\" data-element_type=\"section\">\n\t\t\t\t\t\t<div class=\"elementor-container elementor-column-gap-default\">\n\t\t\t\t\t<div class=\"elementor-column elementor-col-100 elementor-top-column elementor-element elementor-element-16d72dbf\" data-id=\"16d72dbf\" data-element_type=\"column\">\n\t\t\t<div class=\"elementor-widget-wrap elementor-element-populated\">\n\t\t\t\t\t\t\t\t<div class=\"elementor-element elementor-element-d743c03 elementor-widget elementor-widget-text-editor\" data-id=\"d743c03\" data-element_type=\"widget\" data-widget_type=\"text-editor.default\">\n\t\t\t\t<div class=\"elementor-widget-container\">\n\t\t\t\t\t\t\t<h2>W\u00c4HLEN SIE UNTEN IHRE AKTIVIT\u00c4T AUS, UM GESCHENKGUTSCHEINE \/ TICKETS ZU VERSCHENKEN ODER ZU BUCHEN<\/h2><table style=\"height: 290px;\" border=\"0\" width=\"580\" cellspacing=\"10\" cellpadding=\"10\"><tbody><tr><td width=\"50%\"><strong>RUNDFLUG &#8211; LANDUNG AUF DER JUNGFRAUJOCH &#8211; PRIVATFLUG (1-5 Pers.) &#8211; 20 Min.<\/strong><\/td><td><strong>CHF 1&#8217;450.00 Privatflug<\/strong><\/td><\/tr><tr><td>Zus\u00e4tzliche Informationen<\/td><td>&#8211; Sie haben den Helikopter ausschlie\u00dflich f\u00fcr sich<br \/>&#8211; Sie bestimmen das Datum und die Uhrzeit des Abflugs<br \/>&#8211; Maximum 5 Pers.<\/td><\/tr><tr><td>Heliport<\/td><td><a href=\"https:\/\/www.google.com\/maps\/place\/46%C2%B038'53.4%22N+7%C2%B052'41.1%22E\/@46.6502106,7.8037923,12395m\/data=!3m1!1e3!4m4!3m3!8m2!3d46.6481667!4d7.8780833?entry=ttu\" target=\"_blank\" rel=\"noopener\">Gsteigwiler<\/a><\/td><\/tr><tr><td>Flugzeit<\/td><td>20 Min.<\/td><\/tr><tr><td>Gesamtdauer<\/td><td>ca. 1.15 Std<\/td><\/tr><tr><td>Termin<\/td><td>Per Telefon<\/td><\/tr><tr><td><a href=\"https:\/\/swissraft.outdoorbooking.ch\/fo\/products\/2087?base_id=10&amp;category_id=6&amp;order_type=gift_voucher&amp;lang=de\" target=\"_blank\" rel=\"noopener\"><button class=\"elementor-button\" type=\"button\">GUTSCHEIN \/ TICKET KAUFEN<\/button><\/a><\/td><td><strong><em>WICHTIG !<\/em><\/strong><br \/><em>Um zu reservieren, rufen Sie die Nummer an, die sich oben links auf dem Gutschein \/ Ticket befindet.<\/em><\/td><\/tr><\/tbody><\/table>\t\t\t\t\t\t<\/div>\n\t\t\t\t<\/div>\n\t\t\t\t\t<\/div>\n\t\t<\/div>\n\t\t\t\t\t\t\t<\/div>\n\t\t<\/section>\n\t\t\t\t\t\t\t<\/div>\n\t\t","protected":false},"excerpt":{"rendered":"<div align=\"justify\">\n<h2 align=\"justify\">Vom Heliport Gsteigwiler aus starten Sie zu einem 20-min\u00fctigen Flug und landen auf dem Jungfraujoch.<\/h2>\n<h3>Genie\u00dfen Sie einen Snack in einem der Restaurants mit einem atemberaubenden 360-Grad-Panorama der Schweizer Alpen.<\/h3>\n<\/div>\n<div align=\"justify\">\n<p>Von Gsteigwiler bei Interlaken im Berner Oberland f\u00fchrt Sie dieser 20-min\u00fctige Flug zum Jungfraujoch, wo wir landen und in einem der Restaurants einen Snack zu uns nehmen werden. Nach einer kurzen Pause geht der Flug weiter zum Schilthorn, das durch den James Bond Film 007 ber\u00fchmt wurde, bevor er wieder auf dem Heliport Gsteigwiler-Interlaken landet.<\/p>\n<h3>Von 26 Heliports und Flugpl\u00e4tzen in der Schweiz aus bietet Swissraft \u00fcber 150 Helikopterrundfl\u00fcge an.<\/h3>\n<p id=\"textarea\" style=\"display: none;\">\nAu\u00dferdem starten wir vom Heliport Gstaad-Grund in Gstaad-Saanenland und auch vom Flugplatz Saanen. Aber auch von den Heliports Lauterbrunnen, Lenk-Simmental und Schattenhalb-Meiringen auch im Berner Oberland. Auch im Wallis starten wir von den Heliports Gampel, Collombey und dem Flughafen Sitten. Wir haben auch Rundreisen ab \u00c9pagny im Kanton Freiburg im Angebot. Aber auch Rundfl\u00fcge ab dem Heliport Erstfeld im Kanton Uri und im Kanton Luzern ab dem Heliport Pfaffnau. Wir bieten Rundfl\u00fcge ab dem Flugplatz Buttwil in Aargau an. Au\u00dferdem bieten wir Fl\u00fcge von Grenchen und vom Flughafen Bern-Belp an. Au\u00dferdem fliegen wir vom internationalen Flughafen Z\u00fcrich-Kloten ab. Auch vom Flugplatz K\u00fcssnacht im Kanton Schwyz. In Graub\u00fcnden im Engadin bieten wir Fl\u00fcge vom Heliport St. Moritz aus an. Moritz im Winter an und vom Flughafen Samedan das ganze Jahr \u00fcber. Au\u00dferdem bieten wir in Graub\u00fcnden Hubschrauberfl\u00fcge von den Heliports Flims, Tavanasa und Untervaz an. Auch im Tessin starten wir von den Flugpl\u00e4tzen Locarno und Lodrino. Dar\u00fcber hinaus starten wir vom Heliport Balzers in Liechtenstein und vom Flugplatz Sitterdorf in Thurgau.\n<\/p>\n<p><a id=\"seeMore\" onclick=\"toggleSeeMore()\" href=\"javascript:void(0);\">Lesen Sie mehr<\/a><\/p>\n","protected":false},"featured_media":90532,"comment_status":"open","ping_status":"closed","template":"","meta":{"inline_featured_image":false,"_mi_skip_tracking":false},"product_cat":[263,274],"product_tag":[],"class_list":["post-91213","product","type-product","status-publish","has-post-thumbnail","hentry","product_cat-helikopterflug-in-der-schweiz","product_cat-helikopterflug-rundflug-interlaken-gsteigwiler"],"yoast_head":"<!-- This site is optimized with the Yoast SEO plugin v23.6 - https:\/\/yoast.com\/wordpress\/plugins\/seo\/ -->\n<title>Rundflug Landung Jungfraujoch von Interlaken-Gsteigwiler aus<\/title>\n<meta name=\"description\" content=\"Rundflug Landung Jungfraujoch ab Gsteigwiler f\u00fcr einen 20-min\u00fctigen Helikopterflug. Herrliche Aussicht auf die h\u00f6chsten Gipfel des Berner Oberlandes\" \/>\n<meta name=\"robots\" content=\"index, follow, max-snippet:-1, max-image-preview:large, max-video-preview:-1\" \/>\n<link rel=\"canonical\" href=\"https:\/\/www.swissraft.ch\/de\/produkt\/interlaken-rundflug-landung-jungfraujoch\/\" \/>\n<meta property=\"og:locale\" content=\"de_DE\" \/>\n<meta property=\"og:type\" content=\"article\" \/>\n<meta property=\"og:title\" content=\"Rundflug Landung Jungfraujoch von Interlaken-Gsteigwiler aus\" \/>\n<meta property=\"og:description\" content=\"Rundflug Landung Jungfraujoch ab Gsteigwiler f\u00fcr einen 20-min\u00fctigen Helikopterflug. Herrliche Aussicht auf die h\u00f6chsten Gipfel des Berner Oberlandes\" \/>\n<meta property=\"og:url\" content=\"https:\/\/www.swissraft.ch\/de\/produkt\/interlaken-rundflug-landung-jungfraujoch\/\" \/>\n<meta property=\"og:site_name\" content=\"Swissraft\" \/>\n<meta property=\"article:modified_time\" content=\"2026-04-19T02:02:35+00:00\" \/>\n<meta property=\"og:image\" content=\"https:\/\/www.swissraft.ch\/wp-content\/uploads\/2024\/06\/1-1Jungfraujoch.jpg\" \/>\n\t<meta property=\"og:image:width\" content=\"776\" \/>\n\t<meta property=\"og:image:height\" content=\"776\" \/>\n\t<meta property=\"og:image:type\" content=\"image\/jpeg\" \/>\n<meta name=\"twitter:card\" content=\"summary_large_image\" \/>\n<meta name=\"twitter:label1\" content=\"Gesch\u00e4tzte Lesezeit\" \/>\n\t<meta name=\"twitter:data1\" content=\"1\u00a0Minute\" \/>\n<script type=\"application\/ld+json\" class=\"yoast-schema-graph\">{\"@context\":\"https:\/\/schema.org\",\"@graph\":[{\"@type\":\"WebPage\",\"@id\":\"https:\/\/www.swissraft.ch\/de\/produkt\/interlaken-rundflug-landung-jungfraujoch\/\",\"url\":\"https:\/\/www.swissraft.ch\/de\/produkt\/interlaken-rundflug-landung-jungfraujoch\/\",\"name\":\"Rundflug Landung Jungfraujoch von Interlaken-Gsteigwiler aus\",\"isPartOf\":{\"@id\":\"https:\/\/www.swissraft.ch\/de\/#website\"},\"primaryImageOfPage\":{\"@id\":\"https:\/\/www.swissraft.ch\/de\/produkt\/interlaken-rundflug-landung-jungfraujoch\/#primaryimage\"},\"image\":{\"@id\":\"https:\/\/www.swissraft.ch\/de\/produkt\/interlaken-rundflug-landung-jungfraujoch\/#primaryimage\"},\"thumbnailUrl\":\"https:\/\/www.swissraft.ch\/wp-content\/uploads\/2024\/06\/1-1Jungfraujoch.jpg\",\"datePublished\":\"2024-06-22T14:54:14+00:00\",\"dateModified\":\"2026-04-19T02:02:35+00:00\",\"description\":\"Rundflug Landung Jungfraujoch ab Gsteigwiler f\u00fcr einen 20-min\u00fctigen Helikopterflug. Herrliche Aussicht auf die h\u00f6chsten Gipfel des Berner Oberlandes\",\"breadcrumb\":{\"@id\":\"https:\/\/www.swissraft.ch\/de\/produkt\/interlaken-rundflug-landung-jungfraujoch\/#breadcrumb\"},\"inLanguage\":\"de\",\"potentialAction\":[{\"@type\":\"ReadAction\",\"target\":[\"https:\/\/www.swissraft.ch\/de\/produkt\/interlaken-rundflug-landung-jungfraujoch\/\"]}]},{\"@type\":\"ImageObject\",\"inLanguage\":\"de\",\"@id\":\"https:\/\/www.swissraft.ch\/de\/produkt\/interlaken-rundflug-landung-jungfraujoch\/#primaryimage\",\"url\":\"https:\/\/www.swissraft.ch\/wp-content\/uploads\/2024\/06\/1-1Jungfraujoch.jpg\",\"contentUrl\":\"https:\/\/www.swissraft.ch\/wp-content\/uploads\/2024\/06\/1-1Jungfraujoch.jpg\",\"width\":776,\"height\":776,\"caption\":\"Rundflug Landung Jungfraujoch\"},{\"@type\":\"BreadcrumbList\",\"@id\":\"https:\/\/www.swissraft.ch\/de\/produkt\/interlaken-rundflug-landung-jungfraujoch\/#breadcrumb\",\"itemListElement\":[{\"@type\":\"ListItem\",\"position\":1,\"name\":\"Accueil\",\"item\":\"https:\/\/www.swissraft.ch\/de\/\"},{\"@type\":\"ListItem\",\"position\":2,\"name\":\"Shop\",\"item\":\"https:\/\/www.swissraft.ch\/de\/shop\/\"},{\"@type\":\"ListItem\",\"position\":3,\"name\":\"Helikopterflug &#8211; Interlaken &#8211; Landung auf der Jungfraujoch &#8211; 20 Min. &#8211; CHF 1&rsquo;450.00\"}]},{\"@type\":\"WebSite\",\"@id\":\"https:\/\/www.swissraft.ch\/de\/#website\",\"url\":\"https:\/\/www.swissraft.ch\/de\/\",\"name\":\"Swissraft\",\"description\":\"To enjoy nature as it is\",\"publisher\":{\"@id\":\"https:\/\/www.swissraft.ch\/de\/#organization\"},\"potentialAction\":[{\"@type\":\"SearchAction\",\"target\":{\"@type\":\"EntryPoint\",\"urlTemplate\":\"https:\/\/www.swissraft.ch\/de\/?s={search_term_string}\"},\"query-input\":{\"@type\":\"PropertyValueSpecification\",\"valueRequired\":true,\"valueName\":\"search_term_string\"}}],\"inLanguage\":\"de\"},{\"@type\":\"Organization\",\"@id\":\"https:\/\/www.swissraft.ch\/de\/#organization\",\"name\":\"Swissraft\",\"url\":\"https:\/\/www.swissraft.ch\/de\/\",\"logo\":{\"@type\":\"ImageObject\",\"inLanguage\":\"de\",\"@id\":\"https:\/\/www.swissraft.ch\/de\/#\/schema\/logo\/image\/\",\"url\":\"https:\/\/www.swissraft.ch\/wp-content\/uploads\/2025\/09\/Capture.jpg\",\"contentUrl\":\"https:\/\/www.swissraft.ch\/wp-content\/uploads\/2025\/09\/Capture.jpg\",\"width\":293,\"height\":108,\"caption\":\"Swissraft\"},\"image\":{\"@id\":\"https:\/\/www.swissraft.ch\/de\/#\/schema\/logo\/image\/\"}}]}<\/script>\n<!-- \/ Yoast SEO plugin. -->","yoast_head_json":{"title":"Rundflug Landung Jungfraujoch von Interlaken-Gsteigwiler aus","description":"Rundflug Landung Jungfraujoch ab Gsteigwiler f\u00fcr einen 20-min\u00fctigen Helikopterflug. Herrliche Aussicht auf die h\u00f6chsten Gipfel des Berner Oberlandes","robots":{"index":"index","follow":"follow","max-snippet":"max-snippet:-1","max-image-preview":"max-image-preview:large","max-video-preview":"max-video-preview:-1"},"canonical":"https:\/\/www.swissraft.ch\/de\/produkt\/interlaken-rundflug-landung-jungfraujoch\/","og_locale":"de_DE","og_type":"article","og_title":"Rundflug Landung Jungfraujoch von Interlaken-Gsteigwiler aus","og_description":"Rundflug Landung Jungfraujoch ab Gsteigwiler f\u00fcr einen 20-min\u00fctigen Helikopterflug. Herrliche Aussicht auf die h\u00f6chsten Gipfel des Berner Oberlandes","og_url":"https:\/\/www.swissraft.ch\/de\/produkt\/interlaken-rundflug-landung-jungfraujoch\/","og_site_name":"Swissraft","article_modified_time":"2026-04-19T02:02:35+00:00","og_image":[{"width":776,"height":776,"url":"https:\/\/www.swissraft.ch\/wp-content\/uploads\/2024\/06\/1-1Jungfraujoch.jpg","type":"image\/jpeg"}],"twitter_card":"summary_large_image","twitter_misc":{"Gesch\u00e4tzte Lesezeit":"1\u00a0Minute"},"schema":{"@context":"https:\/\/schema.org","@graph":[{"@type":"WebPage","@id":"https:\/\/www.swissraft.ch\/de\/produkt\/interlaken-rundflug-landung-jungfraujoch\/","url":"https:\/\/www.swissraft.ch\/de\/produkt\/interlaken-rundflug-landung-jungfraujoch\/","name":"Rundflug Landung Jungfraujoch von Interlaken-Gsteigwiler aus","isPartOf":{"@id":"https:\/\/www.swissraft.ch\/de\/#website"},"primaryImageOfPage":{"@id":"https:\/\/www.swissraft.ch\/de\/produkt\/interlaken-rundflug-landung-jungfraujoch\/#primaryimage"},"image":{"@id":"https:\/\/www.swissraft.ch\/de\/produkt\/interlaken-rundflug-landung-jungfraujoch\/#primaryimage"},"thumbnailUrl":"https:\/\/www.swissraft.ch\/wp-content\/uploads\/2024\/06\/1-1Jungfraujoch.jpg","datePublished":"2024-06-22T14:54:14+00:00","dateModified":"2026-04-19T02:02:35+00:00","description":"Rundflug Landung Jungfraujoch ab Gsteigwiler f\u00fcr einen 20-min\u00fctigen Helikopterflug. Herrliche Aussicht auf die h\u00f6chsten Gipfel des Berner Oberlandes","breadcrumb":{"@id":"https:\/\/www.swissraft.ch\/de\/produkt\/interlaken-rundflug-landung-jungfraujoch\/#breadcrumb"},"inLanguage":"de","potentialAction":[{"@type":"ReadAction","target":["https:\/\/www.swissraft.ch\/de\/produkt\/interlaken-rundflug-landung-jungfraujoch\/"]}]},{"@type":"ImageObject","inLanguage":"de","@id":"https:\/\/www.swissraft.ch\/de\/produkt\/interlaken-rundflug-landung-jungfraujoch\/#primaryimage","url":"https:\/\/www.swissraft.ch\/wp-content\/uploads\/2024\/06\/1-1Jungfraujoch.jpg","contentUrl":"https:\/\/www.swissraft.ch\/wp-content\/uploads\/2024\/06\/1-1Jungfraujoch.jpg","width":776,"height":776,"caption":"Rundflug Landung Jungfraujoch"},{"@type":"BreadcrumbList","@id":"https:\/\/www.swissraft.ch\/de\/produkt\/interlaken-rundflug-landung-jungfraujoch\/#breadcrumb","itemListElement":[{"@type":"ListItem","position":1,"name":"Accueil","item":"https:\/\/www.swissraft.ch\/de\/"},{"@type":"ListItem","position":2,"name":"Shop","item":"https:\/\/www.swissraft.ch\/de\/shop\/"},{"@type":"ListItem","position":3,"name":"Helikopterflug &#8211; Interlaken &#8211; Landung auf der Jungfraujoch &#8211; 20 Min. &#8211; CHF 1&rsquo;450.00"}]},{"@type":"WebSite","@id":"https:\/\/www.swissraft.ch\/de\/#website","url":"https:\/\/www.swissraft.ch\/de\/","name":"Swissraft","description":"To enjoy nature as it is","publisher":{"@id":"https:\/\/www.swissraft.ch\/de\/#organization"},"potentialAction":[{"@type":"SearchAction","target":{"@type":"EntryPoint","urlTemplate":"https:\/\/www.swissraft.ch\/de\/?s={search_term_string}"},"query-input":{"@type":"PropertyValueSpecification","valueRequired":true,"valueName":"search_term_string"}}],"inLanguage":"de"},{"@type":"Organization","@id":"https:\/\/www.swissraft.ch\/de\/#organization","name":"Swissraft","url":"https:\/\/www.swissraft.ch\/de\/","logo":{"@type":"ImageObject","inLanguage":"de","@id":"https:\/\/www.swissraft.ch\/de\/#\/schema\/logo\/image\/","url":"https:\/\/www.swissraft.ch\/wp-content\/uploads\/2025\/09\/Capture.jpg","contentUrl":"https:\/\/www.swissraft.ch\/wp-content\/uploads\/2025\/09\/Capture.jpg","width":293,"height":108,"caption":"Swissraft"},"image":{"@id":"https:\/\/www.swissraft.ch\/de\/#\/schema\/logo\/image\/"}}]}},"_links":{"self":[{"href":"https:\/\/www.swissraft.ch\/de\/wp-json\/wp\/v2\/product\/91213","targetHints":{"allow":["GET"]}}],"collection":[{"href":"https:\/\/www.swissraft.ch\/de\/wp-json\/wp\/v2\/product"}],"about":[{"href":"https:\/\/www.swissraft.ch\/de\/wp-json\/wp\/v2\/types\/product"}],"replies":[{"embeddable":true,"href":"https:\/\/www.swissraft.ch\/de\/wp-json\/wp\/v2\/comments?post=91213"}],"version-history":[{"count":7,"href":"https:\/\/www.swissraft.ch\/de\/wp-json\/wp\/v2\/product\/91213\/revisions"}],"predecessor-version":[{"id":141030,"href":"https:\/\/www.swissraft.ch\/de\/wp-json\/wp\/v2\/product\/91213\/revisions\/141030"}],"wp:featuredmedia":[{"embeddable":true,"href":"https:\/\/www.swissraft.ch\/de\/wp-json\/wp\/v2\/media\/90532"}],"wp:attachment":[{"href":"https:\/\/www.swissraft.ch\/de\/wp-json\/wp\/v2\/media?parent=91213"}],"wp:term":[{"taxonomy":"product_cat","embeddable":true,"href":"https:\/\/www.swissraft.ch\/de\/wp-json\/wp\/v2\/product_cat?post=91213"},{"taxonomy":"product_tag","embeddable":true,"href":"https:\/\/www.swissraft.ch\/de\/wp-json\/wp\/v2\/product_tag?post=91213"}],"curies":[{"name":"wp","href":"https:\/\/api.w.org\/{rel}","templated":true}]}}