{"id":91209,"date":"2024-05-29T22:05:29","date_gmt":"2024-05-29T20:05:29","guid":{"rendered":"https:\/\/swissraft.xyanzkdne.eu\/product\/funyak-kanu-auf-dem-rhone-souste-sierre-ab-chf-116-00\/"},"modified":"2026-04-12T23:24:28","modified_gmt":"2026-04-12T21:24:28","slug":"kanu-funyak-rhone-sousten-siders","status":"publish","type":"product","link":"https:\/\/www.swissraft.ch\/de\/produkt\/kanu-funyak-rhone-sousten-siders\/","title":{"rendered":"Kanu oder Funyak &#8211; Rhone &#8211; Susten-Siders &#8211; Ab CHF 116.00"},"content":{"rendered":"\t\t<div data-elementor-type=\"wp-post\" data-elementor-id=\"91209\" class=\"elementor elementor-91209 elementor-68345\">\n\t\t\t\t\t\t\t\t\t<section class=\"elementor-section elementor-top-section elementor-element elementor-element-3303a7e3 elementor-section-boxed elementor-section-height-default elementor-section-height-default\" data-id=\"3303a7e3\" data-element_type=\"section\">\n\t\t\t\t\t\t<div class=\"elementor-container elementor-column-gap-default\">\n\t\t\t\t\t<div class=\"elementor-column elementor-col-100 elementor-top-column elementor-element elementor-element-16d72dbf\" data-id=\"16d72dbf\" data-element_type=\"column\">\n\t\t\t<div class=\"elementor-widget-wrap elementor-element-populated\">\n\t\t\t\t\t\t\t\t<div class=\"elementor-element elementor-element-d743c03 elementor-widget elementor-widget-text-editor\" data-id=\"d743c03\" data-element_type=\"widget\" data-widget_type=\"text-editor.default\">\n\t\t\t\t<div class=\"elementor-widget-container\">\n\t\t\t\t\t\t\t<h2>W\u00c4HLEN SIE UNTEN IHRE AKTIVIT\u00c4T AUS, UM GESCHENKGUTSCHEINE \/ TICKETS ZU VERSCHENKEN ODER ZU BUCHEN<\/h2><table border=\"0\" width=\"580\" cellspacing=\"10\" cellpadding=\"10\"><tbody><tr><td width=\"50%\"><strong>KANU ODER FUNYAK &#8211; RHONE + Imbiss<\/strong><\/td><td><strong>CHF 145.00 pro Person<span class=\"productPrice\"><br \/><\/span><\/strong><\/td><\/tr><tr><td>Zus\u00e4tzliche Informationen<\/td><td><span class=\"plbl\">&#8211; <\/span><span class=\"patt\">Ab 10 Pers. 10% : <strong>CHF 108.00<\/strong>\/Pers.<br \/>&#8211; Ab 21 Pers. 20% : <strong>CHF 96.00<\/strong>\/Pers.<br \/>&#8211; Mindestalter : 14 j\u00e4hrig<br \/>&#8211; Schulpreis : <span class=\"patt\" style=\"font-family: inherit; font-size: inherit;\"><span class=\"plbl\"><a href=\"https:\/\/www.swissraft.ch\/de\/kontakt\/\">Kontaktieren Sie uns<\/a><\/span><\/span><\/span><\/td><\/tr><tr><td>Startzeiten<\/td><td>10.00 Uhr \/ 14.00 Uhr<\/td><\/tr><tr><td>Kanu oder Funyak<\/td><td>ca. 1,5 Std.<\/td><\/tr><tr><td>Gesamtdauer<\/td><td>ca. 3 Std.<\/td><\/tr><tr><td>Treffpunkt<\/td><td><a href=\"https:\/\/www.google.com\/maps\/place\/46%C2%B017'36.8%22N+7%C2%B033'29.6%22E\/@46.2937223,7.5537054,780m\/data=!3m1!1e3!4m4!3m3!8m2!3d46.2935556!4d7.5582222?entry=ttu\" target=\"_blank\" rel=\"noopener\">Siders<\/a><\/td><\/tr><tr><td>Schwierigkeitsgrad<\/td><td>2 \u00e0 3+<\/td><\/tr><tr><td><button class=\"elementor-button\" type=\"button\"><a href=\"https:\/\/swissraft.outdoorbooking.ch\/fo\/products\/1274?base_id=82&amp;category_id=9&amp;order_type=gift_voucher&amp;lang=de\" target=\"_blank\" rel=\"noopener\">GUTSCHEIN \/ TICKET KAUFEN<\/a><\/button><\/td><td><span style=\"color: #ff6600;\"><a href=\"https:\/\/swissraft.outdoorbooking.ch\/fo\/products\/1274?base_id=82&amp;category_id=9&amp;order_type=event&amp;lang=de\" target=\"_blank\" rel=\"noopener\">RESERVIEREN SIE EIN DATUM<\/a><\/span><\/td><\/tr><\/tbody><\/table>\t\t\t\t\t\t<\/div>\n\t\t\t\t<\/div>\n\t\t\t\t\t<\/div>\n\t\t<\/div>\n\t\t\t\t\t\t\t<\/div>\n\t\t<\/section>\n\t\t\t\t\t\t\t<\/div>\n\t\t","protected":false},"excerpt":{"rendered":"<div align=\"justify\">\n<h2 align=\"justify\">Kanu oder Funyak auf dem turbulenten Teil der Rhone zwischen Sousten und Siders ist die ideale Abfahrt f\u00fcr Sportler<\/h2>\n<h3>Sousten-Siders im Funyak-Kanu f\u00fcr diejenigen, die keine Angst haben, nass zu werden.<\/h3>\n<\/div>\n<div align=\"justify\">\n<p>Die Kanufahrt auf der Rhoone zwischen Sousten und Siders ist aufregend. Zun\u00e4chst begr\u00fc\u00dfen die Stromschnellen die Abenteurer. Danach bietet jede Welle einen Adrenalinschub. Die Beherrschung des Funyak oder Ducky ist jedoch ein gro\u00dfes Vergn\u00fcgen. Das geschickte Navigieren in den Str\u00f6mungen ist lohnend. Die wilden Landschaften machen das Erlebnis noch reizvoller. Pl\u00f6tzlich erscheint eine intensivere Stromschnelle, die Ihre F\u00e4higkeiten auf die Probe stellt. Dann kehrt f\u00fcr kurze Zeit relative Ruhe ein, so dass Sie wieder zu Atem kommen k\u00f6nnen. Au\u00dferdem folgt ein Nervenkitzel auf den anderen, was die Abfahrt zu einem aufregenden Erlebnis macht. Die Ankunft in Siders markiert schlie\u00dflich das Ende dieses sportlichen Abenteuers. Kurzum, dieser bewegte Abschnitt der Rh\u00f4ne ist ideal f\u00fcr Liebhaber von Herausforderungen. Zusammenfassend l\u00e4sst sich sagen, dass der Funyak oder Ducky perfekt f\u00fcr dieses einzigartige Erlebnis ist. So lassen sich Adrenalin und Natur auf wunderbare Weise kombinieren.<\/p>\n<h3>Auf der Website von Swissraft finden Sie mehr als 10 Funyak-Kanu-Routen.<\/h3>\n<p id=\"textarea\" style=\"display: none;\">\nEbenfalls auf der Rhone gibt es den erholsamen Abschnitt zwischen Chippis und St. Leonard f\u00fcr einen Familienausflug. Aber auch auf dem Rhein in Graub\u00fcnden k\u00f6nnen Sie zwischen Ilanz und Valendas einen halben Tag lang fahren. F\u00fcr einen Tag sollten Sie die Strecke Ilanz &#8211; Reichenau w\u00e4hlen. Au\u00dferdem gibt es den klassischen Halbtagesausflug mit dem Funyak-Kanu, ebenfalls auf dem Rhein zwischen Versam und Reichenau. In der Ebene, nach dem ber\u00fchmten Rheinfall, bieten wir Ihnen zwei Abschnitte: Schaffhausen &#8211; Rheinau einen halben Tag oder Schaffhausen &#8211; R\u00fcdlingen einen ganzen Tag Kanufunyak. Aber auch auf der Reuss sind die Halbtagestouren Bremgarten &#8211; Mellingen und Mellingen &#8211; Gebenstorf zu entdecken. Auf Bremgarten &#8211; Gebenstorf, ebenfalls auf der Reuss, k\u00f6nnen Sie einen sch\u00f6nen Kanutag mit Picknick genie\u00dfen.\n<\/p>\n<p><a id=\"seeMore\" onclick=\"toggleSeeMore()\" href=\"javascript:void(0);\">Lesen Sie mehr<\/a><\/p>\n","protected":false},"featured_media":90487,"comment_status":"open","ping_status":"closed","template":"","meta":{"inline_featured_image":false,"_mi_skip_tracking":false},"product_cat":[268,273],"product_tag":[],"class_list":["post-91209","product","type-product","status-publish","has-post-thumbnail","hentry","product_cat-kanu-funyak-oder-ducky-in-der-schweiz","product_cat-kanu-funyak-rhone"],"yoast_head":"<!-- This site is optimized with the Yoast SEO plugin v23.6 - https:\/\/yoast.com\/wordpress\/plugins\/seo\/ -->\n<title>Kanu Sousten-Siders eine Sportabteilung f\u00fcr Kanu Funyak<\/title>\n<meta name=\"description\" content=\"Kanu Sousten-Siders eine Funyak-Kanu-Tour auf der turbulenten Rhone. Eine beliebte Aktivit\u00e4t f\u00fcr Sportler und Actionliebhaber.\" \/>\n<meta name=\"robots\" content=\"index, follow, max-snippet:-1, max-image-preview:large, max-video-preview:-1\" \/>\n<link rel=\"canonical\" href=\"https:\/\/www.swissraft.ch\/de\/produkt\/kanu-funyak-rhone-sousten-siders\/\" \/>\n<meta property=\"og:locale\" content=\"de_DE\" \/>\n<meta property=\"og:type\" content=\"article\" \/>\n<meta property=\"og:title\" content=\"Kanu Sousten-Siders eine Sportabteilung f\u00fcr Kanu Funyak\" \/>\n<meta property=\"og:description\" content=\"Kanu Sousten-Siders eine Funyak-Kanu-Tour auf der turbulenten Rhone. Eine beliebte Aktivit\u00e4t f\u00fcr Sportler und Actionliebhaber.\" \/>\n<meta property=\"og:url\" content=\"https:\/\/www.swissraft.ch\/de\/produkt\/kanu-funyak-rhone-sousten-siders\/\" \/>\n<meta property=\"og:site_name\" content=\"Swissraft\" \/>\n<meta property=\"article:modified_time\" content=\"2026-04-12T21:24:28+00:00\" \/>\n<meta property=\"og:image\" content=\"https:\/\/www.swissraft.ch\/wp-content\/uploads\/2024\/05\/1-3-Kanufahrt-Rhone-Sousten-Siders-776x776-1.jpg\" \/>\n\t<meta property=\"og:image:width\" content=\"776\" \/>\n\t<meta property=\"og:image:height\" content=\"776\" \/>\n\t<meta property=\"og:image:type\" content=\"image\/jpeg\" \/>\n<meta name=\"twitter:card\" content=\"summary_large_image\" \/>\n<meta name=\"twitter:label1\" content=\"Gesch\u00e4tzte Lesezeit\" \/>\n\t<meta name=\"twitter:data1\" content=\"1\u00a0Minute\" \/>\n<script type=\"application\/ld+json\" class=\"yoast-schema-graph\">{\"@context\":\"https:\/\/schema.org\",\"@graph\":[{\"@type\":\"WebPage\",\"@id\":\"https:\/\/www.swissraft.ch\/de\/produkt\/kanu-funyak-rhone-sousten-siders\/\",\"url\":\"https:\/\/www.swissraft.ch\/de\/produkt\/kanu-funyak-rhone-sousten-siders\/\",\"name\":\"Kanu Sousten-Siders eine Sportabteilung f\u00fcr Kanu Funyak\",\"isPartOf\":{\"@id\":\"https:\/\/www.swissraft.ch\/de\/#website\"},\"primaryImageOfPage\":{\"@id\":\"https:\/\/www.swissraft.ch\/de\/produkt\/kanu-funyak-rhone-sousten-siders\/#primaryimage\"},\"image\":{\"@id\":\"https:\/\/www.swissraft.ch\/de\/produkt\/kanu-funyak-rhone-sousten-siders\/#primaryimage\"},\"thumbnailUrl\":\"https:\/\/www.swissraft.ch\/wp-content\/uploads\/2024\/05\/1-3-Kanufahrt-Rhone-Sousten-Siders-776x776-1.jpg\",\"datePublished\":\"2024-05-29T20:05:29+00:00\",\"dateModified\":\"2026-04-12T21:24:28+00:00\",\"description\":\"Kanu Sousten-Siders eine Funyak-Kanu-Tour auf der turbulenten Rhone. Eine beliebte Aktivit\u00e4t f\u00fcr Sportler und Actionliebhaber.\",\"breadcrumb\":{\"@id\":\"https:\/\/www.swissraft.ch\/de\/produkt\/kanu-funyak-rhone-sousten-siders\/#breadcrumb\"},\"inLanguage\":\"de\",\"potentialAction\":[{\"@type\":\"ReadAction\",\"target\":[\"https:\/\/www.swissraft.ch\/de\/produkt\/kanu-funyak-rhone-sousten-siders\/\"]}]},{\"@type\":\"ImageObject\",\"inLanguage\":\"de\",\"@id\":\"https:\/\/www.swissraft.ch\/de\/produkt\/kanu-funyak-rhone-sousten-siders\/#primaryimage\",\"url\":\"https:\/\/www.swissraft.ch\/wp-content\/uploads\/2024\/05\/1-3-Kanufahrt-Rhone-Sousten-Siders-776x776-1.jpg\",\"contentUrl\":\"https:\/\/www.swissraft.ch\/wp-content\/uploads\/2024\/05\/1-3-Kanufahrt-Rhone-Sousten-Siders-776x776-1.jpg\",\"width\":776,\"height\":776,\"caption\":\"Sousten-Siders auf der Rhone im Funyak-Kanu im Wallis\"},{\"@type\":\"BreadcrumbList\",\"@id\":\"https:\/\/www.swissraft.ch\/de\/produkt\/kanu-funyak-rhone-sousten-siders\/#breadcrumb\",\"itemListElement\":[{\"@type\":\"ListItem\",\"position\":1,\"name\":\"Accueil\",\"item\":\"https:\/\/www.swissraft.ch\/de\/\"},{\"@type\":\"ListItem\",\"position\":2,\"name\":\"Shop\",\"item\":\"https:\/\/www.swissraft.ch\/de\/shop\/\"},{\"@type\":\"ListItem\",\"position\":3,\"name\":\"Kanu oder Funyak &#8211; Rhone &#8211; Susten-Siders &#8211; Ab CHF 116.00\"}]},{\"@type\":\"WebSite\",\"@id\":\"https:\/\/www.swissraft.ch\/de\/#website\",\"url\":\"https:\/\/www.swissraft.ch\/de\/\",\"name\":\"Swissraft\",\"description\":\"To enjoy nature as it is\",\"publisher\":{\"@id\":\"https:\/\/www.swissraft.ch\/de\/#organization\"},\"potentialAction\":[{\"@type\":\"SearchAction\",\"target\":{\"@type\":\"EntryPoint\",\"urlTemplate\":\"https:\/\/www.swissraft.ch\/de\/?s={search_term_string}\"},\"query-input\":{\"@type\":\"PropertyValueSpecification\",\"valueRequired\":true,\"valueName\":\"search_term_string\"}}],\"inLanguage\":\"de\"},{\"@type\":\"Organization\",\"@id\":\"https:\/\/www.swissraft.ch\/de\/#organization\",\"name\":\"Swissraft\",\"url\":\"https:\/\/www.swissraft.ch\/de\/\",\"logo\":{\"@type\":\"ImageObject\",\"inLanguage\":\"de\",\"@id\":\"https:\/\/www.swissraft.ch\/de\/#\/schema\/logo\/image\/\",\"url\":\"https:\/\/www.swissraft.ch\/wp-content\/uploads\/2025\/09\/Capture.jpg\",\"contentUrl\":\"https:\/\/www.swissraft.ch\/wp-content\/uploads\/2025\/09\/Capture.jpg\",\"width\":293,\"height\":108,\"caption\":\"Swissraft\"},\"image\":{\"@id\":\"https:\/\/www.swissraft.ch\/de\/#\/schema\/logo\/image\/\"}}]}<\/script>\n<!-- \/ Yoast SEO plugin. -->","yoast_head_json":{"title":"Kanu Sousten-Siders eine Sportabteilung f\u00fcr Kanu Funyak","description":"Kanu Sousten-Siders eine Funyak-Kanu-Tour auf der turbulenten Rhone. Eine beliebte Aktivit\u00e4t f\u00fcr Sportler und Actionliebhaber.","robots":{"index":"index","follow":"follow","max-snippet":"max-snippet:-1","max-image-preview":"max-image-preview:large","max-video-preview":"max-video-preview:-1"},"canonical":"https:\/\/www.swissraft.ch\/de\/produkt\/kanu-funyak-rhone-sousten-siders\/","og_locale":"de_DE","og_type":"article","og_title":"Kanu Sousten-Siders eine Sportabteilung f\u00fcr Kanu Funyak","og_description":"Kanu Sousten-Siders eine Funyak-Kanu-Tour auf der turbulenten Rhone. Eine beliebte Aktivit\u00e4t f\u00fcr Sportler und Actionliebhaber.","og_url":"https:\/\/www.swissraft.ch\/de\/produkt\/kanu-funyak-rhone-sousten-siders\/","og_site_name":"Swissraft","article_modified_time":"2026-04-12T21:24:28+00:00","og_image":[{"width":776,"height":776,"url":"https:\/\/www.swissraft.ch\/wp-content\/uploads\/2024\/05\/1-3-Kanufahrt-Rhone-Sousten-Siders-776x776-1.jpg","type":"image\/jpeg"}],"twitter_card":"summary_large_image","twitter_misc":{"Gesch\u00e4tzte Lesezeit":"1\u00a0Minute"},"schema":{"@context":"https:\/\/schema.org","@graph":[{"@type":"WebPage","@id":"https:\/\/www.swissraft.ch\/de\/produkt\/kanu-funyak-rhone-sousten-siders\/","url":"https:\/\/www.swissraft.ch\/de\/produkt\/kanu-funyak-rhone-sousten-siders\/","name":"Kanu Sousten-Siders eine Sportabteilung f\u00fcr Kanu Funyak","isPartOf":{"@id":"https:\/\/www.swissraft.ch\/de\/#website"},"primaryImageOfPage":{"@id":"https:\/\/www.swissraft.ch\/de\/produkt\/kanu-funyak-rhone-sousten-siders\/#primaryimage"},"image":{"@id":"https:\/\/www.swissraft.ch\/de\/produkt\/kanu-funyak-rhone-sousten-siders\/#primaryimage"},"thumbnailUrl":"https:\/\/www.swissraft.ch\/wp-content\/uploads\/2024\/05\/1-3-Kanufahrt-Rhone-Sousten-Siders-776x776-1.jpg","datePublished":"2024-05-29T20:05:29+00:00","dateModified":"2026-04-12T21:24:28+00:00","description":"Kanu Sousten-Siders eine Funyak-Kanu-Tour auf der turbulenten Rhone. Eine beliebte Aktivit\u00e4t f\u00fcr Sportler und Actionliebhaber.","breadcrumb":{"@id":"https:\/\/www.swissraft.ch\/de\/produkt\/kanu-funyak-rhone-sousten-siders\/#breadcrumb"},"inLanguage":"de","potentialAction":[{"@type":"ReadAction","target":["https:\/\/www.swissraft.ch\/de\/produkt\/kanu-funyak-rhone-sousten-siders\/"]}]},{"@type":"ImageObject","inLanguage":"de","@id":"https:\/\/www.swissraft.ch\/de\/produkt\/kanu-funyak-rhone-sousten-siders\/#primaryimage","url":"https:\/\/www.swissraft.ch\/wp-content\/uploads\/2024\/05\/1-3-Kanufahrt-Rhone-Sousten-Siders-776x776-1.jpg","contentUrl":"https:\/\/www.swissraft.ch\/wp-content\/uploads\/2024\/05\/1-3-Kanufahrt-Rhone-Sousten-Siders-776x776-1.jpg","width":776,"height":776,"caption":"Sousten-Siders auf der Rhone im Funyak-Kanu im Wallis"},{"@type":"BreadcrumbList","@id":"https:\/\/www.swissraft.ch\/de\/produkt\/kanu-funyak-rhone-sousten-siders\/#breadcrumb","itemListElement":[{"@type":"ListItem","position":1,"name":"Accueil","item":"https:\/\/www.swissraft.ch\/de\/"},{"@type":"ListItem","position":2,"name":"Shop","item":"https:\/\/www.swissraft.ch\/de\/shop\/"},{"@type":"ListItem","position":3,"name":"Kanu oder Funyak &#8211; Rhone &#8211; Susten-Siders &#8211; Ab CHF 116.00"}]},{"@type":"WebSite","@id":"https:\/\/www.swissraft.ch\/de\/#website","url":"https:\/\/www.swissraft.ch\/de\/","name":"Swissraft","description":"To enjoy nature as it is","publisher":{"@id":"https:\/\/www.swissraft.ch\/de\/#organization"},"potentialAction":[{"@type":"SearchAction","target":{"@type":"EntryPoint","urlTemplate":"https:\/\/www.swissraft.ch\/de\/?s={search_term_string}"},"query-input":{"@type":"PropertyValueSpecification","valueRequired":true,"valueName":"search_term_string"}}],"inLanguage":"de"},{"@type":"Organization","@id":"https:\/\/www.swissraft.ch\/de\/#organization","name":"Swissraft","url":"https:\/\/www.swissraft.ch\/de\/","logo":{"@type":"ImageObject","inLanguage":"de","@id":"https:\/\/www.swissraft.ch\/de\/#\/schema\/logo\/image\/","url":"https:\/\/www.swissraft.ch\/wp-content\/uploads\/2025\/09\/Capture.jpg","contentUrl":"https:\/\/www.swissraft.ch\/wp-content\/uploads\/2025\/09\/Capture.jpg","width":293,"height":108,"caption":"Swissraft"},"image":{"@id":"https:\/\/www.swissraft.ch\/de\/#\/schema\/logo\/image\/"}}]}},"_links":{"self":[{"href":"https:\/\/www.swissraft.ch\/de\/wp-json\/wp\/v2\/product\/91209","targetHints":{"allow":["GET"]}}],"collection":[{"href":"https:\/\/www.swissraft.ch\/de\/wp-json\/wp\/v2\/product"}],"about":[{"href":"https:\/\/www.swissraft.ch\/de\/wp-json\/wp\/v2\/types\/product"}],"replies":[{"embeddable":true,"href":"https:\/\/www.swissraft.ch\/de\/wp-json\/wp\/v2\/comments?post=91209"}],"version-history":[{"count":19,"href":"https:\/\/www.swissraft.ch\/de\/wp-json\/wp\/v2\/product\/91209\/revisions"}],"predecessor-version":[{"id":139890,"href":"https:\/\/www.swissraft.ch\/de\/wp-json\/wp\/v2\/product\/91209\/revisions\/139890"}],"wp:featuredmedia":[{"embeddable":true,"href":"https:\/\/www.swissraft.ch\/de\/wp-json\/wp\/v2\/media\/90487"}],"wp:attachment":[{"href":"https:\/\/www.swissraft.ch\/de\/wp-json\/wp\/v2\/media?parent=91209"}],"wp:term":[{"taxonomy":"product_cat","embeddable":true,"href":"https:\/\/www.swissraft.ch\/de\/wp-json\/wp\/v2\/product_cat?post=91209"},{"taxonomy":"product_tag","embeddable":true,"href":"https:\/\/www.swissraft.ch\/de\/wp-json\/wp\/v2\/product_tag?post=91209"}],"curies":[{"name":"wp","href":"https:\/\/api.w.org\/{rel}","templated":true}]}}