{"id":91206,"date":"2024-05-26T02:10:32","date_gmt":"2024-05-26T00:10:32","guid":{"rendered":"https:\/\/swissraft.xyanzkdne.eu\/product\/flossbau-in-sierre-lac-de-la-breche-ab-chf-78-00\/"},"modified":"2026-04-15T23:15:00","modified_gmt":"2026-04-15T21:15:00","slug":"flossbau-siders-see-von-la-breche","status":"publish","type":"product","link":"https:\/\/www.swissraft.ch\/de\/produkt\/flossbau-siders-see-von-la-breche\/","title":{"rendered":"Flossbau &#8211; Siders &#8211; See von La Br\u00e8che &#8211; CHF 120.00"},"content":{"rendered":"\t\t<div data-elementor-type=\"wp-post\" data-elementor-id=\"91206\" class=\"elementor elementor-91206 elementor-68074\">\n\t\t\t\t\t\t\t\t\t<section class=\"elementor-section elementor-top-section elementor-element elementor-element-3303a7e3 elementor-section-boxed elementor-section-height-default elementor-section-height-default\" data-id=\"3303a7e3\" data-element_type=\"section\">\n\t\t\t\t\t\t<div class=\"elementor-container elementor-column-gap-default\">\n\t\t\t\t\t<div class=\"elementor-column elementor-col-100 elementor-top-column elementor-element elementor-element-16d72dbf\" data-id=\"16d72dbf\" data-element_type=\"column\">\n\t\t\t<div class=\"elementor-widget-wrap elementor-element-populated\">\n\t\t\t\t\t\t\t\t<div class=\"elementor-element elementor-element-d743c03 elementor-widget elementor-widget-text-editor\" data-id=\"d743c03\" data-element_type=\"widget\" data-widget_type=\"text-editor.default\">\n\t\t\t\t<div class=\"elementor-widget-container\">\n\t\t\t\t\t\t\t<h2>W\u00c4HLEN SIE UNTEN IHRE AKTIVIT\u00c4T AUS, UM GESCHENKGUTSCHEINE \/ TICKETS ZU VERSCHENKEN ODER ZU BUCHEN.<\/h2><table border=\"0\" width=\"580\" cellspacing=\"10\" cellpadding=\"10\"><tbody><tr><td width=\"50%\"><strong>FLOSSBAU &#8211; SIDERS<\/strong><\/td><td><strong>CHF 120.00 pro Person<span class=\"productPrice\"><br \/><\/span><\/strong><\/td><\/tr><tr><td>Zus\u00e4tzliche Informationen<\/td><td><span class=\"patt\">&#8211; Mindestalter : 6 Jahre<br \/>&#8211; Buchung ab <\/span><span class=\"patt\">10 Pers.<\/span><\/td><\/tr><tr><td>Treffpunkt<\/td><td><a href=\"https:\/\/www.google.com\/maps\/place\/46%C2%B015'41.5%22N+7%C2%B027'19.4%22E\/@46.2616168,7.4531573,390m\/data=!3m1!1e3!4m4!3m3!8m2!3d46.2615278!4d7.4553889?entry=ttu&amp;g_ep=EgoyMDI0MDkwMi4wIKXMDSoASAFQAw%3D%3D\" target=\"_blank\" rel=\"noopener\">Parkplatz neben Happyland<\/a><\/td><\/tr><tr><td>Startzeiten<\/td><td>10.00 Uhr \/ 14.00 Uhr<\/td><\/tr><tr><td>Aktivit\u00e4t<\/td><td>ca. 3,5 Std.<\/td><\/tr><tr><td>Gesamtdauer<\/td><td>ca. 4 Std.<\/td><\/tr><tr><td>\u00a0<\/td><td>Um zu buchen : <span class=\"patt\"><span class=\"patt\" style=\"font-family: inherit; font-size: inherit;\"><span class=\"plbl\"><a href=\"https:\/\/www.swissraft.ch\/de\/kontakt\/\">Kontaktieren Sie uns<\/a><\/span><\/span><\/span><\/td><\/tr><\/tbody><\/table>\t\t\t\t\t\t<\/div>\n\t\t\t\t<\/div>\n\t\t\t\t\t<\/div>\n\t\t<\/div>\n\t\t\t\t\t\t\t<\/div>\n\t\t<\/section>\n\t\t\t\t\t\t\t<\/div>\n\t\t","protected":false},"excerpt":{"rendered":"<div align=\"justify\">\n<h2 align=\"justify\">Der Bau von Fl\u00f6ssen ist eine spielerische und angenehme Aktivit\u00e4t, die die Pfadfinderseele aus unserer Kindheit weckt&#8230;<\/h2>\n<h3>Welche Freunde oder Arbeitskollegen werden am schnellsten und einfallsreichsten ihr eigenes Boot bauen?<\/h3>\n<\/div>\n<div align=\"justify\">\n<p>Diese spielerische Aktivit\u00e4t ist f\u00fcr alle geeignet: Kinder, Erwachsene, Familien und Firmengruppen. Beginnen Sie mit der Auswahl der Materialien. Danach werden Sie mit dem Bau des Flo\u00dfes fortfahren. Die Moderatoren werden Sie bei jedem Schritt begleiten. Mit Hilfe ihrer Ratschl\u00e4ge werden Sie die Teile leicht zusammensetzen k\u00f6nnen. Sie werden die Schwimmf\u00e4higkeit des Flosses auf dem Wasser testen und k\u00f6nnen dann zu einer Fahrt auf dem See La Br\u00e8che aufbrechen. Jeder Moment wird von Lachen und Herausforderungen begleitet. Gegenseitige Hilfe und Zusammenarbeit stehen im Mittelpunkt dieser Aktivit\u00e4t. Dar\u00fcber hinaus wird Ihre Sicherheit durch kompetente Mitarbeiter gew\u00e4hrleistet, die immer ein offenes Ohr f\u00fcr Sie haben. Entdecken Sie die Freude am Bauen und Segeln in einer wundersch\u00f6nen nat\u00fcrlichen Umgebung.<\/p>\n<h3>Swissraft bietet Flossbau in der ganzen Schweiz an. Teilen Sie uns Ihren Wunsch mit und wir werden ihn erf\u00fcllen. <\/h3>\n<p id=\"textarea\" style=\"display: none;\">\nWir bieten diese Aktivit\u00e4t auch im Wallis in Sierre auf dem See La Br\u00e8che und in Crans-Montana auf dem Teich Grenon an. Aber auch im Tessin auf dem Lago Maggiore und dem Lago di Locarno. In der Zentralschweiz im Kanton Schwyz am Lauerzer See. Sowie im Kanton Luzern am Vierwaldst\u00e4ttersee.\n<\/p>\n<p><a id=\"seeMore\" onclick=\"toggleSeeMore()\" href=\"javascript:void(0);\">Lesen Sie mehr<\/a><\/p>\n","protected":false},"featured_media":90706,"comment_status":"open","ping_status":"closed","template":"","meta":{"inline_featured_image":false,"_mi_skip_tracking":false},"product_cat":[272],"product_tag":[],"class_list":["post-91206","product","type-product","status-publish","has-post-thumbnail","hentry","product_cat-flossbau-in-der-schweiz"],"yoast_head":"<!-- This site is optimized with the Yoast SEO plugin v23.6 - https:\/\/yoast.com\/wordpress\/plugins\/seo\/ -->\n<title>Flossbau in Siders im Wallis auf dem See La Br\u00e8che<\/title>\n<meta name=\"description\" content=\"Flossbau in Siders auf dem See La Br\u00e8che. In einer wundersch\u00f6nen Umgebung, in der N\u00e4he des Golfplatzes von Siders und entlang der Rhone.\" \/>\n<meta name=\"robots\" content=\"index, follow, max-snippet:-1, max-image-preview:large, max-video-preview:-1\" \/>\n<link rel=\"canonical\" href=\"https:\/\/www.swissraft.ch\/de\/produkt\/flossbau-siders-see-von-la-breche\/\" \/>\n<meta property=\"og:locale\" content=\"de_DE\" \/>\n<meta property=\"og:type\" content=\"article\" \/>\n<meta property=\"og:title\" content=\"Flossbau in Siders im Wallis auf dem See La Br\u00e8che\" \/>\n<meta property=\"og:description\" content=\"Flossbau in Siders auf dem See La Br\u00e8che. In einer wundersch\u00f6nen Umgebung, in der N\u00e4he des Golfplatzes von Siders und entlang der Rhone.\" \/>\n<meta property=\"og:url\" content=\"https:\/\/www.swissraft.ch\/de\/produkt\/flossbau-siders-see-von-la-breche\/\" \/>\n<meta property=\"og:site_name\" content=\"Swissraft\" \/>\n<meta property=\"article:modified_time\" content=\"2026-04-15T21:15:00+00:00\" \/>\n<meta property=\"og:image\" content=\"https:\/\/www.swissraft.ch\/wp-content\/uploads\/2024\/05\/1-5-Sierre-radeau-776x776-1.jpg\" \/>\n\t<meta property=\"og:image:width\" content=\"776\" \/>\n\t<meta property=\"og:image:height\" content=\"776\" \/>\n\t<meta property=\"og:image:type\" content=\"image\/jpeg\" \/>\n<meta name=\"twitter:card\" content=\"summary_large_image\" \/>\n<meta name=\"twitter:label1\" content=\"Gesch\u00e4tzte Lesezeit\" \/>\n\t<meta name=\"twitter:data1\" content=\"1\u00a0Minute\" \/>\n<script type=\"application\/ld+json\" class=\"yoast-schema-graph\">{\"@context\":\"https:\/\/schema.org\",\"@graph\":[{\"@type\":\"WebPage\",\"@id\":\"https:\/\/www.swissraft.ch\/de\/produkt\/flossbau-siders-see-von-la-breche\/\",\"url\":\"https:\/\/www.swissraft.ch\/de\/produkt\/flossbau-siders-see-von-la-breche\/\",\"name\":\"Flossbau in Siders im Wallis auf dem See La Br\u00e8che\",\"isPartOf\":{\"@id\":\"https:\/\/www.swissraft.ch\/de\/#website\"},\"primaryImageOfPage\":{\"@id\":\"https:\/\/www.swissraft.ch\/de\/produkt\/flossbau-siders-see-von-la-breche\/#primaryimage\"},\"image\":{\"@id\":\"https:\/\/www.swissraft.ch\/de\/produkt\/flossbau-siders-see-von-la-breche\/#primaryimage\"},\"thumbnailUrl\":\"https:\/\/www.swissraft.ch\/wp-content\/uploads\/2024\/05\/1-5-Sierre-radeau-776x776-1.jpg\",\"datePublished\":\"2024-05-26T00:10:32+00:00\",\"dateModified\":\"2026-04-15T21:15:00+00:00\",\"description\":\"Flossbau in Siders auf dem See La Br\u00e8che. In einer wundersch\u00f6nen Umgebung, in der N\u00e4he des Golfplatzes von Siders und entlang der Rhone.\",\"breadcrumb\":{\"@id\":\"https:\/\/www.swissraft.ch\/de\/produkt\/flossbau-siders-see-von-la-breche\/#breadcrumb\"},\"inLanguage\":\"de\",\"potentialAction\":[{\"@type\":\"ReadAction\",\"target\":[\"https:\/\/www.swissraft.ch\/de\/produkt\/flossbau-siders-see-von-la-breche\/\"]}]},{\"@type\":\"ImageObject\",\"inLanguage\":\"de\",\"@id\":\"https:\/\/www.swissraft.ch\/de\/produkt\/flossbau-siders-see-von-la-breche\/#primaryimage\",\"url\":\"https:\/\/www.swissraft.ch\/wp-content\/uploads\/2024\/05\/1-5-Sierre-radeau-776x776-1.jpg\",\"contentUrl\":\"https:\/\/www.swissraft.ch\/wp-content\/uploads\/2024\/05\/1-5-Sierre-radeau-776x776-1.jpg\",\"width\":776,\"height\":776,\"caption\":\"Flossbau in Siders, see von La Br\u00e8che\"},{\"@type\":\"BreadcrumbList\",\"@id\":\"https:\/\/www.swissraft.ch\/de\/produkt\/flossbau-siders-see-von-la-breche\/#breadcrumb\",\"itemListElement\":[{\"@type\":\"ListItem\",\"position\":1,\"name\":\"Accueil\",\"item\":\"https:\/\/www.swissraft.ch\/de\/\"},{\"@type\":\"ListItem\",\"position\":2,\"name\":\"Shop\",\"item\":\"https:\/\/www.swissraft.ch\/de\/shop\/\"},{\"@type\":\"ListItem\",\"position\":3,\"name\":\"Flossbau &#8211; Siders &#8211; See von La Br\u00e8che &#8211; CHF 120.00\"}]},{\"@type\":\"WebSite\",\"@id\":\"https:\/\/www.swissraft.ch\/de\/#website\",\"url\":\"https:\/\/www.swissraft.ch\/de\/\",\"name\":\"Swissraft\",\"description\":\"To enjoy nature as it is\",\"publisher\":{\"@id\":\"https:\/\/www.swissraft.ch\/de\/#organization\"},\"potentialAction\":[{\"@type\":\"SearchAction\",\"target\":{\"@type\":\"EntryPoint\",\"urlTemplate\":\"https:\/\/www.swissraft.ch\/de\/?s={search_term_string}\"},\"query-input\":{\"@type\":\"PropertyValueSpecification\",\"valueRequired\":true,\"valueName\":\"search_term_string\"}}],\"inLanguage\":\"de\"},{\"@type\":\"Organization\",\"@id\":\"https:\/\/www.swissraft.ch\/de\/#organization\",\"name\":\"Swissraft\",\"url\":\"https:\/\/www.swissraft.ch\/de\/\",\"logo\":{\"@type\":\"ImageObject\",\"inLanguage\":\"de\",\"@id\":\"https:\/\/www.swissraft.ch\/de\/#\/schema\/logo\/image\/\",\"url\":\"https:\/\/www.swissraft.ch\/wp-content\/uploads\/2025\/09\/Capture.jpg\",\"contentUrl\":\"https:\/\/www.swissraft.ch\/wp-content\/uploads\/2025\/09\/Capture.jpg\",\"width\":293,\"height\":108,\"caption\":\"Swissraft\"},\"image\":{\"@id\":\"https:\/\/www.swissraft.ch\/de\/#\/schema\/logo\/image\/\"}}]}<\/script>\n<!-- \/ Yoast SEO plugin. -->","yoast_head_json":{"title":"Flossbau in Siders im Wallis auf dem See La Br\u00e8che","description":"Flossbau in Siders auf dem See La Br\u00e8che. In einer wundersch\u00f6nen Umgebung, in der N\u00e4he des Golfplatzes von Siders und entlang der Rhone.","robots":{"index":"index","follow":"follow","max-snippet":"max-snippet:-1","max-image-preview":"max-image-preview:large","max-video-preview":"max-video-preview:-1"},"canonical":"https:\/\/www.swissraft.ch\/de\/produkt\/flossbau-siders-see-von-la-breche\/","og_locale":"de_DE","og_type":"article","og_title":"Flossbau in Siders im Wallis auf dem See La Br\u00e8che","og_description":"Flossbau in Siders auf dem See La Br\u00e8che. In einer wundersch\u00f6nen Umgebung, in der N\u00e4he des Golfplatzes von Siders und entlang der Rhone.","og_url":"https:\/\/www.swissraft.ch\/de\/produkt\/flossbau-siders-see-von-la-breche\/","og_site_name":"Swissraft","article_modified_time":"2026-04-15T21:15:00+00:00","og_image":[{"width":776,"height":776,"url":"https:\/\/www.swissraft.ch\/wp-content\/uploads\/2024\/05\/1-5-Sierre-radeau-776x776-1.jpg","type":"image\/jpeg"}],"twitter_card":"summary_large_image","twitter_misc":{"Gesch\u00e4tzte Lesezeit":"1\u00a0Minute"},"schema":{"@context":"https:\/\/schema.org","@graph":[{"@type":"WebPage","@id":"https:\/\/www.swissraft.ch\/de\/produkt\/flossbau-siders-see-von-la-breche\/","url":"https:\/\/www.swissraft.ch\/de\/produkt\/flossbau-siders-see-von-la-breche\/","name":"Flossbau in Siders im Wallis auf dem See La Br\u00e8che","isPartOf":{"@id":"https:\/\/www.swissraft.ch\/de\/#website"},"primaryImageOfPage":{"@id":"https:\/\/www.swissraft.ch\/de\/produkt\/flossbau-siders-see-von-la-breche\/#primaryimage"},"image":{"@id":"https:\/\/www.swissraft.ch\/de\/produkt\/flossbau-siders-see-von-la-breche\/#primaryimage"},"thumbnailUrl":"https:\/\/www.swissraft.ch\/wp-content\/uploads\/2024\/05\/1-5-Sierre-radeau-776x776-1.jpg","datePublished":"2024-05-26T00:10:32+00:00","dateModified":"2026-04-15T21:15:00+00:00","description":"Flossbau in Siders auf dem See La Br\u00e8che. In einer wundersch\u00f6nen Umgebung, in der N\u00e4he des Golfplatzes von Siders und entlang der Rhone.","breadcrumb":{"@id":"https:\/\/www.swissraft.ch\/de\/produkt\/flossbau-siders-see-von-la-breche\/#breadcrumb"},"inLanguage":"de","potentialAction":[{"@type":"ReadAction","target":["https:\/\/www.swissraft.ch\/de\/produkt\/flossbau-siders-see-von-la-breche\/"]}]},{"@type":"ImageObject","inLanguage":"de","@id":"https:\/\/www.swissraft.ch\/de\/produkt\/flossbau-siders-see-von-la-breche\/#primaryimage","url":"https:\/\/www.swissraft.ch\/wp-content\/uploads\/2024\/05\/1-5-Sierre-radeau-776x776-1.jpg","contentUrl":"https:\/\/www.swissraft.ch\/wp-content\/uploads\/2024\/05\/1-5-Sierre-radeau-776x776-1.jpg","width":776,"height":776,"caption":"Flossbau in Siders, see von La Br\u00e8che"},{"@type":"BreadcrumbList","@id":"https:\/\/www.swissraft.ch\/de\/produkt\/flossbau-siders-see-von-la-breche\/#breadcrumb","itemListElement":[{"@type":"ListItem","position":1,"name":"Accueil","item":"https:\/\/www.swissraft.ch\/de\/"},{"@type":"ListItem","position":2,"name":"Shop","item":"https:\/\/www.swissraft.ch\/de\/shop\/"},{"@type":"ListItem","position":3,"name":"Flossbau &#8211; Siders &#8211; See von La Br\u00e8che &#8211; CHF 120.00"}]},{"@type":"WebSite","@id":"https:\/\/www.swissraft.ch\/de\/#website","url":"https:\/\/www.swissraft.ch\/de\/","name":"Swissraft","description":"To enjoy nature as it is","publisher":{"@id":"https:\/\/www.swissraft.ch\/de\/#organization"},"potentialAction":[{"@type":"SearchAction","target":{"@type":"EntryPoint","urlTemplate":"https:\/\/www.swissraft.ch\/de\/?s={search_term_string}"},"query-input":{"@type":"PropertyValueSpecification","valueRequired":true,"valueName":"search_term_string"}}],"inLanguage":"de"},{"@type":"Organization","@id":"https:\/\/www.swissraft.ch\/de\/#organization","name":"Swissraft","url":"https:\/\/www.swissraft.ch\/de\/","logo":{"@type":"ImageObject","inLanguage":"de","@id":"https:\/\/www.swissraft.ch\/de\/#\/schema\/logo\/image\/","url":"https:\/\/www.swissraft.ch\/wp-content\/uploads\/2025\/09\/Capture.jpg","contentUrl":"https:\/\/www.swissraft.ch\/wp-content\/uploads\/2025\/09\/Capture.jpg","width":293,"height":108,"caption":"Swissraft"},"image":{"@id":"https:\/\/www.swissraft.ch\/de\/#\/schema\/logo\/image\/"}}]}},"_links":{"self":[{"href":"https:\/\/www.swissraft.ch\/de\/wp-json\/wp\/v2\/product\/91206","targetHints":{"allow":["GET"]}}],"collection":[{"href":"https:\/\/www.swissraft.ch\/de\/wp-json\/wp\/v2\/product"}],"about":[{"href":"https:\/\/www.swissraft.ch\/de\/wp-json\/wp\/v2\/types\/product"}],"replies":[{"embeddable":true,"href":"https:\/\/www.swissraft.ch\/de\/wp-json\/wp\/v2\/comments?post=91206"}],"version-history":[{"count":21,"href":"https:\/\/www.swissraft.ch\/de\/wp-json\/wp\/v2\/product\/91206\/revisions"}],"predecessor-version":[{"id":140101,"href":"https:\/\/www.swissraft.ch\/de\/wp-json\/wp\/v2\/product\/91206\/revisions\/140101"}],"wp:featuredmedia":[{"embeddable":true,"href":"https:\/\/www.swissraft.ch\/de\/wp-json\/wp\/v2\/media\/90706"}],"wp:attachment":[{"href":"https:\/\/www.swissraft.ch\/de\/wp-json\/wp\/v2\/media?parent=91206"}],"wp:term":[{"taxonomy":"product_cat","embeddable":true,"href":"https:\/\/www.swissraft.ch\/de\/wp-json\/wp\/v2\/product_cat?post=91206"},{"taxonomy":"product_tag","embeddable":true,"href":"https:\/\/www.swissraft.ch\/de\/wp-json\/wp\/v2\/product_tag?post=91206"}],"curies":[{"name":"wp","href":"https:\/\/api.w.org\/{rel}","templated":true}]}}