{"id":91205,"date":"2024-08-11T15:36:39","date_gmt":"2024-08-11T13:36:39","guid":{"rendered":"https:\/\/swissraft.xyanzkdne.eu\/product\/abenteuerpark-acrobranche-interlaken-ab-chf-31-00\/"},"modified":"2024-12-27T03:52:40","modified_gmt":"2024-12-27T02:52:40","slug":"seilpark-interlaken","status":"publish","type":"product","link":"https:\/\/www.swissraft.ch\/de\/produkt\/seilpark-interlaken\/","title":{"rendered":"SEILPARK &#8211; INTERLAKEN &#8211; Ab CHF 32.00"},"content":{"rendered":"\t\t<div data-elementor-type=\"wp-post\" data-elementor-id=\"91205\" class=\"elementor elementor-91205 elementor-75972\">\n\t\t\t\t\t\t\t\t\t<section class=\"elementor-section elementor-top-section elementor-element elementor-element-3303a7e3 elementor-section-boxed elementor-section-height-default elementor-section-height-default\" data-id=\"3303a7e3\" data-element_type=\"section\">\n\t\t\t\t\t\t<div class=\"elementor-container elementor-column-gap-default\">\n\t\t\t\t\t<div class=\"elementor-column elementor-col-100 elementor-top-column elementor-element elementor-element-16d72dbf\" data-id=\"16d72dbf\" data-element_type=\"column\">\n\t\t\t<div class=\"elementor-widget-wrap elementor-element-populated\">\n\t\t\t\t\t\t\t\t<div class=\"elementor-element elementor-element-d743c03 elementor-widget elementor-widget-text-editor\" data-id=\"d743c03\" data-element_type=\"widget\" data-widget_type=\"text-editor.default\">\n\t\t\t\t<div class=\"elementor-widget-container\">\n\t\t\t\t\t\t\t<h2>W\u00c4HLEN SIE UNTEN IHRE AKTIVIT\u00c4T AUS, UM GESCHENKGUTSCHEINE \/ TICKETS ZU VERSCHENKEN ODER ZU BUCHEN.<\/h2><table border=\"0\" width=\"580\" cellspacing=\"10\" cellpadding=\"10\"><tbody><tr><td width=\"50%\"><strong>SEILPARK IN INTERLAKEN<\/strong><\/td><td><strong>CHF 45.00 pro Person<span class=\"productPrice\"><br \/><\/span><\/strong><\/td><\/tr><tr><td>Weitere Informationen<\/td><td><p><span style=\"font-family: inherit; font-size: inherit;\">&#8211; <\/span><span class=\"plbl\" style=\"font-family: inherit; font-size: inherit;\">Jugendpreis <\/span><span style=\"font-family: inherit; font-size: inherit;\">: <\/span><span class=\"patt\" style=\"font-family: inherit; font-size: inherit;\"><strong>CHF 32.00<\/strong>\/Pers. bis 16 j\u00e4hrig<br \/><\/span><span class=\"patt\" style=\"font-family: inherit; font-size: inherit;\">&#8211; Kinder unter 12 Jahren m\u00fcssen von einem Erwachsenen begleitet werden.<br \/><span class=\"plbl\">&#8211; <span class=\"patt\"> Mindestalter 10 Jahre<br \/><\/span>&#8211; F\u00fcr Kinder Schmetterlingsstrecke <strong>CHF 19.00<\/strong>\/Kind<br \/><span class=\"patt\">&#8211; Schulpreis : <a href=\"https:\/\/www.swissraft.ch\/de\/kontakt\/\">Kontaktieren Sie uns<\/a><\/span><\/span><\/span><\/p><\/td><\/tr><tr><td>Treffpunkt<\/td><td><a href=\"https:\/\/www.google.com\/maps\/place\/46%C2%B040'26.7%22N+7%C2%B051'16.9%22E\/@46.6743833,7.850072,16z\/data=!4m4!3m3!8m2!3d46.6740833!4d7.8546944?entry=ttu\" target=\"_blank\" rel=\"noopener\">Wagnerenstrasse<\/a><\/td><\/tr><tr><td>Strecken<\/td><td>9 Strecken zur Auswahl<\/td><\/tr><tr><td>Gesamtdauer<\/td><td>unbegrenzt<\/td><\/tr><tr><td>Schwierigkeitsgrad<\/td><td>1-3<\/td><\/tr><tr><td><button class=\"elementor-button\" type=\"button\"><a href=\"https:\/\/swissraft.outdoorbooking.ch\/fo\/products\/733?base_id=3&amp;category_id=8&amp;order_type=gift_voucher&amp;lang=de\" target=\"_blank\" rel=\"noopener\">GUTSCHEIN KAUFEN<\/a><\/button><\/td><td><a href=\"https:\/\/swissraft.outdoorbooking.ch\/fo\/products\/733?base_id=3&amp;category_id=8&amp;order_type=event&amp;lang=fr\" target=\"_blank\" rel=\"noopener\">BUCHEN SIE EIN DATUM<\/a><\/td><\/tr><\/tbody><\/table>\t\t\t\t\t\t<\/div>\n\t\t\t\t<\/div>\n\t\t\t\t\t<\/div>\n\t\t<\/div>\n\t\t\t\t\t\t\t<\/div>\n\t\t<\/section>\n\t\t\t\t<section class=\"elementor-section elementor-top-section elementor-element elementor-element-0a7b4e2 elementor-section-boxed elementor-section-height-default elementor-section-height-default\" data-id=\"0a7b4e2\" data-element_type=\"section\">\n\t\t\t\t\t\t<div class=\"elementor-container elementor-column-gap-default\">\n\t\t\t\t\t<div class=\"elementor-column elementor-col-100 elementor-top-column elementor-element elementor-element-24989b7\" data-id=\"24989b7\" data-element_type=\"column\">\n\t\t\t<div class=\"elementor-widget-wrap elementor-element-populated\">\n\t\t\t\t\t\t\t\t<div class=\"elementor-element elementor-element-1e76d42 elementor-widget elementor-widget-text-editor\" data-id=\"1e76d42\" data-element_type=\"widget\" data-widget_type=\"text-editor.default\">\n\t\t\t\t<div class=\"elementor-widget-container\">\n\t\t\t\t\t\t\t<h2>W\u00c4HLEN SIE UNTEN IHRE AKTIVIT\u00c4T AUS, UM GESCHENKGUTSCHEINE \/ TICKETS ZU VERSCHENKEN ODER ZU BUCHEN.<\/h2>\n\t\t\t\t\t\t<\/div>\n\t\t\t\t<\/div>\n\t\t\t\t\t<\/div>\n\t\t<\/div>\n\t\t\t\t\t\t\t<\/div>\n\t\t<\/section>\n\t\t\t\t\t\t\t<\/div>\n\t\t","protected":false},"excerpt":{"rendered":"<div align=\"justify\">\n<h2 align=\"justify\">Der Abenteuerpark in Interlaken besteht aus 9 abwechslungsreichen Parcours.<\/h2>\n<h3>Ob gro\u00df oder klein, Sie k\u00f6nnen so oft Sie wollen Ihre Routen w\u00e4hlen.<\/h3>\n<\/div>\n<div align=\"justify\">\n<p>Der Abenteuerpark in Interlaken bietet ein unvergessliches Erlebnis f\u00fcr die ganze Familie. Es gibt 9 abwechslungsreiche, auf denen jeder sein Gl\u00fcck finden kann. Die Teilnehmer erhalten ihre Sicherheitsausr\u00fcstung. Dann beginnt das Abenteuer.<br \/>\nZun\u00e4chst werden die Kinder auf speziell f\u00fcr sie entworfenen Wegen gef\u00fchrt. Sie klettern, springen und lachen unter den wachsamen Augen der Eltern. In der Zwischenzeit nehmen die Erwachsenen schwierigere Strecken in Angriff. Die Herausforderungen werden gr\u00f6\u00dfer, aber der Spa\u00df bleibt.<br \/>\nAuf der einen Seite gibt es H\u00e4ngebr\u00fccken, die das Gleichgewicht testen. Auf der anderen Seite bieten die Seilrutschen Adrenalin pur. Jeder kommt in seinem eigenen Tempo voran und wird von freundlichen Betreuern ermutigt.<\/p>\n<h3>Swissraft bietet viele Abenteuerparks und Seilg\u00e4rten in der Schweiz an.<\/h3>\n<p id=\"textarea\" style=\"display: none;\">\nIm Wallis in Crans-Montana. In Graub\u00fcnden in Flims oder ein genialer Abseiler entlang eines Staudamms in Amden am Walensee.\n<\/p>\n<p><a id=\"seeMore\" onclick=\"toggleSeeMore()\" href=\"javascript:void(0);\">Lesen Sie mehr<\/a><\/p>\n","protected":false},"featured_media":90652,"comment_status":"open","ping_status":"closed","template":"","meta":{"inline_featured_image":false,"_mi_skip_tracking":false},"product_cat":[270,271],"product_tag":[],"class_list":["post-91205","product","type-product","status-publish","has-post-thumbnail","hentry","product_cat-hochseilgarten-in-der-schweiz-auch-seilpark-genannt","product_cat-outdoor"],"yoast_head":"<!-- This site is optimized with the Yoast SEO plugin v23.6 - https:\/\/yoast.com\/wordpress\/plugins\/seo\/ -->\n<title>Seilpark in Interlaken f\u00fcr Jung und Alt<\/title>\n<meta name=\"description\" content=\"Seilpark in Interlaken f\u00fcr Jung und Alt. Sie k\u00f6nnen unsere Einrichtungen so lange nutzen, wie Sie m\u00f6chten. Ein Abenteuer f\u00e8r Alle\" \/>\n<meta name=\"robots\" content=\"index, follow, max-snippet:-1, max-image-preview:large, max-video-preview:-1\" \/>\n<link rel=\"canonical\" href=\"https:\/\/www.swissraft.ch\/de\/produkt\/seilpark-interlaken\/\" \/>\n<meta property=\"og:locale\" content=\"de_DE\" \/>\n<meta property=\"og:type\" content=\"article\" \/>\n<meta property=\"og:title\" content=\"Seilpark in Interlaken f\u00fcr Jung und Alt\" \/>\n<meta property=\"og:description\" content=\"Seilpark in Interlaken f\u00fcr Jung und Alt. Sie k\u00f6nnen unsere Einrichtungen so lange nutzen, wie Sie m\u00f6chten. Ein Abenteuer f\u00e8r Alle\" \/>\n<meta property=\"og:url\" content=\"https:\/\/www.swissraft.ch\/de\/produkt\/seilpark-interlaken\/\" \/>\n<meta property=\"og:site_name\" content=\"Swissraft\" \/>\n<meta property=\"article:modified_time\" content=\"2024-12-27T02:52:40+00:00\" \/>\n<meta property=\"og:image\" content=\"https:\/\/www.swissraft.ch\/wp-content\/uploads\/2024\/08\/1-2-Seilpark-Interlaken-776x776-1.jpg\" \/>\n\t<meta property=\"og:image:width\" content=\"776\" \/>\n\t<meta property=\"og:image:height\" content=\"776\" \/>\n\t<meta property=\"og:image:type\" content=\"image\/jpeg\" \/>\n<meta name=\"twitter:card\" content=\"summary_large_image\" \/>\n<meta name=\"twitter:label1\" content=\"Gesch\u00e4tzte Lesezeit\" \/>\n\t<meta name=\"twitter:data1\" content=\"1\u00a0Minute\" \/>\n<script type=\"application\/ld+json\" class=\"yoast-schema-graph\">{\"@context\":\"https:\/\/schema.org\",\"@graph\":[{\"@type\":\"WebPage\",\"@id\":\"https:\/\/www.swissraft.ch\/de\/produkt\/seilpark-interlaken\/\",\"url\":\"https:\/\/www.swissraft.ch\/de\/produkt\/seilpark-interlaken\/\",\"name\":\"Seilpark in Interlaken f\u00fcr Jung und Alt\",\"isPartOf\":{\"@id\":\"https:\/\/www.swissraft.ch\/de\/#website\"},\"primaryImageOfPage\":{\"@id\":\"https:\/\/www.swissraft.ch\/de\/produkt\/seilpark-interlaken\/#primaryimage\"},\"image\":{\"@id\":\"https:\/\/www.swissraft.ch\/de\/produkt\/seilpark-interlaken\/#primaryimage\"},\"thumbnailUrl\":\"https:\/\/www.swissraft.ch\/wp-content\/uploads\/2024\/08\/1-2-Seilpark-Interlaken-776x776-1.jpg\",\"datePublished\":\"2024-08-11T13:36:39+00:00\",\"dateModified\":\"2024-12-27T02:52:40+00:00\",\"description\":\"Seilpark in Interlaken f\u00fcr Jung und Alt. Sie k\u00f6nnen unsere Einrichtungen so lange nutzen, wie Sie m\u00f6chten. Ein Abenteuer f\u00e8r Alle\",\"breadcrumb\":{\"@id\":\"https:\/\/www.swissraft.ch\/de\/produkt\/seilpark-interlaken\/#breadcrumb\"},\"inLanguage\":\"de\",\"potentialAction\":[{\"@type\":\"ReadAction\",\"target\":[\"https:\/\/www.swissraft.ch\/de\/produkt\/seilpark-interlaken\/\"]}]},{\"@type\":\"ImageObject\",\"inLanguage\":\"de\",\"@id\":\"https:\/\/www.swissraft.ch\/de\/produkt\/seilpark-interlaken\/#primaryimage\",\"url\":\"https:\/\/www.swissraft.ch\/wp-content\/uploads\/2024\/08\/1-2-Seilpark-Interlaken-776x776-1.jpg\",\"contentUrl\":\"https:\/\/www.swissraft.ch\/wp-content\/uploads\/2024\/08\/1-2-Seilpark-Interlaken-776x776-1.jpg\",\"width\":776,\"height\":776,\"caption\":\"Abenteuer- und Baumkletterpark in Interlaken\"},{\"@type\":\"BreadcrumbList\",\"@id\":\"https:\/\/www.swissraft.ch\/de\/produkt\/seilpark-interlaken\/#breadcrumb\",\"itemListElement\":[{\"@type\":\"ListItem\",\"position\":1,\"name\":\"Accueil\",\"item\":\"https:\/\/www.swissraft.ch\/de\/\"},{\"@type\":\"ListItem\",\"position\":2,\"name\":\"Shop\",\"item\":\"https:\/\/www.swissraft.ch\/de\/shop\/\"},{\"@type\":\"ListItem\",\"position\":3,\"name\":\"SEILPARK &#8211; INTERLAKEN &#8211; Ab CHF 32.00\"}]},{\"@type\":\"WebSite\",\"@id\":\"https:\/\/www.swissraft.ch\/de\/#website\",\"url\":\"https:\/\/www.swissraft.ch\/de\/\",\"name\":\"Swissraft\",\"description\":\"To enjoy nature as it is\",\"publisher\":{\"@id\":\"https:\/\/www.swissraft.ch\/de\/#organization\"},\"potentialAction\":[{\"@type\":\"SearchAction\",\"target\":{\"@type\":\"EntryPoint\",\"urlTemplate\":\"https:\/\/www.swissraft.ch\/de\/?s={search_term_string}\"},\"query-input\":{\"@type\":\"PropertyValueSpecification\",\"valueRequired\":true,\"valueName\":\"search_term_string\"}}],\"inLanguage\":\"de\"},{\"@type\":\"Organization\",\"@id\":\"https:\/\/www.swissraft.ch\/de\/#organization\",\"name\":\"Swissraft\",\"url\":\"https:\/\/www.swissraft.ch\/de\/\",\"logo\":{\"@type\":\"ImageObject\",\"inLanguage\":\"de\",\"@id\":\"https:\/\/www.swissraft.ch\/de\/#\/schema\/logo\/image\/\",\"url\":\"https:\/\/www.swissraft.ch\/wp-content\/uploads\/2025\/09\/Capture.jpg\",\"contentUrl\":\"https:\/\/www.swissraft.ch\/wp-content\/uploads\/2025\/09\/Capture.jpg\",\"width\":293,\"height\":108,\"caption\":\"Swissraft\"},\"image\":{\"@id\":\"https:\/\/www.swissraft.ch\/de\/#\/schema\/logo\/image\/\"}}]}<\/script>\n<!-- \/ Yoast SEO plugin. -->","yoast_head_json":{"title":"Seilpark in Interlaken f\u00fcr Jung und Alt","description":"Seilpark in Interlaken f\u00fcr Jung und Alt. Sie k\u00f6nnen unsere Einrichtungen so lange nutzen, wie Sie m\u00f6chten. Ein Abenteuer f\u00e8r Alle","robots":{"index":"index","follow":"follow","max-snippet":"max-snippet:-1","max-image-preview":"max-image-preview:large","max-video-preview":"max-video-preview:-1"},"canonical":"https:\/\/www.swissraft.ch\/de\/produkt\/seilpark-interlaken\/","og_locale":"de_DE","og_type":"article","og_title":"Seilpark in Interlaken f\u00fcr Jung und Alt","og_description":"Seilpark in Interlaken f\u00fcr Jung und Alt. Sie k\u00f6nnen unsere Einrichtungen so lange nutzen, wie Sie m\u00f6chten. Ein Abenteuer f\u00e8r Alle","og_url":"https:\/\/www.swissraft.ch\/de\/produkt\/seilpark-interlaken\/","og_site_name":"Swissraft","article_modified_time":"2024-12-27T02:52:40+00:00","og_image":[{"width":776,"height":776,"url":"https:\/\/www.swissraft.ch\/wp-content\/uploads\/2024\/08\/1-2-Seilpark-Interlaken-776x776-1.jpg","type":"image\/jpeg"}],"twitter_card":"summary_large_image","twitter_misc":{"Gesch\u00e4tzte Lesezeit":"1\u00a0Minute"},"schema":{"@context":"https:\/\/schema.org","@graph":[{"@type":"WebPage","@id":"https:\/\/www.swissraft.ch\/de\/produkt\/seilpark-interlaken\/","url":"https:\/\/www.swissraft.ch\/de\/produkt\/seilpark-interlaken\/","name":"Seilpark in Interlaken f\u00fcr Jung und Alt","isPartOf":{"@id":"https:\/\/www.swissraft.ch\/de\/#website"},"primaryImageOfPage":{"@id":"https:\/\/www.swissraft.ch\/de\/produkt\/seilpark-interlaken\/#primaryimage"},"image":{"@id":"https:\/\/www.swissraft.ch\/de\/produkt\/seilpark-interlaken\/#primaryimage"},"thumbnailUrl":"https:\/\/www.swissraft.ch\/wp-content\/uploads\/2024\/08\/1-2-Seilpark-Interlaken-776x776-1.jpg","datePublished":"2024-08-11T13:36:39+00:00","dateModified":"2024-12-27T02:52:40+00:00","description":"Seilpark in Interlaken f\u00fcr Jung und Alt. Sie k\u00f6nnen unsere Einrichtungen so lange nutzen, wie Sie m\u00f6chten. Ein Abenteuer f\u00e8r Alle","breadcrumb":{"@id":"https:\/\/www.swissraft.ch\/de\/produkt\/seilpark-interlaken\/#breadcrumb"},"inLanguage":"de","potentialAction":[{"@type":"ReadAction","target":["https:\/\/www.swissraft.ch\/de\/produkt\/seilpark-interlaken\/"]}]},{"@type":"ImageObject","inLanguage":"de","@id":"https:\/\/www.swissraft.ch\/de\/produkt\/seilpark-interlaken\/#primaryimage","url":"https:\/\/www.swissraft.ch\/wp-content\/uploads\/2024\/08\/1-2-Seilpark-Interlaken-776x776-1.jpg","contentUrl":"https:\/\/www.swissraft.ch\/wp-content\/uploads\/2024\/08\/1-2-Seilpark-Interlaken-776x776-1.jpg","width":776,"height":776,"caption":"Abenteuer- und Baumkletterpark in Interlaken"},{"@type":"BreadcrumbList","@id":"https:\/\/www.swissraft.ch\/de\/produkt\/seilpark-interlaken\/#breadcrumb","itemListElement":[{"@type":"ListItem","position":1,"name":"Accueil","item":"https:\/\/www.swissraft.ch\/de\/"},{"@type":"ListItem","position":2,"name":"Shop","item":"https:\/\/www.swissraft.ch\/de\/shop\/"},{"@type":"ListItem","position":3,"name":"SEILPARK &#8211; INTERLAKEN &#8211; Ab CHF 32.00"}]},{"@type":"WebSite","@id":"https:\/\/www.swissraft.ch\/de\/#website","url":"https:\/\/www.swissraft.ch\/de\/","name":"Swissraft","description":"To enjoy nature as it is","publisher":{"@id":"https:\/\/www.swissraft.ch\/de\/#organization"},"potentialAction":[{"@type":"SearchAction","target":{"@type":"EntryPoint","urlTemplate":"https:\/\/www.swissraft.ch\/de\/?s={search_term_string}"},"query-input":{"@type":"PropertyValueSpecification","valueRequired":true,"valueName":"search_term_string"}}],"inLanguage":"de"},{"@type":"Organization","@id":"https:\/\/www.swissraft.ch\/de\/#organization","name":"Swissraft","url":"https:\/\/www.swissraft.ch\/de\/","logo":{"@type":"ImageObject","inLanguage":"de","@id":"https:\/\/www.swissraft.ch\/de\/#\/schema\/logo\/image\/","url":"https:\/\/www.swissraft.ch\/wp-content\/uploads\/2025\/09\/Capture.jpg","contentUrl":"https:\/\/www.swissraft.ch\/wp-content\/uploads\/2025\/09\/Capture.jpg","width":293,"height":108,"caption":"Swissraft"},"image":{"@id":"https:\/\/www.swissraft.ch\/de\/#\/schema\/logo\/image\/"}}]}},"_links":{"self":[{"href":"https:\/\/www.swissraft.ch\/de\/wp-json\/wp\/v2\/product\/91205","targetHints":{"allow":["GET"]}}],"collection":[{"href":"https:\/\/www.swissraft.ch\/de\/wp-json\/wp\/v2\/product"}],"about":[{"href":"https:\/\/www.swissraft.ch\/de\/wp-json\/wp\/v2\/types\/product"}],"replies":[{"embeddable":true,"href":"https:\/\/www.swissraft.ch\/de\/wp-json\/wp\/v2\/comments?post=91205"}],"version-history":[{"count":0,"href":"https:\/\/www.swissraft.ch\/de\/wp-json\/wp\/v2\/product\/91205\/revisions"}],"wp:featuredmedia":[{"embeddable":true,"href":"https:\/\/www.swissraft.ch\/de\/wp-json\/wp\/v2\/media\/90652"}],"wp:attachment":[{"href":"https:\/\/www.swissraft.ch\/de\/wp-json\/wp\/v2\/media?parent=91205"}],"wp:term":[{"taxonomy":"product_cat","embeddable":true,"href":"https:\/\/www.swissraft.ch\/de\/wp-json\/wp\/v2\/product_cat?post=91205"},{"taxonomy":"product_tag","embeddable":true,"href":"https:\/\/www.swissraft.ch\/de\/wp-json\/wp\/v2\/product_tag?post=91205"}],"curies":[{"name":"wp","href":"https:\/\/api.w.org\/{rel}","templated":true}]}}