{"id":91202,"date":"2024-05-22T18:50:44","date_gmt":"2024-05-22T16:50:44","guid":{"rendered":"https:\/\/swissraft.xyanzkdne.eu\/product\/funyak-kanu-auf-dem-rhein-schaffhouse-rheinau-ab-chf-90-00\/"},"modified":"2026-04-12T17:50:06","modified_gmt":"2026-04-12T15:50:06","slug":"kanu-funyak-rhein-schaffhausen-rheinau","status":"publish","type":"product","link":"https:\/\/www.swissraft.ch\/de\/produkt\/kanu-funyak-rhein-schaffhausen-rheinau\/","title":{"rendered":"Kanu oder Funyak &#8211; Rhein &#8211; Schaffhausen-Rheinau &#8211; Ab CHF 79.00"},"content":{"rendered":"\t\t<div data-elementor-type=\"wp-post\" data-elementor-id=\"91202\" class=\"elementor elementor-91202 elementor-67481\">\n\t\t\t\t\t\t\t\t\t<section class=\"elementor-section elementor-top-section elementor-element elementor-element-3303a7e3 elementor-section-boxed elementor-section-height-default elementor-section-height-default\" data-id=\"3303a7e3\" data-element_type=\"section\">\n\t\t\t\t\t\t<div class=\"elementor-container elementor-column-gap-default\">\n\t\t\t\t\t<div class=\"elementor-column elementor-col-100 elementor-top-column elementor-element elementor-element-16d72dbf\" data-id=\"16d72dbf\" data-element_type=\"column\">\n\t\t\t<div class=\"elementor-widget-wrap elementor-element-populated\">\n\t\t\t\t\t\t\t\t<div class=\"elementor-element elementor-element-d743c03 elementor-widget elementor-widget-text-editor\" data-id=\"d743c03\" data-element_type=\"widget\" data-widget_type=\"text-editor.default\">\n\t\t\t\t<div class=\"elementor-widget-container\">\n\t\t\t\t\t\t\t<h2>W\u00c4HLEN SIE UNTEN IHRE AKTIVIT\u00c4T AUS, UM GESCHENKGUTSCHEINE \/ TICKETS ZU VERSCHENKEN ODER ZU BUCHEN<\/h2><table border=\"0\" width=\"580\" cellspacing=\"10\" cellpadding=\"10\"><tbody><tr><td width=\"50%\"><strong>KANU ODER FUNYAK &#8211; RHEINAU + Aperitif<\/strong><\/td><td><strong><span class=\"productPrice\">CHF 1&#8217;290.00 Pauschal<\/span><\/strong><\/td><\/tr><tr><td>Zus\u00e4tzliche Informationen<\/td><td><span class=\"patt\">&#8211; <span class=\"plbl\">Jugendpreis <\/span>: <strong>CHF 79.00<\/strong>\/Pers. bis 17 j\u00e4hrig<br \/>&#8211; Mindestalter : 7 j\u00e4hrig<br \/>&#8211; Schulpreis : <span class=\"patt\" style=\"font-family: inherit; font-size: inherit;\"><span class=\"plbl\"><a href=\"https:\/\/www.swissraft.ch\/de\/kontakt\/\">kontaktieren Sie uns<\/a><\/span><\/span><\/span><\/td><\/tr><tr><td>Startzeiten<\/td><td>10:00 Uhr \/ 13:30 Uhr<\/td><\/tr><tr><td>Kanu oder Funyak<\/td><td>ca. 2 Std.<\/td><\/tr><tr><td>Gesamtdauer<\/td><td>ca. 3,5 Std.<\/td><\/tr><tr><td>Treffpunkt<\/td><td><a href=\"https:\/\/www.google.com\/maps\/place\/Castle+Worth\/@47.6781025,8.6026797,1520m\/data=!3m1!1e3!4m6!3m5!1s0x47907f4acaeca34b:0x477f00860541e875!8m2!3d47.6779522!4d8.6119279!16s%2Fg%2F11b6ydk_21?entry=ttu\" target=\"_blank\" rel=\"noopener\">Schl\u00f6ssli W\u00f6rth in der N\u00e4he von Neuhausen<\/a><\/td><\/tr><tr><td>Schwierigkeitsgrad<\/td><td>1<\/td><\/tr><tr><td><a href=\"https:\/\/swissraft.outdoorbooking.ch\/fo\/products\/2074?base_id=78&amp;category_id=9&amp;order_type=gift_voucher&amp;lang=fr\" target=\"_blank\" rel=\"noopener\"><button class=\"elementor-button\" type=\"button\">GUTSCHEIN \/ TICKET KAUFEN<\/button><\/a><\/td><td><a href=\"https:\/\/swissraft.outdoorbooking.ch\/fo\/products\/2074?base_id=78&amp;category_id=9&amp;order_type=event&amp;lang=fr\" target=\"_blank\" rel=\"noopener\">RESERVIEREN SIE EIN DATUM<\/a> \u00a0<strong>CHF 1&#8217;290.00 (1-12 Pers.)<\/strong><\/td><\/tr><tr><td><a href=\"https:\/\/swissraft.outdoorbooking.ch\/fo\/products\/2071?base_id=78&amp;category_id=9&amp;order_type=gift_voucher&amp;lang=fr\" target=\"_blank\" rel=\"noopener\"><button class=\"elementor-button\" type=\"button\">GUTSCHEIN \/ TICKET KAUFEN<\/button><\/a><\/td><td><a href=\"https:\/\/swissraft.outdoorbooking.ch\/fo\/products\/2071?base_id=78&amp;category_id=9&amp;order_type=event&amp;lang=fr\" target=\"_blank\" rel=\"noopener\">RESERVIEREN SIE EIN DATUM<\/a> \u00a0<strong>CHF 109.00<\/strong>\/Pers.<strong> (13-20 Pers.)<\/strong><\/td><\/tr><tr><td><a href=\"https:\/\/swissraft.outdoorbooking.ch\/fo\/products\/2077?base_id=78&amp;category_id=9&amp;order_type=gift_voucher&amp;lang=fr\" target=\"_blank\" rel=\"noopener\"><button class=\"elementor-button\" type=\"button\">GUTSCHEIN \/ TICKET KAUFEN<\/button><\/a><\/td><td><a href=\"https:\/\/swissraft.outdoorbooking.ch\/fo\/products\/2077?base_id=78&amp;category_id=9&amp;order_type=event&amp;lang=fr\" target=\"_blank\" rel=\"noopener\">RESERVIEREN SIE EIN DATUM<\/a> \u00a0<strong>CHF 99.00<\/strong>\/Pers.<strong> (21-30 Pers.)<\/strong><\/td><\/tr><tr><td><a href=\"https:\/\/swissraft.outdoorbooking.ch\/fo\/products\/1958?base_id=78&amp;category_id=9&amp;order_type=gift_voucher&amp;lang=fr\" target=\"_blank\" rel=\"noopener\"><button class=\"elementor-button\" type=\"button\">GUTSCHEIN \/ TICKET KAUFEN<\/button><\/a><\/td><td><a href=\"https:\/\/swissraft.outdoorbooking.ch\/fo\/products\/1958?base_id=78&amp;category_id=9&amp;order_type=event&amp;lang=fr\" target=\"_blank\" rel=\"noopener\">RESERVIEREN SIE EIN DATUM<\/a> \u00a0<strong>CHF 90.00\/<\/strong>Pers.<strong> (31 Pers. und mehr)<\/strong><\/td><\/tr><\/tbody><\/table>\t\t\t\t\t\t<\/div>\n\t\t\t\t<\/div>\n\t\t\t\t\t<\/div>\n\t\t<\/div>\n\t\t\t\t\t\t\t<\/div>\n\t\t<\/section>\n\t\t\t\t\t\t\t<\/div>\n\t\t","protected":false},"excerpt":{"rendered":"<div align=\"justify\">\n<h2 align=\"justify\">Kanufunyak von Schaffhausen nach Rheinau in Richtung Bodensee<\/h2>\n<h3>Dieses Abenteuer in einem Funyak oder Ducky ist perfekt f\u00fcr einen Ausflug mit einer Gruppe oder mit Freunden.<\/h3>\n<\/div>\n<div align=\"justify\">\n<p>Der Rhein bietet nach dem ber\u00fchmten Wasserfall von Schaffhausen ein einzigartiges Erlebnis mit Kanu, Funyak oder Ducky. Funyak, oder Kanu oder Ducky, ist f\u00fcr alle geeignet. Ob Sie Anf\u00e4nger oder Experte sind, Sie werden diese Reise genie\u00dfen. Dar\u00fcber hinaus f\u00f6rdert die Aktivit\u00e4t den Teamgeist. Wenn Sie gemeinsam paddeln, erleben Sie einzigartige Momente. Vor der Abreise erhalten Sie von unseren Bootf\u00fchren klare Anweisungen. Sie lernen, das Boot richtig zu bedienen. R\u00fcsten Sie sich dann mit einer Schwimmweste, einem Helm und einem Paddel aus. Diese Ausr\u00fcstung garantiert Ihre Sicherheit. Beginnen Sie dann mit dem Abstieg. Stromschnellen der Klasse I bieten genau das richtige Ma\u00df an Adrenalin. Letztendlich kombiniert diese Erfahrung auf dem Rhein Abenteuer, Entspannung und Sicherheit. Mit sch\u00f6nen Landschaften und einer Aktivit\u00e4t, die f\u00fcr alle zug\u00e4nglich ist, wird Ihr Tag unvergesslich werden. Begleiten Sie uns auf ein au\u00dfergew\u00f6hnliches Abenteuer in einem Kanu, Funyak oder Ducky.<\/p>\n<h3>Wir bieten verschiedene Strecken in der Schweiz f\u00fcr Kanu, Funyak oder Ducky an.<\/h3>\n<p id=\"textarea\" style=\"display: none;\">\nWeiter auf dem Vorderrhein in der Surselva, ein ereignisreicherer Halbtagesabschnitt zwischen Ilanz und Valendas oder Ilanz &#8211; Reichenau f\u00fcr eine ganzt\u00e4gige Kanufahrt. Auch auf der Reuss gibt es Halbtagestouren: Bremgarten-Mellingen, Mellingen-Gebenstorf und eine Tagestour: Bremgarten-Gebenstorf. Im Tessin auf dem Ticino haben Sie die Strecke Cresciano-Gorduno, die wegen des warmen Tessiner Klimas sehr beliebt ist. Im Wallis, auf der Rhone, bietet Ihnen Swissraft den Abschnitt zwischen Chippis und St. St. Leonard an, ideal f\u00fcr Kinder und Liebhaber ruhiger Abfahrten. Sowie der Abschnitt Sousten-Siders mit einem Funyak, der es in sich hat.\n<\/p>\n<p><a id=\"seeMore\" onclick=\"toggleSeeMore()\" href=\"javascript:void(0);\">Lesen Sie mehr<\/a><\/p>\n","protected":false},"featured_media":90337,"comment_status":"open","ping_status":"closed","template":"","meta":{"inline_featured_image":false,"_mi_skip_tracking":false},"product_cat":[268,269],"product_tag":[],"class_list":["post-91202","product","type-product","status-publish","has-post-thumbnail","hentry","product_cat-kanu-funyak-oder-ducky-in-der-schweiz","product_cat-kanu-funyak-rhein"],"yoast_head":"<!-- This site is optimized with the Yoast SEO plugin v23.6 - https:\/\/yoast.com\/wordpress\/plugins\/seo\/ -->\n<title>Kanufunyak Schaffhausen-Rheinau auf dem Rhein<\/title>\n<meta name=\"description\" content=\"Kanufunyak Schaffhausen-Rheinau, auf dem Rhein. Wir starten unterhalb des ber\u00fchmten Rheinfalls f\u00fcr eine ruhige Fahrt.\" \/>\n<meta name=\"robots\" content=\"index, follow, max-snippet:-1, max-image-preview:large, max-video-preview:-1\" \/>\n<link rel=\"canonical\" href=\"https:\/\/www.swissraft.ch\/de\/produkt\/kanu-funyak-rhein-schaffhausen-rheinau\/\" \/>\n<meta property=\"og:locale\" content=\"de_DE\" \/>\n<meta property=\"og:type\" content=\"article\" \/>\n<meta property=\"og:title\" content=\"Kanufunyak Schaffhausen-Rheinau auf dem Rhein\" \/>\n<meta property=\"og:description\" content=\"Kanufunyak Schaffhausen-Rheinau, auf dem Rhein. Wir starten unterhalb des ber\u00fchmten Rheinfalls f\u00fcr eine ruhige Fahrt.\" \/>\n<meta property=\"og:url\" content=\"https:\/\/www.swissraft.ch\/de\/produkt\/kanu-funyak-rhein-schaffhausen-rheinau\/\" \/>\n<meta property=\"og:site_name\" content=\"Swissraft\" \/>\n<meta property=\"article:modified_time\" content=\"2026-04-12T15:50:06+00:00\" \/>\n<meta property=\"og:image\" content=\"https:\/\/www.swissraft.ch\/wp-content\/uploads\/2024\/05\/Funyak-Rhin-776x776-1.jpg\" \/>\n\t<meta property=\"og:image:width\" content=\"776\" \/>\n\t<meta property=\"og:image:height\" content=\"776\" \/>\n\t<meta property=\"og:image:type\" content=\"image\/jpeg\" \/>\n<meta name=\"twitter:card\" content=\"summary_large_image\" \/>\n<meta name=\"twitter:label1\" content=\"Gesch\u00e4tzte Lesezeit\" \/>\n\t<meta name=\"twitter:data1\" content=\"1\u00a0Minute\" \/>\n<script type=\"application\/ld+json\" class=\"yoast-schema-graph\">{\"@context\":\"https:\/\/schema.org\",\"@graph\":[{\"@type\":\"WebPage\",\"@id\":\"https:\/\/www.swissraft.ch\/de\/produkt\/kanu-funyak-rhein-schaffhausen-rheinau\/\",\"url\":\"https:\/\/www.swissraft.ch\/de\/produkt\/kanu-funyak-rhein-schaffhausen-rheinau\/\",\"name\":\"Kanufunyak Schaffhausen-Rheinau auf dem Rhein\",\"isPartOf\":{\"@id\":\"https:\/\/www.swissraft.ch\/de\/#website\"},\"primaryImageOfPage\":{\"@id\":\"https:\/\/www.swissraft.ch\/de\/produkt\/kanu-funyak-rhein-schaffhausen-rheinau\/#primaryimage\"},\"image\":{\"@id\":\"https:\/\/www.swissraft.ch\/de\/produkt\/kanu-funyak-rhein-schaffhausen-rheinau\/#primaryimage\"},\"thumbnailUrl\":\"https:\/\/www.swissraft.ch\/wp-content\/uploads\/2024\/05\/Funyak-Rhin-776x776-1.jpg\",\"datePublished\":\"2024-05-22T16:50:44+00:00\",\"dateModified\":\"2026-04-12T15:50:06+00:00\",\"description\":\"Kanufunyak Schaffhausen-Rheinau, auf dem Rhein. Wir starten unterhalb des ber\u00fchmten Rheinfalls f\u00fcr eine ruhige Fahrt.\",\"breadcrumb\":{\"@id\":\"https:\/\/www.swissraft.ch\/de\/produkt\/kanu-funyak-rhein-schaffhausen-rheinau\/#breadcrumb\"},\"inLanguage\":\"de\",\"potentialAction\":[{\"@type\":\"ReadAction\",\"target\":[\"https:\/\/www.swissraft.ch\/de\/produkt\/kanu-funyak-rhein-schaffhausen-rheinau\/\"]}]},{\"@type\":\"ImageObject\",\"inLanguage\":\"de\",\"@id\":\"https:\/\/www.swissraft.ch\/de\/produkt\/kanu-funyak-rhein-schaffhausen-rheinau\/#primaryimage\",\"url\":\"https:\/\/www.swissraft.ch\/wp-content\/uploads\/2024\/05\/Funyak-Rhin-776x776-1.jpg\",\"contentUrl\":\"https:\/\/www.swissraft.ch\/wp-content\/uploads\/2024\/05\/Funyak-Rhin-776x776-1.jpg\",\"width\":776,\"height\":776,\"caption\":\"Kanu oder funyak auf dem Rhein zwischen Schaffhausen und Rheinau\"},{\"@type\":\"BreadcrumbList\",\"@id\":\"https:\/\/www.swissraft.ch\/de\/produkt\/kanu-funyak-rhein-schaffhausen-rheinau\/#breadcrumb\",\"itemListElement\":[{\"@type\":\"ListItem\",\"position\":1,\"name\":\"Accueil\",\"item\":\"https:\/\/www.swissraft.ch\/de\/\"},{\"@type\":\"ListItem\",\"position\":2,\"name\":\"Shop\",\"item\":\"https:\/\/www.swissraft.ch\/de\/shop\/\"},{\"@type\":\"ListItem\",\"position\":3,\"name\":\"Kanu oder Funyak &#8211; Rhein &#8211; Schaffhausen-Rheinau &#8211; Ab CHF 79.00\"}]},{\"@type\":\"WebSite\",\"@id\":\"https:\/\/www.swissraft.ch\/de\/#website\",\"url\":\"https:\/\/www.swissraft.ch\/de\/\",\"name\":\"Swissraft\",\"description\":\"To enjoy nature as it is\",\"publisher\":{\"@id\":\"https:\/\/www.swissraft.ch\/de\/#organization\"},\"potentialAction\":[{\"@type\":\"SearchAction\",\"target\":{\"@type\":\"EntryPoint\",\"urlTemplate\":\"https:\/\/www.swissraft.ch\/de\/?s={search_term_string}\"},\"query-input\":{\"@type\":\"PropertyValueSpecification\",\"valueRequired\":true,\"valueName\":\"search_term_string\"}}],\"inLanguage\":\"de\"},{\"@type\":\"Organization\",\"@id\":\"https:\/\/www.swissraft.ch\/de\/#organization\",\"name\":\"Swissraft\",\"url\":\"https:\/\/www.swissraft.ch\/de\/\",\"logo\":{\"@type\":\"ImageObject\",\"inLanguage\":\"de\",\"@id\":\"https:\/\/www.swissraft.ch\/de\/#\/schema\/logo\/image\/\",\"url\":\"https:\/\/www.swissraft.ch\/wp-content\/uploads\/2025\/09\/Capture.jpg\",\"contentUrl\":\"https:\/\/www.swissraft.ch\/wp-content\/uploads\/2025\/09\/Capture.jpg\",\"width\":293,\"height\":108,\"caption\":\"Swissraft\"},\"image\":{\"@id\":\"https:\/\/www.swissraft.ch\/de\/#\/schema\/logo\/image\/\"}}]}<\/script>\n<!-- \/ Yoast SEO plugin. -->","yoast_head_json":{"title":"Kanufunyak Schaffhausen-Rheinau auf dem Rhein","description":"Kanufunyak Schaffhausen-Rheinau, auf dem Rhein. Wir starten unterhalb des ber\u00fchmten Rheinfalls f\u00fcr eine ruhige Fahrt.","robots":{"index":"index","follow":"follow","max-snippet":"max-snippet:-1","max-image-preview":"max-image-preview:large","max-video-preview":"max-video-preview:-1"},"canonical":"https:\/\/www.swissraft.ch\/de\/produkt\/kanu-funyak-rhein-schaffhausen-rheinau\/","og_locale":"de_DE","og_type":"article","og_title":"Kanufunyak Schaffhausen-Rheinau auf dem Rhein","og_description":"Kanufunyak Schaffhausen-Rheinau, auf dem Rhein. Wir starten unterhalb des ber\u00fchmten Rheinfalls f\u00fcr eine ruhige Fahrt.","og_url":"https:\/\/www.swissraft.ch\/de\/produkt\/kanu-funyak-rhein-schaffhausen-rheinau\/","og_site_name":"Swissraft","article_modified_time":"2026-04-12T15:50:06+00:00","og_image":[{"width":776,"height":776,"url":"https:\/\/www.swissraft.ch\/wp-content\/uploads\/2024\/05\/Funyak-Rhin-776x776-1.jpg","type":"image\/jpeg"}],"twitter_card":"summary_large_image","twitter_misc":{"Gesch\u00e4tzte Lesezeit":"1\u00a0Minute"},"schema":{"@context":"https:\/\/schema.org","@graph":[{"@type":"WebPage","@id":"https:\/\/www.swissraft.ch\/de\/produkt\/kanu-funyak-rhein-schaffhausen-rheinau\/","url":"https:\/\/www.swissraft.ch\/de\/produkt\/kanu-funyak-rhein-schaffhausen-rheinau\/","name":"Kanufunyak Schaffhausen-Rheinau auf dem Rhein","isPartOf":{"@id":"https:\/\/www.swissraft.ch\/de\/#website"},"primaryImageOfPage":{"@id":"https:\/\/www.swissraft.ch\/de\/produkt\/kanu-funyak-rhein-schaffhausen-rheinau\/#primaryimage"},"image":{"@id":"https:\/\/www.swissraft.ch\/de\/produkt\/kanu-funyak-rhein-schaffhausen-rheinau\/#primaryimage"},"thumbnailUrl":"https:\/\/www.swissraft.ch\/wp-content\/uploads\/2024\/05\/Funyak-Rhin-776x776-1.jpg","datePublished":"2024-05-22T16:50:44+00:00","dateModified":"2026-04-12T15:50:06+00:00","description":"Kanufunyak Schaffhausen-Rheinau, auf dem Rhein. Wir starten unterhalb des ber\u00fchmten Rheinfalls f\u00fcr eine ruhige Fahrt.","breadcrumb":{"@id":"https:\/\/www.swissraft.ch\/de\/produkt\/kanu-funyak-rhein-schaffhausen-rheinau\/#breadcrumb"},"inLanguage":"de","potentialAction":[{"@type":"ReadAction","target":["https:\/\/www.swissraft.ch\/de\/produkt\/kanu-funyak-rhein-schaffhausen-rheinau\/"]}]},{"@type":"ImageObject","inLanguage":"de","@id":"https:\/\/www.swissraft.ch\/de\/produkt\/kanu-funyak-rhein-schaffhausen-rheinau\/#primaryimage","url":"https:\/\/www.swissraft.ch\/wp-content\/uploads\/2024\/05\/Funyak-Rhin-776x776-1.jpg","contentUrl":"https:\/\/www.swissraft.ch\/wp-content\/uploads\/2024\/05\/Funyak-Rhin-776x776-1.jpg","width":776,"height":776,"caption":"Kanu oder funyak auf dem Rhein zwischen Schaffhausen und Rheinau"},{"@type":"BreadcrumbList","@id":"https:\/\/www.swissraft.ch\/de\/produkt\/kanu-funyak-rhein-schaffhausen-rheinau\/#breadcrumb","itemListElement":[{"@type":"ListItem","position":1,"name":"Accueil","item":"https:\/\/www.swissraft.ch\/de\/"},{"@type":"ListItem","position":2,"name":"Shop","item":"https:\/\/www.swissraft.ch\/de\/shop\/"},{"@type":"ListItem","position":3,"name":"Kanu oder Funyak &#8211; Rhein &#8211; Schaffhausen-Rheinau &#8211; Ab CHF 79.00"}]},{"@type":"WebSite","@id":"https:\/\/www.swissraft.ch\/de\/#website","url":"https:\/\/www.swissraft.ch\/de\/","name":"Swissraft","description":"To enjoy nature as it is","publisher":{"@id":"https:\/\/www.swissraft.ch\/de\/#organization"},"potentialAction":[{"@type":"SearchAction","target":{"@type":"EntryPoint","urlTemplate":"https:\/\/www.swissraft.ch\/de\/?s={search_term_string}"},"query-input":{"@type":"PropertyValueSpecification","valueRequired":true,"valueName":"search_term_string"}}],"inLanguage":"de"},{"@type":"Organization","@id":"https:\/\/www.swissraft.ch\/de\/#organization","name":"Swissraft","url":"https:\/\/www.swissraft.ch\/de\/","logo":{"@type":"ImageObject","inLanguage":"de","@id":"https:\/\/www.swissraft.ch\/de\/#\/schema\/logo\/image\/","url":"https:\/\/www.swissraft.ch\/wp-content\/uploads\/2025\/09\/Capture.jpg","contentUrl":"https:\/\/www.swissraft.ch\/wp-content\/uploads\/2025\/09\/Capture.jpg","width":293,"height":108,"caption":"Swissraft"},"image":{"@id":"https:\/\/www.swissraft.ch\/de\/#\/schema\/logo\/image\/"}}]}},"_links":{"self":[{"href":"https:\/\/www.swissraft.ch\/de\/wp-json\/wp\/v2\/product\/91202","targetHints":{"allow":["GET"]}}],"collection":[{"href":"https:\/\/www.swissraft.ch\/de\/wp-json\/wp\/v2\/product"}],"about":[{"href":"https:\/\/www.swissraft.ch\/de\/wp-json\/wp\/v2\/types\/product"}],"replies":[{"embeddable":true,"href":"https:\/\/www.swissraft.ch\/de\/wp-json\/wp\/v2\/comments?post=91202"}],"version-history":[{"count":38,"href":"https:\/\/www.swissraft.ch\/de\/wp-json\/wp\/v2\/product\/91202\/revisions"}],"predecessor-version":[{"id":139736,"href":"https:\/\/www.swissraft.ch\/de\/wp-json\/wp\/v2\/product\/91202\/revisions\/139736"}],"wp:featuredmedia":[{"embeddable":true,"href":"https:\/\/www.swissraft.ch\/de\/wp-json\/wp\/v2\/media\/90337"}],"wp:attachment":[{"href":"https:\/\/www.swissraft.ch\/de\/wp-json\/wp\/v2\/media?parent=91202"}],"wp:term":[{"taxonomy":"product_cat","embeddable":true,"href":"https:\/\/www.swissraft.ch\/de\/wp-json\/wp\/v2\/product_cat?post=91202"},{"taxonomy":"product_tag","embeddable":true,"href":"https:\/\/www.swissraft.ch\/de\/wp-json\/wp\/v2\/product_tag?post=91202"}],"curies":[{"name":"wp","href":"https:\/\/api.w.org\/{rel}","templated":true}]}}