{"id":91201,"date":"2024-07-31T16:22:49","date_gmt":"2024-07-31T14:22:49","guid":{"rendered":"https:\/\/swissraft.xyanzkdne.eu\/product\/helikopterflug-von-pfaffnau-titlis-und-zentralschweiz-65-min-ab-chf-540-00\/"},"modified":"2025-06-25T01:13:23","modified_gmt":"2025-06-24T23:13:23","slug":"helikopterflug-pfaffnau-titlis-zentralschweiz","status":"publish","type":"product","link":"https:\/\/www.swissraft.ch\/de\/produkt\/helikopterflug-pfaffnau-titlis-zentralschweiz\/","title":{"rendered":"Helikopterflug von PFAFFNAU &#8211; TITLIS UND ZENTRALSCHWEIZ &#8211; 65 Min. &#8211; Ab CHF 570.00"},"content":{"rendered":"\t\t<div data-elementor-type=\"wp-post\" data-elementor-id=\"91201\" class=\"elementor elementor-91201 elementor-74209\">\n\t\t\t\t\t\t\t\t\t<section class=\"elementor-section elementor-top-section elementor-element elementor-element-3303a7e3 elementor-section-boxed elementor-section-height-default elementor-section-height-default\" data-id=\"3303a7e3\" data-element_type=\"section\">\n\t\t\t\t\t\t<div class=\"elementor-container elementor-column-gap-default\">\n\t\t\t\t\t<div class=\"elementor-column elementor-col-100 elementor-top-column elementor-element elementor-element-16d72dbf\" data-id=\"16d72dbf\" data-element_type=\"column\">\n\t\t\t<div class=\"elementor-widget-wrap elementor-element-populated\">\n\t\t\t\t\t\t\t\t<div class=\"elementor-element elementor-element-d743c03 elementor-widget elementor-widget-text-editor\" data-id=\"d743c03\" data-element_type=\"widget\" data-widget_type=\"text-editor.default\">\n\t\t\t\t<div class=\"elementor-widget-container\">\n\t\t\t\t\t\t\t<h2>W\u00c4HLEN SIE UNTEN IHRE AKTIVIT\u00c4T AUS, UM GESCHENKGUTSCHEINE \/ TICKETS ZU VERSCHENKEN ODER ZU BUCHEN.<\/h2>\n<table border=\"0\" width=\"580\" cellspacing=\"10\" cellpadding=\"10\">\n<tbody>\n<tr>\n<td width=\"50%\"><strong> TITLIS UND ZENTRALSCHWEIZ &#8211; 65 Min. (1-4 pax) <\/strong><\/td>\n<td><strong>CHF 570.00 pro Person<span class=\"productPrice\"><br \/><\/span><\/strong><\/td>\n<\/tr>\n<tr>\n<td>Weitere Informationen<\/td>\n<td>&#8211; Sie werden mit anderen Passagieren zusammen sein<br \/>&#8211; Maximum 4 pers.<\/td>\n<\/tr>\n<tr>\n<td>Heliport<\/td>\n<td><a href=\"https:\/\/www.google.com\/maps\/place\/47%C2%B014'05.9%22N+7%C2%B054'34.3%22E\/@47.2351812,7.9050044,758m\/data=!3m1!1e3!4m4!3m3!8m2!3d47.2349722!4d7.9095278?entry=ttu\" target=\"_blank\" rel=\"noopener\">Pfaffnau<\/a><\/td>\n<\/tr>\n<tr>\n<td>Flugzeit<\/td>\n<td>65 Min.<\/td>\n<\/tr>\n<tr>\n<td>Gesamtdauer<\/td>\n<td>ca. 1,5 Std.<\/td>\n<\/tr>\n<tr>\n<td>Terminvereinbarung<\/td>\n<td>Per Telefon<\/td>\n<\/tr>\n<tr>\n<td><a href=\"https:\/\/swissraft.outdoorbooking.ch\/fo\/products\/2083?base_id=11&amp;category_id=6&amp;order_type=gift_voucher&amp;lang=de\" target=\"_blank\" rel=\"noopener\"><button class=\"elementor-button\" type=\"button\">GUTSCHEIN KAUFEN<\/button><\/a><\/td>\n<td>Nach Erhalt Ihres Tickets\/Gutscheins rufen Sie bitte die Telefonnummer an, die oben links angegeben ist, um zu reservieren.<\/td>\n<\/tr>\n<\/tbody>\n<\/table>\n\t\t\t\t\t\t<\/div>\n\t\t\t\t<\/div>\n\t\t\t\t\t<\/div>\n\t\t<\/div>\n\t\t\t\t\t\t\t<\/div>\n\t\t<\/section>\n\t\t\t\t\t\t\t<\/div>\n\t\t","protected":false},"excerpt":{"rendered":"<div align=\"justify\">\n<h2 align=\"justify\">Titlis und Zentralschweiz mit Landung auf dem H\u00fcfifirngletscher<\/h2>\n<h3>Ein herrlicher Anblick erwartet Sie auf dem H\u00fcfifirngletscher.<\/h3>\n<\/div>\n<div align=\"justify\">\n<p>Kaum sind wir von Pfaffnau gestartet, sehen wir die Stadt Luzern, den Vierwaldst\u00e4ttersee und die Rigi von oben. Danach landen wir auf dem H\u00fcfifirn, wo wir ein paar Minuten Pause machen. Nach einem weiteren Start setzen wir unsere Reise durch das Maderan-Tal bis zur G\u00f6scheneralp fort. Der Flug geht weiter \u00fcber den Titlis und den Pilatus, bevor wir uns wieder auf dem Heliport Pfaffnau ausruhen.<\/p>\n<h3>Swissraft hat in seinem Katalog \u00fcber 150 Fl\u00fcge in der Schweiz von 12 Hubschrauberlandepl\u00e4tzen, 9 Flugpl\u00e4tzen und 2 Flugh\u00e4fen aus.<\/h3>\n<p id=\"textarea\" style=\"display: none;\">\nWir bieten Fl\u00fcge ins Tessin von den Flugh\u00e4fen Locarno und Lodrino aus an. Wir bieten auch Helikopterrundfl\u00fcge ab dem Flughafen Samedan an. Wir bieten auch Fl\u00fcge von den Heliports Untervaz und Tavanasa in Graub\u00fcnden an. Ebenso wie Fl\u00fcge von Liechtenstein nach Balzers und vom Flugplatz Sitterdorf im Kanton Thurgau. Ebenso fliegen wir mit dem Helikopter vom internationalen Flughafen Z\u00fcrich-Kloten und vom internationalen Flughafen Bern-Belp ab. Au\u00dferdem starten wir vom Flugplatz Saanen und vom Heliport Gstaad-Grund im Saanenland. Au\u00dferdem immer im Berner Oberland von den Heliports Lenk-Simmental, Schattenhalb-Meiringen, Interlaken-Gsteigwiler und Lauterbrunnen. Wir haben auch Fl\u00fcge vom Flughafen Sitten und den Heliports Collombey und Gampel im Wallis. Aber auch vom Flugplatz \u00c9pagny im Greyerzerland im Kanton Freiburg. Au\u00dferdem starten wir vom Flugplatz Buttwil im Kanton Aargau. Au\u00dferdem fliegen wir vom Flugplatz Grenchen aus auch in den Kanton Solothurn. Sowie Fl\u00fcge vom Heliport K\u00fcssnacht im Kanton Schwyz.\n<\/p>\n<p><a id=\"seeMore\" onclick=\"toggleSeeMore()\" href=\"javascript:void(0);\">Lesen Sie mehr<\/a><\/p>\n","protected":false},"featured_media":90589,"comment_status":"open","ping_status":"closed","template":"","meta":{"inline_featured_image":false,"_mi_skip_tracking":false},"product_cat":[263,265],"product_tag":[],"class_list":["post-91201","product","type-product","status-publish","has-post-thumbnail","hentry","product_cat-helikopterflug-in-der-schweiz","product_cat-helikopterrundflug-pfaffnau"],"yoast_head":"<!-- This site is optimized with the Yoast SEO plugin v23.6 - https:\/\/yoast.com\/wordpress\/plugins\/seo\/ -->\n<title>Titlis und Zentralschweiz ab Pfaffnau. Ein 65-min\u00fctiger Flug<\/title>\n<meta name=\"description\" content=\"Titlis und Zentralschweiz von Pfaffnau aus mit dem Helikopter auf einem 65-min\u00fctigen Flug \u00fcber Titlis und Zentralschweiz.\" \/>\n<meta name=\"robots\" content=\"index, follow, max-snippet:-1, max-image-preview:large, max-video-preview:-1\" \/>\n<link rel=\"canonical\" href=\"https:\/\/www.swissraft.ch\/de\/produkt\/helikopterflug-pfaffnau-titlis-zentralschweiz\/\" \/>\n<meta property=\"og:locale\" content=\"de_DE\" \/>\n<meta property=\"og:type\" content=\"article\" \/>\n<meta property=\"og:title\" content=\"Titlis und Zentralschweiz ab Pfaffnau. Ein 65-min\u00fctiger Flug\" \/>\n<meta property=\"og:description\" content=\"Titlis und Zentralschweiz von Pfaffnau aus mit dem Helikopter auf einem 65-min\u00fctigen Flug \u00fcber Titlis und Zentralschweiz.\" \/>\n<meta property=\"og:url\" content=\"https:\/\/www.swissraft.ch\/de\/produkt\/helikopterflug-pfaffnau-titlis-zentralschweiz\/\" \/>\n<meta property=\"og:site_name\" content=\"Swissraft\" \/>\n<meta property=\"article:modified_time\" content=\"2025-06-24T23:13:23+00:00\" \/>\n<meta property=\"og:image\" content=\"https:\/\/www.swissraft.ch\/wp-content\/uploads\/2024\/07\/4-1Hufi-Gletscherflug-776x776-1.jpg\" \/>\n\t<meta property=\"og:image:width\" content=\"776\" \/>\n\t<meta property=\"og:image:height\" content=\"776\" \/>\n\t<meta property=\"og:image:type\" content=\"image\/jpeg\" \/>\n<meta name=\"twitter:card\" content=\"summary_large_image\" \/>\n<meta name=\"twitter:label1\" content=\"Gesch\u00e4tzte Lesezeit\" \/>\n\t<meta name=\"twitter:data1\" content=\"1\u00a0Minute\" \/>\n<script type=\"application\/ld+json\" class=\"yoast-schema-graph\">{\"@context\":\"https:\/\/schema.org\",\"@graph\":[{\"@type\":\"WebPage\",\"@id\":\"https:\/\/www.swissraft.ch\/de\/produkt\/helikopterflug-pfaffnau-titlis-zentralschweiz\/\",\"url\":\"https:\/\/www.swissraft.ch\/de\/produkt\/helikopterflug-pfaffnau-titlis-zentralschweiz\/\",\"name\":\"Titlis und Zentralschweiz ab Pfaffnau. Ein 65-min\u00fctiger Flug\",\"isPartOf\":{\"@id\":\"https:\/\/www.swissraft.ch\/de\/#website\"},\"primaryImageOfPage\":{\"@id\":\"https:\/\/www.swissraft.ch\/de\/produkt\/helikopterflug-pfaffnau-titlis-zentralschweiz\/#primaryimage\"},\"image\":{\"@id\":\"https:\/\/www.swissraft.ch\/de\/produkt\/helikopterflug-pfaffnau-titlis-zentralschweiz\/#primaryimage\"},\"thumbnailUrl\":\"https:\/\/www.swissraft.ch\/wp-content\/uploads\/2024\/07\/4-1Hufi-Gletscherflug-776x776-1.jpg\",\"datePublished\":\"2024-07-31T14:22:49+00:00\",\"dateModified\":\"2025-06-24T23:13:23+00:00\",\"description\":\"Titlis und Zentralschweiz von Pfaffnau aus mit dem Helikopter auf einem 65-min\u00fctigen Flug \u00fcber Titlis und Zentralschweiz.\",\"breadcrumb\":{\"@id\":\"https:\/\/www.swissraft.ch\/de\/produkt\/helikopterflug-pfaffnau-titlis-zentralschweiz\/#breadcrumb\"},\"inLanguage\":\"de\",\"potentialAction\":[{\"@type\":\"ReadAction\",\"target\":[\"https:\/\/www.swissraft.ch\/de\/produkt\/helikopterflug-pfaffnau-titlis-zentralschweiz\/\"]}]},{\"@type\":\"ImageObject\",\"inLanguage\":\"de\",\"@id\":\"https:\/\/www.swissraft.ch\/de\/produkt\/helikopterflug-pfaffnau-titlis-zentralschweiz\/#primaryimage\",\"url\":\"https:\/\/www.swissraft.ch\/wp-content\/uploads\/2024\/07\/4-1Hufi-Gletscherflug-776x776-1.jpg\",\"contentUrl\":\"https:\/\/www.swissraft.ch\/wp-content\/uploads\/2024\/07\/4-1Hufi-Gletscherflug-776x776-1.jpg\",\"width\":776,\"height\":776,\"caption\":\"Titlis und Zentralschweiz mit dem Hubschrauber von Pfaffnau aus\"},{\"@type\":\"BreadcrumbList\",\"@id\":\"https:\/\/www.swissraft.ch\/de\/produkt\/helikopterflug-pfaffnau-titlis-zentralschweiz\/#breadcrumb\",\"itemListElement\":[{\"@type\":\"ListItem\",\"position\":1,\"name\":\"Accueil\",\"item\":\"https:\/\/www.swissraft.ch\/de\/\"},{\"@type\":\"ListItem\",\"position\":2,\"name\":\"Shop\",\"item\":\"https:\/\/www.swissraft.ch\/de\/shop\/\"},{\"@type\":\"ListItem\",\"position\":3,\"name\":\"Helikopterflug von PFAFFNAU &#8211; TITLIS UND ZENTRALSCHWEIZ &#8211; 65 Min. &#8211; Ab CHF 570.00\"}]},{\"@type\":\"WebSite\",\"@id\":\"https:\/\/www.swissraft.ch\/de\/#website\",\"url\":\"https:\/\/www.swissraft.ch\/de\/\",\"name\":\"Swissraft\",\"description\":\"To enjoy nature as it is\",\"publisher\":{\"@id\":\"https:\/\/www.swissraft.ch\/de\/#organization\"},\"potentialAction\":[{\"@type\":\"SearchAction\",\"target\":{\"@type\":\"EntryPoint\",\"urlTemplate\":\"https:\/\/www.swissraft.ch\/de\/?s={search_term_string}\"},\"query-input\":{\"@type\":\"PropertyValueSpecification\",\"valueRequired\":true,\"valueName\":\"search_term_string\"}}],\"inLanguage\":\"de\"},{\"@type\":\"Organization\",\"@id\":\"https:\/\/www.swissraft.ch\/de\/#organization\",\"name\":\"Swissraft\",\"url\":\"https:\/\/www.swissraft.ch\/de\/\",\"logo\":{\"@type\":\"ImageObject\",\"inLanguage\":\"de\",\"@id\":\"https:\/\/www.swissraft.ch\/de\/#\/schema\/logo\/image\/\",\"url\":\"https:\/\/www.swissraft.ch\/wp-content\/uploads\/2025\/09\/Capture.jpg\",\"contentUrl\":\"https:\/\/www.swissraft.ch\/wp-content\/uploads\/2025\/09\/Capture.jpg\",\"width\":293,\"height\":108,\"caption\":\"Swissraft\"},\"image\":{\"@id\":\"https:\/\/www.swissraft.ch\/de\/#\/schema\/logo\/image\/\"}}]}<\/script>\n<!-- \/ Yoast SEO plugin. -->","yoast_head_json":{"title":"Titlis und Zentralschweiz ab Pfaffnau. Ein 65-min\u00fctiger Flug","description":"Titlis und Zentralschweiz von Pfaffnau aus mit dem Helikopter auf einem 65-min\u00fctigen Flug \u00fcber Titlis und Zentralschweiz.","robots":{"index":"index","follow":"follow","max-snippet":"max-snippet:-1","max-image-preview":"max-image-preview:large","max-video-preview":"max-video-preview:-1"},"canonical":"https:\/\/www.swissraft.ch\/de\/produkt\/helikopterflug-pfaffnau-titlis-zentralschweiz\/","og_locale":"de_DE","og_type":"article","og_title":"Titlis und Zentralschweiz ab Pfaffnau. Ein 65-min\u00fctiger Flug","og_description":"Titlis und Zentralschweiz von Pfaffnau aus mit dem Helikopter auf einem 65-min\u00fctigen Flug \u00fcber Titlis und Zentralschweiz.","og_url":"https:\/\/www.swissraft.ch\/de\/produkt\/helikopterflug-pfaffnau-titlis-zentralschweiz\/","og_site_name":"Swissraft","article_modified_time":"2025-06-24T23:13:23+00:00","og_image":[{"width":776,"height":776,"url":"https:\/\/www.swissraft.ch\/wp-content\/uploads\/2024\/07\/4-1Hufi-Gletscherflug-776x776-1.jpg","type":"image\/jpeg"}],"twitter_card":"summary_large_image","twitter_misc":{"Gesch\u00e4tzte Lesezeit":"1\u00a0Minute"},"schema":{"@context":"https:\/\/schema.org","@graph":[{"@type":"WebPage","@id":"https:\/\/www.swissraft.ch\/de\/produkt\/helikopterflug-pfaffnau-titlis-zentralschweiz\/","url":"https:\/\/www.swissraft.ch\/de\/produkt\/helikopterflug-pfaffnau-titlis-zentralschweiz\/","name":"Titlis und Zentralschweiz ab Pfaffnau. Ein 65-min\u00fctiger Flug","isPartOf":{"@id":"https:\/\/www.swissraft.ch\/de\/#website"},"primaryImageOfPage":{"@id":"https:\/\/www.swissraft.ch\/de\/produkt\/helikopterflug-pfaffnau-titlis-zentralschweiz\/#primaryimage"},"image":{"@id":"https:\/\/www.swissraft.ch\/de\/produkt\/helikopterflug-pfaffnau-titlis-zentralschweiz\/#primaryimage"},"thumbnailUrl":"https:\/\/www.swissraft.ch\/wp-content\/uploads\/2024\/07\/4-1Hufi-Gletscherflug-776x776-1.jpg","datePublished":"2024-07-31T14:22:49+00:00","dateModified":"2025-06-24T23:13:23+00:00","description":"Titlis und Zentralschweiz von Pfaffnau aus mit dem Helikopter auf einem 65-min\u00fctigen Flug \u00fcber Titlis und Zentralschweiz.","breadcrumb":{"@id":"https:\/\/www.swissraft.ch\/de\/produkt\/helikopterflug-pfaffnau-titlis-zentralschweiz\/#breadcrumb"},"inLanguage":"de","potentialAction":[{"@type":"ReadAction","target":["https:\/\/www.swissraft.ch\/de\/produkt\/helikopterflug-pfaffnau-titlis-zentralschweiz\/"]}]},{"@type":"ImageObject","inLanguage":"de","@id":"https:\/\/www.swissraft.ch\/de\/produkt\/helikopterflug-pfaffnau-titlis-zentralschweiz\/#primaryimage","url":"https:\/\/www.swissraft.ch\/wp-content\/uploads\/2024\/07\/4-1Hufi-Gletscherflug-776x776-1.jpg","contentUrl":"https:\/\/www.swissraft.ch\/wp-content\/uploads\/2024\/07\/4-1Hufi-Gletscherflug-776x776-1.jpg","width":776,"height":776,"caption":"Titlis und Zentralschweiz mit dem Hubschrauber von Pfaffnau aus"},{"@type":"BreadcrumbList","@id":"https:\/\/www.swissraft.ch\/de\/produkt\/helikopterflug-pfaffnau-titlis-zentralschweiz\/#breadcrumb","itemListElement":[{"@type":"ListItem","position":1,"name":"Accueil","item":"https:\/\/www.swissraft.ch\/de\/"},{"@type":"ListItem","position":2,"name":"Shop","item":"https:\/\/www.swissraft.ch\/de\/shop\/"},{"@type":"ListItem","position":3,"name":"Helikopterflug von PFAFFNAU &#8211; TITLIS UND ZENTRALSCHWEIZ &#8211; 65 Min. &#8211; Ab CHF 570.00"}]},{"@type":"WebSite","@id":"https:\/\/www.swissraft.ch\/de\/#website","url":"https:\/\/www.swissraft.ch\/de\/","name":"Swissraft","description":"To enjoy nature as it is","publisher":{"@id":"https:\/\/www.swissraft.ch\/de\/#organization"},"potentialAction":[{"@type":"SearchAction","target":{"@type":"EntryPoint","urlTemplate":"https:\/\/www.swissraft.ch\/de\/?s={search_term_string}"},"query-input":{"@type":"PropertyValueSpecification","valueRequired":true,"valueName":"search_term_string"}}],"inLanguage":"de"},{"@type":"Organization","@id":"https:\/\/www.swissraft.ch\/de\/#organization","name":"Swissraft","url":"https:\/\/www.swissraft.ch\/de\/","logo":{"@type":"ImageObject","inLanguage":"de","@id":"https:\/\/www.swissraft.ch\/de\/#\/schema\/logo\/image\/","url":"https:\/\/www.swissraft.ch\/wp-content\/uploads\/2025\/09\/Capture.jpg","contentUrl":"https:\/\/www.swissraft.ch\/wp-content\/uploads\/2025\/09\/Capture.jpg","width":293,"height":108,"caption":"Swissraft"},"image":{"@id":"https:\/\/www.swissraft.ch\/de\/#\/schema\/logo\/image\/"}}]}},"_links":{"self":[{"href":"https:\/\/www.swissraft.ch\/de\/wp-json\/wp\/v2\/product\/91201","targetHints":{"allow":["GET"]}}],"collection":[{"href":"https:\/\/www.swissraft.ch\/de\/wp-json\/wp\/v2\/product"}],"about":[{"href":"https:\/\/www.swissraft.ch\/de\/wp-json\/wp\/v2\/types\/product"}],"replies":[{"embeddable":true,"href":"https:\/\/www.swissraft.ch\/de\/wp-json\/wp\/v2\/comments?post=91201"}],"version-history":[{"count":6,"href":"https:\/\/www.swissraft.ch\/de\/wp-json\/wp\/v2\/product\/91201\/revisions"}],"predecessor-version":[{"id":118784,"href":"https:\/\/www.swissraft.ch\/de\/wp-json\/wp\/v2\/product\/91201\/revisions\/118784"}],"wp:featuredmedia":[{"embeddable":true,"href":"https:\/\/www.swissraft.ch\/de\/wp-json\/wp\/v2\/media\/90589"}],"wp:attachment":[{"href":"https:\/\/www.swissraft.ch\/de\/wp-json\/wp\/v2\/media?parent=91201"}],"wp:term":[{"taxonomy":"product_cat","embeddable":true,"href":"https:\/\/www.swissraft.ch\/de\/wp-json\/wp\/v2\/product_cat?post=91201"},{"taxonomy":"product_tag","embeddable":true,"href":"https:\/\/www.swissraft.ch\/de\/wp-json\/wp\/v2\/product_tag?post=91201"}],"curies":[{"name":"wp","href":"https:\/\/api.w.org\/{rel}","templated":true}]}}