{"id":91197,"date":"2024-07-16T17:31:26","date_gmt":"2024-07-16T15:31:26","guid":{"rendered":"https:\/\/swissraft.xyanzkdne.eu\/product\/helikopterflug-von-pfaffnau-flug-ueber-den-jura-30-min-ab-chf-250-00\/"},"modified":"2026-04-20T00:09:39","modified_gmt":"2026-04-19T22:09:39","slug":"pfaffnau-rundflug-jura","status":"publish","type":"product","link":"https:\/\/www.swissraft.ch\/de\/produkt\/pfaffnau-rundflug-jura\/","title":{"rendered":"Helikopterflug &#8211; Pfaffnau &#8211; Flug \u00fcber die Jura &#8211; 30 Min. &#8211; Ab CHF 265.00"},"content":{"rendered":"\t\t<div data-elementor-type=\"wp-post\" data-elementor-id=\"91197\" class=\"elementor elementor-91197 elementor-72100\">\n\t\t\t\t\t\t\t\t\t<section class=\"elementor-section elementor-top-section elementor-element elementor-element-3303a7e3 elementor-section-boxed elementor-section-height-default elementor-section-height-default\" data-id=\"3303a7e3\" data-element_type=\"section\">\n\t\t\t\t\t\t<div class=\"elementor-container elementor-column-gap-default\">\n\t\t\t\t\t<div class=\"elementor-column elementor-col-100 elementor-top-column elementor-element elementor-element-16d72dbf\" data-id=\"16d72dbf\" data-element_type=\"column\">\n\t\t\t<div class=\"elementor-widget-wrap elementor-element-populated\">\n\t\t\t\t\t\t\t\t<div class=\"elementor-element elementor-element-d743c03 elementor-widget elementor-widget-text-editor\" data-id=\"d743c03\" data-element_type=\"widget\" data-widget_type=\"text-editor.default\">\n\t\t\t\t<div class=\"elementor-widget-container\">\n\t\t\t\t\t\t\t<h2>W\u00c4HLEN SIE UNTEN IHRE AKTIVIT\u00c4T AUS, UM GESCHENKGUTSCHEINE \/ TICKETS ZU VERSCHENKEN ODER ZU BUCHEN<\/h2><table border=\"0\" width=\"580\" cellspacing=\"10\" cellpadding=\"10\"><tbody><tr><td width=\"50%\"><h3><strong>RUNDFLUG &#8211; FLUG \u00dcBER DEN JURA &#8211; 30 Min.<\/strong><\/h3><\/td><td><strong>CHF 265.00 pro Person<span class=\"productPrice\"><br \/><\/span><\/strong><\/td><\/tr><tr><td>Zus\u00e4tzliche Informationen<\/td><td>&#8211; Sie werden mit anderen Passagieren zusammen sein<br \/>&#8211; Maximum 4 pers.<\/td><\/tr><tr><td>Heliport<\/td><td><a href=\"https:\/\/www.google.com\/maps\/place\/47%C2%B014'05.9%22N+7%C2%B054'34.3%22E\/@47.2351812,7.9050044,758m\/data=!3m1!1e3!4m4!3m3!8m2!3d47.2349722!4d7.9095278?entry=ttu\" target=\"_blank\" rel=\"noopener\">Pfaffnau<\/a><\/td><\/tr><tr><td>Flugzeit<\/td><td>30 Min.<\/td><\/tr><tr><td>Gesamtdauer<\/td><td>ca. 1 Std.<\/td><\/tr><tr><td>Termin<\/td><td>Per Telefon<\/td><\/tr><tr><td><a href=\"https:\/\/swissraft.outdoorbooking.ch\/fo\/products\/2082?base_id=11&amp;category_id=6&amp;order_type=gift_voucher&amp;lang=de\" target=\"_blank\" rel=\"noopener\"><button class=\"elementor-button\" type=\"button\">GUTSCHEIN \/ TICKET KAUFEN<\/button><\/a><\/td><td><strong><em>WICHTIG !<\/em><\/strong><br \/><em>Um zu reservieren, rufen Sie die Nummer an, die sich oben links auf dem Gutschein \/ Ticket befindet.<\/em><\/td><\/tr><\/tbody><\/table>\t\t\t\t\t\t<\/div>\n\t\t\t\t<\/div>\n\t\t\t\t\t<\/div>\n\t\t<\/div>\n\t\t\t\t\t\t\t<\/div>\n\t\t<\/section>\n\t\t\t\t\t\t\t<\/div>\n\t\t","protected":false},"excerpt":{"rendered":"<div align=\"justify\">\n<h2 align=\"justify\">Abflug vom Helikopterlandeplatz Pfaffnau im Kanton Luzern f\u00fcr einen Flug \u00fcber den Jura<\/h2>\n<h3>Dieser 30-min\u00fctige Flug in einem unserer Helikopter wird Ihnen in bester Erinnerung bleiben.<\/h3>\n<\/div>\n<div align=\"justify\">\n<p>Wir fliegen mit unserem Colibri EC 120B Hubschrauber in Richtung Olten und Hauenstein zum Passwang (1204m). Nach dem Weissenstein fahren wir \u00fcber die Stadt Solothurn und dann \u00fcber die Aare entlang des Herzogenbucher Sees und Langenthal, bevor wir nach Pfaffnau zur\u00fcckkehren.<\/p>\n<h3>Swissraft hat dank seiner zahlreichen Heliports und Flugpl\u00e4tze \u00fcber 150 preisg\u00fcnstige Rundfl\u00fcge f\u00fcr Sie zusammengestellt.<\/h3>\n<p id=\"textarea\" style=\"display: none;\">\nWir bieten Helikopterfl\u00fcge in Liechtenstein ab dem Heliport Balzers und ab Sitterdorf an. Aber wir starten auch von Samedan, wo wir das ganze Jahr \u00fcber Fl\u00fcge anbieten. Ebenso starten wir von Tavanasa, Flims und Untervaz in Graub\u00fcnden und der Surselva-Region. Ebenso bieten wir Helikopterrundfl\u00fcge von den Flugpl\u00e4tzen Lodrino und Locarno-Magadino im Kanton Tessin an. Au\u00dferdem starten wir im Wallis vom Flughafen Sitten und von den Heliports Gampel und Collombey. Aber wir starten auch vom Flugplatz \u00c9pagny im Kanton Freiburg. Au\u00dferdem bieten wir Fl\u00fcge vom Heliport Gstaad-Grund und vom Flugplatz Saanen an. Aber auch von den Heliports in Lauterbrunnen, Schattenhalb-Meiringen, Lenk-Simmental, Interlaken-Gsteigwiler und Zweisimmen im Berner Oberland. Au\u00dferdem bieten wir Hubschrauberrundfl\u00fcge von den internationalen Flugh\u00e4fen Z\u00fcrich-Kloten und Bern-Belp an. Wir bieten auch Helikopterrundfl\u00fcge im Kanton Aargau ab dem Flugplatz Buttwil an. Au\u00dferdem haben wir Touren im Kanton Schwyz in K\u00fcssnacht und im Kanton Solothurn in Grenchen.\n<\/p>\n<p><a id=\"seeMore\" onclick=\"toggleSeeMore()\" href=\"javascript:void(0);\">Lesen Sie mehr<\/a><\/p>\n","protected":false},"featured_media":90601,"comment_status":"open","ping_status":"closed","template":"","meta":{"inline_featured_image":false,"_mi_skip_tracking":false},"product_cat":[263,265],"product_tag":[],"class_list":["post-91197","product","type-product","status-publish","has-post-thumbnail","hentry","product_cat-helikopterflug-in-der-schweiz","product_cat-helikopterflug-rundflug-pfaffnau"],"yoast_head":"<!-- This site is optimized with the Yoast SEO plugin v23.6 - https:\/\/yoast.com\/wordpress\/plugins\/seo\/ -->\n<title>Rundflug Jura ab Pfaffnau<\/title>\n<meta name=\"description\" content=\"Rundflug Jura ab Pfaffnau. Der Jura aus der Luft; eine andere Art, diese sch\u00f6ne Region zu entdecken. Ein Flug von 30 Minuten\" \/>\n<meta name=\"robots\" content=\"index, follow, max-snippet:-1, max-image-preview:large, max-video-preview:-1\" \/>\n<link rel=\"canonical\" href=\"https:\/\/www.swissraft.ch\/de\/produkt\/pfaffnau-rundflug-jura\/\" \/>\n<meta property=\"og:locale\" content=\"de_DE\" \/>\n<meta property=\"og:type\" content=\"article\" \/>\n<meta property=\"og:title\" content=\"Rundflug Jura ab Pfaffnau\" \/>\n<meta property=\"og:description\" content=\"Rundflug Jura ab Pfaffnau. Der Jura aus der Luft; eine andere Art, diese sch\u00f6ne Region zu entdecken. Ein Flug von 30 Minuten\" \/>\n<meta property=\"og:url\" content=\"https:\/\/www.swissraft.ch\/de\/produkt\/pfaffnau-rundflug-jura\/\" \/>\n<meta property=\"og:site_name\" content=\"Swissraft\" \/>\n<meta property=\"article:modified_time\" content=\"2026-04-19T22:09:39+00:00\" \/>\n<meta property=\"og:image\" content=\"https:\/\/www.swissraft.ch\/wp-content\/uploads\/2024\/07\/5-1-Weissenstein-776x776-1.jpg\" \/>\n\t<meta property=\"og:image:width\" content=\"776\" \/>\n\t<meta property=\"og:image:height\" content=\"776\" \/>\n\t<meta property=\"og:image:type\" content=\"image\/jpeg\" \/>\n<meta name=\"twitter:card\" content=\"summary_large_image\" \/>\n<meta name=\"twitter:label1\" content=\"Gesch\u00e4tzte Lesezeit\" \/>\n\t<meta name=\"twitter:data1\" content=\"1\u00a0Minute\" \/>\n<script type=\"application\/ld+json\" class=\"yoast-schema-graph\">{\"@context\":\"https:\/\/schema.org\",\"@graph\":[{\"@type\":\"WebPage\",\"@id\":\"https:\/\/www.swissraft.ch\/de\/produkt\/pfaffnau-rundflug-jura\/\",\"url\":\"https:\/\/www.swissraft.ch\/de\/produkt\/pfaffnau-rundflug-jura\/\",\"name\":\"Rundflug Jura ab Pfaffnau\",\"isPartOf\":{\"@id\":\"https:\/\/www.swissraft.ch\/de\/#website\"},\"primaryImageOfPage\":{\"@id\":\"https:\/\/www.swissraft.ch\/de\/produkt\/pfaffnau-rundflug-jura\/#primaryimage\"},\"image\":{\"@id\":\"https:\/\/www.swissraft.ch\/de\/produkt\/pfaffnau-rundflug-jura\/#primaryimage\"},\"thumbnailUrl\":\"https:\/\/www.swissraft.ch\/wp-content\/uploads\/2024\/07\/5-1-Weissenstein-776x776-1.jpg\",\"datePublished\":\"2024-07-16T15:31:26+00:00\",\"dateModified\":\"2026-04-19T22:09:39+00:00\",\"description\":\"Rundflug Jura ab Pfaffnau. Der Jura aus der Luft; eine andere Art, diese sch\u00f6ne Region zu entdecken. Ein Flug von 30 Minuten\",\"breadcrumb\":{\"@id\":\"https:\/\/www.swissraft.ch\/de\/produkt\/pfaffnau-rundflug-jura\/#breadcrumb\"},\"inLanguage\":\"de\",\"potentialAction\":[{\"@type\":\"ReadAction\",\"target\":[\"https:\/\/www.swissraft.ch\/de\/produkt\/pfaffnau-rundflug-jura\/\"]}]},{\"@type\":\"ImageObject\",\"inLanguage\":\"de\",\"@id\":\"https:\/\/www.swissraft.ch\/de\/produkt\/pfaffnau-rundflug-jura\/#primaryimage\",\"url\":\"https:\/\/www.swissraft.ch\/wp-content\/uploads\/2024\/07\/5-1-Weissenstein-776x776-1.jpg\",\"contentUrl\":\"https:\/\/www.swissraft.ch\/wp-content\/uploads\/2024\/07\/5-1-Weissenstein-776x776-1.jpg\",\"width\":776,\"height\":776,\"caption\":\"Hubschrauberflug \u00fcber den Jura von Pfaffnau aus\"},{\"@type\":\"BreadcrumbList\",\"@id\":\"https:\/\/www.swissraft.ch\/de\/produkt\/pfaffnau-rundflug-jura\/#breadcrumb\",\"itemListElement\":[{\"@type\":\"ListItem\",\"position\":1,\"name\":\"Accueil\",\"item\":\"https:\/\/www.swissraft.ch\/de\/\"},{\"@type\":\"ListItem\",\"position\":2,\"name\":\"Shop\",\"item\":\"https:\/\/www.swissraft.ch\/de\/shop\/\"},{\"@type\":\"ListItem\",\"position\":3,\"name\":\"Helikopterflug &#8211; Pfaffnau &#8211; Flug \u00fcber die Jura &#8211; 30 Min. &#8211; Ab CHF 265.00\"}]},{\"@type\":\"WebSite\",\"@id\":\"https:\/\/www.swissraft.ch\/de\/#website\",\"url\":\"https:\/\/www.swissraft.ch\/de\/\",\"name\":\"Swissraft\",\"description\":\"To enjoy nature as it is\",\"publisher\":{\"@id\":\"https:\/\/www.swissraft.ch\/de\/#organization\"},\"potentialAction\":[{\"@type\":\"SearchAction\",\"target\":{\"@type\":\"EntryPoint\",\"urlTemplate\":\"https:\/\/www.swissraft.ch\/de\/?s={search_term_string}\"},\"query-input\":{\"@type\":\"PropertyValueSpecification\",\"valueRequired\":true,\"valueName\":\"search_term_string\"}}],\"inLanguage\":\"de\"},{\"@type\":\"Organization\",\"@id\":\"https:\/\/www.swissraft.ch\/de\/#organization\",\"name\":\"Swissraft\",\"url\":\"https:\/\/www.swissraft.ch\/de\/\",\"logo\":{\"@type\":\"ImageObject\",\"inLanguage\":\"de\",\"@id\":\"https:\/\/www.swissraft.ch\/de\/#\/schema\/logo\/image\/\",\"url\":\"https:\/\/www.swissraft.ch\/wp-content\/uploads\/2025\/09\/Capture.jpg\",\"contentUrl\":\"https:\/\/www.swissraft.ch\/wp-content\/uploads\/2025\/09\/Capture.jpg\",\"width\":293,\"height\":108,\"caption\":\"Swissraft\"},\"image\":{\"@id\":\"https:\/\/www.swissraft.ch\/de\/#\/schema\/logo\/image\/\"}}]}<\/script>\n<!-- \/ Yoast SEO plugin. -->","yoast_head_json":{"title":"Rundflug Jura ab Pfaffnau","description":"Rundflug Jura ab Pfaffnau. Der Jura aus der Luft; eine andere Art, diese sch\u00f6ne Region zu entdecken. Ein Flug von 30 Minuten","robots":{"index":"index","follow":"follow","max-snippet":"max-snippet:-1","max-image-preview":"max-image-preview:large","max-video-preview":"max-video-preview:-1"},"canonical":"https:\/\/www.swissraft.ch\/de\/produkt\/pfaffnau-rundflug-jura\/","og_locale":"de_DE","og_type":"article","og_title":"Rundflug Jura ab Pfaffnau","og_description":"Rundflug Jura ab Pfaffnau. Der Jura aus der Luft; eine andere Art, diese sch\u00f6ne Region zu entdecken. Ein Flug von 30 Minuten","og_url":"https:\/\/www.swissraft.ch\/de\/produkt\/pfaffnau-rundflug-jura\/","og_site_name":"Swissraft","article_modified_time":"2026-04-19T22:09:39+00:00","og_image":[{"width":776,"height":776,"url":"https:\/\/www.swissraft.ch\/wp-content\/uploads\/2024\/07\/5-1-Weissenstein-776x776-1.jpg","type":"image\/jpeg"}],"twitter_card":"summary_large_image","twitter_misc":{"Gesch\u00e4tzte Lesezeit":"1\u00a0Minute"},"schema":{"@context":"https:\/\/schema.org","@graph":[{"@type":"WebPage","@id":"https:\/\/www.swissraft.ch\/de\/produkt\/pfaffnau-rundflug-jura\/","url":"https:\/\/www.swissraft.ch\/de\/produkt\/pfaffnau-rundflug-jura\/","name":"Rundflug Jura ab Pfaffnau","isPartOf":{"@id":"https:\/\/www.swissraft.ch\/de\/#website"},"primaryImageOfPage":{"@id":"https:\/\/www.swissraft.ch\/de\/produkt\/pfaffnau-rundflug-jura\/#primaryimage"},"image":{"@id":"https:\/\/www.swissraft.ch\/de\/produkt\/pfaffnau-rundflug-jura\/#primaryimage"},"thumbnailUrl":"https:\/\/www.swissraft.ch\/wp-content\/uploads\/2024\/07\/5-1-Weissenstein-776x776-1.jpg","datePublished":"2024-07-16T15:31:26+00:00","dateModified":"2026-04-19T22:09:39+00:00","description":"Rundflug Jura ab Pfaffnau. Der Jura aus der Luft; eine andere Art, diese sch\u00f6ne Region zu entdecken. Ein Flug von 30 Minuten","breadcrumb":{"@id":"https:\/\/www.swissraft.ch\/de\/produkt\/pfaffnau-rundflug-jura\/#breadcrumb"},"inLanguage":"de","potentialAction":[{"@type":"ReadAction","target":["https:\/\/www.swissraft.ch\/de\/produkt\/pfaffnau-rundflug-jura\/"]}]},{"@type":"ImageObject","inLanguage":"de","@id":"https:\/\/www.swissraft.ch\/de\/produkt\/pfaffnau-rundflug-jura\/#primaryimage","url":"https:\/\/www.swissraft.ch\/wp-content\/uploads\/2024\/07\/5-1-Weissenstein-776x776-1.jpg","contentUrl":"https:\/\/www.swissraft.ch\/wp-content\/uploads\/2024\/07\/5-1-Weissenstein-776x776-1.jpg","width":776,"height":776,"caption":"Hubschrauberflug \u00fcber den Jura von Pfaffnau aus"},{"@type":"BreadcrumbList","@id":"https:\/\/www.swissraft.ch\/de\/produkt\/pfaffnau-rundflug-jura\/#breadcrumb","itemListElement":[{"@type":"ListItem","position":1,"name":"Accueil","item":"https:\/\/www.swissraft.ch\/de\/"},{"@type":"ListItem","position":2,"name":"Shop","item":"https:\/\/www.swissraft.ch\/de\/shop\/"},{"@type":"ListItem","position":3,"name":"Helikopterflug &#8211; Pfaffnau &#8211; Flug \u00fcber die Jura &#8211; 30 Min. &#8211; Ab CHF 265.00"}]},{"@type":"WebSite","@id":"https:\/\/www.swissraft.ch\/de\/#website","url":"https:\/\/www.swissraft.ch\/de\/","name":"Swissraft","description":"To enjoy nature as it is","publisher":{"@id":"https:\/\/www.swissraft.ch\/de\/#organization"},"potentialAction":[{"@type":"SearchAction","target":{"@type":"EntryPoint","urlTemplate":"https:\/\/www.swissraft.ch\/de\/?s={search_term_string}"},"query-input":{"@type":"PropertyValueSpecification","valueRequired":true,"valueName":"search_term_string"}}],"inLanguage":"de"},{"@type":"Organization","@id":"https:\/\/www.swissraft.ch\/de\/#organization","name":"Swissraft","url":"https:\/\/www.swissraft.ch\/de\/","logo":{"@type":"ImageObject","inLanguage":"de","@id":"https:\/\/www.swissraft.ch\/de\/#\/schema\/logo\/image\/","url":"https:\/\/www.swissraft.ch\/wp-content\/uploads\/2025\/09\/Capture.jpg","contentUrl":"https:\/\/www.swissraft.ch\/wp-content\/uploads\/2025\/09\/Capture.jpg","width":293,"height":108,"caption":"Swissraft"},"image":{"@id":"https:\/\/www.swissraft.ch\/de\/#\/schema\/logo\/image\/"}}]}},"_links":{"self":[{"href":"https:\/\/www.swissraft.ch\/de\/wp-json\/wp\/v2\/product\/91197","targetHints":{"allow":["GET"]}}],"collection":[{"href":"https:\/\/www.swissraft.ch\/de\/wp-json\/wp\/v2\/product"}],"about":[{"href":"https:\/\/www.swissraft.ch\/de\/wp-json\/wp\/v2\/types\/product"}],"replies":[{"embeddable":true,"href":"https:\/\/www.swissraft.ch\/de\/wp-json\/wp\/v2\/comments?post=91197"}],"version-history":[{"count":19,"href":"https:\/\/www.swissraft.ch\/de\/wp-json\/wp\/v2\/product\/91197\/revisions"}],"predecessor-version":[{"id":141234,"href":"https:\/\/www.swissraft.ch\/de\/wp-json\/wp\/v2\/product\/91197\/revisions\/141234"}],"wp:featuredmedia":[{"embeddable":true,"href":"https:\/\/www.swissraft.ch\/de\/wp-json\/wp\/v2\/media\/90601"}],"wp:attachment":[{"href":"https:\/\/www.swissraft.ch\/de\/wp-json\/wp\/v2\/media?parent=91197"}],"wp:term":[{"taxonomy":"product_cat","embeddable":true,"href":"https:\/\/www.swissraft.ch\/de\/wp-json\/wp\/v2\/product_cat?post=91197"},{"taxonomy":"product_tag","embeddable":true,"href":"https:\/\/www.swissraft.ch\/de\/wp-json\/wp\/v2\/product_tag?post=91197"}],"curies":[{"name":"wp","href":"https:\/\/api.w.org\/{rel}","templated":true}]}}