{"id":91162,"date":"2023-02-18T21:45:28","date_gmt":"2023-02-18T20:45:28","guid":{"rendered":"https:\/\/swissraft.xyanzkdne.eu\/product\/rafting-in-pays-denhaut-la-sarine-saanen-les-moulins-ab-chf-82-00\/"},"modified":"2026-04-06T23:43:32","modified_gmt":"2026-04-06T21:43:32","slug":"rafting-river-rafting-saane-pays-d-enhaut-saanen-les-moulins","status":"publish","type":"product","link":"https:\/\/www.swissraft.ch\/de\/produkt\/rafting-river-rafting-saane-pays-d-enhaut-saanen-les-moulins\/","title":{"rendered":"Rafting oder River Rafting in Pays d&#8217;Enhaut &#8211; Die Saane &#8211; Saanen-Les Moulins &#8211; Ab CHF 100.00"},"content":{"rendered":"\t\t<div data-elementor-type=\"wp-post\" data-elementor-id=\"91162\" class=\"elementor elementor-91162 elementor-31007\">\n\t\t\t\t\t\t\t\t\t<section class=\"elementor-section elementor-top-section elementor-element elementor-element-3303a7e3 elementor-section-boxed elementor-section-height-default elementor-section-height-default\" data-id=\"3303a7e3\" data-element_type=\"section\">\n\t\t\t\t\t\t<div class=\"elementor-container elementor-column-gap-default\">\n\t\t\t\t\t<div class=\"elementor-column elementor-col-100 elementor-top-column elementor-element elementor-element-16d72dbf\" data-id=\"16d72dbf\" data-element_type=\"column\">\n\t\t\t<div class=\"elementor-widget-wrap elementor-element-populated\">\n\t\t\t\t\t\t\t\t<div class=\"elementor-element elementor-element-d743c03 elementor-widget elementor-widget-text-editor\" data-id=\"d743c03\" data-element_type=\"widget\" data-widget_type=\"text-editor.default\">\n\t\t\t\t<div class=\"elementor-widget-container\">\n\t\t\t\t\t\t\t<h2>W\u00c4HLEN SIE UNTEN IHRE AKTIVIT\u00c4T AUS, UM GESCHENKGUTSCHEINE \/ TICKETS ZU VERSCHENKEN ODER ZU BUCHEN<\/h2><table border=\"0\" width=\"580\" cellspacing=\"10\" cellpadding=\"10\"><tbody><tr><td width=\"50%\"><strong>RAFTING &#8211; RIVER RAFTING &#8211; SAANE + Imbiss<\/strong><\/td><td><strong>CHF 125.00 pro Person<span class=\"productPrice\"><br \/><\/span><\/strong><\/td><\/tr><tr><td>Zus\u00e4tzliche Informationen<\/td><td>&#8211; <span class=\"plbl\"> Jungendpreis<\/span> : <span class=\"patt\"><strong>CHF 105.00<\/strong>\/pers. bis 15 j\u00e4hrig<br \/>&#8211; <span class=\"plbl\"> Ab<\/span> 11 Pers. 10% : <strong>CHF 112.50<\/strong>\/pers.<\/span><span class=\"patt\"><br \/><\/span><span class=\"patt\">&#8211; Ab 21 Pers. 20% : <strong>CHF 100.00<\/strong>\/pers.<br \/><\/span><span class=\"plbl\">&#8211; <span class=\"patt\"> Mindestalter : 10 j\u00e4hrig<br \/><\/span>&#8211; Keine zus\u00e4tzlichen Rabatte auf Jugend- und Schultarife<br \/><span class=\"patt\">&#8211; Schulpreis : <span class=\"patt\" style=\"font-family: inherit; font-size: inherit;\">Klicken Sie hier<\/span><\/span><\/span><\/td><\/tr><tr><td>Strecke<\/td><td><strong>Saanen-Ch\u00e2teau d&#8217;Oex<\/strong><\/td><\/tr><tr><td>Startzeiten<\/td><td>10:00 Uhr \/ 14:00 Uhr<\/td><\/tr><tr><td>Rafting<\/td><td>ca. 1:30 Std.<\/td><\/tr><tr><td>Gesamtdauer<\/td><td>ca. 3 Std.<\/td><\/tr><tr><td>Treffpunkt<\/td><td><span style=\"color: #ff6600;\"><a href=\"https:\/\/www.google.com\/maps\/place\/46%C2%B028'03.8%22N+7%C2%B007'32.8%22E\/@46.4677963,7.1234029,472m\/data=!3m1!1e3!4m4!3m3!8m2!3d46.467715!4d7.125784?entry=ttu&amp;g_ep=EgoyMDI1MDIwNS4wIKXMDSoASAFQAw%3D%3D\" target=\"_blank\" rel=\"noopener\">Campingplatz du berceau<\/a><\/span><\/td><\/tr><tr><td>Schwierigkeitsgrad<\/td><td>2-3+<\/td><\/tr><tr><td><a href=\"https:\/\/swissraft.outdoorbooking.ch\/fo\/products\/2154?base_id=1&amp;category_id=4&amp;order_type=gift_voucher&amp;lang=de\" target=\"_blank\" rel=\"noopener\"><button class=\"elementor-button\" type=\"button\">GUTSCHEIN \/ TICKET KAUFEN<\/button><\/a><\/td><td style=\"text-align: left;\"><strong><a href=\"https:\/\/swissraft.outdoorbooking.ch\/fo\/products\/2154?base_id=1&amp;category_id=5&amp;order_type=event&amp;lang=de\" target=\"_blank\" rel=\"noopener\"><span style=\"color: #ff6600;\">RESERVIEREN SIE EIN DATUM<\/span><\/a><\/strong><\/td><\/tr><\/tbody><\/table>\t\t\t\t\t\t<\/div>\n\t\t\t\t<\/div>\n\t\t\t\t<div class=\"elementor-element elementor-element-6507c3a elementor-widget elementor-widget-text-editor\" data-id=\"6507c3a\" data-element_type=\"widget\" data-widget_type=\"text-editor.default\">\n\t\t\t\t<div class=\"elementor-widget-container\">\n\t\t\t\t\t\t\t<h2>W\u00c4HLEN SIE UNTEN IHRE AKTIVIT\u00c4T AUS, UM GESCHENKGUTSCHEINE \/ TICKETS ZU VERSCHENKEN ODER ZU BUCHEN.<\/h2>\n\t\t\t\t\t\t<\/div>\n\t\t\t\t<\/div>\n\t\t\t\t\t<\/div>\n\t\t<\/div>\n\t\t\t\t\t\t\t<\/div>\n\t\t<\/section>\n\t\t\t\t\t\t\t<\/div>\n\t\t","protected":false},"excerpt":{"rendered":"<div align=\"justify\">\n<h2 align=\"justify\">River Rafting auf der Saane im Pays d&#8217;Enhaut im Berner Oberland und im Kanton Waadt in Ch\u00e2teau d&#8217;Oex<\/h2>\n<h3>Die Saane ist ein sch\u00f6ner Fluss mit den beiden herrlichen Schluchten von Vanel und G\u00e9rignoz.<\/h3>\n<\/div>\n<div align=\"justify\">\n<p><strong>Rafting<\/strong> auf der Saane zwischen dem Berner Oberland und dem Kanton Waadt. Von Saanen im Berner Oberland bis Ch\u00e2teau d&#8217;Oex im Pays d&#8217;Enhaut ist die Saane ein Fluss mit zwei herrlichen Schluchten, der Vanel- und der G\u00e9rignozschlucht. Diese Fahrt ist sowohl f\u00fcr Anf\u00e4nger als auch f\u00fcr Fans der Disziplin <strong>Rafting<\/strong> oder Riverrafting geeignet.<\/p>\n<h4>Swissraft bietet Ihnen weitere Optionen f\u00fcr Rafting-Touren in der Schweiz und den franz\u00f6sischen Alpen.<\/h4>\n<p id=\"textarea\" style=\"display: none;\">Wir machen auch <strong>Rafting<\/strong> auf der L\u00fctschine bei Interlaken im Berner Oberland und auf der Simme. Auch Riverrafting auf der Rhone im Wallis und Rafting auf der Visp. Aber auch auf der Dranse de Bagnes bei Sembrancher, ebenfalls im Wallis. Parallel dazu bietet swissraft <strong>Riverrafting<\/strong> auf dem Doron de Bozel und Rafting auf der Is\u00e8re in Savoyen an. Aber auch Rafting auf der Dranse in Hochsavoyen bei Thonon-les-Bains in der N\u00e4he von Genf. Schlie\u00dflich <strong>Rafting<\/strong> auf dem Rhein in Graub\u00fcnden und auf dem Inn im Unterengadin von Scuol aus.\n<\/p>\n<p><a id=\"seeMore\" onclick=\"toggleSeeMore()\" href=\"javascript:void(0);\">Lesen Sie mehr<\/a><\/p>\n","protected":false},"featured_media":84613,"comment_status":"open","ping_status":"closed","template":"","meta":{"inline_featured_image":false,"_mi_skip_tracking":false},"product_cat":[252,251],"product_tag":[],"class_list":["post-91162","product","type-product","status-publish","has-post-thumbnail","hentry","product_cat-rafting-river-rafting-saane-pays-d-enhaut","product_cat-rafting-river-rafting-in-der-schweiz"],"yoast_head":"<!-- This site is optimized with the Yoast SEO plugin v23.6 - https:\/\/yoast.com\/wordpress\/plugins\/seo\/ -->\n<title>Rafting auf der Saane im Pays d&#039;Enhaut zwischen Saanen und Les Moulins<\/title>\n<meta name=\"description\" content=\"Rafting auf der Saane im Pays d&#039;Enhaut. Von Saanen bis Les Moulins in Ch\u00e2teau d&#039;Oex, mit einem Actionreichen und emotionalen Riverrafting-Men\u00fc f\u00fcr Ihr Vergn\u00fcgen.\" \/>\n<meta name=\"robots\" content=\"index, follow, max-snippet:-1, max-image-preview:large, max-video-preview:-1\" \/>\n<link rel=\"canonical\" href=\"https:\/\/www.swissraft.ch\/de\/produkt\/rafting-river-rafting-saane-pays-d-enhaut-saanen-les-moulins\/\" \/>\n<meta property=\"og:locale\" content=\"de_DE\" \/>\n<meta property=\"og:type\" content=\"article\" \/>\n<meta property=\"og:title\" content=\"Rafting auf der Saane im Pays d&#039;Enhaut zwischen Saanen und Les Moulins\" \/>\n<meta property=\"og:description\" content=\"Rafting auf der Saane im Pays d&#039;Enhaut. Von Saanen bis Les Moulins in Ch\u00e2teau d&#039;Oex, mit einem Actionreichen und emotionalen Riverrafting-Men\u00fc f\u00fcr Ihr Vergn\u00fcgen.\" \/>\n<meta property=\"og:url\" content=\"https:\/\/www.swissraft.ch\/de\/produkt\/rafting-river-rafting-saane-pays-d-enhaut-saanen-les-moulins\/\" \/>\n<meta property=\"og:site_name\" content=\"Swissraft\" \/>\n<meta property=\"article:modified_time\" content=\"2026-04-06T21:43:32+00:00\" \/>\n<meta property=\"og:image\" content=\"https:\/\/www.swissraft.ch\/wp-content\/uploads\/2023\/02\/1-Saane-776x776-1.jpg\" \/>\n\t<meta property=\"og:image:width\" content=\"776\" \/>\n\t<meta property=\"og:image:height\" content=\"776\" \/>\n\t<meta property=\"og:image:type\" content=\"image\/jpeg\" \/>\n<meta name=\"twitter:card\" content=\"summary_large_image\" \/>\n<meta name=\"twitter:label1\" content=\"Gesch\u00e4tzte Lesezeit\" \/>\n\t<meta name=\"twitter:data1\" content=\"1\u00a0Minute\" \/>\n<script type=\"application\/ld+json\" class=\"yoast-schema-graph\">{\"@context\":\"https:\/\/schema.org\",\"@graph\":[{\"@type\":\"WebPage\",\"@id\":\"https:\/\/www.swissraft.ch\/de\/produkt\/rafting-river-rafting-saane-pays-d-enhaut-saanen-les-moulins\/\",\"url\":\"https:\/\/www.swissraft.ch\/de\/produkt\/rafting-river-rafting-saane-pays-d-enhaut-saanen-les-moulins\/\",\"name\":\"Rafting auf der Saane im Pays d'Enhaut zwischen Saanen und Les Moulins\",\"isPartOf\":{\"@id\":\"https:\/\/www.swissraft.ch\/de\/#website\"},\"primaryImageOfPage\":{\"@id\":\"https:\/\/www.swissraft.ch\/de\/produkt\/rafting-river-rafting-saane-pays-d-enhaut-saanen-les-moulins\/#primaryimage\"},\"image\":{\"@id\":\"https:\/\/www.swissraft.ch\/de\/produkt\/rafting-river-rafting-saane-pays-d-enhaut-saanen-les-moulins\/#primaryimage\"},\"thumbnailUrl\":\"https:\/\/www.swissraft.ch\/wp-content\/uploads\/2023\/02\/1-Saane-776x776-1.jpg\",\"datePublished\":\"2023-02-18T20:45:28+00:00\",\"dateModified\":\"2026-04-06T21:43:32+00:00\",\"description\":\"Rafting auf der Saane im Pays d'Enhaut. Von Saanen bis Les Moulins in Ch\u00e2teau d'Oex, mit einem Actionreichen und emotionalen Riverrafting-Men\u00fc f\u00fcr Ihr Vergn\u00fcgen.\",\"breadcrumb\":{\"@id\":\"https:\/\/www.swissraft.ch\/de\/produkt\/rafting-river-rafting-saane-pays-d-enhaut-saanen-les-moulins\/#breadcrumb\"},\"inLanguage\":\"de\",\"potentialAction\":[{\"@type\":\"ReadAction\",\"target\":[\"https:\/\/www.swissraft.ch\/de\/produkt\/rafting-river-rafting-saane-pays-d-enhaut-saanen-les-moulins\/\"]}]},{\"@type\":\"ImageObject\",\"inLanguage\":\"de\",\"@id\":\"https:\/\/www.swissraft.ch\/de\/produkt\/rafting-river-rafting-saane-pays-d-enhaut-saanen-les-moulins\/#primaryimage\",\"url\":\"https:\/\/www.swissraft.ch\/wp-content\/uploads\/2023\/02\/1-Saane-776x776-1.jpg\",\"contentUrl\":\"https:\/\/www.swissraft.ch\/wp-content\/uploads\/2023\/02\/1-Saane-776x776-1.jpg\",\"width\":776,\"height\":776,\"caption\":\"Riverrafting auf der Saane zwischen Saanen und Les Moulins\"},{\"@type\":\"BreadcrumbList\",\"@id\":\"https:\/\/www.swissraft.ch\/de\/produkt\/rafting-river-rafting-saane-pays-d-enhaut-saanen-les-moulins\/#breadcrumb\",\"itemListElement\":[{\"@type\":\"ListItem\",\"position\":1,\"name\":\"Accueil\",\"item\":\"https:\/\/www.swissraft.ch\/de\/\"},{\"@type\":\"ListItem\",\"position\":2,\"name\":\"Shop\",\"item\":\"https:\/\/www.swissraft.ch\/de\/shop\/\"},{\"@type\":\"ListItem\",\"position\":3,\"name\":\"Rafting oder River Rafting in Pays d&rsquo;Enhaut &#8211; Die Saane &#8211; Saanen-Les Moulins &#8211; Ab CHF 100.00\"}]},{\"@type\":\"WebSite\",\"@id\":\"https:\/\/www.swissraft.ch\/de\/#website\",\"url\":\"https:\/\/www.swissraft.ch\/de\/\",\"name\":\"Swissraft\",\"description\":\"To enjoy nature as it is\",\"publisher\":{\"@id\":\"https:\/\/www.swissraft.ch\/de\/#organization\"},\"potentialAction\":[{\"@type\":\"SearchAction\",\"target\":{\"@type\":\"EntryPoint\",\"urlTemplate\":\"https:\/\/www.swissraft.ch\/de\/?s={search_term_string}\"},\"query-input\":{\"@type\":\"PropertyValueSpecification\",\"valueRequired\":true,\"valueName\":\"search_term_string\"}}],\"inLanguage\":\"de\"},{\"@type\":\"Organization\",\"@id\":\"https:\/\/www.swissraft.ch\/de\/#organization\",\"name\":\"Swissraft\",\"url\":\"https:\/\/www.swissraft.ch\/de\/\",\"logo\":{\"@type\":\"ImageObject\",\"inLanguage\":\"de\",\"@id\":\"https:\/\/www.swissraft.ch\/de\/#\/schema\/logo\/image\/\",\"url\":\"https:\/\/www.swissraft.ch\/wp-content\/uploads\/2025\/09\/Capture.jpg\",\"contentUrl\":\"https:\/\/www.swissraft.ch\/wp-content\/uploads\/2025\/09\/Capture.jpg\",\"width\":293,\"height\":108,\"caption\":\"Swissraft\"},\"image\":{\"@id\":\"https:\/\/www.swissraft.ch\/de\/#\/schema\/logo\/image\/\"}}]}<\/script>\n<!-- \/ Yoast SEO plugin. -->","yoast_head_json":{"title":"Rafting auf der Saane im Pays d'Enhaut zwischen Saanen und Les Moulins","description":"Rafting auf der Saane im Pays d'Enhaut. Von Saanen bis Les Moulins in Ch\u00e2teau d'Oex, mit einem Actionreichen und emotionalen Riverrafting-Men\u00fc f\u00fcr Ihr Vergn\u00fcgen.","robots":{"index":"index","follow":"follow","max-snippet":"max-snippet:-1","max-image-preview":"max-image-preview:large","max-video-preview":"max-video-preview:-1"},"canonical":"https:\/\/www.swissraft.ch\/de\/produkt\/rafting-river-rafting-saane-pays-d-enhaut-saanen-les-moulins\/","og_locale":"de_DE","og_type":"article","og_title":"Rafting auf der Saane im Pays d'Enhaut zwischen Saanen und Les Moulins","og_description":"Rafting auf der Saane im Pays d'Enhaut. Von Saanen bis Les Moulins in Ch\u00e2teau d'Oex, mit einem Actionreichen und emotionalen Riverrafting-Men\u00fc f\u00fcr Ihr Vergn\u00fcgen.","og_url":"https:\/\/www.swissraft.ch\/de\/produkt\/rafting-river-rafting-saane-pays-d-enhaut-saanen-les-moulins\/","og_site_name":"Swissraft","article_modified_time":"2026-04-06T21:43:32+00:00","og_image":[{"width":776,"height":776,"url":"https:\/\/www.swissraft.ch\/wp-content\/uploads\/2023\/02\/1-Saane-776x776-1.jpg","type":"image\/jpeg"}],"twitter_card":"summary_large_image","twitter_misc":{"Gesch\u00e4tzte Lesezeit":"1\u00a0Minute"},"schema":{"@context":"https:\/\/schema.org","@graph":[{"@type":"WebPage","@id":"https:\/\/www.swissraft.ch\/de\/produkt\/rafting-river-rafting-saane-pays-d-enhaut-saanen-les-moulins\/","url":"https:\/\/www.swissraft.ch\/de\/produkt\/rafting-river-rafting-saane-pays-d-enhaut-saanen-les-moulins\/","name":"Rafting auf der Saane im Pays d'Enhaut zwischen Saanen und Les Moulins","isPartOf":{"@id":"https:\/\/www.swissraft.ch\/de\/#website"},"primaryImageOfPage":{"@id":"https:\/\/www.swissraft.ch\/de\/produkt\/rafting-river-rafting-saane-pays-d-enhaut-saanen-les-moulins\/#primaryimage"},"image":{"@id":"https:\/\/www.swissraft.ch\/de\/produkt\/rafting-river-rafting-saane-pays-d-enhaut-saanen-les-moulins\/#primaryimage"},"thumbnailUrl":"https:\/\/www.swissraft.ch\/wp-content\/uploads\/2023\/02\/1-Saane-776x776-1.jpg","datePublished":"2023-02-18T20:45:28+00:00","dateModified":"2026-04-06T21:43:32+00:00","description":"Rafting auf der Saane im Pays d'Enhaut. Von Saanen bis Les Moulins in Ch\u00e2teau d'Oex, mit einem Actionreichen und emotionalen Riverrafting-Men\u00fc f\u00fcr Ihr Vergn\u00fcgen.","breadcrumb":{"@id":"https:\/\/www.swissraft.ch\/de\/produkt\/rafting-river-rafting-saane-pays-d-enhaut-saanen-les-moulins\/#breadcrumb"},"inLanguage":"de","potentialAction":[{"@type":"ReadAction","target":["https:\/\/www.swissraft.ch\/de\/produkt\/rafting-river-rafting-saane-pays-d-enhaut-saanen-les-moulins\/"]}]},{"@type":"ImageObject","inLanguage":"de","@id":"https:\/\/www.swissraft.ch\/de\/produkt\/rafting-river-rafting-saane-pays-d-enhaut-saanen-les-moulins\/#primaryimage","url":"https:\/\/www.swissraft.ch\/wp-content\/uploads\/2023\/02\/1-Saane-776x776-1.jpg","contentUrl":"https:\/\/www.swissraft.ch\/wp-content\/uploads\/2023\/02\/1-Saane-776x776-1.jpg","width":776,"height":776,"caption":"Riverrafting auf der Saane zwischen Saanen und Les Moulins"},{"@type":"BreadcrumbList","@id":"https:\/\/www.swissraft.ch\/de\/produkt\/rafting-river-rafting-saane-pays-d-enhaut-saanen-les-moulins\/#breadcrumb","itemListElement":[{"@type":"ListItem","position":1,"name":"Accueil","item":"https:\/\/www.swissraft.ch\/de\/"},{"@type":"ListItem","position":2,"name":"Shop","item":"https:\/\/www.swissraft.ch\/de\/shop\/"},{"@type":"ListItem","position":3,"name":"Rafting oder River Rafting in Pays d&rsquo;Enhaut &#8211; Die Saane &#8211; Saanen-Les Moulins &#8211; Ab CHF 100.00"}]},{"@type":"WebSite","@id":"https:\/\/www.swissraft.ch\/de\/#website","url":"https:\/\/www.swissraft.ch\/de\/","name":"Swissraft","description":"To enjoy nature as it is","publisher":{"@id":"https:\/\/www.swissraft.ch\/de\/#organization"},"potentialAction":[{"@type":"SearchAction","target":{"@type":"EntryPoint","urlTemplate":"https:\/\/www.swissraft.ch\/de\/?s={search_term_string}"},"query-input":{"@type":"PropertyValueSpecification","valueRequired":true,"valueName":"search_term_string"}}],"inLanguage":"de"},{"@type":"Organization","@id":"https:\/\/www.swissraft.ch\/de\/#organization","name":"Swissraft","url":"https:\/\/www.swissraft.ch\/de\/","logo":{"@type":"ImageObject","inLanguage":"de","@id":"https:\/\/www.swissraft.ch\/de\/#\/schema\/logo\/image\/","url":"https:\/\/www.swissraft.ch\/wp-content\/uploads\/2025\/09\/Capture.jpg","contentUrl":"https:\/\/www.swissraft.ch\/wp-content\/uploads\/2025\/09\/Capture.jpg","width":293,"height":108,"caption":"Swissraft"},"image":{"@id":"https:\/\/www.swissraft.ch\/de\/#\/schema\/logo\/image\/"}}]}},"_links":{"self":[{"href":"https:\/\/www.swissraft.ch\/de\/wp-json\/wp\/v2\/product\/91162","targetHints":{"allow":["GET"]}}],"collection":[{"href":"https:\/\/www.swissraft.ch\/de\/wp-json\/wp\/v2\/product"}],"about":[{"href":"https:\/\/www.swissraft.ch\/de\/wp-json\/wp\/v2\/types\/product"}],"replies":[{"embeddable":true,"href":"https:\/\/www.swissraft.ch\/de\/wp-json\/wp\/v2\/comments?post=91162"}],"version-history":[{"count":84,"href":"https:\/\/www.swissraft.ch\/de\/wp-json\/wp\/v2\/product\/91162\/revisions"}],"predecessor-version":[{"id":137959,"href":"https:\/\/www.swissraft.ch\/de\/wp-json\/wp\/v2\/product\/91162\/revisions\/137959"}],"wp:featuredmedia":[{"embeddable":true,"href":"https:\/\/www.swissraft.ch\/de\/wp-json\/wp\/v2\/media\/84613"}],"wp:attachment":[{"href":"https:\/\/www.swissraft.ch\/de\/wp-json\/wp\/v2\/media?parent=91162"}],"wp:term":[{"taxonomy":"product_cat","embeddable":true,"href":"https:\/\/www.swissraft.ch\/de\/wp-json\/wp\/v2\/product_cat?post=91162"},{"taxonomy":"product_tag","embeddable":true,"href":"https:\/\/www.swissraft.ch\/de\/wp-json\/wp\/v2\/product_tag?post=91162"}],"curies":[{"name":"wp","href":"https:\/\/api.w.org\/{rel}","templated":true}]}}