{"id":139640,"date":"2026-04-12T05:28:06","date_gmt":"2026-04-12T03:28:06","guid":{"rendered":"https:\/\/www.swissraft.ch\/?post_type=product&#038;p=139640"},"modified":"2026-04-12T06:00:39","modified_gmt":"2026-04-12T04:00:39","slug":"schulreise-kanu-funyak-reuss-bremgarten-mellingen","status":"publish","type":"product","link":"https:\/\/www.swissraft.ch\/de\/produkt\/schulreise-kanu-funyak-reuss-bremgarten-mellingen\/","title":{"rendered":"Schulreise &#8211; Kanu oder Funyak &#8211; Reuss &#8211; Bremgarten-Mellingen &#8211; Ab CHF 79.00"},"content":{"rendered":"\t\t<div data-elementor-type=\"wp-post\" data-elementor-id=\"139640\" class=\"elementor elementor-139640\">\n\t\t\t\t\t\t\t\t\t<section class=\"elementor-section elementor-top-section elementor-element elementor-element-3303a7e3 elementor-section-boxed elementor-section-height-default elementor-section-height-default\" data-id=\"3303a7e3\" data-element_type=\"section\">\n\t\t\t\t\t\t<div class=\"elementor-container elementor-column-gap-default\">\n\t\t\t\t\t<div class=\"elementor-column elementor-col-100 elementor-top-column elementor-element elementor-element-16d72dbf\" data-id=\"16d72dbf\" data-element_type=\"column\">\n\t\t\t<div class=\"elementor-widget-wrap elementor-element-populated\">\n\t\t\t\t\t\t\t\t<div class=\"elementor-element elementor-element-d743c03 elementor-widget elementor-widget-text-editor\" data-id=\"d743c03\" data-element_type=\"widget\" data-widget_type=\"text-editor.default\">\n\t\t\t\t<div class=\"elementor-widget-container\">\n\t\t\t\t\t\t\t<h2>W\u00c4HLEN SIE UNTEN IHRE AKTIVIT\u00c4T AUS, UM GESCHENKGUTSCHEINE \/ TICKETS ZU VERSCHENKEN ODER ZU BUCHEN<\/h2><p>\u00a0<\/p><table border=\"0\" width=\"580\" cellspacing=\"10\" cellpadding=\"10\"><tbody><tr><td width=\"50%\"><strong>KANU oder FUNYAK &#8211; REUSS + Getr\u00e4nk<\/strong><\/td><td><strong><span class=\"productPrice\">CHF 94.00 pro Person<\/span><\/strong><\/td><\/tr><tr><td>Zus\u00e4tzliche Informationen<\/td><td><span class=\"patt\">&#8211; Schulpreis : bis 17 j\u00e4hrig<br \/>&#8211; Mindestalter : 12 j\u00e4hrig<br \/>&#8211; Min. Teilnehmer : 15 Pers.<\/span><\/td><\/tr><tr><td>Strecke<\/td><td><strong>Bremgarten-Mellingen<\/strong><\/td><\/tr><tr><td>Startzeit<\/td><td>10:00 Uhr<\/td><\/tr><tr><td>Kanu oder Funyak<\/td><td>ca. 2 Std.<\/td><\/tr><tr><td>Gesamtdauer<\/td><td>ca. 3,5 Std.<\/td><\/tr><tr><td>Treffpunkt<\/td><td><span style=\"color: #ff6600;\"><a href=\"https:\/\/www.google.com\/maps\/place\/47%C2%B020'58.8%22N+8%C2%B020'24.2%22E\/@47.3499284,8.3355817,765m\/data=!3m1!1e3!4m4!3m3!8m2!3d47.3496667!4d8.3400556?entry=ttu\" target=\"_blank\" rel=\"noopener\">Bremgarten<\/a><\/span><\/td><\/tr><tr><td>Schwierigkeitsgrad<\/td><td>1<\/td><\/tr><tr><td>\u00a0<\/td><td>F\u00fcr Reservierung : <a href=\"https:\/\/www.swissraft.ch\/de\/kontakt\/\" target=\"_blank\" rel=\"noopener\">Kontaktieren Sie uns\u00a0<\/a><\/td><\/tr><\/tbody><\/table>\t\t\t\t\t\t<\/div>\n\t\t\t\t<\/div>\n\t\t\t\t\t<\/div>\n\t\t<\/div>\n\t\t\t\t\t\t\t<\/div>\n\t\t<\/section>\n\t\t\t\t\t\t\t<\/div>\n\t\t","protected":false},"excerpt":{"rendered":"<div align=\"justify\">\n<h2 align=\"justify\">Kanu oder Funyak Bremgarten-Mellingen auf der Reuss, ein unvergessliches Abenteuer.<\/h2>\n<h3>Bremgarten \u2013 Mellingen: eine Strecke, die sich unter anderem f\u00fcr Schulausfl\u00fcge eignet\u2026<\/h3>\n<\/div>\n<div align=\"justify\">\n<p>Kanu auf der Reuss f\u00fcr alle im Kanton Aargau. Au\u00dferdem eignet sich diese Route besonders f\u00fcr Firmen- und Vereinsausfl\u00fcge. Der Reuss eignet sich auch f\u00fcr Klassenausfl\u00fcge, Familienausfl\u00fcge oder Ausfl\u00fcge mit Freunden. Sie fahren auf der Reuss von Bremgarten nach Mellingen.<\/p>\n<h3>Auf der Reuss bieten wir bis zu zwei weitere Optionen an: Easy Rafting auf der Reuss<\/h3>\n<p id=\"textarea\" style=\"display: none;\">\nEinerseits das Funyak von Mellingen nach Gebenstorf sowie von Bremgarten nach Gebenstorf. Ebenfalls auf der Reuss bietet Swissraft 6 Strecken f\u00fcr Easy Rafting oder Fun Rafting an. Auch <strong>Easy Rafting<\/strong> auf der Saane, der Rh\u00f4ne und der L\u00fctschine in Interlaken im Berner Oberland. So bieten wir auch auf der Aare zwischen Thun und Bern eine angenehme Strecke f\u00fcr Easy Rafting an. Aber auch <strong>Easy Rafting<\/strong> auf dem Ticino im Tessin und auf dem Inn im Unterengadin zwischen Scuol und Pradella. Und dazu noch Fun-Rafting auf dem Rhein mit 2 Strecken: Schaffhausen &#8211; Rheinau und Schaffhausen &#8211; R\u00fcdlingen.\n<\/p>\n<p><a id=\"seeMore\" onclick=\"toggleSeeMore()\" href=\"javascript:void(0);\">Lesen Sie mehr<\/a><\/p>\n","protected":false},"featured_media":131395,"comment_status":"open","ping_status":"closed","template":"","meta":{"inline_featured_image":false,"_mi_skip_tracking":false},"product_cat":[275,338,276],"product_tag":[],"class_list":["post-139640","product","type-product","status-publish","has-post-thumbnail","hentry","product_cat-gruppen","product_cat-kanu-funyak-reuss","product_cat-schulreise-klassenausflug"],"yoast_head":"<!-- This site is optimized with the Yoast SEO plugin v23.6 - https:\/\/yoast.com\/wordpress\/plugins\/seo\/ -->\n<title>Schlureise Kanu Bremgarten-Mellingen auf der Reuss<\/title>\n<meta name=\"description\" content=\"Schlureise Kanu Bremgarten-Mellingen. Diese Strecke eignet sich besonders f\u00fcr Betriebsausfl\u00fcge, Schulausfl\u00fcge und Ausfl\u00fcge mit der Familie oder Freunden\" \/>\n<meta name=\"robots\" content=\"index, follow, max-snippet:-1, max-image-preview:large, max-video-preview:-1\" \/>\n<link rel=\"canonical\" href=\"https:\/\/www.swissraft.ch\/de\/produkt\/schulreise-kanu-funyak-reuss-bremgarten-mellingen\/\" \/>\n<meta property=\"og:locale\" content=\"de_DE\" \/>\n<meta property=\"og:type\" content=\"article\" \/>\n<meta property=\"og:title\" content=\"Schlureise Kanu Bremgarten-Mellingen auf der Reuss\" \/>\n<meta property=\"og:description\" content=\"Schlureise Kanu Bremgarten-Mellingen. Diese Strecke eignet sich besonders f\u00fcr Betriebsausfl\u00fcge, Schulausfl\u00fcge und Ausfl\u00fcge mit der Familie oder Freunden\" \/>\n<meta property=\"og:url\" content=\"https:\/\/www.swissraft.ch\/de\/produkt\/schulreise-kanu-funyak-reuss-bremgarten-mellingen\/\" \/>\n<meta property=\"og:site_name\" content=\"Swissraft\" \/>\n<meta property=\"article:modified_time\" content=\"2026-04-12T04:00:39+00:00\" \/>\n<meta property=\"og:image\" content=\"https:\/\/www.swissraft.ch\/wp-content\/uploads\/2026\/03\/Kanu-Reuss-776x776-1.jpg\" \/>\n\t<meta property=\"og:image:width\" content=\"776\" \/>\n\t<meta property=\"og:image:height\" content=\"776\" \/>\n\t<meta property=\"og:image:type\" content=\"image\/jpeg\" \/>\n<meta name=\"twitter:card\" content=\"summary_large_image\" \/>\n<meta name=\"twitter:label1\" content=\"Gesch\u00e4tzte Lesezeit\" \/>\n\t<meta name=\"twitter:data1\" content=\"1\u00a0Minute\" \/>\n<script type=\"application\/ld+json\" class=\"yoast-schema-graph\">{\"@context\":\"https:\/\/schema.org\",\"@graph\":[{\"@type\":\"WebPage\",\"@id\":\"https:\/\/www.swissraft.ch\/de\/produkt\/schulreise-kanu-funyak-reuss-bremgarten-mellingen\/\",\"url\":\"https:\/\/www.swissraft.ch\/de\/produkt\/schulreise-kanu-funyak-reuss-bremgarten-mellingen\/\",\"name\":\"Schlureise Kanu Bremgarten-Mellingen auf der Reuss\",\"isPartOf\":{\"@id\":\"https:\/\/www.swissraft.ch\/de\/#website\"},\"primaryImageOfPage\":{\"@id\":\"https:\/\/www.swissraft.ch\/de\/produkt\/schulreise-kanu-funyak-reuss-bremgarten-mellingen\/#primaryimage\"},\"image\":{\"@id\":\"https:\/\/www.swissraft.ch\/de\/produkt\/schulreise-kanu-funyak-reuss-bremgarten-mellingen\/#primaryimage\"},\"thumbnailUrl\":\"https:\/\/www.swissraft.ch\/wp-content\/uploads\/2026\/03\/Kanu-Reuss-776x776-1.jpg\",\"datePublished\":\"2026-04-12T03:28:06+00:00\",\"dateModified\":\"2026-04-12T04:00:39+00:00\",\"description\":\"Schlureise Kanu Bremgarten-Mellingen. Diese Strecke eignet sich besonders f\u00fcr Betriebsausfl\u00fcge, Schulausfl\u00fcge und Ausfl\u00fcge mit der Familie oder Freunden\",\"breadcrumb\":{\"@id\":\"https:\/\/www.swissraft.ch\/de\/produkt\/schulreise-kanu-funyak-reuss-bremgarten-mellingen\/#breadcrumb\"},\"inLanguage\":\"de\",\"potentialAction\":[{\"@type\":\"ReadAction\",\"target\":[\"https:\/\/www.swissraft.ch\/de\/produkt\/schulreise-kanu-funyak-reuss-bremgarten-mellingen\/\"]}]},{\"@type\":\"ImageObject\",\"inLanguage\":\"de\",\"@id\":\"https:\/\/www.swissraft.ch\/de\/produkt\/schulreise-kanu-funyak-reuss-bremgarten-mellingen\/#primaryimage\",\"url\":\"https:\/\/www.swissraft.ch\/wp-content\/uploads\/2026\/03\/Kanu-Reuss-776x776-1.jpg\",\"contentUrl\":\"https:\/\/www.swissraft.ch\/wp-content\/uploads\/2026\/03\/Kanu-Reuss-776x776-1.jpg\",\"width\":776,\"height\":776,\"caption\":\"Kanu Bremgarten-Mellingen auf der Reuss\"},{\"@type\":\"BreadcrumbList\",\"@id\":\"https:\/\/www.swissraft.ch\/de\/produkt\/schulreise-kanu-funyak-reuss-bremgarten-mellingen\/#breadcrumb\",\"itemListElement\":[{\"@type\":\"ListItem\",\"position\":1,\"name\":\"Accueil\",\"item\":\"https:\/\/www.swissraft.ch\/de\/\"},{\"@type\":\"ListItem\",\"position\":2,\"name\":\"Shop\",\"item\":\"https:\/\/www.swissraft.ch\/de\/shop\/\"},{\"@type\":\"ListItem\",\"position\":3,\"name\":\"Schulreise &#8211; Kanu oder Funyak &#8211; Reuss &#8211; Bremgarten-Mellingen &#8211; Ab CHF 79.00\"}]},{\"@type\":\"WebSite\",\"@id\":\"https:\/\/www.swissraft.ch\/de\/#website\",\"url\":\"https:\/\/www.swissraft.ch\/de\/\",\"name\":\"Swissraft\",\"description\":\"To enjoy nature as it is\",\"publisher\":{\"@id\":\"https:\/\/www.swissraft.ch\/de\/#organization\"},\"potentialAction\":[{\"@type\":\"SearchAction\",\"target\":{\"@type\":\"EntryPoint\",\"urlTemplate\":\"https:\/\/www.swissraft.ch\/de\/?s={search_term_string}\"},\"query-input\":{\"@type\":\"PropertyValueSpecification\",\"valueRequired\":true,\"valueName\":\"search_term_string\"}}],\"inLanguage\":\"de\"},{\"@type\":\"Organization\",\"@id\":\"https:\/\/www.swissraft.ch\/de\/#organization\",\"name\":\"Swissraft\",\"url\":\"https:\/\/www.swissraft.ch\/de\/\",\"logo\":{\"@type\":\"ImageObject\",\"inLanguage\":\"de\",\"@id\":\"https:\/\/www.swissraft.ch\/de\/#\/schema\/logo\/image\/\",\"url\":\"https:\/\/www.swissraft.ch\/wp-content\/uploads\/2025\/09\/Capture.jpg\",\"contentUrl\":\"https:\/\/www.swissraft.ch\/wp-content\/uploads\/2025\/09\/Capture.jpg\",\"width\":293,\"height\":108,\"caption\":\"Swissraft\"},\"image\":{\"@id\":\"https:\/\/www.swissraft.ch\/de\/#\/schema\/logo\/image\/\"}}]}<\/script>\n<!-- \/ Yoast SEO plugin. -->","yoast_head_json":{"title":"Schlureise Kanu Bremgarten-Mellingen auf der Reuss","description":"Schlureise Kanu Bremgarten-Mellingen. Diese Strecke eignet sich besonders f\u00fcr Betriebsausfl\u00fcge, Schulausfl\u00fcge und Ausfl\u00fcge mit der Familie oder Freunden","robots":{"index":"index","follow":"follow","max-snippet":"max-snippet:-1","max-image-preview":"max-image-preview:large","max-video-preview":"max-video-preview:-1"},"canonical":"https:\/\/www.swissraft.ch\/de\/produkt\/schulreise-kanu-funyak-reuss-bremgarten-mellingen\/","og_locale":"de_DE","og_type":"article","og_title":"Schlureise Kanu Bremgarten-Mellingen auf der Reuss","og_description":"Schlureise Kanu Bremgarten-Mellingen. Diese Strecke eignet sich besonders f\u00fcr Betriebsausfl\u00fcge, Schulausfl\u00fcge und Ausfl\u00fcge mit der Familie oder Freunden","og_url":"https:\/\/www.swissraft.ch\/de\/produkt\/schulreise-kanu-funyak-reuss-bremgarten-mellingen\/","og_site_name":"Swissraft","article_modified_time":"2026-04-12T04:00:39+00:00","og_image":[{"width":776,"height":776,"url":"https:\/\/www.swissraft.ch\/wp-content\/uploads\/2026\/03\/Kanu-Reuss-776x776-1.jpg","type":"image\/jpeg"}],"twitter_card":"summary_large_image","twitter_misc":{"Gesch\u00e4tzte Lesezeit":"1\u00a0Minute"},"schema":{"@context":"https:\/\/schema.org","@graph":[{"@type":"WebPage","@id":"https:\/\/www.swissraft.ch\/de\/produkt\/schulreise-kanu-funyak-reuss-bremgarten-mellingen\/","url":"https:\/\/www.swissraft.ch\/de\/produkt\/schulreise-kanu-funyak-reuss-bremgarten-mellingen\/","name":"Schlureise Kanu Bremgarten-Mellingen auf der Reuss","isPartOf":{"@id":"https:\/\/www.swissraft.ch\/de\/#website"},"primaryImageOfPage":{"@id":"https:\/\/www.swissraft.ch\/de\/produkt\/schulreise-kanu-funyak-reuss-bremgarten-mellingen\/#primaryimage"},"image":{"@id":"https:\/\/www.swissraft.ch\/de\/produkt\/schulreise-kanu-funyak-reuss-bremgarten-mellingen\/#primaryimage"},"thumbnailUrl":"https:\/\/www.swissraft.ch\/wp-content\/uploads\/2026\/03\/Kanu-Reuss-776x776-1.jpg","datePublished":"2026-04-12T03:28:06+00:00","dateModified":"2026-04-12T04:00:39+00:00","description":"Schlureise Kanu Bremgarten-Mellingen. Diese Strecke eignet sich besonders f\u00fcr Betriebsausfl\u00fcge, Schulausfl\u00fcge und Ausfl\u00fcge mit der Familie oder Freunden","breadcrumb":{"@id":"https:\/\/www.swissraft.ch\/de\/produkt\/schulreise-kanu-funyak-reuss-bremgarten-mellingen\/#breadcrumb"},"inLanguage":"de","potentialAction":[{"@type":"ReadAction","target":["https:\/\/www.swissraft.ch\/de\/produkt\/schulreise-kanu-funyak-reuss-bremgarten-mellingen\/"]}]},{"@type":"ImageObject","inLanguage":"de","@id":"https:\/\/www.swissraft.ch\/de\/produkt\/schulreise-kanu-funyak-reuss-bremgarten-mellingen\/#primaryimage","url":"https:\/\/www.swissraft.ch\/wp-content\/uploads\/2026\/03\/Kanu-Reuss-776x776-1.jpg","contentUrl":"https:\/\/www.swissraft.ch\/wp-content\/uploads\/2026\/03\/Kanu-Reuss-776x776-1.jpg","width":776,"height":776,"caption":"Kanu Bremgarten-Mellingen auf der Reuss"},{"@type":"BreadcrumbList","@id":"https:\/\/www.swissraft.ch\/de\/produkt\/schulreise-kanu-funyak-reuss-bremgarten-mellingen\/#breadcrumb","itemListElement":[{"@type":"ListItem","position":1,"name":"Accueil","item":"https:\/\/www.swissraft.ch\/de\/"},{"@type":"ListItem","position":2,"name":"Shop","item":"https:\/\/www.swissraft.ch\/de\/shop\/"},{"@type":"ListItem","position":3,"name":"Schulreise &#8211; Kanu oder Funyak &#8211; Reuss &#8211; Bremgarten-Mellingen &#8211; Ab CHF 79.00"}]},{"@type":"WebSite","@id":"https:\/\/www.swissraft.ch\/de\/#website","url":"https:\/\/www.swissraft.ch\/de\/","name":"Swissraft","description":"To enjoy nature as it is","publisher":{"@id":"https:\/\/www.swissraft.ch\/de\/#organization"},"potentialAction":[{"@type":"SearchAction","target":{"@type":"EntryPoint","urlTemplate":"https:\/\/www.swissraft.ch\/de\/?s={search_term_string}"},"query-input":{"@type":"PropertyValueSpecification","valueRequired":true,"valueName":"search_term_string"}}],"inLanguage":"de"},{"@type":"Organization","@id":"https:\/\/www.swissraft.ch\/de\/#organization","name":"Swissraft","url":"https:\/\/www.swissraft.ch\/de\/","logo":{"@type":"ImageObject","inLanguage":"de","@id":"https:\/\/www.swissraft.ch\/de\/#\/schema\/logo\/image\/","url":"https:\/\/www.swissraft.ch\/wp-content\/uploads\/2025\/09\/Capture.jpg","contentUrl":"https:\/\/www.swissraft.ch\/wp-content\/uploads\/2025\/09\/Capture.jpg","width":293,"height":108,"caption":"Swissraft"},"image":{"@id":"https:\/\/www.swissraft.ch\/de\/#\/schema\/logo\/image\/"}}]}},"_links":{"self":[{"href":"https:\/\/www.swissraft.ch\/de\/wp-json\/wp\/v2\/product\/139640","targetHints":{"allow":["GET"]}}],"collection":[{"href":"https:\/\/www.swissraft.ch\/de\/wp-json\/wp\/v2\/product"}],"about":[{"href":"https:\/\/www.swissraft.ch\/de\/wp-json\/wp\/v2\/types\/product"}],"replies":[{"embeddable":true,"href":"https:\/\/www.swissraft.ch\/de\/wp-json\/wp\/v2\/comments?post=139640"}],"version-history":[{"count":24,"href":"https:\/\/www.swissraft.ch\/de\/wp-json\/wp\/v2\/product\/139640\/revisions"}],"predecessor-version":[{"id":139668,"href":"https:\/\/www.swissraft.ch\/de\/wp-json\/wp\/v2\/product\/139640\/revisions\/139668"}],"wp:featuredmedia":[{"embeddable":true,"href":"https:\/\/www.swissraft.ch\/de\/wp-json\/wp\/v2\/media\/131395"}],"wp:attachment":[{"href":"https:\/\/www.swissraft.ch\/de\/wp-json\/wp\/v2\/media?parent=139640"}],"wp:term":[{"taxonomy":"product_cat","embeddable":true,"href":"https:\/\/www.swissraft.ch\/de\/wp-json\/wp\/v2\/product_cat?post=139640"},{"taxonomy":"product_tag","embeddable":true,"href":"https:\/\/www.swissraft.ch\/de\/wp-json\/wp\/v2\/product_tag?post=139640"}],"curies":[{"name":"wp","href":"https:\/\/api.w.org\/{rel}","templated":true}]}}