{"id":131344,"date":"2026-03-02T22:29:15","date_gmt":"2026-03-02T21:29:15","guid":{"rendered":"https:\/\/www.swissraft.ch\/?post_type=product&#038;p=131344"},"modified":"2026-03-04T04:57:35","modified_gmt":"2026-03-04T03:57:35","slug":"kanu-funyak-reuss-bremgarten-mellingen","status":"publish","type":"product","link":"https:\/\/www.swissraft.ch\/de\/produkt\/kanu-funyak-reuss-bremgarten-mellingen\/","title":{"rendered":"Kanu oder Funyak auf DER REUSS &#8211; BREMGARTEN-MELLINGEN &#8211; Ab CHF 79.00"},"content":{"rendered":"\t\t<div data-elementor-type=\"wp-post\" data-elementor-id=\"131344\" class=\"elementor elementor-131344 elementor-131343\">\n\t\t\t\t\t\t\t\t\t<section class=\"elementor-section elementor-top-section elementor-element elementor-element-3303a7e3 elementor-section-boxed elementor-section-height-default elementor-section-height-default\" data-id=\"3303a7e3\" data-element_type=\"section\">\n\t\t\t\t\t\t<div class=\"elementor-container elementor-column-gap-default\">\n\t\t\t\t\t<div class=\"elementor-column elementor-col-100 elementor-top-column elementor-element elementor-element-16d72dbf\" data-id=\"16d72dbf\" data-element_type=\"column\">\n\t\t\t<div class=\"elementor-widget-wrap elementor-element-populated\">\n\t\t\t\t\t\t\t\t<div class=\"elementor-element elementor-element-d743c03 elementor-widget elementor-widget-text-editor\" data-id=\"d743c03\" data-element_type=\"widget\" data-widget_type=\"text-editor.default\">\n\t\t\t\t<div class=\"elementor-widget-container\">\n\t\t\t\t\t\t\t<h2>W\u00c4HLEN SIE UNTEN IHRE AKTIVIT\u00c4T AUS, UM GESCHENKGUTSCHEINE \/ TICKETS ZU VERSCHENKEN ODER ZU BUCHEN<\/h2><table border=\"0\" width=\"580\" cellspacing=\"10\" cellpadding=\"10\"><tbody><tr><td width=\"50%\"><strong>KANU oder FUNYAK &#8211; BREMGARTEN-MELLINGEN + Ap\u00e9ritif<\/strong><\/td><td><strong><span class=\"productPrice\">CHF 1\u2019360.00 Pauschal<\/span><\/strong><\/td><\/tr><tr><td>Weitere Informationen<\/td><td><span class=\"patt\">&#8211; <span class=\"plbl\">Jugendpreis <\/span>: <strong>CHF 79.00\/Pers<\/strong>. bis 17 j\u00e4hrig<br \/>&#8211; Mindestalter : 7 j\u00e4hrig<br \/>&#8211; Schulpreis : <span class=\"patt\" style=\"font-family: inherit; font-size: inherit;\"><span class=\"plbl\"><a href=\"https:\/\/www.swissraft.ch\/de\/kontakt\/\">kontaktieren Sie uns<\/a><\/span><\/span><\/span><\/td><\/tr><tr><td>Strecke<\/td><td><strong>Bremgarten-Mellingen<\/strong><\/td><\/tr><tr><td>Startzeit<\/td><td>10:00 Uhr<\/td><\/tr><tr><td>Kanu oder Funyak<\/td><td>ca. 2 Std.<\/td><\/tr><tr><td>Gesamtdauer<\/td><td>ca. 3,5 Std.<\/td><\/tr><tr><td>Treffpunkt<\/td><td><span style=\"color: #ff6600;\"><a href=\"https:\/\/www.google.com\/maps\/place\/47%C2%B020'58.8%22N+8%C2%B020'24.2%22E\/@47.3499284,8.3355817,765m\/data=!3m1!1e3!4m4!3m3!8m2!3d47.3496667!4d8.3400556?entry=ttu\" target=\"_blank\" rel=\"noopener\">Bremgarten<\/a><\/span><\/td><\/tr><tr><td>Schwierigkeitsgrad<\/td><td>1<\/td><\/tr><tr><td><a href=\"https:\/\/swissraft.outdoorbooking.ch\/fo\/products\/1969?base_id=91&amp;category_id=9&amp;order_type=gift_voucher&amp;lang=de\" target=\"_blank\" rel=\"noopener\"><button class=\"elementor-button\" type=\"button\">GUTSCHEIN \/ TICKET KAUFEN<\/button><\/a><\/td><td><a href=\"https:\/\/swissraft.outdoorbooking.ch\/fo\/products\/1969?base_id=91&amp;category_id=9&amp;order_type=event&amp;lang=de\" target=\"_blank\" rel=\"noopener\">RESERVIEREN SIE EIN DATUM<\/a>\u00a0 \u00a0<strong>CHF 1&#8217;360.00 <\/strong><strong>(1-12 Pers.)<\/strong><\/td><\/tr><tr><td><a href=\"https:\/\/swissraft.outdoorbooking.ch\/fo\/products\/1970?base_id=91&amp;category_id=9&amp;order_type=gift_voucher&amp;lang=de\" target=\"_blank\" rel=\"noopener\"><button class=\"elementor-button\" type=\"button\">GUTSCHEIN \/ TICKET KAUFEN<\/button><\/a><\/td><td><a href=\"https:\/\/swissraft.outdoorbooking.ch\/fo\/products\/1970?base_id=91&amp;category_id=9&amp;order_type=event&amp;lang=de\" target=\"_blank\" rel=\"noopener\">RESERVIEREN SIE EIN DATUM<\/a>\u00a0 \u00a0<strong>CHF 114.00<\/strong>\/Pers.<strong> (13-20 Pers.)<\/strong><\/td><\/tr><tr><td><a href=\"https:\/\/swissraft.outdoorbooking.ch\/fo\/products\/1971?base_id=91&amp;category_id=9&amp;order_type=gift_voucher&amp;lang=de\" target=\"_blank\" rel=\"noopener\"><button class=\"elementor-button\" type=\"button\">GUTSCHEIN \/ TICKET KAUFEN<\/button><\/a><\/td><td><a href=\"https:\/\/swissraft.outdoorbooking.ch\/fo\/products\/1971?base_id=91&amp;category_id=9&amp;order_type=event&amp;lang=de\" target=\"_blank\" rel=\"noopener\">RESERVIEREN SIE EIN DATUM<\/a>\u00a0 \u00a0<strong>CHF 104.00<\/strong>\/Pers.<strong> 21-30 Pers.)<\/strong><\/td><\/tr><tr><td><a href=\"https:\/\/swissraft.outdoorbooking.ch\/fo\/products\/1115?base_id=91&amp;category_id=9&amp;order_type=gift_voucher&amp;lang=de\" target=\"_blank\" rel=\"noopener\"><button class=\"elementor-button\" type=\"button\">GUTSCHEIN \/ TICKET KAUFEN<\/button><\/a><\/td><td><a href=\"https:\/\/swissraft.outdoorbooking.ch\/fo\/products\/1115?base_id=91&amp;category_id=9&amp;order_type=event&amp;lang=de\" target=\"_blank\" rel=\"noopener\">RESERVIEREN SIE EIN DATUM<\/a>\u00a0 \u00a0<strong>CHF 94.00<\/strong>\/Pers.<strong> (31 Pers. und mehr)<\/strong><\/td><\/tr><\/tbody><\/table>\t\t\t\t\t\t<\/div>\n\t\t\t\t<\/div>\n\t\t\t\t\t<\/div>\n\t\t<\/div>\n\t\t\t\t\t\t\t<\/div>\n\t\t<\/section>\n\t\t\t\t\t\t\t<\/div>\n\t\t","protected":false},"excerpt":{"rendered":"<div align=\"justify\">\n<h2 align=\"justify\">Kanu oder Funyak Bremgarten-Mellingen auf der Reuss, ein unvergessliches Abenteuer.<\/h2>\n<h3>Funyak, auch Ducky genannt, auf der Reuss, eine sch\u00f6ne Strecke entlang des Wassers.<\/h3>\n<\/div>\n<div align=\"justify\">\n<p>Kanu auf der Reuss f\u00fcr alle im Kanton Aargau. Au\u00dferdem eignet sich diese Route besonders f\u00fcr Firmen- und Vereinsausfl\u00fcge. Der Reuss eignet sich auch f\u00fcr Klassenausfl\u00fcge, Familienausfl\u00fcge oder Ausfl\u00fcge mit Freunden. Sie fahren auf der Reuss von Bremgarten nach Mellingen.<\/p>\n<h3>Auf der Reuss bieten wir bis zu zwei weitere Optionen an: Easy Rafting auf der Reuss<\/h3>\n<p id=\"textarea\" style=\"display: none;\">\nEinerseits das Funyak von Mellingen nach Gebenstorf sowie von Bremgarten nach Gebenstorf. Ebenfalls auf der Reuss bietet Swissraft 6 Strecken f\u00fcr Easy Rafting oder Fun Rafting an. Auch <strong>Easy Rafting<\/strong> auf der Saane, der Rh\u00f4ne und der L\u00fctschine in Interlaken im Berner Oberland. So bieten wir auch auf der Aare zwischen Thun und Bern eine angenehme Strecke f\u00fcr Easy Rafting an. Aber auch <strong>Easy Rafting<\/strong> auf dem Ticino im Tessin und auf dem Inn im Unterengadin zwischen Scuol und Pradella. Und dazu noch Fun-Rafting auf dem Rhein mit 2 Strecken: Schaffhausen &#8211; Rheinau und Schaffhausen &#8211; R\u00fcdlingen.\n<\/p>\n<p><a id=\"seeMore\" onclick=\"toggleSeeMore()\" href=\"javascript:void(0);\">Lesen Sie mehr<\/a><\/p>\n","protected":false},"featured_media":131395,"comment_status":"open","ping_status":"closed","template":"","meta":{"inline_featured_image":false,"_mi_skip_tracking":false},"product_cat":[268,338],"product_tag":[],"class_list":["post-131344","product","type-product","status-publish","has-post-thumbnail","hentry","product_cat-kanu-funyak-oder-ducky-in-der-schweiz","product_cat-kanu-funyak-reuss"],"yoast_head":"<!-- This site is optimized with the Yoast SEO plugin v23.6 - https:\/\/yoast.com\/wordpress\/plugins\/seo\/ -->\n<title>Cano\u00eb Funyak Bremgarten-Mellingen auf der Reuss<\/title>\n<meta name=\"description\" content=\"Kanu Funyak Bremgarten-Mellingen. Diese Strecke eignet sich besonders f\u00fcr Betriebsausfl\u00fcge, Schulausfl\u00fcge und Ausfl\u00fcge mit der Familie oder Freunden.\" \/>\n<meta name=\"robots\" content=\"index, follow, max-snippet:-1, max-image-preview:large, max-video-preview:-1\" \/>\n<link rel=\"canonical\" href=\"https:\/\/www.swissraft.ch\/de\/produkt\/kanu-funyak-reuss-bremgarten-mellingen\/\" \/>\n<meta property=\"og:locale\" content=\"de_DE\" \/>\n<meta property=\"og:type\" content=\"article\" \/>\n<meta property=\"og:title\" content=\"Cano\u00eb Funyak Bremgarten-Mellingen auf der Reuss\" \/>\n<meta property=\"og:description\" content=\"Kanu Funyak Bremgarten-Mellingen. Diese Strecke eignet sich besonders f\u00fcr Betriebsausfl\u00fcge, Schulausfl\u00fcge und Ausfl\u00fcge mit der Familie oder Freunden.\" \/>\n<meta property=\"og:url\" content=\"https:\/\/www.swissraft.ch\/de\/produkt\/kanu-funyak-reuss-bremgarten-mellingen\/\" \/>\n<meta property=\"og:site_name\" content=\"Swissraft\" \/>\n<meta property=\"article:modified_time\" content=\"2026-03-04T03:57:35+00:00\" \/>\n<meta property=\"og:image\" content=\"https:\/\/www.swissraft.ch\/wp-content\/uploads\/2026\/03\/Kanu-Reuss-776x776-1.jpg\" \/>\n\t<meta property=\"og:image:width\" content=\"776\" \/>\n\t<meta property=\"og:image:height\" content=\"776\" \/>\n\t<meta property=\"og:image:type\" content=\"image\/jpeg\" \/>\n<meta name=\"twitter:card\" content=\"summary_large_image\" \/>\n<meta name=\"twitter:label1\" content=\"Gesch\u00e4tzte Lesezeit\" \/>\n\t<meta name=\"twitter:data1\" content=\"1\u00a0Minute\" \/>\n<script type=\"application\/ld+json\" class=\"yoast-schema-graph\">{\"@context\":\"https:\/\/schema.org\",\"@graph\":[{\"@type\":\"WebPage\",\"@id\":\"https:\/\/www.swissraft.ch\/de\/produkt\/kanu-funyak-reuss-bremgarten-mellingen\/\",\"url\":\"https:\/\/www.swissraft.ch\/de\/produkt\/kanu-funyak-reuss-bremgarten-mellingen\/\",\"name\":\"Cano\u00eb Funyak Bremgarten-Mellingen auf der Reuss\",\"isPartOf\":{\"@id\":\"https:\/\/www.swissraft.ch\/de\/#website\"},\"primaryImageOfPage\":{\"@id\":\"https:\/\/www.swissraft.ch\/de\/produkt\/kanu-funyak-reuss-bremgarten-mellingen\/#primaryimage\"},\"image\":{\"@id\":\"https:\/\/www.swissraft.ch\/de\/produkt\/kanu-funyak-reuss-bremgarten-mellingen\/#primaryimage\"},\"thumbnailUrl\":\"https:\/\/www.swissraft.ch\/wp-content\/uploads\/2026\/03\/Kanu-Reuss-776x776-1.jpg\",\"datePublished\":\"2026-03-02T21:29:15+00:00\",\"dateModified\":\"2026-03-04T03:57:35+00:00\",\"description\":\"Kanu Funyak Bremgarten-Mellingen. Diese Strecke eignet sich besonders f\u00fcr Betriebsausfl\u00fcge, Schulausfl\u00fcge und Ausfl\u00fcge mit der Familie oder Freunden.\",\"breadcrumb\":{\"@id\":\"https:\/\/www.swissraft.ch\/de\/produkt\/kanu-funyak-reuss-bremgarten-mellingen\/#breadcrumb\"},\"inLanguage\":\"de\",\"potentialAction\":[{\"@type\":\"ReadAction\",\"target\":[\"https:\/\/www.swissraft.ch\/de\/produkt\/kanu-funyak-reuss-bremgarten-mellingen\/\"]}]},{\"@type\":\"ImageObject\",\"inLanguage\":\"de\",\"@id\":\"https:\/\/www.swissraft.ch\/de\/produkt\/kanu-funyak-reuss-bremgarten-mellingen\/#primaryimage\",\"url\":\"https:\/\/www.swissraft.ch\/wp-content\/uploads\/2026\/03\/Kanu-Reuss-776x776-1.jpg\",\"contentUrl\":\"https:\/\/www.swissraft.ch\/wp-content\/uploads\/2026\/03\/Kanu-Reuss-776x776-1.jpg\",\"width\":776,\"height\":776,\"caption\":\"Kanu Bremgarten-Mellingen auf der Reuss\"},{\"@type\":\"BreadcrumbList\",\"@id\":\"https:\/\/www.swissraft.ch\/de\/produkt\/kanu-funyak-reuss-bremgarten-mellingen\/#breadcrumb\",\"itemListElement\":[{\"@type\":\"ListItem\",\"position\":1,\"name\":\"Accueil\",\"item\":\"https:\/\/www.swissraft.ch\/de\/\"},{\"@type\":\"ListItem\",\"position\":2,\"name\":\"Shop\",\"item\":\"https:\/\/www.swissraft.ch\/de\/shop\/\"},{\"@type\":\"ListItem\",\"position\":3,\"name\":\"Kanu oder Funyak auf DER REUSS &#8211; BREMGARTEN-MELLINGEN &#8211; Ab CHF 79.00\"}]},{\"@type\":\"WebSite\",\"@id\":\"https:\/\/www.swissraft.ch\/de\/#website\",\"url\":\"https:\/\/www.swissraft.ch\/de\/\",\"name\":\"Swissraft\",\"description\":\"To enjoy nature as it is\",\"publisher\":{\"@id\":\"https:\/\/www.swissraft.ch\/de\/#organization\"},\"potentialAction\":[{\"@type\":\"SearchAction\",\"target\":{\"@type\":\"EntryPoint\",\"urlTemplate\":\"https:\/\/www.swissraft.ch\/de\/?s={search_term_string}\"},\"query-input\":{\"@type\":\"PropertyValueSpecification\",\"valueRequired\":true,\"valueName\":\"search_term_string\"}}],\"inLanguage\":\"de\"},{\"@type\":\"Organization\",\"@id\":\"https:\/\/www.swissraft.ch\/de\/#organization\",\"name\":\"Swissraft\",\"url\":\"https:\/\/www.swissraft.ch\/de\/\",\"logo\":{\"@type\":\"ImageObject\",\"inLanguage\":\"de\",\"@id\":\"https:\/\/www.swissraft.ch\/de\/#\/schema\/logo\/image\/\",\"url\":\"https:\/\/www.swissraft.ch\/wp-content\/uploads\/2025\/09\/Capture.jpg\",\"contentUrl\":\"https:\/\/www.swissraft.ch\/wp-content\/uploads\/2025\/09\/Capture.jpg\",\"width\":293,\"height\":108,\"caption\":\"Swissraft\"},\"image\":{\"@id\":\"https:\/\/www.swissraft.ch\/de\/#\/schema\/logo\/image\/\"}}]}<\/script>\n<!-- \/ Yoast SEO plugin. -->","yoast_head_json":{"title":"Cano\u00eb Funyak Bremgarten-Mellingen auf der Reuss","description":"Kanu Funyak Bremgarten-Mellingen. Diese Strecke eignet sich besonders f\u00fcr Betriebsausfl\u00fcge, Schulausfl\u00fcge und Ausfl\u00fcge mit der Familie oder Freunden.","robots":{"index":"index","follow":"follow","max-snippet":"max-snippet:-1","max-image-preview":"max-image-preview:large","max-video-preview":"max-video-preview:-1"},"canonical":"https:\/\/www.swissraft.ch\/de\/produkt\/kanu-funyak-reuss-bremgarten-mellingen\/","og_locale":"de_DE","og_type":"article","og_title":"Cano\u00eb Funyak Bremgarten-Mellingen auf der Reuss","og_description":"Kanu Funyak Bremgarten-Mellingen. Diese Strecke eignet sich besonders f\u00fcr Betriebsausfl\u00fcge, Schulausfl\u00fcge und Ausfl\u00fcge mit der Familie oder Freunden.","og_url":"https:\/\/www.swissraft.ch\/de\/produkt\/kanu-funyak-reuss-bremgarten-mellingen\/","og_site_name":"Swissraft","article_modified_time":"2026-03-04T03:57:35+00:00","og_image":[{"width":776,"height":776,"url":"https:\/\/www.swissraft.ch\/wp-content\/uploads\/2026\/03\/Kanu-Reuss-776x776-1.jpg","type":"image\/jpeg"}],"twitter_card":"summary_large_image","twitter_misc":{"Gesch\u00e4tzte Lesezeit":"1\u00a0Minute"},"schema":{"@context":"https:\/\/schema.org","@graph":[{"@type":"WebPage","@id":"https:\/\/www.swissraft.ch\/de\/produkt\/kanu-funyak-reuss-bremgarten-mellingen\/","url":"https:\/\/www.swissraft.ch\/de\/produkt\/kanu-funyak-reuss-bremgarten-mellingen\/","name":"Cano\u00eb Funyak Bremgarten-Mellingen auf der Reuss","isPartOf":{"@id":"https:\/\/www.swissraft.ch\/de\/#website"},"primaryImageOfPage":{"@id":"https:\/\/www.swissraft.ch\/de\/produkt\/kanu-funyak-reuss-bremgarten-mellingen\/#primaryimage"},"image":{"@id":"https:\/\/www.swissraft.ch\/de\/produkt\/kanu-funyak-reuss-bremgarten-mellingen\/#primaryimage"},"thumbnailUrl":"https:\/\/www.swissraft.ch\/wp-content\/uploads\/2026\/03\/Kanu-Reuss-776x776-1.jpg","datePublished":"2026-03-02T21:29:15+00:00","dateModified":"2026-03-04T03:57:35+00:00","description":"Kanu Funyak Bremgarten-Mellingen. Diese Strecke eignet sich besonders f\u00fcr Betriebsausfl\u00fcge, Schulausfl\u00fcge und Ausfl\u00fcge mit der Familie oder Freunden.","breadcrumb":{"@id":"https:\/\/www.swissraft.ch\/de\/produkt\/kanu-funyak-reuss-bremgarten-mellingen\/#breadcrumb"},"inLanguage":"de","potentialAction":[{"@type":"ReadAction","target":["https:\/\/www.swissraft.ch\/de\/produkt\/kanu-funyak-reuss-bremgarten-mellingen\/"]}]},{"@type":"ImageObject","inLanguage":"de","@id":"https:\/\/www.swissraft.ch\/de\/produkt\/kanu-funyak-reuss-bremgarten-mellingen\/#primaryimage","url":"https:\/\/www.swissraft.ch\/wp-content\/uploads\/2026\/03\/Kanu-Reuss-776x776-1.jpg","contentUrl":"https:\/\/www.swissraft.ch\/wp-content\/uploads\/2026\/03\/Kanu-Reuss-776x776-1.jpg","width":776,"height":776,"caption":"Kanu Bremgarten-Mellingen auf der Reuss"},{"@type":"BreadcrumbList","@id":"https:\/\/www.swissraft.ch\/de\/produkt\/kanu-funyak-reuss-bremgarten-mellingen\/#breadcrumb","itemListElement":[{"@type":"ListItem","position":1,"name":"Accueil","item":"https:\/\/www.swissraft.ch\/de\/"},{"@type":"ListItem","position":2,"name":"Shop","item":"https:\/\/www.swissraft.ch\/de\/shop\/"},{"@type":"ListItem","position":3,"name":"Kanu oder Funyak auf DER REUSS &#8211; BREMGARTEN-MELLINGEN &#8211; Ab CHF 79.00"}]},{"@type":"WebSite","@id":"https:\/\/www.swissraft.ch\/de\/#website","url":"https:\/\/www.swissraft.ch\/de\/","name":"Swissraft","description":"To enjoy nature as it is","publisher":{"@id":"https:\/\/www.swissraft.ch\/de\/#organization"},"potentialAction":[{"@type":"SearchAction","target":{"@type":"EntryPoint","urlTemplate":"https:\/\/www.swissraft.ch\/de\/?s={search_term_string}"},"query-input":{"@type":"PropertyValueSpecification","valueRequired":true,"valueName":"search_term_string"}}],"inLanguage":"de"},{"@type":"Organization","@id":"https:\/\/www.swissraft.ch\/de\/#organization","name":"Swissraft","url":"https:\/\/www.swissraft.ch\/de\/","logo":{"@type":"ImageObject","inLanguage":"de","@id":"https:\/\/www.swissraft.ch\/de\/#\/schema\/logo\/image\/","url":"https:\/\/www.swissraft.ch\/wp-content\/uploads\/2025\/09\/Capture.jpg","contentUrl":"https:\/\/www.swissraft.ch\/wp-content\/uploads\/2025\/09\/Capture.jpg","width":293,"height":108,"caption":"Swissraft"},"image":{"@id":"https:\/\/www.swissraft.ch\/de\/#\/schema\/logo\/image\/"}}]}},"_links":{"self":[{"href":"https:\/\/www.swissraft.ch\/de\/wp-json\/wp\/v2\/product\/131344","targetHints":{"allow":["GET"]}}],"collection":[{"href":"https:\/\/www.swissraft.ch\/de\/wp-json\/wp\/v2\/product"}],"about":[{"href":"https:\/\/www.swissraft.ch\/de\/wp-json\/wp\/v2\/types\/product"}],"replies":[{"embeddable":true,"href":"https:\/\/www.swissraft.ch\/de\/wp-json\/wp\/v2\/comments?post=131344"}],"version-history":[{"count":63,"href":"https:\/\/www.swissraft.ch\/de\/wp-json\/wp\/v2\/product\/131344\/revisions"}],"predecessor-version":[{"id":131595,"href":"https:\/\/www.swissraft.ch\/de\/wp-json\/wp\/v2\/product\/131344\/revisions\/131595"}],"wp:featuredmedia":[{"embeddable":true,"href":"https:\/\/www.swissraft.ch\/de\/wp-json\/wp\/v2\/media\/131395"}],"wp:attachment":[{"href":"https:\/\/www.swissraft.ch\/de\/wp-json\/wp\/v2\/media?parent=131344"}],"wp:term":[{"taxonomy":"product_cat","embeddable":true,"href":"https:\/\/www.swissraft.ch\/de\/wp-json\/wp\/v2\/product_cat?post=131344"},{"taxonomy":"product_tag","embeddable":true,"href":"https:\/\/www.swissraft.ch\/de\/wp-json\/wp\/v2\/product_tag?post=131344"}],"curies":[{"name":"wp","href":"https:\/\/api.w.org\/{rel}","templated":true}]}}