{"id":123941,"date":"2025-11-29T23:28:23","date_gmt":"2025-11-29T22:28:23","guid":{"rendered":"https:\/\/www.swissraft.ch\/?post_type=product&#038;p=123941"},"modified":"2026-04-10T22:29:53","modified_gmt":"2026-04-10T20:29:53","slug":"canyoning-im-wallis-la-raspille-ab-chf-104-00-copie","status":"publish","type":"product","link":"https:\/\/www.swissraft.ch\/de\/produkt\/canyoning-im-wallis-la-raspille-ab-chf-104-00-copie\/","title":{"rendered":"Canyoning im Wallis &#8211; Die Barberine &#8211; Ab CHF 112.00"},"content":{"rendered":"\t\t<div data-elementor-type=\"wp-post\" data-elementor-id=\"123941\" class=\"elementor elementor-123941 elementor-123940\">\n\t\t\t\t\t\t\t\t\t<section class=\"elementor-section elementor-top-section elementor-element elementor-element-3303a7e3 elementor-section-boxed elementor-section-height-default elementor-section-height-default\" data-id=\"3303a7e3\" data-element_type=\"section\">\n\t\t\t\t\t\t<div class=\"elementor-container elementor-column-gap-default\">\n\t\t\t\t\t<div class=\"elementor-column elementor-col-100 elementor-top-column elementor-element elementor-element-16d72dbf\" data-id=\"16d72dbf\" data-element_type=\"column\">\n\t\t\t<div class=\"elementor-widget-wrap elementor-element-populated\">\n\t\t\t\t\t\t\t\t<div class=\"elementor-element elementor-element-d743c03 elementor-widget elementor-widget-text-editor\" data-id=\"d743c03\" data-element_type=\"widget\" data-widget_type=\"text-editor.default\">\n\t\t\t\t<div class=\"elementor-widget-container\">\n\t\t\t\t\t\t\t<h2>W\u00c4HLEN SIE UNTEN IHRE AKTIVIT\u00c4T AUS, UM GESCHENKGUTSCHEINE \/ TICKETS ZU VERSCHENKEN ODER ZU BUCHEN<\/h2><table border=\"0\" width=\"580\" cellspacing=\"10\" cellpadding=\"10\"><tbody><tr><td width=\"50%\"><strong>CANYONING &#8211; BARBERINE + Imbiss<\/strong><\/td><td><strong>CHF 140.00 pro Person<span class=\"productPrice\"><br \/><\/span><\/strong><\/td><\/tr><tr><td>Zus\u00e4tzliche Informationen<\/td><td>&#8211; <span class=\"plbl\"> Schulpreis<\/span>: <span class=\"patt\"><strong>CHF 100.00<\/strong>\/Pers. <br \/>&#8211;<\/span><span class=\"plbl\"> Ab<\/span><span class=\"patt\"> 10 Pers. 10% : <strong>CHF 126.00<\/strong>\/Pers.<br \/>&#8211; Ab 21 Pers. 20% : <strong>CHF 112.00<\/strong>\/Pers.<br \/><\/span><span class=\"plbl\">&#8211; Keine zus\u00e4tzlichen Rabatte auf Jugend- und Schultarife<br \/>&#8211; Mindestalter : 8 j\u00e4hrig<br \/>&#8211; Sehr sonniger Canyon<\/span><\/td><\/tr><tr><td>Startzeiten<\/td><td>10:00 Uhr \/ 14:00 Uhr<\/td><\/tr><tr><td>Canyoning<\/td><td>ca. 2 Std.<\/td><\/tr><tr><td>Gesamtdauer<\/td><td>ca. 3,5 Std.<\/td><\/tr><tr><td>Treffpunkt<\/td><td><a href=\"https:\/\/www.google.com\/maps\/place\/46%C2%B003'10.8%22N+6%C2%B057'00.1%22E\/@46.0529904,6.9494818,109m\/data=!3m1!1e3!4m13!1m8!3m7!1s0x478eb3927dc9e113:0x1b06e699c06b2757!2sL'Ile,+1925+Finhaut,+Suisse!3b1!8m2!3d46.0529614!4d6.9500495!16s%2Fg%2F1tptph_z!3m3!8m2!3d46.053!4d6.9500278?entry=ttu&amp;g_ep=EgoyMDI1MTEyMy4xIKXMDSoASAFQAw%3D%3D\" target=\"_blank\" rel=\"noopener\">L\u2019Ile, 1925 Finhaut<\/a><\/td><\/tr><tr><td>Schwierigkeitsgrad<\/td><td>1-2<\/td><\/tr><tr><td><button class=\"elementor-button\" type=\"button\"><a href=\"https:\/\/swissraft.outdoorbooking.ch:443\/fo\/products\/2181?base_id=82&amp;category_id=2&amp;order_type=gift_voucher&amp;lang=de\" target=\"_blank\" rel=\"noopener\">GUTSCHEIN \/ TICKET KAUFEN<\/a><\/button><\/td><td style=\"text-align: left;\"><span style=\"color: #ff6600;\"><a href=\"https:\/\/swissraft.outdoorbooking.ch:443\/fo\/products\/2181?base_id=82&amp;category_id=2&amp;order_type=event&amp;lang=der\" target=\"_blank\" rel=\"noopener\">RESERVIEREN SIE EIN DATUM<\/a><\/span><\/td><\/tr><\/tbody><\/table>\t\t\t\t\t\t<\/div>\n\t\t\t\t<\/div>\n\t\t\t\t\t<\/div>\n\t\t<\/div>\n\t\t\t\t\t\t\t<\/div>\n\t\t<\/section>\n\t\t\t\t\t\t\t<\/div>\n\t\t","protected":false},"excerpt":{"rendered":"<div align=\"justify\">\n<h2 align=\"justify\">Canyoning in der Barberine im Trient-Tal<\/h2>\n<h3>Die Schlucht La Barberine ist ideal f\u00fcr den Beginn der Canyoning-Saison in der Schweiz.<\/h3>\n<\/div>\n<div align=\"justify\">\n<p>Der Canyon von La Barberine liegt im Trient-Tal im Herzen des Mont-Blanc-Gebiets. La Barberine ist ein unterhaltsamer Canyon, ideal f\u00fcr einen Ausflug mit Freunden, der Familie oder dem Unternehmen. Auch f\u00fcr einen Junggesellenabschied werden Sie es zu sch\u00e4tzen wissen. Sie haben sch\u00f6ne Spr\u00fcnge, herrliche Rutschen und eine tolle Seilrutsche \u00fcber einen Wasserfall. Sie werden einige Passagen mehrmals wiederholen, da ein Pfad entlang der Strecke verl\u00e4uft. Dar\u00fcber hinaus eignet sich die Barberine sowohl f\u00fcr Canyoning-Fans als auch f\u00fcr Anf\u00e4nger.<\/p>\n<h3>Im Wallis gibt es zahlreiche Alternativen zur Schlucht La Barberine.<\/h3>\n<p id=\"textarea\" style=\"display: none;\">\nEbenfalls im Wallis erwarten Sie Schluchten wie La Morge, La Raspille, La Salanfe, Le Feschelbach oder La Rogne und viele andere wie die Schluchten Gondo oder Massa. Swissraft bietet auch Canyoning im Kanton Waadt mit der Torneresse in Richtung des Col des Mosses an. Aber auch im Tessin gibt es eine gro\u00dfe Anzahl von Schluchten mit verschiedenen Schwierigkeitsgraden von leicht bis schwer. Au\u00dferdem bieten wir Canyons im Berner Oberland in der Umgebung von Interlaken an. Dar\u00fcber hinaus hat der Kanton St. Gallen gibt es den Amden Canyon mit einer 40 m langen Abseilstrecke von einer Staumauer. Schlie\u00dflich die Viamala-Schlucht mit ihren \u00fcber 150 m hohen Felsw\u00e4nden.\n<\/p>\n<p><a id=\"seeMore\" onclick=\"toggleSeeMore()\" href=\"javascript:void(0);\">Lesen Sie mehr<\/a><\/p>\n","protected":false},"featured_media":124000,"comment_status":"open","ping_status":"closed","template":"","meta":{"inline_featured_image":false,"_mi_skip_tracking":false},"product_cat":[335,320],"product_tag":[],"class_list":["post-123941","product","type-product","status-publish","has-post-thumbnail","hentry","product_cat-canyoning-wallis-italien","product_cat-canyoning-in-der-schweiz-und-umgebung"],"yoast_head":"<!-- This site is optimized with the Yoast SEO plugin v23.6 - https:\/\/yoast.com\/wordpress\/plugins\/seo\/ -->\n<title>Canyoning in der Barberine im Wallis. F\u00fcr Fans des Canyoning<\/title>\n<meta name=\"description\" content=\"Canyoning in der Barberine im Wallis wird haupts\u00e4chlich zu Beginn der Saison zwischen Mai und Juni praktiziert. Im Herzen des Mont-Blanc-Gebiets gelegen\" \/>\n<meta name=\"robots\" content=\"index, follow, max-snippet:-1, max-image-preview:large, max-video-preview:-1\" \/>\n<link rel=\"canonical\" href=\"https:\/\/www.swissraft.ch\/de\/produkt\/canyoning-im-wallis-la-raspille-ab-chf-104-00-copie\/\" \/>\n<meta property=\"og:locale\" content=\"de_DE\" \/>\n<meta property=\"og:type\" content=\"article\" \/>\n<meta property=\"og:title\" content=\"Canyoning in der Barberine im Wallis. F\u00fcr Fans des Canyoning\" \/>\n<meta property=\"og:description\" content=\"Canyoning in der Barberine im Wallis wird haupts\u00e4chlich zu Beginn der Saison zwischen Mai und Juni praktiziert. Im Herzen des Mont-Blanc-Gebiets gelegen\" \/>\n<meta property=\"og:url\" content=\"https:\/\/www.swissraft.ch\/de\/produkt\/canyoning-im-wallis-la-raspille-ab-chf-104-00-copie\/\" \/>\n<meta property=\"og:site_name\" content=\"Swissraft\" \/>\n<meta property=\"article:modified_time\" content=\"2026-04-10T20:29:53+00:00\" \/>\n<meta property=\"og:image\" content=\"https:\/\/www.swissraft.ch\/wp-content\/uploads\/2025\/11\/Barberine_776x776_1-1.jpg\" \/>\n\t<meta property=\"og:image:width\" content=\"776\" \/>\n\t<meta property=\"og:image:height\" content=\"776\" \/>\n\t<meta property=\"og:image:type\" content=\"image\/jpeg\" \/>\n<meta name=\"twitter:card\" content=\"summary_large_image\" \/>\n<meta name=\"twitter:label1\" content=\"Gesch\u00e4tzte Lesezeit\" \/>\n\t<meta name=\"twitter:data1\" content=\"1\u00a0Minute\" \/>\n<script type=\"application\/ld+json\" class=\"yoast-schema-graph\">{\"@context\":\"https:\/\/schema.org\",\"@graph\":[{\"@type\":\"WebPage\",\"@id\":\"https:\/\/www.swissraft.ch\/de\/produkt\/canyoning-im-wallis-la-raspille-ab-chf-104-00-copie\/\",\"url\":\"https:\/\/www.swissraft.ch\/de\/produkt\/canyoning-im-wallis-la-raspille-ab-chf-104-00-copie\/\",\"name\":\"Canyoning in der Barberine im Wallis. F\u00fcr Fans des Canyoning\",\"isPartOf\":{\"@id\":\"https:\/\/www.swissraft.ch\/de\/#website\"},\"primaryImageOfPage\":{\"@id\":\"https:\/\/www.swissraft.ch\/de\/produkt\/canyoning-im-wallis-la-raspille-ab-chf-104-00-copie\/#primaryimage\"},\"image\":{\"@id\":\"https:\/\/www.swissraft.ch\/de\/produkt\/canyoning-im-wallis-la-raspille-ab-chf-104-00-copie\/#primaryimage\"},\"thumbnailUrl\":\"https:\/\/www.swissraft.ch\/wp-content\/uploads\/2025\/11\/Barberine_776x776_1-1.jpg\",\"datePublished\":\"2025-11-29T22:28:23+00:00\",\"dateModified\":\"2026-04-10T20:29:53+00:00\",\"description\":\"Canyoning in der Barberine im Wallis wird haupts\u00e4chlich zu Beginn der Saison zwischen Mai und Juni praktiziert. Im Herzen des Mont-Blanc-Gebiets gelegen\",\"breadcrumb\":{\"@id\":\"https:\/\/www.swissraft.ch\/de\/produkt\/canyoning-im-wallis-la-raspille-ab-chf-104-00-copie\/#breadcrumb\"},\"inLanguage\":\"de\",\"potentialAction\":[{\"@type\":\"ReadAction\",\"target\":[\"https:\/\/www.swissraft.ch\/de\/produkt\/canyoning-im-wallis-la-raspille-ab-chf-104-00-copie\/\"]}]},{\"@type\":\"ImageObject\",\"inLanguage\":\"de\",\"@id\":\"https:\/\/www.swissraft.ch\/de\/produkt\/canyoning-im-wallis-la-raspille-ab-chf-104-00-copie\/#primaryimage\",\"url\":\"https:\/\/www.swissraft.ch\/wp-content\/uploads\/2025\/11\/Barberine_776x776_1-1.jpg\",\"contentUrl\":\"https:\/\/www.swissraft.ch\/wp-content\/uploads\/2025\/11\/Barberine_776x776_1-1.jpg\",\"width\":776,\"height\":776,\"caption\":\"La Barberine\"},{\"@type\":\"BreadcrumbList\",\"@id\":\"https:\/\/www.swissraft.ch\/de\/produkt\/canyoning-im-wallis-la-raspille-ab-chf-104-00-copie\/#breadcrumb\",\"itemListElement\":[{\"@type\":\"ListItem\",\"position\":1,\"name\":\"Accueil\",\"item\":\"https:\/\/www.swissraft.ch\/de\/\"},{\"@type\":\"ListItem\",\"position\":2,\"name\":\"Shop\",\"item\":\"https:\/\/www.swissraft.ch\/de\/shop\/\"},{\"@type\":\"ListItem\",\"position\":3,\"name\":\"Canyoning im Wallis &#8211; Die Barberine &#8211; Ab CHF 112.00\"}]},{\"@type\":\"WebSite\",\"@id\":\"https:\/\/www.swissraft.ch\/de\/#website\",\"url\":\"https:\/\/www.swissraft.ch\/de\/\",\"name\":\"Swissraft\",\"description\":\"To enjoy nature as it is\",\"publisher\":{\"@id\":\"https:\/\/www.swissraft.ch\/de\/#organization\"},\"potentialAction\":[{\"@type\":\"SearchAction\",\"target\":{\"@type\":\"EntryPoint\",\"urlTemplate\":\"https:\/\/www.swissraft.ch\/de\/?s={search_term_string}\"},\"query-input\":{\"@type\":\"PropertyValueSpecification\",\"valueRequired\":true,\"valueName\":\"search_term_string\"}}],\"inLanguage\":\"de\"},{\"@type\":\"Organization\",\"@id\":\"https:\/\/www.swissraft.ch\/de\/#organization\",\"name\":\"Swissraft\",\"url\":\"https:\/\/www.swissraft.ch\/de\/\",\"logo\":{\"@type\":\"ImageObject\",\"inLanguage\":\"de\",\"@id\":\"https:\/\/www.swissraft.ch\/de\/#\/schema\/logo\/image\/\",\"url\":\"https:\/\/www.swissraft.ch\/wp-content\/uploads\/2025\/09\/Capture.jpg\",\"contentUrl\":\"https:\/\/www.swissraft.ch\/wp-content\/uploads\/2025\/09\/Capture.jpg\",\"width\":293,\"height\":108,\"caption\":\"Swissraft\"},\"image\":{\"@id\":\"https:\/\/www.swissraft.ch\/de\/#\/schema\/logo\/image\/\"}}]}<\/script>\n<!-- \/ Yoast SEO plugin. -->","yoast_head_json":{"title":"Canyoning in der Barberine im Wallis. F\u00fcr Fans des Canyoning","description":"Canyoning in der Barberine im Wallis wird haupts\u00e4chlich zu Beginn der Saison zwischen Mai und Juni praktiziert. Im Herzen des Mont-Blanc-Gebiets gelegen","robots":{"index":"index","follow":"follow","max-snippet":"max-snippet:-1","max-image-preview":"max-image-preview:large","max-video-preview":"max-video-preview:-1"},"canonical":"https:\/\/www.swissraft.ch\/de\/produkt\/canyoning-im-wallis-la-raspille-ab-chf-104-00-copie\/","og_locale":"de_DE","og_type":"article","og_title":"Canyoning in der Barberine im Wallis. F\u00fcr Fans des Canyoning","og_description":"Canyoning in der Barberine im Wallis wird haupts\u00e4chlich zu Beginn der Saison zwischen Mai und Juni praktiziert. Im Herzen des Mont-Blanc-Gebiets gelegen","og_url":"https:\/\/www.swissraft.ch\/de\/produkt\/canyoning-im-wallis-la-raspille-ab-chf-104-00-copie\/","og_site_name":"Swissraft","article_modified_time":"2026-04-10T20:29:53+00:00","og_image":[{"width":776,"height":776,"url":"https:\/\/www.swissraft.ch\/wp-content\/uploads\/2025\/11\/Barberine_776x776_1-1.jpg","type":"image\/jpeg"}],"twitter_card":"summary_large_image","twitter_misc":{"Gesch\u00e4tzte Lesezeit":"1\u00a0Minute"},"schema":{"@context":"https:\/\/schema.org","@graph":[{"@type":"WebPage","@id":"https:\/\/www.swissraft.ch\/de\/produkt\/canyoning-im-wallis-la-raspille-ab-chf-104-00-copie\/","url":"https:\/\/www.swissraft.ch\/de\/produkt\/canyoning-im-wallis-la-raspille-ab-chf-104-00-copie\/","name":"Canyoning in der Barberine im Wallis. F\u00fcr Fans des Canyoning","isPartOf":{"@id":"https:\/\/www.swissraft.ch\/de\/#website"},"primaryImageOfPage":{"@id":"https:\/\/www.swissraft.ch\/de\/produkt\/canyoning-im-wallis-la-raspille-ab-chf-104-00-copie\/#primaryimage"},"image":{"@id":"https:\/\/www.swissraft.ch\/de\/produkt\/canyoning-im-wallis-la-raspille-ab-chf-104-00-copie\/#primaryimage"},"thumbnailUrl":"https:\/\/www.swissraft.ch\/wp-content\/uploads\/2025\/11\/Barberine_776x776_1-1.jpg","datePublished":"2025-11-29T22:28:23+00:00","dateModified":"2026-04-10T20:29:53+00:00","description":"Canyoning in der Barberine im Wallis wird haupts\u00e4chlich zu Beginn der Saison zwischen Mai und Juni praktiziert. Im Herzen des Mont-Blanc-Gebiets gelegen","breadcrumb":{"@id":"https:\/\/www.swissraft.ch\/de\/produkt\/canyoning-im-wallis-la-raspille-ab-chf-104-00-copie\/#breadcrumb"},"inLanguage":"de","potentialAction":[{"@type":"ReadAction","target":["https:\/\/www.swissraft.ch\/de\/produkt\/canyoning-im-wallis-la-raspille-ab-chf-104-00-copie\/"]}]},{"@type":"ImageObject","inLanguage":"de","@id":"https:\/\/www.swissraft.ch\/de\/produkt\/canyoning-im-wallis-la-raspille-ab-chf-104-00-copie\/#primaryimage","url":"https:\/\/www.swissraft.ch\/wp-content\/uploads\/2025\/11\/Barberine_776x776_1-1.jpg","contentUrl":"https:\/\/www.swissraft.ch\/wp-content\/uploads\/2025\/11\/Barberine_776x776_1-1.jpg","width":776,"height":776,"caption":"La Barberine"},{"@type":"BreadcrumbList","@id":"https:\/\/www.swissraft.ch\/de\/produkt\/canyoning-im-wallis-la-raspille-ab-chf-104-00-copie\/#breadcrumb","itemListElement":[{"@type":"ListItem","position":1,"name":"Accueil","item":"https:\/\/www.swissraft.ch\/de\/"},{"@type":"ListItem","position":2,"name":"Shop","item":"https:\/\/www.swissraft.ch\/de\/shop\/"},{"@type":"ListItem","position":3,"name":"Canyoning im Wallis &#8211; Die Barberine &#8211; Ab CHF 112.00"}]},{"@type":"WebSite","@id":"https:\/\/www.swissraft.ch\/de\/#website","url":"https:\/\/www.swissraft.ch\/de\/","name":"Swissraft","description":"To enjoy nature as it is","publisher":{"@id":"https:\/\/www.swissraft.ch\/de\/#organization"},"potentialAction":[{"@type":"SearchAction","target":{"@type":"EntryPoint","urlTemplate":"https:\/\/www.swissraft.ch\/de\/?s={search_term_string}"},"query-input":{"@type":"PropertyValueSpecification","valueRequired":true,"valueName":"search_term_string"}}],"inLanguage":"de"},{"@type":"Organization","@id":"https:\/\/www.swissraft.ch\/de\/#organization","name":"Swissraft","url":"https:\/\/www.swissraft.ch\/de\/","logo":{"@type":"ImageObject","inLanguage":"de","@id":"https:\/\/www.swissraft.ch\/de\/#\/schema\/logo\/image\/","url":"https:\/\/www.swissraft.ch\/wp-content\/uploads\/2025\/09\/Capture.jpg","contentUrl":"https:\/\/www.swissraft.ch\/wp-content\/uploads\/2025\/09\/Capture.jpg","width":293,"height":108,"caption":"Swissraft"},"image":{"@id":"https:\/\/www.swissraft.ch\/de\/#\/schema\/logo\/image\/"}}]}},"_links":{"self":[{"href":"https:\/\/www.swissraft.ch\/de\/wp-json\/wp\/v2\/product\/123941","targetHints":{"allow":["GET"]}}],"collection":[{"href":"https:\/\/www.swissraft.ch\/de\/wp-json\/wp\/v2\/product"}],"about":[{"href":"https:\/\/www.swissraft.ch\/de\/wp-json\/wp\/v2\/types\/product"}],"replies":[{"embeddable":true,"href":"https:\/\/www.swissraft.ch\/de\/wp-json\/wp\/v2\/comments?post=123941"}],"version-history":[{"count":23,"href":"https:\/\/www.swissraft.ch\/de\/wp-json\/wp\/v2\/product\/123941\/revisions"}],"predecessor-version":[{"id":139090,"href":"https:\/\/www.swissraft.ch\/de\/wp-json\/wp\/v2\/product\/123941\/revisions\/139090"}],"wp:featuredmedia":[{"embeddable":true,"href":"https:\/\/www.swissraft.ch\/de\/wp-json\/wp\/v2\/media\/124000"}],"wp:attachment":[{"href":"https:\/\/www.swissraft.ch\/de\/wp-json\/wp\/v2\/media?parent=123941"}],"wp:term":[{"taxonomy":"product_cat","embeddable":true,"href":"https:\/\/www.swissraft.ch\/de\/wp-json\/wp\/v2\/product_cat?post=123941"},{"taxonomy":"product_tag","embeddable":true,"href":"https:\/\/www.swissraft.ch\/de\/wp-json\/wp\/v2\/product_tag?post=123941"}],"curies":[{"name":"wp","href":"https:\/\/api.w.org\/{rel}","templated":true}]}}